{"id":67021,"date":"2017-04-13T12:41:12","date_gmt":"2017-04-13T12:41:12","guid":{"rendered":"https:\/\/www.erresse-shop.it\/shop\/non%20class\u00e9\/seletti-maman-lampadario-14-luci-a-led-con-lampadine-dimmerabili-trasparenti\/"},"modified":"2025-01-13T14:40:24","modified_gmt":"2025-01-13T14:40:24","slug":"seletti-maman-lampadario-14-luci-a-led-con-lampadine-dimmerabili-trasparenti","status":"publish","type":"product","link":"https:\/\/www.erresse-shop.it\/fr\/shop\/ameublement-maison\/lampes\/seletti-maman-lampadario-14-luci-a-led-con-lampadine-dimmerabili-trasparenti\/","title":{"rendered":"SELETTI MAMAN Lampadario 14 Luci a Led con Lampadine Dimmerabili Trasparenti"},"content":{"rendered":"<p>MAMAN de Seletti est un lustre compos\u00e9 d&#8217;une rosette et de 14 c\u00e2bles en silicone avec le m\u00eame nombre de lampes \u00e0 chaque extr\u00e9mit\u00e9.<\/p>\n<p>Produit : Lustre de plafond<br \/>\nConcepteur : Design Selab<br \/>\nMat\u00e9riel : Silicone &#8211; Plastique &#8211; M\u00e9tal<br \/>\nCaract\u00e9ristiques : Ampoules transparentes &#8211; Kit de montage inclus &#8211; Gradable &#8211; Utilisation interne<br \/>\nDimensions : n. 14 c\u00e2bles de mt. 4 &#8211; Ampoule : 14 x LED E27 &#8211; 2 W ampoule simple &#8211; 2912 lumen total &#8211; lumi\u00e8re chaude &#8211; 230V &#8211; 50HZ<\/p>\n","protected":false},"excerpt":{"rendered":"<p>MAMAN de Seletti est un lustre compos\u00e9 d&#8217;une rosette et de 14 c\u00e2bles en silicone avec le m\u00eame nombre de<\/p>\n","protected":false},"featured_media":67022,"template":"","meta":{"_acf_changed":false,"inline_featured_image":false},"product_cat":[12738,12741],"product_tag":[25021,13142,13333,13159],"acf":[],"yoast_head":"<!-- This site is optimized with the Yoast SEO Premium plugin v18.6 (Yoast SEO v19.13) - https:\/\/yoast.com\/wordpress\/plugins\/seo\/ -->\n<title>SELETTI MAMAN Lampadario 14 Luci a Led con Lampadine Dimmerabili Trasparenti<\/title>\n<meta name=\"description\" content=\"D\u00e9couvrez SELETTI MAMAN Lampadario 14 Luci a Led con Lampadine Dimmerabili Trasparenti sur ErresseShop. Qualit\u00e9, prix r\u00e9duits et achat s\u00e9curis\u00e9 \u2013 commandez d\u00e8s maintenant en ligne !\" \/>\n<meta name=\"robots\" content=\"index, follow, max-snippet:-1, max-image-preview:large, max-video-preview:-1\" \/>\n<link rel=\"canonical\" href=\"https:\/\/www.erresse-shop.it\/fr\/shop\/ameublement-maison\/lampes\/seletti-maman-lampadario-14-luci-a-led-con-lampadine-dimmerabili-trasparenti\/\" \/>\n<meta property=\"og:locale\" content=\"fr_FR\" \/>\n<meta property=\"og:type\" content=\"article\" \/>\n<meta property=\"og:title\" content=\"SELETTI MAMAN Lampadario 14 Luci a Led con Lampadine Dimmerabili Trasparenti\" \/>\n<meta property=\"og:description\" content=\"D\u00e9couvrez SELETTI MAMAN Lampadario 14 Luci a Led con Lampadine Dimmerabili Trasparenti sur ErresseShop. Qualit\u00e9, prix r\u00e9duits et achat s\u00e9curis\u00e9 \u2013 commandez d\u00e8s maintenant en ligne !\" \/>\n<meta property=\"og:url\" content=\"https:\/\/www.erresse-shop.it\/fr\/shop\/ameublement-maison\/lampes\/seletti-maman-lampadario-14-luci-a-led-con-lampadine-dimmerabili-trasparenti\/\" \/>\n<meta property=\"og:site_name\" content=\"Erresse Shop\" \/>\n<meta property=\"article:modified_time\" content=\"2025-01-13T14:40:24+00:00\" \/>\n<meta property=\"og:image\" content=\"https:\/\/www.erresse-shop.it\/wp-content\/uploads\/2017\/04\/products-07747-tra.jpg\" \/>\n\t<meta property=\"og:image:width\" content=\"500\" \/>\n\t<meta property=\"og:image:height\" content=\"417\" \/>\n\t<meta property=\"og:image:type\" content=\"image\/jpeg\" \/>\n<meta name=\"twitter:card\" content=\"summary_large_image\" \/>\n<script type=\"application\/ld+json\" class=\"yoast-schema-graph\">{\"@context\":\"https:\/\/schema.org\",\"@graph\":[{\"@type\":\"WebPage\",\"@id\":\"https:\/\/www.erresse-shop.it\/fr\/shop\/ameublement-maison\/lampes\/seletti-maman-lampadario-14-luci-a-led-con-lampadine-dimmerabili-trasparenti\/\",\"url\":\"https:\/\/www.erresse-shop.it\/fr\/shop\/ameublement-maison\/lampes\/seletti-maman-lampadario-14-luci-a-led-con-lampadine-dimmerabili-trasparenti\/\",\"name\":\"SELETTI MAMAN Lampadario 14 Luci a Led con Lampadine Dimmerabili Trasparenti\",\"isPartOf\":{\"@id\":\"https:\/\/www.erresse-shop.it\/fr\/#website\"},\"datePublished\":\"2017-04-13T12:41:12+00:00\",\"dateModified\":\"2025-01-13T14:40:24+00:00\",\"description\":\"D\u00e9couvrez SELETTI MAMAN Lampadario 14 Luci a Led con Lampadine Dimmerabili Trasparenti sur ErresseShop. Qualit\u00e9, prix r\u00e9duits et achat s\u00e9curis\u00e9 \u2013 commandez d\u00e8s maintenant en ligne !\",\"breadcrumb\":{\"@id\":\"https:\/\/www.erresse-shop.it\/fr\/shop\/ameublement-maison\/lampes\/seletti-maman-lampadario-14-luci-a-led-con-lampadine-dimmerabili-trasparenti\/#breadcrumb\"},\"inLanguage\":\"fr-FR\",\"potentialAction\":[{\"@type\":\"ReadAction\",\"target\":[\"https:\/\/www.erresse-shop.it\/fr\/shop\/ameublement-maison\/lampes\/seletti-maman-lampadario-14-luci-a-led-con-lampadine-dimmerabili-trasparenti\/\"]}]},{\"@type\":\"BreadcrumbList\",\"@id\":\"https:\/\/www.erresse-shop.it\/fr\/shop\/ameublement-maison\/lampes\/seletti-maman-lampadario-14-luci-a-led-con-lampadine-dimmerabili-trasparenti\/#breadcrumb\",\"itemListElement\":[{\"@type\":\"ListItem\",\"position\":1,\"name\":\"Home\",\"item\":\"https:\/\/www.erresse-shop.it\/fr\/\"},{\"@type\":\"ListItem\",\"position\":2,\"name\":\"Shop\",\"item\":\"https:\/\/www.erresse-shop.it\/fr\/shop\/\"},{\"@type\":\"ListItem\",\"position\":3,\"name\":\"SELETTI MAMAN Lampadario 14 Luci a Led con Lampadine Dimmerabili Trasparenti\"}]},{\"@type\":\"WebSite\",\"@id\":\"https:\/\/www.erresse-shop.it\/fr\/#website\",\"url\":\"https:\/\/www.erresse-shop.it\/fr\/\",\"name\":\"Erresse Shop\",\"description\":\"Articoli di qualit\u00e0 per la casa\",\"potentialAction\":[{\"@type\":\"SearchAction\",\"target\":{\"@type\":\"EntryPoint\",\"urlTemplate\":\"https:\/\/www.erresse-shop.it\/fr\/?s={search_term_string}\"},\"query-input\":\"required name=search_term_string\"}],\"inLanguage\":\"fr-FR\"}]}<\/script>\n<!-- \/ Yoast SEO Premium plugin. -->","yoast_head_json":{"title":"SELETTI MAMAN Lampadario 14 Luci a Led con Lampadine Dimmerabili Trasparenti","description":"D\u00e9couvrez SELETTI MAMAN Lampadario 14 Luci a Led con Lampadine Dimmerabili Trasparenti sur ErresseShop. Qualit\u00e9, prix r\u00e9duits et achat s\u00e9curis\u00e9 \u2013 commandez d\u00e8s maintenant en ligne !","robots":{"index":"index","follow":"follow","max-snippet":"max-snippet:-1","max-image-preview":"max-image-preview:large","max-video-preview":"max-video-preview:-1"},"canonical":"https:\/\/www.erresse-shop.it\/fr\/shop\/ameublement-maison\/lampes\/seletti-maman-lampadario-14-luci-a-led-con-lampadine-dimmerabili-trasparenti\/","og_locale":"fr_FR","og_type":"article","og_title":"SELETTI MAMAN Lampadario 14 Luci a Led con Lampadine Dimmerabili Trasparenti","og_description":"D\u00e9couvrez SELETTI MAMAN Lampadario 14 Luci a Led con Lampadine Dimmerabili Trasparenti sur ErresseShop. Qualit\u00e9, prix r\u00e9duits et achat s\u00e9curis\u00e9 \u2013 commandez d\u00e8s maintenant en ligne !","og_url":"https:\/\/www.erresse-shop.it\/fr\/shop\/ameublement-maison\/lampes\/seletti-maman-lampadario-14-luci-a-led-con-lampadine-dimmerabili-trasparenti\/","og_site_name":"Erresse Shop","article_modified_time":"2025-01-13T14:40:24+00:00","og_image":[{"width":500,"height":417,"url":"https:\/\/www.erresse-shop.it\/wp-content\/uploads\/2017\/04\/products-07747-tra.jpg","type":"image\/jpeg"}],"twitter_card":"summary_large_image","schema":{"@context":"https:\/\/schema.org","@graph":[{"@type":"WebPage","@id":"https:\/\/www.erresse-shop.it\/fr\/shop\/ameublement-maison\/lampes\/seletti-maman-lampadario-14-luci-a-led-con-lampadine-dimmerabili-trasparenti\/","url":"https:\/\/www.erresse-shop.it\/fr\/shop\/ameublement-maison\/lampes\/seletti-maman-lampadario-14-luci-a-led-con-lampadine-dimmerabili-trasparenti\/","name":"SELETTI MAMAN Lampadario 14 Luci a Led con Lampadine Dimmerabili Trasparenti","isPartOf":{"@id":"https:\/\/www.erresse-shop.it\/fr\/#website"},"datePublished":"2017-04-13T12:41:12+00:00","dateModified":"2025-01-13T14:40:24+00:00","description":"D\u00e9couvrez SELETTI MAMAN Lampadario 14 Luci a Led con Lampadine Dimmerabili Trasparenti sur ErresseShop. Qualit\u00e9, prix r\u00e9duits et achat s\u00e9curis\u00e9 \u2013 commandez d\u00e8s maintenant en ligne !","breadcrumb":{"@id":"https:\/\/www.erresse-shop.it\/fr\/shop\/ameublement-maison\/lampes\/seletti-maman-lampadario-14-luci-a-led-con-lampadine-dimmerabili-trasparenti\/#breadcrumb"},"inLanguage":"fr-FR","potentialAction":[{"@type":"ReadAction","target":["https:\/\/www.erresse-shop.it\/fr\/shop\/ameublement-maison\/lampes\/seletti-maman-lampadario-14-luci-a-led-con-lampadine-dimmerabili-trasparenti\/"]}]},{"@type":"BreadcrumbList","@id":"https:\/\/www.erresse-shop.it\/fr\/shop\/ameublement-maison\/lampes\/seletti-maman-lampadario-14-luci-a-led-con-lampadine-dimmerabili-trasparenti\/#breadcrumb","itemListElement":[{"@type":"ListItem","position":1,"name":"Home","item":"https:\/\/www.erresse-shop.it\/fr\/"},{"@type":"ListItem","position":2,"name":"Shop","item":"https:\/\/www.erresse-shop.it\/fr\/shop\/"},{"@type":"ListItem","position":3,"name":"SELETTI MAMAN Lampadario 14 Luci a Led con Lampadine Dimmerabili Trasparenti"}]},{"@type":"WebSite","@id":"https:\/\/www.erresse-shop.it\/fr\/#website","url":"https:\/\/www.erresse-shop.it\/fr\/","name":"Erresse Shop","description":"Articoli di qualit\u00e0 per la casa","potentialAction":[{"@type":"SearchAction","target":{"@type":"EntryPoint","urlTemplate":"https:\/\/www.erresse-shop.it\/fr\/?s={search_term_string}"},"query-input":"required name=search_term_string"}],"inLanguage":"fr-FR"}]}},"df_price":247.5,"df_sale_price":247.5,"df_regular_price":550,"df_image_link":"https:\/\/www.erresse-shop.it\/wp-content\/uploads\/2017\/04\/products-07747-tra-300x250.jpg","_links":{"self":[{"href":"https:\/\/www.erresse-shop.it\/fr\/wp-json\/wp\/v2\/product\/67021"}],"collection":[{"href":"https:\/\/www.erresse-shop.it\/fr\/wp-json\/wp\/v2\/product"}],"about":[{"href":"https:\/\/www.erresse-shop.it\/fr\/wp-json\/wp\/v2\/types\/product"}],"wp:featuredmedia":[{"embeddable":true,"href":"https:\/\/www.erresse-shop.it\/fr\/wp-json\/wp\/v2\/media\/67022"}],"wp:attachment":[{"href":"https:\/\/www.erresse-shop.it\/fr\/wp-json\/wp\/v2\/media?parent=67021"}],"wp:term":[{"taxonomy":"product_cat","embeddable":true,"href":"https:\/\/www.erresse-shop.it\/fr\/wp-json\/wp\/v2\/product_cat?post=67021"},{"taxonomy":"product_tag","embeddable":true,"href":"https:\/\/www.erresse-shop.it\/fr\/wp-json\/wp\/v2\/product_tag?post=67021"}],"curies":[{"name":"wp","href":"https:\/\/api.w.org\/{rel}","templated":true}]}}