{"id":66815,"date":"2016-09-23T16:59:15","date_gmt":"2016-09-23T16:59:15","guid":{"rendered":"https:\/\/www.erresse-shop.it\/shop\/non%20class\u00e9\/ruffoni-opus-prima-faitout-30cm\/"},"modified":"2025-01-13T14:39:16","modified_gmt":"2025-01-13T14:39:16","slug":"ruffoni-opus-prima-faitout-30cm","status":"publish","type":"product","link":"https:\/\/www.erresse-shop.it\/fr\/shop\/poeles-pots\/sauteuses-et-faitout\/ruffoni-opus-prima-faitout-30cm\/","title":{"rendered":"RUFFONI Opus Prima Faitout 30 cm"},"content":{"rendered":"<p><strong>OPUS PRIMA.<\/strong><\/p>\n<p>Une ligne d&#8217;objets culinaires extraordinaires r\u00e9sultant de l&#8217;association d&#8217;une technologie d&#8217;avant-garde et d&#8217;un savoir-faire d&#8217;origine mill\u00e9naire encore sauvegard\u00e9 aujourd&#8217;hui par nos ma\u00eetres-artisans.<br \/>\nExcellente diffusion de la chaleur et contr\u00f4le de la temp\u00e9rature gr\u00e2ce \u00e0 la couche massive d&#8217;alliage d&#8217;aluminium \u00e0 l&#8217;int\u00e9rieur des deux couches d&#8217;acier inoxydable pratique et hygi\u00e9nique.<br \/>\nLa finition martel\u00e9e \u00e0 la main, les confortables poign\u00e9es en acier et les magnifiques boutons en laiton argent\u00e9 r\u00e9alis\u00e9s par des ma\u00eetres orf\u00e8vres milanais font de ces po\u00eales de merveilleuses cr\u00e9ations qui tr\u00f4neront sur votre table.<br \/>\nConvient \u00e0 tous les br\u00fbleurs (y compris \u00e0 induction) et peut \u00eatre lav\u00e9 au lave-vaisselle.<\/p>\n<p>Chaque pi\u00e8ce est dot\u00e9e de poign\u00e9es en acier inoxydable et en argent sculpt\u00e9es \u00e0 la main par des orf\u00e8vres milanais, chacune ayant la forme d&#8217;un l\u00e9gume plaqu\u00e9 diff\u00e9rent.<br \/>\nLe fond et l&#8217;ext\u00e9rieur de chaque casserole sont marqu\u00e9s de notre marque pour garantir l&#8217;originalit\u00e9 et l&#8217;authenticit\u00e9 de chaque pi\u00e8ce.<br \/>\nTout en \u00e9tant des \u0153uvres d&#8217;art, ces pi\u00e8ces \u00e0 couper le souffle sont \u00e9galement extr\u00eamement pratiques. Elles m\u00e9ritent une place d&#8217;honneur sur votre table et recevront toujours votre appr\u00e9ciation<\/p>\n","protected":false},"excerpt":{"rendered":"<p>OPUS PRIMA. Une ligne d&#8217;objets culinaires extraordinaires r\u00e9sultant de l&#8217;association d&#8217;une technologie d&#8217;avant-garde et d&#8217;un savoir-faire d&#8217;origine mill\u00e9naire encore sauvegard\u00e9<\/p>\n","protected":false},"featured_media":66816,"template":"","meta":{"_acf_changed":false,"inline_featured_image":false},"product_cat":[12458,14797],"product_tag":[25026,13284,25021,12461,12465,24680,12856,13299,13178,12468],"acf":[],"yoast_head":"<!-- This site is optimized with the Yoast SEO Premium plugin v18.6 (Yoast SEO v19.13) - https:\/\/yoast.com\/wordpress\/plugins\/seo\/ -->\n<title>RUFFONI Opus Prima Faitout 30 cm<\/title>\n<meta name=\"description\" content=\"D\u00e9couvrez RUFFONI Opus Prima Faitout 30 cm sur ErresseShop. Qualit\u00e9, prix r\u00e9duits et achat s\u00e9curis\u00e9 \u2013 commandez d\u00e8s maintenant en ligne !\" \/>\n<meta name=\"robots\" content=\"index, follow, max-snippet:-1, max-image-preview:large, max-video-preview:-1\" \/>\n<link rel=\"canonical\" href=\"https:\/\/www.erresse-shop.it\/fr\/shop\/poeles-pots\/sauteuses-et-faitout\/ruffoni-opus-prima-faitout-30cm\/\" \/>\n<meta property=\"og:locale\" content=\"fr_FR\" \/>\n<meta property=\"og:type\" content=\"article\" \/>\n<meta property=\"og:title\" content=\"RUFFONI Opus Prima Faitout 30 cm\" \/>\n<meta property=\"og:description\" content=\"D\u00e9couvrez RUFFONI Opus Prima Faitout 30 cm sur ErresseShop. Qualit\u00e9, prix r\u00e9duits et achat s\u00e9curis\u00e9 \u2013 commandez d\u00e8s maintenant en ligne !\" \/>\n<meta property=\"og:url\" content=\"https:\/\/www.erresse-shop.it\/fr\/shop\/poeles-pots\/sauteuses-et-faitout\/ruffoni-opus-prima-faitout-30cm\/\" \/>\n<meta property=\"og:site_name\" content=\"Erresse Shop\" \/>\n<meta property=\"article:modified_time\" content=\"2025-01-13T14:39:16+00:00\" \/>\n<meta property=\"og:image\" content=\"https:\/\/www.erresse-shop.it\/wp-content\/uploads\/2016\/09\/products-Opus-Prima-F30.jpg\" \/>\n\t<meta property=\"og:image:width\" content=\"1600\" \/>\n\t<meta property=\"og:image:height\" content=\"891\" \/>\n\t<meta property=\"og:image:type\" content=\"image\/jpeg\" \/>\n<meta name=\"twitter:card\" content=\"summary_large_image\" \/>\n<script type=\"application\/ld+json\" class=\"yoast-schema-graph\">{\"@context\":\"https:\/\/schema.org\",\"@graph\":[{\"@type\":\"WebPage\",\"@id\":\"https:\/\/www.erresse-shop.it\/fr\/shop\/poeles-pots\/sauteuses-et-faitout\/ruffoni-opus-prima-faitout-30cm\/\",\"url\":\"https:\/\/www.erresse-shop.it\/fr\/shop\/poeles-pots\/sauteuses-et-faitout\/ruffoni-opus-prima-faitout-30cm\/\",\"name\":\"RUFFONI Opus Prima Faitout 30 cm\",\"isPartOf\":{\"@id\":\"https:\/\/www.erresse-shop.it\/fr\/#website\"},\"datePublished\":\"2016-09-23T16:59:15+00:00\",\"dateModified\":\"2025-01-13T14:39:16+00:00\",\"description\":\"D\u00e9couvrez RUFFONI Opus Prima Faitout 30 cm sur ErresseShop. Qualit\u00e9, prix r\u00e9duits et achat s\u00e9curis\u00e9 \u2013 commandez d\u00e8s maintenant en ligne !\",\"breadcrumb\":{\"@id\":\"https:\/\/www.erresse-shop.it\/fr\/shop\/poeles-pots\/sauteuses-et-faitout\/ruffoni-opus-prima-faitout-30cm\/#breadcrumb\"},\"inLanguage\":\"fr-FR\",\"potentialAction\":[{\"@type\":\"ReadAction\",\"target\":[\"https:\/\/www.erresse-shop.it\/fr\/shop\/poeles-pots\/sauteuses-et-faitout\/ruffoni-opus-prima-faitout-30cm\/\"]}]},{\"@type\":\"BreadcrumbList\",\"@id\":\"https:\/\/www.erresse-shop.it\/fr\/shop\/poeles-pots\/sauteuses-et-faitout\/ruffoni-opus-prima-faitout-30cm\/#breadcrumb\",\"itemListElement\":[{\"@type\":\"ListItem\",\"position\":1,\"name\":\"Home\",\"item\":\"https:\/\/www.erresse-shop.it\/fr\/\"},{\"@type\":\"ListItem\",\"position\":2,\"name\":\"Shop\",\"item\":\"https:\/\/www.erresse-shop.it\/fr\/shop\/\"},{\"@type\":\"ListItem\",\"position\":3,\"name\":\"RUFFONI Opus Prima Faitout 30 cm\"}]},{\"@type\":\"WebSite\",\"@id\":\"https:\/\/www.erresse-shop.it\/fr\/#website\",\"url\":\"https:\/\/www.erresse-shop.it\/fr\/\",\"name\":\"Erresse Shop\",\"description\":\"Articoli di qualit\u00e0 per la casa\",\"potentialAction\":[{\"@type\":\"SearchAction\",\"target\":{\"@type\":\"EntryPoint\",\"urlTemplate\":\"https:\/\/www.erresse-shop.it\/fr\/?s={search_term_string}\"},\"query-input\":\"required name=search_term_string\"}],\"inLanguage\":\"fr-FR\"}]}<\/script>\n<!-- \/ Yoast SEO Premium plugin. -->","yoast_head_json":{"title":"RUFFONI Opus Prima Faitout 30 cm","description":"D\u00e9couvrez RUFFONI Opus Prima Faitout 30 cm sur ErresseShop. Qualit\u00e9, prix r\u00e9duits et achat s\u00e9curis\u00e9 \u2013 commandez d\u00e8s maintenant en ligne !","robots":{"index":"index","follow":"follow","max-snippet":"max-snippet:-1","max-image-preview":"max-image-preview:large","max-video-preview":"max-video-preview:-1"},"canonical":"https:\/\/www.erresse-shop.it\/fr\/shop\/poeles-pots\/sauteuses-et-faitout\/ruffoni-opus-prima-faitout-30cm\/","og_locale":"fr_FR","og_type":"article","og_title":"RUFFONI Opus Prima Faitout 30 cm","og_description":"D\u00e9couvrez RUFFONI Opus Prima Faitout 30 cm sur ErresseShop. Qualit\u00e9, prix r\u00e9duits et achat s\u00e9curis\u00e9 \u2013 commandez d\u00e8s maintenant en ligne !","og_url":"https:\/\/www.erresse-shop.it\/fr\/shop\/poeles-pots\/sauteuses-et-faitout\/ruffoni-opus-prima-faitout-30cm\/","og_site_name":"Erresse Shop","article_modified_time":"2025-01-13T14:39:16+00:00","og_image":[{"width":1600,"height":891,"url":"https:\/\/www.erresse-shop.it\/wp-content\/uploads\/2016\/09\/products-Opus-Prima-F30.jpg","type":"image\/jpeg"}],"twitter_card":"summary_large_image","schema":{"@context":"https:\/\/schema.org","@graph":[{"@type":"WebPage","@id":"https:\/\/www.erresse-shop.it\/fr\/shop\/poeles-pots\/sauteuses-et-faitout\/ruffoni-opus-prima-faitout-30cm\/","url":"https:\/\/www.erresse-shop.it\/fr\/shop\/poeles-pots\/sauteuses-et-faitout\/ruffoni-opus-prima-faitout-30cm\/","name":"RUFFONI Opus Prima Faitout 30 cm","isPartOf":{"@id":"https:\/\/www.erresse-shop.it\/fr\/#website"},"datePublished":"2016-09-23T16:59:15+00:00","dateModified":"2025-01-13T14:39:16+00:00","description":"D\u00e9couvrez RUFFONI Opus Prima Faitout 30 cm sur ErresseShop. Qualit\u00e9, prix r\u00e9duits et achat s\u00e9curis\u00e9 \u2013 commandez d\u00e8s maintenant en ligne !","breadcrumb":{"@id":"https:\/\/www.erresse-shop.it\/fr\/shop\/poeles-pots\/sauteuses-et-faitout\/ruffoni-opus-prima-faitout-30cm\/#breadcrumb"},"inLanguage":"fr-FR","potentialAction":[{"@type":"ReadAction","target":["https:\/\/www.erresse-shop.it\/fr\/shop\/poeles-pots\/sauteuses-et-faitout\/ruffoni-opus-prima-faitout-30cm\/"]}]},{"@type":"BreadcrumbList","@id":"https:\/\/www.erresse-shop.it\/fr\/shop\/poeles-pots\/sauteuses-et-faitout\/ruffoni-opus-prima-faitout-30cm\/#breadcrumb","itemListElement":[{"@type":"ListItem","position":1,"name":"Home","item":"https:\/\/www.erresse-shop.it\/fr\/"},{"@type":"ListItem","position":2,"name":"Shop","item":"https:\/\/www.erresse-shop.it\/fr\/shop\/"},{"@type":"ListItem","position":3,"name":"RUFFONI Opus Prima Faitout 30 cm"}]},{"@type":"WebSite","@id":"https:\/\/www.erresse-shop.it\/fr\/#website","url":"https:\/\/www.erresse-shop.it\/fr\/","name":"Erresse Shop","description":"Articoli di qualit\u00e0 per la casa","potentialAction":[{"@type":"SearchAction","target":{"@type":"EntryPoint","urlTemplate":"https:\/\/www.erresse-shop.it\/fr\/?s={search_term_string}"},"query-input":"required name=search_term_string"}],"inLanguage":"fr-FR"}]}},"df_price":310,"df_sale_price":310,"df_regular_price":620,"df_image_link":"https:\/\/www.erresse-shop.it\/wp-content\/uploads\/2016\/09\/products-Opus-Prima-F30-300x167.jpg","_links":{"self":[{"href":"https:\/\/www.erresse-shop.it\/fr\/wp-json\/wp\/v2\/product\/66815"}],"collection":[{"href":"https:\/\/www.erresse-shop.it\/fr\/wp-json\/wp\/v2\/product"}],"about":[{"href":"https:\/\/www.erresse-shop.it\/fr\/wp-json\/wp\/v2\/types\/product"}],"wp:featuredmedia":[{"embeddable":true,"href":"https:\/\/www.erresse-shop.it\/fr\/wp-json\/wp\/v2\/media\/66816"}],"wp:attachment":[{"href":"https:\/\/www.erresse-shop.it\/fr\/wp-json\/wp\/v2\/media?parent=66815"}],"wp:term":[{"taxonomy":"product_cat","embeddable":true,"href":"https:\/\/www.erresse-shop.it\/fr\/wp-json\/wp\/v2\/product_cat?post=66815"},{"taxonomy":"product_tag","embeddable":true,"href":"https:\/\/www.erresse-shop.it\/fr\/wp-json\/wp\/v2\/product_tag?post=66815"}],"curies":[{"name":"wp","href":"https:\/\/api.w.org\/{rel}","templated":true}]}}