{"id":66809,"date":"2016-09-23T17:10:16","date_gmt":"2016-09-23T17:10:16","guid":{"rendered":"https:\/\/www.erresse-shop.it\/shop\/non%20class\u00e9\/ruffoni-opus-prima-casserole-1m-16cm\/"},"modified":"2025-01-13T14:39:06","modified_gmt":"2025-01-13T14:39:06","slug":"ruffoni-opus-prima-casserole-1m-16cm","status":"publish","type":"product","link":"https:\/\/www.erresse-shop.it\/fr\/shop\/poeles-pots\/casseroles\/ruffoni-opus-prima-casserole-1m-16cm\/","title":{"rendered":"RUFFONI Opus Prima Casserole 1m 16 cm"},"content":{"rendered":"<p>Cette batterie de cuisine de qualit\u00e9 h\u00e9rit\u00e9e du pass\u00e9 combine des d\u00e9tails artisanaux avec les derni\u00e8res technologies de rev\u00eatement m\u00e9tallique pour garantir des performances de pointe. L&#8217;\u00e9paisseur du cuivre massif permet \u00e0 la chaleur de se propager uniform\u00e9ment dans le fond et sur les c\u00f4t\u00e9s de la casserole, comme l&#8217;exigent les chefs professionnels, tandis que la fine couche interne d&#8217;acier inoxydable en fait un objet \u00e9blouissant, solide, pratique, hygi\u00e9nique et facile \u00e0 nettoyer. Le martelage, ses poign\u00e9es rivet\u00e9es en acier inoxydable sp\u00e9cialement con\u00e7ues, les boutons d\u00e9licatement d\u00e9cor\u00e9s en font une ligne magnifique, qui prendra de la valeur avec le temps et donnera une connotation parfaite \u00e0 votre service du feu \u00e0 la table. A utiliser dans le four et sur tout \u00e9l\u00e9ment chauffant (sauf induction).<\/p>\n","protected":false},"excerpt":{"rendered":"<p>Cette batterie de cuisine de qualit\u00e9 h\u00e9rit\u00e9e du pass\u00e9 combine des d\u00e9tails artisanaux avec les derni\u00e8res technologies de rev\u00eatement m\u00e9tallique<\/p>\n","protected":false},"featured_media":66810,"template":"","meta":{"_acf_changed":false,"inline_featured_image":false},"product_cat":[12458,14777],"product_tag":[13284,12461,12465,24680,12856,13299,13178,12468],"acf":[],"yoast_head":"<!-- This site is optimized with the Yoast SEO Premium plugin v18.6 (Yoast SEO v19.13) - https:\/\/yoast.com\/wordpress\/plugins\/seo\/ -->\n<title>RUFFONI Opus Prima Casserole 1m 16 cm<\/title>\n<meta name=\"description\" content=\"D\u00e9couvrez RUFFONI Opus Prima Casserole 1m 16 cm sur ErresseShop. Qualit\u00e9, prix r\u00e9duits et achat s\u00e9curis\u00e9 \u2013 commandez d\u00e8s maintenant en ligne !\" \/>\n<meta name=\"robots\" content=\"index, follow, max-snippet:-1, max-image-preview:large, max-video-preview:-1\" \/>\n<link rel=\"canonical\" href=\"https:\/\/www.erresse-shop.it\/fr\/shop\/poeles-pots\/casseroles\/ruffoni-opus-prima-casserole-1m-16cm\/\" \/>\n<meta property=\"og:locale\" content=\"fr_FR\" \/>\n<meta property=\"og:type\" content=\"article\" \/>\n<meta property=\"og:title\" content=\"RUFFONI Opus Prima Casserole 1m 16 cm\" \/>\n<meta property=\"og:description\" content=\"D\u00e9couvrez RUFFONI Opus Prima Casserole 1m 16 cm sur ErresseShop. Qualit\u00e9, prix r\u00e9duits et achat s\u00e9curis\u00e9 \u2013 commandez d\u00e8s maintenant en ligne !\" \/>\n<meta property=\"og:url\" content=\"https:\/\/www.erresse-shop.it\/fr\/shop\/poeles-pots\/casseroles\/ruffoni-opus-prima-casserole-1m-16cm\/\" \/>\n<meta property=\"og:site_name\" content=\"Erresse Shop\" \/>\n<meta property=\"article:modified_time\" content=\"2025-01-13T14:39:06+00:00\" \/>\n<meta property=\"og:image\" content=\"https:\/\/www.erresse-shop.it\/wp-content\/uploads\/2016\/09\/products-Opus-Prima-L16.jpg\" \/>\n\t<meta property=\"og:image:width\" content=\"1600\" \/>\n\t<meta property=\"og:image:height\" content=\"1180\" \/>\n\t<meta property=\"og:image:type\" content=\"image\/jpeg\" \/>\n<meta name=\"twitter:card\" content=\"summary_large_image\" \/>\n<script type=\"application\/ld+json\" class=\"yoast-schema-graph\">{\"@context\":\"https:\/\/schema.org\",\"@graph\":[{\"@type\":\"WebPage\",\"@id\":\"https:\/\/www.erresse-shop.it\/fr\/shop\/poeles-pots\/casseroles\/ruffoni-opus-prima-casserole-1m-16cm\/\",\"url\":\"https:\/\/www.erresse-shop.it\/fr\/shop\/poeles-pots\/casseroles\/ruffoni-opus-prima-casserole-1m-16cm\/\",\"name\":\"RUFFONI Opus Prima Casserole 1m 16 cm\",\"isPartOf\":{\"@id\":\"https:\/\/www.erresse-shop.it\/fr\/#website\"},\"datePublished\":\"2016-09-23T17:10:16+00:00\",\"dateModified\":\"2025-01-13T14:39:06+00:00\",\"description\":\"D\u00e9couvrez RUFFONI Opus Prima Casserole 1m 16 cm sur ErresseShop. Qualit\u00e9, prix r\u00e9duits et achat s\u00e9curis\u00e9 \u2013 commandez d\u00e8s maintenant en ligne !\",\"breadcrumb\":{\"@id\":\"https:\/\/www.erresse-shop.it\/fr\/shop\/poeles-pots\/casseroles\/ruffoni-opus-prima-casserole-1m-16cm\/#breadcrumb\"},\"inLanguage\":\"fr-FR\",\"potentialAction\":[{\"@type\":\"ReadAction\",\"target\":[\"https:\/\/www.erresse-shop.it\/fr\/shop\/poeles-pots\/casseroles\/ruffoni-opus-prima-casserole-1m-16cm\/\"]}]},{\"@type\":\"BreadcrumbList\",\"@id\":\"https:\/\/www.erresse-shop.it\/fr\/shop\/poeles-pots\/casseroles\/ruffoni-opus-prima-casserole-1m-16cm\/#breadcrumb\",\"itemListElement\":[{\"@type\":\"ListItem\",\"position\":1,\"name\":\"Home\",\"item\":\"https:\/\/www.erresse-shop.it\/fr\/\"},{\"@type\":\"ListItem\",\"position\":2,\"name\":\"Shop\",\"item\":\"https:\/\/www.erresse-shop.it\/fr\/shop\/\"},{\"@type\":\"ListItem\",\"position\":3,\"name\":\"RUFFONI Opus Prima Casserole 1m 16 cm\"}]},{\"@type\":\"WebSite\",\"@id\":\"https:\/\/www.erresse-shop.it\/fr\/#website\",\"url\":\"https:\/\/www.erresse-shop.it\/fr\/\",\"name\":\"Erresse Shop\",\"description\":\"Articoli di qualit\u00e0 per la casa\",\"potentialAction\":[{\"@type\":\"SearchAction\",\"target\":{\"@type\":\"EntryPoint\",\"urlTemplate\":\"https:\/\/www.erresse-shop.it\/fr\/?s={search_term_string}\"},\"query-input\":\"required name=search_term_string\"}],\"inLanguage\":\"fr-FR\"}]}<\/script>\n<!-- \/ Yoast SEO Premium plugin. -->","yoast_head_json":{"title":"RUFFONI Opus Prima Casserole 1m 16 cm","description":"D\u00e9couvrez RUFFONI Opus Prima Casserole 1m 16 cm sur ErresseShop. Qualit\u00e9, prix r\u00e9duits et achat s\u00e9curis\u00e9 \u2013 commandez d\u00e8s maintenant en ligne !","robots":{"index":"index","follow":"follow","max-snippet":"max-snippet:-1","max-image-preview":"max-image-preview:large","max-video-preview":"max-video-preview:-1"},"canonical":"https:\/\/www.erresse-shop.it\/fr\/shop\/poeles-pots\/casseroles\/ruffoni-opus-prima-casserole-1m-16cm\/","og_locale":"fr_FR","og_type":"article","og_title":"RUFFONI Opus Prima Casserole 1m 16 cm","og_description":"D\u00e9couvrez RUFFONI Opus Prima Casserole 1m 16 cm sur ErresseShop. Qualit\u00e9, prix r\u00e9duits et achat s\u00e9curis\u00e9 \u2013 commandez d\u00e8s maintenant en ligne !","og_url":"https:\/\/www.erresse-shop.it\/fr\/shop\/poeles-pots\/casseroles\/ruffoni-opus-prima-casserole-1m-16cm\/","og_site_name":"Erresse Shop","article_modified_time":"2025-01-13T14:39:06+00:00","og_image":[{"width":1600,"height":1180,"url":"https:\/\/www.erresse-shop.it\/wp-content\/uploads\/2016\/09\/products-Opus-Prima-L16.jpg","type":"image\/jpeg"}],"twitter_card":"summary_large_image","schema":{"@context":"https:\/\/schema.org","@graph":[{"@type":"WebPage","@id":"https:\/\/www.erresse-shop.it\/fr\/shop\/poeles-pots\/casseroles\/ruffoni-opus-prima-casserole-1m-16cm\/","url":"https:\/\/www.erresse-shop.it\/fr\/shop\/poeles-pots\/casseroles\/ruffoni-opus-prima-casserole-1m-16cm\/","name":"RUFFONI Opus Prima Casserole 1m 16 cm","isPartOf":{"@id":"https:\/\/www.erresse-shop.it\/fr\/#website"},"datePublished":"2016-09-23T17:10:16+00:00","dateModified":"2025-01-13T14:39:06+00:00","description":"D\u00e9couvrez RUFFONI Opus Prima Casserole 1m 16 cm sur ErresseShop. Qualit\u00e9, prix r\u00e9duits et achat s\u00e9curis\u00e9 \u2013 commandez d\u00e8s maintenant en ligne !","breadcrumb":{"@id":"https:\/\/www.erresse-shop.it\/fr\/shop\/poeles-pots\/casseroles\/ruffoni-opus-prima-casserole-1m-16cm\/#breadcrumb"},"inLanguage":"fr-FR","potentialAction":[{"@type":"ReadAction","target":["https:\/\/www.erresse-shop.it\/fr\/shop\/poeles-pots\/casseroles\/ruffoni-opus-prima-casserole-1m-16cm\/"]}]},{"@type":"BreadcrumbList","@id":"https:\/\/www.erresse-shop.it\/fr\/shop\/poeles-pots\/casseroles\/ruffoni-opus-prima-casserole-1m-16cm\/#breadcrumb","itemListElement":[{"@type":"ListItem","position":1,"name":"Home","item":"https:\/\/www.erresse-shop.it\/fr\/"},{"@type":"ListItem","position":2,"name":"Shop","item":"https:\/\/www.erresse-shop.it\/fr\/shop\/"},{"@type":"ListItem","position":3,"name":"RUFFONI Opus Prima Casserole 1m 16 cm"}]},{"@type":"WebSite","@id":"https:\/\/www.erresse-shop.it\/fr\/#website","url":"https:\/\/www.erresse-shop.it\/fr\/","name":"Erresse Shop","description":"Articoli di qualit\u00e0 per la casa","potentialAction":[{"@type":"SearchAction","target":{"@type":"EntryPoint","urlTemplate":"https:\/\/www.erresse-shop.it\/fr\/?s={search_term_string}"},"query-input":"required name=search_term_string"}],"inLanguage":"fr-FR"}]}},"df_price":159,"df_sale_price":159,"df_regular_price":318,"df_image_link":"https:\/\/www.erresse-shop.it\/wp-content\/uploads\/2016\/09\/products-Opus-Prima-L16-300x221.jpg","_links":{"self":[{"href":"https:\/\/www.erresse-shop.it\/fr\/wp-json\/wp\/v2\/product\/66809"}],"collection":[{"href":"https:\/\/www.erresse-shop.it\/fr\/wp-json\/wp\/v2\/product"}],"about":[{"href":"https:\/\/www.erresse-shop.it\/fr\/wp-json\/wp\/v2\/types\/product"}],"wp:featuredmedia":[{"embeddable":true,"href":"https:\/\/www.erresse-shop.it\/fr\/wp-json\/wp\/v2\/media\/66810"}],"wp:attachment":[{"href":"https:\/\/www.erresse-shop.it\/fr\/wp-json\/wp\/v2\/media?parent=66809"}],"wp:term":[{"taxonomy":"product_cat","embeddable":true,"href":"https:\/\/www.erresse-shop.it\/fr\/wp-json\/wp\/v2\/product_cat?post=66809"},{"taxonomy":"product_tag","embeddable":true,"href":"https:\/\/www.erresse-shop.it\/fr\/wp-json\/wp\/v2\/product_tag?post=66809"}],"curies":[{"name":"wp","href":"https:\/\/api.w.org\/{rel}","templated":true}]}}