{"id":66712,"date":"2017-04-26T16:52:35","date_gmt":"2017-04-26T16:52:35","guid":{"rendered":"https:\/\/www.erresse-shop.it\/shop\/non%20class\u00e9\/ruffoni-historia-decor-poele-du-chef-26cm\/"},"modified":"2025-01-13T14:37:44","modified_gmt":"2025-01-13T14:37:44","slug":"ruffoni-historia-decor-poele-du-chef-26cm","status":"publish","type":"product","link":"https:\/\/www.erresse-shop.it\/fr\/shop\/poeles-pots\/poeles\/ruffoni-historia-decor-poele-du-chef-26cm\/","title":{"rendered":"RUFFONI Historia Decor Po\u00eale du Chef 26 cm"},"content":{"rendered":"<p>Les l\u00e9gendaires ustensiles de cuisine en cuivre martel\u00e9 doubl\u00e9s d&#8217;\u00e9tain avec lesquels nous revivons des si\u00e8cles d&#8217;histoire, d&#8217;exp\u00e9rience et de traditions. Martel\u00e9s \u00e0 partir d&#8217;une seule feuille de cuivre dans l&#8217;atelier de la famille Ruffoni dans les Alpes italiennes, ces ustensiles de cuisine assurent une conductivit\u00e9 thermique et un contr\u00f4le de la temp\u00e9rature maximum. L&#8217;int\u00e9rieur est rev\u00eatu \u00e0 la main sur le feu d&#8217;un \u00e9tain pur, durable et non r\u00e9actif. Les poign\u00e9es et les boutons de couvercle rivet\u00e9s en bronze d\u00e9cor\u00e9 et coul\u00e9 \u00e0 la main ajoutent une touche de couronnement \u00e0 la qualit\u00e9 unique de ces objets. Recommand\u00e9 pour la cuisson sur la cuisini\u00e8re \u00e0 gaz ou au four et pour une pr\u00e9sentation \u00e9tonnante \u00e0 table.<\/p>\n","protected":false},"excerpt":{"rendered":"<p>Les l\u00e9gendaires ustensiles de cuisine en cuivre martel\u00e9 doubl\u00e9s d&#8217;\u00e9tain avec lesquels nous revivons des si\u00e8cles d&#8217;histoire, d&#8217;exp\u00e9rience et de<\/p>\n","protected":false},"featured_media":66713,"template":"","meta":{"_acf_changed":false,"inline_featured_image":false},"product_cat":[12458,14802],"product_tag":[13284,24680,12856,13178],"acf":[],"yoast_head":"<!-- This site is optimized with the Yoast SEO Premium plugin v18.6 (Yoast SEO v19.13) - https:\/\/yoast.com\/wordpress\/plugins\/seo\/ -->\n<title>RUFFONI Historia Decor Po\u00eale du Chef 26 cm<\/title>\n<meta name=\"description\" content=\"D\u00e9couvrez RUFFONI Historia Decor Po\u00eale du Chef 26 cm sur ErresseShop. Qualit\u00e9, prix r\u00e9duits et achat s\u00e9curis\u00e9 \u2013 commandez d\u00e8s maintenant en ligne !\" \/>\n<meta name=\"robots\" content=\"index, follow, max-snippet:-1, max-image-preview:large, max-video-preview:-1\" \/>\n<link rel=\"canonical\" href=\"https:\/\/www.erresse-shop.it\/fr\/shop\/poeles-pots\/poeles\/ruffoni-historia-decor-poele-du-chef-26cm\/\" \/>\n<meta property=\"og:locale\" content=\"fr_FR\" \/>\n<meta property=\"og:type\" content=\"article\" \/>\n<meta property=\"og:title\" content=\"RUFFONI Historia Decor Po\u00eale du Chef 26 cm\" \/>\n<meta property=\"og:description\" content=\"D\u00e9couvrez RUFFONI Historia Decor Po\u00eale du Chef 26 cm sur ErresseShop. Qualit\u00e9, prix r\u00e9duits et achat s\u00e9curis\u00e9 \u2013 commandez d\u00e8s maintenant en ligne !\" \/>\n<meta property=\"og:url\" content=\"https:\/\/www.erresse-shop.it\/fr\/shop\/poeles-pots\/poeles\/ruffoni-historia-decor-poele-du-chef-26cm\/\" \/>\n<meta property=\"og:site_name\" content=\"Erresse Shop\" \/>\n<meta property=\"article:modified_time\" content=\"2025-01-13T14:37:44+00:00\" \/>\n<meta property=\"og:image\" content=\"https:\/\/www.erresse-shop.it\/wp-content\/uploads\/2017\/04\/products-3231A.jpg\" \/>\n\t<meta property=\"og:image:width\" content=\"1500\" \/>\n\t<meta property=\"og:image:height\" content=\"823\" \/>\n\t<meta property=\"og:image:type\" content=\"image\/jpeg\" \/>\n<meta name=\"twitter:card\" content=\"summary_large_image\" \/>\n<script type=\"application\/ld+json\" class=\"yoast-schema-graph\">{\"@context\":\"https:\/\/schema.org\",\"@graph\":[{\"@type\":\"WebPage\",\"@id\":\"https:\/\/www.erresse-shop.it\/fr\/shop\/poeles-pots\/poeles\/ruffoni-historia-decor-poele-du-chef-26cm\/\",\"url\":\"https:\/\/www.erresse-shop.it\/fr\/shop\/poeles-pots\/poeles\/ruffoni-historia-decor-poele-du-chef-26cm\/\",\"name\":\"RUFFONI Historia Decor Po\u00eale du Chef 26 cm\",\"isPartOf\":{\"@id\":\"https:\/\/www.erresse-shop.it\/fr\/#website\"},\"datePublished\":\"2017-04-26T16:52:35+00:00\",\"dateModified\":\"2025-01-13T14:37:44+00:00\",\"description\":\"D\u00e9couvrez RUFFONI Historia Decor Po\u00eale du Chef 26 cm sur ErresseShop. Qualit\u00e9, prix r\u00e9duits et achat s\u00e9curis\u00e9 \u2013 commandez d\u00e8s maintenant en ligne !\",\"breadcrumb\":{\"@id\":\"https:\/\/www.erresse-shop.it\/fr\/shop\/poeles-pots\/poeles\/ruffoni-historia-decor-poele-du-chef-26cm\/#breadcrumb\"},\"inLanguage\":\"fr-FR\",\"potentialAction\":[{\"@type\":\"ReadAction\",\"target\":[\"https:\/\/www.erresse-shop.it\/fr\/shop\/poeles-pots\/poeles\/ruffoni-historia-decor-poele-du-chef-26cm\/\"]}]},{\"@type\":\"BreadcrumbList\",\"@id\":\"https:\/\/www.erresse-shop.it\/fr\/shop\/poeles-pots\/poeles\/ruffoni-historia-decor-poele-du-chef-26cm\/#breadcrumb\",\"itemListElement\":[{\"@type\":\"ListItem\",\"position\":1,\"name\":\"Home\",\"item\":\"https:\/\/www.erresse-shop.it\/fr\/\"},{\"@type\":\"ListItem\",\"position\":2,\"name\":\"Shop\",\"item\":\"https:\/\/www.erresse-shop.it\/fr\/shop\/\"},{\"@type\":\"ListItem\",\"position\":3,\"name\":\"RUFFONI Historia Decor Po\u00eale du Chef 26 cm\"}]},{\"@type\":\"WebSite\",\"@id\":\"https:\/\/www.erresse-shop.it\/fr\/#website\",\"url\":\"https:\/\/www.erresse-shop.it\/fr\/\",\"name\":\"Erresse Shop\",\"description\":\"Articoli di qualit\u00e0 per la casa\",\"potentialAction\":[{\"@type\":\"SearchAction\",\"target\":{\"@type\":\"EntryPoint\",\"urlTemplate\":\"https:\/\/www.erresse-shop.it\/fr\/?s={search_term_string}\"},\"query-input\":\"required name=search_term_string\"}],\"inLanguage\":\"fr-FR\"}]}<\/script>\n<!-- \/ Yoast SEO Premium plugin. -->","yoast_head_json":{"title":"RUFFONI Historia Decor Po\u00eale du Chef 26 cm","description":"D\u00e9couvrez RUFFONI Historia Decor Po\u00eale du Chef 26 cm sur ErresseShop. Qualit\u00e9, prix r\u00e9duits et achat s\u00e9curis\u00e9 \u2013 commandez d\u00e8s maintenant en ligne !","robots":{"index":"index","follow":"follow","max-snippet":"max-snippet:-1","max-image-preview":"max-image-preview:large","max-video-preview":"max-video-preview:-1"},"canonical":"https:\/\/www.erresse-shop.it\/fr\/shop\/poeles-pots\/poeles\/ruffoni-historia-decor-poele-du-chef-26cm\/","og_locale":"fr_FR","og_type":"article","og_title":"RUFFONI Historia Decor Po\u00eale du Chef 26 cm","og_description":"D\u00e9couvrez RUFFONI Historia Decor Po\u00eale du Chef 26 cm sur ErresseShop. Qualit\u00e9, prix r\u00e9duits et achat s\u00e9curis\u00e9 \u2013 commandez d\u00e8s maintenant en ligne !","og_url":"https:\/\/www.erresse-shop.it\/fr\/shop\/poeles-pots\/poeles\/ruffoni-historia-decor-poele-du-chef-26cm\/","og_site_name":"Erresse Shop","article_modified_time":"2025-01-13T14:37:44+00:00","og_image":[{"width":1500,"height":823,"url":"https:\/\/www.erresse-shop.it\/wp-content\/uploads\/2017\/04\/products-3231A.jpg","type":"image\/jpeg"}],"twitter_card":"summary_large_image","schema":{"@context":"https:\/\/schema.org","@graph":[{"@type":"WebPage","@id":"https:\/\/www.erresse-shop.it\/fr\/shop\/poeles-pots\/poeles\/ruffoni-historia-decor-poele-du-chef-26cm\/","url":"https:\/\/www.erresse-shop.it\/fr\/shop\/poeles-pots\/poeles\/ruffoni-historia-decor-poele-du-chef-26cm\/","name":"RUFFONI Historia Decor Po\u00eale du Chef 26 cm","isPartOf":{"@id":"https:\/\/www.erresse-shop.it\/fr\/#website"},"datePublished":"2017-04-26T16:52:35+00:00","dateModified":"2025-01-13T14:37:44+00:00","description":"D\u00e9couvrez RUFFONI Historia Decor Po\u00eale du Chef 26 cm sur ErresseShop. Qualit\u00e9, prix r\u00e9duits et achat s\u00e9curis\u00e9 \u2013 commandez d\u00e8s maintenant en ligne !","breadcrumb":{"@id":"https:\/\/www.erresse-shop.it\/fr\/shop\/poeles-pots\/poeles\/ruffoni-historia-decor-poele-du-chef-26cm\/#breadcrumb"},"inLanguage":"fr-FR","potentialAction":[{"@type":"ReadAction","target":["https:\/\/www.erresse-shop.it\/fr\/shop\/poeles-pots\/poeles\/ruffoni-historia-decor-poele-du-chef-26cm\/"]}]},{"@type":"BreadcrumbList","@id":"https:\/\/www.erresse-shop.it\/fr\/shop\/poeles-pots\/poeles\/ruffoni-historia-decor-poele-du-chef-26cm\/#breadcrumb","itemListElement":[{"@type":"ListItem","position":1,"name":"Home","item":"https:\/\/www.erresse-shop.it\/fr\/"},{"@type":"ListItem","position":2,"name":"Shop","item":"https:\/\/www.erresse-shop.it\/fr\/shop\/"},{"@type":"ListItem","position":3,"name":"RUFFONI Historia Decor Po\u00eale du Chef 26 cm"}]},{"@type":"WebSite","@id":"https:\/\/www.erresse-shop.it\/fr\/#website","url":"https:\/\/www.erresse-shop.it\/fr\/","name":"Erresse Shop","description":"Articoli di qualit\u00e0 per la casa","potentialAction":[{"@type":"SearchAction","target":{"@type":"EntryPoint","urlTemplate":"https:\/\/www.erresse-shop.it\/fr\/?s={search_term_string}"},"query-input":"required name=search_term_string"}],"inLanguage":"fr-FR"}]}},"df_price":149,"df_sale_price":149,"df_regular_price":298,"df_image_link":"https:\/\/www.erresse-shop.it\/wp-content\/uploads\/2017\/04\/products-3231A-300x165.jpg","_links":{"self":[{"href":"https:\/\/www.erresse-shop.it\/fr\/wp-json\/wp\/v2\/product\/66712"}],"collection":[{"href":"https:\/\/www.erresse-shop.it\/fr\/wp-json\/wp\/v2\/product"}],"about":[{"href":"https:\/\/www.erresse-shop.it\/fr\/wp-json\/wp\/v2\/types\/product"}],"wp:featuredmedia":[{"embeddable":true,"href":"https:\/\/www.erresse-shop.it\/fr\/wp-json\/wp\/v2\/media\/66713"}],"wp:attachment":[{"href":"https:\/\/www.erresse-shop.it\/fr\/wp-json\/wp\/v2\/media?parent=66712"}],"wp:term":[{"taxonomy":"product_cat","embeddable":true,"href":"https:\/\/www.erresse-shop.it\/fr\/wp-json\/wp\/v2\/product_cat?post=66712"},{"taxonomy":"product_tag","embeddable":true,"href":"https:\/\/www.erresse-shop.it\/fr\/wp-json\/wp\/v2\/product_tag?post=66712"}],"curies":[{"name":"wp","href":"https:\/\/api.w.org\/{rel}","templated":true}]}}