{"id":66655,"date":"2017-04-28T09:29:05","date_gmt":"2017-04-28T09:29:05","guid":{"rendered":"https:\/\/www.erresse-shop.it\/shop\/non%20class\u00e9\/ruffoni-cleaner-cuivre-gr-400\/"},"modified":"2025-01-13T14:37:13","modified_gmt":"2025-01-13T14:37:13","slug":"ruffoni-cleaner-cuivre-gr-400","status":"publish","type":"product","link":"https:\/\/www.erresse-shop.it\/fr\/shop\/poeles-pots\/accessoires-fr-3\/ruffoni-cleaner-cuivre-gr-400\/","title":{"rendered":"RUFFONI Cleaner Cuivre gr. 400"},"content":{"rendered":"<p>LA MAINTENANCE INTERNE :<br \/>\nComme pour les autres ustensiles de cuisine, il est conseill\u00e9, lors de la premi\u00e8re utilisation, de porter \u00e0 \u00e9bullition l&#8217;eau en y ajoutant des herbes aromatiques (Sauge, Romarin, Laurier&#8230;) ou des l\u00e9gumes.<br \/>\nPour que la mise en conserve dure longtemps, ne placez pas le r\u00e9cipient sur la flamme sans y verser au pr\u00e9alable un liquide ou une mati\u00e8re grasse.<br \/>\nLa flamme ne doit pas \u00eatre tr\u00e8s \u00e9lev\u00e9e et le liquide dans le r\u00e9cipient ne doit jamais s\u00e9cher compl\u00e8tement.<br \/>\nPour \u00e9viter que l&#8217;\u00e9tamage ne se d\u00e9t\u00e9riore, il faut utiliser des cuill\u00e8res ou des palettes en bois ou en nylon lors du m\u00e9lange.<br \/>\nGr\u00e2ce \u00e0 son haut degr\u00e9 de conductivit\u00e9, la nourriture ne collera pratiquement pas au fond. Pour nettoyer l&#8217;int\u00e9rieur, il suffit donc d&#8217;utiliser de l&#8217;eau chaude et des d\u00e9tergents liquides et savoureux, jamais de substances abrasives.<br \/>\nEn cas de br\u00fblures (caus\u00e9es par une n\u00e9gligence ou une erreur de cuisson), immergez le r\u00e9cipient dans de l&#8217;eau chaude savonneuse et laissez-le tremper le temps n\u00e9cessaire pour d\u00e9tacher les incrustations. Les \u00e9ventuelles taches et souillures de l&#8217;\u00e9tain, caus\u00e9es par des temp\u00e9ratures \u00e9lev\u00e9es ou l&#8217;acidit\u00e9 de certains aliments, n&#8217;affectent pas la parfaite fonctionnalit\u00e9 et l&#8217;hygi\u00e8ne du produit.<\/p>\n<p>LA MAINTENANCE EXTERNE :<br \/>\nPour redonner aux objets expos\u00e9s leur \u00e9clat d&#8217;origine, nous sugg\u00e9rons l&#8217;utilisation d&#8217;un chiffon de polissage pour \u00e9liminer les l\u00e9g\u00e8res oxydations, ou l&#8217;utilisation d&#8217;une cr\u00e8me ou d&#8217;une ouate de polissage pour les oxydations plus tenaces ou pour \u00e9liminer les empreintes sombres.<br \/>\nApr\u00e8s la premi\u00e8re utilisation, les ustensiles de cuisine pr\u00e9sentent des taches irr\u00e9guli\u00e8res qui s&#8217;uniformisent au fil des utilisations ult\u00e9rieures, leur faisant prendre une couleur rouge fonc\u00e9 que le connaisseur appr\u00e9cie et entretient parfois.<br \/>\nPour redonner au cuivre son \u00e9clat d&#8217;origine, vous pouvez utiliser la m\u00e9thode traditionnelle : un chiffon imbib\u00e9 d&#8217;une solution de sel et de vinaigre ou de sel et de citron ; ou plus simplement utiliser le &#8220;Ruffoni Cleaner&#8221;, le surprenant &#8220;Brillametalli&#8221; \u00e0 la formule non toxique et biod\u00e9gradable.<br \/>\nQuelques r\u00e8gles qui deviendront bient\u00f4t une habitude, vous garantiront le parfait entretien de ces splendides objets pendant tr\u00e8s longtemps, en vous assurant les valeurs les plus fascinantes et les plus satisfaisantes de la culture et du palais.<\/p>\n<p><a href=\"https:\/\/www.youtube.com\/watch?v=urxvTclHcHI\" target=\"_blank\" rel=\"noopener\">voir la vid\u00e9o<\/a><\/p>\n","protected":false},"excerpt":{"rendered":"<p>LA MAINTENANCE INTERNE : Comme pour les autres ustensiles de cuisine, il est conseill\u00e9, lors de la premi\u00e8re utilisation, de<\/p>\n","protected":false},"featured_media":66656,"template":"","meta":{"_acf_changed":false,"inline_featured_image":false},"product_cat":[12458,12772],"product_tag":[13296,12856,13297,13298,13299,13286],"acf":[],"yoast_head":"<!-- This site is optimized with the Yoast SEO Premium plugin v18.6 (Yoast SEO v19.13) - https:\/\/yoast.com\/wordpress\/plugins\/seo\/ -->\n<title>RUFFONI Cleaner Cuivre gr. 400<\/title>\n<meta name=\"description\" content=\"D\u00e9couvrez RUFFONI Cleaner Cuivre gr. 400 sur ErresseShop. Qualit\u00e9, prix r\u00e9duits et achat s\u00e9curis\u00e9 \u2013 commandez d\u00e8s maintenant en ligne !\" \/>\n<meta name=\"robots\" content=\"index, follow, max-snippet:-1, max-image-preview:large, max-video-preview:-1\" \/>\n<link rel=\"canonical\" href=\"https:\/\/www.erresse-shop.it\/fr\/shop\/poeles-pots\/accessoires-fr-3\/ruffoni-cleaner-cuivre-gr-400\/\" \/>\n<meta property=\"og:locale\" content=\"fr_FR\" \/>\n<meta property=\"og:type\" content=\"article\" \/>\n<meta property=\"og:title\" content=\"RUFFONI Cleaner Cuivre gr. 400\" \/>\n<meta property=\"og:description\" content=\"D\u00e9couvrez RUFFONI Cleaner Cuivre gr. 400 sur ErresseShop. Qualit\u00e9, prix r\u00e9duits et achat s\u00e9curis\u00e9 \u2013 commandez d\u00e8s maintenant en ligne !\" \/>\n<meta property=\"og:url\" content=\"https:\/\/www.erresse-shop.it\/fr\/shop\/poeles-pots\/accessoires-fr-3\/ruffoni-cleaner-cuivre-gr-400\/\" \/>\n<meta property=\"og:site_name\" content=\"Erresse Shop\" \/>\n<meta property=\"article:modified_time\" content=\"2025-01-13T14:37:13+00:00\" \/>\n<meta property=\"og:image\" content=\"https:\/\/www.erresse-shop.it\/wp-content\/uploads\/2017\/04\/products-Cleaner.jpg\" \/>\n\t<meta property=\"og:image:width\" content=\"650\" \/>\n\t<meta property=\"og:image:height\" content=\"650\" \/>\n\t<meta property=\"og:image:type\" content=\"image\/jpeg\" \/>\n<meta name=\"twitter:card\" content=\"summary_large_image\" \/>\n<script type=\"application\/ld+json\" class=\"yoast-schema-graph\">{\"@context\":\"https:\/\/schema.org\",\"@graph\":[{\"@type\":\"WebPage\",\"@id\":\"https:\/\/www.erresse-shop.it\/fr\/shop\/poeles-pots\/accessoires-fr-3\/ruffoni-cleaner-cuivre-gr-400\/\",\"url\":\"https:\/\/www.erresse-shop.it\/fr\/shop\/poeles-pots\/accessoires-fr-3\/ruffoni-cleaner-cuivre-gr-400\/\",\"name\":\"RUFFONI Cleaner Cuivre gr. 400\",\"isPartOf\":{\"@id\":\"https:\/\/www.erresse-shop.it\/fr\/#website\"},\"datePublished\":\"2017-04-28T09:29:05+00:00\",\"dateModified\":\"2025-01-13T14:37:13+00:00\",\"description\":\"D\u00e9couvrez RUFFONI Cleaner Cuivre gr. 400 sur ErresseShop. Qualit\u00e9, prix r\u00e9duits et achat s\u00e9curis\u00e9 \u2013 commandez d\u00e8s maintenant en ligne !\",\"breadcrumb\":{\"@id\":\"https:\/\/www.erresse-shop.it\/fr\/shop\/poeles-pots\/accessoires-fr-3\/ruffoni-cleaner-cuivre-gr-400\/#breadcrumb\"},\"inLanguage\":\"fr-FR\",\"potentialAction\":[{\"@type\":\"ReadAction\",\"target\":[\"https:\/\/www.erresse-shop.it\/fr\/shop\/poeles-pots\/accessoires-fr-3\/ruffoni-cleaner-cuivre-gr-400\/\"]}]},{\"@type\":\"BreadcrumbList\",\"@id\":\"https:\/\/www.erresse-shop.it\/fr\/shop\/poeles-pots\/accessoires-fr-3\/ruffoni-cleaner-cuivre-gr-400\/#breadcrumb\",\"itemListElement\":[{\"@type\":\"ListItem\",\"position\":1,\"name\":\"Home\",\"item\":\"https:\/\/www.erresse-shop.it\/fr\/\"},{\"@type\":\"ListItem\",\"position\":2,\"name\":\"Shop\",\"item\":\"https:\/\/www.erresse-shop.it\/fr\/shop\/\"},{\"@type\":\"ListItem\",\"position\":3,\"name\":\"RUFFONI Cleaner Cuivre gr. 400\"}]},{\"@type\":\"WebSite\",\"@id\":\"https:\/\/www.erresse-shop.it\/fr\/#website\",\"url\":\"https:\/\/www.erresse-shop.it\/fr\/\",\"name\":\"Erresse Shop\",\"description\":\"Articoli di qualit\u00e0 per la casa\",\"potentialAction\":[{\"@type\":\"SearchAction\",\"target\":{\"@type\":\"EntryPoint\",\"urlTemplate\":\"https:\/\/www.erresse-shop.it\/fr\/?s={search_term_string}\"},\"query-input\":\"required name=search_term_string\"}],\"inLanguage\":\"fr-FR\"}]}<\/script>\n<!-- \/ Yoast SEO Premium plugin. -->","yoast_head_json":{"title":"RUFFONI Cleaner Cuivre gr. 400","description":"D\u00e9couvrez RUFFONI Cleaner Cuivre gr. 400 sur ErresseShop. Qualit\u00e9, prix r\u00e9duits et achat s\u00e9curis\u00e9 \u2013 commandez d\u00e8s maintenant en ligne !","robots":{"index":"index","follow":"follow","max-snippet":"max-snippet:-1","max-image-preview":"max-image-preview:large","max-video-preview":"max-video-preview:-1"},"canonical":"https:\/\/www.erresse-shop.it\/fr\/shop\/poeles-pots\/accessoires-fr-3\/ruffoni-cleaner-cuivre-gr-400\/","og_locale":"fr_FR","og_type":"article","og_title":"RUFFONI Cleaner Cuivre gr. 400","og_description":"D\u00e9couvrez RUFFONI Cleaner Cuivre gr. 400 sur ErresseShop. Qualit\u00e9, prix r\u00e9duits et achat s\u00e9curis\u00e9 \u2013 commandez d\u00e8s maintenant en ligne !","og_url":"https:\/\/www.erresse-shop.it\/fr\/shop\/poeles-pots\/accessoires-fr-3\/ruffoni-cleaner-cuivre-gr-400\/","og_site_name":"Erresse Shop","article_modified_time":"2025-01-13T14:37:13+00:00","og_image":[{"width":650,"height":650,"url":"https:\/\/www.erresse-shop.it\/wp-content\/uploads\/2017\/04\/products-Cleaner.jpg","type":"image\/jpeg"}],"twitter_card":"summary_large_image","schema":{"@context":"https:\/\/schema.org","@graph":[{"@type":"WebPage","@id":"https:\/\/www.erresse-shop.it\/fr\/shop\/poeles-pots\/accessoires-fr-3\/ruffoni-cleaner-cuivre-gr-400\/","url":"https:\/\/www.erresse-shop.it\/fr\/shop\/poeles-pots\/accessoires-fr-3\/ruffoni-cleaner-cuivre-gr-400\/","name":"RUFFONI Cleaner Cuivre gr. 400","isPartOf":{"@id":"https:\/\/www.erresse-shop.it\/fr\/#website"},"datePublished":"2017-04-28T09:29:05+00:00","dateModified":"2025-01-13T14:37:13+00:00","description":"D\u00e9couvrez RUFFONI Cleaner Cuivre gr. 400 sur ErresseShop. Qualit\u00e9, prix r\u00e9duits et achat s\u00e9curis\u00e9 \u2013 commandez d\u00e8s maintenant en ligne !","breadcrumb":{"@id":"https:\/\/www.erresse-shop.it\/fr\/shop\/poeles-pots\/accessoires-fr-3\/ruffoni-cleaner-cuivre-gr-400\/#breadcrumb"},"inLanguage":"fr-FR","potentialAction":[{"@type":"ReadAction","target":["https:\/\/www.erresse-shop.it\/fr\/shop\/poeles-pots\/accessoires-fr-3\/ruffoni-cleaner-cuivre-gr-400\/"]}]},{"@type":"BreadcrumbList","@id":"https:\/\/www.erresse-shop.it\/fr\/shop\/poeles-pots\/accessoires-fr-3\/ruffoni-cleaner-cuivre-gr-400\/#breadcrumb","itemListElement":[{"@type":"ListItem","position":1,"name":"Home","item":"https:\/\/www.erresse-shop.it\/fr\/"},{"@type":"ListItem","position":2,"name":"Shop","item":"https:\/\/www.erresse-shop.it\/fr\/shop\/"},{"@type":"ListItem","position":3,"name":"RUFFONI Cleaner Cuivre gr. 400"}]},{"@type":"WebSite","@id":"https:\/\/www.erresse-shop.it\/fr\/#website","url":"https:\/\/www.erresse-shop.it\/fr\/","name":"Erresse Shop","description":"Articoli di qualit\u00e0 per la casa","potentialAction":[{"@type":"SearchAction","target":{"@type":"EntryPoint","urlTemplate":"https:\/\/www.erresse-shop.it\/fr\/?s={search_term_string}"},"query-input":"required name=search_term_string"}],"inLanguage":"fr-FR"}]}},"df_price":14.95,"df_sale_price":14.95,"df_regular_price":16,"df_image_link":"https:\/\/www.erresse-shop.it\/wp-content\/uploads\/2017\/04\/products-Cleaner-300x300.jpg","_links":{"self":[{"href":"https:\/\/www.erresse-shop.it\/fr\/wp-json\/wp\/v2\/product\/66655"}],"collection":[{"href":"https:\/\/www.erresse-shop.it\/fr\/wp-json\/wp\/v2\/product"}],"about":[{"href":"https:\/\/www.erresse-shop.it\/fr\/wp-json\/wp\/v2\/types\/product"}],"wp:featuredmedia":[{"embeddable":true,"href":"https:\/\/www.erresse-shop.it\/fr\/wp-json\/wp\/v2\/media\/66656"}],"wp:attachment":[{"href":"https:\/\/www.erresse-shop.it\/fr\/wp-json\/wp\/v2\/media?parent=66655"}],"wp:term":[{"taxonomy":"product_cat","embeddable":true,"href":"https:\/\/www.erresse-shop.it\/fr\/wp-json\/wp\/v2\/product_cat?post=66655"},{"taxonomy":"product_tag","embeddable":true,"href":"https:\/\/www.erresse-shop.it\/fr\/wp-json\/wp\/v2\/product_tag?post=66655"}],"curies":[{"name":"wp","href":"https:\/\/api.w.org\/{rel}","templated":true}]}}