{"id":66532,"date":"2012-02-14T23:47:17","date_gmt":"2012-02-14T23:47:17","guid":{"rendered":"https:\/\/www.erresse-shop.it\/?post_type=product&#038;p=66532"},"modified":"2025-03-11T11:30:18","modified_gmt":"2025-03-11T11:30:18","slug":"staub-mouliere-25cm-noir","status":"publish","type":"product","link":"https:\/\/www.erresse-shop.it\/fr\/shop\/poeles-pots\/casseroles\/staub-mouliere-25cm-noir\/","title":{"rendered":"STAUB Po\u00eale \u00e0 moules ovale avec couvercle 25 cm Noir"},"content":{"rendered":"<p>Les plats de moules peuvent \u00eatre d\u00e9gust\u00e9s non seulement en vacances, peut-\u00eatre sur la v\u00e9randa d&#8217;un restaurant dans un port breton &#8211; vous pouvez \u00e9galement les pr\u00e9parer facilement \u00e0 la maison. Le plat \u00e0 moules ovale noir Staub est sp\u00e9cialement con\u00e7u pour la pr\u00e9paration de plats \u00e0 base de moules et constitue \u00e9galement un r\u00e9cipient de service attrayant dans lequel pr\u00e9senter deux \u00e0 trois portions de moules. Cette marmite \u00e0 fruits de mer Staub est fabriqu\u00e9e en fonte, un mat\u00e9riau qui garde vos plats de fruits de mer au chaud m\u00eame \u00e0 table. La chaleur est r\u00e9partie uniform\u00e9ment pendant la cuisson. Le pot a un diam\u00e8tre de 25 cm, une largeur de 17,8 cm, une hauteur de 16,9 cm, couvercle compris, et a une capacit\u00e9 de 2 litres. Une grille divise l&#8217;espace int\u00e9rieur en deux parties, dont l&#8217;une est destin\u00e9e \u00e0 l&#8217;ajout d&#8217;\u00e9pices et de liquides. La grille en acier inoxydable maintient les moules en place pendant que vous versez le bouillon. Vous pouvez utiliser le couvercle de la marmite pour r\u00e9cup\u00e9rer les coquilles des fruits de mer \u00e0 table. Le moule \u00e0 moules en fonte a la forme typique des moules. Servez \u00e0 vos invit\u00e9s de d\u00e9licieux plats dans une marmite en fonte au style unique con\u00e7ue pour la cuisson des moules.<\/p>\n<ul>\n<li>Un pot id\u00e9al pour les amateurs de moules<\/li>\n<li>Passoire amovible pour verser la sauce<\/li>\n<li>R\u00e9tention prolong\u00e9e de la chaleur<\/li>\n<\/ul>\n<p><strong>Caract\u00e9ristiques du produit\u00a0:<\/strong><\/p>\n<div class=\"dimensions-content\">\n<div class=\"attributs-principaux-du-produit\">\n<ul>\n<li class=\"attribute\"><span class=\"label\">R\u00e9sistance \u00e0 la chaleur :<\/span><span class=\"value\">260 \u00baC<\/span><\/li>\n<li class=\"attribute\"><span class=\"label\">Mat\u00e9riau : <\/span><span class=\"value\">fonte<\/span><\/li>\n<li class=\"attribute\"><span class=\"label\">Rev\u00eatement int\u00e9rieur : <\/span><span class=\"value\">\u00e9mail<\/span><\/li>\n<li class=\"attribute\"><span class=\"label\">Induction\u00a0: <\/span><span class=\"value\">Oui<\/span><\/li>\n<li class=\"attribute\"><span class=\"label\">Passe au four\u00a0: <\/span><span class=\"value\">Oui<\/span><\/li>\n<li class=\"attribute\"><span class=\"label\">Passe au four\u00a0: <\/span><span class=\"value\">Oui<\/span><\/li>\n<li class=\"attribute\"><span class=\"label\">Lave-vaisselle : <\/span><span class=\"value\">Oui<\/span><\/li>\n<\/ul>\n<\/div>\n<\/div>\n<div class=\"dimensions-content\">\n<p><strong><span class=\"dimensions\">Dimensions\u00a0:<\/span><\/strong><\/p>\n<div class=\"attributs-principaux-du-produit\">\n<ul>\n<li class=\"attribute\"><span class=\"label\">Poids net : <\/span><span class=\"value\">3,25 kg<\/span><\/li>\n<li class=\"attribute\"><span class=\"label\">Capacit\u00e9 : <\/span><span class=\"value\">2,00 l<\/span><\/li>\n<li class=\"attribute\"><span class=\"label\">Longueur du produit\u00a0: <\/span><span class=\"value\">27,70 cm<\/span><\/li>\n<li class=\"attribute\"><span class=\"label\">Largeur du produit\u00a0: <\/span><span class=\"value\">18,00 cm<\/span><\/li>\n<li class=\"attribute\"><span class=\"label\">Hauteur du produit\u00a0: <\/span><span class=\"value\">16,90 cm<\/span><\/li>\n<li class=\"attribute\"><span class=\"label\">Hauteur sans couvercle : <\/span><span class=\"value\">9,20 cm<\/span><\/li>\n<li class=\"attribute\"><span class=\"label\">Diam\u00e8tre sup\u00e9rieur : <\/span><span class=\"value\">25,00 cm<\/span><\/li>\n<li class=\"attribute\"><span class=\"label\">Diam\u00e8tre du fond : <\/span><span class=\"value\">9,00 cm<\/span><\/li>\n<\/ul>\n<\/div>\n<\/div>\n","protected":false},"excerpt":{"rendered":"<p>Les plats de moules peuvent \u00eatre d\u00e9gust\u00e9s non seulement en vacances, peut-\u00eatre sur la v\u00e9randa d&#8217;un restaurant dans un port<\/p>\n","protected":false},"featured_media":476192,"template":"","meta":{"_acf_changed":false,"inline_featured_image":false},"product_cat":[12458,14777],"product_tag":[12461,12466,12468],"acf":[],"yoast_head":"<!-- This site is optimized with the Yoast SEO Premium plugin v18.6 (Yoast SEO v19.13) - https:\/\/yoast.com\/wordpress\/plugins\/seo\/ -->\n<title>STAUB Po\u00eale \u00e0 moules ovale avec couvercle 25 cm Noir - Erresse Shop<\/title>\n<meta name=\"description\" content=\"Les plats de moules peuvent \u00eatre d\u00e9gust\u00e9s non seulement en vacances, peut-\u00eatre sur la v\u00e9randa d&#039;un restaurant dans un port breton - vous pouvez \u00e9galement\" \/>\n<meta name=\"robots\" content=\"index, follow, max-snippet:-1, max-image-preview:large, max-video-preview:-1\" \/>\n<link rel=\"canonical\" href=\"https:\/\/www.erresse-shop.it\/fr\/shop\/poeles-pots\/casseroles\/staub-mouliere-25cm-noir\/\" \/>\n<meta property=\"og:locale\" content=\"fr_FR\" \/>\n<meta property=\"og:type\" content=\"article\" \/>\n<meta property=\"og:title\" content=\"STAUB Po\u00eale \u00e0 moules ovale avec couvercle 25 cm Noir\" \/>\n<meta property=\"og:description\" content=\"Les plats de moules peuvent \u00eatre d\u00e9gust\u00e9s non seulement en vacances, peut-\u00eatre sur la v\u00e9randa d&#039;un restaurant dans un port breton - vous pouvez \u00e9galement\" \/>\n<meta property=\"og:url\" content=\"https:\/\/www.erresse-shop.it\/fr\/shop\/poeles-pots\/casseroles\/staub-mouliere-25cm-noir\/\" \/>\n<meta property=\"og:site_name\" content=\"Erresse Shop\" \/>\n<meta property=\"article:modified_time\" content=\"2025-03-11T11:30:18+00:00\" \/>\n<meta property=\"og:image\" content=\"https:\/\/www.erresse-shop.it\/wp-content\/uploads\/2012\/02\/STAUB-Cozziera-Ovale-con-Coperchio-25-cm-Nero.jpg\" \/>\n\t<meta property=\"og:image:width\" content=\"1200\" \/>\n\t<meta property=\"og:image:height\" content=\"1200\" \/>\n\t<meta property=\"og:image:type\" content=\"image\/jpeg\" \/>\n<meta name=\"twitter:card\" content=\"summary_large_image\" \/>\n<script type=\"application\/ld+json\" class=\"yoast-schema-graph\">{\"@context\":\"https:\/\/schema.org\",\"@graph\":[{\"@type\":\"WebPage\",\"@id\":\"https:\/\/www.erresse-shop.it\/fr\/shop\/poeles-pots\/casseroles\/staub-mouliere-25cm-noir\/\",\"url\":\"https:\/\/www.erresse-shop.it\/fr\/shop\/poeles-pots\/casseroles\/staub-mouliere-25cm-noir\/\",\"name\":\"STAUB Po\u00eale \u00e0 moules ovale avec couvercle 25 cm Noir - Erresse Shop\",\"isPartOf\":{\"@id\":\"https:\/\/www.erresse-shop.it\/fr\/#website\"},\"datePublished\":\"2012-02-14T23:47:17+00:00\",\"dateModified\":\"2025-03-11T11:30:18+00:00\",\"description\":\"Les plats de moules peuvent \u00eatre d\u00e9gust\u00e9s non seulement en vacances, peut-\u00eatre sur la v\u00e9randa d'un restaurant dans un port breton - vous pouvez \u00e9galement\",\"breadcrumb\":{\"@id\":\"https:\/\/www.erresse-shop.it\/fr\/shop\/poeles-pots\/casseroles\/staub-mouliere-25cm-noir\/#breadcrumb\"},\"inLanguage\":\"fr-FR\",\"potentialAction\":[{\"@type\":\"ReadAction\",\"target\":[\"https:\/\/www.erresse-shop.it\/fr\/shop\/poeles-pots\/casseroles\/staub-mouliere-25cm-noir\/\"]}]},{\"@type\":\"BreadcrumbList\",\"@id\":\"https:\/\/www.erresse-shop.it\/fr\/shop\/poeles-pots\/casseroles\/staub-mouliere-25cm-noir\/#breadcrumb\",\"itemListElement\":[{\"@type\":\"ListItem\",\"position\":1,\"name\":\"Home\",\"item\":\"https:\/\/www.erresse-shop.it\/fr\/\"},{\"@type\":\"ListItem\",\"position\":2,\"name\":\"Shop\",\"item\":\"https:\/\/www.erresse-shop.it\/fr\/shop\/\"},{\"@type\":\"ListItem\",\"position\":3,\"name\":\"STAUB Po\u00eale \u00e0 moules ovale avec couvercle 25 cm Noir\"}]},{\"@type\":\"WebSite\",\"@id\":\"https:\/\/www.erresse-shop.it\/fr\/#website\",\"url\":\"https:\/\/www.erresse-shop.it\/fr\/\",\"name\":\"Erresse Shop\",\"description\":\"Articoli di qualit\u00e0 per la casa\",\"potentialAction\":[{\"@type\":\"SearchAction\",\"target\":{\"@type\":\"EntryPoint\",\"urlTemplate\":\"https:\/\/www.erresse-shop.it\/fr\/?s={search_term_string}\"},\"query-input\":\"required name=search_term_string\"}],\"inLanguage\":\"fr-FR\"}]}<\/script>\n<!-- \/ Yoast SEO Premium plugin. -->","yoast_head_json":{"title":"STAUB Po\u00eale \u00e0 moules ovale avec couvercle 25 cm Noir - Erresse Shop","description":"Les plats de moules peuvent \u00eatre d\u00e9gust\u00e9s non seulement en vacances, peut-\u00eatre sur la v\u00e9randa d'un restaurant dans un port breton - vous pouvez \u00e9galement","robots":{"index":"index","follow":"follow","max-snippet":"max-snippet:-1","max-image-preview":"max-image-preview:large","max-video-preview":"max-video-preview:-1"},"canonical":"https:\/\/www.erresse-shop.it\/fr\/shop\/poeles-pots\/casseroles\/staub-mouliere-25cm-noir\/","og_locale":"fr_FR","og_type":"article","og_title":"STAUB Po\u00eale \u00e0 moules ovale avec couvercle 25 cm Noir","og_description":"Les plats de moules peuvent \u00eatre d\u00e9gust\u00e9s non seulement en vacances, peut-\u00eatre sur la v\u00e9randa d'un restaurant dans un port breton - vous pouvez \u00e9galement","og_url":"https:\/\/www.erresse-shop.it\/fr\/shop\/poeles-pots\/casseroles\/staub-mouliere-25cm-noir\/","og_site_name":"Erresse Shop","article_modified_time":"2025-03-11T11:30:18+00:00","og_image":[{"width":1200,"height":1200,"url":"https:\/\/www.erresse-shop.it\/wp-content\/uploads\/2012\/02\/STAUB-Cozziera-Ovale-con-Coperchio-25-cm-Nero.jpg","type":"image\/jpeg"}],"twitter_card":"summary_large_image","schema":{"@context":"https:\/\/schema.org","@graph":[{"@type":"WebPage","@id":"https:\/\/www.erresse-shop.it\/fr\/shop\/poeles-pots\/casseroles\/staub-mouliere-25cm-noir\/","url":"https:\/\/www.erresse-shop.it\/fr\/shop\/poeles-pots\/casseroles\/staub-mouliere-25cm-noir\/","name":"STAUB Po\u00eale \u00e0 moules ovale avec couvercle 25 cm Noir - Erresse Shop","isPartOf":{"@id":"https:\/\/www.erresse-shop.it\/fr\/#website"},"datePublished":"2012-02-14T23:47:17+00:00","dateModified":"2025-03-11T11:30:18+00:00","description":"Les plats de moules peuvent \u00eatre d\u00e9gust\u00e9s non seulement en vacances, peut-\u00eatre sur la v\u00e9randa d'un restaurant dans un port breton - vous pouvez \u00e9galement","breadcrumb":{"@id":"https:\/\/www.erresse-shop.it\/fr\/shop\/poeles-pots\/casseroles\/staub-mouliere-25cm-noir\/#breadcrumb"},"inLanguage":"fr-FR","potentialAction":[{"@type":"ReadAction","target":["https:\/\/www.erresse-shop.it\/fr\/shop\/poeles-pots\/casseroles\/staub-mouliere-25cm-noir\/"]}]},{"@type":"BreadcrumbList","@id":"https:\/\/www.erresse-shop.it\/fr\/shop\/poeles-pots\/casseroles\/staub-mouliere-25cm-noir\/#breadcrumb","itemListElement":[{"@type":"ListItem","position":1,"name":"Home","item":"https:\/\/www.erresse-shop.it\/fr\/"},{"@type":"ListItem","position":2,"name":"Shop","item":"https:\/\/www.erresse-shop.it\/fr\/shop\/"},{"@type":"ListItem","position":3,"name":"STAUB Po\u00eale \u00e0 moules ovale avec couvercle 25 cm Noir"}]},{"@type":"WebSite","@id":"https:\/\/www.erresse-shop.it\/fr\/#website","url":"https:\/\/www.erresse-shop.it\/fr\/","name":"Erresse Shop","description":"Articoli di qualit\u00e0 per la casa","potentialAction":[{"@type":"SearchAction","target":{"@type":"EntryPoint","urlTemplate":"https:\/\/www.erresse-shop.it\/fr\/?s={search_term_string}"},"query-input":"required name=search_term_string"}],"inLanguage":"fr-FR"}]}},"df_price":119,"df_sale_price":119,"df_regular_price":179,"df_image_link":"https:\/\/www.erresse-shop.it\/wp-content\/uploads\/2012\/02\/STAUB-Cozziera-Ovale-con-Coperchio-25-cm-Nero-300x300.jpg","_links":{"self":[{"href":"https:\/\/www.erresse-shop.it\/fr\/wp-json\/wp\/v2\/product\/66532"}],"collection":[{"href":"https:\/\/www.erresse-shop.it\/fr\/wp-json\/wp\/v2\/product"}],"about":[{"href":"https:\/\/www.erresse-shop.it\/fr\/wp-json\/wp\/v2\/types\/product"}],"wp:featuredmedia":[{"embeddable":true,"href":"https:\/\/www.erresse-shop.it\/fr\/wp-json\/wp\/v2\/media\/476192"}],"wp:attachment":[{"href":"https:\/\/www.erresse-shop.it\/fr\/wp-json\/wp\/v2\/media?parent=66532"}],"wp:term":[{"taxonomy":"product_cat","embeddable":true,"href":"https:\/\/www.erresse-shop.it\/fr\/wp-json\/wp\/v2\/product_cat?post=66532"},{"taxonomy":"product_tag","embeddable":true,"href":"https:\/\/www.erresse-shop.it\/fr\/wp-json\/wp\/v2\/product_tag?post=66532"}],"curies":[{"name":"wp","href":"https:\/\/api.w.org\/{rel}","templated":true}]}}