{"id":66524,"date":"2012-05-26T11:48:43","date_gmt":"2012-05-26T11:48:43","guid":{"rendered":"https:\/\/www.erresse-shop.it\/?post_type=product&#038;p=66524"},"modified":"2025-03-18T10:53:06","modified_gmt":"2025-03-18T10:53:06","slug":"staub-theiere-125-l","status":"publish","type":"product","link":"https:\/\/www.erresse-shop.it\/fr\/shop\/table-fr-2\/tasses\/theieres-sucriers-pots-a-lait\/staub-theiere-125-l\/","title":{"rendered":"STAUB Th\u00e9i\u00e8re 1,25 L"},"content":{"rendered":"<p>La th\u00e9i\u00e8re en fonte STAUB est id\u00e9ale pour garder tous types de th\u00e9 \u00e0 la bonne temp\u00e9rature tout au long de votre d\u00e9gustation. Compatible tous feux, elle s\u2019utilise aussi sur induction. Originaire d\u2019Asie, il y a plus de 4000 ans, le th\u00e9 est aujourd\u2019hui devenu une boisson universelle. Livr\u00e9e avec sa boule \u00e0 th\u00e9 et son syst\u00e8me de fixation en dessous du couvercle, la th\u00e9i\u00e8re en fonte STAUB est pr\u00eate \u00e0 l\u2019emploi. La fonte \u00e9tant un mat\u00e9riau qui retient le mieux la chaleur, vous pouvez \u00e9galement utiliser cette th\u00e9i\u00e8re en fonte pour servir des boissons chaudes comme de la soupe ou en dessert avec un coulis de chocolat fondant. De fabrication fran\u00e7aise, cette th\u00e9i\u00e8re en fonte STAUB poss\u00e8de \u00e9galement deux anses en acier tenant fermement le produit et assurant une prise en main confortable.<\/p>\n<p>D\u00c9TAILS<br \/>\n&#8211; Th\u00e9i\u00e8re en fonte STAUB, 1,15l, Made in France<br \/>\n&#8211; Convient pour faire bouillir de l&#8217;eau et infuser du th\u00e9<br \/>\n&#8211; Pour garder son th\u00e9 chaud longtemps<br \/>\n&#8211; La boule \u00e0 th\u00e9 est suspendue \u00e0 un dispositif sp\u00e9cial situ\u00e9 au-dessous de la poign\u00e9e<br \/>\n&#8211; Convient pour toutes les sources de chaleur y compris induction<br \/>\n&#8211; Peut \u00e9galement servir de r\u00e9cipient original pour servir de la soupe ou en dessert avec du chocolat fondant<\/p>\n<p>Donn\u00e9es techniques<br \/>\n&#8211; Color: Grenadine<br \/>\n&#8211; Mat\u00e9riau: Fonte<br \/>\n&#8211; Induction: Oui<br \/>\n&#8211; Compatible four: Oui<br \/>\n&#8211; Compatible tous feux: Oui<br \/>\n&#8211; Compatible lave-vaisselle: Oui<\/p>\n<p>Dimensions<br \/>\n&#8211; Poids net: 2,60 kg<br \/>\n&#8211; Capacit\u00e9: 1,15 l<br \/>\n&#8211; Longueur totale du produit: 16,60 cm<br \/>\n&#8211; Longueur ou largeur du produit: 12,00 cm<br \/>\n&#8211; Hauteur du produit: 18,00 cm<br \/>\n&#8211; Diam\u00e8tre ou longueur: 21,00 cm<br \/>\n&#8211; Diam\u00e8tre ou largeur: 9,50 cm<\/p>\n","protected":false},"excerpt":{"rendered":"<p>La th\u00e9i\u00e8re en fonte STAUB est id\u00e9ale pour garder tous types de th\u00e9 \u00e0 la bonne temp\u00e9rature tout au long<\/p>\n","protected":false},"featured_media":389327,"template":"","meta":{"_acf_changed":false,"inline_featured_image":false},"product_cat":[21073,12748,12782,12760],"product_tag":[13265,13555,12461,14282],"acf":[],"yoast_head":"<!-- This site is optimized with the Yoast SEO Premium plugin v18.6 (Yoast SEO v19.13) - https:\/\/yoast.com\/wordpress\/plugins\/seo\/ -->\n<title>STAUB Th\u00e9i\u00e8re 1,25 L<\/title>\n<meta name=\"description\" content=\"D\u00e9couvrez STAUB Th\u00e9i\u00e8re 1,25 L sur ErresseShop. Qualit\u00e9, prix r\u00e9duits et achat s\u00e9curis\u00e9 \u2013 commandez d\u00e8s maintenant en ligne !\" \/>\n<meta name=\"robots\" content=\"index, follow, max-snippet:-1, max-image-preview:large, max-video-preview:-1\" \/>\n<link rel=\"canonical\" href=\"https:\/\/www.erresse-shop.it\/fr\/shop\/table-fr-2\/tasses\/theieres-sucriers-pots-a-lait\/staub-theiere-125-l\/\" \/>\n<meta property=\"og:locale\" content=\"fr_FR\" \/>\n<meta property=\"og:type\" content=\"article\" \/>\n<meta property=\"og:title\" content=\"STAUB Th\u00e9i\u00e8re 1,25 L\" \/>\n<meta property=\"og:description\" content=\"D\u00e9couvrez STAUB Th\u00e9i\u00e8re 1,25 L sur ErresseShop. Qualit\u00e9, prix r\u00e9duits et achat s\u00e9curis\u00e9 \u2013 commandez d\u00e8s maintenant en ligne !\" \/>\n<meta property=\"og:url\" content=\"https:\/\/www.erresse-shop.it\/fr\/shop\/table-fr-2\/tasses\/theieres-sucriers-pots-a-lait\/staub-theiere-125-l\/\" \/>\n<meta property=\"og:site_name\" content=\"Erresse Shop\" \/>\n<meta property=\"article:modified_time\" content=\"2025-03-18T10:53:06+00:00\" \/>\n<meta property=\"og:image\" content=\"https:\/\/www.erresse-shop.it\/wp-content\/uploads\/2024\/02\/staub-teiera-ciliegia.jpg\" \/>\n\t<meta property=\"og:image:width\" content=\"800\" \/>\n\t<meta property=\"og:image:height\" content=\"800\" \/>\n\t<meta property=\"og:image:type\" content=\"image\/jpeg\" \/>\n<meta name=\"twitter:card\" content=\"summary_large_image\" \/>\n<script type=\"application\/ld+json\" class=\"yoast-schema-graph\">{\"@context\":\"https:\/\/schema.org\",\"@graph\":[{\"@type\":\"WebPage\",\"@id\":\"https:\/\/www.erresse-shop.it\/fr\/shop\/table-fr-2\/tasses\/theieres-sucriers-pots-a-lait\/staub-theiere-125-l\/\",\"url\":\"https:\/\/www.erresse-shop.it\/fr\/shop\/table-fr-2\/tasses\/theieres-sucriers-pots-a-lait\/staub-theiere-125-l\/\",\"name\":\"STAUB Th\u00e9i\u00e8re 1,25 L\",\"isPartOf\":{\"@id\":\"https:\/\/www.erresse-shop.it\/fr\/#website\"},\"datePublished\":\"2012-05-26T11:48:43+00:00\",\"dateModified\":\"2025-03-18T10:53:06+00:00\",\"description\":\"D\u00e9couvrez STAUB Th\u00e9i\u00e8re 1,25 L sur ErresseShop. Qualit\u00e9, prix r\u00e9duits et achat s\u00e9curis\u00e9 \u2013 commandez d\u00e8s maintenant en ligne !\",\"breadcrumb\":{\"@id\":\"https:\/\/www.erresse-shop.it\/fr\/shop\/table-fr-2\/tasses\/theieres-sucriers-pots-a-lait\/staub-theiere-125-l\/#breadcrumb\"},\"inLanguage\":\"fr-FR\",\"potentialAction\":[{\"@type\":\"ReadAction\",\"target\":[\"https:\/\/www.erresse-shop.it\/fr\/shop\/table-fr-2\/tasses\/theieres-sucriers-pots-a-lait\/staub-theiere-125-l\/\"]}]},{\"@type\":\"BreadcrumbList\",\"@id\":\"https:\/\/www.erresse-shop.it\/fr\/shop\/table-fr-2\/tasses\/theieres-sucriers-pots-a-lait\/staub-theiere-125-l\/#breadcrumb\",\"itemListElement\":[{\"@type\":\"ListItem\",\"position\":1,\"name\":\"Home\",\"item\":\"https:\/\/www.erresse-shop.it\/fr\/\"},{\"@type\":\"ListItem\",\"position\":2,\"name\":\"Shop\",\"item\":\"https:\/\/www.erresse-shop.it\/fr\/shop\/\"},{\"@type\":\"ListItem\",\"position\":3,\"name\":\"STAUB Th\u00e9i\u00e8re 1,25 L\"}]},{\"@type\":\"WebSite\",\"@id\":\"https:\/\/www.erresse-shop.it\/fr\/#website\",\"url\":\"https:\/\/www.erresse-shop.it\/fr\/\",\"name\":\"Erresse Shop\",\"description\":\"Articoli di qualit\u00e0 per la casa\",\"potentialAction\":[{\"@type\":\"SearchAction\",\"target\":{\"@type\":\"EntryPoint\",\"urlTemplate\":\"https:\/\/www.erresse-shop.it\/fr\/?s={search_term_string}\"},\"query-input\":\"required name=search_term_string\"}],\"inLanguage\":\"fr-FR\"}]}<\/script>\n<!-- \/ Yoast SEO Premium plugin. -->","yoast_head_json":{"title":"STAUB Th\u00e9i\u00e8re 1,25 L","description":"D\u00e9couvrez STAUB Th\u00e9i\u00e8re 1,25 L sur ErresseShop. Qualit\u00e9, prix r\u00e9duits et achat s\u00e9curis\u00e9 \u2013 commandez d\u00e8s maintenant en ligne !","robots":{"index":"index","follow":"follow","max-snippet":"max-snippet:-1","max-image-preview":"max-image-preview:large","max-video-preview":"max-video-preview:-1"},"canonical":"https:\/\/www.erresse-shop.it\/fr\/shop\/table-fr-2\/tasses\/theieres-sucriers-pots-a-lait\/staub-theiere-125-l\/","og_locale":"fr_FR","og_type":"article","og_title":"STAUB Th\u00e9i\u00e8re 1,25 L","og_description":"D\u00e9couvrez STAUB Th\u00e9i\u00e8re 1,25 L sur ErresseShop. Qualit\u00e9, prix r\u00e9duits et achat s\u00e9curis\u00e9 \u2013 commandez d\u00e8s maintenant en ligne !","og_url":"https:\/\/www.erresse-shop.it\/fr\/shop\/table-fr-2\/tasses\/theieres-sucriers-pots-a-lait\/staub-theiere-125-l\/","og_site_name":"Erresse Shop","article_modified_time":"2025-03-18T10:53:06+00:00","og_image":[{"width":800,"height":800,"url":"https:\/\/www.erresse-shop.it\/wp-content\/uploads\/2024\/02\/staub-teiera-ciliegia.jpg","type":"image\/jpeg"}],"twitter_card":"summary_large_image","schema":{"@context":"https:\/\/schema.org","@graph":[{"@type":"WebPage","@id":"https:\/\/www.erresse-shop.it\/fr\/shop\/table-fr-2\/tasses\/theieres-sucriers-pots-a-lait\/staub-theiere-125-l\/","url":"https:\/\/www.erresse-shop.it\/fr\/shop\/table-fr-2\/tasses\/theieres-sucriers-pots-a-lait\/staub-theiere-125-l\/","name":"STAUB Th\u00e9i\u00e8re 1,25 L","isPartOf":{"@id":"https:\/\/www.erresse-shop.it\/fr\/#website"},"datePublished":"2012-05-26T11:48:43+00:00","dateModified":"2025-03-18T10:53:06+00:00","description":"D\u00e9couvrez STAUB Th\u00e9i\u00e8re 1,25 L sur ErresseShop. Qualit\u00e9, prix r\u00e9duits et achat s\u00e9curis\u00e9 \u2013 commandez d\u00e8s maintenant en ligne !","breadcrumb":{"@id":"https:\/\/www.erresse-shop.it\/fr\/shop\/table-fr-2\/tasses\/theieres-sucriers-pots-a-lait\/staub-theiere-125-l\/#breadcrumb"},"inLanguage":"fr-FR","potentialAction":[{"@type":"ReadAction","target":["https:\/\/www.erresse-shop.it\/fr\/shop\/table-fr-2\/tasses\/theieres-sucriers-pots-a-lait\/staub-theiere-125-l\/"]}]},{"@type":"BreadcrumbList","@id":"https:\/\/www.erresse-shop.it\/fr\/shop\/table-fr-2\/tasses\/theieres-sucriers-pots-a-lait\/staub-theiere-125-l\/#breadcrumb","itemListElement":[{"@type":"ListItem","position":1,"name":"Home","item":"https:\/\/www.erresse-shop.it\/fr\/"},{"@type":"ListItem","position":2,"name":"Shop","item":"https:\/\/www.erresse-shop.it\/fr\/shop\/"},{"@type":"ListItem","position":3,"name":"STAUB Th\u00e9i\u00e8re 1,25 L"}]},{"@type":"WebSite","@id":"https:\/\/www.erresse-shop.it\/fr\/#website","url":"https:\/\/www.erresse-shop.it\/fr\/","name":"Erresse Shop","description":"Articoli di qualit\u00e0 per la casa","potentialAction":[{"@type":"SearchAction","target":{"@type":"EntryPoint","urlTemplate":"https:\/\/www.erresse-shop.it\/fr\/?s={search_term_string}"},"query-input":"required name=search_term_string"}],"inLanguage":"fr-FR"}]}},"df_price":109.5,"df_sale_price":109.5,"df_regular_price":219,"df_image_link":"https:\/\/www.erresse-shop.it\/wp-content\/uploads\/2024\/02\/staub-teiera-ciliegia-300x300.jpg","_links":{"self":[{"href":"https:\/\/www.erresse-shop.it\/fr\/wp-json\/wp\/v2\/product\/66524"}],"collection":[{"href":"https:\/\/www.erresse-shop.it\/fr\/wp-json\/wp\/v2\/product"}],"about":[{"href":"https:\/\/www.erresse-shop.it\/fr\/wp-json\/wp\/v2\/types\/product"}],"wp:featuredmedia":[{"embeddable":true,"href":"https:\/\/www.erresse-shop.it\/fr\/wp-json\/wp\/v2\/media\/389327"}],"wp:attachment":[{"href":"https:\/\/www.erresse-shop.it\/fr\/wp-json\/wp\/v2\/media?parent=66524"}],"wp:term":[{"taxonomy":"product_cat","embeddable":true,"href":"https:\/\/www.erresse-shop.it\/fr\/wp-json\/wp\/v2\/product_cat?post=66524"},{"taxonomy":"product_tag","embeddable":true,"href":"https:\/\/www.erresse-shop.it\/fr\/wp-json\/wp\/v2\/product_tag?post=66524"}],"curies":[{"name":"wp","href":"https:\/\/api.w.org\/{rel}","templated":true}]}}