{"id":66495,"date":"2013-12-05T17:50:45","date_gmt":"2013-12-05T17:50:45","guid":{"rendered":"https:\/\/www.erresse-shop.it\/shop\/non%20class\u00e9\/staub-cocotte-ronde-24cm-cerise\/"},"modified":"2025-01-13T14:36:13","modified_gmt":"2025-01-13T14:36:13","slug":"staub-cocotte-ronde-24-cm-cerise","status":"publish","type":"product","link":"https:\/\/www.erresse-shop.it\/fr\/shop\/poeles-pots\/marmites-et-cocottes-poeles-pots\/staub-cocotte-ronde-24-cm-cerise\/","title":{"rendered":"STAUB Cocotte Ronde 24 cm Cerise"},"content":{"rendered":"<p>Cette cocotte ronde en fonte \u00e9maill\u00e9e STAUB Cerise de 24cm est adapt\u00e9e pour 4 personnes, pour pr\u00e9parer des plats mijot\u00e9s, des r\u00f4tis, de la volaille et m\u00eame du pain ! Compatible tous feux et four, elle peut \u00e9galement s\u2019utiliser sur induction. V\u00e9ritable savoir-faire authentique de cr\u00e9ation fran\u00e7aise, cette cocotte est une pi\u00e8ce unique, issue d\u2019un processus de fabrication traditionnel. Avec son design \u00e9labor\u00e9 et son poids optimis\u00e9, son couvercle plat au contour marqu\u00e9 pr\u00e9sente d\u2019excellentes propri\u00e9t\u00e9s de r\u00e9tention de l\u2019humidit\u00e9 et assure gr\u00e2ce \u00e0 ses picots\u00ae, un arrosage homog\u00e8ne, une pluie d\u2019ar\u00f4mes, pour des plats qui mijotent longtemps. L\u2019int\u00e9rieur de cette cocotte est \u00e9maill\u00e9 noir mat, la marque de fabrique STAUB. Cet \u00e9mail de qualit\u00e9 sup\u00e9rieure permet d\u2019obtenir une meilleure r\u00e9sistance aux rayures et facilite l\u2019entretien. Il poss\u00e8de les propri\u00e9t\u00e9s id\u00e9ales pour saisir, r\u00f4tir et caram\u00e9liser les aliments. N\u00e9e en Alsace, la cocotte STAUB a su traverser le temps et les fronti\u00e8res. Pr\u00e9f\u00e9r\u00e9e aussi bien par les amateurs que les grands chefs, elle passe ais\u00e9ment de la cuisine \u00e0 la table. Quel que soit le plat que vous concoctez, avec la Cocotte STAUB vous avez l\u2019assurance de conserver toute l\u2019intensit\u00e9 et les saveurs, la viande restera tendre et les l\u00e9gumes moelleux. Compos\u00e9e de fonte, un alliage de fer riche en carbone, un des mat\u00e9riaux qui retiennent le mieux la chaleur, la diffuse lentement et la redistribue de mani\u00e8re parfaitement homog\u00e8ne. Une fois la fonte suffisamment chaude, ses propri\u00e9t\u00e9s de r\u00e9tention de la chaleur permettent de r\u00e9duire le feu au minimum, afin de laisser mijoter doucement les plats. La fonte conserve \u00e9galement le froid : la cocotte \u00e0 temp\u00e9rature ambiante peut \u00eatre plac\u00e9e au r\u00e9frig\u00e9rateur avant de servir afin de rester froide une fois \u00e0 table.<\/p>\n<p>&#8211; Id\u00e9al pour saisir, cuire ou laisser mijoter de la viande, du poisson ou des l\u00e9gumes<br \/>\n&#8211; Une cuisson juteuse et tendre gr\u00e2ce \u00e0 son couvercle sp\u00e9cial et ses picots\u00ae<br \/>\n&#8211; L&#8217;\u00e9maillage int\u00e9rieur noir mat tr\u00e8s r\u00e9sistant \u00e0 l&#8217;usure, convient particuli\u00e8rement pour saisir, r\u00f4tir et caram\u00e9liser les aliments<br \/>\n&#8211; Adapt\u00e9 pour toutes les sources de chaleur y compris induction, peut \u00eatre utilis\u00e9 aussi au four<\/p>\n<p>Donn\u00e9es techniques<br \/>\n&#8211; Color: Cerise<br \/>\n&#8211; Mat\u00e9riau: Fonte<br \/>\n&#8211; Couvercle existant: Oui<br \/>\n&#8211; Induction: Oui<br \/>\n&#8211; Compatible four: Oui<br \/>\n&#8211; Adapt\u00e9 au cong\u00e9lateur: Oui<br \/>\n&#8211; Compatible tous feux: Oui<br \/>\n&#8211; Compatible lave-vaisselle: Oui<\/p>\n<p>Dimensions<br \/>\n&#8211; Poids net: 4,60 kg<br \/>\n&#8211; Capacit\u00e9: 3,80 l<br \/>\n&#8211; Longueur totale du produit: 30,30 cm<br \/>\n&#8211; Longueur ou largeur du produit: 24,00 cm<br \/>\n&#8211; Hauteur du produit: 15,30 cm<br \/>\n&#8211; Hauteur sans couvercle: 10,50 cm<br \/>\n&#8211; \u00c9paisseur du fond: 0,40 cm<br \/>\n&#8211; Diam\u00e8tre ou longueur: 24,00 cm<br \/>\n&#8211; Diam\u00e8tre ou largeur: 19,20 cm<\/p>\n","protected":false},"excerpt":{"rendered":"<p>Cette cocotte ronde en fonte \u00e9maill\u00e9e STAUB Cerise de 24cm est adapt\u00e9e pour 4 personnes, pour pr\u00e9parer des plats mijot\u00e9s,<\/p>\n","protected":false},"featured_media":66361,"template":"","meta":{"_acf_changed":false,"inline_featured_image":false},"product_cat":[12458,14792],"product_tag":[25086,25021,12994,12461,12465,12466,12468],"acf":[],"yoast_head":"<!-- This site is optimized with the Yoast SEO Premium plugin v18.6 (Yoast SEO v19.13) - https:\/\/yoast.com\/wordpress\/plugins\/seo\/ -->\n<title>STAUB Cocotte Ronde 24 cm Cerise<\/title>\n<meta name=\"description\" content=\"D\u00e9couvrez STAUB Cocotte Ronde 24 cm Cerise sur ErresseShop. Qualit\u00e9, prix r\u00e9duits et achat s\u00e9curis\u00e9 \u2013 commandez d\u00e8s maintenant en ligne !\" \/>\n<meta name=\"robots\" content=\"index, follow, max-snippet:-1, max-image-preview:large, max-video-preview:-1\" \/>\n<link rel=\"canonical\" href=\"https:\/\/www.erresse-shop.it\/fr\/shop\/poeles-pots\/marmites-et-cocottes-poeles-pots\/staub-cocotte-ronde-24-cm-cerise\/\" \/>\n<meta property=\"og:locale\" content=\"fr_FR\" \/>\n<meta property=\"og:type\" content=\"article\" \/>\n<meta property=\"og:title\" content=\"STAUB Cocotte Ronde 24 cm Cerise\" \/>\n<meta property=\"og:description\" content=\"D\u00e9couvrez STAUB Cocotte Ronde 24 cm Cerise sur ErresseShop. Qualit\u00e9, prix r\u00e9duits et achat s\u00e9curis\u00e9 \u2013 commandez d\u00e8s maintenant en ligne !\" \/>\n<meta property=\"og:url\" content=\"https:\/\/www.erresse-shop.it\/fr\/shop\/poeles-pots\/marmites-et-cocottes-poeles-pots\/staub-cocotte-ronde-24-cm-cerise\/\" \/>\n<meta property=\"og:site_name\" content=\"Erresse Shop\" \/>\n<meta property=\"article:modified_time\" content=\"2025-01-13T14:36:13+00:00\" \/>\n<meta property=\"og:image\" content=\"https:\/\/www.erresse-shop.it\/wp-content\/uploads\/2015\/01\/products-staub-tonda-cm.jpg\" \/>\n\t<meta property=\"og:image:width\" content=\"400\" \/>\n\t<meta property=\"og:image:height\" content=\"400\" \/>\n\t<meta property=\"og:image:type\" content=\"image\/jpeg\" \/>\n<meta name=\"twitter:card\" content=\"summary_large_image\" \/>\n<script type=\"application\/ld+json\" class=\"yoast-schema-graph\">{\"@context\":\"https:\/\/schema.org\",\"@graph\":[{\"@type\":\"WebPage\",\"@id\":\"https:\/\/www.erresse-shop.it\/fr\/shop\/poeles-pots\/marmites-et-cocottes-poeles-pots\/staub-cocotte-ronde-24-cm-cerise\/\",\"url\":\"https:\/\/www.erresse-shop.it\/fr\/shop\/poeles-pots\/marmites-et-cocottes-poeles-pots\/staub-cocotte-ronde-24-cm-cerise\/\",\"name\":\"STAUB Cocotte Ronde 24 cm Cerise\",\"isPartOf\":{\"@id\":\"https:\/\/www.erresse-shop.it\/fr\/#website\"},\"datePublished\":\"2013-12-05T17:50:45+00:00\",\"dateModified\":\"2025-01-13T14:36:13+00:00\",\"description\":\"D\u00e9couvrez STAUB Cocotte Ronde 24 cm Cerise sur ErresseShop. Qualit\u00e9, prix r\u00e9duits et achat s\u00e9curis\u00e9 \u2013 commandez d\u00e8s maintenant en ligne !\",\"breadcrumb\":{\"@id\":\"https:\/\/www.erresse-shop.it\/fr\/shop\/poeles-pots\/marmites-et-cocottes-poeles-pots\/staub-cocotte-ronde-24-cm-cerise\/#breadcrumb\"},\"inLanguage\":\"fr-FR\",\"potentialAction\":[{\"@type\":\"ReadAction\",\"target\":[\"https:\/\/www.erresse-shop.it\/fr\/shop\/poeles-pots\/marmites-et-cocottes-poeles-pots\/staub-cocotte-ronde-24-cm-cerise\/\"]}]},{\"@type\":\"BreadcrumbList\",\"@id\":\"https:\/\/www.erresse-shop.it\/fr\/shop\/poeles-pots\/marmites-et-cocottes-poeles-pots\/staub-cocotte-ronde-24-cm-cerise\/#breadcrumb\",\"itemListElement\":[{\"@type\":\"ListItem\",\"position\":1,\"name\":\"Home\",\"item\":\"https:\/\/www.erresse-shop.it\/fr\/\"},{\"@type\":\"ListItem\",\"position\":2,\"name\":\"Shop\",\"item\":\"https:\/\/www.erresse-shop.it\/fr\/shop\/\"},{\"@type\":\"ListItem\",\"position\":3,\"name\":\"STAUB Cocotte Ronde 24 cm Cerise\"}]},{\"@type\":\"WebSite\",\"@id\":\"https:\/\/www.erresse-shop.it\/fr\/#website\",\"url\":\"https:\/\/www.erresse-shop.it\/fr\/\",\"name\":\"Erresse Shop\",\"description\":\"Articoli di qualit\u00e0 per la casa\",\"potentialAction\":[{\"@type\":\"SearchAction\",\"target\":{\"@type\":\"EntryPoint\",\"urlTemplate\":\"https:\/\/www.erresse-shop.it\/fr\/?s={search_term_string}\"},\"query-input\":\"required name=search_term_string\"}],\"inLanguage\":\"fr-FR\"}]}<\/script>\n<!-- \/ Yoast SEO Premium plugin. -->","yoast_head_json":{"title":"STAUB Cocotte Ronde 24 cm Cerise","description":"D\u00e9couvrez STAUB Cocotte Ronde 24 cm Cerise sur ErresseShop. Qualit\u00e9, prix r\u00e9duits et achat s\u00e9curis\u00e9 \u2013 commandez d\u00e8s maintenant en ligne !","robots":{"index":"index","follow":"follow","max-snippet":"max-snippet:-1","max-image-preview":"max-image-preview:large","max-video-preview":"max-video-preview:-1"},"canonical":"https:\/\/www.erresse-shop.it\/fr\/shop\/poeles-pots\/marmites-et-cocottes-poeles-pots\/staub-cocotte-ronde-24-cm-cerise\/","og_locale":"fr_FR","og_type":"article","og_title":"STAUB Cocotte Ronde 24 cm Cerise","og_description":"D\u00e9couvrez STAUB Cocotte Ronde 24 cm Cerise sur ErresseShop. Qualit\u00e9, prix r\u00e9duits et achat s\u00e9curis\u00e9 \u2013 commandez d\u00e8s maintenant en ligne !","og_url":"https:\/\/www.erresse-shop.it\/fr\/shop\/poeles-pots\/marmites-et-cocottes-poeles-pots\/staub-cocotte-ronde-24-cm-cerise\/","og_site_name":"Erresse Shop","article_modified_time":"2025-01-13T14:36:13+00:00","og_image":[{"width":400,"height":400,"url":"https:\/\/www.erresse-shop.it\/wp-content\/uploads\/2015\/01\/products-staub-tonda-cm.jpg","type":"image\/jpeg"}],"twitter_card":"summary_large_image","schema":{"@context":"https:\/\/schema.org","@graph":[{"@type":"WebPage","@id":"https:\/\/www.erresse-shop.it\/fr\/shop\/poeles-pots\/marmites-et-cocottes-poeles-pots\/staub-cocotte-ronde-24-cm-cerise\/","url":"https:\/\/www.erresse-shop.it\/fr\/shop\/poeles-pots\/marmites-et-cocottes-poeles-pots\/staub-cocotte-ronde-24-cm-cerise\/","name":"STAUB Cocotte Ronde 24 cm Cerise","isPartOf":{"@id":"https:\/\/www.erresse-shop.it\/fr\/#website"},"datePublished":"2013-12-05T17:50:45+00:00","dateModified":"2025-01-13T14:36:13+00:00","description":"D\u00e9couvrez STAUB Cocotte Ronde 24 cm Cerise sur ErresseShop. Qualit\u00e9, prix r\u00e9duits et achat s\u00e9curis\u00e9 \u2013 commandez d\u00e8s maintenant en ligne !","breadcrumb":{"@id":"https:\/\/www.erresse-shop.it\/fr\/shop\/poeles-pots\/marmites-et-cocottes-poeles-pots\/staub-cocotte-ronde-24-cm-cerise\/#breadcrumb"},"inLanguage":"fr-FR","potentialAction":[{"@type":"ReadAction","target":["https:\/\/www.erresse-shop.it\/fr\/shop\/poeles-pots\/marmites-et-cocottes-poeles-pots\/staub-cocotte-ronde-24-cm-cerise\/"]}]},{"@type":"BreadcrumbList","@id":"https:\/\/www.erresse-shop.it\/fr\/shop\/poeles-pots\/marmites-et-cocottes-poeles-pots\/staub-cocotte-ronde-24-cm-cerise\/#breadcrumb","itemListElement":[{"@type":"ListItem","position":1,"name":"Home","item":"https:\/\/www.erresse-shop.it\/fr\/"},{"@type":"ListItem","position":2,"name":"Shop","item":"https:\/\/www.erresse-shop.it\/fr\/shop\/"},{"@type":"ListItem","position":3,"name":"STAUB Cocotte Ronde 24 cm Cerise"}]},{"@type":"WebSite","@id":"https:\/\/www.erresse-shop.it\/fr\/#website","url":"https:\/\/www.erresse-shop.it\/fr\/","name":"Erresse Shop","description":"Articoli di qualit\u00e0 per la casa","potentialAction":[{"@type":"SearchAction","target":{"@type":"EntryPoint","urlTemplate":"https:\/\/www.erresse-shop.it\/fr\/?s={search_term_string}"},"query-input":"required name=search_term_string"}],"inLanguage":"fr-FR"}]}},"df_price":174.95,"df_sale_price":174.95,"df_regular_price":279,"df_image_link":"https:\/\/www.erresse-shop.it\/wp-content\/uploads\/2015\/01\/products-staub-tonda-cm-300x300.jpg","_links":{"self":[{"href":"https:\/\/www.erresse-shop.it\/fr\/wp-json\/wp\/v2\/product\/66495"}],"collection":[{"href":"https:\/\/www.erresse-shop.it\/fr\/wp-json\/wp\/v2\/product"}],"about":[{"href":"https:\/\/www.erresse-shop.it\/fr\/wp-json\/wp\/v2\/types\/product"}],"wp:featuredmedia":[{"embeddable":true,"href":"https:\/\/www.erresse-shop.it\/fr\/wp-json\/wp\/v2\/media\/66361"}],"wp:attachment":[{"href":"https:\/\/www.erresse-shop.it\/fr\/wp-json\/wp\/v2\/media?parent=66495"}],"wp:term":[{"taxonomy":"product_cat","embeddable":true,"href":"https:\/\/www.erresse-shop.it\/fr\/wp-json\/wp\/v2\/product_cat?post=66495"},{"taxonomy":"product_tag","embeddable":true,"href":"https:\/\/www.erresse-shop.it\/fr\/wp-json\/wp\/v2\/product_tag?post=66495"}],"curies":[{"name":"wp","href":"https:\/\/api.w.org\/{rel}","templated":true}]}}