{"id":66294,"date":"2017-05-08T09:18:25","date_gmt":"2017-05-08T09:18:25","guid":{"rendered":"https:\/\/www.erresse-shop.it\/shop\/non%20class\u00e9\/staub-wok-with-glass-lid-37cm-noir\/"},"modified":"2025-01-13T14:35:57","modified_gmt":"2025-01-13T14:35:57","slug":"staub-wok-avec-couvercle-en-verre-37-cm-noir","status":"publish","type":"product","link":"https:\/\/www.erresse-shop.it\/fr\/shop\/poeles-pots\/wok\/staub-wok-avec-couvercle-en-verre-37-cm-noir\/","title":{"rendered":"STAUB Wok avec Couvercle en Verre 37 cm Noir"},"content":{"rendered":"<p>Le Wok en fonte \u00e9maill\u00e9e STAUB Noir mat de 37 cm, savant m\u00e9lange entre cuisine asiatique et fran\u00e7aise, est id\u00e9al pour frire, saisir, faire sauter et cuire \u00e0 la vapeur. Dot\u00e9 d\u2019un fond plat, le wok STAUB est compatible tous feux, et s\u2019utilise aussi sur induction. Avec ses poign\u00e9es en fonte solide, il assure une bonne prise en main et passe facilement de la cuisine \u00e0 la table. L\u2019int\u00e9rieur du wok est \u00e9maill\u00e9 noir mat, la marque de fabrique STAUB. Cet \u00e9mail de qualit\u00e9 sup\u00e9rieure permet d\u2019obtenir une meilleure r\u00e9sistance aux rayures et facilite l\u2019entretien. D\u2019une contenance de 5,7l, le wok est \u00e9quip\u00e9 d\u2019une grille et d\u2019un couvercle en verre. Compos\u00e9e de fonte, un alliage de fer riche en carbone, un des mat\u00e9riaux qui retiennent le mieux la chaleur. Une fois, le wok suffisamment chaud, ses propri\u00e9t\u00e9s de r\u00e9tention de la chaleur permettent de cuire les aliments, tout en conservant leurs valeurs nutritionnelles et leurs saveurs.<\/p>\n<p>&#8211; Multi-usages, pour frire, cuire, laisser mijoter ou cuire \u00e0 la vapeur<br \/>\n&#8211; L&#8217;\u00e9maillage int\u00e9rieur noir mat tr\u00e8s r\u00e9sistant \u00e0 l&#8217;usure, convient particuli\u00e8rement pour saisir, r\u00f4tir et caram\u00e9liser les aliments<br \/>\n&#8211; Adapt\u00e9 pour toutes les sources de chaleur y compris induction, peut \u00eatre utilis\u00e9 aussi au four<\/p>\n<p><strong>Donn\u00e9es Techniques<\/strong><br \/>\n&#8211; R\u00e9sistance \u00e0 la chaleur (\u00b0C): 240,00 \u00baC<br \/>\n&#8211; R\u00e9sistance au froid: -20,00 \u00baC<br \/>\n&#8211; Mat\u00e9riau: Fonte<br \/>\n&#8211; Type de manche: Poign\u00e9e lat\u00e9rale<br \/>\n&#8211; Couvercle existant: Oui<br \/>\n&#8211; Induction: Oui<br \/>\n&#8211; Compatible four: Oui<br \/>\n&#8211; Adapt\u00e9 au cong\u00e9lateur: Oui<br \/>\n&#8211; Compatible tous feux: Oui<br \/>\n&#8211; Compatible lave-vaisselle: Oui<\/p>\n<p><strong>Dimnesions<\/strong><br \/>\n&#8211; Poids net: 6,12 kg<br \/>\n&#8211; Capacit\u00e9: 5,70 l<br \/>\n&#8211; Longueur totale du produit: 46,00 cm<br \/>\n&#8211; Longueur ou largeur du produit: 37,00 cm<br \/>\n&#8211; Hauteur du produit: 10,20 cm<br \/>\n&#8211; Hauteur sans couvercle: 9,70 cm<br \/>\n&#8211; Diam\u00e8tre ou longueur: 37,00 cm<br \/>\n&#8211; Diam\u00e8tre ou largeur: 14,00 cm<br \/>\n&#8211; Longueur de la poign\u00e9e ou du manche: 4,50 cm<\/p>\n","protected":false},"excerpt":{"rendered":"<p>Le Wok en fonte \u00e9maill\u00e9e STAUB Noir mat de 37 cm, savant m\u00e9lange entre cuisine asiatique et fran\u00e7aise, est id\u00e9al<\/p>\n","protected":false},"featured_media":66295,"template":"","meta":{"_acf_changed":false,"inline_featured_image":false},"product_cat":[12458,12472],"product_tag":[12994,12461,12468],"acf":[],"yoast_head":"<!-- This site is optimized with the Yoast SEO Premium plugin v18.6 (Yoast SEO v19.13) - https:\/\/yoast.com\/wordpress\/plugins\/seo\/ -->\n<title>STAUB Wok avec Couvercle en Verre 37 cm Noir<\/title>\n<meta name=\"description\" content=\"D\u00e9couvrez STAUB Wok avec Couvercle en Verre 37 cm Noir sur ErresseShop. Qualit\u00e9, prix r\u00e9duits et achat s\u00e9curis\u00e9 \u2013 commandez d\u00e8s maintenant en ligne !\" \/>\n<meta name=\"robots\" content=\"index, follow, max-snippet:-1, max-image-preview:large, max-video-preview:-1\" \/>\n<link rel=\"canonical\" href=\"https:\/\/www.erresse-shop.it\/fr\/shop\/poeles-pots\/wok\/staub-wok-avec-couvercle-en-verre-37-cm-noir\/\" \/>\n<meta property=\"og:locale\" content=\"fr_FR\" \/>\n<meta property=\"og:type\" content=\"article\" \/>\n<meta property=\"og:title\" content=\"STAUB Wok avec Couvercle en Verre 37 cm Noir\" \/>\n<meta property=\"og:description\" content=\"D\u00e9couvrez STAUB Wok avec Couvercle en Verre 37 cm Noir sur ErresseShop. Qualit\u00e9, prix r\u00e9duits et achat s\u00e9curis\u00e9 \u2013 commandez d\u00e8s maintenant en ligne !\" \/>\n<meta property=\"og:url\" content=\"https:\/\/www.erresse-shop.it\/fr\/shop\/poeles-pots\/wok\/staub-wok-avec-couvercle-en-verre-37-cm-noir\/\" \/>\n<meta property=\"og:site_name\" content=\"Erresse Shop\" \/>\n<meta property=\"article:modified_time\" content=\"2025-01-13T14:35:57+00:00\" \/>\n<meta property=\"og:image\" content=\"https:\/\/www.erresse-shop.it\/wp-content\/uploads\/2017\/05\/products-40509-398.jpeg\" \/>\n\t<meta property=\"og:image:width\" content=\"1024\" \/>\n\t<meta property=\"og:image:height\" content=\"1024\" \/>\n\t<meta property=\"og:image:type\" content=\"image\/jpeg\" \/>\n<meta name=\"twitter:card\" content=\"summary_large_image\" \/>\n<script type=\"application\/ld+json\" class=\"yoast-schema-graph\">{\"@context\":\"https:\/\/schema.org\",\"@graph\":[{\"@type\":\"WebPage\",\"@id\":\"https:\/\/www.erresse-shop.it\/fr\/shop\/poeles-pots\/wok\/staub-wok-avec-couvercle-en-verre-37-cm-noir\/\",\"url\":\"https:\/\/www.erresse-shop.it\/fr\/shop\/poeles-pots\/wok\/staub-wok-avec-couvercle-en-verre-37-cm-noir\/\",\"name\":\"STAUB Wok avec Couvercle en Verre 37 cm Noir\",\"isPartOf\":{\"@id\":\"https:\/\/www.erresse-shop.it\/fr\/#website\"},\"datePublished\":\"2017-05-08T09:18:25+00:00\",\"dateModified\":\"2025-01-13T14:35:57+00:00\",\"description\":\"D\u00e9couvrez STAUB Wok avec Couvercle en Verre 37 cm Noir sur ErresseShop. Qualit\u00e9, prix r\u00e9duits et achat s\u00e9curis\u00e9 \u2013 commandez d\u00e8s maintenant en ligne !\",\"breadcrumb\":{\"@id\":\"https:\/\/www.erresse-shop.it\/fr\/shop\/poeles-pots\/wok\/staub-wok-avec-couvercle-en-verre-37-cm-noir\/#breadcrumb\"},\"inLanguage\":\"fr-FR\",\"potentialAction\":[{\"@type\":\"ReadAction\",\"target\":[\"https:\/\/www.erresse-shop.it\/fr\/shop\/poeles-pots\/wok\/staub-wok-avec-couvercle-en-verre-37-cm-noir\/\"]}]},{\"@type\":\"BreadcrumbList\",\"@id\":\"https:\/\/www.erresse-shop.it\/fr\/shop\/poeles-pots\/wok\/staub-wok-avec-couvercle-en-verre-37-cm-noir\/#breadcrumb\",\"itemListElement\":[{\"@type\":\"ListItem\",\"position\":1,\"name\":\"Home\",\"item\":\"https:\/\/www.erresse-shop.it\/fr\/\"},{\"@type\":\"ListItem\",\"position\":2,\"name\":\"Shop\",\"item\":\"https:\/\/www.erresse-shop.it\/fr\/shop\/\"},{\"@type\":\"ListItem\",\"position\":3,\"name\":\"STAUB Wok avec Couvercle en Verre 37 cm Noir\"}]},{\"@type\":\"WebSite\",\"@id\":\"https:\/\/www.erresse-shop.it\/fr\/#website\",\"url\":\"https:\/\/www.erresse-shop.it\/fr\/\",\"name\":\"Erresse Shop\",\"description\":\"Articoli di qualit\u00e0 per la casa\",\"potentialAction\":[{\"@type\":\"SearchAction\",\"target\":{\"@type\":\"EntryPoint\",\"urlTemplate\":\"https:\/\/www.erresse-shop.it\/fr\/?s={search_term_string}\"},\"query-input\":\"required name=search_term_string\"}],\"inLanguage\":\"fr-FR\"}]}<\/script>\n<!-- \/ Yoast SEO Premium plugin. -->","yoast_head_json":{"title":"STAUB Wok avec Couvercle en Verre 37 cm Noir","description":"D\u00e9couvrez STAUB Wok avec Couvercle en Verre 37 cm Noir sur ErresseShop. Qualit\u00e9, prix r\u00e9duits et achat s\u00e9curis\u00e9 \u2013 commandez d\u00e8s maintenant en ligne !","robots":{"index":"index","follow":"follow","max-snippet":"max-snippet:-1","max-image-preview":"max-image-preview:large","max-video-preview":"max-video-preview:-1"},"canonical":"https:\/\/www.erresse-shop.it\/fr\/shop\/poeles-pots\/wok\/staub-wok-avec-couvercle-en-verre-37-cm-noir\/","og_locale":"fr_FR","og_type":"article","og_title":"STAUB Wok avec Couvercle en Verre 37 cm Noir","og_description":"D\u00e9couvrez STAUB Wok avec Couvercle en Verre 37 cm Noir sur ErresseShop. Qualit\u00e9, prix r\u00e9duits et achat s\u00e9curis\u00e9 \u2013 commandez d\u00e8s maintenant en ligne !","og_url":"https:\/\/www.erresse-shop.it\/fr\/shop\/poeles-pots\/wok\/staub-wok-avec-couvercle-en-verre-37-cm-noir\/","og_site_name":"Erresse Shop","article_modified_time":"2025-01-13T14:35:57+00:00","og_image":[{"width":1024,"height":1024,"url":"https:\/\/www.erresse-shop.it\/wp-content\/uploads\/2017\/05\/products-40509-398.jpeg","type":"image\/jpeg"}],"twitter_card":"summary_large_image","schema":{"@context":"https:\/\/schema.org","@graph":[{"@type":"WebPage","@id":"https:\/\/www.erresse-shop.it\/fr\/shop\/poeles-pots\/wok\/staub-wok-avec-couvercle-en-verre-37-cm-noir\/","url":"https:\/\/www.erresse-shop.it\/fr\/shop\/poeles-pots\/wok\/staub-wok-avec-couvercle-en-verre-37-cm-noir\/","name":"STAUB Wok avec Couvercle en Verre 37 cm Noir","isPartOf":{"@id":"https:\/\/www.erresse-shop.it\/fr\/#website"},"datePublished":"2017-05-08T09:18:25+00:00","dateModified":"2025-01-13T14:35:57+00:00","description":"D\u00e9couvrez STAUB Wok avec Couvercle en Verre 37 cm Noir sur ErresseShop. Qualit\u00e9, prix r\u00e9duits et achat s\u00e9curis\u00e9 \u2013 commandez d\u00e8s maintenant en ligne !","breadcrumb":{"@id":"https:\/\/www.erresse-shop.it\/fr\/shop\/poeles-pots\/wok\/staub-wok-avec-couvercle-en-verre-37-cm-noir\/#breadcrumb"},"inLanguage":"fr-FR","potentialAction":[{"@type":"ReadAction","target":["https:\/\/www.erresse-shop.it\/fr\/shop\/poeles-pots\/wok\/staub-wok-avec-couvercle-en-verre-37-cm-noir\/"]}]},{"@type":"BreadcrumbList","@id":"https:\/\/www.erresse-shop.it\/fr\/shop\/poeles-pots\/wok\/staub-wok-avec-couvercle-en-verre-37-cm-noir\/#breadcrumb","itemListElement":[{"@type":"ListItem","position":1,"name":"Home","item":"https:\/\/www.erresse-shop.it\/fr\/"},{"@type":"ListItem","position":2,"name":"Shop","item":"https:\/\/www.erresse-shop.it\/fr\/shop\/"},{"@type":"ListItem","position":3,"name":"STAUB Wok avec Couvercle en Verre 37 cm Noir"}]},{"@type":"WebSite","@id":"https:\/\/www.erresse-shop.it\/fr\/#website","url":"https:\/\/www.erresse-shop.it\/fr\/","name":"Erresse Shop","description":"Articoli di qualit\u00e0 per la casa","potentialAction":[{"@type":"SearchAction","target":{"@type":"EntryPoint","urlTemplate":"https:\/\/www.erresse-shop.it\/fr\/?s={search_term_string}"},"query-input":"required name=search_term_string"}],"inLanguage":"fr-FR"}]}},"df_price":129.5,"df_sale_price":129.5,"df_regular_price":259,"df_image_link":"https:\/\/www.erresse-shop.it\/wp-content\/uploads\/2017\/05\/products-40509-398-300x300.jpeg","_links":{"self":[{"href":"https:\/\/www.erresse-shop.it\/fr\/wp-json\/wp\/v2\/product\/66294"}],"collection":[{"href":"https:\/\/www.erresse-shop.it\/fr\/wp-json\/wp\/v2\/product"}],"about":[{"href":"https:\/\/www.erresse-shop.it\/fr\/wp-json\/wp\/v2\/types\/product"}],"wp:featuredmedia":[{"embeddable":true,"href":"https:\/\/www.erresse-shop.it\/fr\/wp-json\/wp\/v2\/media\/66295"}],"wp:attachment":[{"href":"https:\/\/www.erresse-shop.it\/fr\/wp-json\/wp\/v2\/media?parent=66294"}],"wp:term":[{"taxonomy":"product_cat","embeddable":true,"href":"https:\/\/www.erresse-shop.it\/fr\/wp-json\/wp\/v2\/product_cat?post=66294"},{"taxonomy":"product_tag","embeddable":true,"href":"https:\/\/www.erresse-shop.it\/fr\/wp-json\/wp\/v2\/product_tag?post=66294"}],"curies":[{"name":"wp","href":"https:\/\/api.w.org\/{rel}","templated":true}]}}