{"id":66183,"date":"2018-08-31T16:16:20","date_gmt":"2018-08-31T16:16:20","guid":{"rendered":"https:\/\/www.erresse-shop.it\/shop\/non%20class\u00e9\/le-creuset-tagine-en-fonte-emaillee-35cm-cerise\/"},"modified":"2025-01-13T14:33:39","modified_gmt":"2025-01-13T14:33:39","slug":"le-creuset-tagine-en-fonte-emaillee-35cm-cerise","status":"publish","type":"product","link":"https:\/\/www.erresse-shop.it\/fr\/shop\/poeles-pots\/tajine\/le-creuset-tagine-en-fonte-emaillee-35cm-cerise\/","title":{"rendered":"LE CREUSET Tajine en fonte 35 cm Cerise"},"content":{"rendered":"<p>Notre <strong>tajine<\/strong> en fonte vitrifi\u00e9e est parfait pour pr\u00e9parer un d\u00e9jeuner marocain convivial, mais ses avantages ne s&#8217;arr\u00eatent pas l\u00e0. Utilisez-le pour cuire lentement des viandes ou des l\u00e9gumes, de quelque mani\u00e8re que ce soit, en ajoutant une petite quantit\u00e9 de liquide. Le fond en fonte vitrifi\u00e9e cuit les aliments de mani\u00e8re uniforme, tandis que le couvercle en gr\u00e8s vitrifi\u00e9 retient la vapeur pour former de petites gouttes d&#8217;eau qui tombent sur les ingr\u00e9dients, les rendant plus juteux et parfum\u00e9s.<\/p>\n<p><strong>Fonte \u00e9maill\u00e9e :<\/strong><\/p>\n<p>&#8211; R\u00e9partition uniforme de la chaleur sans zones de surchauffe.<br \/>\n&#8211; Excellente r\u00e9tention de la chaleur.<br \/>\n&#8211; Bouton en acier inoxydable r\u00e9sistant \u00e0 toute temp\u00e9rature et\/ou bouton ph\u00e9nolique r\u00e9sistant jusqu&#8217;\u00e0 180\u00b0C.<br \/>\n&#8211; Poign\u00e9es con\u00e7ues pour une excellente pr\u00e9hension.<br \/>\n&#8211; Surface interne et externe vitrifi\u00e9e. Il n&#8217;absorbe pas l&#8217;humidit\u00e9, la saveur ou l&#8217;odeur des aliments.<br \/>\n&#8211; Nettoyage facile.<br \/>\n&#8211; Durabilit\u00e9 exceptionnelle.<\/p>\n<p>Mat\u00e9riau : fonte vitrifi\u00e9e<br \/>\nFabriqu\u00e9 en France<br \/>\nGarantie : \u00e0 vie<\/p>\n<p><strong>Source de chaleur :<\/strong><\/p>\n<ul>\n<li>Four<\/li>\n<li>Four en mode grill<\/li>\n<li>Plaque \u00e9lectrique<\/li>\n<li>Verre c\u00e9ramique<\/li>\n<li>Cuisson \u00e0 gaz<\/li>\n<li>Plaque \u00e0 induction<\/li>\n<\/ul>\n<p><strong>Nettoyage et entretien :<\/strong><\/p>\n<ul>\n<li>Attendez que le produit refroidisse avant de commencer \u00e0 le nettoyer.<\/li>\n<li>Nettoyez tous les restes de la base et des c\u00f4t\u00e9s du produit. S&#8217;il y a des aliments coinc\u00e9s, remplissez le produit avec de l&#8217;eau ti\u00e8de savonneuse et laissez-le tremper pendant 15 \u00e0 20 minutes avant de le laver comme d&#8217;habitude.<\/li>\n<li>N&#8217;utilisez pas de nettoyants abrasifs ni d&#8217;\u00e9ponges ou de brosses m\u00e9talliques, abrasives ou tr\u00e8s rigides sur aucune des surfaces.<\/li>\n<li>Bien s\u00e9cher apr\u00e8s le lavage et conserver dans un endroit sec.<\/li>\n<\/ul>\n<div class=\"su-youtube su-u-responsive-media-yes\"><iframe loading=\"lazy\" width=\"500\" height=\"200\" src=\"https:\/\/www.youtube.com\/embed\/YoiKOay1xos?\" frameborder=\"0\" allowfullscreen allow=\"autoplay; encrypted-media; picture-in-picture\" title=\"\"><\/iframe><\/div>\n","protected":false},"excerpt":{"rendered":"<p>Notre tajine en fonte vitrifi\u00e9e est parfait pour pr\u00e9parer un d\u00e9jeuner marocain convivial, mais ses avantages ne s&#8217;arr\u00eatent pas l\u00e0.<\/p>\n","protected":false},"featured_media":477931,"template":"","meta":{"_acf_changed":false,"inline_featured_image":false},"product_cat":[12458,14784],"product_tag":[12994,12460,12461,13271,13272],"acf":[],"yoast_head":"<!-- This site is optimized with the Yoast SEO Premium plugin v18.6 (Yoast SEO v19.13) - https:\/\/yoast.com\/wordpress\/plugins\/seo\/ -->\n<title>LE CREUSET Tajine en fonte 35 cm Cerise<\/title>\n<meta name=\"description\" content=\"D\u00e9couvrez LE CREUSET Tajine en fonte 35 cm Cerise sur ErresseShop. Qualit\u00e9, prix r\u00e9duits et achat s\u00e9curis\u00e9 \u2013 commandez d\u00e8s maintenant en ligne !\" \/>\n<meta name=\"robots\" content=\"index, follow, max-snippet:-1, max-image-preview:large, max-video-preview:-1\" \/>\n<link rel=\"canonical\" href=\"https:\/\/www.erresse-shop.it\/fr\/shop\/poeles-pots\/tajine\/le-creuset-tagine-en-fonte-emaillee-35cm-cerise\/\" \/>\n<meta property=\"og:locale\" content=\"fr_FR\" \/>\n<meta property=\"og:type\" content=\"article\" \/>\n<meta property=\"og:title\" content=\"LE CREUSET Tajine en fonte 35 cm Cerise\" \/>\n<meta property=\"og:description\" content=\"D\u00e9couvrez LE CREUSET Tajine en fonte 35 cm Cerise sur ErresseShop. Qualit\u00e9, prix r\u00e9duits et achat s\u00e9curis\u00e9 \u2013 commandez d\u00e8s maintenant en ligne !\" \/>\n<meta property=\"og:url\" content=\"https:\/\/www.erresse-shop.it\/fr\/shop\/poeles-pots\/tajine\/le-creuset-tagine-en-fonte-emaillee-35cm-cerise\/\" \/>\n<meta property=\"og:site_name\" content=\"Erresse Shop\" \/>\n<meta property=\"article:modified_time\" content=\"2025-01-13T14:33:39+00:00\" \/>\n<meta property=\"og:image\" content=\"https:\/\/www.erresse-shop.it\/wp-content\/uploads\/2018\/08\/LE-CREUSET-Tajine-in-Ghisa-35-cm-Ciliegia.png\" \/>\n\t<meta property=\"og:image:width\" content=\"800\" \/>\n\t<meta property=\"og:image:height\" content=\"800\" \/>\n\t<meta property=\"og:image:type\" content=\"image\/png\" \/>\n<meta name=\"twitter:card\" content=\"summary_large_image\" \/>\n<script type=\"application\/ld+json\" class=\"yoast-schema-graph\">{\"@context\":\"https:\/\/schema.org\",\"@graph\":[{\"@type\":\"WebPage\",\"@id\":\"https:\/\/www.erresse-shop.it\/fr\/shop\/poeles-pots\/tajine\/le-creuset-tagine-en-fonte-emaillee-35cm-cerise\/\",\"url\":\"https:\/\/www.erresse-shop.it\/fr\/shop\/poeles-pots\/tajine\/le-creuset-tagine-en-fonte-emaillee-35cm-cerise\/\",\"name\":\"LE CREUSET Tajine en fonte 35 cm Cerise\",\"isPartOf\":{\"@id\":\"https:\/\/www.erresse-shop.it\/fr\/#website\"},\"datePublished\":\"2018-08-31T16:16:20+00:00\",\"dateModified\":\"2025-01-13T14:33:39+00:00\",\"description\":\"D\u00e9couvrez LE CREUSET Tajine en fonte 35 cm Cerise sur ErresseShop. Qualit\u00e9, prix r\u00e9duits et achat s\u00e9curis\u00e9 \u2013 commandez d\u00e8s maintenant en ligne !\",\"breadcrumb\":{\"@id\":\"https:\/\/www.erresse-shop.it\/fr\/shop\/poeles-pots\/tajine\/le-creuset-tagine-en-fonte-emaillee-35cm-cerise\/#breadcrumb\"},\"inLanguage\":\"fr-FR\",\"potentialAction\":[{\"@type\":\"ReadAction\",\"target\":[\"https:\/\/www.erresse-shop.it\/fr\/shop\/poeles-pots\/tajine\/le-creuset-tagine-en-fonte-emaillee-35cm-cerise\/\"]}]},{\"@type\":\"BreadcrumbList\",\"@id\":\"https:\/\/www.erresse-shop.it\/fr\/shop\/poeles-pots\/tajine\/le-creuset-tagine-en-fonte-emaillee-35cm-cerise\/#breadcrumb\",\"itemListElement\":[{\"@type\":\"ListItem\",\"position\":1,\"name\":\"Home\",\"item\":\"https:\/\/www.erresse-shop.it\/fr\/\"},{\"@type\":\"ListItem\",\"position\":2,\"name\":\"Shop\",\"item\":\"https:\/\/www.erresse-shop.it\/fr\/shop\/\"},{\"@type\":\"ListItem\",\"position\":3,\"name\":\"LE CREUSET Tajine en fonte 35 cm Cerise\"}]},{\"@type\":\"WebSite\",\"@id\":\"https:\/\/www.erresse-shop.it\/fr\/#website\",\"url\":\"https:\/\/www.erresse-shop.it\/fr\/\",\"name\":\"Erresse Shop\",\"description\":\"Articoli di qualit\u00e0 per la casa\",\"potentialAction\":[{\"@type\":\"SearchAction\",\"target\":{\"@type\":\"EntryPoint\",\"urlTemplate\":\"https:\/\/www.erresse-shop.it\/fr\/?s={search_term_string}\"},\"query-input\":\"required name=search_term_string\"}],\"inLanguage\":\"fr-FR\"}]}<\/script>\n<!-- \/ Yoast SEO Premium plugin. -->","yoast_head_json":{"title":"LE CREUSET Tajine en fonte 35 cm Cerise","description":"D\u00e9couvrez LE CREUSET Tajine en fonte 35 cm Cerise sur ErresseShop. Qualit\u00e9, prix r\u00e9duits et achat s\u00e9curis\u00e9 \u2013 commandez d\u00e8s maintenant en ligne !","robots":{"index":"index","follow":"follow","max-snippet":"max-snippet:-1","max-image-preview":"max-image-preview:large","max-video-preview":"max-video-preview:-1"},"canonical":"https:\/\/www.erresse-shop.it\/fr\/shop\/poeles-pots\/tajine\/le-creuset-tagine-en-fonte-emaillee-35cm-cerise\/","og_locale":"fr_FR","og_type":"article","og_title":"LE CREUSET Tajine en fonte 35 cm Cerise","og_description":"D\u00e9couvrez LE CREUSET Tajine en fonte 35 cm Cerise sur ErresseShop. Qualit\u00e9, prix r\u00e9duits et achat s\u00e9curis\u00e9 \u2013 commandez d\u00e8s maintenant en ligne !","og_url":"https:\/\/www.erresse-shop.it\/fr\/shop\/poeles-pots\/tajine\/le-creuset-tagine-en-fonte-emaillee-35cm-cerise\/","og_site_name":"Erresse Shop","article_modified_time":"2025-01-13T14:33:39+00:00","og_image":[{"width":800,"height":800,"url":"https:\/\/www.erresse-shop.it\/wp-content\/uploads\/2018\/08\/LE-CREUSET-Tajine-in-Ghisa-35-cm-Ciliegia.png","type":"image\/png"}],"twitter_card":"summary_large_image","schema":{"@context":"https:\/\/schema.org","@graph":[{"@type":"WebPage","@id":"https:\/\/www.erresse-shop.it\/fr\/shop\/poeles-pots\/tajine\/le-creuset-tagine-en-fonte-emaillee-35cm-cerise\/","url":"https:\/\/www.erresse-shop.it\/fr\/shop\/poeles-pots\/tajine\/le-creuset-tagine-en-fonte-emaillee-35cm-cerise\/","name":"LE CREUSET Tajine en fonte 35 cm Cerise","isPartOf":{"@id":"https:\/\/www.erresse-shop.it\/fr\/#website"},"datePublished":"2018-08-31T16:16:20+00:00","dateModified":"2025-01-13T14:33:39+00:00","description":"D\u00e9couvrez LE CREUSET Tajine en fonte 35 cm Cerise sur ErresseShop. Qualit\u00e9, prix r\u00e9duits et achat s\u00e9curis\u00e9 \u2013 commandez d\u00e8s maintenant en ligne !","breadcrumb":{"@id":"https:\/\/www.erresse-shop.it\/fr\/shop\/poeles-pots\/tajine\/le-creuset-tagine-en-fonte-emaillee-35cm-cerise\/#breadcrumb"},"inLanguage":"fr-FR","potentialAction":[{"@type":"ReadAction","target":["https:\/\/www.erresse-shop.it\/fr\/shop\/poeles-pots\/tajine\/le-creuset-tagine-en-fonte-emaillee-35cm-cerise\/"]}]},{"@type":"BreadcrumbList","@id":"https:\/\/www.erresse-shop.it\/fr\/shop\/poeles-pots\/tajine\/le-creuset-tagine-en-fonte-emaillee-35cm-cerise\/#breadcrumb","itemListElement":[{"@type":"ListItem","position":1,"name":"Home","item":"https:\/\/www.erresse-shop.it\/fr\/"},{"@type":"ListItem","position":2,"name":"Shop","item":"https:\/\/www.erresse-shop.it\/fr\/shop\/"},{"@type":"ListItem","position":3,"name":"LE CREUSET Tajine en fonte 35 cm Cerise"}]},{"@type":"WebSite","@id":"https:\/\/www.erresse-shop.it\/fr\/#website","url":"https:\/\/www.erresse-shop.it\/fr\/","name":"Erresse Shop","description":"Articoli di qualit\u00e0 per la casa","potentialAction":[{"@type":"SearchAction","target":{"@type":"EntryPoint","urlTemplate":"https:\/\/www.erresse-shop.it\/fr\/?s={search_term_string}"},"query-input":"required name=search_term_string"}],"inLanguage":"fr-FR"}]}},"df_price":272.3,"df_sale_price":272.3,"df_regular_price":389,"df_image_link":"https:\/\/www.erresse-shop.it\/wp-content\/uploads\/2018\/08\/LE-CREUSET-Tajine-in-Ghisa-35-cm-Ciliegia-300x300.jpg","_links":{"self":[{"href":"https:\/\/www.erresse-shop.it\/fr\/wp-json\/wp\/v2\/product\/66183"}],"collection":[{"href":"https:\/\/www.erresse-shop.it\/fr\/wp-json\/wp\/v2\/product"}],"about":[{"href":"https:\/\/www.erresse-shop.it\/fr\/wp-json\/wp\/v2\/types\/product"}],"wp:featuredmedia":[{"embeddable":true,"href":"https:\/\/www.erresse-shop.it\/fr\/wp-json\/wp\/v2\/media\/477931"}],"wp:attachment":[{"href":"https:\/\/www.erresse-shop.it\/fr\/wp-json\/wp\/v2\/media?parent=66183"}],"wp:term":[{"taxonomy":"product_cat","embeddable":true,"href":"https:\/\/www.erresse-shop.it\/fr\/wp-json\/wp\/v2\/product_cat?post=66183"},{"taxonomy":"product_tag","embeddable":true,"href":"https:\/\/www.erresse-shop.it\/fr\/wp-json\/wp\/v2\/product_tag?post=66183"}],"curies":[{"name":"wp","href":"https:\/\/api.w.org\/{rel}","templated":true}]}}