{"id":66178,"date":"2018-08-31T16:59:36","date_gmt":"2018-08-31T16:59:36","guid":{"rendered":"https:\/\/www.erresse-shop.it\/shop\/non%20class\u00e9\/le-creuset-poele-en-fonte-emaillee-avec-manche-en-bois-24-cm-noir-mat\/"},"modified":"2025-07-03T15:29:41","modified_gmt":"2025-07-03T15:29:41","slug":"le-creuset-poele-en-fonte-emaillee-avec-manche-en-bois-24-cm-noir-mat","status":"publish","type":"product","link":"https:\/\/www.erresse-shop.it\/fr\/shop\/poeles-pots\/poeles\/le-creuset-poele-en-fonte-emaillee-avec-manche-en-bois-24-cm-noir-mat\/","title":{"rendered":"LE CREUSET Po\u00eale basse en fonte 24 cm Noir"},"content":{"rendered":"<p>Frire et sauter deviennent un plaisir avec notre po\u00eale haute Evolution en fonte vitrifi\u00e9e, parfaite pour cr\u00e9er de nombreux plats d\u00e9licieux. Avec des parois lat\u00e9rales plus hautes pour cuire tous les aliments, son look \u00e9l\u00e9gant et moderne comprend une poign\u00e9e en bois qui ne surchauffera pas et une grande poign\u00e9e pour faciliter la prise et le d\u00e9placement de la po\u00eale. Utilisez cette po\u00eale sur n&#8217;importe quelle source de chaleur sauf le four. Ne le mettez pas au lave-vaisselle, afin de prot\u00e9ger \u00e9galement la poign\u00e9e.<\/p>\n<ul>\n<li>Des aliments savoureux : la fonte vitrifi\u00e9e retient la chaleur pour une cuisson et une saisie uniformes. Vos d\u00e9licieuses cr\u00e9ations resteront chaudes plus longtemps m\u00eame \u00e0 table.<\/li>\n<li>Une aide pr\u00e9cieuse : la poign\u00e9e pratique permet de soulever facilement le produit et de le d\u00e9placer de la plaque de cuisson, au four et \u00e0 la table.<\/li>\n<li>Pas trop chaud : cuisinez \u00e0 une chaleur constante, faible \u00e0 moyenne, pour prendre soin de votre produit en fonte vitrifi\u00e9e et obtenir de d\u00e9licieux r\u00e9sultats.<\/li>\n<li>Il s&#8217;am\u00e9liore avec le temps : l&#8217;int\u00e9rieur vitrifi\u00e9 d\u00e9veloppe une patine naturelle qui se comporte presque comme une surface antiadh\u00e9sive. Sa finition poss\u00e8de des propri\u00e9t\u00e9s qui emp\u00eachent les aliments de coller m\u00eame avec de petites quantit\u00e9s d&#8217;huile. Laver le produit uniquement avec de l&#8217;eau pour permettre \u00e0 la patine de se d\u00e9velopper.<\/li>\n<li>Nos produits sont fabriqu\u00e9s avec les meilleurs mat\u00e9riaux dans des usines situ\u00e9es dans le monde entier pour garantir la qualit\u00e9 que vous attendez de Le Creuset.<\/li>\n<li>Avec un look moderne : le manche en bois a un design \u00e9l\u00e9gant et ne surchauffe pas.<\/li>\n<\/ul>\n<p>Mat\u00e9riau : fonte vitrifi\u00e9e<br \/>\nFabriqu\u00e9 en France<br \/>\nGarantie : \u00e0 vie<\/p>\n<p><strong>Source de chaleur :<\/strong><\/p>\n<ul>\n<li>Plaque \u00e9lectrique<\/li>\n<li>Verre c\u00e9ramique<\/li>\n<li>Cuisson \u00e0 gaz<\/li>\n<li>Plaque \u00e0 induction<\/li>\n<\/ul>\n<p><strong>Nettoyage et entretien :<\/strong><\/p>\n<ul>\n<li>Attendez que le produit refroidisse avant de commencer \u00e0 le nettoyer.<\/li>\n<li>Nettoyez tous les restes de la base et des c\u00f4t\u00e9s du produit. S&#8217;il y a des aliments coinc\u00e9s, remplissez le produit avec de l&#8217;eau ti\u00e8de savonneuse et laissez-le tremper pendant 15 \u00e0 20 minutes avant de le laver comme d&#8217;habitude.<\/li>\n<li>N&#8217;utilisez pas de nettoyants abrasifs ni d&#8217;\u00e9ponges ou de brosses m\u00e9talliques, abrasives ou tr\u00e8s rigides sur aucune des surfaces.<\/li>\n<li>Bien s\u00e9cher apr\u00e8s le lavage et conserver dans un endroit sec.<\/li>\n<\/ul>\n<div class=\"su-youtube su-u-responsive-media-yes\"><iframe loading=\"lazy\" width=\"500\" height=\"200\" src=\"https:\/\/www.youtube.com\/embed\/YoiKOay1xos?\" frameborder=\"0\" allowfullscreen allow=\"autoplay; encrypted-media; picture-in-picture\" title=\"\"><\/iframe><\/div>\n","protected":false},"excerpt":{"rendered":"<p>Frire et sauter deviennent un plaisir avec notre po\u00eale haute Evolution en fonte vitrifi\u00e9e, parfaite pour cr\u00e9er de nombreux plats<\/p>\n","protected":false},"featured_media":503662,"template":"","meta":{"_acf_changed":false,"inline_featured_image":false},"product_cat":[12458,14802],"product_tag":[12994,12460,12461,12462,13273,13178,21821],"acf":[],"yoast_head":"<!-- This site is optimized with the Yoast SEO Premium plugin v18.6 (Yoast SEO v19.13) - https:\/\/yoast.com\/wordpress\/plugins\/seo\/ -->\n<title>LE CREUSET Po\u00eale basse en fonte 24 cm Noir<\/title>\n<meta name=\"description\" content=\"D\u00e9couvrez LE CREUSET Po\u00eale basse en fonte 24 cm Noir sur ErresseShop. Qualit\u00e9, prix r\u00e9duits et achat s\u00e9curis\u00e9 \u2013 commandez d\u00e8s maintenant en ligne !\" \/>\n<meta name=\"robots\" content=\"index, follow, max-snippet:-1, max-image-preview:large, max-video-preview:-1\" \/>\n<link rel=\"canonical\" href=\"https:\/\/www.erresse-shop.it\/fr\/shop\/poeles-pots\/poeles\/le-creuset-poele-en-fonte-emaillee-avec-manche-en-bois-24-cm-noir-mat\/\" \/>\n<meta property=\"og:locale\" content=\"fr_FR\" \/>\n<meta property=\"og:type\" content=\"article\" \/>\n<meta property=\"og:title\" content=\"LE CREUSET Po\u00eale basse en fonte 24 cm Noir\" \/>\n<meta property=\"og:description\" content=\"D\u00e9couvrez LE CREUSET Po\u00eale basse en fonte 24 cm Noir sur ErresseShop. Qualit\u00e9, prix r\u00e9duits et achat s\u00e9curis\u00e9 \u2013 commandez d\u00e8s maintenant en ligne !\" \/>\n<meta property=\"og:url\" content=\"https:\/\/www.erresse-shop.it\/fr\/shop\/poeles-pots\/poeles\/le-creuset-poele-en-fonte-emaillee-avec-manche-en-bois-24-cm-noir-mat\/\" \/>\n<meta property=\"og:site_name\" content=\"Erresse Shop\" \/>\n<meta property=\"article:modified_time\" content=\"2025-07-03T15:29:41+00:00\" \/>\n<meta property=\"og:image\" content=\"https:\/\/www.erresse-shop.it\/wp-content\/uploads\/2018\/08\/LE-CREUSET-Padella-Bassa-in-Ghisa-24-cm-Nero.png\" \/>\n\t<meta property=\"og:image:width\" content=\"800\" \/>\n\t<meta property=\"og:image:height\" content=\"800\" \/>\n\t<meta property=\"og:image:type\" content=\"image\/png\" \/>\n<meta name=\"twitter:card\" content=\"summary_large_image\" \/>\n<script type=\"application\/ld+json\" class=\"yoast-schema-graph\">{\"@context\":\"https:\/\/schema.org\",\"@graph\":[{\"@type\":\"WebPage\",\"@id\":\"https:\/\/www.erresse-shop.it\/fr\/shop\/poeles-pots\/poeles\/le-creuset-poele-en-fonte-emaillee-avec-manche-en-bois-24-cm-noir-mat\/\",\"url\":\"https:\/\/www.erresse-shop.it\/fr\/shop\/poeles-pots\/poeles\/le-creuset-poele-en-fonte-emaillee-avec-manche-en-bois-24-cm-noir-mat\/\",\"name\":\"LE CREUSET Po\u00eale basse en fonte 24 cm Noir\",\"isPartOf\":{\"@id\":\"https:\/\/www.erresse-shop.it\/fr\/#website\"},\"datePublished\":\"2018-08-31T16:59:36+00:00\",\"dateModified\":\"2025-07-03T15:29:41+00:00\",\"description\":\"D\u00e9couvrez LE CREUSET Po\u00eale basse en fonte 24 cm Noir sur ErresseShop. Qualit\u00e9, prix r\u00e9duits et achat s\u00e9curis\u00e9 \u2013 commandez d\u00e8s maintenant en ligne !\",\"breadcrumb\":{\"@id\":\"https:\/\/www.erresse-shop.it\/fr\/shop\/poeles-pots\/poeles\/le-creuset-poele-en-fonte-emaillee-avec-manche-en-bois-24-cm-noir-mat\/#breadcrumb\"},\"inLanguage\":\"fr-FR\",\"potentialAction\":[{\"@type\":\"ReadAction\",\"target\":[\"https:\/\/www.erresse-shop.it\/fr\/shop\/poeles-pots\/poeles\/le-creuset-poele-en-fonte-emaillee-avec-manche-en-bois-24-cm-noir-mat\/\"]}]},{\"@type\":\"BreadcrumbList\",\"@id\":\"https:\/\/www.erresse-shop.it\/fr\/shop\/poeles-pots\/poeles\/le-creuset-poele-en-fonte-emaillee-avec-manche-en-bois-24-cm-noir-mat\/#breadcrumb\",\"itemListElement\":[{\"@type\":\"ListItem\",\"position\":1,\"name\":\"Home\",\"item\":\"https:\/\/www.erresse-shop.it\/fr\/\"},{\"@type\":\"ListItem\",\"position\":2,\"name\":\"Shop\",\"item\":\"https:\/\/www.erresse-shop.it\/fr\/shop\/\"},{\"@type\":\"ListItem\",\"position\":3,\"name\":\"LE CREUSET Po\u00eale basse en fonte 24 cm Noir\"}]},{\"@type\":\"WebSite\",\"@id\":\"https:\/\/www.erresse-shop.it\/fr\/#website\",\"url\":\"https:\/\/www.erresse-shop.it\/fr\/\",\"name\":\"Erresse Shop\",\"description\":\"Articoli di qualit\u00e0 per la casa\",\"potentialAction\":[{\"@type\":\"SearchAction\",\"target\":{\"@type\":\"EntryPoint\",\"urlTemplate\":\"https:\/\/www.erresse-shop.it\/fr\/?s={search_term_string}\"},\"query-input\":\"required name=search_term_string\"}],\"inLanguage\":\"fr-FR\"}]}<\/script>\n<!-- \/ Yoast SEO Premium plugin. -->","yoast_head_json":{"title":"LE CREUSET Po\u00eale basse en fonte 24 cm Noir","description":"D\u00e9couvrez LE CREUSET Po\u00eale basse en fonte 24 cm Noir sur ErresseShop. Qualit\u00e9, prix r\u00e9duits et achat s\u00e9curis\u00e9 \u2013 commandez d\u00e8s maintenant en ligne !","robots":{"index":"index","follow":"follow","max-snippet":"max-snippet:-1","max-image-preview":"max-image-preview:large","max-video-preview":"max-video-preview:-1"},"canonical":"https:\/\/www.erresse-shop.it\/fr\/shop\/poeles-pots\/poeles\/le-creuset-poele-en-fonte-emaillee-avec-manche-en-bois-24-cm-noir-mat\/","og_locale":"fr_FR","og_type":"article","og_title":"LE CREUSET Po\u00eale basse en fonte 24 cm Noir","og_description":"D\u00e9couvrez LE CREUSET Po\u00eale basse en fonte 24 cm Noir sur ErresseShop. Qualit\u00e9, prix r\u00e9duits et achat s\u00e9curis\u00e9 \u2013 commandez d\u00e8s maintenant en ligne !","og_url":"https:\/\/www.erresse-shop.it\/fr\/shop\/poeles-pots\/poeles\/le-creuset-poele-en-fonte-emaillee-avec-manche-en-bois-24-cm-noir-mat\/","og_site_name":"Erresse Shop","article_modified_time":"2025-07-03T15:29:41+00:00","og_image":[{"width":800,"height":800,"url":"https:\/\/www.erresse-shop.it\/wp-content\/uploads\/2018\/08\/LE-CREUSET-Padella-Bassa-in-Ghisa-24-cm-Nero.png","type":"image\/png"}],"twitter_card":"summary_large_image","schema":{"@context":"https:\/\/schema.org","@graph":[{"@type":"WebPage","@id":"https:\/\/www.erresse-shop.it\/fr\/shop\/poeles-pots\/poeles\/le-creuset-poele-en-fonte-emaillee-avec-manche-en-bois-24-cm-noir-mat\/","url":"https:\/\/www.erresse-shop.it\/fr\/shop\/poeles-pots\/poeles\/le-creuset-poele-en-fonte-emaillee-avec-manche-en-bois-24-cm-noir-mat\/","name":"LE CREUSET Po\u00eale basse en fonte 24 cm Noir","isPartOf":{"@id":"https:\/\/www.erresse-shop.it\/fr\/#website"},"datePublished":"2018-08-31T16:59:36+00:00","dateModified":"2025-07-03T15:29:41+00:00","description":"D\u00e9couvrez LE CREUSET Po\u00eale basse en fonte 24 cm Noir sur ErresseShop. Qualit\u00e9, prix r\u00e9duits et achat s\u00e9curis\u00e9 \u2013 commandez d\u00e8s maintenant en ligne !","breadcrumb":{"@id":"https:\/\/www.erresse-shop.it\/fr\/shop\/poeles-pots\/poeles\/le-creuset-poele-en-fonte-emaillee-avec-manche-en-bois-24-cm-noir-mat\/#breadcrumb"},"inLanguage":"fr-FR","potentialAction":[{"@type":"ReadAction","target":["https:\/\/www.erresse-shop.it\/fr\/shop\/poeles-pots\/poeles\/le-creuset-poele-en-fonte-emaillee-avec-manche-en-bois-24-cm-noir-mat\/"]}]},{"@type":"BreadcrumbList","@id":"https:\/\/www.erresse-shop.it\/fr\/shop\/poeles-pots\/poeles\/le-creuset-poele-en-fonte-emaillee-avec-manche-en-bois-24-cm-noir-mat\/#breadcrumb","itemListElement":[{"@type":"ListItem","position":1,"name":"Home","item":"https:\/\/www.erresse-shop.it\/fr\/"},{"@type":"ListItem","position":2,"name":"Shop","item":"https:\/\/www.erresse-shop.it\/fr\/shop\/"},{"@type":"ListItem","position":3,"name":"LE CREUSET Po\u00eale basse en fonte 24 cm Noir"}]},{"@type":"WebSite","@id":"https:\/\/www.erresse-shop.it\/fr\/#website","url":"https:\/\/www.erresse-shop.it\/fr\/","name":"Erresse Shop","description":"Articoli di qualit\u00e0 per la casa","potentialAction":[{"@type":"SearchAction","target":{"@type":"EntryPoint","urlTemplate":"https:\/\/www.erresse-shop.it\/fr\/?s={search_term_string}"},"query-input":"required name=search_term_string"}],"inLanguage":"fr-FR"}]}},"df_price":154,"df_sale_price":154,"df_regular_price":209,"df_image_link":"https:\/\/www.erresse-shop.it\/wp-content\/uploads\/2018\/08\/LE-CREUSET-Padella-Bassa-24-cm-Nero-300x300.jpg","_links":{"self":[{"href":"https:\/\/www.erresse-shop.it\/fr\/wp-json\/wp\/v2\/product\/66178"}],"collection":[{"href":"https:\/\/www.erresse-shop.it\/fr\/wp-json\/wp\/v2\/product"}],"about":[{"href":"https:\/\/www.erresse-shop.it\/fr\/wp-json\/wp\/v2\/types\/product"}],"wp:featuredmedia":[{"embeddable":true,"href":"https:\/\/www.erresse-shop.it\/fr\/wp-json\/wp\/v2\/media\/503662"}],"wp:attachment":[{"href":"https:\/\/www.erresse-shop.it\/fr\/wp-json\/wp\/v2\/media?parent=66178"}],"wp:term":[{"taxonomy":"product_cat","embeddable":true,"href":"https:\/\/www.erresse-shop.it\/fr\/wp-json\/wp\/v2\/product_cat?post=66178"},{"taxonomy":"product_tag","embeddable":true,"href":"https:\/\/www.erresse-shop.it\/fr\/wp-json\/wp\/v2\/product_tag?post=66178"}],"curies":[{"name":"wp","href":"https:\/\/api.w.org\/{rel}","templated":true}]}}