{"id":66127,"date":"2020-01-30T14:27:34","date_gmt":"2020-01-30T14:27:34","guid":{"rendered":"https:\/\/www.erresse-shop.it\/shop\/non%20class\u00e9\/le-creuset-poele-les-forgees-28cm\/"},"modified":"2026-02-22T12:40:09","modified_gmt":"2026-02-22T12:40:09","slug":"le-creuset-poele-anti-adherente-les-forgees-28-cm","status":"publish","type":"product","link":"https:\/\/www.erresse-shop.it\/fr\/shop\/poeles-pots\/poeles\/le-creuset-poele-anti-adherente-les-forgees-28-cm\/","title":{"rendered":"LE CREUSET Po\u00eale \u00e0 frire basse en aluminium antiadh\u00e9sif 28 cm"},"content":{"rendered":"<p>Indispensable en cuisine, cette po\u00eale peu profonde antiadh\u00e9sive est un outil tr\u00e8s polyvalent. Dot\u00e9 de notre meilleur rev\u00eatement antiadh\u00e9sif et d&#8217;un ext\u00e9rieur durable et facile \u00e0 nettoyer, il est facile \u00e0 utiliser et parfait sur n&#8217;importe quelle source de chaleur. Avec ses lignes \u00e9pur\u00e9es et \u00e9l\u00e9gantes, il sera un superbe ajout \u00e0 votre cuisine.<\/p>\n<ul>\n<li>Accessoires parfaits\u00a0: obtenez des saveurs et des ar\u00f4mes extraordinaires en ajoutant des couvercles en verre, disponibles s\u00e9par\u00e9ment, \u00e0 vos po\u00eales pr\u00e9f\u00e9r\u00e9es.<\/li>\n<li>Propret\u00e9 impeccable\u00a0: nos produits antiadh\u00e9sifs emp\u00eachent les aliments de coller pour un nettoyage facile.<\/li>\n<li>Notre meilleur rev\u00eatement antiadh\u00e9sif jamais con\u00e7u\u00a0: test\u00e9, fiable, garanti \u00e0 vie et quatre fois plus r\u00e9sistant. (test\u00e9 en laboratoire ind\u00e9pendant avec des tests de r\u00e9sistance \u00e0 l&#8217;abrasion des outils m\u00e9talliques).<\/li>\n<li>R\u00e9sistance extr\u00eame\u00a0: la structure anodis\u00e9e offre une conduction et une r\u00e9partition efficaces de la chaleur pour une cuisson homog\u00e8ne.<\/li>\n<li>Une plus grande durabilit\u00e9\u00a0: nos po\u00eales r\u00e9sistantes \u00e0 l&#8217;abrasion sont con\u00e7ues pour vous tenir compagnie en cuisine pendant des ann\u00e9es.<\/li>\n<li>Une cuisine plus saine\u00a0: notre rev\u00eatement antiadh\u00e9sif est sans PFOA et peut supporter tous les types de fritures, m\u00eame sans huile ni graisse.<\/li>\n<li>Nos produits sont fabriqu\u00e9s avec les meilleurs mat\u00e9riaux dans des usines situ\u00e9es dans le monde entier pour garantir la qualit\u00e9 que vous attendez de Le Creuset.<\/li>\n<\/ul>\n<p><strong>Mat\u00e9riau :<\/strong> aluminium antiadh\u00e9sif<br \/>\n<strong>Garantie\u00a0:<\/strong> \u00c0 vie<\/p>\n<p><span style=\"text-decoration: underline;\"><strong>Sources de chaleur autoris\u00e9es\u00a0:<\/strong><\/span><\/p>\n<ul>\n<li>Four en mode grill<\/li>\n<li>Four<\/li>\n<li>Plaque \u00e9lectrique<\/li>\n<li>Verre c\u00e9ramique<\/li>\n<li>Cuisson \u00e0 gaz<\/li>\n<li>Plaque \u00e0 induction<\/li>\n<\/ul>\n<p><span style=\"text-decoration: underline;\"><strong>Nettoyage\u00a0:<\/strong><\/span><\/p>\n<ul>\n<li>Avant le lavage, laissez le produit refroidir compl\u00e8tement pendant quelques minutes. Ne le plongez pas et ne le remplissez pas d&#8217;eau froide lorsqu&#8217;il est chaud : des variations brusques de temp\u00e9rature en surface peuvent endommager le produit.<\/li>\n<li>Pour prolonger la dur\u00e9e de vie du rev\u00eatement antiadh\u00e9sif, nous vous recommandons de le laver \u00e0 la main dans de l&#8217;eau ti\u00e8de savonneuse plut\u00f4t que de le laver au lave-vaisselle.<\/li>\n<li>N&#8217;utilisez pas de nettoyants abrasifs ou m\u00e9talliques, de tampons \u00e0 r\u00e9curer ou de brosses tr\u00e8s dures et rigides pour nettoyer les surfaces.<\/li>\n<\/ul>\n","protected":false},"excerpt":{"rendered":"<p>Indispensable en cuisine, cette po\u00eale peu profonde antiadh\u00e9sive est un outil tr\u00e8s polyvalent. Dot\u00e9 de notre meilleur rev\u00eatement antiadh\u00e9sif et<\/p>\n","protected":false},"featured_media":181295,"template":"","meta":{"_acf_changed":false,"inline_featured_image":false},"product_cat":[12458,14802],"product_tag":[25086,13052,25021,13178],"acf":[],"yoast_head":"<!-- This site is optimized with the Yoast SEO Premium plugin v18.6 (Yoast SEO v19.13) - https:\/\/yoast.com\/wordpress\/plugins\/seo\/ -->\n<title>LE CREUSET Po\u00eale \u00e0 frire basse en aluminium antiadh\u00e9sif 28 cm<\/title>\n<meta name=\"description\" content=\"D\u00e9couvrez LE CREUSET Po\u00eale \u00e0 frire basse en aluminium antiadh\u00e9sif 28 cm sur ErresseShop. Qualit\u00e9, prix r\u00e9duits et achat s\u00e9curis\u00e9 \u2013 commandez d\u00e8s maintenant en ligne !\" \/>\n<meta name=\"robots\" content=\"index, follow, max-snippet:-1, max-image-preview:large, max-video-preview:-1\" \/>\n<link rel=\"canonical\" href=\"https:\/\/www.erresse-shop.it\/fr\/shop\/poeles-pots\/poeles\/le-creuset-poele-anti-adherente-les-forgees-28-cm\/\" \/>\n<meta property=\"og:locale\" content=\"fr_FR\" \/>\n<meta property=\"og:type\" content=\"article\" \/>\n<meta property=\"og:title\" content=\"LE CREUSET Po\u00eale \u00e0 frire basse en aluminium antiadh\u00e9sif 28 cm\" \/>\n<meta property=\"og:description\" content=\"D\u00e9couvrez LE CREUSET Po\u00eale \u00e0 frire basse en aluminium antiadh\u00e9sif 28 cm sur ErresseShop. Qualit\u00e9, prix r\u00e9duits et achat s\u00e9curis\u00e9 \u2013 commandez d\u00e8s maintenant en ligne !\" \/>\n<meta property=\"og:url\" content=\"https:\/\/www.erresse-shop.it\/fr\/shop\/poeles-pots\/poeles\/le-creuset-poele-anti-adherente-les-forgees-28-cm\/\" \/>\n<meta property=\"og:site_name\" content=\"Erresse Shop\" \/>\n<meta property=\"article:modified_time\" content=\"2026-02-22T12:40:09+00:00\" \/>\n<meta property=\"og:image\" content=\"https:\/\/www.erresse-shop.it\/wp-content\/uploads\/2020\/06\/LE-CREUSET-Padella-Bassa-Alluminio-Antiaderente-6.jpg\" \/>\n\t<meta property=\"og:image:width\" content=\"800\" \/>\n\t<meta property=\"og:image:height\" content=\"800\" \/>\n\t<meta property=\"og:image:type\" content=\"image\/jpeg\" \/>\n<meta name=\"twitter:card\" content=\"summary_large_image\" \/>\n<script type=\"application\/ld+json\" class=\"yoast-schema-graph\">{\"@context\":\"https:\/\/schema.org\",\"@graph\":[{\"@type\":\"WebPage\",\"@id\":\"https:\/\/www.erresse-shop.it\/fr\/shop\/poeles-pots\/poeles\/le-creuset-poele-anti-adherente-les-forgees-28-cm\/\",\"url\":\"https:\/\/www.erresse-shop.it\/fr\/shop\/poeles-pots\/poeles\/le-creuset-poele-anti-adherente-les-forgees-28-cm\/\",\"name\":\"LE CREUSET Po\u00eale \u00e0 frire basse en aluminium antiadh\u00e9sif 28 cm\",\"isPartOf\":{\"@id\":\"https:\/\/www.erresse-shop.it\/fr\/#website\"},\"datePublished\":\"2020-01-30T14:27:34+00:00\",\"dateModified\":\"2026-02-22T12:40:09+00:00\",\"description\":\"D\u00e9couvrez LE CREUSET Po\u00eale \u00e0 frire basse en aluminium antiadh\u00e9sif 28 cm sur ErresseShop. Qualit\u00e9, prix r\u00e9duits et achat s\u00e9curis\u00e9 \u2013 commandez d\u00e8s maintenant en ligne !\",\"breadcrumb\":{\"@id\":\"https:\/\/www.erresse-shop.it\/fr\/shop\/poeles-pots\/poeles\/le-creuset-poele-anti-adherente-les-forgees-28-cm\/#breadcrumb\"},\"inLanguage\":\"fr-FR\",\"potentialAction\":[{\"@type\":\"ReadAction\",\"target\":[\"https:\/\/www.erresse-shop.it\/fr\/shop\/poeles-pots\/poeles\/le-creuset-poele-anti-adherente-les-forgees-28-cm\/\"]}]},{\"@type\":\"BreadcrumbList\",\"@id\":\"https:\/\/www.erresse-shop.it\/fr\/shop\/poeles-pots\/poeles\/le-creuset-poele-anti-adherente-les-forgees-28-cm\/#breadcrumb\",\"itemListElement\":[{\"@type\":\"ListItem\",\"position\":1,\"name\":\"Home\",\"item\":\"https:\/\/www.erresse-shop.it\/fr\/\"},{\"@type\":\"ListItem\",\"position\":2,\"name\":\"Shop\",\"item\":\"https:\/\/www.erresse-shop.it\/fr\/shop\/\"},{\"@type\":\"ListItem\",\"position\":3,\"name\":\"LE CREUSET Po\u00eale \u00e0 frire basse en aluminium antiadh\u00e9sif 28 cm\"}]},{\"@type\":\"WebSite\",\"@id\":\"https:\/\/www.erresse-shop.it\/fr\/#website\",\"url\":\"https:\/\/www.erresse-shop.it\/fr\/\",\"name\":\"Erresse Shop\",\"description\":\"Articoli di qualit\u00e0 per la casa\",\"potentialAction\":[{\"@type\":\"SearchAction\",\"target\":{\"@type\":\"EntryPoint\",\"urlTemplate\":\"https:\/\/www.erresse-shop.it\/fr\/?s={search_term_string}\"},\"query-input\":\"required name=search_term_string\"}],\"inLanguage\":\"fr-FR\"}]}<\/script>\n<!-- \/ Yoast SEO Premium plugin. -->","yoast_head_json":{"title":"LE CREUSET Po\u00eale \u00e0 frire basse en aluminium antiadh\u00e9sif 28 cm","description":"D\u00e9couvrez LE CREUSET Po\u00eale \u00e0 frire basse en aluminium antiadh\u00e9sif 28 cm sur ErresseShop. Qualit\u00e9, prix r\u00e9duits et achat s\u00e9curis\u00e9 \u2013 commandez d\u00e8s maintenant en ligne !","robots":{"index":"index","follow":"follow","max-snippet":"max-snippet:-1","max-image-preview":"max-image-preview:large","max-video-preview":"max-video-preview:-1"},"canonical":"https:\/\/www.erresse-shop.it\/fr\/shop\/poeles-pots\/poeles\/le-creuset-poele-anti-adherente-les-forgees-28-cm\/","og_locale":"fr_FR","og_type":"article","og_title":"LE CREUSET Po\u00eale \u00e0 frire basse en aluminium antiadh\u00e9sif 28 cm","og_description":"D\u00e9couvrez LE CREUSET Po\u00eale \u00e0 frire basse en aluminium antiadh\u00e9sif 28 cm sur ErresseShop. Qualit\u00e9, prix r\u00e9duits et achat s\u00e9curis\u00e9 \u2013 commandez d\u00e8s maintenant en ligne !","og_url":"https:\/\/www.erresse-shop.it\/fr\/shop\/poeles-pots\/poeles\/le-creuset-poele-anti-adherente-les-forgees-28-cm\/","og_site_name":"Erresse Shop","article_modified_time":"2026-02-22T12:40:09+00:00","og_image":[{"width":800,"height":800,"url":"https:\/\/www.erresse-shop.it\/wp-content\/uploads\/2020\/06\/LE-CREUSET-Padella-Bassa-Alluminio-Antiaderente-6.jpg","type":"image\/jpeg"}],"twitter_card":"summary_large_image","schema":{"@context":"https:\/\/schema.org","@graph":[{"@type":"WebPage","@id":"https:\/\/www.erresse-shop.it\/fr\/shop\/poeles-pots\/poeles\/le-creuset-poele-anti-adherente-les-forgees-28-cm\/","url":"https:\/\/www.erresse-shop.it\/fr\/shop\/poeles-pots\/poeles\/le-creuset-poele-anti-adherente-les-forgees-28-cm\/","name":"LE CREUSET Po\u00eale \u00e0 frire basse en aluminium antiadh\u00e9sif 28 cm","isPartOf":{"@id":"https:\/\/www.erresse-shop.it\/fr\/#website"},"datePublished":"2020-01-30T14:27:34+00:00","dateModified":"2026-02-22T12:40:09+00:00","description":"D\u00e9couvrez LE CREUSET Po\u00eale \u00e0 frire basse en aluminium antiadh\u00e9sif 28 cm sur ErresseShop. Qualit\u00e9, prix r\u00e9duits et achat s\u00e9curis\u00e9 \u2013 commandez d\u00e8s maintenant en ligne !","breadcrumb":{"@id":"https:\/\/www.erresse-shop.it\/fr\/shop\/poeles-pots\/poeles\/le-creuset-poele-anti-adherente-les-forgees-28-cm\/#breadcrumb"},"inLanguage":"fr-FR","potentialAction":[{"@type":"ReadAction","target":["https:\/\/www.erresse-shop.it\/fr\/shop\/poeles-pots\/poeles\/le-creuset-poele-anti-adherente-les-forgees-28-cm\/"]}]},{"@type":"BreadcrumbList","@id":"https:\/\/www.erresse-shop.it\/fr\/shop\/poeles-pots\/poeles\/le-creuset-poele-anti-adherente-les-forgees-28-cm\/#breadcrumb","itemListElement":[{"@type":"ListItem","position":1,"name":"Home","item":"https:\/\/www.erresse-shop.it\/fr\/"},{"@type":"ListItem","position":2,"name":"Shop","item":"https:\/\/www.erresse-shop.it\/fr\/shop\/"},{"@type":"ListItem","position":3,"name":"LE CREUSET Po\u00eale \u00e0 frire basse en aluminium antiadh\u00e9sif 28 cm"}]},{"@type":"WebSite","@id":"https:\/\/www.erresse-shop.it\/fr\/#website","url":"https:\/\/www.erresse-shop.it\/fr\/","name":"Erresse Shop","description":"Articoli di qualit\u00e0 per la casa","potentialAction":[{"@type":"SearchAction","target":{"@type":"EntryPoint","urlTemplate":"https:\/\/www.erresse-shop.it\/fr\/?s={search_term_string}"},"query-input":"required name=search_term_string"}],"inLanguage":"fr-FR"}]}},"df_price":99.95,"df_sale_price":99.95,"df_regular_price":165,"df_image_link":"https:\/\/www.erresse-shop.it\/wp-content\/uploads\/2020\/06\/LE-CREUSET-Padella-Bassa-Alluminio-Antiaderente-6-300x300.jpg","_links":{"self":[{"href":"https:\/\/www.erresse-shop.it\/fr\/wp-json\/wp\/v2\/product\/66127"}],"collection":[{"href":"https:\/\/www.erresse-shop.it\/fr\/wp-json\/wp\/v2\/product"}],"about":[{"href":"https:\/\/www.erresse-shop.it\/fr\/wp-json\/wp\/v2\/types\/product"}],"wp:featuredmedia":[{"embeddable":true,"href":"https:\/\/www.erresse-shop.it\/fr\/wp-json\/wp\/v2\/media\/181295"}],"wp:attachment":[{"href":"https:\/\/www.erresse-shop.it\/fr\/wp-json\/wp\/v2\/media?parent=66127"}],"wp:term":[{"taxonomy":"product_cat","embeddable":true,"href":"https:\/\/www.erresse-shop.it\/fr\/wp-json\/wp\/v2\/product_cat?post=66127"},{"taxonomy":"product_tag","embeddable":true,"href":"https:\/\/www.erresse-shop.it\/fr\/wp-json\/wp\/v2\/product_tag?post=66127"}],"curies":[{"name":"wp","href":"https:\/\/api.w.org\/{rel}","templated":true}]}}