{"id":66048,"date":"2019-11-22T10:19:28","date_gmt":"2019-11-22T10:19:28","guid":{"rendered":"https:\/\/www.erresse-shop.it\/shop\/non%20class\u00e9\/smeg-chocolatiere-esthetique-annees-50-creme\/"},"modified":"2025-05-12T22:08:13","modified_gmt":"2025-05-12T22:08:13","slug":"smeg-chocolatiere-esthetique-annees-50-creme","status":"publish","type":"product","link":"https:\/\/www.erresse-shop.it\/fr\/shop\/petits-electromenagers\/mousseurs-a-lait\/smeg-chocolatiere-esthetique-annees-50-creme\/","title":{"rendered":"SMEG Chocolati\u00e8re Esth\u00e9tique Ann\u00e9es &#8217;50 Cr\u00e8me"},"content":{"rendered":"<p>ESTH\u00c9TIQUE<br \/>\nEsth\u00e9tique: Ann\u00e9es 50<br \/>\nMat\u00e9riau du corps: Inox<br \/>\nMat\u00e9riau couvercle: Tritan\u2122 &#8211; transparent<br \/>\nMat\u00e9riau bouchon doseur: Tritan\u2122 &#8211; transparent<br \/>\nMat\u00e9riau carafe: Inox<br \/>\nCouleur de la poign\u00e9e: Int\u00e9rieur gris \/ Ext\u00e9rieur Chrom\u00e9<br \/>\nMat\u00e9riau de la poign\u00e9e: Plastique<br \/>\nMat\u00e9riau du cercle: Plastique<br \/>\nCouleur base: Chrom\u00e9 brillant<br \/>\nCouleur cercle: Chrom\u00e9 brillant<br \/>\nMat\u00e9riau base: Plastique<br \/>\nType de logo: Appliqu\u00e9<br \/>\nCouleur du c\u00e2ble d&#8217;alimentation: Gris<\/p>\n<p>COMMANDES<br \/>\nType de commandes: Touches, Manette<br \/>\nMat\u00e9riau de la poign\u00e9e: Plastique<br \/>\nMat\u00e9riau touches: Plastique<\/p>\n<p>PROGRAMMES \/ FONCTIONS<br \/>\nFonction chocolat chaud: Oui<br \/>\nFonction lait chaud: Oui<br \/>\nFonction Lait chaud avec mousse fine: Oui<br \/>\nFonction lait chaud avec mousse \u00e9paisse: Oui<br \/>\nFonction Lait froid avec mousse fine: Oui<br \/>\nFonction Lait froid avec mousse \u00e9paisse: Oui<br \/>\nFonction manuelle: Oui<br \/>\nFonction manuelle lait froid: Oui<\/p>\n<p>CARACT\u00c9RISTIQUES TECHNIQUES<br \/>\nSyst\u00e8me \u00e0 induction avec arr\u00eat automatique: Oui<br \/>\nBouchon doseur: Oui<br \/>\nCarafe amovible: Oui<br \/>\nCapacit\u00e9 carafe pour monter le lait: 250 ml \/ 1 tasse<br \/>\nCapacit\u00e9 carafe pour la chauffe du lait et le chocolat: 600 ml \/ 2,5 tasses<br \/>\nPieds antid\u00e9rapants: Oui<br \/>\nRange-cordon int\u00e9gr\u00e9: Oui<\/p>\n<p>RACCORDEMENT \u00c9LECTRIQUE<br \/>\nTension: 220-240 V<br \/>\nFr\u00e9quence: 50\/60 Hz<br \/>\nType de prise: Schuko<br \/>\nPuissance: 500 W<br \/>\nLongueur du c\u00e2ble d&#8217;alimentation: 1 m<\/p>\n<p>INFORMATIONS LOGISTIQUES<br \/>\nDimensions du produit (HxLxP): 251 x 184 x 142 mm<br \/>\nLargeur du produit: 197 mm<br \/>\nPoids net: 1.780 kg<br \/>\nPoids brut: 3.030 kg<br \/>\nProfondeur du produit: 142 mm<br \/>\nHauteur du produit: 251 mm<br \/>\nLargeur du produit emball\u00e9: 233 mm<br \/>\nProfondeur du produit emball\u00e9: 233 mm<br \/>\nHauteur du produit emball\u00e9: 337 mm<\/p>\n<p>ACCESSOIRES FOURNIS<br \/>\nFouet plat pour fonction lait chaud et manuelle: Oui<br \/>\nFouet crant\u00e9 pour fonction \u00e9mulsionneur de lait et manuelle: Oui<br \/>\nMat\u00e9riau fouets: Plastique<br \/>\nCouleur fouets: Gris<\/p>\n","protected":false},"excerpt":{"rendered":"<p>ESTH\u00c9TIQUE Esth\u00e9tique: Ann\u00e9es 50 Mat\u00e9riau du corps: Inox Mat\u00e9riau couvercle: Tritan\u2122 &#8211; transparent Mat\u00e9riau bouchon doseur: Tritan\u2122 &#8211; transparent Mat\u00e9riau<\/p>\n","protected":false},"featured_media":488046,"template":"","meta":{"_acf_changed":false,"inline_featured_image":false},"product_cat":[20620,12449],"product_tag":[23623,13253,20779,23563,12856,20625],"acf":[],"yoast_head":"<!-- This site is optimized with the Yoast SEO Premium plugin v18.6 (Yoast SEO v19.13) - https:\/\/yoast.com\/wordpress\/plugins\/seo\/ -->\n<title>SMEG Chocolati\u00e8re Esth\u00e9tique Ann\u00e9es &#039;50 Cr\u00e8me<\/title>\n<meta name=\"description\" content=\"D\u00e9couvrez SMEG Chocolati\u00e8re Esth\u00e9tique Ann\u00e9es &#039;50 Cr\u00e8me sur ErresseShop. Qualit\u00e9, prix r\u00e9duits et achat s\u00e9curis\u00e9 \u2013 commandez d\u00e8s maintenant en ligne !\" \/>\n<meta name=\"robots\" content=\"index, follow, max-snippet:-1, max-image-preview:large, max-video-preview:-1\" \/>\n<link rel=\"canonical\" href=\"https:\/\/www.erresse-shop.it\/fr\/shop\/petits-electromenagers\/mousseurs-a-lait\/smeg-chocolatiere-esthetique-annees-50-creme\/\" \/>\n<meta property=\"og:locale\" content=\"fr_FR\" \/>\n<meta property=\"og:type\" content=\"article\" \/>\n<meta property=\"og:title\" content=\"SMEG Chocolati\u00e8re Esth\u00e9tique Ann\u00e9es &#039;50 Cr\u00e8me\" \/>\n<meta property=\"og:description\" content=\"D\u00e9couvrez SMEG Chocolati\u00e8re Esth\u00e9tique Ann\u00e9es &#039;50 Cr\u00e8me sur ErresseShop. Qualit\u00e9, prix r\u00e9duits et achat s\u00e9curis\u00e9 \u2013 commandez d\u00e8s maintenant en ligne !\" \/>\n<meta property=\"og:url\" content=\"https:\/\/www.erresse-shop.it\/fr\/shop\/petits-electromenagers\/mousseurs-a-lait\/smeg-chocolatiere-esthetique-annees-50-creme\/\" \/>\n<meta property=\"og:site_name\" content=\"Erresse Shop\" \/>\n<meta property=\"article:modified_time\" content=\"2025-05-12T22:08:13+00:00\" \/>\n<meta property=\"og:image\" content=\"https:\/\/www.erresse-shop.it\/wp-content\/uploads\/2019\/11\/SMEG-Estetica-Anni-50-Montalatte-Panna.png\" \/>\n\t<meta property=\"og:image:width\" content=\"800\" \/>\n\t<meta property=\"og:image:height\" content=\"800\" \/>\n\t<meta property=\"og:image:type\" content=\"image\/png\" \/>\n<meta name=\"twitter:card\" content=\"summary_large_image\" \/>\n<script type=\"application\/ld+json\" class=\"yoast-schema-graph\">{\"@context\":\"https:\/\/schema.org\",\"@graph\":[{\"@type\":\"WebPage\",\"@id\":\"https:\/\/www.erresse-shop.it\/fr\/shop\/petits-electromenagers\/mousseurs-a-lait\/smeg-chocolatiere-esthetique-annees-50-creme\/\",\"url\":\"https:\/\/www.erresse-shop.it\/fr\/shop\/petits-electromenagers\/mousseurs-a-lait\/smeg-chocolatiere-esthetique-annees-50-creme\/\",\"name\":\"SMEG Chocolati\u00e8re Esth\u00e9tique Ann\u00e9es '50 Cr\u00e8me\",\"isPartOf\":{\"@id\":\"https:\/\/www.erresse-shop.it\/fr\/#website\"},\"datePublished\":\"2019-11-22T10:19:28+00:00\",\"dateModified\":\"2025-05-12T22:08:13+00:00\",\"description\":\"D\u00e9couvrez SMEG Chocolati\u00e8re Esth\u00e9tique Ann\u00e9es '50 Cr\u00e8me sur ErresseShop. Qualit\u00e9, prix r\u00e9duits et achat s\u00e9curis\u00e9 \u2013 commandez d\u00e8s maintenant en ligne !\",\"breadcrumb\":{\"@id\":\"https:\/\/www.erresse-shop.it\/fr\/shop\/petits-electromenagers\/mousseurs-a-lait\/smeg-chocolatiere-esthetique-annees-50-creme\/#breadcrumb\"},\"inLanguage\":\"fr-FR\",\"potentialAction\":[{\"@type\":\"ReadAction\",\"target\":[\"https:\/\/www.erresse-shop.it\/fr\/shop\/petits-electromenagers\/mousseurs-a-lait\/smeg-chocolatiere-esthetique-annees-50-creme\/\"]}]},{\"@type\":\"BreadcrumbList\",\"@id\":\"https:\/\/www.erresse-shop.it\/fr\/shop\/petits-electromenagers\/mousseurs-a-lait\/smeg-chocolatiere-esthetique-annees-50-creme\/#breadcrumb\",\"itemListElement\":[{\"@type\":\"ListItem\",\"position\":1,\"name\":\"Home\",\"item\":\"https:\/\/www.erresse-shop.it\/fr\/\"},{\"@type\":\"ListItem\",\"position\":2,\"name\":\"Shop\",\"item\":\"https:\/\/www.erresse-shop.it\/fr\/shop\/\"},{\"@type\":\"ListItem\",\"position\":3,\"name\":\"SMEG Chocolati\u00e8re Esth\u00e9tique Ann\u00e9es &#8217;50 Cr\u00e8me\"}]},{\"@type\":\"WebSite\",\"@id\":\"https:\/\/www.erresse-shop.it\/fr\/#website\",\"url\":\"https:\/\/www.erresse-shop.it\/fr\/\",\"name\":\"Erresse Shop\",\"description\":\"Articoli di qualit\u00e0 per la casa\",\"potentialAction\":[{\"@type\":\"SearchAction\",\"target\":{\"@type\":\"EntryPoint\",\"urlTemplate\":\"https:\/\/www.erresse-shop.it\/fr\/?s={search_term_string}\"},\"query-input\":\"required name=search_term_string\"}],\"inLanguage\":\"fr-FR\"}]}<\/script>\n<!-- \/ Yoast SEO Premium plugin. -->","yoast_head_json":{"title":"SMEG Chocolati\u00e8re Esth\u00e9tique Ann\u00e9es '50 Cr\u00e8me","description":"D\u00e9couvrez SMEG Chocolati\u00e8re Esth\u00e9tique Ann\u00e9es '50 Cr\u00e8me sur ErresseShop. Qualit\u00e9, prix r\u00e9duits et achat s\u00e9curis\u00e9 \u2013 commandez d\u00e8s maintenant en ligne !","robots":{"index":"index","follow":"follow","max-snippet":"max-snippet:-1","max-image-preview":"max-image-preview:large","max-video-preview":"max-video-preview:-1"},"canonical":"https:\/\/www.erresse-shop.it\/fr\/shop\/petits-electromenagers\/mousseurs-a-lait\/smeg-chocolatiere-esthetique-annees-50-creme\/","og_locale":"fr_FR","og_type":"article","og_title":"SMEG Chocolati\u00e8re Esth\u00e9tique Ann\u00e9es '50 Cr\u00e8me","og_description":"D\u00e9couvrez SMEG Chocolati\u00e8re Esth\u00e9tique Ann\u00e9es '50 Cr\u00e8me sur ErresseShop. Qualit\u00e9, prix r\u00e9duits et achat s\u00e9curis\u00e9 \u2013 commandez d\u00e8s maintenant en ligne !","og_url":"https:\/\/www.erresse-shop.it\/fr\/shop\/petits-electromenagers\/mousseurs-a-lait\/smeg-chocolatiere-esthetique-annees-50-creme\/","og_site_name":"Erresse Shop","article_modified_time":"2025-05-12T22:08:13+00:00","og_image":[{"width":800,"height":800,"url":"https:\/\/www.erresse-shop.it\/wp-content\/uploads\/2019\/11\/SMEG-Estetica-Anni-50-Montalatte-Panna.png","type":"image\/png"}],"twitter_card":"summary_large_image","schema":{"@context":"https:\/\/schema.org","@graph":[{"@type":"WebPage","@id":"https:\/\/www.erresse-shop.it\/fr\/shop\/petits-electromenagers\/mousseurs-a-lait\/smeg-chocolatiere-esthetique-annees-50-creme\/","url":"https:\/\/www.erresse-shop.it\/fr\/shop\/petits-electromenagers\/mousseurs-a-lait\/smeg-chocolatiere-esthetique-annees-50-creme\/","name":"SMEG Chocolati\u00e8re Esth\u00e9tique Ann\u00e9es '50 Cr\u00e8me","isPartOf":{"@id":"https:\/\/www.erresse-shop.it\/fr\/#website"},"datePublished":"2019-11-22T10:19:28+00:00","dateModified":"2025-05-12T22:08:13+00:00","description":"D\u00e9couvrez SMEG Chocolati\u00e8re Esth\u00e9tique Ann\u00e9es '50 Cr\u00e8me sur ErresseShop. Qualit\u00e9, prix r\u00e9duits et achat s\u00e9curis\u00e9 \u2013 commandez d\u00e8s maintenant en ligne !","breadcrumb":{"@id":"https:\/\/www.erresse-shop.it\/fr\/shop\/petits-electromenagers\/mousseurs-a-lait\/smeg-chocolatiere-esthetique-annees-50-creme\/#breadcrumb"},"inLanguage":"fr-FR","potentialAction":[{"@type":"ReadAction","target":["https:\/\/www.erresse-shop.it\/fr\/shop\/petits-electromenagers\/mousseurs-a-lait\/smeg-chocolatiere-esthetique-annees-50-creme\/"]}]},{"@type":"BreadcrumbList","@id":"https:\/\/www.erresse-shop.it\/fr\/shop\/petits-electromenagers\/mousseurs-a-lait\/smeg-chocolatiere-esthetique-annees-50-creme\/#breadcrumb","itemListElement":[{"@type":"ListItem","position":1,"name":"Home","item":"https:\/\/www.erresse-shop.it\/fr\/"},{"@type":"ListItem","position":2,"name":"Shop","item":"https:\/\/www.erresse-shop.it\/fr\/shop\/"},{"@type":"ListItem","position":3,"name":"SMEG Chocolati\u00e8re Esth\u00e9tique Ann\u00e9es &#8217;50 Cr\u00e8me"}]},{"@type":"WebSite","@id":"https:\/\/www.erresse-shop.it\/fr\/#website","url":"https:\/\/www.erresse-shop.it\/fr\/","name":"Erresse Shop","description":"Articoli di qualit\u00e0 per la casa","potentialAction":[{"@type":"SearchAction","target":{"@type":"EntryPoint","urlTemplate":"https:\/\/www.erresse-shop.it\/fr\/?s={search_term_string}"},"query-input":"required name=search_term_string"}],"inLanguage":"fr-FR"}]}},"df_price":139.29999999999998,"df_sale_price":139.29999999999998,"df_regular_price":199,"df_image_link":"https:\/\/www.erresse-shop.it\/wp-content\/uploads\/2019\/11\/SMEG-Estetica-Anni-50-Montalatte-Panna-300x300.jpg","_links":{"self":[{"href":"https:\/\/www.erresse-shop.it\/fr\/wp-json\/wp\/v2\/product\/66048"}],"collection":[{"href":"https:\/\/www.erresse-shop.it\/fr\/wp-json\/wp\/v2\/product"}],"about":[{"href":"https:\/\/www.erresse-shop.it\/fr\/wp-json\/wp\/v2\/types\/product"}],"wp:featuredmedia":[{"embeddable":true,"href":"https:\/\/www.erresse-shop.it\/fr\/wp-json\/wp\/v2\/media\/488046"}],"wp:attachment":[{"href":"https:\/\/www.erresse-shop.it\/fr\/wp-json\/wp\/v2\/media?parent=66048"}],"wp:term":[{"taxonomy":"product_cat","embeddable":true,"href":"https:\/\/www.erresse-shop.it\/fr\/wp-json\/wp\/v2\/product_cat?post=66048"},{"taxonomy":"product_tag","embeddable":true,"href":"https:\/\/www.erresse-shop.it\/fr\/wp-json\/wp\/v2\/product_tag?post=66048"}],"curies":[{"name":"wp","href":"https:\/\/api.w.org\/{rel}","templated":true}]}}