{"id":66013,"date":"2019-11-22T10:44:35","date_gmt":"2019-11-22T10:44:35","guid":{"rendered":"https:\/\/www.erresse-shop.it\/shop\/non%20class\u00e9\/smeg-chocolatiere-esthetique-annees-50-blanc\/"},"modified":"2025-01-13T14:31:46","modified_gmt":"2025-01-13T14:31:46","slug":"smeg-chocolatiere-esthetique-annees-50-blanc","status":"publish","type":"product","link":"https:\/\/www.erresse-shop.it\/fr\/shop\/petits-electromenagers\/mousseurs-a-lait\/smeg-chocolatiere-esthetique-annees-50-blanc\/","title":{"rendered":"SMEG Aesthetic 50s White Mousseur \u00e0 lait"},"content":{"rendered":"<p><b>SMEG<\/b>s\u00e9rie ann\u00e9es 50<\/p>\n<p>Objets de rencontre symboliques, ic\u00f4nes qui transforment l&#8217;espace, les nouveaux petits de la ligne Anni &#8217;50s, con\u00e7us en collaboration avec Matteo Bazzicalupo et Raffaella Mangiarotti de deepdesign, \u00e9voquent d&#8217;autres temps et fa\u00e7onnent les lieux du quotidien, investissant d&#8217;un nouveau sens ce qui existe d\u00e9j\u00e0 ou a exist\u00e9, comme c&#8217;est le cas dans l&#8217;art et la m\u00e9moire.<br \/>\nLes produits aux formes arrondies et compactes sont les protagonistes de la cuisine, con\u00e7us pour ceux qui veulent vivre l&#8217;exp\u00e9rience d&#8217;un chef mais pas seulement. Pour ceux qui aiment s\u2019entourer d\u2019objets au fort caract\u00e8re esth\u00e9tique sans perdre de vue la haute qualit\u00e9 des performances.<\/p>\n<p><strong>UN OBJET DE DESIGN RICHE EN TECHNOLOGIE<\/strong><br \/>\nCon\u00e7u pour garantir hautes performances, facilit\u00e9, s\u00e9curit\u00e9 et confort d&#8217;utilisation. Le syst\u00e8me de chauffage par induction s\u00fbr et rapide s&#8217;active uniquement apr\u00e8s avoir s\u00e9lectionn\u00e9 le type de pr\u00e9paration souhait\u00e9 et s&#8217;\u00e9teint automatiquement une fois le programme termin\u00e9.<\/p>\n<p><strong>CAPPUCCINO, LAIT CHAUD OU CHOCOLAT CHAUD\u00a0? NE LIMITEZ PAS LE PLAISIR DE LA PAUSE<\/strong><br \/>\nMFF01 n&#8217;est pas seulement une machine \u00e0 cappuccino. Gr\u00e2ce aux 6 programmes automatiques et \u00e0 une fonction manuelle, il peut pr\u00e9parer des boissons chaudes et froides avec ou sans mousse, satisfaisant pleinement les go\u00fbts personnels de chaque invit\u00e9. Changez simplement les fouets fournis pour utiliser le mousseur \u00e0 lait \u00e9galement pour la pr\u00e9paration de th\u00e9, tisanes et autres boissons chaudes instantan\u00e9es, comme le caf\u00e9 d&#8217;orge.<\/p>\n<p><strong>PROGRAMME CHOCOLAT<\/strong><br \/>\nEn s\u00e9lectionnant la fonction chocolat et en utilisant les ingr\u00e9dients de la recette traditionnelle &#8211; lait et morceaux de chocolat &#8211; gr\u00e2ce au mouvement uniforme du fouet et \u00e0 la temp\u00e9rature optimale pr\u00e9r\u00e9gl\u00e9e, il est possible d&#8217;obtenir sans effort un chocolat cors\u00e9, moelleux et authentique. .<\/p>\n<p><strong>ESTH\u00c9TIQUE<\/strong><br \/>\n<strong>Finition\u00a0:<\/strong> Polie<br \/>\n<strong>S\u00e9rie\u00a0:<\/strong> Style ann\u00e9es 50<br \/>\n<strong>Mat\u00e9riau du corps\u00a0:<\/strong> Acier inoxydable<br \/>\n<strong>Mat\u00e9riau du couvercle\u00a0:<\/strong> Plastique sans BPA<br \/>\n<strong>Mat\u00e9riau du capuchon du compteur\u00a0:<\/strong> Plastique sans BPA<br \/>\n<strong>Mat\u00e9riau de la carafe\u00a0:<\/strong> Acier inoxydable<br \/>\n<strong>Couleur de la poign\u00e9e\u00a0:<\/strong> Gris \u00e0 l&#8217;int\u00e9rieur \/ Chrome poli \u00e0 l&#8217;ext\u00e9rieur<br \/>\n<strong>Mat\u00e9riau du manche\u00a0:<\/strong> Plastique \u00e0 l&#8217;int\u00e9rieur \/ Acier inoxydable \u00e0 l&#8217;ext\u00e9rieur<br \/>\n<strong>Mat\u00e9riau du collier\u00a0:<\/strong> Plastique<br \/>\n<strong>Couleur support :<\/strong> Chrome poli<br \/>\n<strong>Couleur du collier\u00a0:<\/strong> Chrome poli<br \/>\n<strong>Mat\u00e9riau de base du support\u00a0:<\/strong> Plastique<br \/>\n<strong>Couleur du c\u00e2ble d&#8217;alimentation\u00a0:<\/strong> Gris<\/p>\n<p><strong>COMMANDES<\/strong><br \/>\n<strong>Type de commandes\u00a0:<\/strong> Bouton, Bouton<br \/>\n<strong>Mat\u00e9riau du bouton\u00a0:<\/strong> Plastique<br \/>\n<strong>Mat\u00e9riau du bouton\u00a0:<\/strong> Plastique<\/p>\n<p><strong>PROGRAMMES \/ FONCTIONS<\/strong><br \/>\n<strong>Fonction chocolat chaud\u00a0:<\/strong> Oui<br \/>\n<strong>Fonction lait chaud\u00a0:<\/strong> Oui<br \/>\n<strong>Fonction lait chaud avec mousse l\u00e9g\u00e8re\u00a0:<\/strong> Oui<br \/>\n<strong>Fonction lait chaud avec mousse dense\u00a0:<\/strong> Oui<br \/>\n<strong>Fonction lait froid avec mousse l\u00e9g\u00e8re\u00a0:<\/strong> Oui<br \/>\n<strong>Fonction lait froid avec mousse dense\u00a0:<\/strong> Oui<br \/>\n<strong>Fonction de chaleur manuelle\u00a0:<\/strong> Oui<br \/>\n<strong>Fonction manuelle de froid\u00a0:<\/strong> Oui<\/p>\n<p><strong>CARACT\u00c9RISTIQUES TECHNIQUES<\/strong><br \/>\n<strong>Syst\u00e8me \u00e0 induction avec arr\u00eat automatique\u00a0:<\/strong> Oui<br \/>\n<strong>Bouchon doseur amovible\u00a0:<\/strong> Oui<br \/>\n<strong>Carafe amovible\u00a0:<\/strong> Oui<br \/>\n<strong>Capacit\u00e9 de la carafe pour faire mousser le lait\u00a0:<\/strong> 250 ml \/ 1 tasse<br \/>\n<strong>Capacit\u00e9 de la carafe pour r\u00e9chauffer le lait et le chocolat\u00a0:<\/strong> 600 ml \/ 2,5 tasses<br \/>\n<strong>Base antid\u00e9rapante\u00a0:<\/strong> Oui<br \/>\n<strong>Enrouleur de c\u00e2ble int\u00e9gr\u00e9\u00a0:<\/strong> Oui<\/p>\n<p><strong>RACCORDEMENT \u00c9LECTRIQUE<\/strong><br \/>\n<strong>Tension\u00a0:<\/strong> 220-240\u00a0V<br \/>\n<strong>Fr\u00e9quence\u00a0:<\/strong> 50\/60 Hz<br \/>\n<strong>Type de prise :<\/strong> Schuko<br \/>\n<strong>Puissance\u00a0:<\/strong> 500 W<br \/>\n<strong>Longueur du c\u00e2ble d&#8217;alimentation\u00a0:<\/strong> 1 m<\/p>\n<p><strong>ACCESSOIRES FOURNIS<\/strong><br \/>\n<strong>Fouet lisse pour les fonctions Lait Chaud et Manuel\u00a0:<\/strong> Oui<br \/>\n<strong>Fouet crant\u00e9 pour mousseur \u00e0 lait et fonction manuelle\u00a0:<\/strong> Oui<br \/>\n<strong>Mat\u00e9riau des fouets\u00a0:<\/strong> Plastique<br \/>\n<strong>Couleur des fouets\u00a0:<\/strong> Gris<\/p>\n<p><u style=\"font-size: 13px; line-height: 20.8px;\"><strong>Pas \u00e0 vendre en dehors de l&#8217;Europe<\/strong><\/u><\/p>\n","protected":false},"excerpt":{"rendered":"<p>SMEGs\u00e9rie ann\u00e9es 50 Objets de rencontre symboliques, ic\u00f4nes qui transforment l&#8217;espace, les nouveaux petits de la ligne Anni &#8217;50s, con\u00e7us<\/p>\n","protected":false},"featured_media":491496,"template":"","meta":{"_acf_changed":false,"inline_featured_image":false},"product_cat":[20620,12449],"product_tag":[25181,23623,13253,20779,23563,25021,12856,20625],"acf":[],"yoast_head":"<!-- This site is optimized with the Yoast SEO Premium plugin v18.6 (Yoast SEO v19.13) - https:\/\/yoast.com\/wordpress\/plugins\/seo\/ -->\n<title>SMEG Aesthetic 50s White Mousseur \u00e0 lait<\/title>\n<meta name=\"description\" content=\"D\u00e9couvrez SMEG Aesthetic 50s White Mousseur \u00e0 lait sur ErresseShop. Qualit\u00e9, prix r\u00e9duits et achat s\u00e9curis\u00e9 \u2013 commandez d\u00e8s maintenant en ligne !\" \/>\n<meta name=\"robots\" content=\"index, follow, max-snippet:-1, max-image-preview:large, max-video-preview:-1\" \/>\n<link rel=\"canonical\" href=\"https:\/\/www.erresse-shop.it\/fr\/shop\/petits-electromenagers\/mousseurs-a-lait\/smeg-chocolatiere-esthetique-annees-50-blanc\/\" \/>\n<meta property=\"og:locale\" content=\"fr_FR\" \/>\n<meta property=\"og:type\" content=\"article\" \/>\n<meta property=\"og:title\" content=\"SMEG Aesthetic 50s White Mousseur \u00e0 lait\" \/>\n<meta property=\"og:description\" content=\"D\u00e9couvrez SMEG Aesthetic 50s White Mousseur \u00e0 lait sur ErresseShop. Qualit\u00e9, prix r\u00e9duits et achat s\u00e9curis\u00e9 \u2013 commandez d\u00e8s maintenant en ligne !\" \/>\n<meta property=\"og:url\" content=\"https:\/\/www.erresse-shop.it\/fr\/shop\/petits-electromenagers\/mousseurs-a-lait\/smeg-chocolatiere-esthetique-annees-50-blanc\/\" \/>\n<meta property=\"og:site_name\" content=\"Erresse Shop\" \/>\n<meta property=\"article:modified_time\" content=\"2025-01-13T14:31:46+00:00\" \/>\n<meta property=\"og:image\" content=\"https:\/\/www.erresse-shop.it\/wp-content\/uploads\/2019\/11\/SMEG-Estetica-Anni-50-Montalatte-Bianco.png\" \/>\n\t<meta property=\"og:image:width\" content=\"800\" \/>\n\t<meta property=\"og:image:height\" content=\"800\" \/>\n\t<meta property=\"og:image:type\" content=\"image\/png\" \/>\n<meta name=\"twitter:card\" content=\"summary_large_image\" \/>\n<script type=\"application\/ld+json\" class=\"yoast-schema-graph\">{\"@context\":\"https:\/\/schema.org\",\"@graph\":[{\"@type\":\"WebPage\",\"@id\":\"https:\/\/www.erresse-shop.it\/fr\/shop\/petits-electromenagers\/mousseurs-a-lait\/smeg-chocolatiere-esthetique-annees-50-blanc\/\",\"url\":\"https:\/\/www.erresse-shop.it\/fr\/shop\/petits-electromenagers\/mousseurs-a-lait\/smeg-chocolatiere-esthetique-annees-50-blanc\/\",\"name\":\"SMEG Aesthetic 50s White Mousseur \u00e0 lait\",\"isPartOf\":{\"@id\":\"https:\/\/www.erresse-shop.it\/fr\/#website\"},\"datePublished\":\"2019-11-22T10:44:35+00:00\",\"dateModified\":\"2025-01-13T14:31:46+00:00\",\"description\":\"D\u00e9couvrez SMEG Aesthetic 50s White Mousseur \u00e0 lait sur ErresseShop. Qualit\u00e9, prix r\u00e9duits et achat s\u00e9curis\u00e9 \u2013 commandez d\u00e8s maintenant en ligne !\",\"breadcrumb\":{\"@id\":\"https:\/\/www.erresse-shop.it\/fr\/shop\/petits-electromenagers\/mousseurs-a-lait\/smeg-chocolatiere-esthetique-annees-50-blanc\/#breadcrumb\"},\"inLanguage\":\"fr-FR\",\"potentialAction\":[{\"@type\":\"ReadAction\",\"target\":[\"https:\/\/www.erresse-shop.it\/fr\/shop\/petits-electromenagers\/mousseurs-a-lait\/smeg-chocolatiere-esthetique-annees-50-blanc\/\"]}]},{\"@type\":\"BreadcrumbList\",\"@id\":\"https:\/\/www.erresse-shop.it\/fr\/shop\/petits-electromenagers\/mousseurs-a-lait\/smeg-chocolatiere-esthetique-annees-50-blanc\/#breadcrumb\",\"itemListElement\":[{\"@type\":\"ListItem\",\"position\":1,\"name\":\"Home\",\"item\":\"https:\/\/www.erresse-shop.it\/fr\/\"},{\"@type\":\"ListItem\",\"position\":2,\"name\":\"Shop\",\"item\":\"https:\/\/www.erresse-shop.it\/fr\/shop\/\"},{\"@type\":\"ListItem\",\"position\":3,\"name\":\"SMEG Aesthetic 50s White Mousseur \u00e0 lait\"}]},{\"@type\":\"WebSite\",\"@id\":\"https:\/\/www.erresse-shop.it\/fr\/#website\",\"url\":\"https:\/\/www.erresse-shop.it\/fr\/\",\"name\":\"Erresse Shop\",\"description\":\"Articoli di qualit\u00e0 per la casa\",\"potentialAction\":[{\"@type\":\"SearchAction\",\"target\":{\"@type\":\"EntryPoint\",\"urlTemplate\":\"https:\/\/www.erresse-shop.it\/fr\/?s={search_term_string}\"},\"query-input\":\"required name=search_term_string\"}],\"inLanguage\":\"fr-FR\"}]}<\/script>\n<!-- \/ Yoast SEO Premium plugin. -->","yoast_head_json":{"title":"SMEG Aesthetic 50s White Mousseur \u00e0 lait","description":"D\u00e9couvrez SMEG Aesthetic 50s White Mousseur \u00e0 lait sur ErresseShop. Qualit\u00e9, prix r\u00e9duits et achat s\u00e9curis\u00e9 \u2013 commandez d\u00e8s maintenant en ligne !","robots":{"index":"index","follow":"follow","max-snippet":"max-snippet:-1","max-image-preview":"max-image-preview:large","max-video-preview":"max-video-preview:-1"},"canonical":"https:\/\/www.erresse-shop.it\/fr\/shop\/petits-electromenagers\/mousseurs-a-lait\/smeg-chocolatiere-esthetique-annees-50-blanc\/","og_locale":"fr_FR","og_type":"article","og_title":"SMEG Aesthetic 50s White Mousseur \u00e0 lait","og_description":"D\u00e9couvrez SMEG Aesthetic 50s White Mousseur \u00e0 lait sur ErresseShop. Qualit\u00e9, prix r\u00e9duits et achat s\u00e9curis\u00e9 \u2013 commandez d\u00e8s maintenant en ligne !","og_url":"https:\/\/www.erresse-shop.it\/fr\/shop\/petits-electromenagers\/mousseurs-a-lait\/smeg-chocolatiere-esthetique-annees-50-blanc\/","og_site_name":"Erresse Shop","article_modified_time":"2025-01-13T14:31:46+00:00","og_image":[{"width":800,"height":800,"url":"https:\/\/www.erresse-shop.it\/wp-content\/uploads\/2019\/11\/SMEG-Estetica-Anni-50-Montalatte-Bianco.png","type":"image\/png"}],"twitter_card":"summary_large_image","schema":{"@context":"https:\/\/schema.org","@graph":[{"@type":"WebPage","@id":"https:\/\/www.erresse-shop.it\/fr\/shop\/petits-electromenagers\/mousseurs-a-lait\/smeg-chocolatiere-esthetique-annees-50-blanc\/","url":"https:\/\/www.erresse-shop.it\/fr\/shop\/petits-electromenagers\/mousseurs-a-lait\/smeg-chocolatiere-esthetique-annees-50-blanc\/","name":"SMEG Aesthetic 50s White Mousseur \u00e0 lait","isPartOf":{"@id":"https:\/\/www.erresse-shop.it\/fr\/#website"},"datePublished":"2019-11-22T10:44:35+00:00","dateModified":"2025-01-13T14:31:46+00:00","description":"D\u00e9couvrez SMEG Aesthetic 50s White Mousseur \u00e0 lait sur ErresseShop. Qualit\u00e9, prix r\u00e9duits et achat s\u00e9curis\u00e9 \u2013 commandez d\u00e8s maintenant en ligne !","breadcrumb":{"@id":"https:\/\/www.erresse-shop.it\/fr\/shop\/petits-electromenagers\/mousseurs-a-lait\/smeg-chocolatiere-esthetique-annees-50-blanc\/#breadcrumb"},"inLanguage":"fr-FR","potentialAction":[{"@type":"ReadAction","target":["https:\/\/www.erresse-shop.it\/fr\/shop\/petits-electromenagers\/mousseurs-a-lait\/smeg-chocolatiere-esthetique-annees-50-blanc\/"]}]},{"@type":"BreadcrumbList","@id":"https:\/\/www.erresse-shop.it\/fr\/shop\/petits-electromenagers\/mousseurs-a-lait\/smeg-chocolatiere-esthetique-annees-50-blanc\/#breadcrumb","itemListElement":[{"@type":"ListItem","position":1,"name":"Home","item":"https:\/\/www.erresse-shop.it\/fr\/"},{"@type":"ListItem","position":2,"name":"Shop","item":"https:\/\/www.erresse-shop.it\/fr\/shop\/"},{"@type":"ListItem","position":3,"name":"SMEG Aesthetic 50s White Mousseur \u00e0 lait"}]},{"@type":"WebSite","@id":"https:\/\/www.erresse-shop.it\/fr\/#website","url":"https:\/\/www.erresse-shop.it\/fr\/","name":"Erresse Shop","description":"Articoli di qualit\u00e0 per la casa","potentialAction":[{"@type":"SearchAction","target":{"@type":"EntryPoint","urlTemplate":"https:\/\/www.erresse-shop.it\/fr\/?s={search_term_string}"},"query-input":"required name=search_term_string"}],"inLanguage":"fr-FR"}]}},"df_price":139.29999999999998,"df_sale_price":139.29999999999998,"df_regular_price":199,"df_image_link":"https:\/\/www.erresse-shop.it\/wp-content\/uploads\/2019\/11\/SMEG-Estetica-Anni-50-Montalatte-Bianco-300x300.jpg","_links":{"self":[{"href":"https:\/\/www.erresse-shop.it\/fr\/wp-json\/wp\/v2\/product\/66013"}],"collection":[{"href":"https:\/\/www.erresse-shop.it\/fr\/wp-json\/wp\/v2\/product"}],"about":[{"href":"https:\/\/www.erresse-shop.it\/fr\/wp-json\/wp\/v2\/types\/product"}],"wp:featuredmedia":[{"embeddable":true,"href":"https:\/\/www.erresse-shop.it\/fr\/wp-json\/wp\/v2\/media\/491496"}],"wp:attachment":[{"href":"https:\/\/www.erresse-shop.it\/fr\/wp-json\/wp\/v2\/media?parent=66013"}],"wp:term":[{"taxonomy":"product_cat","embeddable":true,"href":"https:\/\/www.erresse-shop.it\/fr\/wp-json\/wp\/v2\/product_cat?post=66013"},{"taxonomy":"product_tag","embeddable":true,"href":"https:\/\/www.erresse-shop.it\/fr\/wp-json\/wp\/v2\/product_tag?post=66013"}],"curies":[{"name":"wp","href":"https:\/\/api.w.org\/{rel}","templated":true}]}}