{"id":66001,"date":"2017-09-18T11:09:58","date_gmt":"2017-09-18T11:09:58","guid":{"rendered":"https:\/\/www.erresse-shop.it\/shop\/non%20class\u00e9\/smeg-bouilloires-electronique-esthetique-annees-50-creme\/"},"modified":"2025-01-13T14:31:37","modified_gmt":"2025-01-13T14:31:37","slug":"smeg-bouilloires-electronique-esthetique-annees-50-creme","status":"publish","type":"product","link":"https:\/\/www.erresse-shop.it\/fr\/shop\/petits-electromenagers\/bouilloires-electriques\/smeg-bouilloires-electronique-esthetique-annees-50-creme\/","title":{"rendered":"SMEG Bouilloires Electronique Esth\u00e9tique Ann\u00e9es &#8217;50 Cr\u00e8me"},"content":{"rendered":"<p>ESTH\u00c9TIQUE<br \/>\nEsth\u00e9tique: Ann\u00e9es 50<br \/>\nCouleur de la base: Chrom\u00e9 brillant<br \/>\nCouleur de la poign\u00e9e: Chrom\u00e9<br \/>\nCouleur du bec verseur: Acier brillant<br \/>\nCouleur du c\u00e2ble: Gris<br \/>\nMat\u00e9riau du corps: Inox<br \/>\nMat\u00e9riau de la base: Plastique<br \/>\nMat\u00e9riau du couvercle: Inox<br \/>\nMat\u00e9riau de la poign\u00e9e: Plastique<br \/>\nMat\u00e9riau du bec verseur: Inox<br \/>\nAfficheur temp\u00e9rature \u00e0 LED: Oui<\/p>\n<p>Type de logo: Appliqu\u00e9<\/p>\n<p>COMMANDES<br \/>\nType de commandes: Touches; Levier<br \/>\nMat\u00e9riau des touches: Plastique<br \/>\nMat\u00e9riau du levier: Inox<\/p>\n<p>PROGRAMMES \/ FONCTIONS<br \/>\nNiveaux de temp\u00e9rature: 50\u00b0C; 60\u00b0C; 70\u00b0 C; 80\u00b0 C; 90\u00b0C; 95\u00b0C; 100\u00b0C<br \/>\nMaintien au chaud: Oui<br \/>\nFonction silence: Oui<\/p>\n<p>CARACT\u00c9RISTIQUES TECHNIQUES<br \/>\nCapacit\u00e9 maximale: 1,7 litres \/ 7 tasses<br \/>\nIndication niveau d&#8217;eau: Oui<br \/>\nR\u00e9glage temp\u00e9rature: Oui<br \/>\nCouvercle \u00e0 ouverture progressive: Oui<br \/>\nFiltre anticalcaire amovible: Oui<br \/>\nMat\u00e9riau filtre anticalcaire: Inox<br \/>\nArr\u00eat automatique: Oui, lorsque la temp\u00e9rature est atteinte<br \/>\nArr\u00eat automatique de s\u00e9curit\u00e9: Oui<br \/>\nCommandes r\u00e9tro-\u00e9clair\u00e9es: Oui<br \/>\nSignal sonore fin de cycle: Mise sous tension, mise hors tension, d\u00e9but et fin du cycle<br \/>\nEl\u00e9ments chauffants dissimul\u00e9s: Oui<br \/>\nRange-cordon int\u00e9gr\u00e9: Oui<br \/>\nBase antid\u00e9rapante: Oui<br \/>\nBase avec connexion \u00e0 360\u00b0: Oui<\/p>\n<p>RACCORDEMENT \u00c9LECTRIQUE<br \/>\nPuissance: 2400 W<br \/>\nTension: 220-240 V<br \/>\nFr\u00e9quence: 50\/60 Hz<br \/>\nType de prise: Schuko<br \/>\nLongueur du c\u00e2ble d&#8217;alimentation: 1 m<\/p>\n<p>INFORMATIONS LOGISTIQUES<br \/>\nPoids net: 1.800 kg<br \/>\nPoids brut: 3.000 kg<br \/>\nDimensions externes (HxLxP): 275x226x171 mm<br \/>\nLargeur du produit emball\u00e9: 294 mm<br \/>\nProfondeur du produit emball\u00e9: 228 mm<br \/>\nHauteur du produit emball\u00e9: 260 mm<\/p>\n","protected":false},"excerpt":{"rendered":"<p>ESTH\u00c9TIQUE Esth\u00e9tique: Ann\u00e9es 50 Couleur de la base: Chrom\u00e9 brillant Couleur de la poign\u00e9e: Chrom\u00e9 Couleur du bec verseur: Acier<\/p>\n","protected":false},"featured_media":508075,"template":"","meta":{"_acf_changed":false,"inline_featured_image":false},"product_cat":[12763,12449],"product_tag":[13265,13267,12856,19952,19953],"acf":[],"yoast_head":"<!-- This site is optimized with the Yoast SEO Premium plugin v18.6 (Yoast SEO v19.13) - https:\/\/yoast.com\/wordpress\/plugins\/seo\/ -->\n<title>SMEG Bouilloires Electronique Esth\u00e9tique Ann\u00e9es &#039;50 Cr\u00e8me<\/title>\n<meta name=\"description\" content=\"D\u00e9couvrez SMEG Bouilloires Electronique Esth\u00e9tique Ann\u00e9es &#039;50 Cr\u00e8me sur ErresseShop. Qualit\u00e9, prix r\u00e9duits et achat s\u00e9curis\u00e9 \u2013 commandez d\u00e8s maintenant en ligne !\" \/>\n<meta name=\"robots\" content=\"index, follow, max-snippet:-1, max-image-preview:large, max-video-preview:-1\" \/>\n<link rel=\"canonical\" href=\"https:\/\/www.erresse-shop.it\/fr\/shop\/petits-electromenagers\/bouilloires-electriques\/smeg-bouilloires-electronique-esthetique-annees-50-creme\/\" \/>\n<meta property=\"og:locale\" content=\"fr_FR\" \/>\n<meta property=\"og:type\" content=\"article\" \/>\n<meta property=\"og:title\" content=\"SMEG Bouilloires Electronique Esth\u00e9tique Ann\u00e9es &#039;50 Cr\u00e8me\" \/>\n<meta property=\"og:description\" content=\"D\u00e9couvrez SMEG Bouilloires Electronique Esth\u00e9tique Ann\u00e9es &#039;50 Cr\u00e8me sur ErresseShop. Qualit\u00e9, prix r\u00e9duits et achat s\u00e9curis\u00e9 \u2013 commandez d\u00e8s maintenant en ligne !\" \/>\n<meta property=\"og:url\" content=\"https:\/\/www.erresse-shop.it\/fr\/shop\/petits-electromenagers\/bouilloires-electriques\/smeg-bouilloires-electronique-esthetique-annees-50-creme\/\" \/>\n<meta property=\"og:site_name\" content=\"Erresse Shop\" \/>\n<meta property=\"article:modified_time\" content=\"2025-01-13T14:31:37+00:00\" \/>\n<meta property=\"og:image\" content=\"https:\/\/www.erresse-shop.it\/wp-content\/uploads\/2017\/09\/SMEG-Estetica-Anni-50-Bollitore-Crema-Temperatura-variabile.png\" \/>\n\t<meta property=\"og:image:width\" content=\"800\" \/>\n\t<meta property=\"og:image:height\" content=\"800\" \/>\n\t<meta property=\"og:image:type\" content=\"image\/png\" \/>\n<meta name=\"twitter:card\" content=\"summary_large_image\" \/>\n<script type=\"application\/ld+json\" class=\"yoast-schema-graph\">{\"@context\":\"https:\/\/schema.org\",\"@graph\":[{\"@type\":\"WebPage\",\"@id\":\"https:\/\/www.erresse-shop.it\/fr\/shop\/petits-electromenagers\/bouilloires-electriques\/smeg-bouilloires-electronique-esthetique-annees-50-creme\/\",\"url\":\"https:\/\/www.erresse-shop.it\/fr\/shop\/petits-electromenagers\/bouilloires-electriques\/smeg-bouilloires-electronique-esthetique-annees-50-creme\/\",\"name\":\"SMEG Bouilloires Electronique Esth\u00e9tique Ann\u00e9es '50 Cr\u00e8me\",\"isPartOf\":{\"@id\":\"https:\/\/www.erresse-shop.it\/fr\/#website\"},\"datePublished\":\"2017-09-18T11:09:58+00:00\",\"dateModified\":\"2025-01-13T14:31:37+00:00\",\"description\":\"D\u00e9couvrez SMEG Bouilloires Electronique Esth\u00e9tique Ann\u00e9es '50 Cr\u00e8me sur ErresseShop. Qualit\u00e9, prix r\u00e9duits et achat s\u00e9curis\u00e9 \u2013 commandez d\u00e8s maintenant en ligne !\",\"breadcrumb\":{\"@id\":\"https:\/\/www.erresse-shop.it\/fr\/shop\/petits-electromenagers\/bouilloires-electriques\/smeg-bouilloires-electronique-esthetique-annees-50-creme\/#breadcrumb\"},\"inLanguage\":\"fr-FR\",\"potentialAction\":[{\"@type\":\"ReadAction\",\"target\":[\"https:\/\/www.erresse-shop.it\/fr\/shop\/petits-electromenagers\/bouilloires-electriques\/smeg-bouilloires-electronique-esthetique-annees-50-creme\/\"]}]},{\"@type\":\"BreadcrumbList\",\"@id\":\"https:\/\/www.erresse-shop.it\/fr\/shop\/petits-electromenagers\/bouilloires-electriques\/smeg-bouilloires-electronique-esthetique-annees-50-creme\/#breadcrumb\",\"itemListElement\":[{\"@type\":\"ListItem\",\"position\":1,\"name\":\"Home\",\"item\":\"https:\/\/www.erresse-shop.it\/fr\/\"},{\"@type\":\"ListItem\",\"position\":2,\"name\":\"Shop\",\"item\":\"https:\/\/www.erresse-shop.it\/fr\/shop\/\"},{\"@type\":\"ListItem\",\"position\":3,\"name\":\"SMEG Bouilloires Electronique Esth\u00e9tique Ann\u00e9es &#8217;50 Cr\u00e8me\"}]},{\"@type\":\"WebSite\",\"@id\":\"https:\/\/www.erresse-shop.it\/fr\/#website\",\"url\":\"https:\/\/www.erresse-shop.it\/fr\/\",\"name\":\"Erresse Shop\",\"description\":\"Articoli di qualit\u00e0 per la casa\",\"potentialAction\":[{\"@type\":\"SearchAction\",\"target\":{\"@type\":\"EntryPoint\",\"urlTemplate\":\"https:\/\/www.erresse-shop.it\/fr\/?s={search_term_string}\"},\"query-input\":\"required name=search_term_string\"}],\"inLanguage\":\"fr-FR\"}]}<\/script>\n<!-- \/ Yoast SEO Premium plugin. -->","yoast_head_json":{"title":"SMEG Bouilloires Electronique Esth\u00e9tique Ann\u00e9es '50 Cr\u00e8me","description":"D\u00e9couvrez SMEG Bouilloires Electronique Esth\u00e9tique Ann\u00e9es '50 Cr\u00e8me sur ErresseShop. Qualit\u00e9, prix r\u00e9duits et achat s\u00e9curis\u00e9 \u2013 commandez d\u00e8s maintenant en ligne !","robots":{"index":"index","follow":"follow","max-snippet":"max-snippet:-1","max-image-preview":"max-image-preview:large","max-video-preview":"max-video-preview:-1"},"canonical":"https:\/\/www.erresse-shop.it\/fr\/shop\/petits-electromenagers\/bouilloires-electriques\/smeg-bouilloires-electronique-esthetique-annees-50-creme\/","og_locale":"fr_FR","og_type":"article","og_title":"SMEG Bouilloires Electronique Esth\u00e9tique Ann\u00e9es '50 Cr\u00e8me","og_description":"D\u00e9couvrez SMEG Bouilloires Electronique Esth\u00e9tique Ann\u00e9es '50 Cr\u00e8me sur ErresseShop. Qualit\u00e9, prix r\u00e9duits et achat s\u00e9curis\u00e9 \u2013 commandez d\u00e8s maintenant en ligne !","og_url":"https:\/\/www.erresse-shop.it\/fr\/shop\/petits-electromenagers\/bouilloires-electriques\/smeg-bouilloires-electronique-esthetique-annees-50-creme\/","og_site_name":"Erresse Shop","article_modified_time":"2025-01-13T14:31:37+00:00","og_image":[{"width":800,"height":800,"url":"https:\/\/www.erresse-shop.it\/wp-content\/uploads\/2017\/09\/SMEG-Estetica-Anni-50-Bollitore-Crema-Temperatura-variabile.png","type":"image\/png"}],"twitter_card":"summary_large_image","schema":{"@context":"https:\/\/schema.org","@graph":[{"@type":"WebPage","@id":"https:\/\/www.erresse-shop.it\/fr\/shop\/petits-electromenagers\/bouilloires-electriques\/smeg-bouilloires-electronique-esthetique-annees-50-creme\/","url":"https:\/\/www.erresse-shop.it\/fr\/shop\/petits-electromenagers\/bouilloires-electriques\/smeg-bouilloires-electronique-esthetique-annees-50-creme\/","name":"SMEG Bouilloires Electronique Esth\u00e9tique Ann\u00e9es '50 Cr\u00e8me","isPartOf":{"@id":"https:\/\/www.erresse-shop.it\/fr\/#website"},"datePublished":"2017-09-18T11:09:58+00:00","dateModified":"2025-01-13T14:31:37+00:00","description":"D\u00e9couvrez SMEG Bouilloires Electronique Esth\u00e9tique Ann\u00e9es '50 Cr\u00e8me sur ErresseShop. Qualit\u00e9, prix r\u00e9duits et achat s\u00e9curis\u00e9 \u2013 commandez d\u00e8s maintenant en ligne !","breadcrumb":{"@id":"https:\/\/www.erresse-shop.it\/fr\/shop\/petits-electromenagers\/bouilloires-electriques\/smeg-bouilloires-electronique-esthetique-annees-50-creme\/#breadcrumb"},"inLanguage":"fr-FR","potentialAction":[{"@type":"ReadAction","target":["https:\/\/www.erresse-shop.it\/fr\/shop\/petits-electromenagers\/bouilloires-electriques\/smeg-bouilloires-electronique-esthetique-annees-50-creme\/"]}]},{"@type":"BreadcrumbList","@id":"https:\/\/www.erresse-shop.it\/fr\/shop\/petits-electromenagers\/bouilloires-electriques\/smeg-bouilloires-electronique-esthetique-annees-50-creme\/#breadcrumb","itemListElement":[{"@type":"ListItem","position":1,"name":"Home","item":"https:\/\/www.erresse-shop.it\/fr\/"},{"@type":"ListItem","position":2,"name":"Shop","item":"https:\/\/www.erresse-shop.it\/fr\/shop\/"},{"@type":"ListItem","position":3,"name":"SMEG Bouilloires Electronique Esth\u00e9tique Ann\u00e9es &#8217;50 Cr\u00e8me"}]},{"@type":"WebSite","@id":"https:\/\/www.erresse-shop.it\/fr\/#website","url":"https:\/\/www.erresse-shop.it\/fr\/","name":"Erresse Shop","description":"Articoli di qualit\u00e0 per la casa","potentialAction":[{"@type":"SearchAction","target":{"@type":"EntryPoint","urlTemplate":"https:\/\/www.erresse-shop.it\/fr\/?s={search_term_string}"},"query-input":"required name=search_term_string"}],"inLanguage":"fr-FR"}]}},"df_price":139.29999999999998,"df_sale_price":139.29999999999998,"df_regular_price":199,"df_image_link":"https:\/\/www.erresse-shop.it\/wp-content\/uploads\/2017\/09\/SMEG-Estetica-Anni-50-Bollitore-Crema-Temperatura-variabile-300x300.jpg","_links":{"self":[{"href":"https:\/\/www.erresse-shop.it\/fr\/wp-json\/wp\/v2\/product\/66001"}],"collection":[{"href":"https:\/\/www.erresse-shop.it\/fr\/wp-json\/wp\/v2\/product"}],"about":[{"href":"https:\/\/www.erresse-shop.it\/fr\/wp-json\/wp\/v2\/types\/product"}],"wp:featuredmedia":[{"embeddable":true,"href":"https:\/\/www.erresse-shop.it\/fr\/wp-json\/wp\/v2\/media\/508075"}],"wp:attachment":[{"href":"https:\/\/www.erresse-shop.it\/fr\/wp-json\/wp\/v2\/media?parent=66001"}],"wp:term":[{"taxonomy":"product_cat","embeddable":true,"href":"https:\/\/www.erresse-shop.it\/fr\/wp-json\/wp\/v2\/product_cat?post=66001"},{"taxonomy":"product_tag","embeddable":true,"href":"https:\/\/www.erresse-shop.it\/fr\/wp-json\/wp\/v2\/product_tag?post=66001"}],"curies":[{"name":"wp","href":"https:\/\/api.w.org\/{rel}","templated":true}]}}