{"id":65771,"date":"2016-04-06T19:23:33","date_gmt":"2016-04-06T19:23:33","guid":{"rendered":"https:\/\/www.erresse-shop.it\/shop\/non%20class\u00e9\/smeg-robot-sur-socle-esthetique-annees-50-rouge\/"},"modified":"2025-01-13T14:30:17","modified_gmt":"2025-01-13T14:30:17","slug":"smeg-robot-sur-socle-esthetique-annees-50-rouge","status":"publish","type":"product","link":"https:\/\/www.erresse-shop.it\/fr\/shop\/petits-electromenagers\/petrins\/smeg-robot-sur-socle-esthetique-annees-50-rouge\/","title":{"rendered":"SMEG Robot Sur Socle Esth\u00e9tique Ann\u00e9es &#8217;50 Rouge"},"content":{"rendered":"<ul>\n<li><strong>Good Design Awards 2014<\/strong><\/li>\n<li><strong>iF Design Award 2015<\/strong><\/li>\n<\/ul>\n<p>ESTH\u00c9TIQUE<br \/>\nEsth\u00e9tique: Ann\u00e9es 50<br \/>\nCouleur du cache frontal: Gris m\u00e9tal<br \/>\nMat\u00e9riau du cache frontal: Plastique<br \/>\nMat\u00e9riau du corps: Aluminium coul\u00e9<br \/>\nCouleur de la base: Gris m\u00e9tal<br \/>\nMat\u00e9riau de la base: Aluminium coul\u00e9<br \/>\nMat\u00e9riau du bol: Inox<br \/>\nType de logo: Appliqu\u00e9<\/p>\n<p>COMMANDES<br \/>\nType de commandes: Levier<br \/>\nMat\u00e9riau du levier: Inox<\/p>\n<p>PROGRAMMES \/ FONCTIONS<br \/>\nVitesses: 10<br \/>\nMise en marche progressive: Oui<\/p>\n<p>CARACT\u00c9RISTIQUES TECHNIQUES<br \/>\nMouvement: Plan\u00e9taire<br \/>\nContr\u00f4le de vitesse: Electronique<br \/>\nType de moteur: A transmission directe<br \/>\nPuissance du moteur: 800 W<br \/>\nS\u00e9curit\u00e9 blocage moteur: Oui<br \/>\nProtection surcharge moteur: Oui<br \/>\nSortie moteur frontale pour accessoires: Frontal<br \/>\nModalit\u00e9 de basculement de la t\u00eate: Bouton<br \/>\nCapacit\u00e9 du bol: 4,8 L<br \/>\nPoign\u00e9e du bol: Oui<br \/>\nPieds antid\u00e9rapants: Oui<br \/>\nCouleur du c\u00e2ble d&#8217;alimentation: Gris<\/p>\n<p>CAPACIT\u00c9<br \/>\nMaximum Blanc d&#8217;\u0153uf: 12<br \/>\nMinumum Blanc d&#8217;\u0153uf: 3<br \/>\nMaximum P\u00e2te pour tarte: 2 Kg<br \/>\nMaximum p\u00e2te \u00e0 g\u00e2teaux: 2,6 Kg<br \/>\nMaximum P\u00e2te pour pain, pizza, p\u00e2tes: 1,8 kg de p\u00e2te au total (maximum 1,2 kg de farine)<br \/>\nMaximum Pr\u00e9paration pour p\u00e2tes aux \u0153ufs: 500 g p\u00e2te au total avec 3 \u0153ufs (taille moyenne 53-63g)<br \/>\nMaximum Cr\u00e8me fouett\u00e9e: 1 l<br \/>\nMinimum Cr\u00e8me fouett\u00e9e: 100 ml<\/p>\n<p>RACCORDEMENT \u00c9LECTRIQUE<br \/>\nTension: 220-240 V<br \/>\nFr\u00e9quence: 50\/60 Hz<br \/>\nType de prise: Schuko<br \/>\nLongueur du c\u00e2ble: 1 m<\/p>\n<p>INFORMATIONS LOGISTIQUES<br \/>\nDimensions externes (H x L x P): 378 (490 t\u00eate relev\u00e9e) x 402 x 221 mm<br \/>\nPoids net: 9.180 kg<br \/>\nPoids brut: 11.300 kg<br \/>\nLargeur du produit emball\u00e9: 415 mm<br \/>\nProfondeur du produit emball\u00e9: 255 mm<br \/>\nHauteur du produit emball\u00e9: 460 mm<\/p>\n<p>ACCESSOIRES FOURNIS<br \/>\nFouet \u00e0 fils: Oui<br \/>\nBatteur plat: Oui<br \/>\nBatteur plat lavable au lave-vaisselle: Oui<br \/>\nCrochet p\u00e9trisseur lavable au lave-vaisselle: Oui<br \/>\nBol: Oui<br \/>\nCouvercle verseur: Oui<\/p>\n","protected":false},"excerpt":{"rendered":"<p>Good Design Awards 2014 iF Design Award 2015 ESTH\u00c9TIQUE Esth\u00e9tique: Ann\u00e9es 50 Couleur du cache frontal: Gris m\u00e9tal Mat\u00e9riau du<\/p>\n","protected":false},"featured_media":460962,"template":"","meta":{"_acf_changed":false,"inline_featured_image":false},"product_cat":[12449,14476],"product_tag":[25181,23910,13253,25021,14835,12856,13257],"acf":[],"yoast_head":"<!-- This site is optimized with the Yoast SEO Premium plugin v18.6 (Yoast SEO v19.13) - https:\/\/yoast.com\/wordpress\/plugins\/seo\/ -->\n<title>SMEG Robot Sur Socle Esth\u00e9tique Ann\u00e9es &#039;50 Rouge<\/title>\n<meta name=\"description\" content=\"D\u00e9couvrez SMEG Robot Sur Socle Esth\u00e9tique Ann\u00e9es &#039;50 Rouge sur ErresseShop. Qualit\u00e9, prix r\u00e9duits et achat s\u00e9curis\u00e9 \u2013 commandez d\u00e8s maintenant en ligne !\" \/>\n<meta name=\"robots\" content=\"index, follow, max-snippet:-1, max-image-preview:large, max-video-preview:-1\" \/>\n<link rel=\"canonical\" href=\"https:\/\/www.erresse-shop.it\/fr\/shop\/petits-electromenagers\/petrins\/smeg-robot-sur-socle-esthetique-annees-50-rouge\/\" \/>\n<meta property=\"og:locale\" content=\"fr_FR\" \/>\n<meta property=\"og:type\" content=\"article\" \/>\n<meta property=\"og:title\" content=\"SMEG Robot Sur Socle Esth\u00e9tique Ann\u00e9es &#039;50 Rouge\" \/>\n<meta property=\"og:description\" content=\"D\u00e9couvrez SMEG Robot Sur Socle Esth\u00e9tique Ann\u00e9es &#039;50 Rouge sur ErresseShop. Qualit\u00e9, prix r\u00e9duits et achat s\u00e9curis\u00e9 \u2013 commandez d\u00e8s maintenant en ligne !\" \/>\n<meta property=\"og:url\" content=\"https:\/\/www.erresse-shop.it\/fr\/shop\/petits-electromenagers\/petrins\/smeg-robot-sur-socle-esthetique-annees-50-rouge\/\" \/>\n<meta property=\"og:site_name\" content=\"Erresse Shop\" \/>\n<meta property=\"article:modified_time\" content=\"2025-01-13T14:30:17+00:00\" \/>\n<meta property=\"og:image\" content=\"https:\/\/www.erresse-shop.it\/wp-content\/uploads\/2016\/04\/SMEG-Estetica-Anni-50-Impastatrice-SMF02-Rosso.png\" \/>\n\t<meta property=\"og:image:width\" content=\"800\" \/>\n\t<meta property=\"og:image:height\" content=\"800\" \/>\n\t<meta property=\"og:image:type\" content=\"image\/png\" \/>\n<meta name=\"twitter:card\" content=\"summary_large_image\" \/>\n<script type=\"application\/ld+json\" class=\"yoast-schema-graph\">{\"@context\":\"https:\/\/schema.org\",\"@graph\":[{\"@type\":\"WebPage\",\"@id\":\"https:\/\/www.erresse-shop.it\/fr\/shop\/petits-electromenagers\/petrins\/smeg-robot-sur-socle-esthetique-annees-50-rouge\/\",\"url\":\"https:\/\/www.erresse-shop.it\/fr\/shop\/petits-electromenagers\/petrins\/smeg-robot-sur-socle-esthetique-annees-50-rouge\/\",\"name\":\"SMEG Robot Sur Socle Esth\u00e9tique Ann\u00e9es '50 Rouge\",\"isPartOf\":{\"@id\":\"https:\/\/www.erresse-shop.it\/fr\/#website\"},\"datePublished\":\"2016-04-06T19:23:33+00:00\",\"dateModified\":\"2025-01-13T14:30:17+00:00\",\"description\":\"D\u00e9couvrez SMEG Robot Sur Socle Esth\u00e9tique Ann\u00e9es '50 Rouge sur ErresseShop. Qualit\u00e9, prix r\u00e9duits et achat s\u00e9curis\u00e9 \u2013 commandez d\u00e8s maintenant en ligne !\",\"breadcrumb\":{\"@id\":\"https:\/\/www.erresse-shop.it\/fr\/shop\/petits-electromenagers\/petrins\/smeg-robot-sur-socle-esthetique-annees-50-rouge\/#breadcrumb\"},\"inLanguage\":\"fr-FR\",\"potentialAction\":[{\"@type\":\"ReadAction\",\"target\":[\"https:\/\/www.erresse-shop.it\/fr\/shop\/petits-electromenagers\/petrins\/smeg-robot-sur-socle-esthetique-annees-50-rouge\/\"]}]},{\"@type\":\"BreadcrumbList\",\"@id\":\"https:\/\/www.erresse-shop.it\/fr\/shop\/petits-electromenagers\/petrins\/smeg-robot-sur-socle-esthetique-annees-50-rouge\/#breadcrumb\",\"itemListElement\":[{\"@type\":\"ListItem\",\"position\":1,\"name\":\"Home\",\"item\":\"https:\/\/www.erresse-shop.it\/fr\/\"},{\"@type\":\"ListItem\",\"position\":2,\"name\":\"Shop\",\"item\":\"https:\/\/www.erresse-shop.it\/fr\/shop\/\"},{\"@type\":\"ListItem\",\"position\":3,\"name\":\"SMEG Robot Sur Socle Esth\u00e9tique Ann\u00e9es &#8217;50 Rouge\"}]},{\"@type\":\"WebSite\",\"@id\":\"https:\/\/www.erresse-shop.it\/fr\/#website\",\"url\":\"https:\/\/www.erresse-shop.it\/fr\/\",\"name\":\"Erresse Shop\",\"description\":\"Articoli di qualit\u00e0 per la casa\",\"potentialAction\":[{\"@type\":\"SearchAction\",\"target\":{\"@type\":\"EntryPoint\",\"urlTemplate\":\"https:\/\/www.erresse-shop.it\/fr\/?s={search_term_string}\"},\"query-input\":\"required name=search_term_string\"}],\"inLanguage\":\"fr-FR\"}]}<\/script>\n<!-- \/ Yoast SEO Premium plugin. -->","yoast_head_json":{"title":"SMEG Robot Sur Socle Esth\u00e9tique Ann\u00e9es '50 Rouge","description":"D\u00e9couvrez SMEG Robot Sur Socle Esth\u00e9tique Ann\u00e9es '50 Rouge sur ErresseShop. Qualit\u00e9, prix r\u00e9duits et achat s\u00e9curis\u00e9 \u2013 commandez d\u00e8s maintenant en ligne !","robots":{"index":"index","follow":"follow","max-snippet":"max-snippet:-1","max-image-preview":"max-image-preview:large","max-video-preview":"max-video-preview:-1"},"canonical":"https:\/\/www.erresse-shop.it\/fr\/shop\/petits-electromenagers\/petrins\/smeg-robot-sur-socle-esthetique-annees-50-rouge\/","og_locale":"fr_FR","og_type":"article","og_title":"SMEG Robot Sur Socle Esth\u00e9tique Ann\u00e9es '50 Rouge","og_description":"D\u00e9couvrez SMEG Robot Sur Socle Esth\u00e9tique Ann\u00e9es '50 Rouge sur ErresseShop. Qualit\u00e9, prix r\u00e9duits et achat s\u00e9curis\u00e9 \u2013 commandez d\u00e8s maintenant en ligne !","og_url":"https:\/\/www.erresse-shop.it\/fr\/shop\/petits-electromenagers\/petrins\/smeg-robot-sur-socle-esthetique-annees-50-rouge\/","og_site_name":"Erresse Shop","article_modified_time":"2025-01-13T14:30:17+00:00","og_image":[{"width":800,"height":800,"url":"https:\/\/www.erresse-shop.it\/wp-content\/uploads\/2016\/04\/SMEG-Estetica-Anni-50-Impastatrice-SMF02-Rosso.png","type":"image\/png"}],"twitter_card":"summary_large_image","schema":{"@context":"https:\/\/schema.org","@graph":[{"@type":"WebPage","@id":"https:\/\/www.erresse-shop.it\/fr\/shop\/petits-electromenagers\/petrins\/smeg-robot-sur-socle-esthetique-annees-50-rouge\/","url":"https:\/\/www.erresse-shop.it\/fr\/shop\/petits-electromenagers\/petrins\/smeg-robot-sur-socle-esthetique-annees-50-rouge\/","name":"SMEG Robot Sur Socle Esth\u00e9tique Ann\u00e9es '50 Rouge","isPartOf":{"@id":"https:\/\/www.erresse-shop.it\/fr\/#website"},"datePublished":"2016-04-06T19:23:33+00:00","dateModified":"2025-01-13T14:30:17+00:00","description":"D\u00e9couvrez SMEG Robot Sur Socle Esth\u00e9tique Ann\u00e9es '50 Rouge sur ErresseShop. Qualit\u00e9, prix r\u00e9duits et achat s\u00e9curis\u00e9 \u2013 commandez d\u00e8s maintenant en ligne !","breadcrumb":{"@id":"https:\/\/www.erresse-shop.it\/fr\/shop\/petits-electromenagers\/petrins\/smeg-robot-sur-socle-esthetique-annees-50-rouge\/#breadcrumb"},"inLanguage":"fr-FR","potentialAction":[{"@type":"ReadAction","target":["https:\/\/www.erresse-shop.it\/fr\/shop\/petits-electromenagers\/petrins\/smeg-robot-sur-socle-esthetique-annees-50-rouge\/"]}]},{"@type":"BreadcrumbList","@id":"https:\/\/www.erresse-shop.it\/fr\/shop\/petits-electromenagers\/petrins\/smeg-robot-sur-socle-esthetique-annees-50-rouge\/#breadcrumb","itemListElement":[{"@type":"ListItem","position":1,"name":"Home","item":"https:\/\/www.erresse-shop.it\/fr\/"},{"@type":"ListItem","position":2,"name":"Shop","item":"https:\/\/www.erresse-shop.it\/fr\/shop\/"},{"@type":"ListItem","position":3,"name":"SMEG Robot Sur Socle Esth\u00e9tique Ann\u00e9es &#8217;50 Rouge"}]},{"@type":"WebSite","@id":"https:\/\/www.erresse-shop.it\/fr\/#website","url":"https:\/\/www.erresse-shop.it\/fr\/","name":"Erresse Shop","description":"Articoli di qualit\u00e0 per la casa","potentialAction":[{"@type":"SearchAction","target":{"@type":"EntryPoint","urlTemplate":"https:\/\/www.erresse-shop.it\/fr\/?s={search_term_string}"},"query-input":"required name=search_term_string"}],"inLanguage":"fr-FR"}]}},"df_price":428.8,"df_sale_price":428.8,"df_regular_price":499,"df_image_link":"https:\/\/www.erresse-shop.it\/wp-content\/uploads\/2016\/04\/SMEG-Estetica-Anni-50-Impastatrice-SMF02-Rosso-300x300.jpg","_links":{"self":[{"href":"https:\/\/www.erresse-shop.it\/fr\/wp-json\/wp\/v2\/product\/65771"}],"collection":[{"href":"https:\/\/www.erresse-shop.it\/fr\/wp-json\/wp\/v2\/product"}],"about":[{"href":"https:\/\/www.erresse-shop.it\/fr\/wp-json\/wp\/v2\/types\/product"}],"wp:featuredmedia":[{"embeddable":true,"href":"https:\/\/www.erresse-shop.it\/fr\/wp-json\/wp\/v2\/media\/460962"}],"wp:attachment":[{"href":"https:\/\/www.erresse-shop.it\/fr\/wp-json\/wp\/v2\/media?parent=65771"}],"wp:term":[{"taxonomy":"product_cat","embeddable":true,"href":"https:\/\/www.erresse-shop.it\/fr\/wp-json\/wp\/v2\/product_cat?post=65771"},{"taxonomy":"product_tag","embeddable":true,"href":"https:\/\/www.erresse-shop.it\/fr\/wp-json\/wp\/v2\/product_tag?post=65771"}],"curies":[{"name":"wp","href":"https:\/\/api.w.org\/{rel}","templated":true}]}}