{"id":65689,"date":"2020-06-30T13:32:11","date_gmt":"2020-06-30T13:32:13","guid":{"rendered":"https:\/\/www.erresse-shop.it\/?post_type=product&#038;p=65689"},"modified":"2025-01-13T14:30:08","modified_gmt":"2025-01-13T14:30:08","slug":"smeg-machine-a-cafe-esthetique-annees-50-inox-brosse","status":"publish","type":"product","link":"https:\/\/www.erresse-shop.it\/fr\/shop\/petits-electromenagers\/machines-cafe\/a-filtre\/smeg-machine-a-cafe-esthetique-annees-50-inox-brosse\/","title":{"rendered":"SMEG Machine \u00e0 caf\u00e9 Esth\u00e9tique Ann\u00e9es &#8217;50 Inox bross\u00e9"},"content":{"rendered":"<p>TYPE<br \/>\nType: Filtre<br \/>\nPuissance: 1050 W<\/p>\n<p>ESTH\u00c9TIQUE<br \/>\nEsth\u00e9tique: Ann\u00e9es 50<br \/>\nMat\u00e9riau du corps: Inox \/plastique<br \/>\nMat\u00e9riau carafe: Verre<br \/>\nMat\u00e9riau de la poign\u00e9e de la carafe: Plastique<br \/>\nMat\u00e9riau du couvercle de la carafe: Plastique<br \/>\nCouleur Poign\u00e9e carafe: Gris \/ Chrom\u00e9<br \/>\nCouleur couvercle carafe: Gris<br \/>\nCouleur de la base: Chrom\u00e9 brillant<br \/>\nMat\u00e9riau de la base: Plastique<br \/>\nMat\u00e9riau support filtre: Plastique<br \/>\nMat\u00e9riau base chauffante: Inox<br \/>\nMat\u00e9riau du filtre permanent: Inox \/ Plastique<br \/>\nCouleur du filtre permanent: Gris<br \/>\nMat\u00e9riau levier vapeur \/ eau chaude: Alliage de zinc<\/p>\n<p>COMMANDES<br \/>\nType de commandes: Touches, Levier<br \/>\nAfficheur: Oui<br \/>\nNombre touches: 4<br \/>\nCouleur touches: Silver<br \/>\nMat\u00e9riau touches: Plastique<\/p>\n<p>PROGRAMMES \/ FONCTIONS<br \/>\nIntensit\u00e9 de caf\u00e9 r\u00e9glable: 2 niveaux(L\u00e9ger ou intense)<br \/>\nFonction 4 tasses: Oui<br \/>\nMode maintien au chaud: Oui, automatique<br \/>\nDur\u00e9e maintien au chaud: 40 minutes<br \/>\nProgrammation d&#8217;allumage automatique: Oui<br \/>\nAlarme sonore \u00e0 la fin de l&#8217;\u00e9rogation: En option<br \/>\nDuret\u00e9 de l&#8217;eau programmable: l\u00e9g\u00e8re\/moyenne\/dure<br \/>\nIndicateur D\u00e9tartrage: Oui<\/p>\n<p>CARACT\u00c9RISTIQUES TECHNIQUES<br \/>\nCapacit\u00e9 du r\u00e9servoir d&#8217;eau: 1.4 l<br \/>\nCapacit\u00e9 carafe: 1.25 l<br \/>\nCapacit\u00e9: 10 tasses<br \/>\nIndicateur du niveau de l&#8217;eau: Oui<br \/>\nSyst\u00e8me de chauffe: R\u00e9sistance \u00e9lectrique<br \/>\nBase antid\u00e9rapante: Oui<br \/>\nSyst\u00e8me ant-gouttes: Oui<\/p>\n<p>RACCORDEMENT \u00c9LECTRIQUE<br \/>\nType de prise: Schuko<br \/>\nTension: 220-240 V<br \/>\nFr\u00e9quence: 50\/60 Hz<br \/>\nLongueur du c\u00e2ble: 1 m<\/p>\n<p>INFORMATIONS LOGISTIQUES<br \/>\nDimensions externes (H x L x P): 361x245x256 mm<br \/>\nPoids net: 3.400 kg<br \/>\nPoids brut: 5.400 kg<br \/>\nProfondeur du produit emball\u00e9: 291 mm<br \/>\nLargeur du produit emball\u00e9: 325 mm<br \/>\nHauteur du produit emball\u00e9: 437 mm<\/p>\n<p>ACCESSOIRES FOURNIS<br \/>\nCuill\u00e8re doseuse: Oui<\/p>\n","protected":false},"excerpt":{"rendered":"<p>TYPE Type: Filtre Puissance: 1050 W ESTH\u00c9TIQUE Esth\u00e9tique: Ann\u00e9es 50 Mat\u00e9riau du corps: Inox \/plastique Mat\u00e9riau carafe: Verre Mat\u00e9riau de<\/p>\n","protected":false},"featured_media":467076,"template":"","meta":{"_acf_changed":false,"inline_featured_image":false},"product_cat":[25375,12764,12449],"product_tag":[25181,23910,13253,23563,25021,13256,13254,23603,12856],"acf":[],"yoast_head":"<!-- This site is optimized with the Yoast SEO Premium plugin v18.6 (Yoast SEO v19.13) - https:\/\/yoast.com\/wordpress\/plugins\/seo\/ -->\n<title>SMEG Machine \u00e0 caf\u00e9 Esth\u00e9tique Ann\u00e9es &#039;50 Inox bross\u00e9<\/title>\n<meta name=\"description\" content=\"D\u00e9couvrez SMEG Machine \u00e0 caf\u00e9 Esth\u00e9tique Ann\u00e9es &#039;50 Inox bross\u00e9 sur ErresseShop. Qualit\u00e9, prix r\u00e9duits et achat s\u00e9curis\u00e9 \u2013 commandez d\u00e8s maintenant en ligne !\" \/>\n<meta name=\"robots\" content=\"index, follow, max-snippet:-1, max-image-preview:large, max-video-preview:-1\" \/>\n<link rel=\"canonical\" href=\"https:\/\/www.erresse-shop.it\/fr\/shop\/petits-electromenagers\/machines-cafe\/a-filtre\/smeg-machine-a-cafe-esthetique-annees-50-inox-brosse\/\" \/>\n<meta property=\"og:locale\" content=\"fr_FR\" \/>\n<meta property=\"og:type\" content=\"article\" \/>\n<meta property=\"og:title\" content=\"SMEG Machine \u00e0 caf\u00e9 Esth\u00e9tique Ann\u00e9es &#039;50 Inox bross\u00e9\" \/>\n<meta property=\"og:description\" content=\"D\u00e9couvrez SMEG Machine \u00e0 caf\u00e9 Esth\u00e9tique Ann\u00e9es &#039;50 Inox bross\u00e9 sur ErresseShop. Qualit\u00e9, prix r\u00e9duits et achat s\u00e9curis\u00e9 \u2013 commandez d\u00e8s maintenant en ligne !\" \/>\n<meta property=\"og:url\" content=\"https:\/\/www.erresse-shop.it\/fr\/shop\/petits-electromenagers\/machines-cafe\/a-filtre\/smeg-machine-a-cafe-esthetique-annees-50-inox-brosse\/\" \/>\n<meta property=\"og:site_name\" content=\"Erresse Shop\" \/>\n<meta property=\"article:modified_time\" content=\"2025-01-13T14:30:08+00:00\" \/>\n<meta property=\"og:image\" content=\"https:\/\/www.erresse-shop.it\/wp-content\/uploads\/2020\/06\/SMEG-Estetica-Anni-50-Macchina-da-Caffe-Filtro-Acciaio-Inox.png\" \/>\n\t<meta property=\"og:image:width\" content=\"800\" \/>\n\t<meta property=\"og:image:height\" content=\"800\" \/>\n\t<meta property=\"og:image:type\" content=\"image\/png\" \/>\n<meta name=\"twitter:card\" content=\"summary_large_image\" \/>\n<script type=\"application\/ld+json\" class=\"yoast-schema-graph\">{\"@context\":\"https:\/\/schema.org\",\"@graph\":[{\"@type\":\"WebPage\",\"@id\":\"https:\/\/www.erresse-shop.it\/fr\/shop\/petits-electromenagers\/machines-cafe\/a-filtre\/smeg-machine-a-cafe-esthetique-annees-50-inox-brosse\/\",\"url\":\"https:\/\/www.erresse-shop.it\/fr\/shop\/petits-electromenagers\/machines-cafe\/a-filtre\/smeg-machine-a-cafe-esthetique-annees-50-inox-brosse\/\",\"name\":\"SMEG Machine \u00e0 caf\u00e9 Esth\u00e9tique Ann\u00e9es '50 Inox bross\u00e9\",\"isPartOf\":{\"@id\":\"https:\/\/www.erresse-shop.it\/fr\/#website\"},\"datePublished\":\"2020-06-30T13:32:13+00:00\",\"dateModified\":\"2025-01-13T14:30:08+00:00\",\"description\":\"D\u00e9couvrez SMEG Machine \u00e0 caf\u00e9 Esth\u00e9tique Ann\u00e9es '50 Inox bross\u00e9 sur ErresseShop. Qualit\u00e9, prix r\u00e9duits et achat s\u00e9curis\u00e9 \u2013 commandez d\u00e8s maintenant en ligne !\",\"breadcrumb\":{\"@id\":\"https:\/\/www.erresse-shop.it\/fr\/shop\/petits-electromenagers\/machines-cafe\/a-filtre\/smeg-machine-a-cafe-esthetique-annees-50-inox-brosse\/#breadcrumb\"},\"inLanguage\":\"fr-FR\",\"potentialAction\":[{\"@type\":\"ReadAction\",\"target\":[\"https:\/\/www.erresse-shop.it\/fr\/shop\/petits-electromenagers\/machines-cafe\/a-filtre\/smeg-machine-a-cafe-esthetique-annees-50-inox-brosse\/\"]}]},{\"@type\":\"BreadcrumbList\",\"@id\":\"https:\/\/www.erresse-shop.it\/fr\/shop\/petits-electromenagers\/machines-cafe\/a-filtre\/smeg-machine-a-cafe-esthetique-annees-50-inox-brosse\/#breadcrumb\",\"itemListElement\":[{\"@type\":\"ListItem\",\"position\":1,\"name\":\"Home\",\"item\":\"https:\/\/www.erresse-shop.it\/fr\/\"},{\"@type\":\"ListItem\",\"position\":2,\"name\":\"Shop\",\"item\":\"https:\/\/www.erresse-shop.it\/fr\/shop\/\"},{\"@type\":\"ListItem\",\"position\":3,\"name\":\"SMEG Machine \u00e0 caf\u00e9 Esth\u00e9tique Ann\u00e9es &#8217;50 Inox bross\u00e9\"}]},{\"@type\":\"WebSite\",\"@id\":\"https:\/\/www.erresse-shop.it\/fr\/#website\",\"url\":\"https:\/\/www.erresse-shop.it\/fr\/\",\"name\":\"Erresse Shop\",\"description\":\"Articoli di qualit\u00e0 per la casa\",\"potentialAction\":[{\"@type\":\"SearchAction\",\"target\":{\"@type\":\"EntryPoint\",\"urlTemplate\":\"https:\/\/www.erresse-shop.it\/fr\/?s={search_term_string}\"},\"query-input\":\"required name=search_term_string\"}],\"inLanguage\":\"fr-FR\"}]}<\/script>\n<!-- \/ Yoast SEO Premium plugin. -->","yoast_head_json":{"title":"SMEG Machine \u00e0 caf\u00e9 Esth\u00e9tique Ann\u00e9es '50 Inox bross\u00e9","description":"D\u00e9couvrez SMEG Machine \u00e0 caf\u00e9 Esth\u00e9tique Ann\u00e9es '50 Inox bross\u00e9 sur ErresseShop. Qualit\u00e9, prix r\u00e9duits et achat s\u00e9curis\u00e9 \u2013 commandez d\u00e8s maintenant en ligne !","robots":{"index":"index","follow":"follow","max-snippet":"max-snippet:-1","max-image-preview":"max-image-preview:large","max-video-preview":"max-video-preview:-1"},"canonical":"https:\/\/www.erresse-shop.it\/fr\/shop\/petits-electromenagers\/machines-cafe\/a-filtre\/smeg-machine-a-cafe-esthetique-annees-50-inox-brosse\/","og_locale":"fr_FR","og_type":"article","og_title":"SMEG Machine \u00e0 caf\u00e9 Esth\u00e9tique Ann\u00e9es '50 Inox bross\u00e9","og_description":"D\u00e9couvrez SMEG Machine \u00e0 caf\u00e9 Esth\u00e9tique Ann\u00e9es '50 Inox bross\u00e9 sur ErresseShop. Qualit\u00e9, prix r\u00e9duits et achat s\u00e9curis\u00e9 \u2013 commandez d\u00e8s maintenant en ligne !","og_url":"https:\/\/www.erresse-shop.it\/fr\/shop\/petits-electromenagers\/machines-cafe\/a-filtre\/smeg-machine-a-cafe-esthetique-annees-50-inox-brosse\/","og_site_name":"Erresse Shop","article_modified_time":"2025-01-13T14:30:08+00:00","og_image":[{"width":800,"height":800,"url":"https:\/\/www.erresse-shop.it\/wp-content\/uploads\/2020\/06\/SMEG-Estetica-Anni-50-Macchina-da-Caffe-Filtro-Acciaio-Inox.png","type":"image\/png"}],"twitter_card":"summary_large_image","schema":{"@context":"https:\/\/schema.org","@graph":[{"@type":"WebPage","@id":"https:\/\/www.erresse-shop.it\/fr\/shop\/petits-electromenagers\/machines-cafe\/a-filtre\/smeg-machine-a-cafe-esthetique-annees-50-inox-brosse\/","url":"https:\/\/www.erresse-shop.it\/fr\/shop\/petits-electromenagers\/machines-cafe\/a-filtre\/smeg-machine-a-cafe-esthetique-annees-50-inox-brosse\/","name":"SMEG Machine \u00e0 caf\u00e9 Esth\u00e9tique Ann\u00e9es '50 Inox bross\u00e9","isPartOf":{"@id":"https:\/\/www.erresse-shop.it\/fr\/#website"},"datePublished":"2020-06-30T13:32:13+00:00","dateModified":"2025-01-13T14:30:08+00:00","description":"D\u00e9couvrez SMEG Machine \u00e0 caf\u00e9 Esth\u00e9tique Ann\u00e9es '50 Inox bross\u00e9 sur ErresseShop. Qualit\u00e9, prix r\u00e9duits et achat s\u00e9curis\u00e9 \u2013 commandez d\u00e8s maintenant en ligne !","breadcrumb":{"@id":"https:\/\/www.erresse-shop.it\/fr\/shop\/petits-electromenagers\/machines-cafe\/a-filtre\/smeg-machine-a-cafe-esthetique-annees-50-inox-brosse\/#breadcrumb"},"inLanguage":"fr-FR","potentialAction":[{"@type":"ReadAction","target":["https:\/\/www.erresse-shop.it\/fr\/shop\/petits-electromenagers\/machines-cafe\/a-filtre\/smeg-machine-a-cafe-esthetique-annees-50-inox-brosse\/"]}]},{"@type":"BreadcrumbList","@id":"https:\/\/www.erresse-shop.it\/fr\/shop\/petits-electromenagers\/machines-cafe\/a-filtre\/smeg-machine-a-cafe-esthetique-annees-50-inox-brosse\/#breadcrumb","itemListElement":[{"@type":"ListItem","position":1,"name":"Home","item":"https:\/\/www.erresse-shop.it\/fr\/"},{"@type":"ListItem","position":2,"name":"Shop","item":"https:\/\/www.erresse-shop.it\/fr\/shop\/"},{"@type":"ListItem","position":3,"name":"SMEG Machine \u00e0 caf\u00e9 Esth\u00e9tique Ann\u00e9es &#8217;50 Inox bross\u00e9"}]},{"@type":"WebSite","@id":"https:\/\/www.erresse-shop.it\/fr\/#website","url":"https:\/\/www.erresse-shop.it\/fr\/","name":"Erresse Shop","description":"Articoli di qualit\u00e0 per la casa","potentialAction":[{"@type":"SearchAction","target":{"@type":"EntryPoint","urlTemplate":"https:\/\/www.erresse-shop.it\/fr\/?s={search_term_string}"},"query-input":"required name=search_term_string"}],"inLanguage":"fr-FR"}]}},"df_price":160.29999999999998,"df_sale_price":160.29999999999998,"df_regular_price":229,"df_image_link":"https:\/\/www.erresse-shop.it\/wp-content\/uploads\/2020\/06\/SMEG-Estetica-Anni-50-Macchina-da-Caffe-Filtro-Acciaio-Inox-300x300.jpg","_links":{"self":[{"href":"https:\/\/www.erresse-shop.it\/fr\/wp-json\/wp\/v2\/product\/65689"}],"collection":[{"href":"https:\/\/www.erresse-shop.it\/fr\/wp-json\/wp\/v2\/product"}],"about":[{"href":"https:\/\/www.erresse-shop.it\/fr\/wp-json\/wp\/v2\/types\/product"}],"wp:featuredmedia":[{"embeddable":true,"href":"https:\/\/www.erresse-shop.it\/fr\/wp-json\/wp\/v2\/media\/467076"}],"wp:attachment":[{"href":"https:\/\/www.erresse-shop.it\/fr\/wp-json\/wp\/v2\/media?parent=65689"}],"wp:term":[{"taxonomy":"product_cat","embeddable":true,"href":"https:\/\/www.erresse-shop.it\/fr\/wp-json\/wp\/v2\/product_cat?post=65689"},{"taxonomy":"product_tag","embeddable":true,"href":"https:\/\/www.erresse-shop.it\/fr\/wp-json\/wp\/v2\/product_tag?post=65689"}],"curies":[{"name":"wp","href":"https:\/\/api.w.org\/{rel}","templated":true}]}}