{"id":65627,"date":"2016-11-28T11:32:48","date_gmt":"2016-11-28T11:32:48","guid":{"rendered":"https:\/\/www.erresse-shop.it\/shop\/non%20class\u00e9\/smeg-machine-a-cafe-esthetique-annees-50-creme\/"},"modified":"2025-01-13T14:29:40","modified_gmt":"2025-01-13T14:29:40","slug":"smeg-machine-a-cafe-esthetique-annees-50-creme","status":"publish","type":"product","link":"https:\/\/www.erresse-shop.it\/fr\/shop\/petits-electromenagers\/machines-cafe\/manuels\/smeg-machine-a-cafe-esthetique-annees-50-creme\/","title":{"rendered":"SMEG Machine \u00e0 caf\u00e9 Esth\u00e9tique Ann\u00e9es &#8217;50 Cr\u00e8me"},"content":{"rendered":"<ul>\n<li><strong>Good Design Awards<\/strong><\/li>\n<li><strong>Red Dot Design Awards<\/strong><\/li>\n<\/ul>\n<p>TYPE<br \/>\nType: Expresso<br \/>\nPuissance: 1350 W<\/p>\n<p>ESTH\u00c9TIQUE<br \/>\nEsth\u00e9tique: Ann\u00e9es 50<br \/>\nCouleur du corps: Rose<br \/>\nMat\u00e9riau du corps: Inox \/plastique<br \/>\nCouleur de la base: Chrom\u00e9 brillant<br \/>\nMat\u00e9riau boiler: Inox<br \/>\nMat\u00e9riau de la base: Plastique<br \/>\nCouleur bague support filtre: Gris<br \/>\nMat\u00e9riau bague support filtre: Pastique<br \/>\nMat\u00e9riau support filtre: Inox<br \/>\nMat\u00e9riau chauffe-tasses: Inox<br \/>\nMat\u00e9riau cuvette recueille-gouttes: Plastique<br \/>\nCouleur support de grandes tasses: Gris<br \/>\nMat\u00e9riau support \u00e0 tasses: Inox<br \/>\nMat\u00e9riau support \u00e0 tasses grandes: Plastique<br \/>\nMat\u00e9riau buse vapeur\/eau chaude: Inox<br \/>\nCouleur joint buse \u00e0 eau\/vapeur: Gris<\/p>\n<p>COMMANDES<br \/>\nType de commandes: Touches, Levier<br \/>\nNombre touches: 3<br \/>\nCouleur touches: Silver<br \/>\nMat\u00e9riau touches: Plastique<\/p>\n<p>PROGRAMMES \/ FONCTIONS<br \/>\nFonction caf\u00e9 simple: Oui<br \/>\nFonction caf\u00e9 double: Oui<br \/>\nFonction eau chaude pour th\u00e9 ou boissons chaudes: Oui<br \/>\nFonction veille r\u00e9glable: Oui<br \/>\nFonction veille programmable: 9 min\/30 min\/3 heures<br \/>\nLongueur du caf\u00e9 r\u00e9glable: Oui<br \/>\nTemp\u00e9rature du caf\u00e9 r\u00e9glable: basse\/moyenne\/\u00e9lev\u00e9e<br \/>\nDuret\u00e9 de l&#8217;eau programmable: l\u00e9g\u00e8re\/moyenne\/dure<br \/>\nIndicateur D\u00e9tartrage: Oui<\/p>\n<p>CARACT\u00c9RISTIQUES TECHNIQUES<br \/>\nCapacit\u00e9 du r\u00e9servoir d&#8217;eau: 1 l<br \/>\nR\u00e9servoir d&#8217;eau amovible: Oui<br \/>\nChauffe tasses: Passif<br \/>\nSyst\u00e8me de chauffe: Thermoblock<br \/>\nBase antid\u00e9rapante: Oui<br \/>\nTiroir recueille-goutte: Oui<br \/>\nBuse eau chaude\/ Vapeur: Oui<br \/>\nPression pompe: 15 bar<\/p>\n<p>RACCORDEMENT \u00c9LECTRIQUE<br \/>\nType de prise: Schuko<br \/>\nTension: 220-240 V<br \/>\nFr\u00e9quence: 50\/60 Hz<br \/>\nLongueur du c\u00e2ble: 1 m<\/p>\n<p>INFORMATIONS LOGISTIQUES<br \/>\nDimensions externes (H x L x P): 330x149x329 mm<br \/>\nPoids net: 4.700 kg<br \/>\nPoids brut: 6.700 kg<br \/>\nProfondeur du produit emball\u00e9: 410 mm<br \/>\nLargeur du produit emball\u00e9: 230 mm<br \/>\nHauteur du produit emball\u00e9: 420 mm<\/p>\n<p>ACCESSOIRES FOURNIS<br \/>\nFiltre 1 tasse: Oui<br \/>\nFiltre 2 tasses: Oui<br \/>\nCuill\u00e8re doseur\/tasseur caf\u00e9: Oui<br \/>\nFiltre pour dosettes papier: Oui<\/p>\n","protected":false},"excerpt":{"rendered":"<p>Good Design Awards Red Dot Design Awards TYPE Type: Expresso Puissance: 1350 W ESTH\u00c9TIQUE Esth\u00e9tique: Ann\u00e9es 50 Couleur du corps:<\/p>\n","protected":false},"featured_media":462995,"template":"","meta":{"_acf_changed":false,"inline_featured_image":false},"product_cat":[12764,25365,12449],"product_tag":[23910,13253,23563,13254,23581,12856],"acf":[],"yoast_head":"<!-- This site is optimized with the Yoast SEO Premium plugin v18.6 (Yoast SEO v19.13) - https:\/\/yoast.com\/wordpress\/plugins\/seo\/ -->\n<title>SMEG Machine \u00e0 caf\u00e9 Esth\u00e9tique Ann\u00e9es &#039;50 Cr\u00e8me<\/title>\n<meta name=\"description\" content=\"D\u00e9couvrez SMEG Machine \u00e0 caf\u00e9 Esth\u00e9tique Ann\u00e9es &#039;50 Cr\u00e8me sur ErresseShop. Qualit\u00e9, prix r\u00e9duits et achat s\u00e9curis\u00e9 \u2013 commandez d\u00e8s maintenant en ligne !\" \/>\n<meta name=\"robots\" content=\"index, follow, max-snippet:-1, max-image-preview:large, max-video-preview:-1\" \/>\n<link rel=\"canonical\" href=\"https:\/\/www.erresse-shop.it\/fr\/shop\/petits-electromenagers\/machines-cafe\/manuels\/smeg-machine-a-cafe-esthetique-annees-50-creme\/\" \/>\n<meta property=\"og:locale\" content=\"fr_FR\" \/>\n<meta property=\"og:type\" content=\"article\" \/>\n<meta property=\"og:title\" content=\"SMEG Machine \u00e0 caf\u00e9 Esth\u00e9tique Ann\u00e9es &#039;50 Cr\u00e8me\" \/>\n<meta property=\"og:description\" content=\"D\u00e9couvrez SMEG Machine \u00e0 caf\u00e9 Esth\u00e9tique Ann\u00e9es &#039;50 Cr\u00e8me sur ErresseShop. Qualit\u00e9, prix r\u00e9duits et achat s\u00e9curis\u00e9 \u2013 commandez d\u00e8s maintenant en ligne !\" \/>\n<meta property=\"og:url\" content=\"https:\/\/www.erresse-shop.it\/fr\/shop\/petits-electromenagers\/machines-cafe\/manuels\/smeg-machine-a-cafe-esthetique-annees-50-creme\/\" \/>\n<meta property=\"og:site_name\" content=\"Erresse Shop\" \/>\n<meta property=\"article:modified_time\" content=\"2025-01-13T14:29:40+00:00\" \/>\n<meta property=\"og:image\" content=\"https:\/\/www.erresse-shop.it\/wp-content\/uploads\/2016\/11\/SMEG-Estetica-Anni-50-Macchina-da-Caffe-Panna.png\" \/>\n\t<meta property=\"og:image:width\" content=\"800\" \/>\n\t<meta property=\"og:image:height\" content=\"800\" \/>\n\t<meta property=\"og:image:type\" content=\"image\/png\" \/>\n<meta name=\"twitter:card\" content=\"summary_large_image\" \/>\n<script type=\"application\/ld+json\" class=\"yoast-schema-graph\">{\"@context\":\"https:\/\/schema.org\",\"@graph\":[{\"@type\":\"WebPage\",\"@id\":\"https:\/\/www.erresse-shop.it\/fr\/shop\/petits-electromenagers\/machines-cafe\/manuels\/smeg-machine-a-cafe-esthetique-annees-50-creme\/\",\"url\":\"https:\/\/www.erresse-shop.it\/fr\/shop\/petits-electromenagers\/machines-cafe\/manuels\/smeg-machine-a-cafe-esthetique-annees-50-creme\/\",\"name\":\"SMEG Machine \u00e0 caf\u00e9 Esth\u00e9tique Ann\u00e9es '50 Cr\u00e8me\",\"isPartOf\":{\"@id\":\"https:\/\/www.erresse-shop.it\/fr\/#website\"},\"datePublished\":\"2016-11-28T11:32:48+00:00\",\"dateModified\":\"2025-01-13T14:29:40+00:00\",\"description\":\"D\u00e9couvrez SMEG Machine \u00e0 caf\u00e9 Esth\u00e9tique Ann\u00e9es '50 Cr\u00e8me sur ErresseShop. Qualit\u00e9, prix r\u00e9duits et achat s\u00e9curis\u00e9 \u2013 commandez d\u00e8s maintenant en ligne !\",\"breadcrumb\":{\"@id\":\"https:\/\/www.erresse-shop.it\/fr\/shop\/petits-electromenagers\/machines-cafe\/manuels\/smeg-machine-a-cafe-esthetique-annees-50-creme\/#breadcrumb\"},\"inLanguage\":\"fr-FR\",\"potentialAction\":[{\"@type\":\"ReadAction\",\"target\":[\"https:\/\/www.erresse-shop.it\/fr\/shop\/petits-electromenagers\/machines-cafe\/manuels\/smeg-machine-a-cafe-esthetique-annees-50-creme\/\"]}]},{\"@type\":\"BreadcrumbList\",\"@id\":\"https:\/\/www.erresse-shop.it\/fr\/shop\/petits-electromenagers\/machines-cafe\/manuels\/smeg-machine-a-cafe-esthetique-annees-50-creme\/#breadcrumb\",\"itemListElement\":[{\"@type\":\"ListItem\",\"position\":1,\"name\":\"Home\",\"item\":\"https:\/\/www.erresse-shop.it\/fr\/\"},{\"@type\":\"ListItem\",\"position\":2,\"name\":\"Shop\",\"item\":\"https:\/\/www.erresse-shop.it\/fr\/shop\/\"},{\"@type\":\"ListItem\",\"position\":3,\"name\":\"SMEG Machine \u00e0 caf\u00e9 Esth\u00e9tique Ann\u00e9es &#8217;50 Cr\u00e8me\"}]},{\"@type\":\"WebSite\",\"@id\":\"https:\/\/www.erresse-shop.it\/fr\/#website\",\"url\":\"https:\/\/www.erresse-shop.it\/fr\/\",\"name\":\"Erresse Shop\",\"description\":\"Articoli di qualit\u00e0 per la casa\",\"potentialAction\":[{\"@type\":\"SearchAction\",\"target\":{\"@type\":\"EntryPoint\",\"urlTemplate\":\"https:\/\/www.erresse-shop.it\/fr\/?s={search_term_string}\"},\"query-input\":\"required name=search_term_string\"}],\"inLanguage\":\"fr-FR\"}]}<\/script>\n<!-- \/ Yoast SEO Premium plugin. -->","yoast_head_json":{"title":"SMEG Machine \u00e0 caf\u00e9 Esth\u00e9tique Ann\u00e9es '50 Cr\u00e8me","description":"D\u00e9couvrez SMEG Machine \u00e0 caf\u00e9 Esth\u00e9tique Ann\u00e9es '50 Cr\u00e8me sur ErresseShop. Qualit\u00e9, prix r\u00e9duits et achat s\u00e9curis\u00e9 \u2013 commandez d\u00e8s maintenant en ligne !","robots":{"index":"index","follow":"follow","max-snippet":"max-snippet:-1","max-image-preview":"max-image-preview:large","max-video-preview":"max-video-preview:-1"},"canonical":"https:\/\/www.erresse-shop.it\/fr\/shop\/petits-electromenagers\/machines-cafe\/manuels\/smeg-machine-a-cafe-esthetique-annees-50-creme\/","og_locale":"fr_FR","og_type":"article","og_title":"SMEG Machine \u00e0 caf\u00e9 Esth\u00e9tique Ann\u00e9es '50 Cr\u00e8me","og_description":"D\u00e9couvrez SMEG Machine \u00e0 caf\u00e9 Esth\u00e9tique Ann\u00e9es '50 Cr\u00e8me sur ErresseShop. Qualit\u00e9, prix r\u00e9duits et achat s\u00e9curis\u00e9 \u2013 commandez d\u00e8s maintenant en ligne !","og_url":"https:\/\/www.erresse-shop.it\/fr\/shop\/petits-electromenagers\/machines-cafe\/manuels\/smeg-machine-a-cafe-esthetique-annees-50-creme\/","og_site_name":"Erresse Shop","article_modified_time":"2025-01-13T14:29:40+00:00","og_image":[{"width":800,"height":800,"url":"https:\/\/www.erresse-shop.it\/wp-content\/uploads\/2016\/11\/SMEG-Estetica-Anni-50-Macchina-da-Caffe-Panna.png","type":"image\/png"}],"twitter_card":"summary_large_image","schema":{"@context":"https:\/\/schema.org","@graph":[{"@type":"WebPage","@id":"https:\/\/www.erresse-shop.it\/fr\/shop\/petits-electromenagers\/machines-cafe\/manuels\/smeg-machine-a-cafe-esthetique-annees-50-creme\/","url":"https:\/\/www.erresse-shop.it\/fr\/shop\/petits-electromenagers\/machines-cafe\/manuels\/smeg-machine-a-cafe-esthetique-annees-50-creme\/","name":"SMEG Machine \u00e0 caf\u00e9 Esth\u00e9tique Ann\u00e9es '50 Cr\u00e8me","isPartOf":{"@id":"https:\/\/www.erresse-shop.it\/fr\/#website"},"datePublished":"2016-11-28T11:32:48+00:00","dateModified":"2025-01-13T14:29:40+00:00","description":"D\u00e9couvrez SMEG Machine \u00e0 caf\u00e9 Esth\u00e9tique Ann\u00e9es '50 Cr\u00e8me sur ErresseShop. Qualit\u00e9, prix r\u00e9duits et achat s\u00e9curis\u00e9 \u2013 commandez d\u00e8s maintenant en ligne !","breadcrumb":{"@id":"https:\/\/www.erresse-shop.it\/fr\/shop\/petits-electromenagers\/machines-cafe\/manuels\/smeg-machine-a-cafe-esthetique-annees-50-creme\/#breadcrumb"},"inLanguage":"fr-FR","potentialAction":[{"@type":"ReadAction","target":["https:\/\/www.erresse-shop.it\/fr\/shop\/petits-electromenagers\/machines-cafe\/manuels\/smeg-machine-a-cafe-esthetique-annees-50-creme\/"]}]},{"@type":"BreadcrumbList","@id":"https:\/\/www.erresse-shop.it\/fr\/shop\/petits-electromenagers\/machines-cafe\/manuels\/smeg-machine-a-cafe-esthetique-annees-50-creme\/#breadcrumb","itemListElement":[{"@type":"ListItem","position":1,"name":"Home","item":"https:\/\/www.erresse-shop.it\/fr\/"},{"@type":"ListItem","position":2,"name":"Shop","item":"https:\/\/www.erresse-shop.it\/fr\/shop\/"},{"@type":"ListItem","position":3,"name":"SMEG Machine \u00e0 caf\u00e9 Esth\u00e9tique Ann\u00e9es &#8217;50 Cr\u00e8me"}]},{"@type":"WebSite","@id":"https:\/\/www.erresse-shop.it\/fr\/#website","url":"https:\/\/www.erresse-shop.it\/fr\/","name":"Erresse Shop","description":"Articoli di qualit\u00e0 per la casa","potentialAction":[{"@type":"SearchAction","target":{"@type":"EntryPoint","urlTemplate":"https:\/\/www.erresse-shop.it\/fr\/?s={search_term_string}"},"query-input":"required name=search_term_string"}],"inLanguage":"fr-FR"}]}},"df_price":258.3,"df_sale_price":258.3,"df_regular_price":369,"df_image_link":"https:\/\/www.erresse-shop.it\/wp-content\/uploads\/2016\/11\/SMEG-Estetica-Anni-50-Macchina-da-Caffe-Panna-300x300.jpg","_links":{"self":[{"href":"https:\/\/www.erresse-shop.it\/fr\/wp-json\/wp\/v2\/product\/65627"}],"collection":[{"href":"https:\/\/www.erresse-shop.it\/fr\/wp-json\/wp\/v2\/product"}],"about":[{"href":"https:\/\/www.erresse-shop.it\/fr\/wp-json\/wp\/v2\/types\/product"}],"wp:featuredmedia":[{"embeddable":true,"href":"https:\/\/www.erresse-shop.it\/fr\/wp-json\/wp\/v2\/media\/462995"}],"wp:attachment":[{"href":"https:\/\/www.erresse-shop.it\/fr\/wp-json\/wp\/v2\/media?parent=65627"}],"wp:term":[{"taxonomy":"product_cat","embeddable":true,"href":"https:\/\/www.erresse-shop.it\/fr\/wp-json\/wp\/v2\/product_cat?post=65627"},{"taxonomy":"product_tag","embeddable":true,"href":"https:\/\/www.erresse-shop.it\/fr\/wp-json\/wp\/v2\/product_tag?post=65627"}],"curies":[{"name":"wp","href":"https:\/\/api.w.org\/{rel}","templated":true}]}}