{"id":65583,"date":"2019-11-22T09:25:44","date_gmt":"2019-11-22T09:25:44","guid":{"rendered":"https:\/\/www.erresse-shop.it\/shop\/non%20class\u00e9\/smeg-broyeur-a-cafe-esthetique-annees-50-bleu-azur\/"},"modified":"2025-01-13T14:29:17","modified_gmt":"2025-01-13T14:29:17","slug":"smeg-broyeur-a-cafe-esthetique-annees-50-bleu-azur","status":"publish","type":"product","link":"https:\/\/www.erresse-shop.it\/fr\/shop\/petits-electromenagers\/moulins-a-cafe\/smeg-broyeur-a-cafe-esthetique-annees-50-bleu-azur\/","title":{"rendered":"SMEG Broyeur \u00e0 caf\u00e9 Esth\u00e9tique Ann\u00e9es &#8217;50 Bleu Azur"},"content":{"rendered":"<ul>\n<li><strong>Good Design Awards<\/strong><\/li>\n<\/ul>\n<p>ESTH\u00c9TIQUE<br \/>\nEsth\u00e9tique: Ann\u00e9es 50<br \/>\nMat\u00e9riau du corps: Aluminium coul\u00e9<br \/>\nCouleur de la base: Chrom\u00e9 brillant<br \/>\nMat\u00e9riau r\u00e9cipient \u00e0 grains: Tritan\u2122<br \/>\nMat\u00e9riau couvercle r\u00e9cipient caf\u00e9 en grains: Tritan\u2122<br \/>\nMat\u00e9riau broyeur: Inox<br \/>\nType de broyeur: Conique<br \/>\nMat\u00e9riau du couvercle du r\u00e9cipient \u00e0 caf\u00e9 moulu: Plastique et silicone<br \/>\nMat\u00e9riau r\u00e9cipient \u00e0 caf\u00e9 en poudre: Tritan\u2122<br \/>\nMat\u00e9riau de la base: Plastic<br \/>\nMat\u00e9riau lever de r\u00e9glable broyeur: SUS 304<\/p>\n<p>COMMANDES<br \/>\nType de commandes: Manette + Touche + Levier<br \/>\nMat\u00e9riau brosses de nettoyage: Plastique<br \/>\nMat\u00e9riau unit\u00e9 de centrage du filtre: Plastique<br \/>\nMat\u00e9riau de la manette: Plastique<br \/>\nMat\u00e9riau petite assiette support: Acier<br \/>\nMat\u00e9riau manettes: Plastique<\/p>\n<p>PROGRAMMES \/ FONCTIONS<br \/>\nQuantit\u00e9 de caf\u00e9 r\u00e9glable: Oui<br \/>\nR\u00e9servoir \u00e0 grain avec syst\u00e8me de verrouillage rotatif: Oui<br \/>\nNiveau de broyage r\u00e9glable: Oui<br \/>\nNiveau de broyage disponibles: 30<br \/>\nPossibilit\u00e9s de broyage disponibles: FIN, MOYEN, GROSSIER<br \/>\nFonction caf\u00e9 Expresso: 2<br \/>\nFonction caf\u00e9 am\u00e9ricain: 6<br \/>\nFonction manuelle: Oui<\/p>\n<p>CARACT\u00c9RISTIQUES TECHNIQUES<br \/>\nPieds antid\u00e9rapants: Oui\u00f9<br \/>\nSyst\u00e8me antistatique: Oui<br \/>\nCapacit\u00e9 du r\u00e9cipient \u00e0 caf\u00e9 en grains: 350 gr<br \/>\nCapacit\u00e9 r\u00e9cipient \u00e0 caf\u00e9 moulu: 130 gr<br \/>\nBroyeur sup\u00e9rieur amovible: Oui<br \/>\nBase amovible: Oui<br \/>\nRPM: 450<br \/>\nRange-cordon int\u00e9gr\u00e9: Oui<\/p>\n<p>RACCORDEMENT \u00c9LECTRIQUE<br \/>\nPuissance: 150 W<br \/>\nType de prise: Schuko<br \/>\nTension (V): 220-240<br \/>\nFr\u00e9quence (Hz): 50-60<br \/>\nLongueur du c\u00e2ble d&#8217;alimentation (m): 1<\/p>\n<p>INFORMATIONS LOGISTIQUES<br \/>\nDimensions du produit (L x H x P): 250 x 460 x 170 mm<br \/>\nPoids net (kg): 3.100<br \/>\nPoids brut (kg): 4.780<br \/>\nProfondeur du produit emball\u00e9: 204<br \/>\nLargeur du produit emball\u00e9: 288<br \/>\nHauteur du produit emball\u00e9: 506<\/p>\n","protected":false},"excerpt":{"rendered":"<p>Good Design Awards ESTH\u00c9TIQUE Esth\u00e9tique: Ann\u00e9es 50 Mat\u00e9riau du corps: Aluminium coul\u00e9 Couleur de la base: Chrom\u00e9 brillant Mat\u00e9riau r\u00e9cipient<\/p>\n","protected":false},"featured_media":483694,"template":"","meta":{"_acf_changed":false,"inline_featured_image":false},"product_cat":[25385,12449],"product_tag":[25181,23623,23910,13253,23563,25021,12856,13268],"acf":[],"yoast_head":"<!-- This site is optimized with the Yoast SEO Premium plugin v18.6 (Yoast SEO v19.13) - https:\/\/yoast.com\/wordpress\/plugins\/seo\/ -->\n<title>SMEG Broyeur \u00e0 caf\u00e9 Esth\u00e9tique Ann\u00e9es &#039;50 Bleu Azur<\/title>\n<meta name=\"description\" content=\"D\u00e9couvrez SMEG Broyeur \u00e0 caf\u00e9 Esth\u00e9tique Ann\u00e9es &#039;50 Bleu Azur sur ErresseShop. Qualit\u00e9, prix r\u00e9duits et achat s\u00e9curis\u00e9 \u2013 commandez d\u00e8s maintenant en ligne !\" \/>\n<meta name=\"robots\" content=\"index, follow, max-snippet:-1, max-image-preview:large, max-video-preview:-1\" \/>\n<link rel=\"canonical\" href=\"https:\/\/www.erresse-shop.it\/fr\/shop\/petits-electromenagers\/moulins-a-cafe\/smeg-broyeur-a-cafe-esthetique-annees-50-bleu-azur\/\" \/>\n<meta property=\"og:locale\" content=\"fr_FR\" \/>\n<meta property=\"og:type\" content=\"article\" \/>\n<meta property=\"og:title\" content=\"SMEG Broyeur \u00e0 caf\u00e9 Esth\u00e9tique Ann\u00e9es &#039;50 Bleu Azur\" \/>\n<meta property=\"og:description\" content=\"D\u00e9couvrez SMEG Broyeur \u00e0 caf\u00e9 Esth\u00e9tique Ann\u00e9es &#039;50 Bleu Azur sur ErresseShop. Qualit\u00e9, prix r\u00e9duits et achat s\u00e9curis\u00e9 \u2013 commandez d\u00e8s maintenant en ligne !\" \/>\n<meta property=\"og:url\" content=\"https:\/\/www.erresse-shop.it\/fr\/shop\/petits-electromenagers\/moulins-a-cafe\/smeg-broyeur-a-cafe-esthetique-annees-50-bleu-azur\/\" \/>\n<meta property=\"og:site_name\" content=\"Erresse Shop\" \/>\n<meta property=\"article:modified_time\" content=\"2025-01-13T14:29:17+00:00\" \/>\n<meta property=\"og:image\" content=\"https:\/\/www.erresse-shop.it\/wp-content\/uploads\/2019\/11\/SMEG-Estetica-Anni-50-Macinacaffe-Azzurro.png\" \/>\n\t<meta property=\"og:image:width\" content=\"800\" \/>\n\t<meta property=\"og:image:height\" content=\"800\" \/>\n\t<meta property=\"og:image:type\" content=\"image\/png\" \/>\n<meta name=\"twitter:card\" content=\"summary_large_image\" \/>\n<script type=\"application\/ld+json\" class=\"yoast-schema-graph\">{\"@context\":\"https:\/\/schema.org\",\"@graph\":[{\"@type\":\"WebPage\",\"@id\":\"https:\/\/www.erresse-shop.it\/fr\/shop\/petits-electromenagers\/moulins-a-cafe\/smeg-broyeur-a-cafe-esthetique-annees-50-bleu-azur\/\",\"url\":\"https:\/\/www.erresse-shop.it\/fr\/shop\/petits-electromenagers\/moulins-a-cafe\/smeg-broyeur-a-cafe-esthetique-annees-50-bleu-azur\/\",\"name\":\"SMEG Broyeur \u00e0 caf\u00e9 Esth\u00e9tique Ann\u00e9es '50 Bleu Azur\",\"isPartOf\":{\"@id\":\"https:\/\/www.erresse-shop.it\/fr\/#website\"},\"datePublished\":\"2019-11-22T09:25:44+00:00\",\"dateModified\":\"2025-01-13T14:29:17+00:00\",\"description\":\"D\u00e9couvrez SMEG Broyeur \u00e0 caf\u00e9 Esth\u00e9tique Ann\u00e9es '50 Bleu Azur sur ErresseShop. Qualit\u00e9, prix r\u00e9duits et achat s\u00e9curis\u00e9 \u2013 commandez d\u00e8s maintenant en ligne !\",\"breadcrumb\":{\"@id\":\"https:\/\/www.erresse-shop.it\/fr\/shop\/petits-electromenagers\/moulins-a-cafe\/smeg-broyeur-a-cafe-esthetique-annees-50-bleu-azur\/#breadcrumb\"},\"inLanguage\":\"fr-FR\",\"potentialAction\":[{\"@type\":\"ReadAction\",\"target\":[\"https:\/\/www.erresse-shop.it\/fr\/shop\/petits-electromenagers\/moulins-a-cafe\/smeg-broyeur-a-cafe-esthetique-annees-50-bleu-azur\/\"]}]},{\"@type\":\"BreadcrumbList\",\"@id\":\"https:\/\/www.erresse-shop.it\/fr\/shop\/petits-electromenagers\/moulins-a-cafe\/smeg-broyeur-a-cafe-esthetique-annees-50-bleu-azur\/#breadcrumb\",\"itemListElement\":[{\"@type\":\"ListItem\",\"position\":1,\"name\":\"Home\",\"item\":\"https:\/\/www.erresse-shop.it\/fr\/\"},{\"@type\":\"ListItem\",\"position\":2,\"name\":\"Shop\",\"item\":\"https:\/\/www.erresse-shop.it\/fr\/shop\/\"},{\"@type\":\"ListItem\",\"position\":3,\"name\":\"SMEG Broyeur \u00e0 caf\u00e9 Esth\u00e9tique Ann\u00e9es &#8217;50 Bleu Azur\"}]},{\"@type\":\"WebSite\",\"@id\":\"https:\/\/www.erresse-shop.it\/fr\/#website\",\"url\":\"https:\/\/www.erresse-shop.it\/fr\/\",\"name\":\"Erresse Shop\",\"description\":\"Articoli di qualit\u00e0 per la casa\",\"potentialAction\":[{\"@type\":\"SearchAction\",\"target\":{\"@type\":\"EntryPoint\",\"urlTemplate\":\"https:\/\/www.erresse-shop.it\/fr\/?s={search_term_string}\"},\"query-input\":\"required name=search_term_string\"}],\"inLanguage\":\"fr-FR\"}]}<\/script>\n<!-- \/ Yoast SEO Premium plugin. -->","yoast_head_json":{"title":"SMEG Broyeur \u00e0 caf\u00e9 Esth\u00e9tique Ann\u00e9es '50 Bleu Azur","description":"D\u00e9couvrez SMEG Broyeur \u00e0 caf\u00e9 Esth\u00e9tique Ann\u00e9es '50 Bleu Azur sur ErresseShop. Qualit\u00e9, prix r\u00e9duits et achat s\u00e9curis\u00e9 \u2013 commandez d\u00e8s maintenant en ligne !","robots":{"index":"index","follow":"follow","max-snippet":"max-snippet:-1","max-image-preview":"max-image-preview:large","max-video-preview":"max-video-preview:-1"},"canonical":"https:\/\/www.erresse-shop.it\/fr\/shop\/petits-electromenagers\/moulins-a-cafe\/smeg-broyeur-a-cafe-esthetique-annees-50-bleu-azur\/","og_locale":"fr_FR","og_type":"article","og_title":"SMEG Broyeur \u00e0 caf\u00e9 Esth\u00e9tique Ann\u00e9es '50 Bleu Azur","og_description":"D\u00e9couvrez SMEG Broyeur \u00e0 caf\u00e9 Esth\u00e9tique Ann\u00e9es '50 Bleu Azur sur ErresseShop. Qualit\u00e9, prix r\u00e9duits et achat s\u00e9curis\u00e9 \u2013 commandez d\u00e8s maintenant en ligne !","og_url":"https:\/\/www.erresse-shop.it\/fr\/shop\/petits-electromenagers\/moulins-a-cafe\/smeg-broyeur-a-cafe-esthetique-annees-50-bleu-azur\/","og_site_name":"Erresse Shop","article_modified_time":"2025-01-13T14:29:17+00:00","og_image":[{"width":800,"height":800,"url":"https:\/\/www.erresse-shop.it\/wp-content\/uploads\/2019\/11\/SMEG-Estetica-Anni-50-Macinacaffe-Azzurro.png","type":"image\/png"}],"twitter_card":"summary_large_image","schema":{"@context":"https:\/\/schema.org","@graph":[{"@type":"WebPage","@id":"https:\/\/www.erresse-shop.it\/fr\/shop\/petits-electromenagers\/moulins-a-cafe\/smeg-broyeur-a-cafe-esthetique-annees-50-bleu-azur\/","url":"https:\/\/www.erresse-shop.it\/fr\/shop\/petits-electromenagers\/moulins-a-cafe\/smeg-broyeur-a-cafe-esthetique-annees-50-bleu-azur\/","name":"SMEG Broyeur \u00e0 caf\u00e9 Esth\u00e9tique Ann\u00e9es '50 Bleu Azur","isPartOf":{"@id":"https:\/\/www.erresse-shop.it\/fr\/#website"},"datePublished":"2019-11-22T09:25:44+00:00","dateModified":"2025-01-13T14:29:17+00:00","description":"D\u00e9couvrez SMEG Broyeur \u00e0 caf\u00e9 Esth\u00e9tique Ann\u00e9es '50 Bleu Azur sur ErresseShop. Qualit\u00e9, prix r\u00e9duits et achat s\u00e9curis\u00e9 \u2013 commandez d\u00e8s maintenant en ligne !","breadcrumb":{"@id":"https:\/\/www.erresse-shop.it\/fr\/shop\/petits-electromenagers\/moulins-a-cafe\/smeg-broyeur-a-cafe-esthetique-annees-50-bleu-azur\/#breadcrumb"},"inLanguage":"fr-FR","potentialAction":[{"@type":"ReadAction","target":["https:\/\/www.erresse-shop.it\/fr\/shop\/petits-electromenagers\/moulins-a-cafe\/smeg-broyeur-a-cafe-esthetique-annees-50-bleu-azur\/"]}]},{"@type":"BreadcrumbList","@id":"https:\/\/www.erresse-shop.it\/fr\/shop\/petits-electromenagers\/moulins-a-cafe\/smeg-broyeur-a-cafe-esthetique-annees-50-bleu-azur\/#breadcrumb","itemListElement":[{"@type":"ListItem","position":1,"name":"Home","item":"https:\/\/www.erresse-shop.it\/fr\/"},{"@type":"ListItem","position":2,"name":"Shop","item":"https:\/\/www.erresse-shop.it\/fr\/shop\/"},{"@type":"ListItem","position":3,"name":"SMEG Broyeur \u00e0 caf\u00e9 Esth\u00e9tique Ann\u00e9es &#8217;50 Bleu Azur"}]},{"@type":"WebSite","@id":"https:\/\/www.erresse-shop.it\/fr\/#website","url":"https:\/\/www.erresse-shop.it\/fr\/","name":"Erresse Shop","description":"Articoli di qualit\u00e0 per la casa","potentialAction":[{"@type":"SearchAction","target":{"@type":"EntryPoint","urlTemplate":"https:\/\/www.erresse-shop.it\/fr\/?s={search_term_string}"},"query-input":"required name=search_term_string"}],"inLanguage":"fr-FR"}]}},"df_price":174.29999999999998,"df_sale_price":174.29999999999998,"df_regular_price":249,"df_image_link":"https:\/\/www.erresse-shop.it\/wp-content\/uploads\/2019\/11\/SMEG-Estetica-Anni-50-Macinacaffe-Azzurro-300x300.jpg","_links":{"self":[{"href":"https:\/\/www.erresse-shop.it\/fr\/wp-json\/wp\/v2\/product\/65583"}],"collection":[{"href":"https:\/\/www.erresse-shop.it\/fr\/wp-json\/wp\/v2\/product"}],"about":[{"href":"https:\/\/www.erresse-shop.it\/fr\/wp-json\/wp\/v2\/types\/product"}],"wp:featuredmedia":[{"embeddable":true,"href":"https:\/\/www.erresse-shop.it\/fr\/wp-json\/wp\/v2\/media\/483694"}],"wp:attachment":[{"href":"https:\/\/www.erresse-shop.it\/fr\/wp-json\/wp\/v2\/media?parent=65583"}],"wp:term":[{"taxonomy":"product_cat","embeddable":true,"href":"https:\/\/www.erresse-shop.it\/fr\/wp-json\/wp\/v2\/product_cat?post=65583"},{"taxonomy":"product_tag","embeddable":true,"href":"https:\/\/www.erresse-shop.it\/fr\/wp-json\/wp\/v2\/product_tag?post=65583"}],"curies":[{"name":"wp","href":"https:\/\/api.w.org\/{rel}","templated":true}]}}