{"id":64356,"date":"2020-06-16T13:24:07","date_gmt":"2020-06-16T13:24:09","guid":{"rendered":"https:\/\/www.erresse-shop.it\/?post_type=product&#038;p=64356"},"modified":"2025-01-13T14:28:48","modified_gmt":"2025-01-13T14:28:48","slug":"le-creuset-gril-bistro-en-fonte-emaillee-32-cm-noir-mat","status":"publish","type":"product","link":"https:\/\/www.erresse-shop.it\/fr\/shop\/poeles-pots\/grils-a-steak\/le-creuset-gril-bistro-en-fonte-emaillee-32-cm-noir-mat\/","title":{"rendered":"LE CREUSET Gril Bistro en fonte \u00e9maill\u00e9e 32 cm Noir Mat"},"content":{"rendered":"<p>La bonne taille pour toute la famille ! Avec le grill rond, vous pr\u00e9parerez rapidement et surtout sainement de la viande et du poisson pour tout le monde. Profitez d&#8217;un barbecue quand vous voulez et sur n&#8217;importe quelle source de chaleur !<br \/>\nCreuset offre une vaste gamme de plaques en fonte, la plus vaste du march\u00e9. Optez pour une cuisine saine et peu grasse : cette po\u00eale n&#8217;a besoin que d&#8217;un peu d&#8217;huile ! Les po\u00eales \u00e0 frire Le Creuset sont parfaites pour r\u00f4tir la viande, le poulet et les l\u00e9gumes, en pr\u00e9servant toute leur saveur. Extr\u00eamement pratiques, ils peuvent \u00eatre utilis\u00e9s au four et au barbecue. Notre c\u00e9l\u00e8bre gamme de fonte \u00e9maill\u00e9e permet une distribution et une r\u00e9tention parfaites de la chaleur. La doublure en \u00e9mail noir est durable, hygi\u00e9nique et facile \u00e0 nettoyer. Essayez-le et les r\u00e9sultats vous surprendront.<\/p>\n<p>Caract\u00e9ristiques de la fonte \u00e9maill\u00e9e :<\/p>\n<p>&#8211; Distribution uniforme de la chaleur sans zones de surchauffe.<br \/>\n&#8211; Excellente r\u00e9tention de la chaleur.<br \/>\n&#8211; Poign\u00e9es con\u00e7ues pour une bonne prise en main.<br \/>\n&#8211; Surface vitr\u00e9e int\u00e9rieure et ext\u00e9rieure. Il n&#8217;absorbe pas l&#8217;humidit\u00e9, le go\u00fbt ou l&#8217;odeur des aliments.<br \/>\n&#8211; Compatible avec toutes les sources de chaleur, y compris l&#8217;induction.<br \/>\n&#8211; Facile \u00e0 nettoyer.<br \/>\n&#8211; Une durabilit\u00e9 exceptionnelle.<br \/>\n&#8211; Garantie \u00e0 vie.<\/p>\n<p>Voir le film 1<br \/>\nVoir le film 2<\/p>\n","protected":false},"excerpt":{"rendered":"<p>La bonne taille pour toute la famille ! Avec le grill rond, vous pr\u00e9parerez rapidement et surtout sainement de la<\/p>\n","protected":false},"featured_media":503206,"template":"","meta":{"_acf_changed":false,"inline_featured_image":false},"product_cat":[12458,12775],"product_tag":[12994,12460,13269,12858,13192,12461,13387,14873,13276],"acf":[],"yoast_head":"<!-- This site is optimized with the Yoast SEO Premium plugin v18.6 (Yoast SEO v19.13) - https:\/\/yoast.com\/wordpress\/plugins\/seo\/ -->\n<title>LE CREUSET Gril Bistro en fonte \u00e9maill\u00e9e 32 cm Noir Mat<\/title>\n<meta name=\"description\" content=\"D\u00e9couvrez LE CREUSET Gril Bistro en fonte \u00e9maill\u00e9e 32 cm Noir Mat sur ErresseShop. Qualit\u00e9, prix r\u00e9duits et achat s\u00e9curis\u00e9 \u2013 commandez d\u00e8s maintenant en ligne !\" \/>\n<meta name=\"robots\" content=\"index, follow, max-snippet:-1, max-image-preview:large, max-video-preview:-1\" \/>\n<link rel=\"canonical\" href=\"https:\/\/www.erresse-shop.it\/fr\/shop\/poeles-pots\/grils-a-steak\/le-creuset-gril-bistro-en-fonte-emaillee-32-cm-noir-mat\/\" \/>\n<meta property=\"og:locale\" content=\"fr_FR\" \/>\n<meta property=\"og:type\" content=\"article\" \/>\n<meta property=\"og:title\" content=\"LE CREUSET Gril Bistro en fonte \u00e9maill\u00e9e 32 cm Noir Mat\" \/>\n<meta property=\"og:description\" content=\"D\u00e9couvrez LE CREUSET Gril Bistro en fonte \u00e9maill\u00e9e 32 cm Noir Mat sur ErresseShop. Qualit\u00e9, prix r\u00e9duits et achat s\u00e9curis\u00e9 \u2013 commandez d\u00e8s maintenant en ligne !\" \/>\n<meta property=\"og:url\" content=\"https:\/\/www.erresse-shop.it\/fr\/shop\/poeles-pots\/grils-a-steak\/le-creuset-gril-bistro-en-fonte-emaillee-32-cm-noir-mat\/\" \/>\n<meta property=\"og:site_name\" content=\"Erresse Shop\" \/>\n<meta property=\"article:modified_time\" content=\"2025-01-13T14:28:48+00:00\" \/>\n<meta property=\"og:image\" content=\"https:\/\/www.erresse-shop.it\/wp-content\/uploads\/2020\/06\/LE-CREUSET-Grill-Rotondo-Extralarge-32-cm-Nero.png\" \/>\n\t<meta property=\"og:image:width\" content=\"800\" \/>\n\t<meta property=\"og:image:height\" content=\"800\" \/>\n\t<meta property=\"og:image:type\" content=\"image\/png\" \/>\n<meta name=\"twitter:card\" content=\"summary_large_image\" \/>\n<script type=\"application\/ld+json\" class=\"yoast-schema-graph\">{\"@context\":\"https:\/\/schema.org\",\"@graph\":[{\"@type\":\"WebPage\",\"@id\":\"https:\/\/www.erresse-shop.it\/fr\/shop\/poeles-pots\/grils-a-steak\/le-creuset-gril-bistro-en-fonte-emaillee-32-cm-noir-mat\/\",\"url\":\"https:\/\/www.erresse-shop.it\/fr\/shop\/poeles-pots\/grils-a-steak\/le-creuset-gril-bistro-en-fonte-emaillee-32-cm-noir-mat\/\",\"name\":\"LE CREUSET Gril Bistro en fonte \u00e9maill\u00e9e 32 cm Noir Mat\",\"isPartOf\":{\"@id\":\"https:\/\/www.erresse-shop.it\/fr\/#website\"},\"datePublished\":\"2020-06-16T13:24:09+00:00\",\"dateModified\":\"2025-01-13T14:28:48+00:00\",\"description\":\"D\u00e9couvrez LE CREUSET Gril Bistro en fonte \u00e9maill\u00e9e 32 cm Noir Mat sur ErresseShop. Qualit\u00e9, prix r\u00e9duits et achat s\u00e9curis\u00e9 \u2013 commandez d\u00e8s maintenant en ligne !\",\"breadcrumb\":{\"@id\":\"https:\/\/www.erresse-shop.it\/fr\/shop\/poeles-pots\/grils-a-steak\/le-creuset-gril-bistro-en-fonte-emaillee-32-cm-noir-mat\/#breadcrumb\"},\"inLanguage\":\"fr-FR\",\"potentialAction\":[{\"@type\":\"ReadAction\",\"target\":[\"https:\/\/www.erresse-shop.it\/fr\/shop\/poeles-pots\/grils-a-steak\/le-creuset-gril-bistro-en-fonte-emaillee-32-cm-noir-mat\/\"]}]},{\"@type\":\"BreadcrumbList\",\"@id\":\"https:\/\/www.erresse-shop.it\/fr\/shop\/poeles-pots\/grils-a-steak\/le-creuset-gril-bistro-en-fonte-emaillee-32-cm-noir-mat\/#breadcrumb\",\"itemListElement\":[{\"@type\":\"ListItem\",\"position\":1,\"name\":\"Home\",\"item\":\"https:\/\/www.erresse-shop.it\/fr\/\"},{\"@type\":\"ListItem\",\"position\":2,\"name\":\"Shop\",\"item\":\"https:\/\/www.erresse-shop.it\/fr\/shop\/\"},{\"@type\":\"ListItem\",\"position\":3,\"name\":\"LE CREUSET Gril Bistro en fonte \u00e9maill\u00e9e 32 cm Noir Mat\"}]},{\"@type\":\"WebSite\",\"@id\":\"https:\/\/www.erresse-shop.it\/fr\/#website\",\"url\":\"https:\/\/www.erresse-shop.it\/fr\/\",\"name\":\"Erresse Shop\",\"description\":\"Articoli di qualit\u00e0 per la casa\",\"potentialAction\":[{\"@type\":\"SearchAction\",\"target\":{\"@type\":\"EntryPoint\",\"urlTemplate\":\"https:\/\/www.erresse-shop.it\/fr\/?s={search_term_string}\"},\"query-input\":\"required name=search_term_string\"}],\"inLanguage\":\"fr-FR\"}]}<\/script>\n<!-- \/ Yoast SEO Premium plugin. -->","yoast_head_json":{"title":"LE CREUSET Gril Bistro en fonte \u00e9maill\u00e9e 32 cm Noir Mat","description":"D\u00e9couvrez LE CREUSET Gril Bistro en fonte \u00e9maill\u00e9e 32 cm Noir Mat sur ErresseShop. Qualit\u00e9, prix r\u00e9duits et achat s\u00e9curis\u00e9 \u2013 commandez d\u00e8s maintenant en ligne !","robots":{"index":"index","follow":"follow","max-snippet":"max-snippet:-1","max-image-preview":"max-image-preview:large","max-video-preview":"max-video-preview:-1"},"canonical":"https:\/\/www.erresse-shop.it\/fr\/shop\/poeles-pots\/grils-a-steak\/le-creuset-gril-bistro-en-fonte-emaillee-32-cm-noir-mat\/","og_locale":"fr_FR","og_type":"article","og_title":"LE CREUSET Gril Bistro en fonte \u00e9maill\u00e9e 32 cm Noir Mat","og_description":"D\u00e9couvrez LE CREUSET Gril Bistro en fonte \u00e9maill\u00e9e 32 cm Noir Mat sur ErresseShop. Qualit\u00e9, prix r\u00e9duits et achat s\u00e9curis\u00e9 \u2013 commandez d\u00e8s maintenant en ligne !","og_url":"https:\/\/www.erresse-shop.it\/fr\/shop\/poeles-pots\/grils-a-steak\/le-creuset-gril-bistro-en-fonte-emaillee-32-cm-noir-mat\/","og_site_name":"Erresse Shop","article_modified_time":"2025-01-13T14:28:48+00:00","og_image":[{"width":800,"height":800,"url":"https:\/\/www.erresse-shop.it\/wp-content\/uploads\/2020\/06\/LE-CREUSET-Grill-Rotondo-Extralarge-32-cm-Nero.png","type":"image\/png"}],"twitter_card":"summary_large_image","schema":{"@context":"https:\/\/schema.org","@graph":[{"@type":"WebPage","@id":"https:\/\/www.erresse-shop.it\/fr\/shop\/poeles-pots\/grils-a-steak\/le-creuset-gril-bistro-en-fonte-emaillee-32-cm-noir-mat\/","url":"https:\/\/www.erresse-shop.it\/fr\/shop\/poeles-pots\/grils-a-steak\/le-creuset-gril-bistro-en-fonte-emaillee-32-cm-noir-mat\/","name":"LE CREUSET Gril Bistro en fonte \u00e9maill\u00e9e 32 cm Noir Mat","isPartOf":{"@id":"https:\/\/www.erresse-shop.it\/fr\/#website"},"datePublished":"2020-06-16T13:24:09+00:00","dateModified":"2025-01-13T14:28:48+00:00","description":"D\u00e9couvrez LE CREUSET Gril Bistro en fonte \u00e9maill\u00e9e 32 cm Noir Mat sur ErresseShop. Qualit\u00e9, prix r\u00e9duits et achat s\u00e9curis\u00e9 \u2013 commandez d\u00e8s maintenant en ligne !","breadcrumb":{"@id":"https:\/\/www.erresse-shop.it\/fr\/shop\/poeles-pots\/grils-a-steak\/le-creuset-gril-bistro-en-fonte-emaillee-32-cm-noir-mat\/#breadcrumb"},"inLanguage":"fr-FR","potentialAction":[{"@type":"ReadAction","target":["https:\/\/www.erresse-shop.it\/fr\/shop\/poeles-pots\/grils-a-steak\/le-creuset-gril-bistro-en-fonte-emaillee-32-cm-noir-mat\/"]}]},{"@type":"BreadcrumbList","@id":"https:\/\/www.erresse-shop.it\/fr\/shop\/poeles-pots\/grils-a-steak\/le-creuset-gril-bistro-en-fonte-emaillee-32-cm-noir-mat\/#breadcrumb","itemListElement":[{"@type":"ListItem","position":1,"name":"Home","item":"https:\/\/www.erresse-shop.it\/fr\/"},{"@type":"ListItem","position":2,"name":"Shop","item":"https:\/\/www.erresse-shop.it\/fr\/shop\/"},{"@type":"ListItem","position":3,"name":"LE CREUSET Gril Bistro en fonte \u00e9maill\u00e9e 32 cm Noir Mat"}]},{"@type":"WebSite","@id":"https:\/\/www.erresse-shop.it\/fr\/#website","url":"https:\/\/www.erresse-shop.it\/fr\/","name":"Erresse Shop","description":"Articoli di qualit\u00e0 per la casa","potentialAction":[{"@type":"SearchAction","target":{"@type":"EntryPoint","urlTemplate":"https:\/\/www.erresse-shop.it\/fr\/?s={search_term_string}"},"query-input":"required name=search_term_string"}],"inLanguage":"fr-FR"}]}},"df_price":135.2,"df_sale_price":135.2,"df_regular_price":169,"df_image_link":"https:\/\/www.erresse-shop.it\/wp-content\/uploads\/2020\/06\/LE-CREUSET-Grill-Rotondo-Extralarge-32-cm-Nero-300x300.jpg","_links":{"self":[{"href":"https:\/\/www.erresse-shop.it\/fr\/wp-json\/wp\/v2\/product\/64356"}],"collection":[{"href":"https:\/\/www.erresse-shop.it\/fr\/wp-json\/wp\/v2\/product"}],"about":[{"href":"https:\/\/www.erresse-shop.it\/fr\/wp-json\/wp\/v2\/types\/product"}],"wp:featuredmedia":[{"embeddable":true,"href":"https:\/\/www.erresse-shop.it\/fr\/wp-json\/wp\/v2\/media\/503206"}],"wp:attachment":[{"href":"https:\/\/www.erresse-shop.it\/fr\/wp-json\/wp\/v2\/media?parent=64356"}],"wp:term":[{"taxonomy":"product_cat","embeddable":true,"href":"https:\/\/www.erresse-shop.it\/fr\/wp-json\/wp\/v2\/product_cat?post=64356"},{"taxonomy":"product_tag","embeddable":true,"href":"https:\/\/www.erresse-shop.it\/fr\/wp-json\/wp\/v2\/product_tag?post=64356"}],"curies":[{"name":"wp","href":"https:\/\/api.w.org\/{rel}","templated":true}]}}