{"id":64348,"date":"2020-06-16T13:11:28","date_gmt":"2020-06-16T13:11:28","guid":{"rendered":"https:\/\/www.erresse-shop.it\/shop\/non%20class\u00e9\/le-creuset-t-bone-a-steak-rectangulaire-avec-poignee-pliable-cm-36x20-noir\/"},"modified":"2025-01-13T14:28:42","modified_gmt":"2025-01-13T14:28:42","slug":"le-creuset-gril-rectangulaire-en-fonte-emaillee-avec-poignee-en-silicone-36-x-20-cm","status":"publish","type":"product","link":"https:\/\/www.erresse-shop.it\/fr\/shop\/poeles-pots\/grils-a-steak\/le-creuset-gril-rectangulaire-en-fonte-emaillee-avec-poignee-en-silicone-36-x-20-cm\/","title":{"rendered":"LE CREUSET Gril rectangulaire en fonte \u00e9maill\u00e9e avec poign\u00e9e en silicone 36 x 20 cm"},"content":{"rendered":"<p>Steak. Poulet. Poisson. Ce gril polyvalent se chargera de n\u2019importe quel filet. Les rainures retiennent la graisse, ce qui vous permet de profiter de la d\u00e9licieuse saveur de vos grillades tout en prenant soin de votre sant\u00e9. Les stries impriment \u00e9galement ces incontournables lignes de caract\u00e8re sur vos grillades, pour des plats aussi beaux que savoureux.<\/p>\n<p><strong>D\u00e9tails du Produit<\/strong><br \/>\nUn ustensile ultra polyvalent : passe au four, sur les plaques de cuisson, y compris \u00e0 induction, et m\u00eame sous le gril.<\/p>\n<p>Des plats savoureux : la conception en fonte \u00e9maill\u00e9e retient la chaleur pour une cuisson uniforme et dor\u00e9e. Vos plats gourmands resteront \u00e9galement plus longtemps au chaud \u00e0 table.<\/p>\n<p>Avec ou sans poign\u00e9e : cette po\u00eale est \u00e9quip\u00e9e d\u2019une poign\u00e9e amovible, elle peut donc \u00eatre utilis\u00e9e au four pour finir la cuisson ou maintenir votre plat \u00e0 la temp\u00e9rature id\u00e9ale.<\/p>\n<p>Des grillades de chef : servez vos grillades avec d\u2019authentiques lignes de BBQ.<\/p>\n<p>Un versement pr\u00e9cis : les becs verseurs lat\u00e9raux permettent de verser avec aisance (et sans \u00e9coulement ).<\/p>\n<p>Contr\u00f4le de la temp\u00e9rature : cuisinez \u00e0 feu doux ou mod\u00e9r\u00e9 pour prendre soin de votre fonte \u00e9maill\u00e9e et obtenir des r\u00e9sultats sensationnels.<\/p>\n<p>Se bonifie en vieillissant : la fonte \u00e9maill\u00e9e se patine naturellement avec le temps et agit comme un rev\u00eatement anti-adh\u00e9rent. Sa texture fait glisser vos pr\u00e9parations sans attacher, ce qui permet d\u2019utiliser peu de mati\u00e8re grasse. Ne lavez ce produit qu\u2019\u00e0 l\u2019eau (avec du liquide vaisselle) pour favoriser le d\u00e9veloppement de sa patine.<\/p>\n<p>Un versement pr\u00e9cis : le bec verseur lat\u00e9ral permet de verser avec aisance (et sans coulure).<\/p>\n<p>Le summum de l\u2019excellence : nos produits sont fabriqu\u00e9s \u00e0 partir de mat\u00e9riaux haut de gamme dans des usines du monde entier, ce qui vous assure la qualit\u00e9 que vous \u00eates en droit d\u2019attendre d\u2019un produit Le Creuset.<\/p>\n<p><strong>Mat\u00e9riau:<\/strong> Fonte \u00e9maill\u00e9e<br \/>\n<strong>Fabriqu\u00e9 en:<\/strong> France<br \/>\n<strong>Garantie:<\/strong> Garantie \u00e0 vie<\/p>\n<p><strong>Source de Chaleur<\/strong><br \/>\nGril<br \/>\nFour<br \/>\nPlaque \u00e9lectrique<br \/>\nPlaque de cuisson en vitroc\u00e9ramique<br \/>\nGaz<br \/>\nInduction<\/p>\n<p><strong>Dimensions<\/strong><br \/>\nLongueur: 36.4 cm<br \/>\nLargeur: 21.5 cm<br \/>\nHauteur: 8 cm<br \/>\nProfondeur: 1.3 cm<\/p>\n<p><strong>Entretien et Utilisation<\/strong><br \/>\nCompatible Cong\u00e9lateur<\/p>\n<p>Compatible lave-vaisselle<\/p>\n<p>Prenez plaisir \u00e0 d\u00e9baller votre nouvel achat ! (Avant toute chose, veillez \u00e0 retirer les \u00e9tiquettes et l\u2019emballage.)<\/p>\n<p>Lavez votre produit Le Creuset \u00e0 l\u2019eau chaude avec du liquide vaisselle, puis rincez-le et s\u00e9chez-le soigneusement.<\/p>\n<p>Prot\u00e9gez-vous &#8211; Toujours utiliser des gants de cuisine lors de la manipulation de tout ustensile de cuisine chaud.<\/p>\n<p>Nous vous recommandons de n\u2019utiliser que les accessoires Le Creuset en silicone, en bois ou en plastique thermor\u00e9sistant. N\u2019utilisez PAS de couteaux ou d\u2019ustensiles en m\u00e9tal, car cela pourrait marquer ou rayer le rev\u00eatement en fonte \u00e9maill\u00e9e de votre produit.<\/p>\n<p>Utilisez le feu de cuisson de la taille la plus appropri\u00e9e \u00e0 votre produit. Cela vous permettra d\u2019obtenir des cuissons plus uniformes et d\u2019\u00e9viter d\u2019endommager les poign\u00e9es et les parois. Cette remarque s\u2019adresse tout particuli\u00e8rement aux plaques \u00e0 induction : si vous utilisez le mauvais feu de cuisson, la plaque risque de ne pas \u00ab reconna\u00eetre \u00bb le produit.<\/p>\n<p>La cuisson \u00e0 feu mod\u00e9r\u00e9 ou doux donne de meilleurs r\u00e9sultats, m\u00eame pour faire rissoler ou saisir vos ingr\u00e9dients. Laissez la po\u00eale monter progressivement en temp\u00e9rature pour intensifier les saveurs et obtenir des cuissons uniformes. Si vous devez utiliser un feu vif, baissez le r\u00e9glage d\u00e8s que la chaleur souhait\u00e9e sera atteinte.<\/p>\n<p>Ne faites jamais glisser le produit sur une plaque de cuisson\/plan de travail en verre, car cela pourrait endommager la base de l\u2019ustensile et rayer le verre. Il est pr\u00e9f\u00e9rable de toujours soulever votre ustensile pour le poser, l\u2019enlever ou le d\u00e9placer.<\/p>\n<p>Laissez refroidir votre produit avant de le nettoyer.<\/p>\n<p>Essuyez tout \u00e9coulement qui serait sur la base et les parois du produit. Si votre pr\u00e9paration a attach\u00e9, remplissez le produit d\u2019eau chaude avec du liquide vaisselle et laissez tremper 15 \u00e0 20 minutes avant de le laver comme d\u2019habitude.<\/p>\n<p>N\u2019utilisez pas de d\u00e9tergent d\u00e9capant, d\u2019\u00e9ponge avec rev\u00eatement abrasif ou en m\u00e9tal ou encore de brosse \u00e0 r\u00e9curer \u00e0 poils durs sur toutes les surfaces de votre produit.<\/p>\n<p>S\u00e9chez-le bien ensuite et rangez-le dans un endroit sec.<\/p>\n","protected":false},"excerpt":{"rendered":"<p>Steak. Poulet. Poisson. Ce gril polyvalent se chargera de n\u2019importe quel filet. Les rainures retiennent la graisse, ce qui vous<\/p>\n","protected":false},"featured_media":497200,"template":"","meta":{"_acf_changed":false,"inline_featured_image":false},"product_cat":[12458,12775],"product_tag":[12994,12460,13269,12858,13192,12461,13387,14873,13276],"acf":[],"yoast_head":"<!-- This site is optimized with the Yoast SEO Premium plugin v18.6 (Yoast SEO v19.13) - https:\/\/yoast.com\/wordpress\/plugins\/seo\/ -->\n<title>LE CREUSET Gril rectangulaire en fonte \u00e9maill\u00e9e avec poign\u00e9e en silicone 36 x 20 cm<\/title>\n<meta name=\"description\" content=\"D\u00e9couvrez LE CREUSET Gril rectangulaire en fonte \u00e9maill\u00e9e avec poign\u00e9e en silicone 36 x 20 cm sur ErresseShop. Qualit\u00e9, prix r\u00e9duits et achat s\u00e9curis\u00e9 \u2013 commandez d\u00e8s maintenant en ligne !\" \/>\n<meta name=\"robots\" content=\"index, follow, max-snippet:-1, max-image-preview:large, max-video-preview:-1\" \/>\n<link rel=\"canonical\" href=\"https:\/\/www.erresse-shop.it\/fr\/shop\/poeles-pots\/grils-a-steak\/le-creuset-gril-rectangulaire-en-fonte-emaillee-avec-poignee-en-silicone-36-x-20-cm\/\" \/>\n<meta property=\"og:locale\" content=\"fr_FR\" \/>\n<meta property=\"og:type\" content=\"article\" \/>\n<meta property=\"og:title\" content=\"LE CREUSET Gril rectangulaire en fonte \u00e9maill\u00e9e avec poign\u00e9e en silicone 36 x 20 cm\" \/>\n<meta property=\"og:description\" content=\"D\u00e9couvrez LE CREUSET Gril rectangulaire en fonte \u00e9maill\u00e9e avec poign\u00e9e en silicone 36 x 20 cm sur ErresseShop. Qualit\u00e9, prix r\u00e9duits et achat s\u00e9curis\u00e9 \u2013 commandez d\u00e8s maintenant en ligne !\" \/>\n<meta property=\"og:url\" content=\"https:\/\/www.erresse-shop.it\/fr\/shop\/poeles-pots\/grils-a-steak\/le-creuset-gril-rectangulaire-en-fonte-emaillee-avec-poignee-en-silicone-36-x-20-cm\/\" \/>\n<meta property=\"og:site_name\" content=\"Erresse Shop\" \/>\n<meta property=\"article:modified_time\" content=\"2025-01-13T14:28:42+00:00\" \/>\n<meta property=\"og:image\" content=\"https:\/\/www.erresse-shop.it\/wp-content\/uploads\/2020\/06\/LE-CREUSET-Bistecchiera-Rettangolare-con-Manico-Pieghevole-in-Silicone-36x20-cm.png\" \/>\n\t<meta property=\"og:image:width\" content=\"800\" \/>\n\t<meta property=\"og:image:height\" content=\"800\" \/>\n\t<meta property=\"og:image:type\" content=\"image\/png\" \/>\n<meta name=\"twitter:card\" content=\"summary_large_image\" \/>\n<script type=\"application\/ld+json\" class=\"yoast-schema-graph\">{\"@context\":\"https:\/\/schema.org\",\"@graph\":[{\"@type\":\"WebPage\",\"@id\":\"https:\/\/www.erresse-shop.it\/fr\/shop\/poeles-pots\/grils-a-steak\/le-creuset-gril-rectangulaire-en-fonte-emaillee-avec-poignee-en-silicone-36-x-20-cm\/\",\"url\":\"https:\/\/www.erresse-shop.it\/fr\/shop\/poeles-pots\/grils-a-steak\/le-creuset-gril-rectangulaire-en-fonte-emaillee-avec-poignee-en-silicone-36-x-20-cm\/\",\"name\":\"LE CREUSET Gril rectangulaire en fonte \u00e9maill\u00e9e avec poign\u00e9e en silicone 36 x 20 cm\",\"isPartOf\":{\"@id\":\"https:\/\/www.erresse-shop.it\/fr\/#website\"},\"datePublished\":\"2020-06-16T13:11:28+00:00\",\"dateModified\":\"2025-01-13T14:28:42+00:00\",\"description\":\"D\u00e9couvrez LE CREUSET Gril rectangulaire en fonte \u00e9maill\u00e9e avec poign\u00e9e en silicone 36 x 20 cm sur ErresseShop. Qualit\u00e9, prix r\u00e9duits et achat s\u00e9curis\u00e9 \u2013 commandez d\u00e8s maintenant en ligne !\",\"breadcrumb\":{\"@id\":\"https:\/\/www.erresse-shop.it\/fr\/shop\/poeles-pots\/grils-a-steak\/le-creuset-gril-rectangulaire-en-fonte-emaillee-avec-poignee-en-silicone-36-x-20-cm\/#breadcrumb\"},\"inLanguage\":\"fr-FR\",\"potentialAction\":[{\"@type\":\"ReadAction\",\"target\":[\"https:\/\/www.erresse-shop.it\/fr\/shop\/poeles-pots\/grils-a-steak\/le-creuset-gril-rectangulaire-en-fonte-emaillee-avec-poignee-en-silicone-36-x-20-cm\/\"]}]},{\"@type\":\"BreadcrumbList\",\"@id\":\"https:\/\/www.erresse-shop.it\/fr\/shop\/poeles-pots\/grils-a-steak\/le-creuset-gril-rectangulaire-en-fonte-emaillee-avec-poignee-en-silicone-36-x-20-cm\/#breadcrumb\",\"itemListElement\":[{\"@type\":\"ListItem\",\"position\":1,\"name\":\"Home\",\"item\":\"https:\/\/www.erresse-shop.it\/fr\/\"},{\"@type\":\"ListItem\",\"position\":2,\"name\":\"Shop\",\"item\":\"https:\/\/www.erresse-shop.it\/fr\/shop\/\"},{\"@type\":\"ListItem\",\"position\":3,\"name\":\"LE CREUSET Gril rectangulaire en fonte \u00e9maill\u00e9e avec poign\u00e9e en silicone 36 x 20 cm\"}]},{\"@type\":\"WebSite\",\"@id\":\"https:\/\/www.erresse-shop.it\/fr\/#website\",\"url\":\"https:\/\/www.erresse-shop.it\/fr\/\",\"name\":\"Erresse Shop\",\"description\":\"Articoli di qualit\u00e0 per la casa\",\"potentialAction\":[{\"@type\":\"SearchAction\",\"target\":{\"@type\":\"EntryPoint\",\"urlTemplate\":\"https:\/\/www.erresse-shop.it\/fr\/?s={search_term_string}\"},\"query-input\":\"required name=search_term_string\"}],\"inLanguage\":\"fr-FR\"}]}<\/script>\n<!-- \/ Yoast SEO Premium plugin. -->","yoast_head_json":{"title":"LE CREUSET Gril rectangulaire en fonte \u00e9maill\u00e9e avec poign\u00e9e en silicone 36 x 20 cm","description":"D\u00e9couvrez LE CREUSET Gril rectangulaire en fonte \u00e9maill\u00e9e avec poign\u00e9e en silicone 36 x 20 cm sur ErresseShop. Qualit\u00e9, prix r\u00e9duits et achat s\u00e9curis\u00e9 \u2013 commandez d\u00e8s maintenant en ligne !","robots":{"index":"index","follow":"follow","max-snippet":"max-snippet:-1","max-image-preview":"max-image-preview:large","max-video-preview":"max-video-preview:-1"},"canonical":"https:\/\/www.erresse-shop.it\/fr\/shop\/poeles-pots\/grils-a-steak\/le-creuset-gril-rectangulaire-en-fonte-emaillee-avec-poignee-en-silicone-36-x-20-cm\/","og_locale":"fr_FR","og_type":"article","og_title":"LE CREUSET Gril rectangulaire en fonte \u00e9maill\u00e9e avec poign\u00e9e en silicone 36 x 20 cm","og_description":"D\u00e9couvrez LE CREUSET Gril rectangulaire en fonte \u00e9maill\u00e9e avec poign\u00e9e en silicone 36 x 20 cm sur ErresseShop. Qualit\u00e9, prix r\u00e9duits et achat s\u00e9curis\u00e9 \u2013 commandez d\u00e8s maintenant en ligne !","og_url":"https:\/\/www.erresse-shop.it\/fr\/shop\/poeles-pots\/grils-a-steak\/le-creuset-gril-rectangulaire-en-fonte-emaillee-avec-poignee-en-silicone-36-x-20-cm\/","og_site_name":"Erresse Shop","article_modified_time":"2025-01-13T14:28:42+00:00","og_image":[{"width":800,"height":800,"url":"https:\/\/www.erresse-shop.it\/wp-content\/uploads\/2020\/06\/LE-CREUSET-Bistecchiera-Rettangolare-con-Manico-Pieghevole-in-Silicone-36x20-cm.png","type":"image\/png"}],"twitter_card":"summary_large_image","schema":{"@context":"https:\/\/schema.org","@graph":[{"@type":"WebPage","@id":"https:\/\/www.erresse-shop.it\/fr\/shop\/poeles-pots\/grils-a-steak\/le-creuset-gril-rectangulaire-en-fonte-emaillee-avec-poignee-en-silicone-36-x-20-cm\/","url":"https:\/\/www.erresse-shop.it\/fr\/shop\/poeles-pots\/grils-a-steak\/le-creuset-gril-rectangulaire-en-fonte-emaillee-avec-poignee-en-silicone-36-x-20-cm\/","name":"LE CREUSET Gril rectangulaire en fonte \u00e9maill\u00e9e avec poign\u00e9e en silicone 36 x 20 cm","isPartOf":{"@id":"https:\/\/www.erresse-shop.it\/fr\/#website"},"datePublished":"2020-06-16T13:11:28+00:00","dateModified":"2025-01-13T14:28:42+00:00","description":"D\u00e9couvrez LE CREUSET Gril rectangulaire en fonte \u00e9maill\u00e9e avec poign\u00e9e en silicone 36 x 20 cm sur ErresseShop. Qualit\u00e9, prix r\u00e9duits et achat s\u00e9curis\u00e9 \u2013 commandez d\u00e8s maintenant en ligne !","breadcrumb":{"@id":"https:\/\/www.erresse-shop.it\/fr\/shop\/poeles-pots\/grils-a-steak\/le-creuset-gril-rectangulaire-en-fonte-emaillee-avec-poignee-en-silicone-36-x-20-cm\/#breadcrumb"},"inLanguage":"fr-FR","potentialAction":[{"@type":"ReadAction","target":["https:\/\/www.erresse-shop.it\/fr\/shop\/poeles-pots\/grils-a-steak\/le-creuset-gril-rectangulaire-en-fonte-emaillee-avec-poignee-en-silicone-36-x-20-cm\/"]}]},{"@type":"BreadcrumbList","@id":"https:\/\/www.erresse-shop.it\/fr\/shop\/poeles-pots\/grils-a-steak\/le-creuset-gril-rectangulaire-en-fonte-emaillee-avec-poignee-en-silicone-36-x-20-cm\/#breadcrumb","itemListElement":[{"@type":"ListItem","position":1,"name":"Home","item":"https:\/\/www.erresse-shop.it\/fr\/"},{"@type":"ListItem","position":2,"name":"Shop","item":"https:\/\/www.erresse-shop.it\/fr\/shop\/"},{"@type":"ListItem","position":3,"name":"LE CREUSET Gril rectangulaire en fonte \u00e9maill\u00e9e avec poign\u00e9e en silicone 36 x 20 cm"}]},{"@type":"WebSite","@id":"https:\/\/www.erresse-shop.it\/fr\/#website","url":"https:\/\/www.erresse-shop.it\/fr\/","name":"Erresse Shop","description":"Articoli di qualit\u00e0 per la casa","potentialAction":[{"@type":"SearchAction","target":{"@type":"EntryPoint","urlTemplate":"https:\/\/www.erresse-shop.it\/fr\/?s={search_term_string}"},"query-input":"required name=search_term_string"}],"inLanguage":"fr-FR"}]}},"df_price":116,"df_sale_price":116,"df_regular_price":145,"df_image_link":"https:\/\/www.erresse-shop.it\/wp-content\/uploads\/2020\/06\/LE-CREUSET-Bistecchiera-Rettangolare-con-Manico-Pieghevole-in-Silicone-36x20-cm-300x300.jpg","_links":{"self":[{"href":"https:\/\/www.erresse-shop.it\/fr\/wp-json\/wp\/v2\/product\/64348"}],"collection":[{"href":"https:\/\/www.erresse-shop.it\/fr\/wp-json\/wp\/v2\/product"}],"about":[{"href":"https:\/\/www.erresse-shop.it\/fr\/wp-json\/wp\/v2\/types\/product"}],"wp:featuredmedia":[{"embeddable":true,"href":"https:\/\/www.erresse-shop.it\/fr\/wp-json\/wp\/v2\/media\/497200"}],"wp:attachment":[{"href":"https:\/\/www.erresse-shop.it\/fr\/wp-json\/wp\/v2\/media?parent=64348"}],"wp:term":[{"taxonomy":"product_cat","embeddable":true,"href":"https:\/\/www.erresse-shop.it\/fr\/wp-json\/wp\/v2\/product_cat?post=64348"},{"taxonomy":"product_tag","embeddable":true,"href":"https:\/\/www.erresse-shop.it\/fr\/wp-json\/wp\/v2\/product_tag?post=64348"}],"curies":[{"name":"wp","href":"https:\/\/api.w.org\/{rel}","templated":true}]}}