{"id":64291,"date":"2020-06-16T12:49:38","date_gmt":"2020-06-16T12:49:40","guid":{"rendered":"https:\/\/www.erresse-shop.it\/?post_type=product&#038;p=64291"},"modified":"2025-01-13T14:28:24","modified_gmt":"2025-01-13T14:28:24","slug":"le-creuset-tarte-tatin-tarte-aux-gateaux-28cm-orange","status":"publish","type":"product","link":"https:\/\/www.erresse-shop.it\/fr\/shop\/poeles-pots\/plats-et-casseroles-a-four\/le-creuset-tarte-tatin-tarte-aux-gateaux-28cm-orange\/","title":{"rendered":"LE CREUSET Tarte Tatin tarte aux g\u00e2teaux 28 cm Orange"},"content":{"rendered":"<p>Le moule \u00e0 g\u00e2teau Tatin est indispensable dans la cuisine pour pr\u00e9parer des g\u00e2teaux sucr\u00e9s ou sal\u00e9s. Il est \u00e9galement parfait pour mariner et pr\u00e9parer des viandes et des l\u00e9gumes.<\/p>\n<p>Notre c\u00e9l\u00e8bre gamme vitrifi\u00e9e en fonte Le Creuset permet une distribution et une r\u00e9tention parfaites de chaleur. C\u2019est le mat\u00e9riau le plus durable et hygi\u00e9nique sur le march\u00e9. Essayez-le et les r\u00e9sultats vous surprendront.<\/p>\n<p>Caract\u00e9ristiques de la fonte fusionn\u00e9e:<\/p>\n<p>&#8211; R\u00e9partition uniforme de la chaleur sans points de surchauffe.<br \/>\nExcellente r\u00e9tention de chaleur.<br \/>\n&#8211; Poign\u00e9es con\u00e7ues pour une bonne adh\u00e9rence.<br \/>\nSuperficie interna ed esterna vetrificata. Il n\u2019absorbe pas l\u2019humidit\u00e9, le go\u00fbt ou l\u2019odeur des aliments.<br \/>\n&#8211; Compatible avec toutes les sources de chaleur, y compris l\u2019induction.<br \/>\nFacilit\u00e9 de nettoyage.<br \/>\nDur\u00e9e exceptionnelle.<br \/>\nGarantie \u00e0 vie.<\/p>\n<p><a href=\"https:\/\/www.youtube.com\/watch?v=HDOljJrHsg0\" target=\"_blank\" rel=\"noopener\">Voir le film 1<\/a><br \/>\n<a href=\"https:\/\/www.youtube.com\/watch?v=ro9F2zRA4gE\" target=\"_blank\" rel=\"noopener\">Voir le film 2<\/a><\/p>\n","protected":false},"excerpt":{"rendered":"<p>Le moule \u00e0 g\u00e2teau Tatin est indispensable dans la cuisine pour pr\u00e9parer des g\u00e2teaux sucr\u00e9s ou sal\u00e9s. Il est \u00e9galement<\/p>\n","protected":false},"featured_media":475708,"template":"","meta":{"_acf_changed":false,"inline_featured_image":false},"product_cat":[12458,14805],"product_tag":[25086,12459,25021,12994,12460,12461],"acf":[],"yoast_head":"<!-- This site is optimized with the Yoast SEO Premium plugin v18.6 (Yoast SEO v19.13) - https:\/\/yoast.com\/wordpress\/plugins\/seo\/ -->\n<title>LE CREUSET Tarte Tatin tarte aux g\u00e2teaux 28 cm Orange<\/title>\n<meta name=\"description\" content=\"D\u00e9couvrez LE CREUSET Tarte Tatin tarte aux g\u00e2teaux 28 cm Orange sur ErresseShop. Qualit\u00e9, prix r\u00e9duits et achat s\u00e9curis\u00e9 \u2013 commandez d\u00e8s maintenant en ligne !\" \/>\n<meta name=\"robots\" content=\"index, follow, max-snippet:-1, max-image-preview:large, max-video-preview:-1\" \/>\n<link rel=\"canonical\" href=\"https:\/\/www.erresse-shop.it\/fr\/shop\/poeles-pots\/plats-et-casseroles-a-four\/le-creuset-tarte-tatin-tarte-aux-gateaux-28cm-orange\/\" \/>\n<meta property=\"og:locale\" content=\"fr_FR\" \/>\n<meta property=\"og:type\" content=\"article\" \/>\n<meta property=\"og:title\" content=\"LE CREUSET Tarte Tatin tarte aux g\u00e2teaux 28 cm Orange\" \/>\n<meta property=\"og:description\" content=\"D\u00e9couvrez LE CREUSET Tarte Tatin tarte aux g\u00e2teaux 28 cm Orange sur ErresseShop. Qualit\u00e9, prix r\u00e9duits et achat s\u00e9curis\u00e9 \u2013 commandez d\u00e8s maintenant en ligne !\" \/>\n<meta property=\"og:url\" content=\"https:\/\/www.erresse-shop.it\/fr\/shop\/poeles-pots\/plats-et-casseroles-a-four\/le-creuset-tarte-tatin-tarte-aux-gateaux-28cm-orange\/\" \/>\n<meta property=\"og:site_name\" content=\"Erresse Shop\" \/>\n<meta property=\"article:modified_time\" content=\"2025-01-13T14:28:24+00:00\" \/>\n<meta property=\"og:image\" content=\"https:\/\/www.erresse-shop.it\/wp-content\/uploads\/2020\/06\/LE-CREUSET-Tortiera-Tarte-Tatin-in-Ghisa-28-cm-Arancio.png\" \/>\n\t<meta property=\"og:image:width\" content=\"800\" \/>\n\t<meta property=\"og:image:height\" content=\"800\" \/>\n\t<meta property=\"og:image:type\" content=\"image\/png\" \/>\n<meta name=\"twitter:card\" content=\"summary_large_image\" \/>\n<script type=\"application\/ld+json\" class=\"yoast-schema-graph\">{\"@context\":\"https:\/\/schema.org\",\"@graph\":[{\"@type\":\"WebPage\",\"@id\":\"https:\/\/www.erresse-shop.it\/fr\/shop\/poeles-pots\/plats-et-casseroles-a-four\/le-creuset-tarte-tatin-tarte-aux-gateaux-28cm-orange\/\",\"url\":\"https:\/\/www.erresse-shop.it\/fr\/shop\/poeles-pots\/plats-et-casseroles-a-four\/le-creuset-tarte-tatin-tarte-aux-gateaux-28cm-orange\/\",\"name\":\"LE CREUSET Tarte Tatin tarte aux g\u00e2teaux 28 cm Orange\",\"isPartOf\":{\"@id\":\"https:\/\/www.erresse-shop.it\/fr\/#website\"},\"datePublished\":\"2020-06-16T12:49:40+00:00\",\"dateModified\":\"2025-01-13T14:28:24+00:00\",\"description\":\"D\u00e9couvrez LE CREUSET Tarte Tatin tarte aux g\u00e2teaux 28 cm Orange sur ErresseShop. Qualit\u00e9, prix r\u00e9duits et achat s\u00e9curis\u00e9 \u2013 commandez d\u00e8s maintenant en ligne !\",\"breadcrumb\":{\"@id\":\"https:\/\/www.erresse-shop.it\/fr\/shop\/poeles-pots\/plats-et-casseroles-a-four\/le-creuset-tarte-tatin-tarte-aux-gateaux-28cm-orange\/#breadcrumb\"},\"inLanguage\":\"fr-FR\",\"potentialAction\":[{\"@type\":\"ReadAction\",\"target\":[\"https:\/\/www.erresse-shop.it\/fr\/shop\/poeles-pots\/plats-et-casseroles-a-four\/le-creuset-tarte-tatin-tarte-aux-gateaux-28cm-orange\/\"]}]},{\"@type\":\"BreadcrumbList\",\"@id\":\"https:\/\/www.erresse-shop.it\/fr\/shop\/poeles-pots\/plats-et-casseroles-a-four\/le-creuset-tarte-tatin-tarte-aux-gateaux-28cm-orange\/#breadcrumb\",\"itemListElement\":[{\"@type\":\"ListItem\",\"position\":1,\"name\":\"Home\",\"item\":\"https:\/\/www.erresse-shop.it\/fr\/\"},{\"@type\":\"ListItem\",\"position\":2,\"name\":\"Shop\",\"item\":\"https:\/\/www.erresse-shop.it\/fr\/shop\/\"},{\"@type\":\"ListItem\",\"position\":3,\"name\":\"LE CREUSET Tarte Tatin tarte aux g\u00e2teaux 28 cm Orange\"}]},{\"@type\":\"WebSite\",\"@id\":\"https:\/\/www.erresse-shop.it\/fr\/#website\",\"url\":\"https:\/\/www.erresse-shop.it\/fr\/\",\"name\":\"Erresse Shop\",\"description\":\"Articoli di qualit\u00e0 per la casa\",\"potentialAction\":[{\"@type\":\"SearchAction\",\"target\":{\"@type\":\"EntryPoint\",\"urlTemplate\":\"https:\/\/www.erresse-shop.it\/fr\/?s={search_term_string}\"},\"query-input\":\"required name=search_term_string\"}],\"inLanguage\":\"fr-FR\"}]}<\/script>\n<!-- \/ Yoast SEO Premium plugin. -->","yoast_head_json":{"title":"LE CREUSET Tarte Tatin tarte aux g\u00e2teaux 28 cm Orange","description":"D\u00e9couvrez LE CREUSET Tarte Tatin tarte aux g\u00e2teaux 28 cm Orange sur ErresseShop. Qualit\u00e9, prix r\u00e9duits et achat s\u00e9curis\u00e9 \u2013 commandez d\u00e8s maintenant en ligne !","robots":{"index":"index","follow":"follow","max-snippet":"max-snippet:-1","max-image-preview":"max-image-preview:large","max-video-preview":"max-video-preview:-1"},"canonical":"https:\/\/www.erresse-shop.it\/fr\/shop\/poeles-pots\/plats-et-casseroles-a-four\/le-creuset-tarte-tatin-tarte-aux-gateaux-28cm-orange\/","og_locale":"fr_FR","og_type":"article","og_title":"LE CREUSET Tarte Tatin tarte aux g\u00e2teaux 28 cm Orange","og_description":"D\u00e9couvrez LE CREUSET Tarte Tatin tarte aux g\u00e2teaux 28 cm Orange sur ErresseShop. Qualit\u00e9, prix r\u00e9duits et achat s\u00e9curis\u00e9 \u2013 commandez d\u00e8s maintenant en ligne !","og_url":"https:\/\/www.erresse-shop.it\/fr\/shop\/poeles-pots\/plats-et-casseroles-a-four\/le-creuset-tarte-tatin-tarte-aux-gateaux-28cm-orange\/","og_site_name":"Erresse Shop","article_modified_time":"2025-01-13T14:28:24+00:00","og_image":[{"width":800,"height":800,"url":"https:\/\/www.erresse-shop.it\/wp-content\/uploads\/2020\/06\/LE-CREUSET-Tortiera-Tarte-Tatin-in-Ghisa-28-cm-Arancio.png","type":"image\/png"}],"twitter_card":"summary_large_image","schema":{"@context":"https:\/\/schema.org","@graph":[{"@type":"WebPage","@id":"https:\/\/www.erresse-shop.it\/fr\/shop\/poeles-pots\/plats-et-casseroles-a-four\/le-creuset-tarte-tatin-tarte-aux-gateaux-28cm-orange\/","url":"https:\/\/www.erresse-shop.it\/fr\/shop\/poeles-pots\/plats-et-casseroles-a-four\/le-creuset-tarte-tatin-tarte-aux-gateaux-28cm-orange\/","name":"LE CREUSET Tarte Tatin tarte aux g\u00e2teaux 28 cm Orange","isPartOf":{"@id":"https:\/\/www.erresse-shop.it\/fr\/#website"},"datePublished":"2020-06-16T12:49:40+00:00","dateModified":"2025-01-13T14:28:24+00:00","description":"D\u00e9couvrez LE CREUSET Tarte Tatin tarte aux g\u00e2teaux 28 cm Orange sur ErresseShop. Qualit\u00e9, prix r\u00e9duits et achat s\u00e9curis\u00e9 \u2013 commandez d\u00e8s maintenant en ligne !","breadcrumb":{"@id":"https:\/\/www.erresse-shop.it\/fr\/shop\/poeles-pots\/plats-et-casseroles-a-four\/le-creuset-tarte-tatin-tarte-aux-gateaux-28cm-orange\/#breadcrumb"},"inLanguage":"fr-FR","potentialAction":[{"@type":"ReadAction","target":["https:\/\/www.erresse-shop.it\/fr\/shop\/poeles-pots\/plats-et-casseroles-a-four\/le-creuset-tarte-tatin-tarte-aux-gateaux-28cm-orange\/"]}]},{"@type":"BreadcrumbList","@id":"https:\/\/www.erresse-shop.it\/fr\/shop\/poeles-pots\/plats-et-casseroles-a-four\/le-creuset-tarte-tatin-tarte-aux-gateaux-28cm-orange\/#breadcrumb","itemListElement":[{"@type":"ListItem","position":1,"name":"Home","item":"https:\/\/www.erresse-shop.it\/fr\/"},{"@type":"ListItem","position":2,"name":"Shop","item":"https:\/\/www.erresse-shop.it\/fr\/shop\/"},{"@type":"ListItem","position":3,"name":"LE CREUSET Tarte Tatin tarte aux g\u00e2teaux 28 cm Orange"}]},{"@type":"WebSite","@id":"https:\/\/www.erresse-shop.it\/fr\/#website","url":"https:\/\/www.erresse-shop.it\/fr\/","name":"Erresse Shop","description":"Articoli di qualit\u00e0 per la casa","potentialAction":[{"@type":"SearchAction","target":{"@type":"EntryPoint","urlTemplate":"https:\/\/www.erresse-shop.it\/fr\/?s={search_term_string}"},"query-input":"required name=search_term_string"}],"inLanguage":"fr-FR"}]}},"df_price":80.55,"df_sale_price":80.55,"df_regular_price":179,"df_image_link":"https:\/\/www.erresse-shop.it\/wp-content\/uploads\/2020\/06\/LE-CREUSET-Tortiera-Tarte-Tatin-in-Ghisa-28-cm-Arancio-300x300.jpg","_links":{"self":[{"href":"https:\/\/www.erresse-shop.it\/fr\/wp-json\/wp\/v2\/product\/64291"}],"collection":[{"href":"https:\/\/www.erresse-shop.it\/fr\/wp-json\/wp\/v2\/product"}],"about":[{"href":"https:\/\/www.erresse-shop.it\/fr\/wp-json\/wp\/v2\/types\/product"}],"wp:featuredmedia":[{"embeddable":true,"href":"https:\/\/www.erresse-shop.it\/fr\/wp-json\/wp\/v2\/media\/475708"}],"wp:attachment":[{"href":"https:\/\/www.erresse-shop.it\/fr\/wp-json\/wp\/v2\/media?parent=64291"}],"wp:term":[{"taxonomy":"product_cat","embeddable":true,"href":"https:\/\/www.erresse-shop.it\/fr\/wp-json\/wp\/v2\/product_cat?post=64291"},{"taxonomy":"product_tag","embeddable":true,"href":"https:\/\/www.erresse-shop.it\/fr\/wp-json\/wp\/v2\/product_tag?post=64291"}],"curies":[{"name":"wp","href":"https:\/\/api.w.org\/{rel}","templated":true}]}}