{"id":64287,"date":"2020-06-16T12:48:57","date_gmt":"2020-06-16T12:48:58","guid":{"rendered":"https:\/\/www.erresse-shop.it\/?post_type=product&#038;p=64287"},"modified":"2025-01-13T14:28:20","modified_gmt":"2025-01-13T14:28:20","slug":"le-creuset-sauteuse-a-bord-droit-anti-adherente-les-forgees-24-cm","status":"publish","type":"product","link":"https:\/\/www.erresse-shop.it\/fr\/shop\/poeles-pots\/sauteuses-et-faitout\/le-creuset-sauteuse-a-bord-droit-anti-adherente-les-forgees-24-cm\/","title":{"rendered":"LE CREUSET Sauteuse anti-adh\u00e9sive en aluminium 24 cm"},"content":{"rendered":"<p>Id\u00e9ale pour cuisiner des plats rapides, d\u00e9licieux et sains, notre sauteuse antiadh\u00e9sive est l&#8217;objet des envies de tous les chefs. Gr\u00e2ce \u00e0 notre meilleur mat\u00e9riau antiadh\u00e9sif, les aliments se d\u00e9tachent facilement afin que vous puissiez cuisiner l\u00e9g\u00e8rement et avec peu de mati\u00e8re grasse. En m\u00eame temps, le bord haut emp\u00eache les \u00e9claboussures et les d\u00e9versements. Gr\u00e2ce \u00e0 la poign\u00e9e suppl\u00e9mentaire, vous pouvez soulever et d\u00e9placer la po\u00eale facilement et en toute s\u00e9curit\u00e9.<\/p>\n<p><span style=\"text-decoration: underline;\"><strong>Caract\u00e9ristiques\u00a0:<\/strong><\/span><\/p>\n<ul>\n<li>Notre meilleur rev\u00eatement antiadh\u00e9sif jamais con\u00e7u\u00a0: test\u00e9, fiable, garanti \u00e0 vie et quatre fois plus r\u00e9sistant. (test\u00e9 en laboratoire ind\u00e9pendant avec des tests de r\u00e9sistance \u00e0 l&#8217;abrasion des outils m\u00e9talliques).<\/li>\n<li>Chaleur uniforme\u00a0: sa structure permet de conduire la chaleur rapidement et uniform\u00e9ment, id\u00e9ale pour pr\u00e9parer des repas rapides et savoureux. Pour obtenir des r\u00e9sultats extraordinaires, il vous suffira de cuisiner \u00e0 basse ou moyenne temp\u00e9rature.<\/li>\n<li>Cuisine saine, nettoyage facile\u00a0: notre rev\u00eatement antiadh\u00e9sif, tant \u00e0 l&#8217;int\u00e9rieur qu&#8217;\u00e0 l&#8217;ext\u00e9rieur, minimise le besoin d&#8217;huile et garantit un nettoyage facile.<\/li>\n<li>Elle dure dans le temps\u00a0: notre collection antiadh\u00e9sive b\u00e9n\u00e9ficie d&#8217;une finition solide et robuste, capable de r\u00e9sister \u00e0 une utilisation quotidienne.<\/li>\n<li>Couches de r\u00e9sistance\u00a0: nous avons renforc\u00e9 les trois couches antiadh\u00e9sives et les avons faites durer des ann\u00e9es.<\/li>\n<li>Nos produits sont fabriqu\u00e9s avec les meilleurs mat\u00e9riaux dans des usines situ\u00e9es dans le monde entier pour garantir la qualit\u00e9 que vous attendez de Le Creuset.<\/li>\n<\/ul>\n<p><strong>Mat\u00e9riau\u00a0:<\/strong> aluminium antiadh\u00e9sif<br \/>\n<strong>Garantie\u00a0:<\/strong> \u00c0 vie<\/p>\n<p><span style=\"text-decoration: underline;\"><strong>Sources de chaleur autoris\u00e9es\u00a0:<\/strong><\/span><\/p>\n<ul>\n<li>Four en mode grill<\/li>\n<li>Four<\/li>\n<li>Plaque \u00e9lectrique<\/li>\n<li>Verre c\u00e9ramique<\/li>\n<li>Cuisson \u00e0 gaz<\/li>\n<li>Plaque \u00e0 induction<\/li>\n<\/ul>\n<p><span style=\"text-decoration: underline;\"><strong>Nettoyage\u00a0:<\/strong><\/span><\/p>\n<ul>\n<li>Avant le lavage, laissez le produit refroidir compl\u00e8tement pendant quelques minutes. Ne le plongez pas et ne le remplissez pas d&#8217;eau froide lorsqu&#8217;il est chaud : des variations brusques de temp\u00e9rature en surface peuvent endommager le produit.<\/li>\n<li>Pour prolonger la dur\u00e9e de vie du rev\u00eatement antiadh\u00e9sif, nous vous recommandons de le laver \u00e0 la main dans de l&#8217;eau ti\u00e8de savonneuse plut\u00f4t que de le laver au lave-vaisselle.<\/li>\n<li>N&#8217;utilisez pas de nettoyants abrasifs ou m\u00e9talliques, de tampons \u00e0 r\u00e9curer ou de brosses tr\u00e8s dures et rigides pour nettoyer les surfaces.<\/li>\n<\/ul>\n<p><a href=\"https:\/\/www.youtube.com\/watch?v=4uePt3-cGqk\"><div class=\"su-youtube su-u-responsive-media-yes\"><iframe loading=\"lazy\" width=\"500\" height=\"200\" src=\"https:\/\/www.youtube.com\/embed\/4uePt3-cGqk?\" frameborder=\"0\" allowfullscreen allow=\"autoplay; encrypted-media; picture-in-picture\" title=\"\"><\/iframe><\/div><\/a><\/p>\n","protected":false},"excerpt":{"rendered":"<p>Id\u00e9ale pour cuisiner des plats rapides, d\u00e9licieux et sains, notre sauteuse antiadh\u00e9sive est l&#8217;objet des envies de tous les chefs.<\/p>\n","protected":false},"featured_media":181204,"template":"","meta":{"_acf_changed":false,"inline_featured_image":false},"product_cat":[12458,14797],"product_tag":[25086,13052,25021,13187],"acf":[],"yoast_head":"<!-- This site is optimized with the Yoast SEO Premium plugin v18.6 (Yoast SEO v19.13) - https:\/\/yoast.com\/wordpress\/plugins\/seo\/ -->\n<title>LE CREUSET Sauteuse anti-adh\u00e9sive en aluminium 24 cm<\/title>\n<meta name=\"description\" content=\"D\u00e9couvrez LE CREUSET Sauteuse anti-adh\u00e9sive en aluminium 24 cm sur ErresseShop. Qualit\u00e9, prix r\u00e9duits et achat s\u00e9curis\u00e9 \u2013 commandez d\u00e8s maintenant en ligne !\" \/>\n<meta name=\"robots\" content=\"index, follow, max-snippet:-1, max-image-preview:large, max-video-preview:-1\" \/>\n<link rel=\"canonical\" href=\"https:\/\/www.erresse-shop.it\/fr\/shop\/poeles-pots\/sauteuses-et-faitout\/le-creuset-sauteuse-a-bord-droit-anti-adherente-les-forgees-24-cm\/\" \/>\n<meta property=\"og:locale\" content=\"fr_FR\" \/>\n<meta property=\"og:type\" content=\"article\" \/>\n<meta property=\"og:title\" content=\"LE CREUSET Sauteuse anti-adh\u00e9sive en aluminium 24 cm\" \/>\n<meta property=\"og:description\" content=\"D\u00e9couvrez LE CREUSET Sauteuse anti-adh\u00e9sive en aluminium 24 cm sur ErresseShop. Qualit\u00e9, prix r\u00e9duits et achat s\u00e9curis\u00e9 \u2013 commandez d\u00e8s maintenant en ligne !\" \/>\n<meta property=\"og:url\" content=\"https:\/\/www.erresse-shop.it\/fr\/shop\/poeles-pots\/sauteuses-et-faitout\/le-creuset-sauteuse-a-bord-droit-anti-adherente-les-forgees-24-cm\/\" \/>\n<meta property=\"og:site_name\" content=\"Erresse Shop\" \/>\n<meta property=\"article:modified_time\" content=\"2025-01-13T14:28:20+00:00\" \/>\n<meta property=\"og:image\" content=\"https:\/\/www.erresse-shop.it\/wp-content\/uploads\/2020\/06\/LE-CREUSET-Saute-Alluminio-Antiaderente.jpg\" \/>\n\t<meta property=\"og:image:width\" content=\"800\" \/>\n\t<meta property=\"og:image:height\" content=\"800\" \/>\n\t<meta property=\"og:image:type\" content=\"image\/jpeg\" \/>\n<meta name=\"twitter:card\" content=\"summary_large_image\" \/>\n<script type=\"application\/ld+json\" class=\"yoast-schema-graph\">{\"@context\":\"https:\/\/schema.org\",\"@graph\":[{\"@type\":\"WebPage\",\"@id\":\"https:\/\/www.erresse-shop.it\/fr\/shop\/poeles-pots\/sauteuses-et-faitout\/le-creuset-sauteuse-a-bord-droit-anti-adherente-les-forgees-24-cm\/\",\"url\":\"https:\/\/www.erresse-shop.it\/fr\/shop\/poeles-pots\/sauteuses-et-faitout\/le-creuset-sauteuse-a-bord-droit-anti-adherente-les-forgees-24-cm\/\",\"name\":\"LE CREUSET Sauteuse anti-adh\u00e9sive en aluminium 24 cm\",\"isPartOf\":{\"@id\":\"https:\/\/www.erresse-shop.it\/fr\/#website\"},\"datePublished\":\"2020-06-16T12:48:58+00:00\",\"dateModified\":\"2025-01-13T14:28:20+00:00\",\"description\":\"D\u00e9couvrez LE CREUSET Sauteuse anti-adh\u00e9sive en aluminium 24 cm sur ErresseShop. Qualit\u00e9, prix r\u00e9duits et achat s\u00e9curis\u00e9 \u2013 commandez d\u00e8s maintenant en ligne !\",\"breadcrumb\":{\"@id\":\"https:\/\/www.erresse-shop.it\/fr\/shop\/poeles-pots\/sauteuses-et-faitout\/le-creuset-sauteuse-a-bord-droit-anti-adherente-les-forgees-24-cm\/#breadcrumb\"},\"inLanguage\":\"fr-FR\",\"potentialAction\":[{\"@type\":\"ReadAction\",\"target\":[\"https:\/\/www.erresse-shop.it\/fr\/shop\/poeles-pots\/sauteuses-et-faitout\/le-creuset-sauteuse-a-bord-droit-anti-adherente-les-forgees-24-cm\/\"]}]},{\"@type\":\"BreadcrumbList\",\"@id\":\"https:\/\/www.erresse-shop.it\/fr\/shop\/poeles-pots\/sauteuses-et-faitout\/le-creuset-sauteuse-a-bord-droit-anti-adherente-les-forgees-24-cm\/#breadcrumb\",\"itemListElement\":[{\"@type\":\"ListItem\",\"position\":1,\"name\":\"Home\",\"item\":\"https:\/\/www.erresse-shop.it\/fr\/\"},{\"@type\":\"ListItem\",\"position\":2,\"name\":\"Shop\",\"item\":\"https:\/\/www.erresse-shop.it\/fr\/shop\/\"},{\"@type\":\"ListItem\",\"position\":3,\"name\":\"LE CREUSET Sauteuse anti-adh\u00e9sive en aluminium 24 cm\"}]},{\"@type\":\"WebSite\",\"@id\":\"https:\/\/www.erresse-shop.it\/fr\/#website\",\"url\":\"https:\/\/www.erresse-shop.it\/fr\/\",\"name\":\"Erresse Shop\",\"description\":\"Articoli di qualit\u00e0 per la casa\",\"potentialAction\":[{\"@type\":\"SearchAction\",\"target\":{\"@type\":\"EntryPoint\",\"urlTemplate\":\"https:\/\/www.erresse-shop.it\/fr\/?s={search_term_string}\"},\"query-input\":\"required name=search_term_string\"}],\"inLanguage\":\"fr-FR\"}]}<\/script>\n<!-- \/ Yoast SEO Premium plugin. -->","yoast_head_json":{"title":"LE CREUSET Sauteuse anti-adh\u00e9sive en aluminium 24 cm","description":"D\u00e9couvrez LE CREUSET Sauteuse anti-adh\u00e9sive en aluminium 24 cm sur ErresseShop. Qualit\u00e9, prix r\u00e9duits et achat s\u00e9curis\u00e9 \u2013 commandez d\u00e8s maintenant en ligne !","robots":{"index":"index","follow":"follow","max-snippet":"max-snippet:-1","max-image-preview":"max-image-preview:large","max-video-preview":"max-video-preview:-1"},"canonical":"https:\/\/www.erresse-shop.it\/fr\/shop\/poeles-pots\/sauteuses-et-faitout\/le-creuset-sauteuse-a-bord-droit-anti-adherente-les-forgees-24-cm\/","og_locale":"fr_FR","og_type":"article","og_title":"LE CREUSET Sauteuse anti-adh\u00e9sive en aluminium 24 cm","og_description":"D\u00e9couvrez LE CREUSET Sauteuse anti-adh\u00e9sive en aluminium 24 cm sur ErresseShop. Qualit\u00e9, prix r\u00e9duits et achat s\u00e9curis\u00e9 \u2013 commandez d\u00e8s maintenant en ligne !","og_url":"https:\/\/www.erresse-shop.it\/fr\/shop\/poeles-pots\/sauteuses-et-faitout\/le-creuset-sauteuse-a-bord-droit-anti-adherente-les-forgees-24-cm\/","og_site_name":"Erresse Shop","article_modified_time":"2025-01-13T14:28:20+00:00","og_image":[{"width":800,"height":800,"url":"https:\/\/www.erresse-shop.it\/wp-content\/uploads\/2020\/06\/LE-CREUSET-Saute-Alluminio-Antiaderente.jpg","type":"image\/jpeg"}],"twitter_card":"summary_large_image","schema":{"@context":"https:\/\/schema.org","@graph":[{"@type":"WebPage","@id":"https:\/\/www.erresse-shop.it\/fr\/shop\/poeles-pots\/sauteuses-et-faitout\/le-creuset-sauteuse-a-bord-droit-anti-adherente-les-forgees-24-cm\/","url":"https:\/\/www.erresse-shop.it\/fr\/shop\/poeles-pots\/sauteuses-et-faitout\/le-creuset-sauteuse-a-bord-droit-anti-adherente-les-forgees-24-cm\/","name":"LE CREUSET Sauteuse anti-adh\u00e9sive en aluminium 24 cm","isPartOf":{"@id":"https:\/\/www.erresse-shop.it\/fr\/#website"},"datePublished":"2020-06-16T12:48:58+00:00","dateModified":"2025-01-13T14:28:20+00:00","description":"D\u00e9couvrez LE CREUSET Sauteuse anti-adh\u00e9sive en aluminium 24 cm sur ErresseShop. Qualit\u00e9, prix r\u00e9duits et achat s\u00e9curis\u00e9 \u2013 commandez d\u00e8s maintenant en ligne !","breadcrumb":{"@id":"https:\/\/www.erresse-shop.it\/fr\/shop\/poeles-pots\/sauteuses-et-faitout\/le-creuset-sauteuse-a-bord-droit-anti-adherente-les-forgees-24-cm\/#breadcrumb"},"inLanguage":"fr-FR","potentialAction":[{"@type":"ReadAction","target":["https:\/\/www.erresse-shop.it\/fr\/shop\/poeles-pots\/sauteuses-et-faitout\/le-creuset-sauteuse-a-bord-droit-anti-adherente-les-forgees-24-cm\/"]}]},{"@type":"BreadcrumbList","@id":"https:\/\/www.erresse-shop.it\/fr\/shop\/poeles-pots\/sauteuses-et-faitout\/le-creuset-sauteuse-a-bord-droit-anti-adherente-les-forgees-24-cm\/#breadcrumb","itemListElement":[{"@type":"ListItem","position":1,"name":"Home","item":"https:\/\/www.erresse-shop.it\/fr\/"},{"@type":"ListItem","position":2,"name":"Shop","item":"https:\/\/www.erresse-shop.it\/fr\/shop\/"},{"@type":"ListItem","position":3,"name":"LE CREUSET Sauteuse anti-adh\u00e9sive en aluminium 24 cm"}]},{"@type":"WebSite","@id":"https:\/\/www.erresse-shop.it\/fr\/#website","url":"https:\/\/www.erresse-shop.it\/fr\/","name":"Erresse Shop","description":"Articoli di qualit\u00e0 per la casa","potentialAction":[{"@type":"SearchAction","target":{"@type":"EntryPoint","urlTemplate":"https:\/\/www.erresse-shop.it\/fr\/?s={search_term_string}"},"query-input":"required name=search_term_string"}],"inLanguage":"fr-FR"}]}},"df_price":80.55,"df_sale_price":80.55,"df_regular_price":179,"df_image_link":"https:\/\/www.erresse-shop.it\/wp-content\/uploads\/2020\/06\/LE-CREUSET-Saute-Alluminio-Antiaderente-300x300.jpg","_links":{"self":[{"href":"https:\/\/www.erresse-shop.it\/fr\/wp-json\/wp\/v2\/product\/64287"}],"collection":[{"href":"https:\/\/www.erresse-shop.it\/fr\/wp-json\/wp\/v2\/product"}],"about":[{"href":"https:\/\/www.erresse-shop.it\/fr\/wp-json\/wp\/v2\/types\/product"}],"wp:featuredmedia":[{"embeddable":true,"href":"https:\/\/www.erresse-shop.it\/fr\/wp-json\/wp\/v2\/media\/181204"}],"wp:attachment":[{"href":"https:\/\/www.erresse-shop.it\/fr\/wp-json\/wp\/v2\/media?parent=64287"}],"wp:term":[{"taxonomy":"product_cat","embeddable":true,"href":"https:\/\/www.erresse-shop.it\/fr\/wp-json\/wp\/v2\/product_cat?post=64287"},{"taxonomy":"product_tag","embeddable":true,"href":"https:\/\/www.erresse-shop.it\/fr\/wp-json\/wp\/v2\/product_tag?post=64287"}],"curies":[{"name":"wp","href":"https:\/\/api.w.org\/{rel}","templated":true}]}}