{"id":64011,"date":"2020-06-12T12:49:40","date_gmt":"2020-06-12T12:49:40","guid":{"rendered":"https:\/\/www.erresse-shop.it\/shop\/non%20class\u00e9\/le-creuset-pot-avec-couvercle-20cm\/"},"modified":"2025-01-13T14:27:35","modified_gmt":"2025-01-13T14:27:35","slug":"le-creuset-faitout-anti-adherent-les-forgees-avec-couvercle-verre-20-cm","status":"publish","type":"product","link":"https:\/\/www.erresse-shop.it\/fr\/shop\/poeles-pots\/casseroles\/le-creuset-faitout-anti-adherent-les-forgees-avec-couvercle-verre-20-cm\/","title":{"rendered":"LE CREUSET Faitout Anti-Adh\u00e9rent Les Forg\u00e9es avec Couvercle Verre 20 cm"},"content":{"rendered":"<p>Soupes. Plats en sauce. Chilis. Rago\u00fbts. Cr\u00e9ez toutes sortes de plats copieux dans cette cocotte polyvalente. Avec sa forme contemporaine et \u00e9l\u00e9gante, cette pi\u00e8ce passe directement de la cuisine \u00e0 la table. Avec notre meilleur rev\u00eatement anti-adh\u00e9rent \u00e0 l\u2019int\u00e9rieur, vos pr\u00e9parations n\u2019attachent pas, cuisiner est un bonheur et le nettoyage se fait en douceur. Mieux encore, le couvercle en verre assure une cuisson en vase clos pr\u00e9servant les saveurs et les sucs de cuisson.<\/p>\n<p>D\u00e9tails du Produit<br \/>\n&#8211; Caract\u00e9ristiques: Nettoyage en un clin d\u2019\u0153il : notre collection Les Forg\u00e9es est enduite d\u2019un rev\u00eatement anti-adh\u00e9rent, ainsi vos pr\u00e9parations n\u2019attachent pas et le nettoyage est une simple formalit\u00e9.<br \/>\nUne explosion de saveurs : le couvercle en verre thermor\u00e9sistant vous permet de surveiller vos cuissons sans avoir \u00e0 le soulever pour pr\u00e9server le processus haut en saveurs.<br \/>\nNotre meilleur rev\u00eatement anti-adh\u00e9rent : test\u00e9, fiable, garanti \u00e0 vie, et quatre fois plus r\u00e9sistant. (Il a \u00e9t\u00e9 test\u00e9 par un laboratoire ind\u00e9pendant sur la r\u00e9sistance \u00e0 l\u2019abrasion des ustensiles m\u00e9talliques.)<br \/>\nRobuste et solide : la conception anodis\u00e9e le rend plus r\u00e9sistant et permet une conduction et une r\u00e9partition efficace de la chaleur pour une cuisson uniforme.<br \/>\nCon\u00e7ues pour durer : vous cuisinerez avec nos po\u00eales r\u00e9sistantes \u00e0 l\u2019abrasion pendant de nombreuses ann\u00e9es.<br \/>\nDes cuissons plus saines : notre rev\u00eatement anti-adh\u00e9rent et sans PFOA permet de faire rissoler, dorer, blondir et sauter vos pr\u00e9parations, sans l\u2019ombre d\u2019une goutte d\u2019huile ou de toute mati\u00e8re grasse en g\u00e9n\u00e9ral.<br \/>\n&#8211; Mat\u00e9riau: Aluminium forg\u00e9 anodis\u00e9<br \/>\n&#8211; Garantie: Garantie \u00e0 vie<\/p>\n<p>Source de Chaleur<br \/>\n&#8211; Gril<br \/>\n&#8211; Four<br \/>\n&#8211; Plaque \u00e9lectrique<br \/>\n&#8211; Plaque de cuisson en vitroc\u00e9ramique<br \/>\n&#8211; Gaz<br \/>\n&#8211; Induction<\/p>\n<p>Dimensions<br \/>\n&#8211; Capacit\u00e9: 3.8 L<br \/>\n&#8211; Longueur: 30.3 cm<br \/>\n&#8211; Largeur: 21.1 cm<br \/>\n&#8211; Hauteur: 19.2 cm<\/p>\n<p>Entretien et Utilisation<br \/>\n&#8211; Conservation: Compatible Cong\u00e9lateur<br \/>\n&#8211; Entretien: Compatible lave-vaisselle<br \/>\n&#8211; Avant la premi\u00e8re utilisation: Prenez plaisir \u00e0 d\u00e9baller votre nouvel achat ! (Avant toute chose, veillez \u00e0 retirer les \u00e9tiquettes et l\u2019emballage.)<br \/>\nLavez votre produit Le Creuset \u00e0 l\u2019eau chaude avec du liquide vaisselle, puis rincez-le et s\u00e9chez-le soigneusement.<br \/>\n\u00c0 l\u2019aide d\u2019un essuie-tout, appliquez sur le rev\u00eatement anti-adh\u00e9rent de la surface int\u00e9rieure un peu d\u2019huile v\u00e9g\u00e9tale ou de ma\u00efs. Lorsque vous avez termin\u00e9, rincez votre produit \u00e0 l\u2019eau chaude, puis s\u00e9chez-le soigneusement.<br \/>\nN\u2019appliquez PAS d\u2019huile v\u00e9g\u00e9tale sur la paroi ext\u00e9rieure noire.<br \/>\n&#8211; Cuisine: Prot\u00e9gez-vous &#8211; toujours utiliser des gants de cuisine lors de la manipulation de vos ustensiles de cuisine chauds.<br \/>\nPour cuisiner, nous vous recommandons de n\u2019utiliser que les accessoires Le Creuset en silicone, en bois ou en plastique thermor\u00e9sistant. Les accessoires en m\u00e9tal doivent \u00eatre utiliser avec prudence. Ils ne doivent pas \u00eatre utilis\u00e9s de mani\u00e8re brutale ou incisive sur la surface du rev\u00eatement anti-adh\u00e9rent. Faites attention \u00e0 ne pas cogner vos accessoires en m\u00e9tal sur le rebord sup\u00e9rieur des produits enduits d\u2019un rev\u00eatement anti-adh\u00e9rent afin d\u2019\u00e9viter de les endommager. N\u2019utilisez PAS de batteur ou de mixeur \u00e9lectrique (secteur ou batterie), de lames de couteaux ou d\u2019accessoires et d\u2019instruments tranchants \u00e0 l\u2019int\u00e9rieur des po\u00eales et ustensiles de cuisine enduits d\u2019un rev\u00eatement anti-adh\u00e9rent afin d\u2019\u00e9viter d\u2019endommager ce dernier.<br \/>\nUtilisez le feu de cuisson de la taille la plus appropri\u00e9e \u00e0 votre produit. Cela vous permettra d\u2019obtenir des cuissons plus uniformes et d\u2019\u00e9viter d\u2019endommager les poign\u00e9es et les parois. Cette remarque s\u2019adresse tout particuli\u00e8rement aux plaques \u00e0 induction : si vous utilisez le mauvais feu de cuisson, la plaque risque de ne pas \u00ab reconna\u00eetre \u00bb le produit.<br \/>\nLa cuisson \u00e0 feu mod\u00e9r\u00e9 ou doux donne de meilleurs r\u00e9sultats, m\u00eame pour faire rissoler ou saisir vos ingr\u00e9dients. Laissez la po\u00eale monter progressivement en temp\u00e9rature pour intensifier les saveurs et obtenir des cuissons uniformes. Si vous devez utiliser un feu vif, baissez le r\u00e9glage d\u00e8s que la chaleur souhait\u00e9e sera atteinte.<br \/>\nPour une cuisson sans mati\u00e8re grasse, pr\u00e9chauffer votre produit \u00e0 feu mod\u00e9r\u00e9 environ 2 minutes. Puis ajoutez vos ingr\u00e9dients. N\u2019abandonnez pas votre produit sans surveillance et ne laissez pas le rev\u00eatement anti-adh\u00e9rent chauffer trop fort \u00e0 vide. Cela pourrait l\u2019endommager.<br \/>\nLa cuisson de mati\u00e8res grasses \u00e0 point de fum\u00e9e bas (l\u2019huile d\u2019olive par exemple) \u00e0 des temp\u00e9ratures sup\u00e9rieures peut endommager d\u00e9finitivement la surface anti-adh\u00e9rente, voire entra\u00eener une d\u00e9coloration. N\u2019utilisez pas d\u2019huiles en a\u00e9rosol en raison de leur point de fum\u00e9e relativement bas.<br \/>\nPour les cuissons sur plaque \u00e0 induction, \u00e9vitez d\u2019utiliser la fonction \u00ab boost \u00bb, car elle ne doit \u00eatre utilis\u00e9e que pour chauffer rapidement de grands volumes d\u2019eau.<br \/>\nNe faites jamais glisser le produit sur une plaque de cuisson\/plan de travail en verre, car cela pourrait endommager la base de l\u2019ustensile et rayer le verre. Il est pr\u00e9f\u00e9rable de toujours soulever votre ustensile pour le poser, l\u2019enlever ou le d\u00e9placer.<br \/>\nPour une utilisation sous le gril, laissez toujours un espace d\u2019au moins 6,5 cm entre la source de chaleur et la partie sup\u00e9rieure de votre produit.<br \/>\nPour obtenir de meilleurs r\u00e9sultats, placez votre produit sur une grille ou une plaque de cuisson. Ne placez jamais votre produit sur la base inf\u00e9rieure de votre four, cela entra\u00eenerait une cuisson plus rapide et incontr\u00f4l\u00e9e qui pourrait engendrer des dommages.<br \/>\n&#8211; Nettoyage: Laissez toujours refroidir le produit quelques minutes avant de le nettoyer. Lorsque le produit est chaud, ne l\u2019immergez pas dans de l\u2019eau froide et ne le remplissez pas d\u2019eau froide non plus, car la diff\u00e9rence extr\u00eame de temp\u00e9rature en surface cr\u00e9erait un choc thermique qui pourrait l\u2019endommager.<br \/>\nPour prolonger la dur\u00e9e de vie du rev\u00eatement anti-adh\u00e9rent, il est conseill\u00e9 de nettoyer votre ustensile \u00e0 la main avec du liquide vaisselle et de l\u2019eau chaude au lieu de le mettre au lave-vaisselle.<br \/>\nN\u2019utilisez pas de d\u00e9tergent d\u00e9capant, d\u2019\u00e9ponge avec rev\u00eatement abrasif ou en m\u00e9tal ou encore de brosse \u00e0 r\u00e9curer \u00e0 poils durs et agressifs, sur toutes les surfaces.<\/p>\n","protected":false},"excerpt":{"rendered":"<p>Soupes. Plats en sauce. Chilis. Rago\u00fbts. Cr\u00e9ez toutes sortes de plats copieux dans cette cocotte polyvalente. Avec sa forme contemporaine<\/p>\n","protected":false},"featured_media":181423,"template":"","meta":{"_acf_changed":false,"inline_featured_image":false},"product_cat":[12458,14777],"product_tag":[25086,13052,25021,12468],"acf":[],"yoast_head":"<!-- This site is optimized with the Yoast SEO Premium plugin v18.6 (Yoast SEO v19.13) - https:\/\/yoast.com\/wordpress\/plugins\/seo\/ -->\n<title>LE CREUSET Faitout Anti-Adh\u00e9rent Les Forg\u00e9es avec Couvercle Verre 20 cm<\/title>\n<meta name=\"description\" content=\"D\u00e9couvrez LE CREUSET Faitout Anti-Adh\u00e9rent Les Forg\u00e9es avec Couvercle Verre 20 cm sur ErresseShop. Qualit\u00e9, prix r\u00e9duits et achat s\u00e9curis\u00e9 \u2013 commandez d\u00e8s maintenant en ligne !\" \/>\n<meta name=\"robots\" content=\"index, follow, max-snippet:-1, max-image-preview:large, max-video-preview:-1\" \/>\n<link rel=\"canonical\" href=\"https:\/\/www.erresse-shop.it\/fr\/shop\/poeles-pots\/casseroles\/le-creuset-faitout-anti-adherent-les-forgees-avec-couvercle-verre-20-cm\/\" \/>\n<meta property=\"og:locale\" content=\"fr_FR\" \/>\n<meta property=\"og:type\" content=\"article\" \/>\n<meta property=\"og:title\" content=\"LE CREUSET Faitout Anti-Adh\u00e9rent Les Forg\u00e9es avec Couvercle Verre 20 cm\" \/>\n<meta property=\"og:description\" content=\"D\u00e9couvrez LE CREUSET Faitout Anti-Adh\u00e9rent Les Forg\u00e9es avec Couvercle Verre 20 cm sur ErresseShop. Qualit\u00e9, prix r\u00e9duits et achat s\u00e9curis\u00e9 \u2013 commandez d\u00e8s maintenant en ligne !\" \/>\n<meta property=\"og:url\" content=\"https:\/\/www.erresse-shop.it\/fr\/shop\/poeles-pots\/casseroles\/le-creuset-faitout-anti-adherent-les-forgees-avec-couvercle-verre-20-cm\/\" \/>\n<meta property=\"og:site_name\" content=\"Erresse Shop\" \/>\n<meta property=\"article:modified_time\" content=\"2025-01-13T14:27:35+00:00\" \/>\n<meta property=\"og:image\" content=\"https:\/\/www.erresse-shop.it\/wp-content\/uploads\/2020\/06\/LE-CREUSET-Pentola-Alluminio-Coperchio-2.jpg\" \/>\n\t<meta property=\"og:image:width\" content=\"800\" \/>\n\t<meta property=\"og:image:height\" content=\"800\" \/>\n\t<meta property=\"og:image:type\" content=\"image\/jpeg\" \/>\n<meta name=\"twitter:card\" content=\"summary_large_image\" \/>\n<script type=\"application\/ld+json\" class=\"yoast-schema-graph\">{\"@context\":\"https:\/\/schema.org\",\"@graph\":[{\"@type\":\"WebPage\",\"@id\":\"https:\/\/www.erresse-shop.it\/fr\/shop\/poeles-pots\/casseroles\/le-creuset-faitout-anti-adherent-les-forgees-avec-couvercle-verre-20-cm\/\",\"url\":\"https:\/\/www.erresse-shop.it\/fr\/shop\/poeles-pots\/casseroles\/le-creuset-faitout-anti-adherent-les-forgees-avec-couvercle-verre-20-cm\/\",\"name\":\"LE CREUSET Faitout Anti-Adh\u00e9rent Les Forg\u00e9es avec Couvercle Verre 20 cm\",\"isPartOf\":{\"@id\":\"https:\/\/www.erresse-shop.it\/fr\/#website\"},\"datePublished\":\"2020-06-12T12:49:40+00:00\",\"dateModified\":\"2025-01-13T14:27:35+00:00\",\"description\":\"D\u00e9couvrez LE CREUSET Faitout Anti-Adh\u00e9rent Les Forg\u00e9es avec Couvercle Verre 20 cm sur ErresseShop. Qualit\u00e9, prix r\u00e9duits et achat s\u00e9curis\u00e9 \u2013 commandez d\u00e8s maintenant en ligne !\",\"breadcrumb\":{\"@id\":\"https:\/\/www.erresse-shop.it\/fr\/shop\/poeles-pots\/casseroles\/le-creuset-faitout-anti-adherent-les-forgees-avec-couvercle-verre-20-cm\/#breadcrumb\"},\"inLanguage\":\"fr-FR\",\"potentialAction\":[{\"@type\":\"ReadAction\",\"target\":[\"https:\/\/www.erresse-shop.it\/fr\/shop\/poeles-pots\/casseroles\/le-creuset-faitout-anti-adherent-les-forgees-avec-couvercle-verre-20-cm\/\"]}]},{\"@type\":\"BreadcrumbList\",\"@id\":\"https:\/\/www.erresse-shop.it\/fr\/shop\/poeles-pots\/casseroles\/le-creuset-faitout-anti-adherent-les-forgees-avec-couvercle-verre-20-cm\/#breadcrumb\",\"itemListElement\":[{\"@type\":\"ListItem\",\"position\":1,\"name\":\"Home\",\"item\":\"https:\/\/www.erresse-shop.it\/fr\/\"},{\"@type\":\"ListItem\",\"position\":2,\"name\":\"Shop\",\"item\":\"https:\/\/www.erresse-shop.it\/fr\/shop\/\"},{\"@type\":\"ListItem\",\"position\":3,\"name\":\"LE CREUSET Faitout Anti-Adh\u00e9rent Les Forg\u00e9es avec Couvercle Verre 20 cm\"}]},{\"@type\":\"WebSite\",\"@id\":\"https:\/\/www.erresse-shop.it\/fr\/#website\",\"url\":\"https:\/\/www.erresse-shop.it\/fr\/\",\"name\":\"Erresse Shop\",\"description\":\"Articoli di qualit\u00e0 per la casa\",\"potentialAction\":[{\"@type\":\"SearchAction\",\"target\":{\"@type\":\"EntryPoint\",\"urlTemplate\":\"https:\/\/www.erresse-shop.it\/fr\/?s={search_term_string}\"},\"query-input\":\"required name=search_term_string\"}],\"inLanguage\":\"fr-FR\"}]}<\/script>\n<!-- \/ Yoast SEO Premium plugin. -->","yoast_head_json":{"title":"LE CREUSET Faitout Anti-Adh\u00e9rent Les Forg\u00e9es avec Couvercle Verre 20 cm","description":"D\u00e9couvrez LE CREUSET Faitout Anti-Adh\u00e9rent Les Forg\u00e9es avec Couvercle Verre 20 cm sur ErresseShop. Qualit\u00e9, prix r\u00e9duits et achat s\u00e9curis\u00e9 \u2013 commandez d\u00e8s maintenant en ligne !","robots":{"index":"index","follow":"follow","max-snippet":"max-snippet:-1","max-image-preview":"max-image-preview:large","max-video-preview":"max-video-preview:-1"},"canonical":"https:\/\/www.erresse-shop.it\/fr\/shop\/poeles-pots\/casseroles\/le-creuset-faitout-anti-adherent-les-forgees-avec-couvercle-verre-20-cm\/","og_locale":"fr_FR","og_type":"article","og_title":"LE CREUSET Faitout Anti-Adh\u00e9rent Les Forg\u00e9es avec Couvercle Verre 20 cm","og_description":"D\u00e9couvrez LE CREUSET Faitout Anti-Adh\u00e9rent Les Forg\u00e9es avec Couvercle Verre 20 cm sur ErresseShop. Qualit\u00e9, prix r\u00e9duits et achat s\u00e9curis\u00e9 \u2013 commandez d\u00e8s maintenant en ligne !","og_url":"https:\/\/www.erresse-shop.it\/fr\/shop\/poeles-pots\/casseroles\/le-creuset-faitout-anti-adherent-les-forgees-avec-couvercle-verre-20-cm\/","og_site_name":"Erresse Shop","article_modified_time":"2025-01-13T14:27:35+00:00","og_image":[{"width":800,"height":800,"url":"https:\/\/www.erresse-shop.it\/wp-content\/uploads\/2020\/06\/LE-CREUSET-Pentola-Alluminio-Coperchio-2.jpg","type":"image\/jpeg"}],"twitter_card":"summary_large_image","schema":{"@context":"https:\/\/schema.org","@graph":[{"@type":"WebPage","@id":"https:\/\/www.erresse-shop.it\/fr\/shop\/poeles-pots\/casseroles\/le-creuset-faitout-anti-adherent-les-forgees-avec-couvercle-verre-20-cm\/","url":"https:\/\/www.erresse-shop.it\/fr\/shop\/poeles-pots\/casseroles\/le-creuset-faitout-anti-adherent-les-forgees-avec-couvercle-verre-20-cm\/","name":"LE CREUSET Faitout Anti-Adh\u00e9rent Les Forg\u00e9es avec Couvercle Verre 20 cm","isPartOf":{"@id":"https:\/\/www.erresse-shop.it\/fr\/#website"},"datePublished":"2020-06-12T12:49:40+00:00","dateModified":"2025-01-13T14:27:35+00:00","description":"D\u00e9couvrez LE CREUSET Faitout Anti-Adh\u00e9rent Les Forg\u00e9es avec Couvercle Verre 20 cm sur ErresseShop. Qualit\u00e9, prix r\u00e9duits et achat s\u00e9curis\u00e9 \u2013 commandez d\u00e8s maintenant en ligne !","breadcrumb":{"@id":"https:\/\/www.erresse-shop.it\/fr\/shop\/poeles-pots\/casseroles\/le-creuset-faitout-anti-adherent-les-forgees-avec-couvercle-verre-20-cm\/#breadcrumb"},"inLanguage":"fr-FR","potentialAction":[{"@type":"ReadAction","target":["https:\/\/www.erresse-shop.it\/fr\/shop\/poeles-pots\/casseroles\/le-creuset-faitout-anti-adherent-les-forgees-avec-couvercle-verre-20-cm\/"]}]},{"@type":"BreadcrumbList","@id":"https:\/\/www.erresse-shop.it\/fr\/shop\/poeles-pots\/casseroles\/le-creuset-faitout-anti-adherent-les-forgees-avec-couvercle-verre-20-cm\/#breadcrumb","itemListElement":[{"@type":"ListItem","position":1,"name":"Home","item":"https:\/\/www.erresse-shop.it\/fr\/"},{"@type":"ListItem","position":2,"name":"Shop","item":"https:\/\/www.erresse-shop.it\/fr\/shop\/"},{"@type":"ListItem","position":3,"name":"LE CREUSET Faitout Anti-Adh\u00e9rent Les Forg\u00e9es avec Couvercle Verre 20 cm"}]},{"@type":"WebSite","@id":"https:\/\/www.erresse-shop.it\/fr\/#website","url":"https:\/\/www.erresse-shop.it\/fr\/","name":"Erresse Shop","description":"Articoli di qualit\u00e0 per la casa","potentialAction":[{"@type":"SearchAction","target":{"@type":"EntryPoint","urlTemplate":"https:\/\/www.erresse-shop.it\/fr\/?s={search_term_string}"},"query-input":"required name=search_term_string"}],"inLanguage":"fr-FR"}]}},"df_price":96.75,"df_sale_price":96.75,"df_regular_price":215,"df_image_link":"https:\/\/www.erresse-shop.it\/wp-content\/uploads\/2020\/06\/LE-CREUSET-Pentola-Alluminio-Coperchio-2-300x300.jpg","_links":{"self":[{"href":"https:\/\/www.erresse-shop.it\/fr\/wp-json\/wp\/v2\/product\/64011"}],"collection":[{"href":"https:\/\/www.erresse-shop.it\/fr\/wp-json\/wp\/v2\/product"}],"about":[{"href":"https:\/\/www.erresse-shop.it\/fr\/wp-json\/wp\/v2\/types\/product"}],"wp:featuredmedia":[{"embeddable":true,"href":"https:\/\/www.erresse-shop.it\/fr\/wp-json\/wp\/v2\/media\/181423"}],"wp:attachment":[{"href":"https:\/\/www.erresse-shop.it\/fr\/wp-json\/wp\/v2\/media?parent=64011"}],"wp:term":[{"taxonomy":"product_cat","embeddable":true,"href":"https:\/\/www.erresse-shop.it\/fr\/wp-json\/wp\/v2\/product_cat?post=64011"},{"taxonomy":"product_tag","embeddable":true,"href":"https:\/\/www.erresse-shop.it\/fr\/wp-json\/wp\/v2\/product_tag?post=64011"}],"curies":[{"name":"wp","href":"https:\/\/api.w.org\/{rel}","templated":true}]}}