{"id":62565,"date":"2020-06-03T09:40:16","date_gmt":"2020-06-03T09:40:18","guid":{"rendered":"https:\/\/www.erresse-shop.it\/?post_type=product&#038;p=62565"},"modified":"2025-01-13T14:27:00","modified_gmt":"2025-01-13T14:27:00","slug":"le-creuset-lm-250-modele-a-levier-avec-coupe-capsule","status":"publish","type":"product","link":"https:\/\/www.erresse-shop.it\/fr\/shop\/table-fr-2\/vin\/le-creuset-lm-250-modele-a-levier-avec-coupe-capsule\/","title":{"rendered":"LE CREUSET LM-250 Mod\u00e8le \u00e0 Levier avec Coupe Capsule"},"content":{"rendered":"<p>Performance in\u00e9gal\u00e9e. Rigoureusement test\u00e9. Hautement appr\u00e9ci\u00e9. Ouvrez une bouteille de vin en un tour de main avec cette merveille de technologie. Les courbes du tire-bouchon \u00e0 levier original de Herbert Allen ont \u00e9t\u00e9 redessin\u00e9es avec un design contemporain. Aucun bouchon ne r\u00e9sistera \u00e0 sa technologie de rotation innovante.<\/p>\n<p>D\u00e9tails du Produit<br \/>\n&#8211; Mat\u00e9riau: Thermoplastique<br \/>\n&#8211; Garantie: 10 Ans<\/p>\n<p>Dimensions<br \/>\n&#8211; Longueur: 18.9 cm<br \/>\n&#8211; Largeur: 14.7 cm<br \/>\n&#8211; Hauteur: 3.5 cm<\/p>\n<p>Entretien et Utilisation<br \/>\n&#8211; Avant la premi\u00e8re utilisation: Avant d\u2019utiliser pour la premi\u00e8re fois votre accessoire pour le vin, prenez le temps de lire les consignes d\u2019utilisation adapt\u00e9es aux sp\u00e9cificit\u00e9s de votre mod\u00e8le.<br \/>\n&#8211; Nettoyage: Prudence en le nettoyant, la pointe du tire-bouchon est tranchante !<br \/>\nNettoyez votre tire-bouchon de temps en temps, \u00e0 l\u2019aide d\u2019un chiffon humide ou d\u2019eau chaude avec du liquide vaisselle.<br \/>\nS\u00e9chez-le bien ensuite et rangez-le dans un endroit sec.<br \/>\n&#8211; Utilisation: D\u00e9coupez la capsule recouvrant le bouchon et v\u00e9rifiez que le goulot et le bord de la bouteille sont exempts d\u2019\u00e9clats et de fissures.<br \/>\nMaintenez la bouteille sur une surface solide et plane lorsque vous l\u2019ouvrez.<br \/>\nPrudence \u00e0 l\u2019ouverture, la pointe du tire-bouchon est tranchante ! Assurez-vous que le tire-bouchon est toujours bien en place sur le goulot de la bouteille avant de l\u2019ouvrir.<br \/>\nBesoin de changer une vis us\u00e9e ? D\u00e9vissez le cache protecteur en chrome, retirez l\u2019ancienne vis puis ins\u00e9rez votre nouvelle vis et remettez le cache protecteur en place. Consultez toujours en premier lieu les consignes d\u2019utilisation adapt\u00e9es aux sp\u00e9cificit\u00e9s de votre mod\u00e8le.<\/p>\n","protected":false},"excerpt":{"rendered":"<p>Performance in\u00e9gal\u00e9e. Rigoureusement test\u00e9. Hautement appr\u00e9ci\u00e9. Ouvrez une bouteille de vin en un tour de main avec cette merveille de<\/p>\n","protected":false},"featured_media":180451,"template":"","meta":{"_acf_changed":false,"inline_featured_image":false},"product_cat":[12782,14463,12754],"product_tag":[16883,21198,21199,13066,13067,13065,21200,16884,23682],"acf":[],"yoast_head":"<!-- This site is optimized with the Yoast SEO Premium plugin v18.6 (Yoast SEO v19.13) - https:\/\/yoast.com\/wordpress\/plugins\/seo\/ -->\n<title>LE CREUSET LM-250 Mod\u00e8le \u00e0 Levier avec Coupe Capsule<\/title>\n<meta name=\"description\" content=\"D\u00e9couvrez LE CREUSET LM-250 Mod\u00e8le \u00e0 Levier avec Coupe Capsule sur ErresseShop. Qualit\u00e9, prix r\u00e9duits et achat s\u00e9curis\u00e9 \u2013 commandez d\u00e8s maintenant en ligne !\" \/>\n<meta name=\"robots\" content=\"index, follow, max-snippet:-1, max-image-preview:large, max-video-preview:-1\" \/>\n<link rel=\"canonical\" href=\"https:\/\/www.erresse-shop.it\/fr\/shop\/table-fr-2\/vin\/le-creuset-lm-250-modele-a-levier-avec-coupe-capsule\/\" \/>\n<meta property=\"og:locale\" content=\"fr_FR\" \/>\n<meta property=\"og:type\" content=\"article\" \/>\n<meta property=\"og:title\" content=\"LE CREUSET LM-250 Mod\u00e8le \u00e0 Levier avec Coupe Capsule\" \/>\n<meta property=\"og:description\" content=\"D\u00e9couvrez LE CREUSET LM-250 Mod\u00e8le \u00e0 Levier avec Coupe Capsule sur ErresseShop. Qualit\u00e9, prix r\u00e9duits et achat s\u00e9curis\u00e9 \u2013 commandez d\u00e8s maintenant en ligne !\" \/>\n<meta property=\"og:url\" content=\"https:\/\/www.erresse-shop.it\/fr\/shop\/table-fr-2\/vin\/le-creuset-lm-250-modele-a-levier-avec-coupe-capsule\/\" \/>\n<meta property=\"og:site_name\" content=\"Erresse Shop\" \/>\n<meta property=\"article:modified_time\" content=\"2025-01-13T14:27:00+00:00\" \/>\n<meta property=\"og:image\" content=\"https:\/\/www.erresse-shop.it\/wp-content\/uploads\/2020\/06\/LE-CREUSET-Cavatappi-LM250-Nero-2.jpg\" \/>\n\t<meta property=\"og:image:width\" content=\"800\" \/>\n\t<meta property=\"og:image:height\" content=\"800\" \/>\n\t<meta property=\"og:image:type\" content=\"image\/jpeg\" \/>\n<meta name=\"twitter:card\" content=\"summary_large_image\" \/>\n<script type=\"application\/ld+json\" class=\"yoast-schema-graph\">{\"@context\":\"https:\/\/schema.org\",\"@graph\":[{\"@type\":\"WebPage\",\"@id\":\"https:\/\/www.erresse-shop.it\/fr\/shop\/table-fr-2\/vin\/le-creuset-lm-250-modele-a-levier-avec-coupe-capsule\/\",\"url\":\"https:\/\/www.erresse-shop.it\/fr\/shop\/table-fr-2\/vin\/le-creuset-lm-250-modele-a-levier-avec-coupe-capsule\/\",\"name\":\"LE CREUSET LM-250 Mod\u00e8le \u00e0 Levier avec Coupe Capsule\",\"isPartOf\":{\"@id\":\"https:\/\/www.erresse-shop.it\/fr\/#website\"},\"datePublished\":\"2020-06-03T09:40:18+00:00\",\"dateModified\":\"2025-01-13T14:27:00+00:00\",\"description\":\"D\u00e9couvrez LE CREUSET LM-250 Mod\u00e8le \u00e0 Levier avec Coupe Capsule sur ErresseShop. Qualit\u00e9, prix r\u00e9duits et achat s\u00e9curis\u00e9 \u2013 commandez d\u00e8s maintenant en ligne !\",\"breadcrumb\":{\"@id\":\"https:\/\/www.erresse-shop.it\/fr\/shop\/table-fr-2\/vin\/le-creuset-lm-250-modele-a-levier-avec-coupe-capsule\/#breadcrumb\"},\"inLanguage\":\"fr-FR\",\"potentialAction\":[{\"@type\":\"ReadAction\",\"target\":[\"https:\/\/www.erresse-shop.it\/fr\/shop\/table-fr-2\/vin\/le-creuset-lm-250-modele-a-levier-avec-coupe-capsule\/\"]}]},{\"@type\":\"BreadcrumbList\",\"@id\":\"https:\/\/www.erresse-shop.it\/fr\/shop\/table-fr-2\/vin\/le-creuset-lm-250-modele-a-levier-avec-coupe-capsule\/#breadcrumb\",\"itemListElement\":[{\"@type\":\"ListItem\",\"position\":1,\"name\":\"Home\",\"item\":\"https:\/\/www.erresse-shop.it\/fr\/\"},{\"@type\":\"ListItem\",\"position\":2,\"name\":\"Shop\",\"item\":\"https:\/\/www.erresse-shop.it\/fr\/shop\/\"},{\"@type\":\"ListItem\",\"position\":3,\"name\":\"LE CREUSET LM-250 Mod\u00e8le \u00e0 Levier avec Coupe Capsule\"}]},{\"@type\":\"WebSite\",\"@id\":\"https:\/\/www.erresse-shop.it\/fr\/#website\",\"url\":\"https:\/\/www.erresse-shop.it\/fr\/\",\"name\":\"Erresse Shop\",\"description\":\"Articoli di qualit\u00e0 per la casa\",\"potentialAction\":[{\"@type\":\"SearchAction\",\"target\":{\"@type\":\"EntryPoint\",\"urlTemplate\":\"https:\/\/www.erresse-shop.it\/fr\/?s={search_term_string}\"},\"query-input\":\"required name=search_term_string\"}],\"inLanguage\":\"fr-FR\"}]}<\/script>\n<!-- \/ Yoast SEO Premium plugin. -->","yoast_head_json":{"title":"LE CREUSET LM-250 Mod\u00e8le \u00e0 Levier avec Coupe Capsule","description":"D\u00e9couvrez LE CREUSET LM-250 Mod\u00e8le \u00e0 Levier avec Coupe Capsule sur ErresseShop. Qualit\u00e9, prix r\u00e9duits et achat s\u00e9curis\u00e9 \u2013 commandez d\u00e8s maintenant en ligne !","robots":{"index":"index","follow":"follow","max-snippet":"max-snippet:-1","max-image-preview":"max-image-preview:large","max-video-preview":"max-video-preview:-1"},"canonical":"https:\/\/www.erresse-shop.it\/fr\/shop\/table-fr-2\/vin\/le-creuset-lm-250-modele-a-levier-avec-coupe-capsule\/","og_locale":"fr_FR","og_type":"article","og_title":"LE CREUSET LM-250 Mod\u00e8le \u00e0 Levier avec Coupe Capsule","og_description":"D\u00e9couvrez LE CREUSET LM-250 Mod\u00e8le \u00e0 Levier avec Coupe Capsule sur ErresseShop. Qualit\u00e9, prix r\u00e9duits et achat s\u00e9curis\u00e9 \u2013 commandez d\u00e8s maintenant en ligne !","og_url":"https:\/\/www.erresse-shop.it\/fr\/shop\/table-fr-2\/vin\/le-creuset-lm-250-modele-a-levier-avec-coupe-capsule\/","og_site_name":"Erresse Shop","article_modified_time":"2025-01-13T14:27:00+00:00","og_image":[{"width":800,"height":800,"url":"https:\/\/www.erresse-shop.it\/wp-content\/uploads\/2020\/06\/LE-CREUSET-Cavatappi-LM250-Nero-2.jpg","type":"image\/jpeg"}],"twitter_card":"summary_large_image","schema":{"@context":"https:\/\/schema.org","@graph":[{"@type":"WebPage","@id":"https:\/\/www.erresse-shop.it\/fr\/shop\/table-fr-2\/vin\/le-creuset-lm-250-modele-a-levier-avec-coupe-capsule\/","url":"https:\/\/www.erresse-shop.it\/fr\/shop\/table-fr-2\/vin\/le-creuset-lm-250-modele-a-levier-avec-coupe-capsule\/","name":"LE CREUSET LM-250 Mod\u00e8le \u00e0 Levier avec Coupe Capsule","isPartOf":{"@id":"https:\/\/www.erresse-shop.it\/fr\/#website"},"datePublished":"2020-06-03T09:40:18+00:00","dateModified":"2025-01-13T14:27:00+00:00","description":"D\u00e9couvrez LE CREUSET LM-250 Mod\u00e8le \u00e0 Levier avec Coupe Capsule sur ErresseShop. Qualit\u00e9, prix r\u00e9duits et achat s\u00e9curis\u00e9 \u2013 commandez d\u00e8s maintenant en ligne !","breadcrumb":{"@id":"https:\/\/www.erresse-shop.it\/fr\/shop\/table-fr-2\/vin\/le-creuset-lm-250-modele-a-levier-avec-coupe-capsule\/#breadcrumb"},"inLanguage":"fr-FR","potentialAction":[{"@type":"ReadAction","target":["https:\/\/www.erresse-shop.it\/fr\/shop\/table-fr-2\/vin\/le-creuset-lm-250-modele-a-levier-avec-coupe-capsule\/"]}]},{"@type":"BreadcrumbList","@id":"https:\/\/www.erresse-shop.it\/fr\/shop\/table-fr-2\/vin\/le-creuset-lm-250-modele-a-levier-avec-coupe-capsule\/#breadcrumb","itemListElement":[{"@type":"ListItem","position":1,"name":"Home","item":"https:\/\/www.erresse-shop.it\/fr\/"},{"@type":"ListItem","position":2,"name":"Shop","item":"https:\/\/www.erresse-shop.it\/fr\/shop\/"},{"@type":"ListItem","position":3,"name":"LE CREUSET LM-250 Mod\u00e8le \u00e0 Levier avec Coupe Capsule"}]},{"@type":"WebSite","@id":"https:\/\/www.erresse-shop.it\/fr\/#website","url":"https:\/\/www.erresse-shop.it\/fr\/","name":"Erresse Shop","description":"Articoli di qualit\u00e0 per la casa","potentialAction":[{"@type":"SearchAction","target":{"@type":"EntryPoint","urlTemplate":"https:\/\/www.erresse-shop.it\/fr\/?s={search_term_string}"},"query-input":"required name=search_term_string"}],"inLanguage":"fr-FR"}]}},"df_price":80.5,"df_sale_price":80.5,"df_regular_price":115,"df_image_link":"https:\/\/www.erresse-shop.it\/wp-content\/uploads\/2020\/06\/LE-CREUSET-Cavatappi-LM250-Nero-2-300x300.jpg","_links":{"self":[{"href":"https:\/\/www.erresse-shop.it\/fr\/wp-json\/wp\/v2\/product\/62565"}],"collection":[{"href":"https:\/\/www.erresse-shop.it\/fr\/wp-json\/wp\/v2\/product"}],"about":[{"href":"https:\/\/www.erresse-shop.it\/fr\/wp-json\/wp\/v2\/types\/product"}],"wp:featuredmedia":[{"embeddable":true,"href":"https:\/\/www.erresse-shop.it\/fr\/wp-json\/wp\/v2\/media\/180451"}],"wp:attachment":[{"href":"https:\/\/www.erresse-shop.it\/fr\/wp-json\/wp\/v2\/media?parent=62565"}],"wp:term":[{"taxonomy":"product_cat","embeddable":true,"href":"https:\/\/www.erresse-shop.it\/fr\/wp-json\/wp\/v2\/product_cat?post=62565"},{"taxonomy":"product_tag","embeddable":true,"href":"https:\/\/www.erresse-shop.it\/fr\/wp-json\/wp\/v2\/product_tag?post=62565"}],"curies":[{"name":"wp","href":"https:\/\/api.w.org\/{rel}","templated":true}]}}