{"id":62526,"date":"2020-06-03T07:34:45","date_gmt":"2020-06-03T07:34:45","guid":{"rendered":"https:\/\/www.erresse-shop.it\/shop\/non%20class\u00e9\/le-creuset-cocotte-oblongue-31cm-noir\/"},"modified":"2025-01-13T14:26:53","modified_gmt":"2025-01-13T14:26:53","slug":"le-creuset-cocotte-oblongue-en-fonte-emaillee-31-cm-noir-mat","status":"publish","type":"product","link":"https:\/\/www.erresse-shop.it\/fr\/shop\/poeles-pots\/casseroles\/le-creuset-cocotte-oblongue-en-fonte-emaillee-31-cm-noir-mat\/","title":{"rendered":"LE CREUSET Casserole oblongue en fonte Evolution 31 cm Noir"},"content":{"rendered":"<p><strong>TOUS \u00c0 TABLE\u00a0!<\/strong><\/p>\n<p>Aussi polyvalente que le mod\u00e8le rond classique, cette cocotte ovale peut accueillir un gigot d&#8217;agneau entier sans occuper tout le four, vous aurez donc \u00e9galement de la place pour les accompagnements. O\u00f9 que votre flair culinaire vous m\u00e8ne, vous avez trouv\u00e9 le compagnon id\u00e9al pour un voyage enivrant \u00e0 travers les go\u00fbts et les ar\u00f4mes.<\/p>\n<p>Depuis des g\u00e9n\u00e9rations, les familles appr\u00e9cient la cocotte classique en fonte qui r\u00e9partit uniform\u00e9ment la chaleur. La fonte, \u00e9tant un excellent conducteur de chaleur, est l\u2019un des meilleurs mat\u00e9riaux \u00e0 utiliser en cuisine. De plus, le fond, les parois et le couvercle ont la m\u00eame \u00e9paisseur, garantissant une absorption et une r\u00e9partition uniforme de la chaleur, sans cr\u00e9er de zones de surchauffe. Le r\u00e9sultat est que les aliments ne br\u00fblent pas et ne restent pas crus \u00e0 l\u2019int\u00e9rieur. De plus, ils ne perdent pas leurs liquides lors de la cuisson, ce qui leur permet de pr\u00e9server leurs nutriments et vitamines.<\/p>\n<p style=\"text-align: justific;\"><strong>Propri\u00e9t\u00e9s des cocottes en fonte \u00e9maill\u00e9e\u00a0:<\/strong><\/p>\n<p style=\"text-align: justifier;\">&#8211; R\u00e9partition uniforme de la chaleur sans zones de surchauffe.<br \/>\n&#8211; Excellente r\u00e9tention de la chaleur.<br \/>\n&#8211; Bouton en acier inoxydable r\u00e9sistant \u00e0 toute temp\u00e9rature.<br \/>\n&#8211; Poign\u00e9es con\u00e7ues pour une excellente pr\u00e9hension.<br \/>\n&#8211; Surface interne et externe vitrifi\u00e9e. Il n&#8217;absorbe pas l&#8217;humidit\u00e9, la saveur ou l&#8217;odeur des aliments.<br \/>\n&#8211; Recommand\u00e9 par les meilleurs chefs et blogueurs pour faire du pain au four.<br \/>\n&#8211; Nettoyage facile.<br \/>\n&#8211; Durabilit\u00e9 exceptionnelle.<\/p>\n<p>Mat\u00e9riau : fonte vitrifi\u00e9e<br \/>\nFabriqu\u00e9 en France<br \/>\nGarantie : \u00e0 vie<\/p>\n<p><strong>Source de chaleur\u00a0:<\/strong><\/p>\n<ul>\n<li>Four<\/li>\n<li>Four en mode grill<\/li>\n<li>Plaque \u00e9lectrique<\/li>\n<li>Verre c\u00e9ramique<\/li>\n<li>Cuisson \u00e0 gaz<\/li>\n<li>Plaque \u00e0 induction<\/li>\n<\/ul>\n<p><strong>Nettoyage et entretien\u00a0:<\/strong><\/p>\n<ul>\n<li>Attendez que le produit refroidisse avant de commencer \u00e0 le nettoyer.<\/li>\n<li>Nettoyez tous les restes de la base et des c\u00f4t\u00e9s du produit. S&#8217;il y a des aliments coinc\u00e9s, remplissez le produit avec de l&#8217;eau ti\u00e8de savonneuse et laissez-le tremper pendant 15 \u00e0 20 minutes avant de le laver comme d&#8217;habitude.<\/li>\n<li>N&#8217;utilisez pas de nettoyants abrasifs ni d&#8217;\u00e9ponges ou de brosses m\u00e9talliques, abrasives ou tr\u00e8s rigides sur aucune des surfaces.<\/li>\n<li>Bien s\u00e9cher apr\u00e8s le lavage et conserver dans un endroit sec.<\/li>\n<\/ul>\n<div class=\"su-youtube su-u-responsive-media-yes\"><iframe loading=\"lazy\" width=\"500\" height=\"200\" src=\"https:\/\/www.youtube.com\/embed\/YoiKOay1xos?\" frameborder=\"0\" allowfullscreen allow=\"autoplay; encrypted-media; picture-in-picture\" title=\"\"><\/iframe><\/div>\n","protected":false},"excerpt":{"rendered":"<p>TOUS \u00c0 TABLE\u00a0! Aussi polyvalente que le mod\u00e8le rond classique, cette cocotte ovale peut accueillir un gigot d&#8217;agneau entier sans<\/p>\n","protected":false},"featured_media":504022,"template":"","meta":{"_acf_changed":false,"inline_featured_image":false},"product_cat":[12458,14777],"product_tag":[25086,25021,14826,12994,12460,12461,12465,12466,12468,12469,12991],"acf":[],"yoast_head":"<!-- This site is optimized with the Yoast SEO Premium plugin v18.6 (Yoast SEO v19.13) - https:\/\/yoast.com\/wordpress\/plugins\/seo\/ -->\n<title>LE CREUSET Casserole oblongue en fonte Evolution 31 cm Noir<\/title>\n<meta name=\"description\" content=\"D\u00e9couvrez LE CREUSET Casserole oblongue en fonte Evolution 31 cm Noir sur ErresseShop. Qualit\u00e9, prix r\u00e9duits et achat s\u00e9curis\u00e9 \u2013 commandez d\u00e8s maintenant en ligne !\" \/>\n<meta name=\"robots\" content=\"index, follow, max-snippet:-1, max-image-preview:large, max-video-preview:-1\" \/>\n<link rel=\"canonical\" href=\"https:\/\/www.erresse-shop.it\/fr\/shop\/poeles-pots\/casseroles\/le-creuset-cocotte-oblongue-en-fonte-emaillee-31-cm-noir-mat\/\" \/>\n<meta property=\"og:locale\" content=\"fr_FR\" \/>\n<meta property=\"og:type\" content=\"article\" \/>\n<meta property=\"og:title\" content=\"LE CREUSET Casserole oblongue en fonte Evolution 31 cm Noir\" \/>\n<meta property=\"og:description\" content=\"D\u00e9couvrez LE CREUSET Casserole oblongue en fonte Evolution 31 cm Noir sur ErresseShop. Qualit\u00e9, prix r\u00e9duits et achat s\u00e9curis\u00e9 \u2013 commandez d\u00e8s maintenant en ligne !\" \/>\n<meta property=\"og:url\" content=\"https:\/\/www.erresse-shop.it\/fr\/shop\/poeles-pots\/casseroles\/le-creuset-cocotte-oblongue-en-fonte-emaillee-31-cm-noir-mat\/\" \/>\n<meta property=\"og:site_name\" content=\"Erresse Shop\" \/>\n<meta property=\"article:modified_time\" content=\"2025-01-13T14:26:53+00:00\" \/>\n<meta property=\"og:image\" content=\"https:\/\/www.erresse-shop.it\/wp-content\/uploads\/2020\/06\/LE-CREUSET-Casseruola-Oblong-Evolution-in-Ghisa-31-cm-Nero.png\" \/>\n\t<meta property=\"og:image:width\" content=\"800\" \/>\n\t<meta property=\"og:image:height\" content=\"800\" \/>\n\t<meta property=\"og:image:type\" content=\"image\/png\" \/>\n<meta name=\"twitter:card\" content=\"summary_large_image\" \/>\n<script type=\"application\/ld+json\" class=\"yoast-schema-graph\">{\"@context\":\"https:\/\/schema.org\",\"@graph\":[{\"@type\":\"WebPage\",\"@id\":\"https:\/\/www.erresse-shop.it\/fr\/shop\/poeles-pots\/casseroles\/le-creuset-cocotte-oblongue-en-fonte-emaillee-31-cm-noir-mat\/\",\"url\":\"https:\/\/www.erresse-shop.it\/fr\/shop\/poeles-pots\/casseroles\/le-creuset-cocotte-oblongue-en-fonte-emaillee-31-cm-noir-mat\/\",\"name\":\"LE CREUSET Casserole oblongue en fonte Evolution 31 cm Noir\",\"isPartOf\":{\"@id\":\"https:\/\/www.erresse-shop.it\/fr\/#website\"},\"datePublished\":\"2020-06-03T07:34:45+00:00\",\"dateModified\":\"2025-01-13T14:26:53+00:00\",\"description\":\"D\u00e9couvrez LE CREUSET Casserole oblongue en fonte Evolution 31 cm Noir sur ErresseShop. Qualit\u00e9, prix r\u00e9duits et achat s\u00e9curis\u00e9 \u2013 commandez d\u00e8s maintenant en ligne !\",\"breadcrumb\":{\"@id\":\"https:\/\/www.erresse-shop.it\/fr\/shop\/poeles-pots\/casseroles\/le-creuset-cocotte-oblongue-en-fonte-emaillee-31-cm-noir-mat\/#breadcrumb\"},\"inLanguage\":\"fr-FR\",\"potentialAction\":[{\"@type\":\"ReadAction\",\"target\":[\"https:\/\/www.erresse-shop.it\/fr\/shop\/poeles-pots\/casseroles\/le-creuset-cocotte-oblongue-en-fonte-emaillee-31-cm-noir-mat\/\"]}]},{\"@type\":\"BreadcrumbList\",\"@id\":\"https:\/\/www.erresse-shop.it\/fr\/shop\/poeles-pots\/casseroles\/le-creuset-cocotte-oblongue-en-fonte-emaillee-31-cm-noir-mat\/#breadcrumb\",\"itemListElement\":[{\"@type\":\"ListItem\",\"position\":1,\"name\":\"Home\",\"item\":\"https:\/\/www.erresse-shop.it\/fr\/\"},{\"@type\":\"ListItem\",\"position\":2,\"name\":\"Shop\",\"item\":\"https:\/\/www.erresse-shop.it\/fr\/shop\/\"},{\"@type\":\"ListItem\",\"position\":3,\"name\":\"LE CREUSET Casserole oblongue en fonte Evolution 31 cm Noir\"}]},{\"@type\":\"WebSite\",\"@id\":\"https:\/\/www.erresse-shop.it\/fr\/#website\",\"url\":\"https:\/\/www.erresse-shop.it\/fr\/\",\"name\":\"Erresse Shop\",\"description\":\"Articoli di qualit\u00e0 per la casa\",\"potentialAction\":[{\"@type\":\"SearchAction\",\"target\":{\"@type\":\"EntryPoint\",\"urlTemplate\":\"https:\/\/www.erresse-shop.it\/fr\/?s={search_term_string}\"},\"query-input\":\"required name=search_term_string\"}],\"inLanguage\":\"fr-FR\"}]}<\/script>\n<!-- \/ Yoast SEO Premium plugin. -->","yoast_head_json":{"title":"LE CREUSET Casserole oblongue en fonte Evolution 31 cm Noir","description":"D\u00e9couvrez LE CREUSET Casserole oblongue en fonte Evolution 31 cm Noir sur ErresseShop. Qualit\u00e9, prix r\u00e9duits et achat s\u00e9curis\u00e9 \u2013 commandez d\u00e8s maintenant en ligne !","robots":{"index":"index","follow":"follow","max-snippet":"max-snippet:-1","max-image-preview":"max-image-preview:large","max-video-preview":"max-video-preview:-1"},"canonical":"https:\/\/www.erresse-shop.it\/fr\/shop\/poeles-pots\/casseroles\/le-creuset-cocotte-oblongue-en-fonte-emaillee-31-cm-noir-mat\/","og_locale":"fr_FR","og_type":"article","og_title":"LE CREUSET Casserole oblongue en fonte Evolution 31 cm Noir","og_description":"D\u00e9couvrez LE CREUSET Casserole oblongue en fonte Evolution 31 cm Noir sur ErresseShop. Qualit\u00e9, prix r\u00e9duits et achat s\u00e9curis\u00e9 \u2013 commandez d\u00e8s maintenant en ligne !","og_url":"https:\/\/www.erresse-shop.it\/fr\/shop\/poeles-pots\/casseroles\/le-creuset-cocotte-oblongue-en-fonte-emaillee-31-cm-noir-mat\/","og_site_name":"Erresse Shop","article_modified_time":"2025-01-13T14:26:53+00:00","og_image":[{"width":800,"height":800,"url":"https:\/\/www.erresse-shop.it\/wp-content\/uploads\/2020\/06\/LE-CREUSET-Casseruola-Oblong-Evolution-in-Ghisa-31-cm-Nero.png","type":"image\/png"}],"twitter_card":"summary_large_image","schema":{"@context":"https:\/\/schema.org","@graph":[{"@type":"WebPage","@id":"https:\/\/www.erresse-shop.it\/fr\/shop\/poeles-pots\/casseroles\/le-creuset-cocotte-oblongue-en-fonte-emaillee-31-cm-noir-mat\/","url":"https:\/\/www.erresse-shop.it\/fr\/shop\/poeles-pots\/casseroles\/le-creuset-cocotte-oblongue-en-fonte-emaillee-31-cm-noir-mat\/","name":"LE CREUSET Casserole oblongue en fonte Evolution 31 cm Noir","isPartOf":{"@id":"https:\/\/www.erresse-shop.it\/fr\/#website"},"datePublished":"2020-06-03T07:34:45+00:00","dateModified":"2025-01-13T14:26:53+00:00","description":"D\u00e9couvrez LE CREUSET Casserole oblongue en fonte Evolution 31 cm Noir sur ErresseShop. Qualit\u00e9, prix r\u00e9duits et achat s\u00e9curis\u00e9 \u2013 commandez d\u00e8s maintenant en ligne !","breadcrumb":{"@id":"https:\/\/www.erresse-shop.it\/fr\/shop\/poeles-pots\/casseroles\/le-creuset-cocotte-oblongue-en-fonte-emaillee-31-cm-noir-mat\/#breadcrumb"},"inLanguage":"fr-FR","potentialAction":[{"@type":"ReadAction","target":["https:\/\/www.erresse-shop.it\/fr\/shop\/poeles-pots\/casseroles\/le-creuset-cocotte-oblongue-en-fonte-emaillee-31-cm-noir-mat\/"]}]},{"@type":"BreadcrumbList","@id":"https:\/\/www.erresse-shop.it\/fr\/shop\/poeles-pots\/casseroles\/le-creuset-cocotte-oblongue-en-fonte-emaillee-31-cm-noir-mat\/#breadcrumb","itemListElement":[{"@type":"ListItem","position":1,"name":"Home","item":"https:\/\/www.erresse-shop.it\/fr\/"},{"@type":"ListItem","position":2,"name":"Shop","item":"https:\/\/www.erresse-shop.it\/fr\/shop\/"},{"@type":"ListItem","position":3,"name":"LE CREUSET Casserole oblongue en fonte Evolution 31 cm Noir"}]},{"@type":"WebSite","@id":"https:\/\/www.erresse-shop.it\/fr\/#website","url":"https:\/\/www.erresse-shop.it\/fr\/","name":"Erresse Shop","description":"Articoli di qualit\u00e0 per la casa","potentialAction":[{"@type":"SearchAction","target":{"@type":"EntryPoint","urlTemplate":"https:\/\/www.erresse-shop.it\/fr\/?s={search_term_string}"},"query-input":"required name=search_term_string"}],"inLanguage":"fr-FR"}]}},"df_price":150.75,"df_sale_price":150.75,"df_regular_price":335,"df_image_link":"https:\/\/www.erresse-shop.it\/wp-content\/uploads\/2020\/06\/LE-CREUSET-Casseruola-Oblong-Evolution-31-cm-Nero-300x300.jpg","_links":{"self":[{"href":"https:\/\/www.erresse-shop.it\/fr\/wp-json\/wp\/v2\/product\/62526"}],"collection":[{"href":"https:\/\/www.erresse-shop.it\/fr\/wp-json\/wp\/v2\/product"}],"about":[{"href":"https:\/\/www.erresse-shop.it\/fr\/wp-json\/wp\/v2\/types\/product"}],"wp:featuredmedia":[{"embeddable":true,"href":"https:\/\/www.erresse-shop.it\/fr\/wp-json\/wp\/v2\/media\/504022"}],"wp:attachment":[{"href":"https:\/\/www.erresse-shop.it\/fr\/wp-json\/wp\/v2\/media?parent=62526"}],"wp:term":[{"taxonomy":"product_cat","embeddable":true,"href":"https:\/\/www.erresse-shop.it\/fr\/wp-json\/wp\/v2\/product_cat?post=62526"},{"taxonomy":"product_tag","embeddable":true,"href":"https:\/\/www.erresse-shop.it\/fr\/wp-json\/wp\/v2\/product_tag?post=62526"}],"curies":[{"name":"wp","href":"https:\/\/api.w.org\/{rel}","templated":true}]}}