{"id":62358,"date":"2018-10-12T16:29:52","date_gmt":"2018-10-12T16:29:52","guid":{"rendered":"https:\/\/www.erresse-shop.it\/shop\/non%20class\u00e9\/zafferano-poldina-pro-lampe-de-table-rose\/"},"modified":"2025-07-01T10:13:04","modified_gmt":"2025-07-01T10:13:04","slug":"zafferano-poldina-pro-lampe-de-table-rose","status":"publish","type":"product","link":"https:\/\/www.erresse-shop.it\/fr\/shop\/ameublement-maison\/lampes\/zafferano-poldina-pro-lampe-de-table-rose\/","title":{"rendered":"ZAFFERANO Poldina PRO Lampe \u00e0 poser rose"},"content":{"rendered":"<p>Lampe de table \u00e0 piles, portable et rechargeable.<\/p>\n<p>Une commande \u00ab touch \u00bb sur le dessus de la t\u00eate permet de l\u2019allumer, de r\u00e9gler l\u2019intensit\u00e9 lumineuse et de s\u00e9lectionner la temp\u00e9rature de couleur de la lumi\u00e8re.<\/p>\n<p>Gr\u00e2ce \u00e0 un indice de protection \u00e9lev\u00e9, la lampe peut \u00e9galement \u00eatre utilis\u00e9e \u00e0 l&#8217;ext\u00e9rieur. (\u00e0 l&#8217;exception des mod\u00e8les avec finition en feuille de m\u00e9tal et finition galvanique, pour lesquels une utilisation ext\u00e9rieure continue n&#8217;est pas recommand\u00e9e).<\/p>\n<p>Il dispose d&#8217;un syst\u00e8me de contr\u00f4le \u00e9lectronique qui surveille et signale la dur\u00e9e de vie restante de la batterie, vous permettant d&#8217;optimiser la charge et de toujours l&#8217;effectuer correctement. Equip\u00e9 d&#8217;une base de chargement par contact. Chargeur inclus.<\/p>\n<p>Il est possible de personnaliser la lampe avec des couvercles en c\u00e9ramique, qui peuvent \u00eatre achet\u00e9s s\u00e9par\u00e9ment.<\/p>\n<p><strong>Diam\u00e8tre :<\/strong> 11 cm<br \/>\n<strong>Hauteur totale :<\/strong> 38 cm<\/p>\n","protected":false},"excerpt":{"rendered":"<p>Lampe de table \u00e0 piles, portable et rechargeable. Une commande \u00ab touch \u00bb sur le dessus de la t\u00eate permet<\/p>\n","protected":false},"featured_media":62356,"template":"","meta":{"_acf_changed":false,"inline_featured_image":false},"product_cat":[12738,12741],"product_tag":[25026,13052,13053,13054,13055,25021,12793,12794,12795,12796,13056,24603],"acf":[],"yoast_head":"<!-- This site is optimized with the Yoast SEO Premium plugin v18.6 (Yoast SEO v19.13) - https:\/\/yoast.com\/wordpress\/plugins\/seo\/ -->\n<title>ZAFFERANO Poldina PRO Lampe \u00e0 poser rose<\/title>\n<meta name=\"description\" content=\"D\u00e9couvrez ZAFFERANO Poldina PRO Lampe \u00e0 poser rose sur ErresseShop. Qualit\u00e9, prix r\u00e9duits et achat s\u00e9curis\u00e9 \u2013 commandez d\u00e8s maintenant en ligne !\" \/>\n<meta name=\"robots\" content=\"index, follow, max-snippet:-1, max-image-preview:large, max-video-preview:-1\" \/>\n<link rel=\"canonical\" href=\"https:\/\/www.erresse-shop.it\/fr\/shop\/ameublement-maison\/lampes\/zafferano-poldina-pro-lampe-de-table-rose\/\" \/>\n<meta property=\"og:locale\" content=\"fr_FR\" \/>\n<meta property=\"og:type\" content=\"article\" \/>\n<meta property=\"og:title\" content=\"ZAFFERANO Poldina PRO Lampe \u00e0 poser rose\" \/>\n<meta property=\"og:description\" content=\"D\u00e9couvrez ZAFFERANO Poldina PRO Lampe \u00e0 poser rose sur ErresseShop. Qualit\u00e9, prix r\u00e9duits et achat s\u00e9curis\u00e9 \u2013 commandez d\u00e8s maintenant en ligne !\" \/>\n<meta property=\"og:url\" content=\"https:\/\/www.erresse-shop.it\/fr\/shop\/ameublement-maison\/lampes\/zafferano-poldina-pro-lampe-de-table-rose\/\" \/>\n<meta property=\"og:site_name\" content=\"Erresse Shop\" \/>\n<meta property=\"article:modified_time\" content=\"2025-07-01T10:13:04+00:00\" \/>\n<meta property=\"og:image\" content=\"https:\/\/www.erresse-shop.it\/wp-content\/uploads\/2018\/10\/Poldina-Pro-rosa.jpg\" \/>\n\t<meta property=\"og:image:width\" content=\"1355\" \/>\n\t<meta property=\"og:image:height\" content=\"1500\" \/>\n\t<meta property=\"og:image:type\" content=\"image\/jpeg\" \/>\n<meta name=\"twitter:card\" content=\"summary_large_image\" \/>\n<script type=\"application\/ld+json\" class=\"yoast-schema-graph\">{\"@context\":\"https:\/\/schema.org\",\"@graph\":[{\"@type\":\"WebPage\",\"@id\":\"https:\/\/www.erresse-shop.it\/fr\/shop\/ameublement-maison\/lampes\/zafferano-poldina-pro-lampe-de-table-rose\/\",\"url\":\"https:\/\/www.erresse-shop.it\/fr\/shop\/ameublement-maison\/lampes\/zafferano-poldina-pro-lampe-de-table-rose\/\",\"name\":\"ZAFFERANO Poldina PRO Lampe \u00e0 poser rose\",\"isPartOf\":{\"@id\":\"https:\/\/www.erresse-shop.it\/fr\/#website\"},\"datePublished\":\"2018-10-12T16:29:52+00:00\",\"dateModified\":\"2025-07-01T10:13:04+00:00\",\"description\":\"D\u00e9couvrez ZAFFERANO Poldina PRO Lampe \u00e0 poser rose sur ErresseShop. Qualit\u00e9, prix r\u00e9duits et achat s\u00e9curis\u00e9 \u2013 commandez d\u00e8s maintenant en ligne !\",\"breadcrumb\":{\"@id\":\"https:\/\/www.erresse-shop.it\/fr\/shop\/ameublement-maison\/lampes\/zafferano-poldina-pro-lampe-de-table-rose\/#breadcrumb\"},\"inLanguage\":\"fr-FR\",\"potentialAction\":[{\"@type\":\"ReadAction\",\"target\":[\"https:\/\/www.erresse-shop.it\/fr\/shop\/ameublement-maison\/lampes\/zafferano-poldina-pro-lampe-de-table-rose\/\"]}]},{\"@type\":\"BreadcrumbList\",\"@id\":\"https:\/\/www.erresse-shop.it\/fr\/shop\/ameublement-maison\/lampes\/zafferano-poldina-pro-lampe-de-table-rose\/#breadcrumb\",\"itemListElement\":[{\"@type\":\"ListItem\",\"position\":1,\"name\":\"Home\",\"item\":\"https:\/\/www.erresse-shop.it\/fr\/\"},{\"@type\":\"ListItem\",\"position\":2,\"name\":\"Shop\",\"item\":\"https:\/\/www.erresse-shop.it\/fr\/shop\/\"},{\"@type\":\"ListItem\",\"position\":3,\"name\":\"ZAFFERANO Poldina PRO Lampe \u00e0 poser rose\"}]},{\"@type\":\"WebSite\",\"@id\":\"https:\/\/www.erresse-shop.it\/fr\/#website\",\"url\":\"https:\/\/www.erresse-shop.it\/fr\/\",\"name\":\"Erresse Shop\",\"description\":\"Articoli di qualit\u00e0 per la casa\",\"potentialAction\":[{\"@type\":\"SearchAction\",\"target\":{\"@type\":\"EntryPoint\",\"urlTemplate\":\"https:\/\/www.erresse-shop.it\/fr\/?s={search_term_string}\"},\"query-input\":\"required name=search_term_string\"}],\"inLanguage\":\"fr-FR\"}]}<\/script>\n<!-- \/ Yoast SEO Premium plugin. -->","yoast_head_json":{"title":"ZAFFERANO Poldina PRO Lampe \u00e0 poser rose","description":"D\u00e9couvrez ZAFFERANO Poldina PRO Lampe \u00e0 poser rose sur ErresseShop. Qualit\u00e9, prix r\u00e9duits et achat s\u00e9curis\u00e9 \u2013 commandez d\u00e8s maintenant en ligne !","robots":{"index":"index","follow":"follow","max-snippet":"max-snippet:-1","max-image-preview":"max-image-preview:large","max-video-preview":"max-video-preview:-1"},"canonical":"https:\/\/www.erresse-shop.it\/fr\/shop\/ameublement-maison\/lampes\/zafferano-poldina-pro-lampe-de-table-rose\/","og_locale":"fr_FR","og_type":"article","og_title":"ZAFFERANO Poldina PRO Lampe \u00e0 poser rose","og_description":"D\u00e9couvrez ZAFFERANO Poldina PRO Lampe \u00e0 poser rose sur ErresseShop. Qualit\u00e9, prix r\u00e9duits et achat s\u00e9curis\u00e9 \u2013 commandez d\u00e8s maintenant en ligne !","og_url":"https:\/\/www.erresse-shop.it\/fr\/shop\/ameublement-maison\/lampes\/zafferano-poldina-pro-lampe-de-table-rose\/","og_site_name":"Erresse Shop","article_modified_time":"2025-07-01T10:13:04+00:00","og_image":[{"width":1355,"height":1500,"url":"https:\/\/www.erresse-shop.it\/wp-content\/uploads\/2018\/10\/Poldina-Pro-rosa.jpg","type":"image\/jpeg"}],"twitter_card":"summary_large_image","schema":{"@context":"https:\/\/schema.org","@graph":[{"@type":"WebPage","@id":"https:\/\/www.erresse-shop.it\/fr\/shop\/ameublement-maison\/lampes\/zafferano-poldina-pro-lampe-de-table-rose\/","url":"https:\/\/www.erresse-shop.it\/fr\/shop\/ameublement-maison\/lampes\/zafferano-poldina-pro-lampe-de-table-rose\/","name":"ZAFFERANO Poldina PRO Lampe \u00e0 poser rose","isPartOf":{"@id":"https:\/\/www.erresse-shop.it\/fr\/#website"},"datePublished":"2018-10-12T16:29:52+00:00","dateModified":"2025-07-01T10:13:04+00:00","description":"D\u00e9couvrez ZAFFERANO Poldina PRO Lampe \u00e0 poser rose sur ErresseShop. Qualit\u00e9, prix r\u00e9duits et achat s\u00e9curis\u00e9 \u2013 commandez d\u00e8s maintenant en ligne !","breadcrumb":{"@id":"https:\/\/www.erresse-shop.it\/fr\/shop\/ameublement-maison\/lampes\/zafferano-poldina-pro-lampe-de-table-rose\/#breadcrumb"},"inLanguage":"fr-FR","potentialAction":[{"@type":"ReadAction","target":["https:\/\/www.erresse-shop.it\/fr\/shop\/ameublement-maison\/lampes\/zafferano-poldina-pro-lampe-de-table-rose\/"]}]},{"@type":"BreadcrumbList","@id":"https:\/\/www.erresse-shop.it\/fr\/shop\/ameublement-maison\/lampes\/zafferano-poldina-pro-lampe-de-table-rose\/#breadcrumb","itemListElement":[{"@type":"ListItem","position":1,"name":"Home","item":"https:\/\/www.erresse-shop.it\/fr\/"},{"@type":"ListItem","position":2,"name":"Shop","item":"https:\/\/www.erresse-shop.it\/fr\/shop\/"},{"@type":"ListItem","position":3,"name":"ZAFFERANO Poldina PRO Lampe \u00e0 poser rose"}]},{"@type":"WebSite","@id":"https:\/\/www.erresse-shop.it\/fr\/#website","url":"https:\/\/www.erresse-shop.it\/fr\/","name":"Erresse Shop","description":"Articoli di qualit\u00e0 per la casa","potentialAction":[{"@type":"SearchAction","target":{"@type":"EntryPoint","urlTemplate":"https:\/\/www.erresse-shop.it\/fr\/?s={search_term_string}"},"query-input":"required name=search_term_string"}],"inLanguage":"fr-FR"}]}},"df_price":119,"df_sale_price":119,"df_regular_price":140,"df_image_link":"https:\/\/www.erresse-shop.it\/wp-content\/uploads\/2018\/10\/Poldina-Pro-rosa-271x300.jpg","_links":{"self":[{"href":"https:\/\/www.erresse-shop.it\/fr\/wp-json\/wp\/v2\/product\/62358"}],"collection":[{"href":"https:\/\/www.erresse-shop.it\/fr\/wp-json\/wp\/v2\/product"}],"about":[{"href":"https:\/\/www.erresse-shop.it\/fr\/wp-json\/wp\/v2\/types\/product"}],"wp:featuredmedia":[{"embeddable":true,"href":"https:\/\/www.erresse-shop.it\/fr\/wp-json\/wp\/v2\/media\/62356"}],"wp:attachment":[{"href":"https:\/\/www.erresse-shop.it\/fr\/wp-json\/wp\/v2\/media?parent=62358"}],"wp:term":[{"taxonomy":"product_cat","embeddable":true,"href":"https:\/\/www.erresse-shop.it\/fr\/wp-json\/wp\/v2\/product_cat?post=62358"},{"taxonomy":"product_tag","embeddable":true,"href":"https:\/\/www.erresse-shop.it\/fr\/wp-json\/wp\/v2\/product_tag?post=62358"}],"curies":[{"name":"wp","href":"https:\/\/api.w.org\/{rel}","templated":true}]}}