{"id":62153,"date":"2020-05-27T08:05:20","date_gmt":"2020-05-27T08:05:22","guid":{"rendered":"https:\/\/www.erresse-shop.it\/?post_type=product&#038;p=62153"},"modified":"2025-01-13T14:26:31","modified_gmt":"2025-01-13T14:26:31","slug":"seletti-kintsugi-saladier-2","status":"publish","type":"product","link":"https:\/\/www.erresse-shop.it\/fr\/shop\/table-fr-2\/saladiers-et-soupieres\/seletti-kintsugi-saladier-2\/","title":{"rendered":"SELETTI KINTSUGI Saladier n\u00b02"},"content":{"rendered":"<p>La ligne <strong>Kintsugi<\/strong>, con\u00e7ue par Marcantonio Raimondi Malerba pour Seletti, s&#8217;inspire de la technique Kintsugi, d&#8217;origine japonaise, qui consiste \u00e0 utiliser des m\u00e9taux pr\u00e9cieux tels que l&#8217;or 24 carats pour r\u00e9parer des r\u00e9cipients en porcelaine. La technique Kintsugi de r\u00e9paration de la porcelaine, provient de la philosophie de vouloir transformer et redonner vie \u00e0 un objet cass\u00e9 ou fissur\u00e9 et donc inutilisable, le rendant encore plus pr\u00e9cieux qu&#8217;avant la r\u00e9paration. Une transformation qui, en plus de la valeur de l&#8217;objet lui-m\u00eame, lui donne un nouvel aspect et lui permet d&#8217;\u00eatre \u00e0 nouveau utilis\u00e9. Seletti avec la ligne de porcelaine Kintsugi consacre une collection enti\u00e8re pour d\u00e9corer la table, Marcantonio Raimondi Malerba propose 6 assiettes, 3 bols, 3 tasses et 3 tasses \u00e0 th\u00e9 avec soucoupe, tous \u00e9l\u00e9ments enrichis d&#8217;or 24 carats.<\/p>\n<p>Dimensions : cm 15,5 x 7,5 h .23<\/p>\n","protected":false},"excerpt":{"rendered":"<p>La ligne Kintsugi, con\u00e7ue par Marcantonio Raimondi Malerba pour Seletti, s&#8217;inspire de la technique Kintsugi, d&#8217;origine japonaise, qui consiste \u00e0<\/p>\n","protected":false},"featured_media":62156,"template":"","meta":{"_acf_changed":false,"inline_featured_image":false},"product_cat":[12787,12782],"product_tag":[23660,25021,24415,13039,13041,13042,13040,13015,21821],"acf":[],"yoast_head":"<!-- This site is optimized with the Yoast SEO Premium plugin v18.6 (Yoast SEO v19.13) - https:\/\/yoast.com\/wordpress\/plugins\/seo\/ -->\n<title>SELETTI KINTSUGI Saladier n\u00b02<\/title>\n<meta name=\"description\" content=\"D\u00e9couvrez SELETTI KINTSUGI Saladier n\u00b02 sur ErresseShop. Qualit\u00e9, prix r\u00e9duits et achat s\u00e9curis\u00e9 \u2013 commandez d\u00e8s maintenant en ligne !\" \/>\n<meta name=\"robots\" content=\"index, follow, max-snippet:-1, max-image-preview:large, max-video-preview:-1\" \/>\n<link rel=\"canonical\" href=\"https:\/\/www.erresse-shop.it\/fr\/shop\/table-fr-2\/saladiers-et-soupieres\/seletti-kintsugi-saladier-2\/\" \/>\n<meta property=\"og:locale\" content=\"fr_FR\" \/>\n<meta property=\"og:type\" content=\"article\" \/>\n<meta property=\"og:title\" content=\"SELETTI KINTSUGI Saladier n\u00b02\" \/>\n<meta property=\"og:description\" content=\"D\u00e9couvrez SELETTI KINTSUGI Saladier n\u00b02 sur ErresseShop. Qualit\u00e9, prix r\u00e9duits et achat s\u00e9curis\u00e9 \u2013 commandez d\u00e8s maintenant en ligne !\" \/>\n<meta property=\"og:url\" content=\"https:\/\/www.erresse-shop.it\/fr\/shop\/table-fr-2\/saladiers-et-soupieres\/seletti-kintsugi-saladier-2\/\" \/>\n<meta property=\"og:site_name\" content=\"Erresse Shop\" \/>\n<meta property=\"article:modified_time\" content=\"2025-01-13T14:26:31+00:00\" \/>\n<meta property=\"og:image\" content=\"https:\/\/www.erresse-shop.it\/wp-content\/uploads\/2020\/05\/09637.jpg\" \/>\n\t<meta property=\"og:image:width\" content=\"2000\" \/>\n\t<meta property=\"og:image:height\" content=\"2000\" \/>\n\t<meta property=\"og:image:type\" content=\"image\/jpeg\" \/>\n<meta name=\"twitter:card\" content=\"summary_large_image\" \/>\n<script type=\"application\/ld+json\" class=\"yoast-schema-graph\">{\"@context\":\"https:\/\/schema.org\",\"@graph\":[{\"@type\":\"WebPage\",\"@id\":\"https:\/\/www.erresse-shop.it\/fr\/shop\/table-fr-2\/saladiers-et-soupieres\/seletti-kintsugi-saladier-2\/\",\"url\":\"https:\/\/www.erresse-shop.it\/fr\/shop\/table-fr-2\/saladiers-et-soupieres\/seletti-kintsugi-saladier-2\/\",\"name\":\"SELETTI KINTSUGI Saladier n\u00b02\",\"isPartOf\":{\"@id\":\"https:\/\/www.erresse-shop.it\/fr\/#website\"},\"datePublished\":\"2020-05-27T08:05:22+00:00\",\"dateModified\":\"2025-01-13T14:26:31+00:00\",\"description\":\"D\u00e9couvrez SELETTI KINTSUGI Saladier n\u00b02 sur ErresseShop. Qualit\u00e9, prix r\u00e9duits et achat s\u00e9curis\u00e9 \u2013 commandez d\u00e8s maintenant en ligne !\",\"breadcrumb\":{\"@id\":\"https:\/\/www.erresse-shop.it\/fr\/shop\/table-fr-2\/saladiers-et-soupieres\/seletti-kintsugi-saladier-2\/#breadcrumb\"},\"inLanguage\":\"fr-FR\",\"potentialAction\":[{\"@type\":\"ReadAction\",\"target\":[\"https:\/\/www.erresse-shop.it\/fr\/shop\/table-fr-2\/saladiers-et-soupieres\/seletti-kintsugi-saladier-2\/\"]}]},{\"@type\":\"BreadcrumbList\",\"@id\":\"https:\/\/www.erresse-shop.it\/fr\/shop\/table-fr-2\/saladiers-et-soupieres\/seletti-kintsugi-saladier-2\/#breadcrumb\",\"itemListElement\":[{\"@type\":\"ListItem\",\"position\":1,\"name\":\"Home\",\"item\":\"https:\/\/www.erresse-shop.it\/fr\/\"},{\"@type\":\"ListItem\",\"position\":2,\"name\":\"Shop\",\"item\":\"https:\/\/www.erresse-shop.it\/fr\/shop\/\"},{\"@type\":\"ListItem\",\"position\":3,\"name\":\"SELETTI KINTSUGI Saladier n\u00b02\"}]},{\"@type\":\"WebSite\",\"@id\":\"https:\/\/www.erresse-shop.it\/fr\/#website\",\"url\":\"https:\/\/www.erresse-shop.it\/fr\/\",\"name\":\"Erresse Shop\",\"description\":\"Articoli di qualit\u00e0 per la casa\",\"potentialAction\":[{\"@type\":\"SearchAction\",\"target\":{\"@type\":\"EntryPoint\",\"urlTemplate\":\"https:\/\/www.erresse-shop.it\/fr\/?s={search_term_string}\"},\"query-input\":\"required name=search_term_string\"}],\"inLanguage\":\"fr-FR\"}]}<\/script>\n<!-- \/ Yoast SEO Premium plugin. -->","yoast_head_json":{"title":"SELETTI KINTSUGI Saladier n\u00b02","description":"D\u00e9couvrez SELETTI KINTSUGI Saladier n\u00b02 sur ErresseShop. Qualit\u00e9, prix r\u00e9duits et achat s\u00e9curis\u00e9 \u2013 commandez d\u00e8s maintenant en ligne !","robots":{"index":"index","follow":"follow","max-snippet":"max-snippet:-1","max-image-preview":"max-image-preview:large","max-video-preview":"max-video-preview:-1"},"canonical":"https:\/\/www.erresse-shop.it\/fr\/shop\/table-fr-2\/saladiers-et-soupieres\/seletti-kintsugi-saladier-2\/","og_locale":"fr_FR","og_type":"article","og_title":"SELETTI KINTSUGI Saladier n\u00b02","og_description":"D\u00e9couvrez SELETTI KINTSUGI Saladier n\u00b02 sur ErresseShop. Qualit\u00e9, prix r\u00e9duits et achat s\u00e9curis\u00e9 \u2013 commandez d\u00e8s maintenant en ligne !","og_url":"https:\/\/www.erresse-shop.it\/fr\/shop\/table-fr-2\/saladiers-et-soupieres\/seletti-kintsugi-saladier-2\/","og_site_name":"Erresse Shop","article_modified_time":"2025-01-13T14:26:31+00:00","og_image":[{"width":2000,"height":2000,"url":"https:\/\/www.erresse-shop.it\/wp-content\/uploads\/2020\/05\/09637.jpg","type":"image\/jpeg"}],"twitter_card":"summary_large_image","schema":{"@context":"https:\/\/schema.org","@graph":[{"@type":"WebPage","@id":"https:\/\/www.erresse-shop.it\/fr\/shop\/table-fr-2\/saladiers-et-soupieres\/seletti-kintsugi-saladier-2\/","url":"https:\/\/www.erresse-shop.it\/fr\/shop\/table-fr-2\/saladiers-et-soupieres\/seletti-kintsugi-saladier-2\/","name":"SELETTI KINTSUGI Saladier n\u00b02","isPartOf":{"@id":"https:\/\/www.erresse-shop.it\/fr\/#website"},"datePublished":"2020-05-27T08:05:22+00:00","dateModified":"2025-01-13T14:26:31+00:00","description":"D\u00e9couvrez SELETTI KINTSUGI Saladier n\u00b02 sur ErresseShop. Qualit\u00e9, prix r\u00e9duits et achat s\u00e9curis\u00e9 \u2013 commandez d\u00e8s maintenant en ligne !","breadcrumb":{"@id":"https:\/\/www.erresse-shop.it\/fr\/shop\/table-fr-2\/saladiers-et-soupieres\/seletti-kintsugi-saladier-2\/#breadcrumb"},"inLanguage":"fr-FR","potentialAction":[{"@type":"ReadAction","target":["https:\/\/www.erresse-shop.it\/fr\/shop\/table-fr-2\/saladiers-et-soupieres\/seletti-kintsugi-saladier-2\/"]}]},{"@type":"BreadcrumbList","@id":"https:\/\/www.erresse-shop.it\/fr\/shop\/table-fr-2\/saladiers-et-soupieres\/seletti-kintsugi-saladier-2\/#breadcrumb","itemListElement":[{"@type":"ListItem","position":1,"name":"Home","item":"https:\/\/www.erresse-shop.it\/fr\/"},{"@type":"ListItem","position":2,"name":"Shop","item":"https:\/\/www.erresse-shop.it\/fr\/shop\/"},{"@type":"ListItem","position":3,"name":"SELETTI KINTSUGI Saladier n\u00b02"}]},{"@type":"WebSite","@id":"https:\/\/www.erresse-shop.it\/fr\/#website","url":"https:\/\/www.erresse-shop.it\/fr\/","name":"Erresse Shop","description":"Articoli di qualit\u00e0 per la casa","potentialAction":[{"@type":"SearchAction","target":{"@type":"EntryPoint","urlTemplate":"https:\/\/www.erresse-shop.it\/fr\/?s={search_term_string}"},"query-input":"required name=search_term_string"}],"inLanguage":"fr-FR"}]}},"df_price":42.75,"df_sale_price":42.75,"df_regular_price":95,"df_image_link":"https:\/\/www.erresse-shop.it\/wp-content\/uploads\/2020\/05\/09637-300x300.jpg","_links":{"self":[{"href":"https:\/\/www.erresse-shop.it\/fr\/wp-json\/wp\/v2\/product\/62153"}],"collection":[{"href":"https:\/\/www.erresse-shop.it\/fr\/wp-json\/wp\/v2\/product"}],"about":[{"href":"https:\/\/www.erresse-shop.it\/fr\/wp-json\/wp\/v2\/types\/product"}],"wp:featuredmedia":[{"embeddable":true,"href":"https:\/\/www.erresse-shop.it\/fr\/wp-json\/wp\/v2\/media\/62156"}],"wp:attachment":[{"href":"https:\/\/www.erresse-shop.it\/fr\/wp-json\/wp\/v2\/media?parent=62153"}],"wp:term":[{"taxonomy":"product_cat","embeddable":true,"href":"https:\/\/www.erresse-shop.it\/fr\/wp-json\/wp\/v2\/product_cat?post=62153"},{"taxonomy":"product_tag","embeddable":true,"href":"https:\/\/www.erresse-shop.it\/fr\/wp-json\/wp\/v2\/product_tag?post=62153"}],"curies":[{"name":"wp","href":"https:\/\/api.w.org\/{rel}","templated":true}]}}