{"id":62061,"date":"2020-05-26T08:17:22","date_gmt":"2020-05-26T08:17:24","guid":{"rendered":"https:\/\/www.erresse-shop.it\/?post_type=product&#038;p=62061"},"modified":"2025-01-13T14:26:16","modified_gmt":"2025-01-13T14:26:16","slug":"magimix-disque-ondule","status":"publish","type":"product","link":"https:\/\/www.erresse-shop.it\/fr\/shop\/petits-electromenagers\/robots-de-cuisine\/magimix-disque-ondule\/","title":{"rendered":"Accessoire pour disque ondul\u00e9 MAGIMIX"},"content":{"rendered":"<p><strong>MAGIMIX.<\/strong> <u>GARANTIE ITALIENNE<\/u>.<\/p>\n<p>C&#8217;est en France, au centre de la Bourgogne, r\u00e9gion r\u00e9put\u00e9e pour sa gastronomie, que Magimix a invent\u00e9 le robot m\u00e9nager il y a plus de quarante ans.<br \/>\nAujourd&#8217;hui, les appareils Magimix sont la version domestique des appareils destin\u00e9s aux professionnels. Les plus grands restaurants du monde utilisent la version professionnelle de nos produits.<br \/>\nAu sein de la gamme Magimix, vous trouverez toute la gamme des petits appareils de cuisine.<br \/>\nToujours \u00e0 la pointe de l&#8217;innovation dans la cuisine, Magimix a le plaisir de vous pr\u00e9senter sa derni\u00e8re collection pour le plaisir de cuisiner comme un grand.<\/p>\n","protected":false},"excerpt":{"rendered":"<p>MAGIMIX. GARANTIE ITALIENNE. C&#8217;est en France, au centre de la Bourgogne, r\u00e9gion r\u00e9put\u00e9e pour sa gastronomie, que Magimix a invent\u00e9<\/p>\n","protected":false},"featured_media":62047,"template":"","meta":{"_acf_changed":false,"inline_featured_image":false},"product_cat":[12449,12768],"product_tag":[14064,12948,12994,15610],"acf":[],"yoast_head":"<!-- This site is optimized with the Yoast SEO Premium plugin v18.6 (Yoast SEO v19.13) - https:\/\/yoast.com\/wordpress\/plugins\/seo\/ -->\n<title>Accessoire pour disque ondul\u00e9 MAGIMIX<\/title>\n<meta name=\"description\" content=\"D\u00e9couvrez Accessoire pour disque ondul\u00e9 MAGIMIX sur ErresseShop. Qualit\u00e9, prix r\u00e9duits et achat s\u00e9curis\u00e9 \u2013 commandez d\u00e8s maintenant en ligne !\" \/>\n<meta name=\"robots\" content=\"index, follow, max-snippet:-1, max-image-preview:large, max-video-preview:-1\" \/>\n<link rel=\"canonical\" href=\"https:\/\/www.erresse-shop.it\/fr\/shop\/petits-electromenagers\/robots-de-cuisine\/magimix-disque-ondule\/\" \/>\n<meta property=\"og:locale\" content=\"fr_FR\" \/>\n<meta property=\"og:type\" content=\"article\" \/>\n<meta property=\"og:title\" content=\"Accessoire pour disque ondul\u00e9 MAGIMIX\" \/>\n<meta property=\"og:description\" content=\"D\u00e9couvrez Accessoire pour disque ondul\u00e9 MAGIMIX sur ErresseShop. Qualit\u00e9, prix r\u00e9duits et achat s\u00e9curis\u00e9 \u2013 commandez d\u00e8s maintenant en ligne !\" \/>\n<meta property=\"og:url\" content=\"https:\/\/www.erresse-shop.it\/fr\/shop\/petits-electromenagers\/robots-de-cuisine\/magimix-disque-ondule\/\" \/>\n<meta property=\"og:site_name\" content=\"Erresse Shop\" \/>\n<meta property=\"article:modified_time\" content=\"2025-01-13T14:26:16+00:00\" \/>\n<meta property=\"og:image\" content=\"https:\/\/www.erresse-shop.it\/wp-content\/uploads\/2020\/05\/17018.jpg\" \/>\n\t<meta property=\"og:image:width\" content=\"900\" \/>\n\t<meta property=\"og:image:height\" content=\"574\" \/>\n\t<meta property=\"og:image:type\" content=\"image\/jpeg\" \/>\n<meta name=\"twitter:card\" content=\"summary_large_image\" \/>\n<script type=\"application\/ld+json\" class=\"yoast-schema-graph\">{\"@context\":\"https:\/\/schema.org\",\"@graph\":[{\"@type\":\"WebPage\",\"@id\":\"https:\/\/www.erresse-shop.it\/fr\/shop\/petits-electromenagers\/robots-de-cuisine\/magimix-disque-ondule\/\",\"url\":\"https:\/\/www.erresse-shop.it\/fr\/shop\/petits-electromenagers\/robots-de-cuisine\/magimix-disque-ondule\/\",\"name\":\"Accessoire pour disque ondul\u00e9 MAGIMIX\",\"isPartOf\":{\"@id\":\"https:\/\/www.erresse-shop.it\/fr\/#website\"},\"datePublished\":\"2020-05-26T08:17:24+00:00\",\"dateModified\":\"2025-01-13T14:26:16+00:00\",\"description\":\"D\u00e9couvrez Accessoire pour disque ondul\u00e9 MAGIMIX sur ErresseShop. Qualit\u00e9, prix r\u00e9duits et achat s\u00e9curis\u00e9 \u2013 commandez d\u00e8s maintenant en ligne !\",\"breadcrumb\":{\"@id\":\"https:\/\/www.erresse-shop.it\/fr\/shop\/petits-electromenagers\/robots-de-cuisine\/magimix-disque-ondule\/#breadcrumb\"},\"inLanguage\":\"fr-FR\",\"potentialAction\":[{\"@type\":\"ReadAction\",\"target\":[\"https:\/\/www.erresse-shop.it\/fr\/shop\/petits-electromenagers\/robots-de-cuisine\/magimix-disque-ondule\/\"]}]},{\"@type\":\"BreadcrumbList\",\"@id\":\"https:\/\/www.erresse-shop.it\/fr\/shop\/petits-electromenagers\/robots-de-cuisine\/magimix-disque-ondule\/#breadcrumb\",\"itemListElement\":[{\"@type\":\"ListItem\",\"position\":1,\"name\":\"Home\",\"item\":\"https:\/\/www.erresse-shop.it\/fr\/\"},{\"@type\":\"ListItem\",\"position\":2,\"name\":\"Shop\",\"item\":\"https:\/\/www.erresse-shop.it\/fr\/shop\/\"},{\"@type\":\"ListItem\",\"position\":3,\"name\":\"Accessoire pour disque ondul\u00e9 MAGIMIX\"}]},{\"@type\":\"WebSite\",\"@id\":\"https:\/\/www.erresse-shop.it\/fr\/#website\",\"url\":\"https:\/\/www.erresse-shop.it\/fr\/\",\"name\":\"Erresse Shop\",\"description\":\"Articoli di qualit\u00e0 per la casa\",\"potentialAction\":[{\"@type\":\"SearchAction\",\"target\":{\"@type\":\"EntryPoint\",\"urlTemplate\":\"https:\/\/www.erresse-shop.it\/fr\/?s={search_term_string}\"},\"query-input\":\"required name=search_term_string\"}],\"inLanguage\":\"fr-FR\"}]}<\/script>\n<!-- \/ Yoast SEO Premium plugin. -->","yoast_head_json":{"title":"Accessoire pour disque ondul\u00e9 MAGIMIX","description":"D\u00e9couvrez Accessoire pour disque ondul\u00e9 MAGIMIX sur ErresseShop. Qualit\u00e9, prix r\u00e9duits et achat s\u00e9curis\u00e9 \u2013 commandez d\u00e8s maintenant en ligne !","robots":{"index":"index","follow":"follow","max-snippet":"max-snippet:-1","max-image-preview":"max-image-preview:large","max-video-preview":"max-video-preview:-1"},"canonical":"https:\/\/www.erresse-shop.it\/fr\/shop\/petits-electromenagers\/robots-de-cuisine\/magimix-disque-ondule\/","og_locale":"fr_FR","og_type":"article","og_title":"Accessoire pour disque ondul\u00e9 MAGIMIX","og_description":"D\u00e9couvrez Accessoire pour disque ondul\u00e9 MAGIMIX sur ErresseShop. Qualit\u00e9, prix r\u00e9duits et achat s\u00e9curis\u00e9 \u2013 commandez d\u00e8s maintenant en ligne !","og_url":"https:\/\/www.erresse-shop.it\/fr\/shop\/petits-electromenagers\/robots-de-cuisine\/magimix-disque-ondule\/","og_site_name":"Erresse Shop","article_modified_time":"2025-01-13T14:26:16+00:00","og_image":[{"width":900,"height":574,"url":"https:\/\/www.erresse-shop.it\/wp-content\/uploads\/2020\/05\/17018.jpg","type":"image\/jpeg"}],"twitter_card":"summary_large_image","schema":{"@context":"https:\/\/schema.org","@graph":[{"@type":"WebPage","@id":"https:\/\/www.erresse-shop.it\/fr\/shop\/petits-electromenagers\/robots-de-cuisine\/magimix-disque-ondule\/","url":"https:\/\/www.erresse-shop.it\/fr\/shop\/petits-electromenagers\/robots-de-cuisine\/magimix-disque-ondule\/","name":"Accessoire pour disque ondul\u00e9 MAGIMIX","isPartOf":{"@id":"https:\/\/www.erresse-shop.it\/fr\/#website"},"datePublished":"2020-05-26T08:17:24+00:00","dateModified":"2025-01-13T14:26:16+00:00","description":"D\u00e9couvrez Accessoire pour disque ondul\u00e9 MAGIMIX sur ErresseShop. Qualit\u00e9, prix r\u00e9duits et achat s\u00e9curis\u00e9 \u2013 commandez d\u00e8s maintenant en ligne !","breadcrumb":{"@id":"https:\/\/www.erresse-shop.it\/fr\/shop\/petits-electromenagers\/robots-de-cuisine\/magimix-disque-ondule\/#breadcrumb"},"inLanguage":"fr-FR","potentialAction":[{"@type":"ReadAction","target":["https:\/\/www.erresse-shop.it\/fr\/shop\/petits-electromenagers\/robots-de-cuisine\/magimix-disque-ondule\/"]}]},{"@type":"BreadcrumbList","@id":"https:\/\/www.erresse-shop.it\/fr\/shop\/petits-electromenagers\/robots-de-cuisine\/magimix-disque-ondule\/#breadcrumb","itemListElement":[{"@type":"ListItem","position":1,"name":"Home","item":"https:\/\/www.erresse-shop.it\/fr\/"},{"@type":"ListItem","position":2,"name":"Shop","item":"https:\/\/www.erresse-shop.it\/fr\/shop\/"},{"@type":"ListItem","position":3,"name":"Accessoire pour disque ondul\u00e9 MAGIMIX"}]},{"@type":"WebSite","@id":"https:\/\/www.erresse-shop.it\/fr\/#website","url":"https:\/\/www.erresse-shop.it\/fr\/","name":"Erresse Shop","description":"Articoli di qualit\u00e0 per la casa","potentialAction":[{"@type":"SearchAction","target":{"@type":"EntryPoint","urlTemplate":"https:\/\/www.erresse-shop.it\/fr\/?s={search_term_string}"},"query-input":"required name=search_term_string"}],"inLanguage":"fr-FR"}]}},"df_price":17,"df_sale_price":17,"df_regular_price":30,"df_image_link":"https:\/\/www.erresse-shop.it\/wp-content\/uploads\/2020\/05\/17018-300x191.jpg","_links":{"self":[{"href":"https:\/\/www.erresse-shop.it\/fr\/wp-json\/wp\/v2\/product\/62061"}],"collection":[{"href":"https:\/\/www.erresse-shop.it\/fr\/wp-json\/wp\/v2\/product"}],"about":[{"href":"https:\/\/www.erresse-shop.it\/fr\/wp-json\/wp\/v2\/types\/product"}],"wp:featuredmedia":[{"embeddable":true,"href":"https:\/\/www.erresse-shop.it\/fr\/wp-json\/wp\/v2\/media\/62047"}],"wp:attachment":[{"href":"https:\/\/www.erresse-shop.it\/fr\/wp-json\/wp\/v2\/media?parent=62061"}],"wp:term":[{"taxonomy":"product_cat","embeddable":true,"href":"https:\/\/www.erresse-shop.it\/fr\/wp-json\/wp\/v2\/product_cat?post=62061"},{"taxonomy":"product_tag","embeddable":true,"href":"https:\/\/www.erresse-shop.it\/fr\/wp-json\/wp\/v2\/product_tag?post=62061"}],"curies":[{"name":"wp","href":"https:\/\/api.w.org\/{rel}","templated":true}]}}