{"id":62033,"date":"2020-05-26T07:23:53","date_gmt":"2020-05-26T07:23:56","guid":{"rendered":"https:\/\/www.erresse-shop.it\/?post_type=product&#038;p=62033"},"modified":"2025-01-13T14:26:14","modified_gmt":"2025-01-13T14:26:14","slug":"staub-wok-avec-couvercle-en-verre-30-cm-basilic","status":"publish","type":"product","link":"https:\/\/www.erresse-shop.it\/fr\/shop\/poeles-pots\/wok\/staub-wok-avec-couvercle-en-verre-30-cm-basilic\/","title":{"rendered":"STAUB Wok avec Couvercle en Verre 30 cm Basilic"},"content":{"rendered":"<p>Le Wok en fonte \u00e9maill\u00e9e STAUB Basilic de 30 cm, savant m\u00e9lange entre cuisine asiatique et fran\u00e7aise, est id\u00e9al pour frire, saisir, faire sauter et cuire \u00e0 la vapeur. Dot\u00e9 d\u2019un fond plat, le wok STAUB est compatible tous feux, et s\u2019utilise aussi sur induction. Avec ses poign\u00e9es en fonte solide, il assure une bonne prise en main et passe facilement de la cuisine \u00e0 la table. La couleur Basilic de l&#8217;\u00e9mail est obtenue avec la finition sp\u00e9ciale &#8220;Majolique&#8221;, une technique particuli\u00e8re appliqu\u00e9e \u00e0 l\u2019\u00e9mail permet d\u2019obtenir une brillance unique et une teinte d\u2019une profonde intensit\u00e9. L\u2019int\u00e9rieur du wok est \u00e9maill\u00e9 noir mat, la marque de fabrique STAUB. Cet \u00e9mail de qualit\u00e9 sup\u00e9rieure permet d\u2019obtenir une meilleure r\u00e9sistance aux rayures et facilite l\u2019entretien. D\u2019une contenance de 4,4l, le wok est \u00e9quip\u00e9 d\u2019une grille et d\u2019un couvercle en verre. Compos\u00e9e de fonte, un alliage de fer riche en carbone, un des mat\u00e9riaux qui retiennent le mieux la chaleur. Une fois, le wok suffisamment chaud, ses propri\u00e9t\u00e9s de r\u00e9tention de la chaleur permettent de cuire les aliments, tout en conservant leurs valeurs nutritionnelles et leurs saveurs.<\/p>\n<p>&#8211; Multi-usages, pour frire, cuire, laisser mijoter ou cuire \u00e0 la vapeur<br \/>\n&#8211; Compact et l\u00e9ger &#8211; pour un usage quotidien<br \/>\n&#8211; L&#8217;\u00e9maillage int\u00e9rieur noir mat tr\u00e8s r\u00e9sistant \u00e0 l&#8217;usure, convient particuli\u00e8rement pour saisir, r\u00f4tir et caram\u00e9liser les aliments<br \/>\n&#8211; Adapt\u00e9 pour toutes les sources de chaleur y compris induction, peut \u00eatre utilis\u00e9 aussi au four<\/p>\n<p><strong>Donn\u00e9es Techniques<\/strong><br \/>\n&#8211; Mat\u00e9riau: Fonte<br \/>\n&#8211; Type de manche: Poign\u00e9e lat\u00e9rale<br \/>\n&#8211; Couvercle existant: Oui<br \/>\n&#8211; Induction: Oui<br \/>\n&#8211; Compatible four: Oui<br \/>\n&#8211; Compatible micro-ondes: Oui<br \/>\n&#8211; Adapt\u00e9 au cong\u00e9lateur: Oui<br \/>\n&#8211; Compatible tous feux: Oui<br \/>\n&#8211; Compatible lave-vaisselle: Oui<\/p>\n<p><strong>Dimensions<\/strong><br \/>\n&#8211; Poids net: 4,27 kg<br \/>\n&#8211; Capacit\u00e9: 4,19 l<br \/>\n&#8211; Longueur totale du produit: 38,50 cm<br \/>\n&#8211; Longueur ou largeur du produit: 30,00 cm<br \/>\n&#8211; Hauteur du produit: 12,00 cm<br \/>\n&#8211; Hauteur sans couvercle: 8,50 cm<br \/>\n&#8211; Diam\u00e8tre ou longueur: 30,00 cm<br \/>\n&#8211; Diam\u00e8tre ou largeur: 15,50 cm<\/p>\n","protected":false},"excerpt":{"rendered":"<p>Le Wok en fonte \u00e9maill\u00e9e STAUB Basilic de 30 cm, savant m\u00e9lange entre cuisine asiatique et fran\u00e7aise, est id\u00e9al pour<\/p>\n","protected":false},"featured_media":62040,"template":"","meta":{"_acf_changed":false,"inline_featured_image":false},"product_cat":[12458,12472],"product_tag":[25086,25021,12994,12460,12461,12468,12474],"acf":[],"yoast_head":"<!-- This site is optimized with the Yoast SEO Premium plugin v18.6 (Yoast SEO v19.13) - https:\/\/yoast.com\/wordpress\/plugins\/seo\/ -->\n<title>STAUB Wok avec Couvercle en Verre 30 cm Basilic<\/title>\n<meta name=\"description\" content=\"D\u00e9couvrez STAUB Wok avec Couvercle en Verre 30 cm Basilic sur ErresseShop. Qualit\u00e9, prix r\u00e9duits et achat s\u00e9curis\u00e9 \u2013 commandez d\u00e8s maintenant en ligne !\" \/>\n<meta name=\"robots\" content=\"index, follow, max-snippet:-1, max-image-preview:large, max-video-preview:-1\" \/>\n<link rel=\"canonical\" href=\"https:\/\/www.erresse-shop.it\/fr\/shop\/poeles-pots\/wok\/staub-wok-avec-couvercle-en-verre-30-cm-basilic\/\" \/>\n<meta property=\"og:locale\" content=\"fr_FR\" \/>\n<meta property=\"og:type\" content=\"article\" \/>\n<meta property=\"og:title\" content=\"STAUB Wok avec Couvercle en Verre 30 cm Basilic\" \/>\n<meta property=\"og:description\" content=\"D\u00e9couvrez STAUB Wok avec Couvercle en Verre 30 cm Basilic sur ErresseShop. Qualit\u00e9, prix r\u00e9duits et achat s\u00e9curis\u00e9 \u2013 commandez d\u00e8s maintenant en ligne !\" \/>\n<meta property=\"og:url\" content=\"https:\/\/www.erresse-shop.it\/fr\/shop\/poeles-pots\/wok\/staub-wok-avec-couvercle-en-verre-30-cm-basilic\/\" \/>\n<meta property=\"og:site_name\" content=\"Erresse Shop\" \/>\n<meta property=\"article:modified_time\" content=\"2025-01-13T14:26:14+00:00\" \/>\n<meta property=\"og:image\" content=\"https:\/\/www.erresse-shop.it\/wp-content\/uploads\/2020\/05\/staub-wok-30-cm-con-coperchio-in-vetro-e-griglia-verde-basilico.jpg\" \/>\n\t<meta property=\"og:image:width\" content=\"800\" \/>\n\t<meta property=\"og:image:height\" content=\"800\" \/>\n\t<meta property=\"og:image:type\" content=\"image\/jpeg\" \/>\n<meta name=\"twitter:card\" content=\"summary_large_image\" \/>\n<script type=\"application\/ld+json\" class=\"yoast-schema-graph\">{\"@context\":\"https:\/\/schema.org\",\"@graph\":[{\"@type\":\"WebPage\",\"@id\":\"https:\/\/www.erresse-shop.it\/fr\/shop\/poeles-pots\/wok\/staub-wok-avec-couvercle-en-verre-30-cm-basilic\/\",\"url\":\"https:\/\/www.erresse-shop.it\/fr\/shop\/poeles-pots\/wok\/staub-wok-avec-couvercle-en-verre-30-cm-basilic\/\",\"name\":\"STAUB Wok avec Couvercle en Verre 30 cm Basilic\",\"isPartOf\":{\"@id\":\"https:\/\/www.erresse-shop.it\/fr\/#website\"},\"datePublished\":\"2020-05-26T07:23:56+00:00\",\"dateModified\":\"2025-01-13T14:26:14+00:00\",\"description\":\"D\u00e9couvrez STAUB Wok avec Couvercle en Verre 30 cm Basilic sur ErresseShop. Qualit\u00e9, prix r\u00e9duits et achat s\u00e9curis\u00e9 \u2013 commandez d\u00e8s maintenant en ligne !\",\"breadcrumb\":{\"@id\":\"https:\/\/www.erresse-shop.it\/fr\/shop\/poeles-pots\/wok\/staub-wok-avec-couvercle-en-verre-30-cm-basilic\/#breadcrumb\"},\"inLanguage\":\"fr-FR\",\"potentialAction\":[{\"@type\":\"ReadAction\",\"target\":[\"https:\/\/www.erresse-shop.it\/fr\/shop\/poeles-pots\/wok\/staub-wok-avec-couvercle-en-verre-30-cm-basilic\/\"]}]},{\"@type\":\"BreadcrumbList\",\"@id\":\"https:\/\/www.erresse-shop.it\/fr\/shop\/poeles-pots\/wok\/staub-wok-avec-couvercle-en-verre-30-cm-basilic\/#breadcrumb\",\"itemListElement\":[{\"@type\":\"ListItem\",\"position\":1,\"name\":\"Home\",\"item\":\"https:\/\/www.erresse-shop.it\/fr\/\"},{\"@type\":\"ListItem\",\"position\":2,\"name\":\"Shop\",\"item\":\"https:\/\/www.erresse-shop.it\/fr\/shop\/\"},{\"@type\":\"ListItem\",\"position\":3,\"name\":\"STAUB Wok avec Couvercle en Verre 30 cm Basilic\"}]},{\"@type\":\"WebSite\",\"@id\":\"https:\/\/www.erresse-shop.it\/fr\/#website\",\"url\":\"https:\/\/www.erresse-shop.it\/fr\/\",\"name\":\"Erresse Shop\",\"description\":\"Articoli di qualit\u00e0 per la casa\",\"potentialAction\":[{\"@type\":\"SearchAction\",\"target\":{\"@type\":\"EntryPoint\",\"urlTemplate\":\"https:\/\/www.erresse-shop.it\/fr\/?s={search_term_string}\"},\"query-input\":\"required name=search_term_string\"}],\"inLanguage\":\"fr-FR\"}]}<\/script>\n<!-- \/ Yoast SEO Premium plugin. -->","yoast_head_json":{"title":"STAUB Wok avec Couvercle en Verre 30 cm Basilic","description":"D\u00e9couvrez STAUB Wok avec Couvercle en Verre 30 cm Basilic sur ErresseShop. Qualit\u00e9, prix r\u00e9duits et achat s\u00e9curis\u00e9 \u2013 commandez d\u00e8s maintenant en ligne !","robots":{"index":"index","follow":"follow","max-snippet":"max-snippet:-1","max-image-preview":"max-image-preview:large","max-video-preview":"max-video-preview:-1"},"canonical":"https:\/\/www.erresse-shop.it\/fr\/shop\/poeles-pots\/wok\/staub-wok-avec-couvercle-en-verre-30-cm-basilic\/","og_locale":"fr_FR","og_type":"article","og_title":"STAUB Wok avec Couvercle en Verre 30 cm Basilic","og_description":"D\u00e9couvrez STAUB Wok avec Couvercle en Verre 30 cm Basilic sur ErresseShop. Qualit\u00e9, prix r\u00e9duits et achat s\u00e9curis\u00e9 \u2013 commandez d\u00e8s maintenant en ligne !","og_url":"https:\/\/www.erresse-shop.it\/fr\/shop\/poeles-pots\/wok\/staub-wok-avec-couvercle-en-verre-30-cm-basilic\/","og_site_name":"Erresse Shop","article_modified_time":"2025-01-13T14:26:14+00:00","og_image":[{"width":800,"height":800,"url":"https:\/\/www.erresse-shop.it\/wp-content\/uploads\/2020\/05\/staub-wok-30-cm-con-coperchio-in-vetro-e-griglia-verde-basilico.jpg","type":"image\/jpeg"}],"twitter_card":"summary_large_image","schema":{"@context":"https:\/\/schema.org","@graph":[{"@type":"WebPage","@id":"https:\/\/www.erresse-shop.it\/fr\/shop\/poeles-pots\/wok\/staub-wok-avec-couvercle-en-verre-30-cm-basilic\/","url":"https:\/\/www.erresse-shop.it\/fr\/shop\/poeles-pots\/wok\/staub-wok-avec-couvercle-en-verre-30-cm-basilic\/","name":"STAUB Wok avec Couvercle en Verre 30 cm Basilic","isPartOf":{"@id":"https:\/\/www.erresse-shop.it\/fr\/#website"},"datePublished":"2020-05-26T07:23:56+00:00","dateModified":"2025-01-13T14:26:14+00:00","description":"D\u00e9couvrez STAUB Wok avec Couvercle en Verre 30 cm Basilic sur ErresseShop. Qualit\u00e9, prix r\u00e9duits et achat s\u00e9curis\u00e9 \u2013 commandez d\u00e8s maintenant en ligne !","breadcrumb":{"@id":"https:\/\/www.erresse-shop.it\/fr\/shop\/poeles-pots\/wok\/staub-wok-avec-couvercle-en-verre-30-cm-basilic\/#breadcrumb"},"inLanguage":"fr-FR","potentialAction":[{"@type":"ReadAction","target":["https:\/\/www.erresse-shop.it\/fr\/shop\/poeles-pots\/wok\/staub-wok-avec-couvercle-en-verre-30-cm-basilic\/"]}]},{"@type":"BreadcrumbList","@id":"https:\/\/www.erresse-shop.it\/fr\/shop\/poeles-pots\/wok\/staub-wok-avec-couvercle-en-verre-30-cm-basilic\/#breadcrumb","itemListElement":[{"@type":"ListItem","position":1,"name":"Home","item":"https:\/\/www.erresse-shop.it\/fr\/"},{"@type":"ListItem","position":2,"name":"Shop","item":"https:\/\/www.erresse-shop.it\/fr\/shop\/"},{"@type":"ListItem","position":3,"name":"STAUB Wok avec Couvercle en Verre 30 cm Basilic"}]},{"@type":"WebSite","@id":"https:\/\/www.erresse-shop.it\/fr\/#website","url":"https:\/\/www.erresse-shop.it\/fr\/","name":"Erresse Shop","description":"Articoli di qualit\u00e0 per la casa","potentialAction":[{"@type":"SearchAction","target":{"@type":"EntryPoint","urlTemplate":"https:\/\/www.erresse-shop.it\/fr\/?s={search_term_string}"},"query-input":"required name=search_term_string"}],"inLanguage":"fr-FR"}]}},"df_price":149,"df_sale_price":149,"df_regular_price":229,"df_image_link":"https:\/\/www.erresse-shop.it\/wp-content\/uploads\/2020\/05\/staub-wok-30-cm-con-coperchio-in-vetro-e-griglia-verde-basilico-300x300.jpg","_links":{"self":[{"href":"https:\/\/www.erresse-shop.it\/fr\/wp-json\/wp\/v2\/product\/62033"}],"collection":[{"href":"https:\/\/www.erresse-shop.it\/fr\/wp-json\/wp\/v2\/product"}],"about":[{"href":"https:\/\/www.erresse-shop.it\/fr\/wp-json\/wp\/v2\/types\/product"}],"wp:featuredmedia":[{"embeddable":true,"href":"https:\/\/www.erresse-shop.it\/fr\/wp-json\/wp\/v2\/media\/62040"}],"wp:attachment":[{"href":"https:\/\/www.erresse-shop.it\/fr\/wp-json\/wp\/v2\/media?parent=62033"}],"wp:term":[{"taxonomy":"product_cat","embeddable":true,"href":"https:\/\/www.erresse-shop.it\/fr\/wp-json\/wp\/v2\/product_cat?post=62033"},{"taxonomy":"product_tag","embeddable":true,"href":"https:\/\/www.erresse-shop.it\/fr\/wp-json\/wp\/v2\/product_tag?post=62033"}],"curies":[{"name":"wp","href":"https:\/\/api.w.org\/{rel}","templated":true}]}}