{"id":61955,"date":"2020-05-22T10:42:45","date_gmt":"2020-05-22T10:42:45","guid":{"rendered":"https:\/\/www.erresse-shop.it\/shop\/non%20class\u00e9\/smeg-robot-sur-socle-blanc-annees-50\/"},"modified":"2025-01-13T14:26:11","modified_gmt":"2025-01-13T14:26:11","slug":"smeg-robot-sur-socle-blanc-annees-50","status":"publish","type":"product","link":"https:\/\/www.erresse-shop.it\/fr\/shop\/petits-electromenagers\/petrins\/smeg-robot-sur-socle-blanc-annees-50\/","title":{"rendered":"SMEG Robot Sur Socle Blanc &#8211; Ann\u00e9es 50"},"content":{"rendered":"<p><b>SMEG<\/b>s\u00e9rie ann\u00e9es 50<\/p>\n<p>Objets de rencontre symboliques, ic\u00f4nes qui transforment l&#8217;espace qu&#8217;ils occupent, les nouveaux petits de la ligne Anni &#8217;50s, con\u00e7us en collaboration avec Matteo Bazzicalupo et Raffaella Mangiarotti de deepdesign, \u00e9voquent d&#8217;autres temps et fa\u00e7onnent les lieux du quotidien, en les investissant d&#8217;un nouveau sens. existe d\u00e9j\u00e0 ou a exist\u00e9, comme c&#8217;est le cas dans l&#8217;art et la m\u00e9moire.<br \/>\nLes produits aux formes arrondies et compactes sont les protagonistes de la cuisine, con\u00e7us pour ceux qui veulent vivre l&#8217;exp\u00e9rience d&#8217;un chef mais pas seulement. Pour ceux qui aiment s\u2019entourer d\u2019objets au fort caract\u00e8re esth\u00e9tique sans perdre de vue la haute qualit\u00e9 des performances.<\/p>\n<p><strong>BOL EN VERRE<\/strong><br \/>\nLe bol en verre permet de suivre le traitement des ingr\u00e9dients pendant que le mixeur fonctionne et garantit des performances maximales : une capacit\u00e9 de 4,8 litres pour les p\u00e2tes volumineuses et le marquage du niveau de liquide.<\/p>\n<p><strong>FOUET \u00c0 BORDS FLEXIBLES<\/strong><br \/>\nL&#8217;accessoire fourni con\u00e7u pour obtenir des m\u00e9langes cr\u00e9meux et homog\u00e8nes gr\u00e2ce \u00e0 la conception sp\u00e9cialement con\u00e7ue \u00e0 3 bras, permet de m\u00e9langer de mani\u00e8re optimale les ingr\u00e9dients pendant le m\u00e9lange, rendant la pr\u00e9paration plus rapide et plus efficace.<\/p>\n<p><strong>ADAPT\u00c9 \u00c0 TOUS LES BESOINS<\/strong><\/p>\n<ul>\n<li>Accessoires inclus\u00a0: fouet \u00e0 bords flexibles, crochet p\u00e9trisseur, fouet plat, fouet m\u00e9tallique, bol en verre.<\/li>\n<li>Accessoires en option\u00a0: p\u00e2te feuillet\u00e9e, fettuccine, tagliolini, spaghetti, hachoir, coupe-l\u00e9gumes, sorbeti\u00e8re.<\/li>\n<\/ul>\n<p><strong>ESTH\u00c9TIQUE<\/strong><\/p>\n<ul>\n<li>Esth\u00e9tique\u00a0:\u00a0ann\u00e9es\u00a01950<\/li>\n<li>Couleur du corps\u00a0: Blanc<\/li>\n<li>Couleur de la couverture\u00a0: Chrome<\/li>\n<li>Mat\u00e9riau du capot avant\u00a0: plastique<\/li>\n<li>Mat\u00e9riau du corps\u00a0: aluminium moul\u00e9 sous pression<\/li>\n<li>Couleur de base\u00a0: Blanc<\/li>\n<li>Mat\u00e9riau de base\u00a0: aluminium moul\u00e9 sous pression<\/li>\n<li>Mat\u00e9riau de l&#8217;arc\u00a0: verre<\/li>\n<li>Type de logo\u00a0: appliqu\u00e9<\/li>\n<\/ul>\n<p><strong>COMMANDES<\/strong><\/p>\n<ul>\n<li>Type de commandes\u00a0: levier<\/li>\n<li>Mat\u00e9riau du levier\u00a0: acier inoxydable<\/li>\n<\/ul>\n<p><strong>PROGRAMMES \/ FONCTIONS<\/strong><\/p>\n<ul>\n<li>Niveaux de vitesse\u00a0:\u00a010<\/li>\n<li>Fonction de d\u00e9marrage en douceur\u00a0: oui<\/li>\n<\/ul>\n<p><strong>CARACT\u00c9RISTIQUES TECHNIQUES<\/strong><\/p>\n<ul>\n<li>Mouvement\u00a0: Plan\u00e9tarium<\/li>\n<li>Contr\u00f4le de vitesse\u00a0: \u00e9lectronique<\/li>\n<li>Type de moteur\u00a0: entra\u00eenement direct<\/li>\n<li>Puissance du moteur\u00a0: 800\u00a0W<\/li>\n<li>S\u00e9curit\u00e9 du bloc moteur\u00a0:\u00a0oui<\/li>\n<li>Protection contre les surcharges du moteur\u00a0:\u00a0oui<\/li>\n<li>Montage des accessoires en option\u00a0: avant<\/li>\n<li>Mode de levage de la t\u00eate\u00a0: bouton<\/li>\n<li>Capacit\u00e9 de l&#8217;arc\u00a0: 4,8\u00a0L<\/li>\n<li>Poign\u00e9e d&#8217;arc\u00a0: oui<\/li>\n<li>Base antid\u00e9rapante\u00a0: Oui<\/li>\n<li>Couleur du c\u00e2ble d&#8217;alimentation\u00a0: gris<\/li>\n<\/ul>\n<p><strong>CAPACIT\u00c9<\/strong><\/p>\n<ul>\n<li>Nombre maximum d&#8217;albums\u00a0: 12<\/li>\n<li>Nombre minimum d&#8217;albums\u00a0:\u00a02<\/li>\n<li>P\u00e2te pr\u00eate \u00e0 g\u00e2teau max\u00a0: 2,0\u00a0Kg<\/li>\n<li>P\u00e2te \u00e0 g\u00e2teau max\u00a0: 2,6\u00a0kg<\/li>\n<li>P\u00e2te \u00e0 pain\/\u00e0 pizza\u00a0: 1,8\u00a0kg de p\u00e2te au total (maximum 1,2\u00a0kg de farine)<\/li>\n<li>P\u00e2te pour p\u00e2tes aux \u0153ufs\u00a0: 500\u00a0g de p\u00e2te au total avec 3 \u0153ufs (taille moyenne 53-63\u00a0g)<\/li>\n<li>Max cr\u00e8me fouett\u00e9e\u00a0: 1 l<\/li>\n<li>Cr\u00e8me fouett\u00e9e min\u00a0: 100\u00a0ml<\/li>\n<\/ul>\n<p><strong>RACCORDEMENT \u00c9LECTRIQUE<\/strong><\/p>\n<ul>\n<li>Tension\u00a0:\u00a0220-240\u00a0V<\/li>\n<li>Fr\u00e9quence\u00a0: 50\u00a0Hz<\/li>\n<li>Type de prise\u00a0: Schuko<\/li>\n<li>Longueur du c\u00e2ble\u00a0:\u00a01\u00a0m<\/li>\n<\/ul>\n<p><strong>ACCESSOIRES FOURNIS<\/strong><\/p>\n<ul>\n<li>Fouet \u00e0 bords flexibles\u00a0: Oui<\/li>\n<li>Fouet\u00a0: Oui<\/li>\n<li>Fouet plat\u00a0: Oui<\/li>\n<li>Crochet p\u00e9trisseur LAVABLE AU LAVE-VAISSELLE\u00a0: Oui<\/li>\n<li>Bol\u00a0: Oui<\/li>\n<\/ul>\n<p><span style=\"text-decoration: underline;\"><strong>Pas \u00e0 vendre en dehors de l&#8217;Europe<\/strong><\/span><\/p>\n","protected":false},"excerpt":{"rendered":"<p>SMEGs\u00e9rie ann\u00e9es 50 Objets de rencontre symboliques, ic\u00f4nes qui transforment l&#8217;espace qu&#8217;ils occupent, les nouveaux petits de la ligne Anni<\/p>\n","protected":false},"featured_media":489643,"template":"","meta":{"_acf_changed":false,"inline_featured_image":false},"product_cat":[12449,14476],"product_tag":[23910,13253,14835,12856,19952,19953,13257],"acf":[],"yoast_head":"<!-- This site is optimized with the Yoast SEO Premium plugin v18.6 (Yoast SEO v19.13) - https:\/\/yoast.com\/wordpress\/plugins\/seo\/ -->\n<title>SMEG Robot Sur Socle Blanc - Ann\u00e9es 50<\/title>\n<meta name=\"description\" content=\"D\u00e9couvrez SMEG Robot Sur Socle Blanc - Ann\u00e9es 50 sur ErresseShop. Qualit\u00e9, prix r\u00e9duits et achat s\u00e9curis\u00e9 \u2013 commandez d\u00e8s maintenant en ligne !\" \/>\n<meta name=\"robots\" content=\"index, follow, max-snippet:-1, max-image-preview:large, max-video-preview:-1\" \/>\n<link rel=\"canonical\" href=\"https:\/\/www.erresse-shop.it\/fr\/shop\/petits-electromenagers\/petrins\/smeg-robot-sur-socle-blanc-annees-50\/\" \/>\n<meta property=\"og:locale\" content=\"fr_FR\" \/>\n<meta property=\"og:type\" content=\"article\" \/>\n<meta property=\"og:title\" content=\"SMEG Robot Sur Socle Blanc - Ann\u00e9es 50\" \/>\n<meta property=\"og:description\" content=\"D\u00e9couvrez SMEG Robot Sur Socle Blanc - Ann\u00e9es 50 sur ErresseShop. Qualit\u00e9, prix r\u00e9duits et achat s\u00e9curis\u00e9 \u2013 commandez d\u00e8s maintenant en ligne !\" \/>\n<meta property=\"og:url\" content=\"https:\/\/www.erresse-shop.it\/fr\/shop\/petits-electromenagers\/petrins\/smeg-robot-sur-socle-blanc-annees-50\/\" \/>\n<meta property=\"og:site_name\" content=\"Erresse Shop\" \/>\n<meta property=\"article:modified_time\" content=\"2025-01-13T14:26:11+00:00\" \/>\n<meta property=\"og:image\" content=\"https:\/\/www.erresse-shop.it\/wp-content\/uploads\/2020\/05\/SMEG-Estetica-Anni-50-Impastatrice-SMF03-Bianco-1.png\" \/>\n\t<meta property=\"og:image:width\" content=\"800\" \/>\n\t<meta property=\"og:image:height\" content=\"800\" \/>\n\t<meta property=\"og:image:type\" content=\"image\/png\" \/>\n<meta name=\"twitter:card\" content=\"summary_large_image\" \/>\n<script type=\"application\/ld+json\" class=\"yoast-schema-graph\">{\"@context\":\"https:\/\/schema.org\",\"@graph\":[{\"@type\":\"WebPage\",\"@id\":\"https:\/\/www.erresse-shop.it\/fr\/shop\/petits-electromenagers\/petrins\/smeg-robot-sur-socle-blanc-annees-50\/\",\"url\":\"https:\/\/www.erresse-shop.it\/fr\/shop\/petits-electromenagers\/petrins\/smeg-robot-sur-socle-blanc-annees-50\/\",\"name\":\"SMEG Robot Sur Socle Blanc - Ann\u00e9es 50\",\"isPartOf\":{\"@id\":\"https:\/\/www.erresse-shop.it\/fr\/#website\"},\"datePublished\":\"2020-05-22T10:42:45+00:00\",\"dateModified\":\"2025-01-13T14:26:11+00:00\",\"description\":\"D\u00e9couvrez SMEG Robot Sur Socle Blanc - Ann\u00e9es 50 sur ErresseShop. Qualit\u00e9, prix r\u00e9duits et achat s\u00e9curis\u00e9 \u2013 commandez d\u00e8s maintenant en ligne !\",\"breadcrumb\":{\"@id\":\"https:\/\/www.erresse-shop.it\/fr\/shop\/petits-electromenagers\/petrins\/smeg-robot-sur-socle-blanc-annees-50\/#breadcrumb\"},\"inLanguage\":\"fr-FR\",\"potentialAction\":[{\"@type\":\"ReadAction\",\"target\":[\"https:\/\/www.erresse-shop.it\/fr\/shop\/petits-electromenagers\/petrins\/smeg-robot-sur-socle-blanc-annees-50\/\"]}]},{\"@type\":\"BreadcrumbList\",\"@id\":\"https:\/\/www.erresse-shop.it\/fr\/shop\/petits-electromenagers\/petrins\/smeg-robot-sur-socle-blanc-annees-50\/#breadcrumb\",\"itemListElement\":[{\"@type\":\"ListItem\",\"position\":1,\"name\":\"Home\",\"item\":\"https:\/\/www.erresse-shop.it\/fr\/\"},{\"@type\":\"ListItem\",\"position\":2,\"name\":\"Shop\",\"item\":\"https:\/\/www.erresse-shop.it\/fr\/shop\/\"},{\"@type\":\"ListItem\",\"position\":3,\"name\":\"SMEG Robot Sur Socle Blanc &#8211; Ann\u00e9es 50\"}]},{\"@type\":\"WebSite\",\"@id\":\"https:\/\/www.erresse-shop.it\/fr\/#website\",\"url\":\"https:\/\/www.erresse-shop.it\/fr\/\",\"name\":\"Erresse Shop\",\"description\":\"Articoli di qualit\u00e0 per la casa\",\"potentialAction\":[{\"@type\":\"SearchAction\",\"target\":{\"@type\":\"EntryPoint\",\"urlTemplate\":\"https:\/\/www.erresse-shop.it\/fr\/?s={search_term_string}\"},\"query-input\":\"required name=search_term_string\"}],\"inLanguage\":\"fr-FR\"}]}<\/script>\n<!-- \/ Yoast SEO Premium plugin. -->","yoast_head_json":{"title":"SMEG Robot Sur Socle Blanc - Ann\u00e9es 50","description":"D\u00e9couvrez SMEG Robot Sur Socle Blanc - Ann\u00e9es 50 sur ErresseShop. Qualit\u00e9, prix r\u00e9duits et achat s\u00e9curis\u00e9 \u2013 commandez d\u00e8s maintenant en ligne !","robots":{"index":"index","follow":"follow","max-snippet":"max-snippet:-1","max-image-preview":"max-image-preview:large","max-video-preview":"max-video-preview:-1"},"canonical":"https:\/\/www.erresse-shop.it\/fr\/shop\/petits-electromenagers\/petrins\/smeg-robot-sur-socle-blanc-annees-50\/","og_locale":"fr_FR","og_type":"article","og_title":"SMEG Robot Sur Socle Blanc - Ann\u00e9es 50","og_description":"D\u00e9couvrez SMEG Robot Sur Socle Blanc - Ann\u00e9es 50 sur ErresseShop. Qualit\u00e9, prix r\u00e9duits et achat s\u00e9curis\u00e9 \u2013 commandez d\u00e8s maintenant en ligne !","og_url":"https:\/\/www.erresse-shop.it\/fr\/shop\/petits-electromenagers\/petrins\/smeg-robot-sur-socle-blanc-annees-50\/","og_site_name":"Erresse Shop","article_modified_time":"2025-01-13T14:26:11+00:00","og_image":[{"width":800,"height":800,"url":"https:\/\/www.erresse-shop.it\/wp-content\/uploads\/2020\/05\/SMEG-Estetica-Anni-50-Impastatrice-SMF03-Bianco-1.png","type":"image\/png"}],"twitter_card":"summary_large_image","schema":{"@context":"https:\/\/schema.org","@graph":[{"@type":"WebPage","@id":"https:\/\/www.erresse-shop.it\/fr\/shop\/petits-electromenagers\/petrins\/smeg-robot-sur-socle-blanc-annees-50\/","url":"https:\/\/www.erresse-shop.it\/fr\/shop\/petits-electromenagers\/petrins\/smeg-robot-sur-socle-blanc-annees-50\/","name":"SMEG Robot Sur Socle Blanc - Ann\u00e9es 50","isPartOf":{"@id":"https:\/\/www.erresse-shop.it\/fr\/#website"},"datePublished":"2020-05-22T10:42:45+00:00","dateModified":"2025-01-13T14:26:11+00:00","description":"D\u00e9couvrez SMEG Robot Sur Socle Blanc - Ann\u00e9es 50 sur ErresseShop. Qualit\u00e9, prix r\u00e9duits et achat s\u00e9curis\u00e9 \u2013 commandez d\u00e8s maintenant en ligne !","breadcrumb":{"@id":"https:\/\/www.erresse-shop.it\/fr\/shop\/petits-electromenagers\/petrins\/smeg-robot-sur-socle-blanc-annees-50\/#breadcrumb"},"inLanguage":"fr-FR","potentialAction":[{"@type":"ReadAction","target":["https:\/\/www.erresse-shop.it\/fr\/shop\/petits-electromenagers\/petrins\/smeg-robot-sur-socle-blanc-annees-50\/"]}]},{"@type":"BreadcrumbList","@id":"https:\/\/www.erresse-shop.it\/fr\/shop\/petits-electromenagers\/petrins\/smeg-robot-sur-socle-blanc-annees-50\/#breadcrumb","itemListElement":[{"@type":"ListItem","position":1,"name":"Home","item":"https:\/\/www.erresse-shop.it\/fr\/"},{"@type":"ListItem","position":2,"name":"Shop","item":"https:\/\/www.erresse-shop.it\/fr\/shop\/"},{"@type":"ListItem","position":3,"name":"SMEG Robot Sur Socle Blanc &#8211; Ann\u00e9es 50"}]},{"@type":"WebSite","@id":"https:\/\/www.erresse-shop.it\/fr\/#website","url":"https:\/\/www.erresse-shop.it\/fr\/","name":"Erresse Shop","description":"Articoli di qualit\u00e0 per la casa","potentialAction":[{"@type":"SearchAction","target":{"@type":"EntryPoint","urlTemplate":"https:\/\/www.erresse-shop.it\/fr\/?s={search_term_string}"},"query-input":"required name=search_term_string"}],"inLanguage":"fr-FR"}]}},"df_price":419.29999999999995,"df_sale_price":419.29999999999995,"df_regular_price":599,"df_image_link":"https:\/\/www.erresse-shop.it\/wp-content\/uploads\/2020\/05\/SMEG-Estetica-Anni-50-Impastatrice-SMF03-Bianco-300x300.jpg","_links":{"self":[{"href":"https:\/\/www.erresse-shop.it\/fr\/wp-json\/wp\/v2\/product\/61955"}],"collection":[{"href":"https:\/\/www.erresse-shop.it\/fr\/wp-json\/wp\/v2\/product"}],"about":[{"href":"https:\/\/www.erresse-shop.it\/fr\/wp-json\/wp\/v2\/types\/product"}],"wp:featuredmedia":[{"embeddable":true,"href":"https:\/\/www.erresse-shop.it\/fr\/wp-json\/wp\/v2\/media\/489643"}],"wp:attachment":[{"href":"https:\/\/www.erresse-shop.it\/fr\/wp-json\/wp\/v2\/media?parent=61955"}],"wp:term":[{"taxonomy":"product_cat","embeddable":true,"href":"https:\/\/www.erresse-shop.it\/fr\/wp-json\/wp\/v2\/product_cat?post=61955"},{"taxonomy":"product_tag","embeddable":true,"href":"https:\/\/www.erresse-shop.it\/fr\/wp-json\/wp\/v2\/product_tag?post=61955"}],"curies":[{"name":"wp","href":"https:\/\/api.w.org\/{rel}","templated":true}]}}