{"id":61895,"date":"2020-05-22T10:11:18","date_gmt":"2020-05-22T10:11:20","guid":{"rendered":"https:\/\/www.erresse-shop.it\/?post_type=product&#038;p=61895"},"modified":"2025-01-27T15:25:37","modified_gmt":"2025-01-27T15:25:37","slug":"le-creuset-saucier-18cm-cerise","status":"publish","type":"product","link":"https:\/\/www.erresse-shop.it\/fr\/shop\/poeles-pots\/casseroles\/le-creuset-saucier-18cm-cerise\/","title":{"rendered":"LE CREUSET Saucier 18 cm Cerise"},"content":{"rendered":"<p>Extr\u00eamement polyvalents, ils font bien plus que bouillir et mijoter. Vous pouvez les utiliser au four comme une petite casserole, pour faire un dessert ou un pain. Ils sont parfaits pour r\u00e9chauffer les soupes, pour cuire le riz et autres l\u00e9gumes et les sauces. Comme la chaleur se diffuse uniform\u00e9ment, ils permettent la pr\u00e9paration de sauces d\u00e9licates ou de faire fondre du chocolat, du fromage ou du beurre sans les br\u00fbler. Ils peuvent aussi \u00eatre utilis\u00e9s comme po\u00ealon \u00e0 fondue.<\/p>\n<p>Le Saucier Le Creuset offre une capacit\u00e9 g\u00e9n\u00e9reuse pour sa taille ; un int\u00e9rieur en \u00e9mail durable et facile \u00e0 nettoyer et une grande poign\u00e9e pour faciliter le transfert de la prise en main.<\/p>\n<p>Habilement fabriqu\u00e9s en France depuis 1925, les produits en fonte \u00e9maill\u00e9e Le Creuset sont de grande qualit\u00e9 et durables. L\u00e9g\u00e8re et r\u00e9sistante, elle r\u00e9partie la chaleur de mani\u00e8re homog\u00e8ne et maintient les aliment au chaud.<br \/>\nSon excellente r\u00e9tention de la chaleur signifie que seul un feux moyen ou doux est n\u00e9cessaire pour la cuisson.<\/p>\n<p><a href=\"https:\/\/www.youtube.com\/watch?v=HDOljJrHsg0\" target=\"_blank\" rel=\"noopener\">Voir le film 1<\/a><br \/>\n<a href=\"https:\/\/www.youtube.com\/watch?v=ro9F2zRA4gE\" target=\"_blank\" rel=\"noopener\">Voir le film 2<\/a><\/p>\n","protected":false},"excerpt":{"rendered":"<p>Extr\u00eamement polyvalents, ils font bien plus que bouillir et mijoter. Vous pouvez les utiliser au four comme une petite casserole,<\/p>\n","protected":false},"featured_media":477859,"template":"","meta":{"_acf_changed":false,"inline_featured_image":false},"product_cat":[12458,14777],"product_tag":[25086,12459,25021,12994,12460,12461,12465],"acf":[],"yoast_head":"<!-- This site is optimized with the Yoast SEO Premium plugin v18.6 (Yoast SEO v19.13) - https:\/\/yoast.com\/wordpress\/plugins\/seo\/ -->\n<title>LE CREUSET Saucier 18 cm Cerise<\/title>\n<meta name=\"description\" content=\"D\u00e9couvrez LE CREUSET Saucier 18 cm Cerise sur ErresseShop. Qualit\u00e9, prix r\u00e9duits et achat s\u00e9curis\u00e9 \u2013 commandez d\u00e8s maintenant en ligne !\" \/>\n<meta name=\"robots\" content=\"index, follow, max-snippet:-1, max-image-preview:large, max-video-preview:-1\" \/>\n<link rel=\"canonical\" href=\"https:\/\/www.erresse-shop.it\/fr\/shop\/poeles-pots\/casseroles\/le-creuset-saucier-18cm-cerise\/\" \/>\n<meta property=\"og:locale\" content=\"fr_FR\" \/>\n<meta property=\"og:type\" content=\"article\" \/>\n<meta property=\"og:title\" content=\"LE CREUSET Saucier 18 cm Cerise\" \/>\n<meta property=\"og:description\" content=\"D\u00e9couvrez LE CREUSET Saucier 18 cm Cerise sur ErresseShop. Qualit\u00e9, prix r\u00e9duits et achat s\u00e9curis\u00e9 \u2013 commandez d\u00e8s maintenant en ligne !\" \/>\n<meta property=\"og:url\" content=\"https:\/\/www.erresse-shop.it\/fr\/shop\/poeles-pots\/casseroles\/le-creuset-saucier-18cm-cerise\/\" \/>\n<meta property=\"og:site_name\" content=\"Erresse Shop\" \/>\n<meta property=\"article:modified_time\" content=\"2025-01-27T15:25:37+00:00\" \/>\n<meta property=\"og:image\" content=\"https:\/\/www.erresse-shop.it\/wp-content\/uploads\/2020\/05\/LE-CREUSET-Casseruola-in-Ghisa-Manico-in-Legno-18-cm-Ciliegia.png\" \/>\n\t<meta property=\"og:image:width\" content=\"800\" \/>\n\t<meta property=\"og:image:height\" content=\"800\" \/>\n\t<meta property=\"og:image:type\" content=\"image\/png\" \/>\n<meta name=\"twitter:card\" content=\"summary_large_image\" \/>\n<script type=\"application\/ld+json\" class=\"yoast-schema-graph\">{\"@context\":\"https:\/\/schema.org\",\"@graph\":[{\"@type\":\"WebPage\",\"@id\":\"https:\/\/www.erresse-shop.it\/fr\/shop\/poeles-pots\/casseroles\/le-creuset-saucier-18cm-cerise\/\",\"url\":\"https:\/\/www.erresse-shop.it\/fr\/shop\/poeles-pots\/casseroles\/le-creuset-saucier-18cm-cerise\/\",\"name\":\"LE CREUSET Saucier 18 cm Cerise\",\"isPartOf\":{\"@id\":\"https:\/\/www.erresse-shop.it\/fr\/#website\"},\"datePublished\":\"2020-05-22T10:11:20+00:00\",\"dateModified\":\"2025-01-27T15:25:37+00:00\",\"description\":\"D\u00e9couvrez LE CREUSET Saucier 18 cm Cerise sur ErresseShop. Qualit\u00e9, prix r\u00e9duits et achat s\u00e9curis\u00e9 \u2013 commandez d\u00e8s maintenant en ligne !\",\"breadcrumb\":{\"@id\":\"https:\/\/www.erresse-shop.it\/fr\/shop\/poeles-pots\/casseroles\/le-creuset-saucier-18cm-cerise\/#breadcrumb\"},\"inLanguage\":\"fr-FR\",\"potentialAction\":[{\"@type\":\"ReadAction\",\"target\":[\"https:\/\/www.erresse-shop.it\/fr\/shop\/poeles-pots\/casseroles\/le-creuset-saucier-18cm-cerise\/\"]}]},{\"@type\":\"BreadcrumbList\",\"@id\":\"https:\/\/www.erresse-shop.it\/fr\/shop\/poeles-pots\/casseroles\/le-creuset-saucier-18cm-cerise\/#breadcrumb\",\"itemListElement\":[{\"@type\":\"ListItem\",\"position\":1,\"name\":\"Home\",\"item\":\"https:\/\/www.erresse-shop.it\/fr\/\"},{\"@type\":\"ListItem\",\"position\":2,\"name\":\"Shop\",\"item\":\"https:\/\/www.erresse-shop.it\/fr\/shop\/\"},{\"@type\":\"ListItem\",\"position\":3,\"name\":\"LE CREUSET Saucier 18 cm Cerise\"}]},{\"@type\":\"WebSite\",\"@id\":\"https:\/\/www.erresse-shop.it\/fr\/#website\",\"url\":\"https:\/\/www.erresse-shop.it\/fr\/\",\"name\":\"Erresse Shop\",\"description\":\"Articoli di qualit\u00e0 per la casa\",\"potentialAction\":[{\"@type\":\"SearchAction\",\"target\":{\"@type\":\"EntryPoint\",\"urlTemplate\":\"https:\/\/www.erresse-shop.it\/fr\/?s={search_term_string}\"},\"query-input\":\"required name=search_term_string\"}],\"inLanguage\":\"fr-FR\"}]}<\/script>\n<!-- \/ Yoast SEO Premium plugin. -->","yoast_head_json":{"title":"LE CREUSET Saucier 18 cm Cerise","description":"D\u00e9couvrez LE CREUSET Saucier 18 cm Cerise sur ErresseShop. Qualit\u00e9, prix r\u00e9duits et achat s\u00e9curis\u00e9 \u2013 commandez d\u00e8s maintenant en ligne !","robots":{"index":"index","follow":"follow","max-snippet":"max-snippet:-1","max-image-preview":"max-image-preview:large","max-video-preview":"max-video-preview:-1"},"canonical":"https:\/\/www.erresse-shop.it\/fr\/shop\/poeles-pots\/casseroles\/le-creuset-saucier-18cm-cerise\/","og_locale":"fr_FR","og_type":"article","og_title":"LE CREUSET Saucier 18 cm Cerise","og_description":"D\u00e9couvrez LE CREUSET Saucier 18 cm Cerise sur ErresseShop. Qualit\u00e9, prix r\u00e9duits et achat s\u00e9curis\u00e9 \u2013 commandez d\u00e8s maintenant en ligne !","og_url":"https:\/\/www.erresse-shop.it\/fr\/shop\/poeles-pots\/casseroles\/le-creuset-saucier-18cm-cerise\/","og_site_name":"Erresse Shop","article_modified_time":"2025-01-27T15:25:37+00:00","og_image":[{"width":800,"height":800,"url":"https:\/\/www.erresse-shop.it\/wp-content\/uploads\/2020\/05\/LE-CREUSET-Casseruola-in-Ghisa-Manico-in-Legno-18-cm-Ciliegia.png","type":"image\/png"}],"twitter_card":"summary_large_image","schema":{"@context":"https:\/\/schema.org","@graph":[{"@type":"WebPage","@id":"https:\/\/www.erresse-shop.it\/fr\/shop\/poeles-pots\/casseroles\/le-creuset-saucier-18cm-cerise\/","url":"https:\/\/www.erresse-shop.it\/fr\/shop\/poeles-pots\/casseroles\/le-creuset-saucier-18cm-cerise\/","name":"LE CREUSET Saucier 18 cm Cerise","isPartOf":{"@id":"https:\/\/www.erresse-shop.it\/fr\/#website"},"datePublished":"2020-05-22T10:11:20+00:00","dateModified":"2025-01-27T15:25:37+00:00","description":"D\u00e9couvrez LE CREUSET Saucier 18 cm Cerise sur ErresseShop. Qualit\u00e9, prix r\u00e9duits et achat s\u00e9curis\u00e9 \u2013 commandez d\u00e8s maintenant en ligne !","breadcrumb":{"@id":"https:\/\/www.erresse-shop.it\/fr\/shop\/poeles-pots\/casseroles\/le-creuset-saucier-18cm-cerise\/#breadcrumb"},"inLanguage":"fr-FR","potentialAction":[{"@type":"ReadAction","target":["https:\/\/www.erresse-shop.it\/fr\/shop\/poeles-pots\/casseroles\/le-creuset-saucier-18cm-cerise\/"]}]},{"@type":"BreadcrumbList","@id":"https:\/\/www.erresse-shop.it\/fr\/shop\/poeles-pots\/casseroles\/le-creuset-saucier-18cm-cerise\/#breadcrumb","itemListElement":[{"@type":"ListItem","position":1,"name":"Home","item":"https:\/\/www.erresse-shop.it\/fr\/"},{"@type":"ListItem","position":2,"name":"Shop","item":"https:\/\/www.erresse-shop.it\/fr\/shop\/"},{"@type":"ListItem","position":3,"name":"LE CREUSET Saucier 18 cm Cerise"}]},{"@type":"WebSite","@id":"https:\/\/www.erresse-shop.it\/fr\/#website","url":"https:\/\/www.erresse-shop.it\/fr\/","name":"Erresse Shop","description":"Articoli di qualit\u00e0 per la casa","potentialAction":[{"@type":"SearchAction","target":{"@type":"EntryPoint","urlTemplate":"https:\/\/www.erresse-shop.it\/fr\/?s={search_term_string}"},"query-input":"required name=search_term_string"}],"inLanguage":"fr-FR"}]}},"df_price":153.3,"df_sale_price":153.3,"df_regular_price":219,"df_image_link":"https:\/\/www.erresse-shop.it\/wp-content\/uploads\/2020\/05\/LE-CREUSET-Casseruola-in-Ghisa-Manico-in-Legno-18-cm-Ciliegia-300x300.jpg","_links":{"self":[{"href":"https:\/\/www.erresse-shop.it\/fr\/wp-json\/wp\/v2\/product\/61895"}],"collection":[{"href":"https:\/\/www.erresse-shop.it\/fr\/wp-json\/wp\/v2\/product"}],"about":[{"href":"https:\/\/www.erresse-shop.it\/fr\/wp-json\/wp\/v2\/types\/product"}],"wp:featuredmedia":[{"embeddable":true,"href":"https:\/\/www.erresse-shop.it\/fr\/wp-json\/wp\/v2\/media\/477859"}],"wp:attachment":[{"href":"https:\/\/www.erresse-shop.it\/fr\/wp-json\/wp\/v2\/media?parent=61895"}],"wp:term":[{"taxonomy":"product_cat","embeddable":true,"href":"https:\/\/www.erresse-shop.it\/fr\/wp-json\/wp\/v2\/product_cat?post=61895"},{"taxonomy":"product_tag","embeddable":true,"href":"https:\/\/www.erresse-shop.it\/fr\/wp-json\/wp\/v2\/product_tag?post=61895"}],"curies":[{"name":"wp","href":"https:\/\/api.w.org\/{rel}","templated":true}]}}