{"id":61818,"date":"2020-05-22T07:49:52","date_gmt":"2020-05-22T07:49:52","guid":{"rendered":"https:\/\/www.erresse-shop.it\/shop\/non%20class\u00e9\/le-creuset-cocotte-ronde-en-fonte-emaillee-28cm\/"},"modified":"2025-01-13T14:25:49","modified_gmt":"2025-01-13T14:25:49","slug":"le-creuset-cocotte-en-fonte-emaillee-28-cm-volcanique","status":"publish","type":"product","link":"https:\/\/www.erresse-shop.it\/fr\/shop\/poeles-pots\/marmites-et-cocottes-poeles-pots\/le-creuset-cocotte-en-fonte-emaillee-28-cm-volcanique\/","title":{"rendered":"LE CREUSET Cocotte en Fonte \u00c9maill\u00e9e 28 cm Volcanique"},"content":{"rendered":"<p>L&#8217;indispensable cocotte Le Creuset est incontournable pour r\u00e9aliser vos plats mijot\u00e9s! Multi-usage, c&#8217;est votre compagne culinaire de tous les jours.<\/p>\n<p>&#8211; Fonte Emaill\u00e9e<br \/>\n&#8211; R\u00e9partition uniforme de la chaleur du fond de la cocotte jusqu&#8217;au couvercle<br \/>\n&#8211; Couvercle herm\u00e9tique pour conserver uniform\u00e9ment la chaleur.<br \/>\n&#8211; Couleurs int\u00e9rieures : noir mat (cocottes 10 cm, cocottes noir mat), cr\u00e8me (cocottes cotton) et sable (pour toutes les autres couleurs)<br \/>\n&#8211; Bouton en acier inoxydable r\u00e9sistant \u00e0 la chaleur sans limite de temp\u00e9rature au four<br \/>\n&#8211; Poign\u00e9es \u00e9tudi\u00e9es pour une bonne prise en main.<br \/>\n&#8211; Fond ultra-lisse pour un entretien facile<br \/>\n&#8211; Compatible avec toutes les sources de chaleur y compris l&#8217;induction.<br \/>\n&#8211; Durabilit\u00e9 exceptionnelle<br \/>\n&#8211; Garantie \u00e0 vie<\/p>\n","protected":false},"excerpt":{"rendered":"<p>L&#8217;indispensable cocotte Le Creuset est incontournable pour r\u00e9aliser vos plats mijot\u00e9s! Multi-usage, c&#8217;est votre compagne culinaire de tous les jours.<\/p>\n","protected":false},"featured_media":459172,"template":"","meta":{"_acf_changed":false,"inline_featured_image":false},"product_cat":[12458,14792],"product_tag":[14826,12994,12460,12461,12465,12466,12991],"acf":[],"yoast_head":"<!-- This site is optimized with the Yoast SEO Premium plugin v18.6 (Yoast SEO v19.13) - https:\/\/yoast.com\/wordpress\/plugins\/seo\/ -->\n<title>LE CREUSET Cocotte en Fonte \u00c9maill\u00e9e 28 cm Volcanique<\/title>\n<meta name=\"description\" content=\"D\u00e9couvrez LE CREUSET Cocotte en Fonte \u00c9maill\u00e9e 28 cm Volcanique sur ErresseShop. Qualit\u00e9, prix r\u00e9duits et achat s\u00e9curis\u00e9 \u2013 commandez d\u00e8s maintenant en ligne !\" \/>\n<meta name=\"robots\" content=\"index, follow, max-snippet:-1, max-image-preview:large, max-video-preview:-1\" \/>\n<link rel=\"canonical\" href=\"https:\/\/www.erresse-shop.it\/fr\/shop\/poeles-pots\/marmites-et-cocottes-poeles-pots\/le-creuset-cocotte-en-fonte-emaillee-28-cm-volcanique\/\" \/>\n<meta property=\"og:locale\" content=\"fr_FR\" \/>\n<meta property=\"og:type\" content=\"article\" \/>\n<meta property=\"og:title\" content=\"LE CREUSET Cocotte en Fonte \u00c9maill\u00e9e 28 cm Volcanique\" \/>\n<meta property=\"og:description\" content=\"D\u00e9couvrez LE CREUSET Cocotte en Fonte \u00c9maill\u00e9e 28 cm Volcanique sur ErresseShop. Qualit\u00e9, prix r\u00e9duits et achat s\u00e9curis\u00e9 \u2013 commandez d\u00e8s maintenant en ligne !\" \/>\n<meta property=\"og:url\" content=\"https:\/\/www.erresse-shop.it\/fr\/shop\/poeles-pots\/marmites-et-cocottes-poeles-pots\/le-creuset-cocotte-en-fonte-emaillee-28-cm-volcanique\/\" \/>\n<meta property=\"og:site_name\" content=\"Erresse Shop\" \/>\n<meta property=\"article:modified_time\" content=\"2025-01-13T14:25:49+00:00\" \/>\n<meta property=\"og:image\" content=\"https:\/\/www.erresse-shop.it\/wp-content\/uploads\/2020\/05\/LE-CREUSET-Cocotte-Evolution-in-Ghisa-28-cm-Arancio.jpg\" \/>\n\t<meta property=\"og:image:width\" content=\"1200\" \/>\n\t<meta property=\"og:image:height\" content=\"1200\" \/>\n\t<meta property=\"og:image:type\" content=\"image\/jpeg\" \/>\n<meta name=\"twitter:card\" content=\"summary_large_image\" \/>\n<script type=\"application\/ld+json\" class=\"yoast-schema-graph\">{\"@context\":\"https:\/\/schema.org\",\"@graph\":[{\"@type\":\"WebPage\",\"@id\":\"https:\/\/www.erresse-shop.it\/fr\/shop\/poeles-pots\/marmites-et-cocottes-poeles-pots\/le-creuset-cocotte-en-fonte-emaillee-28-cm-volcanique\/\",\"url\":\"https:\/\/www.erresse-shop.it\/fr\/shop\/poeles-pots\/marmites-et-cocottes-poeles-pots\/le-creuset-cocotte-en-fonte-emaillee-28-cm-volcanique\/\",\"name\":\"LE CREUSET Cocotte en Fonte \u00c9maill\u00e9e 28 cm Volcanique\",\"isPartOf\":{\"@id\":\"https:\/\/www.erresse-shop.it\/fr\/#website\"},\"datePublished\":\"2020-05-22T07:49:52+00:00\",\"dateModified\":\"2025-01-13T14:25:49+00:00\",\"description\":\"D\u00e9couvrez LE CREUSET Cocotte en Fonte \u00c9maill\u00e9e 28 cm Volcanique sur ErresseShop. Qualit\u00e9, prix r\u00e9duits et achat s\u00e9curis\u00e9 \u2013 commandez d\u00e8s maintenant en ligne !\",\"breadcrumb\":{\"@id\":\"https:\/\/www.erresse-shop.it\/fr\/shop\/poeles-pots\/marmites-et-cocottes-poeles-pots\/le-creuset-cocotte-en-fonte-emaillee-28-cm-volcanique\/#breadcrumb\"},\"inLanguage\":\"fr-FR\",\"potentialAction\":[{\"@type\":\"ReadAction\",\"target\":[\"https:\/\/www.erresse-shop.it\/fr\/shop\/poeles-pots\/marmites-et-cocottes-poeles-pots\/le-creuset-cocotte-en-fonte-emaillee-28-cm-volcanique\/\"]}]},{\"@type\":\"BreadcrumbList\",\"@id\":\"https:\/\/www.erresse-shop.it\/fr\/shop\/poeles-pots\/marmites-et-cocottes-poeles-pots\/le-creuset-cocotte-en-fonte-emaillee-28-cm-volcanique\/#breadcrumb\",\"itemListElement\":[{\"@type\":\"ListItem\",\"position\":1,\"name\":\"Home\",\"item\":\"https:\/\/www.erresse-shop.it\/fr\/\"},{\"@type\":\"ListItem\",\"position\":2,\"name\":\"Shop\",\"item\":\"https:\/\/www.erresse-shop.it\/fr\/shop\/\"},{\"@type\":\"ListItem\",\"position\":3,\"name\":\"LE CREUSET Cocotte en Fonte \u00c9maill\u00e9e 28 cm Volcanique\"}]},{\"@type\":\"WebSite\",\"@id\":\"https:\/\/www.erresse-shop.it\/fr\/#website\",\"url\":\"https:\/\/www.erresse-shop.it\/fr\/\",\"name\":\"Erresse Shop\",\"description\":\"Articoli di qualit\u00e0 per la casa\",\"potentialAction\":[{\"@type\":\"SearchAction\",\"target\":{\"@type\":\"EntryPoint\",\"urlTemplate\":\"https:\/\/www.erresse-shop.it\/fr\/?s={search_term_string}\"},\"query-input\":\"required name=search_term_string\"}],\"inLanguage\":\"fr-FR\"}]}<\/script>\n<!-- \/ Yoast SEO Premium plugin. -->","yoast_head_json":{"title":"LE CREUSET Cocotte en Fonte \u00c9maill\u00e9e 28 cm Volcanique","description":"D\u00e9couvrez LE CREUSET Cocotte en Fonte \u00c9maill\u00e9e 28 cm Volcanique sur ErresseShop. Qualit\u00e9, prix r\u00e9duits et achat s\u00e9curis\u00e9 \u2013 commandez d\u00e8s maintenant en ligne !","robots":{"index":"index","follow":"follow","max-snippet":"max-snippet:-1","max-image-preview":"max-image-preview:large","max-video-preview":"max-video-preview:-1"},"canonical":"https:\/\/www.erresse-shop.it\/fr\/shop\/poeles-pots\/marmites-et-cocottes-poeles-pots\/le-creuset-cocotte-en-fonte-emaillee-28-cm-volcanique\/","og_locale":"fr_FR","og_type":"article","og_title":"LE CREUSET Cocotte en Fonte \u00c9maill\u00e9e 28 cm Volcanique","og_description":"D\u00e9couvrez LE CREUSET Cocotte en Fonte \u00c9maill\u00e9e 28 cm Volcanique sur ErresseShop. Qualit\u00e9, prix r\u00e9duits et achat s\u00e9curis\u00e9 \u2013 commandez d\u00e8s maintenant en ligne !","og_url":"https:\/\/www.erresse-shop.it\/fr\/shop\/poeles-pots\/marmites-et-cocottes-poeles-pots\/le-creuset-cocotte-en-fonte-emaillee-28-cm-volcanique\/","og_site_name":"Erresse Shop","article_modified_time":"2025-01-13T14:25:49+00:00","og_image":[{"width":1200,"height":1200,"url":"https:\/\/www.erresse-shop.it\/wp-content\/uploads\/2020\/05\/LE-CREUSET-Cocotte-Evolution-in-Ghisa-28-cm-Arancio.jpg","type":"image\/jpeg"}],"twitter_card":"summary_large_image","schema":{"@context":"https:\/\/schema.org","@graph":[{"@type":"WebPage","@id":"https:\/\/www.erresse-shop.it\/fr\/shop\/poeles-pots\/marmites-et-cocottes-poeles-pots\/le-creuset-cocotte-en-fonte-emaillee-28-cm-volcanique\/","url":"https:\/\/www.erresse-shop.it\/fr\/shop\/poeles-pots\/marmites-et-cocottes-poeles-pots\/le-creuset-cocotte-en-fonte-emaillee-28-cm-volcanique\/","name":"LE CREUSET Cocotte en Fonte \u00c9maill\u00e9e 28 cm Volcanique","isPartOf":{"@id":"https:\/\/www.erresse-shop.it\/fr\/#website"},"datePublished":"2020-05-22T07:49:52+00:00","dateModified":"2025-01-13T14:25:49+00:00","description":"D\u00e9couvrez LE CREUSET Cocotte en Fonte \u00c9maill\u00e9e 28 cm Volcanique sur ErresseShop. Qualit\u00e9, prix r\u00e9duits et achat s\u00e9curis\u00e9 \u2013 commandez d\u00e8s maintenant en ligne !","breadcrumb":{"@id":"https:\/\/www.erresse-shop.it\/fr\/shop\/poeles-pots\/marmites-et-cocottes-poeles-pots\/le-creuset-cocotte-en-fonte-emaillee-28-cm-volcanique\/#breadcrumb"},"inLanguage":"fr-FR","potentialAction":[{"@type":"ReadAction","target":["https:\/\/www.erresse-shop.it\/fr\/shop\/poeles-pots\/marmites-et-cocottes-poeles-pots\/le-creuset-cocotte-en-fonte-emaillee-28-cm-volcanique\/"]}]},{"@type":"BreadcrumbList","@id":"https:\/\/www.erresse-shop.it\/fr\/shop\/poeles-pots\/marmites-et-cocottes-poeles-pots\/le-creuset-cocotte-en-fonte-emaillee-28-cm-volcanique\/#breadcrumb","itemListElement":[{"@type":"ListItem","position":1,"name":"Home","item":"https:\/\/www.erresse-shop.it\/fr\/"},{"@type":"ListItem","position":2,"name":"Shop","item":"https:\/\/www.erresse-shop.it\/fr\/shop\/"},{"@type":"ListItem","position":3,"name":"LE CREUSET Cocotte en Fonte \u00c9maill\u00e9e 28 cm Volcanique"}]},{"@type":"WebSite","@id":"https:\/\/www.erresse-shop.it\/fr\/#website","url":"https:\/\/www.erresse-shop.it\/fr\/","name":"Erresse Shop","description":"Articoli di qualit\u00e0 per la casa","potentialAction":[{"@type":"SearchAction","target":{"@type":"EntryPoint","urlTemplate":"https:\/\/www.erresse-shop.it\/fr\/?s={search_term_string}"},"query-input":"required name=search_term_string"}],"inLanguage":"fr-FR"}]}},"df_price":197.55,"df_sale_price":197.55,"df_regular_price":439,"df_image_link":"https:\/\/www.erresse-shop.it\/wp-content\/uploads\/2020\/05\/LE-CREUSET-Cocotte-Evolution-in-Ghisa-28-cm-Arancio-300x300.jpg","_links":{"self":[{"href":"https:\/\/www.erresse-shop.it\/fr\/wp-json\/wp\/v2\/product\/61818"}],"collection":[{"href":"https:\/\/www.erresse-shop.it\/fr\/wp-json\/wp\/v2\/product"}],"about":[{"href":"https:\/\/www.erresse-shop.it\/fr\/wp-json\/wp\/v2\/types\/product"}],"wp:featuredmedia":[{"embeddable":true,"href":"https:\/\/www.erresse-shop.it\/fr\/wp-json\/wp\/v2\/media\/459172"}],"wp:attachment":[{"href":"https:\/\/www.erresse-shop.it\/fr\/wp-json\/wp\/v2\/media?parent=61818"}],"wp:term":[{"taxonomy":"product_cat","embeddable":true,"href":"https:\/\/www.erresse-shop.it\/fr\/wp-json\/wp\/v2\/product_cat?post=61818"},{"taxonomy":"product_tag","embeddable":true,"href":"https:\/\/www.erresse-shop.it\/fr\/wp-json\/wp\/v2\/product_tag?post=61818"}],"curies":[{"name":"wp","href":"https:\/\/api.w.org\/{rel}","templated":true}]}}