{"id":59486,"date":"2013-09-18T18:27:53","date_gmt":"2013-09-18T18:27:53","guid":{"rendered":"https:\/\/www.erresse-shop.it\/shop\/non%20class\u00e9\/illy-iperespresso-x7-1-rouge\/"},"modified":"2021-12-22T07:42:30","modified_gmt":"2021-12-22T07:42:30","slug":"illy-iperespresso-x7-1-rouge","status":"publish","type":"product","link":"https:\/\/www.erresse-shop.it\/fr\/shop\/petits-electromenagers\/machines-cafe\/a-dosettes-et-a-capsules\/illy-iperespresso-x7-1-rouge\/","title":{"rendered":"ILLY Iperespresso X7.1 Rouge"},"content":{"rendered":"<p><strong>La passion de la perfection<\/strong><\/p>\n<p>Le design incomparable rappelle le geste du barista et l&#8217;espresso que vous pr\u00e9parez chez vous est exactement comme celui du bar, la qualit\u00e9 de l&#8217;extraction est toujours impeccable :<br \/>\nVous ins\u00e9rez la capsule dans le portafiltre et vous commencez \u00e0 infuser d&#8217;une simple pression.<\/p>\n<p>Le design incomparable d&#8217;inspiration r\u00e9tro est l&#8217;\u0153uvre de Luca Trazzi.<br \/>\nLes boutons sont doux au toucher, et les signaux acoustiques et lumineux indiquent clairement l&#8217;\u00e9tat de fonctionnement.<br \/>\nId\u00e9al pour les amateurs de L profond, il est extr\u00eamement attentif \u00e0 ceux qui ne peuvent se passer de leur cappuccino. En effet, le pannarello garantit une utilisation tr\u00e8s simple et le temps d&#8217;attente entre le mode caf\u00e9 et le mode cappuccino est minime.<br \/>\nL&#8217;arr\u00eat automatique apr\u00e8s 30 minutes d&#8217;inactivit\u00e9 permet des \u00e9conomies d&#8217;\u00e9nergie consid\u00e9rables, m\u00eame pour les plus distraits.<br \/>\nNettoyage et entretien minimaux.<\/p>\n<p>La pr\u00e9cision inimitable d&#8217;Illy est la meilleure garantie.<\/p>\n<p><strong>Caract\u00e9ristiques :<\/strong><\/p>\n<ul>\n<li>Garantie : 2 ans<\/li>\n<li>Volume de la tasse programmable<\/li>\n<li>Arr\u00eat automatique de l&#8217;infusion<\/li>\n<li>Mise en veille automatique en cas de non-utilisation<\/li>\n<\/ul>\n<p><strong>Sp\u00e9cifications techniques :<\/strong><\/p>\n<ul>\n<li>Dimensions (cm) : 26 x 29 x 23<\/li>\n<li>Capacit\u00e9 du r\u00e9servoir : 1 L<\/li>\n<li>Tension : 230 V, c\u00e2ble de 1 m de long<\/li>\n<li>Pression de la pompe : 15 bar<\/li>\n<\/ul>\n<p>Pr\u00e9paration : capsules d&#8217;espresso (Iperespresso)<br \/>\nFormat du caf\u00e9 : capsules Iperespresso<br \/>\nLongueur du c\u00e2ble : 1 m<br \/>\nCapacit\u00e9 du r\u00e9servoir : 1 L<br \/>\nDimensions : (cm) 26 x 29 x 23<br \/>\nDistribution r\u00e9glable du caf\u00e9 : Automatique<br \/>\nChauffe-tasses : Non<br \/>\nHauteur de la tasse r\u00e9glable : Non<br \/>\nGarantie : 2 ans<br \/>\nVoltage : 230 v<br \/>\nMat\u00e9riau : plastique<br \/>\nMousseur \u00e0 lait : Non<br \/>\n\u00c9conomie d&#8217;\u00e9nergie : Oui<br \/>\nType de caf\u00e9 : capsules Iperespresso<br \/>\nFonctions : Cappuccino<\/p>\n<p>La bo\u00eete comprend 14 capsules Iperespresso Illy.<\/p>\n<p><strong>Ne peut \u00eatre vendu en dehors de l&#8217;Europe<\/strong><\/p>\n","protected":false},"excerpt":{"rendered":"<p>La passion de la perfection Le design incomparable rappelle le geste du barista et l&#8217;espresso que vous pr\u00e9parez chez vous<\/p>\n","protected":false},"featured_media":122520,"template":"","meta":{"_acf_changed":false,"inline_featured_image":false},"product_cat":[25380,12764,12449],"product_tag":[12948,12834,12835,12949,12950],"acf":[],"yoast_head":"<!-- This site is optimized with the Yoast SEO Premium plugin v18.6 (Yoast SEO v19.13) - https:\/\/yoast.com\/wordpress\/plugins\/seo\/ -->\n<title>ILLY Iperespresso X7.1 Rouge - Erresse Shop<\/title>\n<meta name=\"description\" content=\"La passion de la perfection Le design incomparable rappelle le geste du barista et l&#039;espresso que vous pr\u00e9parez chez vous est exactement comme celui du\" \/>\n<meta name=\"robots\" content=\"index, follow, max-snippet:-1, max-image-preview:large, max-video-preview:-1\" \/>\n<link rel=\"canonical\" href=\"https:\/\/www.erresse-shop.it\/fr\/shop\/petits-electromenagers\/machines-cafe\/a-dosettes-et-a-capsules\/illy-iperespresso-x7-1-rouge\/\" \/>\n<meta property=\"og:locale\" content=\"fr_FR\" \/>\n<meta property=\"og:type\" content=\"article\" \/>\n<meta property=\"og:title\" content=\"ILLY Iperespresso X7.1 Rouge\" \/>\n<meta property=\"og:description\" content=\"La passion de la perfection Le design incomparable rappelle le geste du barista et l&#039;espresso que vous pr\u00e9parez chez vous est exactement comme celui du\" \/>\n<meta property=\"og:url\" content=\"https:\/\/www.erresse-shop.it\/fr\/shop\/petits-electromenagers\/machines-cafe\/a-dosettes-et-a-capsules\/illy-iperespresso-x7-1-rouge\/\" \/>\n<meta property=\"og:site_name\" content=\"Erresse Shop\" \/>\n<meta property=\"article:modified_time\" content=\"2021-12-22T07:42:30+00:00\" \/>\n<meta property=\"og:image\" content=\"https:\/\/www.erresse-shop.it\/wp-content\/uploads\/2013\/09\/Illy-Macchina-da-Caffe-X7.1-Rossa.jpg\" \/>\n\t<meta property=\"og:image:width\" content=\"800\" \/>\n\t<meta property=\"og:image:height\" content=\"800\" \/>\n\t<meta property=\"og:image:type\" content=\"image\/jpeg\" \/>\n<meta name=\"twitter:card\" content=\"summary_large_image\" \/>\n<script type=\"application\/ld+json\" class=\"yoast-schema-graph\">{\"@context\":\"https:\/\/schema.org\",\"@graph\":[{\"@type\":\"WebPage\",\"@id\":\"https:\/\/www.erresse-shop.it\/fr\/shop\/petits-electromenagers\/machines-cafe\/a-dosettes-et-a-capsules\/illy-iperespresso-x7-1-rouge\/\",\"url\":\"https:\/\/www.erresse-shop.it\/fr\/shop\/petits-electromenagers\/machines-cafe\/a-dosettes-et-a-capsules\/illy-iperespresso-x7-1-rouge\/\",\"name\":\"ILLY Iperespresso X7.1 Rouge - Erresse Shop\",\"isPartOf\":{\"@id\":\"https:\/\/www.erresse-shop.it\/fr\/#website\"},\"datePublished\":\"2013-09-18T18:27:53+00:00\",\"dateModified\":\"2021-12-22T07:42:30+00:00\",\"description\":\"La passion de la perfection Le design incomparable rappelle le geste du barista et l'espresso que vous pr\u00e9parez chez vous est exactement comme celui du\",\"breadcrumb\":{\"@id\":\"https:\/\/www.erresse-shop.it\/fr\/shop\/petits-electromenagers\/machines-cafe\/a-dosettes-et-a-capsules\/illy-iperespresso-x7-1-rouge\/#breadcrumb\"},\"inLanguage\":\"fr-FR\",\"potentialAction\":[{\"@type\":\"ReadAction\",\"target\":[\"https:\/\/www.erresse-shop.it\/fr\/shop\/petits-electromenagers\/machines-cafe\/a-dosettes-et-a-capsules\/illy-iperespresso-x7-1-rouge\/\"]}]},{\"@type\":\"BreadcrumbList\",\"@id\":\"https:\/\/www.erresse-shop.it\/fr\/shop\/petits-electromenagers\/machines-cafe\/a-dosettes-et-a-capsules\/illy-iperespresso-x7-1-rouge\/#breadcrumb\",\"itemListElement\":[{\"@type\":\"ListItem\",\"position\":1,\"name\":\"Home\",\"item\":\"https:\/\/www.erresse-shop.it\/fr\/\"},{\"@type\":\"ListItem\",\"position\":2,\"name\":\"Shop\",\"item\":\"https:\/\/www.erresse-shop.it\/fr\/shop\/\"},{\"@type\":\"ListItem\",\"position\":3,\"name\":\"ILLY Iperespresso X7.1 Rouge\"}]},{\"@type\":\"WebSite\",\"@id\":\"https:\/\/www.erresse-shop.it\/fr\/#website\",\"url\":\"https:\/\/www.erresse-shop.it\/fr\/\",\"name\":\"Erresse Shop\",\"description\":\"Articoli di qualit\u00e0 per la casa\",\"potentialAction\":[{\"@type\":\"SearchAction\",\"target\":{\"@type\":\"EntryPoint\",\"urlTemplate\":\"https:\/\/www.erresse-shop.it\/fr\/?s={search_term_string}\"},\"query-input\":\"required name=search_term_string\"}],\"inLanguage\":\"fr-FR\"}]}<\/script>\n<!-- \/ Yoast SEO Premium plugin. -->","yoast_head_json":{"title":"ILLY Iperespresso X7.1 Rouge - Erresse Shop","description":"La passion de la perfection Le design incomparable rappelle le geste du barista et l'espresso que vous pr\u00e9parez chez vous est exactement comme celui du","robots":{"index":"index","follow":"follow","max-snippet":"max-snippet:-1","max-image-preview":"max-image-preview:large","max-video-preview":"max-video-preview:-1"},"canonical":"https:\/\/www.erresse-shop.it\/fr\/shop\/petits-electromenagers\/machines-cafe\/a-dosettes-et-a-capsules\/illy-iperespresso-x7-1-rouge\/","og_locale":"fr_FR","og_type":"article","og_title":"ILLY Iperespresso X7.1 Rouge","og_description":"La passion de la perfection Le design incomparable rappelle le geste du barista et l'espresso que vous pr\u00e9parez chez vous est exactement comme celui du","og_url":"https:\/\/www.erresse-shop.it\/fr\/shop\/petits-electromenagers\/machines-cafe\/a-dosettes-et-a-capsules\/illy-iperespresso-x7-1-rouge\/","og_site_name":"Erresse Shop","article_modified_time":"2021-12-22T07:42:30+00:00","og_image":[{"width":800,"height":800,"url":"https:\/\/www.erresse-shop.it\/wp-content\/uploads\/2013\/09\/Illy-Macchina-da-Caffe-X7.1-Rossa.jpg","type":"image\/jpeg"}],"twitter_card":"summary_large_image","schema":{"@context":"https:\/\/schema.org","@graph":[{"@type":"WebPage","@id":"https:\/\/www.erresse-shop.it\/fr\/shop\/petits-electromenagers\/machines-cafe\/a-dosettes-et-a-capsules\/illy-iperespresso-x7-1-rouge\/","url":"https:\/\/www.erresse-shop.it\/fr\/shop\/petits-electromenagers\/machines-cafe\/a-dosettes-et-a-capsules\/illy-iperespresso-x7-1-rouge\/","name":"ILLY Iperespresso X7.1 Rouge - Erresse Shop","isPartOf":{"@id":"https:\/\/www.erresse-shop.it\/fr\/#website"},"datePublished":"2013-09-18T18:27:53+00:00","dateModified":"2021-12-22T07:42:30+00:00","description":"La passion de la perfection Le design incomparable rappelle le geste du barista et l'espresso que vous pr\u00e9parez chez vous est exactement comme celui du","breadcrumb":{"@id":"https:\/\/www.erresse-shop.it\/fr\/shop\/petits-electromenagers\/machines-cafe\/a-dosettes-et-a-capsules\/illy-iperespresso-x7-1-rouge\/#breadcrumb"},"inLanguage":"fr-FR","potentialAction":[{"@type":"ReadAction","target":["https:\/\/www.erresse-shop.it\/fr\/shop\/petits-electromenagers\/machines-cafe\/a-dosettes-et-a-capsules\/illy-iperespresso-x7-1-rouge\/"]}]},{"@type":"BreadcrumbList","@id":"https:\/\/www.erresse-shop.it\/fr\/shop\/petits-electromenagers\/machines-cafe\/a-dosettes-et-a-capsules\/illy-iperespresso-x7-1-rouge\/#breadcrumb","itemListElement":[{"@type":"ListItem","position":1,"name":"Home","item":"https:\/\/www.erresse-shop.it\/fr\/"},{"@type":"ListItem","position":2,"name":"Shop","item":"https:\/\/www.erresse-shop.it\/fr\/shop\/"},{"@type":"ListItem","position":3,"name":"ILLY Iperespresso X7.1 Rouge"}]},{"@type":"WebSite","@id":"https:\/\/www.erresse-shop.it\/fr\/#website","url":"https:\/\/www.erresse-shop.it\/fr\/","name":"Erresse Shop","description":"Articoli di qualit\u00e0 per la casa","potentialAction":[{"@type":"SearchAction","target":{"@type":"EntryPoint","urlTemplate":"https:\/\/www.erresse-shop.it\/fr\/?s={search_term_string}"},"query-input":"required name=search_term_string"}],"inLanguage":"fr-FR"}]}},"df_price":169.15,"df_sale_price":169.15,"df_regular_price":199,"df_image_link":"https:\/\/www.erresse-shop.it\/wp-content\/uploads\/2013\/09\/Illy-Macchina-da-Caffe-X7.1-Rossa-300x300.jpg","_links":{"self":[{"href":"https:\/\/www.erresse-shop.it\/fr\/wp-json\/wp\/v2\/product\/59486"}],"collection":[{"href":"https:\/\/www.erresse-shop.it\/fr\/wp-json\/wp\/v2\/product"}],"about":[{"href":"https:\/\/www.erresse-shop.it\/fr\/wp-json\/wp\/v2\/types\/product"}],"wp:featuredmedia":[{"embeddable":true,"href":"https:\/\/www.erresse-shop.it\/fr\/wp-json\/wp\/v2\/media\/122520"}],"wp:attachment":[{"href":"https:\/\/www.erresse-shop.it\/fr\/wp-json\/wp\/v2\/media?parent=59486"}],"wp:term":[{"taxonomy":"product_cat","embeddable":true,"href":"https:\/\/www.erresse-shop.it\/fr\/wp-json\/wp\/v2\/product_cat?post=59486"},{"taxonomy":"product_tag","embeddable":true,"href":"https:\/\/www.erresse-shop.it\/fr\/wp-json\/wp\/v2\/product_tag?post=59486"}],"curies":[{"name":"wp","href":"https:\/\/api.w.org\/{rel}","templated":true}]}}