{"id":59240,"date":"2020-03-11T07:51:09","date_gmt":"2020-03-11T07:51:12","guid":{"rendered":"https:\/\/www.erresse-shop.it\/?post_type=product&#038;p=59240"},"modified":"2025-01-13T14:25:23","modified_gmt":"2025-01-13T14:25:23","slug":"marcato-machine-pour-pates-atlas150-noir","status":"publish","type":"product","link":"https:\/\/www.erresse-shop.it\/fr\/shop\/cuisine\/machines-pour-pates\/marcato-machine-pour-pates-atlas150-noir\/","title":{"rendered":"MARCATO Machine pour P\u00e2tes Atlas150 Noir"},"content":{"rendered":"<p style=\"text-align: justify;\">La <strong>machine pour p\u00e2tes<\/strong> la plus populaire de la maison. Ic\u00f4ne du design Made in Italy.<br \/>\nAvec l&#8217;<strong>Atlas 150<\/strong>, vous pouvez facilement faire des lasagnes, des fettucine, des tagliolini et 13 autres formes de p\u00e2tes gr\u00e2ce \u00e0 une large gamme d&#8217;accessoires.<br \/>\nL&#8217;Atlas 150 est disponible en acier chrom\u00e9 ou en 7 couleurs diff\u00e9rentes en aluminium anodis\u00e9.<\/p>\n<p style=\"text-align: justify;\"><strong>Pour les amoureux du design et du style italien<\/strong><br \/>\nLe choix de votre nouvelle machine \u00e0 p\u00e2tes est un moment particulier, c&#8217;est pourquoi nous avons cr\u00e9\u00e9 diff\u00e9rentes finitions pour s&#8217;adapter \u00e0 votre style.<\/p>\n<p style=\"text-align: justify;\"><strong>Le moderne en aluminium color\u00e9<\/strong><br \/>\nNous avons choisi l&#8217;aluminium anodis\u00e9 pour vous garantir un produit color\u00e9 de la plus haute qualit\u00e9 et sans danger pour votre sant\u00e9. Une caract\u00e9ristique importante qui fait de l&#8217;Atlas 150 la seule machine enti\u00e8rement anodis\u00e9e pouvant \u00eatre utilis\u00e9e en contact avec les aliments.<\/p>\n<p style=\"text-align: justify;\"><strong>ON VA PR\u00c9PARER LA P\u00c2TE<\/strong><\/p>\n<p style=\"text-align: justify;\">250g de farine de bl\u00e9 tendre de type &#8221; 00 &#8220;.<br \/>\n250g de farine de bl\u00e9 dur (semoule)<br \/>\n5 \u0153ufs entiers et de l&#8217;eau jusqu&#8217;\u00e0 un total de 250g<\/p>\n<p style=\"text-align: justify;\">Versez la farine dans un bol ; ajoutez les \u0153ufs et l&#8217;eau entre les deux. Remuez les \u0153ufs et l&#8217;eau avec une fourchette pour les m\u00e9langer compl\u00e8tement \u00e0 la farine. N&#8217;ajoutez pas de sel !<br \/>\nTravaillez la p\u00e2te avec vos mains jusqu&#8217;\u00e0 ce qu&#8217;elle soit compl\u00e8tement homog\u00e8ne et consistante. Si la p\u00e2te est trop s\u00e8che, ajoutez de l&#8217;eau, si elle est trop molle, ajoutez de la farine. Une bonne p\u00e2te ne doit jamais coller \u00e0 vos doigts. Retirez la p\u00e2te du bol et placez-la sur une table l\u00e9g\u00e8rement farin\u00e9e. Continuez, si n\u00e9cessaire, \u00e0 travailler la p\u00e2te avec vos mains et \u00e0 la couper en petits morceaux.<\/p>\n","protected":false},"excerpt":{"rendered":"<p>La machine pour p\u00e2tes la plus populaire de la maison. Ic\u00f4ne du design Made in Italy. Avec l&#8217;Atlas 150, vous<\/p>\n","protected":false},"featured_media":96607,"template":"","meta":{"_acf_changed":false,"inline_featured_image":false},"product_cat":[12748,12941],"product_tag":[14830,12856],"acf":[],"yoast_head":"<!-- This site is optimized with the Yoast SEO Premium plugin v18.6 (Yoast SEO v19.13) - https:\/\/yoast.com\/wordpress\/plugins\/seo\/ -->\n<title>MARCATO Machine pour P\u00e2tes Atlas150 Noir<\/title>\n<meta name=\"description\" content=\"D\u00e9couvrez MARCATO Machine pour P\u00e2tes Atlas150 Noir sur ErresseShop. Qualit\u00e9, prix r\u00e9duits et achat s\u00e9curis\u00e9 \u2013 commandez d\u00e8s maintenant en ligne !\" \/>\n<meta name=\"robots\" content=\"index, follow, max-snippet:-1, max-image-preview:large, max-video-preview:-1\" \/>\n<link rel=\"canonical\" href=\"https:\/\/www.erresse-shop.it\/fr\/shop\/cuisine\/machines-pour-pates\/marcato-machine-pour-pates-atlas150-noir\/\" \/>\n<meta property=\"og:locale\" content=\"fr_FR\" \/>\n<meta property=\"og:type\" content=\"article\" \/>\n<meta property=\"og:title\" content=\"MARCATO Machine pour P\u00e2tes Atlas150 Noir\" \/>\n<meta property=\"og:description\" content=\"D\u00e9couvrez MARCATO Machine pour P\u00e2tes Atlas150 Noir sur ErresseShop. Qualit\u00e9, prix r\u00e9duits et achat s\u00e9curis\u00e9 \u2013 commandez d\u00e8s maintenant en ligne !\" \/>\n<meta property=\"og:url\" content=\"https:\/\/www.erresse-shop.it\/fr\/shop\/cuisine\/machines-pour-pates\/marcato-machine-pour-pates-atlas150-noir\/\" \/>\n<meta property=\"og:site_name\" content=\"Erresse Shop\" \/>\n<meta property=\"article:modified_time\" content=\"2025-01-13T14:25:23+00:00\" \/>\n<meta property=\"og:image\" content=\"https:\/\/www.erresse-shop.it\/wp-content\/uploads\/2020\/03\/MARCATO-Macchina-per-Pasta-Atlas-150-Nero.jpg\" \/>\n\t<meta property=\"og:image:width\" content=\"1000\" \/>\n\t<meta property=\"og:image:height\" content=\"1000\" \/>\n\t<meta property=\"og:image:type\" content=\"image\/jpeg\" \/>\n<meta name=\"twitter:card\" content=\"summary_large_image\" \/>\n<script type=\"application\/ld+json\" class=\"yoast-schema-graph\">{\"@context\":\"https:\/\/schema.org\",\"@graph\":[{\"@type\":\"WebPage\",\"@id\":\"https:\/\/www.erresse-shop.it\/fr\/shop\/cuisine\/machines-pour-pates\/marcato-machine-pour-pates-atlas150-noir\/\",\"url\":\"https:\/\/www.erresse-shop.it\/fr\/shop\/cuisine\/machines-pour-pates\/marcato-machine-pour-pates-atlas150-noir\/\",\"name\":\"MARCATO Machine pour P\u00e2tes Atlas150 Noir\",\"isPartOf\":{\"@id\":\"https:\/\/www.erresse-shop.it\/fr\/#website\"},\"datePublished\":\"2020-03-11T07:51:12+00:00\",\"dateModified\":\"2025-01-13T14:25:23+00:00\",\"description\":\"D\u00e9couvrez MARCATO Machine pour P\u00e2tes Atlas150 Noir sur ErresseShop. Qualit\u00e9, prix r\u00e9duits et achat s\u00e9curis\u00e9 \u2013 commandez d\u00e8s maintenant en ligne !\",\"breadcrumb\":{\"@id\":\"https:\/\/www.erresse-shop.it\/fr\/shop\/cuisine\/machines-pour-pates\/marcato-machine-pour-pates-atlas150-noir\/#breadcrumb\"},\"inLanguage\":\"fr-FR\",\"potentialAction\":[{\"@type\":\"ReadAction\",\"target\":[\"https:\/\/www.erresse-shop.it\/fr\/shop\/cuisine\/machines-pour-pates\/marcato-machine-pour-pates-atlas150-noir\/\"]}]},{\"@type\":\"BreadcrumbList\",\"@id\":\"https:\/\/www.erresse-shop.it\/fr\/shop\/cuisine\/machines-pour-pates\/marcato-machine-pour-pates-atlas150-noir\/#breadcrumb\",\"itemListElement\":[{\"@type\":\"ListItem\",\"position\":1,\"name\":\"Home\",\"item\":\"https:\/\/www.erresse-shop.it\/fr\/\"},{\"@type\":\"ListItem\",\"position\":2,\"name\":\"Shop\",\"item\":\"https:\/\/www.erresse-shop.it\/fr\/shop\/\"},{\"@type\":\"ListItem\",\"position\":3,\"name\":\"MARCATO Machine pour P\u00e2tes Atlas150 Noir\"}]},{\"@type\":\"WebSite\",\"@id\":\"https:\/\/www.erresse-shop.it\/fr\/#website\",\"url\":\"https:\/\/www.erresse-shop.it\/fr\/\",\"name\":\"Erresse Shop\",\"description\":\"Articoli di qualit\u00e0 per la casa\",\"potentialAction\":[{\"@type\":\"SearchAction\",\"target\":{\"@type\":\"EntryPoint\",\"urlTemplate\":\"https:\/\/www.erresse-shop.it\/fr\/?s={search_term_string}\"},\"query-input\":\"required name=search_term_string\"}],\"inLanguage\":\"fr-FR\"}]}<\/script>\n<!-- \/ Yoast SEO Premium plugin. -->","yoast_head_json":{"title":"MARCATO Machine pour P\u00e2tes Atlas150 Noir","description":"D\u00e9couvrez MARCATO Machine pour P\u00e2tes Atlas150 Noir sur ErresseShop. Qualit\u00e9, prix r\u00e9duits et achat s\u00e9curis\u00e9 \u2013 commandez d\u00e8s maintenant en ligne !","robots":{"index":"index","follow":"follow","max-snippet":"max-snippet:-1","max-image-preview":"max-image-preview:large","max-video-preview":"max-video-preview:-1"},"canonical":"https:\/\/www.erresse-shop.it\/fr\/shop\/cuisine\/machines-pour-pates\/marcato-machine-pour-pates-atlas150-noir\/","og_locale":"fr_FR","og_type":"article","og_title":"MARCATO Machine pour P\u00e2tes Atlas150 Noir","og_description":"D\u00e9couvrez MARCATO Machine pour P\u00e2tes Atlas150 Noir sur ErresseShop. Qualit\u00e9, prix r\u00e9duits et achat s\u00e9curis\u00e9 \u2013 commandez d\u00e8s maintenant en ligne !","og_url":"https:\/\/www.erresse-shop.it\/fr\/shop\/cuisine\/machines-pour-pates\/marcato-machine-pour-pates-atlas150-noir\/","og_site_name":"Erresse Shop","article_modified_time":"2025-01-13T14:25:23+00:00","og_image":[{"width":1000,"height":1000,"url":"https:\/\/www.erresse-shop.it\/wp-content\/uploads\/2020\/03\/MARCATO-Macchina-per-Pasta-Atlas-150-Nero.jpg","type":"image\/jpeg"}],"twitter_card":"summary_large_image","schema":{"@context":"https:\/\/schema.org","@graph":[{"@type":"WebPage","@id":"https:\/\/www.erresse-shop.it\/fr\/shop\/cuisine\/machines-pour-pates\/marcato-machine-pour-pates-atlas150-noir\/","url":"https:\/\/www.erresse-shop.it\/fr\/shop\/cuisine\/machines-pour-pates\/marcato-machine-pour-pates-atlas150-noir\/","name":"MARCATO Machine pour P\u00e2tes Atlas150 Noir","isPartOf":{"@id":"https:\/\/www.erresse-shop.it\/fr\/#website"},"datePublished":"2020-03-11T07:51:12+00:00","dateModified":"2025-01-13T14:25:23+00:00","description":"D\u00e9couvrez MARCATO Machine pour P\u00e2tes Atlas150 Noir sur ErresseShop. Qualit\u00e9, prix r\u00e9duits et achat s\u00e9curis\u00e9 \u2013 commandez d\u00e8s maintenant en ligne !","breadcrumb":{"@id":"https:\/\/www.erresse-shop.it\/fr\/shop\/cuisine\/machines-pour-pates\/marcato-machine-pour-pates-atlas150-noir\/#breadcrumb"},"inLanguage":"fr-FR","potentialAction":[{"@type":"ReadAction","target":["https:\/\/www.erresse-shop.it\/fr\/shop\/cuisine\/machines-pour-pates\/marcato-machine-pour-pates-atlas150-noir\/"]}]},{"@type":"BreadcrumbList","@id":"https:\/\/www.erresse-shop.it\/fr\/shop\/cuisine\/machines-pour-pates\/marcato-machine-pour-pates-atlas150-noir\/#breadcrumb","itemListElement":[{"@type":"ListItem","position":1,"name":"Home","item":"https:\/\/www.erresse-shop.it\/fr\/"},{"@type":"ListItem","position":2,"name":"Shop","item":"https:\/\/www.erresse-shop.it\/fr\/shop\/"},{"@type":"ListItem","position":3,"name":"MARCATO Machine pour P\u00e2tes Atlas150 Noir"}]},{"@type":"WebSite","@id":"https:\/\/www.erresse-shop.it\/fr\/#website","url":"https:\/\/www.erresse-shop.it\/fr\/","name":"Erresse Shop","description":"Articoli di qualit\u00e0 per la casa","potentialAction":[{"@type":"SearchAction","target":{"@type":"EntryPoint","urlTemplate":"https:\/\/www.erresse-shop.it\/fr\/?s={search_term_string}"},"query-input":"required name=search_term_string"}],"inLanguage":"fr-FR"}]}},"df_price":65.25,"df_sale_price":65.25,"df_regular_price":130.5,"df_image_link":"https:\/\/www.erresse-shop.it\/wp-content\/uploads\/2020\/03\/MARCATO-Macchina-per-Pasta-Atlas-150-Nero-300x300.jpg","_links":{"self":[{"href":"https:\/\/www.erresse-shop.it\/fr\/wp-json\/wp\/v2\/product\/59240"}],"collection":[{"href":"https:\/\/www.erresse-shop.it\/fr\/wp-json\/wp\/v2\/product"}],"about":[{"href":"https:\/\/www.erresse-shop.it\/fr\/wp-json\/wp\/v2\/types\/product"}],"wp:featuredmedia":[{"embeddable":true,"href":"https:\/\/www.erresse-shop.it\/fr\/wp-json\/wp\/v2\/media\/96607"}],"wp:attachment":[{"href":"https:\/\/www.erresse-shop.it\/fr\/wp-json\/wp\/v2\/media?parent=59240"}],"wp:term":[{"taxonomy":"product_cat","embeddable":true,"href":"https:\/\/www.erresse-shop.it\/fr\/wp-json\/wp\/v2\/product_cat?post=59240"},{"taxonomy":"product_tag","embeddable":true,"href":"https:\/\/www.erresse-shop.it\/fr\/wp-json\/wp\/v2\/product_tag?post=59240"}],"curies":[{"name":"wp","href":"https:\/\/api.w.org\/{rel}","templated":true}]}}