{"id":57177,"date":"2012-01-29T09:57:47","date_gmt":"2012-01-29T09:57:47","guid":{"rendered":"https:\/\/www.erresse-shop.it\/shop\/non%20class\u00e9\/zwilling-bloc-de-couteaux-en-bambou-7-pcs-professionnels\/"},"modified":"2025-01-13T14:24:07","modified_gmt":"2025-01-13T14:24:07","slug":"zwilling-bloc-de-couteaux-en-bambou-7-pcs-professionnels","status":"publish","type":"product","link":"https:\/\/www.erresse-shop.it\/fr\/shop\/cuisine\/couteaux\/zwilling-bloc-de-couteaux-en-bambou-7-pcs-professionnels\/","title":{"rendered":"ZWILLING Bloc de Couteaux en Bambou, 7 pcs. Professionnels"},"content":{"rendered":"<p>Professionnel S : Un classique pour la cuisine professionnelle. Traditionnel et classique. Les chefs du monde entier font confiance \u00e0 la qualit\u00e9 et \u00e0 la tradition de cette s\u00e9rie de couteaux rivet\u00e9s.<\/p>\n<p>TRADITIONNEL ET CLASSIQUE<br \/>\nLes chefs professionnels du monde entier font confiance \u00e0 la qualit\u00e9 et \u00e0 la tradition de cette s\u00e9rie de couteaux rivet\u00e9s. La solidit\u00e9 de l&#8217;acier et la fabrication sans soudure assurent un \u00e9quilibre optimal et une manipulation s\u00fbre.<\/p>\n<p>&#8211; QUALIT\u00c9 :<br \/>\nL&#8217;acier \u00e0 formule sp\u00e9ciale ZWILLING J.A. HENCKELS convainc par son \u00e9quilibre optimal de la teneur en chrome et en carbone &#8211; le secret d&#8217;un acier de qualit\u00e9 particuli\u00e8rement \u00e9lev\u00e9e. Les couteaux de la marque FRIODUR ont \u00e9t\u00e9 tremp\u00e9s dans la glace pour am\u00e9liorer leur qualit\u00e9. Ils ont des propri\u00e9t\u00e9s de coupe exceptionnelles, sont particuli\u00e8rement r\u00e9sistants \u00e0 la corrosion et flexibles.<\/p>\n<p>&#8211; FONCTION :<br \/>\nLa mitre assure le bon \u00e9quilibre. De plus, elle fait office de prot\u00e8ge-doigts et emp\u00eache les doigts de glisser sur la lame.<\/p>\n<p>&#8211; PR\u00c9CISION :<br \/>\nLes couteaux SIGMAFORGE, forg\u00e9s avec pr\u00e9cision \u00e0 partir d&#8217;une seule pi\u00e8ce pour une g\u00e9om\u00e9trie impeccable. La condition de base pour un aff\u00fbtage pr\u00e9cis et une coupe optimale.<\/p>\n<p>&#8211; MANIPULATION :<br \/>\nLa transition sans faille de la mitre au manche permet une manipulation ais\u00e9e.<\/p>\n<p>&#8211; POINT FORT :<br \/>\nLe classique pour la cuisine professionnelle. Le design \u00e0 3 rivets avec une pleine saillie convainc par son \u00e9quilibre optimal.<\/p>\n<p>Contenu :<br \/>\n-31020-100-1 Couteau \u00e0 \u00e9plucher 100mm<br \/>\n-31025-130-1 Couteau utilitaire 130mm<br \/>\n-31021-200-1 Couteau de chef 200mm<br \/>\n-31026-200-1 Couteau \u00e0 pain 200mm<br \/>\n-TWIN\u00ae Acier \u00e0 aiguiser (manche synth\u00e9tique, noir) 230 mm (9 &#8220;)<br \/>\n-Cisailles polyvalentes 205 mm (8 &#8220;)<\/p>\n","protected":false},"excerpt":{"rendered":"<p>Professionnel S : Un classique pour la cuisine professionnelle. Traditionnel et classique. Les chefs du monde entier font confiance \u00e0<\/p>\n","protected":false},"featured_media":113530,"template":"","meta":{"_acf_changed":false,"inline_featured_image":false},"product_cat":[12745,12742,12748],"product_tag":[12838,15838,13621,15400,12823],"acf":[],"yoast_head":"<!-- This site is optimized with the Yoast SEO Premium plugin v18.6 (Yoast SEO v19.13) - https:\/\/yoast.com\/wordpress\/plugins\/seo\/ -->\n<title>ZWILLING Bloc de Couteaux en Bambou, 7 pcs. Professionnels<\/title>\n<meta name=\"description\" content=\"D\u00e9couvrez ZWILLING Bloc de Couteaux en Bambou, 7 pcs. Professionnels sur ErresseShop. Qualit\u00e9, prix r\u00e9duits et achat s\u00e9curis\u00e9 \u2013 commandez d\u00e8s maintenant en ligne !\" \/>\n<meta name=\"robots\" content=\"index, follow, max-snippet:-1, max-image-preview:large, max-video-preview:-1\" \/>\n<link rel=\"canonical\" href=\"https:\/\/www.erresse-shop.it\/fr\/shop\/cuisine\/couteaux\/zwilling-bloc-de-couteaux-en-bambou-7-pcs-professionnels\/\" \/>\n<meta property=\"og:locale\" content=\"fr_FR\" \/>\n<meta property=\"og:type\" content=\"article\" \/>\n<meta property=\"og:title\" content=\"ZWILLING Bloc de Couteaux en Bambou, 7 pcs. Professionnels\" \/>\n<meta property=\"og:description\" content=\"D\u00e9couvrez ZWILLING Bloc de Couteaux en Bambou, 7 pcs. Professionnels sur ErresseShop. Qualit\u00e9, prix r\u00e9duits et achat s\u00e9curis\u00e9 \u2013 commandez d\u00e8s maintenant en ligne !\" \/>\n<meta property=\"og:url\" content=\"https:\/\/www.erresse-shop.it\/fr\/shop\/cuisine\/couteaux\/zwilling-bloc-de-couteaux-en-bambou-7-pcs-professionnels\/\" \/>\n<meta property=\"og:site_name\" content=\"Erresse Shop\" \/>\n<meta property=\"article:modified_time\" content=\"2025-01-13T14:24:07+00:00\" \/>\n<meta property=\"og:image\" content=\"https:\/\/www.erresse-shop.it\/wp-content\/uploads\/2012\/01\/ZWILLING-Professional-S-7-1.jpg\" \/>\n\t<meta property=\"og:image:width\" content=\"1000\" \/>\n\t<meta property=\"og:image:height\" content=\"1000\" \/>\n\t<meta property=\"og:image:type\" content=\"image\/jpeg\" \/>\n<meta name=\"twitter:card\" content=\"summary_large_image\" \/>\n<script type=\"application\/ld+json\" class=\"yoast-schema-graph\">{\"@context\":\"https:\/\/schema.org\",\"@graph\":[{\"@type\":\"WebPage\",\"@id\":\"https:\/\/www.erresse-shop.it\/fr\/shop\/cuisine\/couteaux\/zwilling-bloc-de-couteaux-en-bambou-7-pcs-professionnels\/\",\"url\":\"https:\/\/www.erresse-shop.it\/fr\/shop\/cuisine\/couteaux\/zwilling-bloc-de-couteaux-en-bambou-7-pcs-professionnels\/\",\"name\":\"ZWILLING Bloc de Couteaux en Bambou, 7 pcs. Professionnels\",\"isPartOf\":{\"@id\":\"https:\/\/www.erresse-shop.it\/fr\/#website\"},\"datePublished\":\"2012-01-29T09:57:47+00:00\",\"dateModified\":\"2025-01-13T14:24:07+00:00\",\"description\":\"D\u00e9couvrez ZWILLING Bloc de Couteaux en Bambou, 7 pcs. Professionnels sur ErresseShop. Qualit\u00e9, prix r\u00e9duits et achat s\u00e9curis\u00e9 \u2013 commandez d\u00e8s maintenant en ligne !\",\"breadcrumb\":{\"@id\":\"https:\/\/www.erresse-shop.it\/fr\/shop\/cuisine\/couteaux\/zwilling-bloc-de-couteaux-en-bambou-7-pcs-professionnels\/#breadcrumb\"},\"inLanguage\":\"fr-FR\",\"potentialAction\":[{\"@type\":\"ReadAction\",\"target\":[\"https:\/\/www.erresse-shop.it\/fr\/shop\/cuisine\/couteaux\/zwilling-bloc-de-couteaux-en-bambou-7-pcs-professionnels\/\"]}]},{\"@type\":\"BreadcrumbList\",\"@id\":\"https:\/\/www.erresse-shop.it\/fr\/shop\/cuisine\/couteaux\/zwilling-bloc-de-couteaux-en-bambou-7-pcs-professionnels\/#breadcrumb\",\"itemListElement\":[{\"@type\":\"ListItem\",\"position\":1,\"name\":\"Home\",\"item\":\"https:\/\/www.erresse-shop.it\/fr\/\"},{\"@type\":\"ListItem\",\"position\":2,\"name\":\"Shop\",\"item\":\"https:\/\/www.erresse-shop.it\/fr\/shop\/\"},{\"@type\":\"ListItem\",\"position\":3,\"name\":\"ZWILLING Bloc de Couteaux en Bambou, 7 pcs. Professionnels\"}]},{\"@type\":\"WebSite\",\"@id\":\"https:\/\/www.erresse-shop.it\/fr\/#website\",\"url\":\"https:\/\/www.erresse-shop.it\/fr\/\",\"name\":\"Erresse Shop\",\"description\":\"Articoli di qualit\u00e0 per la casa\",\"potentialAction\":[{\"@type\":\"SearchAction\",\"target\":{\"@type\":\"EntryPoint\",\"urlTemplate\":\"https:\/\/www.erresse-shop.it\/fr\/?s={search_term_string}\"},\"query-input\":\"required name=search_term_string\"}],\"inLanguage\":\"fr-FR\"}]}<\/script>\n<!-- \/ Yoast SEO Premium plugin. -->","yoast_head_json":{"title":"ZWILLING Bloc de Couteaux en Bambou, 7 pcs. Professionnels","description":"D\u00e9couvrez ZWILLING Bloc de Couteaux en Bambou, 7 pcs. Professionnels sur ErresseShop. Qualit\u00e9, prix r\u00e9duits et achat s\u00e9curis\u00e9 \u2013 commandez d\u00e8s maintenant en ligne !","robots":{"index":"index","follow":"follow","max-snippet":"max-snippet:-1","max-image-preview":"max-image-preview:large","max-video-preview":"max-video-preview:-1"},"canonical":"https:\/\/www.erresse-shop.it\/fr\/shop\/cuisine\/couteaux\/zwilling-bloc-de-couteaux-en-bambou-7-pcs-professionnels\/","og_locale":"fr_FR","og_type":"article","og_title":"ZWILLING Bloc de Couteaux en Bambou, 7 pcs. Professionnels","og_description":"D\u00e9couvrez ZWILLING Bloc de Couteaux en Bambou, 7 pcs. Professionnels sur ErresseShop. Qualit\u00e9, prix r\u00e9duits et achat s\u00e9curis\u00e9 \u2013 commandez d\u00e8s maintenant en ligne !","og_url":"https:\/\/www.erresse-shop.it\/fr\/shop\/cuisine\/couteaux\/zwilling-bloc-de-couteaux-en-bambou-7-pcs-professionnels\/","og_site_name":"Erresse Shop","article_modified_time":"2025-01-13T14:24:07+00:00","og_image":[{"width":1000,"height":1000,"url":"https:\/\/www.erresse-shop.it\/wp-content\/uploads\/2012\/01\/ZWILLING-Professional-S-7-1.jpg","type":"image\/jpeg"}],"twitter_card":"summary_large_image","schema":{"@context":"https:\/\/schema.org","@graph":[{"@type":"WebPage","@id":"https:\/\/www.erresse-shop.it\/fr\/shop\/cuisine\/couteaux\/zwilling-bloc-de-couteaux-en-bambou-7-pcs-professionnels\/","url":"https:\/\/www.erresse-shop.it\/fr\/shop\/cuisine\/couteaux\/zwilling-bloc-de-couteaux-en-bambou-7-pcs-professionnels\/","name":"ZWILLING Bloc de Couteaux en Bambou, 7 pcs. Professionnels","isPartOf":{"@id":"https:\/\/www.erresse-shop.it\/fr\/#website"},"datePublished":"2012-01-29T09:57:47+00:00","dateModified":"2025-01-13T14:24:07+00:00","description":"D\u00e9couvrez ZWILLING Bloc de Couteaux en Bambou, 7 pcs. Professionnels sur ErresseShop. Qualit\u00e9, prix r\u00e9duits et achat s\u00e9curis\u00e9 \u2013 commandez d\u00e8s maintenant en ligne !","breadcrumb":{"@id":"https:\/\/www.erresse-shop.it\/fr\/shop\/cuisine\/couteaux\/zwilling-bloc-de-couteaux-en-bambou-7-pcs-professionnels\/#breadcrumb"},"inLanguage":"fr-FR","potentialAction":[{"@type":"ReadAction","target":["https:\/\/www.erresse-shop.it\/fr\/shop\/cuisine\/couteaux\/zwilling-bloc-de-couteaux-en-bambou-7-pcs-professionnels\/"]}]},{"@type":"BreadcrumbList","@id":"https:\/\/www.erresse-shop.it\/fr\/shop\/cuisine\/couteaux\/zwilling-bloc-de-couteaux-en-bambou-7-pcs-professionnels\/#breadcrumb","itemListElement":[{"@type":"ListItem","position":1,"name":"Home","item":"https:\/\/www.erresse-shop.it\/fr\/"},{"@type":"ListItem","position":2,"name":"Shop","item":"https:\/\/www.erresse-shop.it\/fr\/shop\/"},{"@type":"ListItem","position":3,"name":"ZWILLING Bloc de Couteaux en Bambou, 7 pcs. Professionnels"}]},{"@type":"WebSite","@id":"https:\/\/www.erresse-shop.it\/fr\/#website","url":"https:\/\/www.erresse-shop.it\/fr\/","name":"Erresse Shop","description":"Articoli di qualit\u00e0 per la casa","potentialAction":[{"@type":"SearchAction","target":{"@type":"EntryPoint","urlTemplate":"https:\/\/www.erresse-shop.it\/fr\/?s={search_term_string}"},"query-input":"required name=search_term_string"}],"inLanguage":"fr-FR"}]}},"df_price":164.5,"df_sale_price":164.5,"df_regular_price":329,"df_image_link":"https:\/\/www.erresse-shop.it\/wp-content\/uploads\/2012\/01\/ZWILLING-Professional-S-7-1-300x300.jpg","_links":{"self":[{"href":"https:\/\/www.erresse-shop.it\/fr\/wp-json\/wp\/v2\/product\/57177"}],"collection":[{"href":"https:\/\/www.erresse-shop.it\/fr\/wp-json\/wp\/v2\/product"}],"about":[{"href":"https:\/\/www.erresse-shop.it\/fr\/wp-json\/wp\/v2\/types\/product"}],"wp:featuredmedia":[{"embeddable":true,"href":"https:\/\/www.erresse-shop.it\/fr\/wp-json\/wp\/v2\/media\/113530"}],"wp:attachment":[{"href":"https:\/\/www.erresse-shop.it\/fr\/wp-json\/wp\/v2\/media?parent=57177"}],"wp:term":[{"taxonomy":"product_cat","embeddable":true,"href":"https:\/\/www.erresse-shop.it\/fr\/wp-json\/wp\/v2\/product_cat?post=57177"},{"taxonomy":"product_tag","embeddable":true,"href":"https:\/\/www.erresse-shop.it\/fr\/wp-json\/wp\/v2\/product_tag?post=57177"}],"curies":[{"name":"wp","href":"https:\/\/api.w.org\/{rel}","templated":true}]}}