{"id":57173,"date":"2012-01-26T17:18:32","date_gmt":"2012-01-26T17:18:32","guid":{"rendered":"https:\/\/www.erresse-shop.it\/shop\/non%20class\u00e9\/dualit-grill-pain-2-tranche-newgen-inox\/"},"modified":"2025-03-02T12:43:58","modified_gmt":"2025-03-02T12:43:58","slug":"dualit-grill-pain-2-tranche-newgen-inox","status":"publish","type":"product","link":"https:\/\/www.erresse-shop.it\/fr\/shop\/cuisine\/dualit-grill-pain-2-tranche-newgen-inox\/","title":{"rendered":"DUALIT Grill-Pain 2 Tranche &#8220;NewGen&#8221; Inox"},"content":{"rendered":"<p>Le succ\u00e8s de Dualit repose sur une vision unique de l&#8217;entreprise et de ses produits, qui n&#8217;a pas chang\u00e9 depuis que Max Gort-Barten a cr\u00e9\u00e9 l&#8217;entreprise dans les ann\u00e9es 1940. L&#8217;\u00e9thique de l&#8217;entreprise peut \u00eatre r\u00e9sum\u00e9e par ces principes directeurs :<br \/>\nQualit\u00e9 Dualit : Beaucoup d&#8217;entreprises parlent de qualit\u00e9 ; pour Dualit, c&#8217;est un \u00e9l\u00e9ment fondamental de l&#8217;entreprise. Notre politique de qualit\u00e9 a pour but de fournir aux employ\u00e9s et aux fournisseurs un cadre qui garantit qu&#8217;ils tiennent les promesses faites aux clients, qu&#8217;il s&#8217;agisse de produits ou de services. Son succ\u00e8s est la cons\u00e9quence de plusieurs facteurs cl\u00e9s : un processus continu de contr\u00f4le et d&#8217;am\u00e9lioration, des &#8220;champions&#8221; de la direction, des relations avec les fournisseurs qui fonctionnent comme de v\u00e9ritables partenariats et des employ\u00e9s qui font souvent &#8220;un effort suppl\u00e9mentaire&#8221; pour le b\u00e9n\u00e9fice de leurs clients.<br \/>\nResponsabilit\u00e9 de Dualit : Nos clients ont des attentes \u00e9lev\u00e9es concernant nos normes \u00e9thiques et nous devons nous assurer que nous pouvons r\u00e9pondre \u00e0 ces attentes. C&#8217;est pourquoi Dualit a mis en place une proc\u00e9dure d&#8217;approvisionnement \u00e9thique bas\u00e9e sur des normes internationales telles que les conventions de l&#8217;Organisation internationale du travail. Nous visitons r\u00e9guli\u00e8rement nos fournisseurs et effectuons des inspections et des audits sur site pour nous assurer de leur conformit\u00e9 \u00e0 nos normes.<br \/>\nDualit Environmental : Dualit est conscient de ses responsabilit\u00e9s environnementales et nous avons mis en place des proc\u00e9dures pour pr\u00e9venir la pollution, minimiser les d\u00e9chets, r\u00e9duire nos \u00e9missions et g\u00e9rer les risques et les dangers. Nous nous effor\u00e7ons de r\u00e9duire la consommation d&#8217;\u00e9nergie de nos produits et nous encourageons activement le recyclage de nos propres d\u00e9chets et de ceux de nos clients dans le but de r\u00e9duire la quantit\u00e9 mise en d\u00e9charge.<\/p>\n<p>60 ans plus tard, toujours aussi inventif et charismatique :<br \/>\nDu premier grille-pain \u00e0 facettes en 1946 \u00e0 l&#8217;explosion sur le march\u00e9 de la consommation \u00e0 la fin des ann\u00e9es 70, en passant par la croissance constante d&#8217;une gamme de produits commerciaux dans les ann\u00e9es 50 et 60, Dualit est rest\u00e9 fid\u00e8le \u00e0 la vision originale de Max Gort-Barten.<br \/>\nAujourd&#8217;hui, la soci\u00e9t\u00e9 continue \u00e0 fournir aux chefs professionnels et aux aspirants chefs une large gamme d&#8217;\u00e9quipements de cuisine.<\/p>\n<p>Toast pour deux :<\/p>\n<p>Le grille-pain NewGen \u00e0 2 fentes est le grille-pain le plus compact de Dualit. Il offre tout le style et toutes les fonctionnalit\u00e9s que l&#8217;on peut attendre d&#8217;un grille-pain Dualit, ainsi que les fonctions suppl\u00e9mentaires d&#8217;un r\u00e9glage de d\u00e9cong\u00e9lation pour le pain congel\u00e9 et la possibilit\u00e9 de griller des brioches et des bagels. La commande du s\u00e9lecteur vous permet de chauffer l&#8217;une ou l&#8217;autre ou les deux fentes.<\/p>\n<p>La cage \u00e0 sandwich n&#8217;est pas incluse.<\/p>\n<p>Pas en vente en dehors de l&#8217;Europe<\/p>\n","protected":false},"excerpt":{"rendered":"<p>Le succ\u00e8s de Dualit repose sur une vision unique de l&#8217;entreprise et de ses produits, qui n&#8217;a pas chang\u00e9 depuis<\/p>\n","protected":false},"featured_media":57174,"template":"","meta":{"_acf_changed":false,"inline_featured_image":false},"product_cat":[12748],"product_tag":[24365],"acf":[],"yoast_head":"<!-- This site is optimized with the Yoast SEO Premium plugin v18.6 (Yoast SEO v19.13) - https:\/\/yoast.com\/wordpress\/plugins\/seo\/ -->\n<title>DUALIT Grill-Pain 2 Tranche &quot;NewGen&quot; Inox<\/title>\n<meta name=\"description\" content=\"D\u00e9couvrez DUALIT Grill-Pain 2 Tranche &quot;NewGen&quot; Inox sur ErresseShop. Qualit\u00e9, prix r\u00e9duits et achat s\u00e9curis\u00e9 \u2013 commandez d\u00e8s maintenant en ligne !\" \/>\n<meta name=\"robots\" content=\"index, follow, max-snippet:-1, max-image-preview:large, max-video-preview:-1\" \/>\n<link rel=\"canonical\" href=\"https:\/\/www.erresse-shop.it\/fr\/shop\/cuisine\/dualit-grill-pain-2-tranche-newgen-inox\/\" \/>\n<meta property=\"og:locale\" content=\"fr_FR\" \/>\n<meta property=\"og:type\" content=\"article\" \/>\n<meta property=\"og:title\" content=\"DUALIT Grill-Pain 2 Tranche &quot;NewGen&quot; Inox\" \/>\n<meta property=\"og:description\" content=\"D\u00e9couvrez DUALIT Grill-Pain 2 Tranche &quot;NewGen&quot; Inox sur ErresseShop. Qualit\u00e9, prix r\u00e9duits et achat s\u00e9curis\u00e9 \u2013 commandez d\u00e8s maintenant en ligne !\" \/>\n<meta property=\"og:url\" content=\"https:\/\/www.erresse-shop.it\/fr\/shop\/cuisine\/dualit-grill-pain-2-tranche-newgen-inox\/\" \/>\n<meta property=\"og:site_name\" content=\"Erresse Shop\" \/>\n<meta property=\"article:modified_time\" content=\"2025-03-02T12:43:58+00:00\" \/>\n<meta property=\"og:image\" content=\"https:\/\/www.erresse-shop.it\/wp-content\/uploads\/2015\/01\/products-25235.jpg\" \/>\n\t<meta property=\"og:image:width\" content=\"540\" \/>\n\t<meta property=\"og:image:height\" content=\"540\" \/>\n\t<meta property=\"og:image:type\" content=\"image\/jpeg\" \/>\n<meta name=\"twitter:card\" content=\"summary_large_image\" \/>\n<script type=\"application\/ld+json\" class=\"yoast-schema-graph\">{\"@context\":\"https:\/\/schema.org\",\"@graph\":[{\"@type\":\"WebPage\",\"@id\":\"https:\/\/www.erresse-shop.it\/fr\/shop\/cuisine\/dualit-grill-pain-2-tranche-newgen-inox\/\",\"url\":\"https:\/\/www.erresse-shop.it\/fr\/shop\/cuisine\/dualit-grill-pain-2-tranche-newgen-inox\/\",\"name\":\"DUALIT Grill-Pain 2 Tranche \\\"NewGen\\\" Inox\",\"isPartOf\":{\"@id\":\"https:\/\/www.erresse-shop.it\/fr\/#website\"},\"datePublished\":\"2012-01-26T17:18:32+00:00\",\"dateModified\":\"2025-03-02T12:43:58+00:00\",\"description\":\"D\u00e9couvrez DUALIT Grill-Pain 2 Tranche \\\"NewGen\\\" Inox sur ErresseShop. Qualit\u00e9, prix r\u00e9duits et achat s\u00e9curis\u00e9 \u2013 commandez d\u00e8s maintenant en ligne !\",\"breadcrumb\":{\"@id\":\"https:\/\/www.erresse-shop.it\/fr\/shop\/cuisine\/dualit-grill-pain-2-tranche-newgen-inox\/#breadcrumb\"},\"inLanguage\":\"fr-FR\",\"potentialAction\":[{\"@type\":\"ReadAction\",\"target\":[\"https:\/\/www.erresse-shop.it\/fr\/shop\/cuisine\/dualit-grill-pain-2-tranche-newgen-inox\/\"]}]},{\"@type\":\"BreadcrumbList\",\"@id\":\"https:\/\/www.erresse-shop.it\/fr\/shop\/cuisine\/dualit-grill-pain-2-tranche-newgen-inox\/#breadcrumb\",\"itemListElement\":[{\"@type\":\"ListItem\",\"position\":1,\"name\":\"Home\",\"item\":\"https:\/\/www.erresse-shop.it\/fr\/\"},{\"@type\":\"ListItem\",\"position\":2,\"name\":\"Shop\",\"item\":\"https:\/\/www.erresse-shop.it\/fr\/shop\/\"},{\"@type\":\"ListItem\",\"position\":3,\"name\":\"DUALIT Grill-Pain 2 Tranche &#8220;NewGen&#8221; Inox\"}]},{\"@type\":\"WebSite\",\"@id\":\"https:\/\/www.erresse-shop.it\/fr\/#website\",\"url\":\"https:\/\/www.erresse-shop.it\/fr\/\",\"name\":\"Erresse Shop\",\"description\":\"Articoli di qualit\u00e0 per la casa\",\"potentialAction\":[{\"@type\":\"SearchAction\",\"target\":{\"@type\":\"EntryPoint\",\"urlTemplate\":\"https:\/\/www.erresse-shop.it\/fr\/?s={search_term_string}\"},\"query-input\":\"required name=search_term_string\"}],\"inLanguage\":\"fr-FR\"}]}<\/script>\n<!-- \/ Yoast SEO Premium plugin. -->","yoast_head_json":{"title":"DUALIT Grill-Pain 2 Tranche \"NewGen\" Inox","description":"D\u00e9couvrez DUALIT Grill-Pain 2 Tranche \"NewGen\" Inox sur ErresseShop. Qualit\u00e9, prix r\u00e9duits et achat s\u00e9curis\u00e9 \u2013 commandez d\u00e8s maintenant en ligne !","robots":{"index":"index","follow":"follow","max-snippet":"max-snippet:-1","max-image-preview":"max-image-preview:large","max-video-preview":"max-video-preview:-1"},"canonical":"https:\/\/www.erresse-shop.it\/fr\/shop\/cuisine\/dualit-grill-pain-2-tranche-newgen-inox\/","og_locale":"fr_FR","og_type":"article","og_title":"DUALIT Grill-Pain 2 Tranche \"NewGen\" Inox","og_description":"D\u00e9couvrez DUALIT Grill-Pain 2 Tranche \"NewGen\" Inox sur ErresseShop. Qualit\u00e9, prix r\u00e9duits et achat s\u00e9curis\u00e9 \u2013 commandez d\u00e8s maintenant en ligne !","og_url":"https:\/\/www.erresse-shop.it\/fr\/shop\/cuisine\/dualit-grill-pain-2-tranche-newgen-inox\/","og_site_name":"Erresse Shop","article_modified_time":"2025-03-02T12:43:58+00:00","og_image":[{"width":540,"height":540,"url":"https:\/\/www.erresse-shop.it\/wp-content\/uploads\/2015\/01\/products-25235.jpg","type":"image\/jpeg"}],"twitter_card":"summary_large_image","schema":{"@context":"https:\/\/schema.org","@graph":[{"@type":"WebPage","@id":"https:\/\/www.erresse-shop.it\/fr\/shop\/cuisine\/dualit-grill-pain-2-tranche-newgen-inox\/","url":"https:\/\/www.erresse-shop.it\/fr\/shop\/cuisine\/dualit-grill-pain-2-tranche-newgen-inox\/","name":"DUALIT Grill-Pain 2 Tranche \"NewGen\" Inox","isPartOf":{"@id":"https:\/\/www.erresse-shop.it\/fr\/#website"},"datePublished":"2012-01-26T17:18:32+00:00","dateModified":"2025-03-02T12:43:58+00:00","description":"D\u00e9couvrez DUALIT Grill-Pain 2 Tranche \"NewGen\" Inox sur ErresseShop. Qualit\u00e9, prix r\u00e9duits et achat s\u00e9curis\u00e9 \u2013 commandez d\u00e8s maintenant en ligne !","breadcrumb":{"@id":"https:\/\/www.erresse-shop.it\/fr\/shop\/cuisine\/dualit-grill-pain-2-tranche-newgen-inox\/#breadcrumb"},"inLanguage":"fr-FR","potentialAction":[{"@type":"ReadAction","target":["https:\/\/www.erresse-shop.it\/fr\/shop\/cuisine\/dualit-grill-pain-2-tranche-newgen-inox\/"]}]},{"@type":"BreadcrumbList","@id":"https:\/\/www.erresse-shop.it\/fr\/shop\/cuisine\/dualit-grill-pain-2-tranche-newgen-inox\/#breadcrumb","itemListElement":[{"@type":"ListItem","position":1,"name":"Home","item":"https:\/\/www.erresse-shop.it\/fr\/"},{"@type":"ListItem","position":2,"name":"Shop","item":"https:\/\/www.erresse-shop.it\/fr\/shop\/"},{"@type":"ListItem","position":3,"name":"DUALIT Grill-Pain 2 Tranche &#8220;NewGen&#8221; Inox"}]},{"@type":"WebSite","@id":"https:\/\/www.erresse-shop.it\/fr\/#website","url":"https:\/\/www.erresse-shop.it\/fr\/","name":"Erresse Shop","description":"Articoli di qualit\u00e0 per la casa","potentialAction":[{"@type":"SearchAction","target":{"@type":"EntryPoint","urlTemplate":"https:\/\/www.erresse-shop.it\/fr\/?s={search_term_string}"},"query-input":"required name=search_term_string"}],"inLanguage":"fr-FR"}]}},"df_price":249.95,"df_sale_price":249.95,"df_regular_price":299.9,"df_image_link":"https:\/\/www.erresse-shop.it\/wp-content\/uploads\/2015\/01\/products-25235-300x300.jpg","_links":{"self":[{"href":"https:\/\/www.erresse-shop.it\/fr\/wp-json\/wp\/v2\/product\/57173"}],"collection":[{"href":"https:\/\/www.erresse-shop.it\/fr\/wp-json\/wp\/v2\/product"}],"about":[{"href":"https:\/\/www.erresse-shop.it\/fr\/wp-json\/wp\/v2\/types\/product"}],"wp:featuredmedia":[{"embeddable":true,"href":"https:\/\/www.erresse-shop.it\/fr\/wp-json\/wp\/v2\/media\/57174"}],"wp:attachment":[{"href":"https:\/\/www.erresse-shop.it\/fr\/wp-json\/wp\/v2\/media?parent=57173"}],"wp:term":[{"taxonomy":"product_cat","embeddable":true,"href":"https:\/\/www.erresse-shop.it\/fr\/wp-json\/wp\/v2\/product_cat?post=57173"},{"taxonomy":"product_tag","embeddable":true,"href":"https:\/\/www.erresse-shop.it\/fr\/wp-json\/wp\/v2\/product_tag?post=57173"}],"curies":[{"name":"wp","href":"https:\/\/api.w.org\/{rel}","templated":true}]}}