{"id":54953,"date":"2020-02-04T13:13:46","date_gmt":"2020-02-07T15:11:00","guid":{"rendered":"https:\/\/www.erresse-shop.it\/shop\/non%20class\u00e9\/le-creuset-cocotte-tous-les-18cm-cerise\/"},"modified":"2026-03-23T13:40:08","modified_gmt":"2026-03-23T13:40:08","slug":"le-creuset-cocotte-every-en-fonte-emaillee-16-cm-cerise","status":"publish","type":"product","link":"https:\/\/www.erresse-shop.it\/fr\/shop\/poeles-pots\/marmites-et-cocottes-poeles-pots\/le-creuset-cocotte-every-en-fonte-emaillee-16-cm-cerise\/","title":{"rendered":"LE CREUSET Cocotte Every en Fonte \u00e9maill\u00e9e 16 cm Cerise"},"content":{"rendered":"<p>TOUT parfait pour une cuisine saine et \u00e9conome en \u00e9nergie. Tout est id\u00e9al pour cuisiner avec tr\u00e8s peu d\u2019eau et pour la pr\u00e9paration du riz et pour des plats d\u2019inspiration asiatique. Gr\u00e2ce \u00e0 ses caract\u00e9ristiques, cependant, il parvient \u00e0 \u00eatre parfait, m\u00eame pour la cuisson au four, rago\u00fbts, soupes et friture!<br \/>\nCertainement un pot magique pour votre cuisine!<\/p>\n<p>La fonte, \u00e9tant un excellent conducteur de chaleur, est l\u2019un des meilleurs mat\u00e9riaux \u00e0 utiliser dans la cuisine. En outre, le fond, les murs et le couvercle ont la m\u00eame \u00e9paisseur, assurant une absorption et une distribution lisses de la chaleur, sans cr\u00e9er de zones surchauff\u00e9es. Le r\u00e9sultat est que la nourriture ne br\u00fble pas, ni reste crue \u00e0 l\u2019int\u00e9rieur. En outre, ils ne perdent pas leurs liquides pendant la cuisson, ce qui leur permet de pr\u00e9server leurs nutriments et vitamines.<\/p>\n<p>G\u00e9n\u00e9ration apr\u00e8s g\u00e9n\u00e9ration, Le Creuset en fonte d\u2019\u00e9mail est devenu synonyme de bonne nourriture et de grande qualit\u00e9, apportant une cuisine saine aux tables et aux cuisines du monde entier \u00e0 la hauteur des meilleurs restaurants.<\/p>\n<p>Propri\u00e9t\u00e9s des cocoatas vitrifi\u00e9es en fonte :<\/p>\n<p>&#8211; R\u00e9partition uniforme de la chaleur sans zones de surchauffe.<br \/>\nExcellente r\u00e9tention de chaleur.<br \/>\n&#8211; Bouton en acier inoxydable r\u00e9sistant \u00e0 n\u2019importe quelle temp\u00e9rature.<br \/>\n&#8211; Couverture interne en gres r\u00e9sistantjusqu\u2019\u00e0 260 degr\u00e9s.<br \/>\nPoign\u00e9es con\u00e7ues pour une bonne adh\u00e9rence.<br \/>\nSuperficie interna ed esterna vetrificata. Il n\u2019absorbe pas l\u2019humidit\u00e9, le go\u00fbt ou l\u2019odeur des aliments.<br \/>\n&#8211; Compatible avec toutes les sources de chaleur, y compris l\u2019induction.<br \/>\n&#8211; Recommand\u00e9 par les grands chefs et les blogueurs pour faire du pain au four<br \/>\nFacilit\u00e9 de nettoyage.<br \/>\nDur\u00e9e exceptionnelle.<br \/>\nGarantie \u00e0 vie.<\/p>\n<p>Notre c\u00e9l\u00e8bre gamme de vitrifi\u00e9s en fonte est le mat\u00e9riau le plus durable et hygi\u00e9nique sur le march\u00e9. Essayez-le et les r\u00e9sultats vous surprendront.<\/p>\n<p>CONSEILS DE LA CUISINE JAPONAISE POUR UNE CUISINE DE RIZ PARFAITE<br \/>\n&#8211; Ajouter le riz et l\u2019eau en m\u00eame temps<br \/>\n&#8211; Chauffer la cocotte \u00e0 l\u2019aide des deux couvercles<br \/>\n&#8211; Lorsque le riz bout, baisser le feu et poursuivre la cuisson pendant encore 10 minutes<br \/>\n&#8211; Lorsque vous avez termin\u00e9, retirez le pot de la cuisini\u00e8re<br \/>\n&#8211; Laisser reposer le riz pendant 10 minutes, sans enlever les couvercles<\/p>\n<p><a href=\"https:\/\/www.youtube.com\/watch?v=HDOljJrHsg0\" target=\"_blank\" rel=\"noopener\">Voir le film 1<\/a><br \/>\n<a href=\"https:\/\/www.youtube.com\/watch?v=ro9F2zRA4gE\" target=\"_blank\" rel=\"noopener\">Voir le film 2<\/a><\/p>\n<p>&nbsp;<\/p>\n","protected":false},"excerpt":{"rendered":"<p>TOUT parfait pour une cuisine saine et \u00e9conome en \u00e9nergie. Tout est id\u00e9al pour cuisiner avec tr\u00e8s peu d\u2019eau et<\/p>\n","protected":false},"featured_media":497482,"template":"","meta":{"_acf_changed":false,"inline_featured_image":false},"product_cat":[12458,14792],"product_tag":[14826,12994,12460,12461,12465,12466,12468,12469],"acf":[],"yoast_head":"<!-- This site is optimized with the Yoast SEO Premium plugin v18.6 (Yoast SEO v19.13) - https:\/\/yoast.com\/wordpress\/plugins\/seo\/ -->\n<title>LE CREUSET Cocotte Every en Fonte \u00e9maill\u00e9e 16 cm Cerise<\/title>\n<meta name=\"description\" content=\"D\u00e9couvrez LE CREUSET Cocotte Every en Fonte \u00e9maill\u00e9e 16 cm Cerise sur ErresseShop. Qualit\u00e9, prix r\u00e9duits et achat s\u00e9curis\u00e9 \u2013 commandez d\u00e8s maintenant en ligne !\" \/>\n<meta name=\"robots\" content=\"index, follow, max-snippet:-1, max-image-preview:large, max-video-preview:-1\" \/>\n<link rel=\"canonical\" href=\"https:\/\/www.erresse-shop.it\/fr\/shop\/poeles-pots\/marmites-et-cocottes-poeles-pots\/le-creuset-cocotte-every-en-fonte-emaillee-16-cm-cerise\/\" \/>\n<meta property=\"og:locale\" content=\"fr_FR\" \/>\n<meta property=\"og:type\" content=\"article\" \/>\n<meta property=\"og:title\" content=\"LE CREUSET Cocotte Every en Fonte \u00e9maill\u00e9e 16 cm Cerise\" \/>\n<meta property=\"og:description\" content=\"D\u00e9couvrez LE CREUSET Cocotte Every en Fonte \u00e9maill\u00e9e 16 cm Cerise sur ErresseShop. Qualit\u00e9, prix r\u00e9duits et achat s\u00e9curis\u00e9 \u2013 commandez d\u00e8s maintenant en ligne !\" \/>\n<meta property=\"og:url\" content=\"https:\/\/www.erresse-shop.it\/fr\/shop\/poeles-pots\/marmites-et-cocottes-poeles-pots\/le-creuset-cocotte-every-en-fonte-emaillee-16-cm-cerise\/\" \/>\n<meta property=\"og:site_name\" content=\"Erresse Shop\" \/>\n<meta property=\"article:modified_time\" content=\"2026-03-23T13:40:08+00:00\" \/>\n<meta property=\"og:image\" content=\"https:\/\/www.erresse-shop.it\/wp-content\/uploads\/2020\/02\/LE-CREUSET-Cocotte-Every-in-Ghisa-16-cm-Ciliegia.png\" \/>\n\t<meta property=\"og:image:width\" content=\"800\" \/>\n\t<meta property=\"og:image:height\" content=\"800\" \/>\n\t<meta property=\"og:image:type\" content=\"image\/png\" \/>\n<meta name=\"twitter:card\" content=\"summary_large_image\" \/>\n<script type=\"application\/ld+json\" class=\"yoast-schema-graph\">{\"@context\":\"https:\/\/schema.org\",\"@graph\":[{\"@type\":\"WebPage\",\"@id\":\"https:\/\/www.erresse-shop.it\/fr\/shop\/poeles-pots\/marmites-et-cocottes-poeles-pots\/le-creuset-cocotte-every-en-fonte-emaillee-16-cm-cerise\/\",\"url\":\"https:\/\/www.erresse-shop.it\/fr\/shop\/poeles-pots\/marmites-et-cocottes-poeles-pots\/le-creuset-cocotte-every-en-fonte-emaillee-16-cm-cerise\/\",\"name\":\"LE CREUSET Cocotte Every en Fonte \u00e9maill\u00e9e 16 cm Cerise\",\"isPartOf\":{\"@id\":\"https:\/\/www.erresse-shop.it\/fr\/#website\"},\"datePublished\":\"2020-02-07T15:11:00+00:00\",\"dateModified\":\"2026-03-23T13:40:08+00:00\",\"description\":\"D\u00e9couvrez LE CREUSET Cocotte Every en Fonte \u00e9maill\u00e9e 16 cm Cerise sur ErresseShop. Qualit\u00e9, prix r\u00e9duits et achat s\u00e9curis\u00e9 \u2013 commandez d\u00e8s maintenant en ligne !\",\"breadcrumb\":{\"@id\":\"https:\/\/www.erresse-shop.it\/fr\/shop\/poeles-pots\/marmites-et-cocottes-poeles-pots\/le-creuset-cocotte-every-en-fonte-emaillee-16-cm-cerise\/#breadcrumb\"},\"inLanguage\":\"fr-FR\",\"potentialAction\":[{\"@type\":\"ReadAction\",\"target\":[\"https:\/\/www.erresse-shop.it\/fr\/shop\/poeles-pots\/marmites-et-cocottes-poeles-pots\/le-creuset-cocotte-every-en-fonte-emaillee-16-cm-cerise\/\"]}]},{\"@type\":\"BreadcrumbList\",\"@id\":\"https:\/\/www.erresse-shop.it\/fr\/shop\/poeles-pots\/marmites-et-cocottes-poeles-pots\/le-creuset-cocotte-every-en-fonte-emaillee-16-cm-cerise\/#breadcrumb\",\"itemListElement\":[{\"@type\":\"ListItem\",\"position\":1,\"name\":\"Home\",\"item\":\"https:\/\/www.erresse-shop.it\/fr\/\"},{\"@type\":\"ListItem\",\"position\":2,\"name\":\"Shop\",\"item\":\"https:\/\/www.erresse-shop.it\/fr\/shop\/\"},{\"@type\":\"ListItem\",\"position\":3,\"name\":\"LE CREUSET Cocotte Every en Fonte \u00e9maill\u00e9e 16 cm Cerise\"}]},{\"@type\":\"WebSite\",\"@id\":\"https:\/\/www.erresse-shop.it\/fr\/#website\",\"url\":\"https:\/\/www.erresse-shop.it\/fr\/\",\"name\":\"Erresse Shop\",\"description\":\"Articoli di qualit\u00e0 per la casa\",\"potentialAction\":[{\"@type\":\"SearchAction\",\"target\":{\"@type\":\"EntryPoint\",\"urlTemplate\":\"https:\/\/www.erresse-shop.it\/fr\/?s={search_term_string}\"},\"query-input\":\"required name=search_term_string\"}],\"inLanguage\":\"fr-FR\"}]}<\/script>\n<!-- \/ Yoast SEO Premium plugin. -->","yoast_head_json":{"title":"LE CREUSET Cocotte Every en Fonte \u00e9maill\u00e9e 16 cm Cerise","description":"D\u00e9couvrez LE CREUSET Cocotte Every en Fonte \u00e9maill\u00e9e 16 cm Cerise sur ErresseShop. Qualit\u00e9, prix r\u00e9duits et achat s\u00e9curis\u00e9 \u2013 commandez d\u00e8s maintenant en ligne !","robots":{"index":"index","follow":"follow","max-snippet":"max-snippet:-1","max-image-preview":"max-image-preview:large","max-video-preview":"max-video-preview:-1"},"canonical":"https:\/\/www.erresse-shop.it\/fr\/shop\/poeles-pots\/marmites-et-cocottes-poeles-pots\/le-creuset-cocotte-every-en-fonte-emaillee-16-cm-cerise\/","og_locale":"fr_FR","og_type":"article","og_title":"LE CREUSET Cocotte Every en Fonte \u00e9maill\u00e9e 16 cm Cerise","og_description":"D\u00e9couvrez LE CREUSET Cocotte Every en Fonte \u00e9maill\u00e9e 16 cm Cerise sur ErresseShop. Qualit\u00e9, prix r\u00e9duits et achat s\u00e9curis\u00e9 \u2013 commandez d\u00e8s maintenant en ligne !","og_url":"https:\/\/www.erresse-shop.it\/fr\/shop\/poeles-pots\/marmites-et-cocottes-poeles-pots\/le-creuset-cocotte-every-en-fonte-emaillee-16-cm-cerise\/","og_site_name":"Erresse Shop","article_modified_time":"2026-03-23T13:40:08+00:00","og_image":[{"width":800,"height":800,"url":"https:\/\/www.erresse-shop.it\/wp-content\/uploads\/2020\/02\/LE-CREUSET-Cocotte-Every-in-Ghisa-16-cm-Ciliegia.png","type":"image\/png"}],"twitter_card":"summary_large_image","schema":{"@context":"https:\/\/schema.org","@graph":[{"@type":"WebPage","@id":"https:\/\/www.erresse-shop.it\/fr\/shop\/poeles-pots\/marmites-et-cocottes-poeles-pots\/le-creuset-cocotte-every-en-fonte-emaillee-16-cm-cerise\/","url":"https:\/\/www.erresse-shop.it\/fr\/shop\/poeles-pots\/marmites-et-cocottes-poeles-pots\/le-creuset-cocotte-every-en-fonte-emaillee-16-cm-cerise\/","name":"LE CREUSET Cocotte Every en Fonte \u00e9maill\u00e9e 16 cm Cerise","isPartOf":{"@id":"https:\/\/www.erresse-shop.it\/fr\/#website"},"datePublished":"2020-02-07T15:11:00+00:00","dateModified":"2026-03-23T13:40:08+00:00","description":"D\u00e9couvrez LE CREUSET Cocotte Every en Fonte \u00e9maill\u00e9e 16 cm Cerise sur ErresseShop. Qualit\u00e9, prix r\u00e9duits et achat s\u00e9curis\u00e9 \u2013 commandez d\u00e8s maintenant en ligne !","breadcrumb":{"@id":"https:\/\/www.erresse-shop.it\/fr\/shop\/poeles-pots\/marmites-et-cocottes-poeles-pots\/le-creuset-cocotte-every-en-fonte-emaillee-16-cm-cerise\/#breadcrumb"},"inLanguage":"fr-FR","potentialAction":[{"@type":"ReadAction","target":["https:\/\/www.erresse-shop.it\/fr\/shop\/poeles-pots\/marmites-et-cocottes-poeles-pots\/le-creuset-cocotte-every-en-fonte-emaillee-16-cm-cerise\/"]}]},{"@type":"BreadcrumbList","@id":"https:\/\/www.erresse-shop.it\/fr\/shop\/poeles-pots\/marmites-et-cocottes-poeles-pots\/le-creuset-cocotte-every-en-fonte-emaillee-16-cm-cerise\/#breadcrumb","itemListElement":[{"@type":"ListItem","position":1,"name":"Home","item":"https:\/\/www.erresse-shop.it\/fr\/"},{"@type":"ListItem","position":2,"name":"Shop","item":"https:\/\/www.erresse-shop.it\/fr\/shop\/"},{"@type":"ListItem","position":3,"name":"LE CREUSET Cocotte Every en Fonte \u00e9maill\u00e9e 16 cm Cerise"}]},{"@type":"WebSite","@id":"https:\/\/www.erresse-shop.it\/fr\/#website","url":"https:\/\/www.erresse-shop.it\/fr\/","name":"Erresse Shop","description":"Articoli di qualit\u00e0 per la casa","potentialAction":[{"@type":"SearchAction","target":{"@type":"EntryPoint","urlTemplate":"https:\/\/www.erresse-shop.it\/fr\/?s={search_term_string}"},"query-input":"required name=search_term_string"}],"inLanguage":"fr-FR"}]}},"df_price":139,"df_sale_price":139,"df_regular_price":255,"df_image_link":"https:\/\/www.erresse-shop.it\/wp-content\/uploads\/2020\/02\/LE-CREUSET-Cocotte-Every-in-Ghisa-16-cm-Ciliegia-300x300.jpg","_links":{"self":[{"href":"https:\/\/www.erresse-shop.it\/fr\/wp-json\/wp\/v2\/product\/54953"}],"collection":[{"href":"https:\/\/www.erresse-shop.it\/fr\/wp-json\/wp\/v2\/product"}],"about":[{"href":"https:\/\/www.erresse-shop.it\/fr\/wp-json\/wp\/v2\/types\/product"}],"wp:featuredmedia":[{"embeddable":true,"href":"https:\/\/www.erresse-shop.it\/fr\/wp-json\/wp\/v2\/media\/497482"}],"wp:attachment":[{"href":"https:\/\/www.erresse-shop.it\/fr\/wp-json\/wp\/v2\/media?parent=54953"}],"wp:term":[{"taxonomy":"product_cat","embeddable":true,"href":"https:\/\/www.erresse-shop.it\/fr\/wp-json\/wp\/v2\/product_cat?post=54953"},{"taxonomy":"product_tag","embeddable":true,"href":"https:\/\/www.erresse-shop.it\/fr\/wp-json\/wp\/v2\/product_tag?post=54953"}],"curies":[{"name":"wp","href":"https:\/\/api.w.org\/{rel}","templated":true}]}}