{"id":522208,"date":"2026-01-30T11:52:40","date_gmt":"2026-01-30T11:52:42","guid":{"rendered":"https:\/\/www.erresse-shop.it\/?post_type=product&#038;p=522208"},"modified":"2026-01-30T13:57:58","modified_gmt":"2026-01-30T13:57:58","slug":"fratelli-desideri-capsule-collection-tube-exclusive-pack","status":"publish","type":"product","link":"https:\/\/www.erresse-shop.it\/fr\/shop\/food-fr\/fratelli-desideri-capsule-collection-tube-exclusive-pack\/","title":{"rendered":"FRATELLI DESIDERI Capsule Collection Tube Exclusive Pack"},"content":{"rendered":"<p><strong>THE CAPSULE COLLECTION PACK<\/strong><\/p>\n<p>La meilleure fa\u00e7on de d\u00e9couvrir les capsules 3 <strong>Star Chefs<\/strong>.<\/p>\n<p><strong>Exclusive Capsule Collection Pack<\/strong><\/p>\n<p>L&#8217;Art du Temps : Collection Capsules Pr\u00eat-\u00e0-Manger<\/p>\n<p>Une exp\u00e9rience sensorielle qui transcende le simple repas : notre Collection Capsules est un hommage \u00e0 l&#8217;excellence italienne, con\u00e7ue pour ceux qui exigent le luxe de la perfection, m\u00eame dans le rythme effr\u00e9n\u00e9 de la modernit\u00e9.<\/p>\n<p>Trois Chefs \u00c9toil\u00e9s ont distill\u00e9 l&#8217;essence de territoires embl\u00e9matiques, transformant les \u00ab Tr\u00e9sors \u00bb de la terre en chefs-d&#8217;\u0153uvre gastronomiques pr\u00eats \u00e0 d\u00e9guster. Bien plus qu&#8217;une simple cuisine, c&#8217;est de la haute couture \u00e0 table, alli\u00e9e \u00e0 une praticit\u00e9 absolue.<\/p>\n<p><strong>Les Trois Chapitres du Go\u00fbt<\/strong><\/p>\n<p>Un voyage sensoriel orchestr\u00e9 par trois Ma\u00eetres de la cuisine italienne, capturant l&#8217;essence de territoires l\u00e9gendaires dans un format r\u00e9volutionnaire.<\/p>\n<p><strong>Piemonte &#8211; Chef Andrea Larossa<\/strong><\/p>\n<p><strong>Le Tr\u00e9sor Barolo d&#8217;Andrea Larossa<\/strong><\/p>\n<p>Un voyage onirique \u00e0 travers les brumes des Langhe, o\u00f9 la noblesse du Barolo rencontre les mati\u00e8res premi\u00e8res les plus pr\u00e9cieuses. Le chef Andrea Larossa cr\u00e9e une \u0153uvre qui c\u00e9l\u00e8bre la profondeur et l&#8217;\u00e9l\u00e9gance de la Savoie, offrant un \u00e9quilibre parfait entre intensit\u00e9 aromatique et raffinement velout\u00e9.<\/p>\n<p><strong>Conseil du chef :<\/strong><\/p>\n<p><em>\u00ab Nous recommandons d&#8217;accompagner ce plat d&#8217;un Barolo DOCG cors\u00e9 pour sublimer ses notes terreuses et sa complexit\u00e9. \u00bb<\/em><\/p>\n<p>&nbsp;<\/p>\n<p><strong>Puglia &#8211; Chef Felix Lo Basso<\/strong><\/p>\n<p><strong>Le Tr\u00e9sor du Gargano de Felix Lo Basso<\/strong><\/p>\n<p>L&#8217;\u00e2me vibrante des Pouilles, captur\u00e9e dans un jeu de contrastes ensoleill\u00e9s. Felix Lo Basso r\u00e9interpr\u00e8te les ar\u00f4mes de la M\u00e9diterran\u00e9e et les saveurs marines, apportant la lumi\u00e8re du Gargano \u00e0 votre table gr\u00e2ce \u00e0 des ingr\u00e9dients s\u00e9lectionn\u00e9s qui \u00e9voquent la puret\u00e9 des orangeraies et du maquis m\u00e9diterran\u00e9en.<\/p>\n<p><strong>Conseil du chef :<\/strong><\/p>\n<p><em>\u00ab Id\u00e9al avec un verre de vin mousseux \u00e9labor\u00e9 selon la m\u00e9thode traditionnelle pour rehausser la fra\u00eecheur et les saveurs des ingr\u00e9dients. \u00bb<\/em><\/p>\n<p><strong>Umbria &#8211; Chef Christian Milone<\/strong><\/p>\n<p><strong>Le Tr\u00e9sor de Norcia de Christian Milone<\/strong><\/p>\n<p>La force ancestrale de la for\u00eat ombrienne se transforme en une architecture de saveurs essentielle et rigoureuse. Christian Milone explore l&#8217;intensit\u00e9 de la truffe noire et des sp\u00e9cialit\u00e9s locales, cr\u00e9ant un plat captivant qui allie la rusticit\u00e9 de la r\u00e9gion \u00e0 la pr\u00e9cision chirurgicale de la haute cuisine.<\/p>\n<p><strong>Conseil du chef\u00a0:<\/strong><\/p>\n<p><em>\u00ab\u00a0Id\u00e9al avec un vin rouge ombrien cors\u00e9, comme un Sagrantino, pour \u00e9quilibrer l&#8217;intensit\u00e9 de la truffe.\u00a0\u00bb<\/em><\/p>\n","protected":false},"excerpt":{"rendered":"<p>THE CAPSULE COLLECTION PACK La meilleure fa\u00e7on de d\u00e9couvrir les capsules 3 Star Chefs. Exclusive Capsule Collection Pack L&#8217;Art du<\/p>\n","protected":false},"featured_media":522213,"template":"","meta":{"_acf_changed":false,"inline_featured_image":false},"product_cat":[25933],"product_tag":[13284,21529],"acf":[],"yoast_head":"<!-- This site is optimized with the Yoast SEO Premium plugin v18.6 (Yoast SEO v19.13) - https:\/\/yoast.com\/wordpress\/plugins\/seo\/ -->\n<title>FRATELLI DESIDERI Capsule Collection Tube Exclusive Pack - Erresse Shop<\/title>\n<meta name=\"description\" content=\"THE CAPSULE COLLECTION PACK La meilleure fa\u00e7on de d\u00e9couvrir les capsules 3 Star Chefs. Exclusive Capsule Collection Pack L&#039;Art du Temps : Collection\" \/>\n<meta name=\"robots\" content=\"index, follow, max-snippet:-1, max-image-preview:large, max-video-preview:-1\" \/>\n<link rel=\"canonical\" href=\"https:\/\/www.erresse-shop.it\/fr\/shop\/food-fr\/fratelli-desideri-capsule-collection-tube-exclusive-pack\/\" \/>\n<meta property=\"og:locale\" content=\"fr_FR\" \/>\n<meta property=\"og:type\" content=\"article\" \/>\n<meta property=\"og:title\" content=\"FRATELLI DESIDERI Capsule Collection Tube Exclusive Pack\" \/>\n<meta property=\"og:description\" content=\"THE CAPSULE COLLECTION PACK La meilleure fa\u00e7on de d\u00e9couvrir les capsules 3 Star Chefs. Exclusive Capsule Collection Pack L&#039;Art du Temps : Collection\" \/>\n<meta property=\"og:url\" content=\"https:\/\/www.erresse-shop.it\/fr\/shop\/food-fr\/fratelli-desideri-capsule-collection-tube-exclusive-pack\/\" \/>\n<meta property=\"og:site_name\" content=\"Erresse Shop\" \/>\n<meta property=\"article:modified_time\" content=\"2026-01-30T13:57:58+00:00\" \/>\n<meta property=\"og:image\" content=\"https:\/\/www.erresse-shop.it\/wp-content\/uploads\/2026\/01\/FRATELLI-DESIDERI-Capsule-Collection-Tube2.jpg\" \/>\n\t<meta property=\"og:image:width\" content=\"1200\" \/>\n\t<meta property=\"og:image:height\" content=\"1200\" \/>\n\t<meta property=\"og:image:type\" content=\"image\/jpeg\" \/>\n<meta name=\"twitter:card\" content=\"summary_large_image\" \/>\n<script type=\"application\/ld+json\" class=\"yoast-schema-graph\">{\"@context\":\"https:\/\/schema.org\",\"@graph\":[{\"@type\":\"WebPage\",\"@id\":\"https:\/\/www.erresse-shop.it\/fr\/shop\/food-fr\/fratelli-desideri-capsule-collection-tube-exclusive-pack\/\",\"url\":\"https:\/\/www.erresse-shop.it\/fr\/shop\/food-fr\/fratelli-desideri-capsule-collection-tube-exclusive-pack\/\",\"name\":\"FRATELLI DESIDERI Capsule Collection Tube Exclusive Pack - Erresse Shop\",\"isPartOf\":{\"@id\":\"https:\/\/www.erresse-shop.it\/fr\/#website\"},\"datePublished\":\"2026-01-30T11:52:42+00:00\",\"dateModified\":\"2026-01-30T13:57:58+00:00\",\"description\":\"THE CAPSULE COLLECTION PACK La meilleure fa\u00e7on de d\u00e9couvrir les capsules 3 Star Chefs. Exclusive Capsule Collection Pack L'Art du Temps : Collection\",\"breadcrumb\":{\"@id\":\"https:\/\/www.erresse-shop.it\/fr\/shop\/food-fr\/fratelli-desideri-capsule-collection-tube-exclusive-pack\/#breadcrumb\"},\"inLanguage\":\"fr-FR\",\"potentialAction\":[{\"@type\":\"ReadAction\",\"target\":[\"https:\/\/www.erresse-shop.it\/fr\/shop\/food-fr\/fratelli-desideri-capsule-collection-tube-exclusive-pack\/\"]}]},{\"@type\":\"BreadcrumbList\",\"@id\":\"https:\/\/www.erresse-shop.it\/fr\/shop\/food-fr\/fratelli-desideri-capsule-collection-tube-exclusive-pack\/#breadcrumb\",\"itemListElement\":[{\"@type\":\"ListItem\",\"position\":1,\"name\":\"Home\",\"item\":\"https:\/\/www.erresse-shop.it\/fr\/\"},{\"@type\":\"ListItem\",\"position\":2,\"name\":\"Shop\",\"item\":\"https:\/\/www.erresse-shop.it\/fr\/shop\/\"},{\"@type\":\"ListItem\",\"position\":3,\"name\":\"FRATELLI DESIDERI Capsule Collection Tube Exclusive Pack\"}]},{\"@type\":\"WebSite\",\"@id\":\"https:\/\/www.erresse-shop.it\/fr\/#website\",\"url\":\"https:\/\/www.erresse-shop.it\/fr\/\",\"name\":\"Erresse Shop\",\"description\":\"Articoli di qualit\u00e0 per la casa\",\"potentialAction\":[{\"@type\":\"SearchAction\",\"target\":{\"@type\":\"EntryPoint\",\"urlTemplate\":\"https:\/\/www.erresse-shop.it\/fr\/?s={search_term_string}\"},\"query-input\":\"required name=search_term_string\"}],\"inLanguage\":\"fr-FR\"}]}<\/script>\n<!-- \/ Yoast SEO Premium plugin. -->","yoast_head_json":{"title":"FRATELLI DESIDERI Capsule Collection Tube Exclusive Pack - Erresse Shop","description":"THE CAPSULE COLLECTION PACK La meilleure fa\u00e7on de d\u00e9couvrir les capsules 3 Star Chefs. Exclusive Capsule Collection Pack L'Art du Temps : Collection","robots":{"index":"index","follow":"follow","max-snippet":"max-snippet:-1","max-image-preview":"max-image-preview:large","max-video-preview":"max-video-preview:-1"},"canonical":"https:\/\/www.erresse-shop.it\/fr\/shop\/food-fr\/fratelli-desideri-capsule-collection-tube-exclusive-pack\/","og_locale":"fr_FR","og_type":"article","og_title":"FRATELLI DESIDERI Capsule Collection Tube Exclusive Pack","og_description":"THE CAPSULE COLLECTION PACK La meilleure fa\u00e7on de d\u00e9couvrir les capsules 3 Star Chefs. Exclusive Capsule Collection Pack L'Art du Temps : Collection","og_url":"https:\/\/www.erresse-shop.it\/fr\/shop\/food-fr\/fratelli-desideri-capsule-collection-tube-exclusive-pack\/","og_site_name":"Erresse Shop","article_modified_time":"2026-01-30T13:57:58+00:00","og_image":[{"width":1200,"height":1200,"url":"https:\/\/www.erresse-shop.it\/wp-content\/uploads\/2026\/01\/FRATELLI-DESIDERI-Capsule-Collection-Tube2.jpg","type":"image\/jpeg"}],"twitter_card":"summary_large_image","schema":{"@context":"https:\/\/schema.org","@graph":[{"@type":"WebPage","@id":"https:\/\/www.erresse-shop.it\/fr\/shop\/food-fr\/fratelli-desideri-capsule-collection-tube-exclusive-pack\/","url":"https:\/\/www.erresse-shop.it\/fr\/shop\/food-fr\/fratelli-desideri-capsule-collection-tube-exclusive-pack\/","name":"FRATELLI DESIDERI Capsule Collection Tube Exclusive Pack - Erresse Shop","isPartOf":{"@id":"https:\/\/www.erresse-shop.it\/fr\/#website"},"datePublished":"2026-01-30T11:52:42+00:00","dateModified":"2026-01-30T13:57:58+00:00","description":"THE CAPSULE COLLECTION PACK La meilleure fa\u00e7on de d\u00e9couvrir les capsules 3 Star Chefs. Exclusive Capsule Collection Pack L'Art du Temps : Collection","breadcrumb":{"@id":"https:\/\/www.erresse-shop.it\/fr\/shop\/food-fr\/fratelli-desideri-capsule-collection-tube-exclusive-pack\/#breadcrumb"},"inLanguage":"fr-FR","potentialAction":[{"@type":"ReadAction","target":["https:\/\/www.erresse-shop.it\/fr\/shop\/food-fr\/fratelli-desideri-capsule-collection-tube-exclusive-pack\/"]}]},{"@type":"BreadcrumbList","@id":"https:\/\/www.erresse-shop.it\/fr\/shop\/food-fr\/fratelli-desideri-capsule-collection-tube-exclusive-pack\/#breadcrumb","itemListElement":[{"@type":"ListItem","position":1,"name":"Home","item":"https:\/\/www.erresse-shop.it\/fr\/"},{"@type":"ListItem","position":2,"name":"Shop","item":"https:\/\/www.erresse-shop.it\/fr\/shop\/"},{"@type":"ListItem","position":3,"name":"FRATELLI DESIDERI Capsule Collection Tube Exclusive Pack"}]},{"@type":"WebSite","@id":"https:\/\/www.erresse-shop.it\/fr\/#website","url":"https:\/\/www.erresse-shop.it\/fr\/","name":"Erresse Shop","description":"Articoli di qualit\u00e0 per la casa","potentialAction":[{"@type":"SearchAction","target":{"@type":"EntryPoint","urlTemplate":"https:\/\/www.erresse-shop.it\/fr\/?s={search_term_string}"},"query-input":"required name=search_term_string"}],"inLanguage":"fr-FR"}]}},"df_price":62,"df_sale_price":62,"df_regular_price":78,"df_image_link":"https:\/\/www.erresse-shop.it\/wp-content\/uploads\/2026\/01\/FRATELLI-DESIDERI-Capsule-Collection-Tube2-300x300.jpg","_links":{"self":[{"href":"https:\/\/www.erresse-shop.it\/fr\/wp-json\/wp\/v2\/product\/522208"}],"collection":[{"href":"https:\/\/www.erresse-shop.it\/fr\/wp-json\/wp\/v2\/product"}],"about":[{"href":"https:\/\/www.erresse-shop.it\/fr\/wp-json\/wp\/v2\/types\/product"}],"wp:featuredmedia":[{"embeddable":true,"href":"https:\/\/www.erresse-shop.it\/fr\/wp-json\/wp\/v2\/media\/522213"}],"wp:attachment":[{"href":"https:\/\/www.erresse-shop.it\/fr\/wp-json\/wp\/v2\/media?parent=522208"}],"wp:term":[{"taxonomy":"product_cat","embeddable":true,"href":"https:\/\/www.erresse-shop.it\/fr\/wp-json\/wp\/v2\/product_cat?post=522208"},{"taxonomy":"product_tag","embeddable":true,"href":"https:\/\/www.erresse-shop.it\/fr\/wp-json\/wp\/v2\/product_tag?post=522208"}],"curies":[{"name":"wp","href":"https:\/\/api.w.org\/{rel}","templated":true}]}}