{"id":522094,"date":"2026-01-29T08:56:50","date_gmt":"2026-01-29T08:56:52","guid":{"rendered":"https:\/\/www.erresse-shop.it\/?post_type=product&#038;p=522094"},"modified":"2026-01-30T13:57:53","modified_gmt":"2026-01-30T13:57:53","slug":"jura-machine-a-cafe-j10-twin-diamond-onyx","status":"publish","type":"product","link":"https:\/\/www.erresse-shop.it\/fr\/shop\/petits-electromenagers\/machines-cafe\/automatique\/jura-machine-a-cafe-j10-twin-diamond-onyx\/","title":{"rendered":"JURA Machine \u00e0 Caf\u00e9 J10 Twin Diamond Onyx"},"content":{"rendered":"<p>La <strong>machine \u00e0 caf\u00e9<\/strong> r\u00e9volutionnaire <strong>Jura J10<\/strong> est l&#8217;alliance parfaite entre innovation technologique, design sophistiqu\u00e9 et performances exceptionnelles. Con\u00e7ue pour satisfaire les palais les plus exigeants, la J10 repr\u00e9sente le haut de gamme dans le monde des machines \u00e0 caf\u00e9.<\/p>\n<p><strong>Technologie et innovation<\/strong><\/p>\n<p>La <strong>Jura J10<\/strong> est \u00e9quip\u00e9e des technologies les plus avanc\u00e9es pour garantir une qualit\u00e9 de caf\u00e9 optimale. Gr\u00e2ce \u00e0 un syst\u00e8me de<strong> broyage \u00e0 tambour<\/strong> avec r\u00e9glage personnalisable, chaque grain est trait\u00e9 avec le plus grand soin afin de pr\u00e9server son ar\u00f4me et sa saveur. Le syst\u00e8me sophistiqu\u00e9 de <strong>dosage et d&#8217;extraction<\/strong> garantit une cr\u00e8me dense et persistante, \u00e9l\u00e9ment distinctif d&#8217;un v\u00e9ritable espresso. La technologie intelligente int\u00e9gr\u00e9e permet de <strong>personnaliser<\/strong> chaque pr\u00e9paration, en offrant le choix entre diff\u00e9rentes intensit\u00e9s et longueurs, pour un caf\u00e9 toujours parfait et adapt\u00e9 \u00e0 vos besoins.<\/p>\n<p><strong>Design \u00e9l\u00e9gant et fonctionnalit\u00e9s avanc\u00e9es<\/strong><\/p>\n<p>Avec ses lignes modernes et ses mat\u00e9riaux de haute qualit\u00e9, la Jura J10 n&#8217;est pas seulement un appareil \u00e9lectrom\u00e9nager, mais aussi un \u00e9l\u00e9ment de d\u00e9coration \u00e9l\u00e9gant pour tout environnement domestique ou professionnel. L&#8217;<strong>interface utilisateur intuitive<\/strong>, avec \u00e9cran couleur et commandes tactiles, permet de g\u00e9rer toutes les fonctions de mani\u00e8re simple et imm\u00e9diate. Chaque d\u00e9tail a \u00e9t\u00e9 \u00e9tudi\u00e9 pour faciliter l&#8217;utilisation quotidienne : du r\u00e9servoir d&#8217;eau de grande capacit\u00e9 \u00e0 la fonction d&#8217;autodiagnostic et d&#8217;entretien, qui simplifie les op\u00e9rations de nettoyage et garantit une longue dur\u00e9e de vie.<\/p>\n<p><strong>Exp\u00e9rience personnalis\u00e9e et durabilit\u00e9<\/strong><\/p>\n<p>Avec la possibilit\u00e9 de <strong>personnaliser<\/strong> les r\u00e9glages pour chaque utilisateur, elle m\u00e9morise les pr\u00e9f\u00e9rences et permet de pr\u00e9parer des caf\u00e9s personnalis\u00e9s en fonction de l&#8217;intensit\u00e9, de la temp\u00e9rature et de la quantit\u00e9, offrant ainsi une exp\u00e9rience unique \u00e0 chaque utilisation. De plus, la J10 est con\u00e7ue dans le respect de l&#8217;environnement : des fonctions d&#8217;\u00e9conomie d&#8217;\u00e9nergie et des composants hautement efficaces contribuent \u00e0 r\u00e9duire l&#8217;impact \u00e9cologique, faisant ainsi de cette machine un choix responsable pour l&#8217;avenir.<\/p>\n<p><strong>Caract\u00e9ristiques principales :<\/strong><\/p>\n<p>Nombre de boissons : 46<br \/>\nBoissons \u00e0 base de lait : Oui<br \/>\nSweet Foam : gr\u00e2ce \u00e0 l&#8217;accessoire pour sirops, la mousse de lait est aromatis\u00e9e pendant la pr\u00e9paration<br \/>\nCold Brew : processus d&#8217;extraction \u00e0 froid pour la pr\u00e9paration de boissons \u00e0 base de caf\u00e9 froid<br \/>\nLight Brew : extraction \u00e0 60 \u00b0C qui donne une note aromatique douce et l\u00e9g\u00e8re au caf\u00e9, pr\u00eat \u00e0 \u00eatre d\u00e9gust\u00e9<\/p>\n<p><strong>Dimensions :<\/strong><\/p>\n<p>Capacit\u00e9 du r\u00e9servoir d&#8217;eau : 1,9 litre<br \/>\nNombre de r\u00e9cipients \u00e0 grains de caf\u00e9 : 2<br \/>\nCapacit\u00e9 du r\u00e9cipient \u00e0 grains de caf\u00e9 : 180 g<br \/>\nCapacit\u00e9 du r\u00e9cipient \u00e0 marc de caf\u00e9 : 16<br \/>\nLongueur du c\u00e2ble : 1,1 m<br \/>\nPoids net : 11,5 kg<br \/>\nHauteur : 44,6 cm<br \/>\nLargeur : 31 cm<br \/>\nProfondeur : 36 cm<\/p>\n<p><strong>Caract\u00e9ristiques techniques :<\/strong><\/p>\n<p>Tension : 230 V<br \/>\nIntensit\u00e9 du courant : 10 amp\u00e8res<br \/>\nFr\u00e9quence : 50 Hz<br \/>\nPuissance absorb\u00e9e : 1450 W<br \/>\nConsommation en veille : 0 W<\/p>\n<p><strong>Contr\u00f4le et interaction :<\/strong><\/p>\n<p>Surveillance active des grains de caf\u00e9 : Oui<br \/>\nCoffee Eye : d\u00e9tecte la position de la tasse et affiche automatiquement les boissons disponibles \u00e0 l&#8217;\u00e9cran.<br \/>\nCoffee Timer : programme l&#8217;heure de pr\u00e9paration.<br \/>\nIndication de l&#8217;\u00e9tat d&#8217;entretien : Oui.<br \/>\nConnexion WiFi au r\u00e9seau domestique : Oui.<br \/>\n\u00c9cran : Panorama Coffee Panel 6,7 pouces.<br \/>\nHeure d&#8217;arr\u00eat programmable : Oui.<\/p>\n","protected":false},"excerpt":{"rendered":"<p>La machine \u00e0 caf\u00e9 r\u00e9volutionnaire Jura J10 est l&#8217;alliance parfaite entre innovation technologique, design sophistiqu\u00e9 et performances exceptionnelles. Con\u00e7ue pour<\/p>\n","protected":false},"featured_media":522141,"template":"","meta":{"_acf_changed":false,"inline_featured_image":false},"product_cat":[25360,12764,12449],"product_tag":[23563,20780,23568],"acf":[],"yoast_head":"<!-- This site is optimized with the Yoast SEO Premium plugin v18.6 (Yoast SEO v19.13) - https:\/\/yoast.com\/wordpress\/plugins\/seo\/ -->\n<title>JURA Machine \u00e0 Caf\u00e9 J10 Twin Diamond Onyx - Erresse Shop<\/title>\n<meta name=\"description\" content=\"La machine \u00e0 caf\u00e9 r\u00e9volutionnaire Jura J10 est l&#039;alliance parfaite entre innovation technologique, design sophistiqu\u00e9 et performances exceptionnelles.\" \/>\n<meta name=\"robots\" content=\"index, follow, max-snippet:-1, max-image-preview:large, max-video-preview:-1\" \/>\n<link rel=\"canonical\" href=\"https:\/\/www.erresse-shop.it\/fr\/shop\/petits-electromenagers\/machines-cafe\/automatique\/jura-machine-a-cafe-j10-twin-diamond-onyx\/\" \/>\n<meta property=\"og:locale\" content=\"fr_FR\" \/>\n<meta property=\"og:type\" content=\"article\" \/>\n<meta property=\"og:title\" content=\"JURA Machine \u00e0 Caf\u00e9 J10 Twin Diamond Onyx\" \/>\n<meta property=\"og:description\" content=\"La machine \u00e0 caf\u00e9 r\u00e9volutionnaire Jura J10 est l&#039;alliance parfaite entre innovation technologique, design sophistiqu\u00e9 et performances exceptionnelles.\" \/>\n<meta property=\"og:url\" content=\"https:\/\/www.erresse-shop.it\/fr\/shop\/petits-electromenagers\/machines-cafe\/automatique\/jura-machine-a-cafe-j10-twin-diamond-onyx\/\" \/>\n<meta property=\"og:site_name\" content=\"Erresse Shop\" \/>\n<meta property=\"article:modified_time\" content=\"2026-01-30T13:57:53+00:00\" \/>\n<meta property=\"og:image\" content=\"https:\/\/www.erresse-shop.it\/wp-content\/uploads\/2026\/01\/JURA-Macchina-Da-Caffe-J10-Twin-Diamond-Onyx.jpg\" \/>\n\t<meta property=\"og:image:width\" content=\"1200\" \/>\n\t<meta property=\"og:image:height\" content=\"1200\" \/>\n\t<meta property=\"og:image:type\" content=\"image\/jpeg\" \/>\n<meta name=\"twitter:card\" content=\"summary_large_image\" \/>\n<script type=\"application\/ld+json\" class=\"yoast-schema-graph\">{\"@context\":\"https:\/\/schema.org\",\"@graph\":[{\"@type\":\"WebPage\",\"@id\":\"https:\/\/www.erresse-shop.it\/fr\/shop\/petits-electromenagers\/machines-cafe\/automatique\/jura-machine-a-cafe-j10-twin-diamond-onyx\/\",\"url\":\"https:\/\/www.erresse-shop.it\/fr\/shop\/petits-electromenagers\/machines-cafe\/automatique\/jura-machine-a-cafe-j10-twin-diamond-onyx\/\",\"name\":\"JURA Machine \u00e0 Caf\u00e9 J10 Twin Diamond Onyx - Erresse Shop\",\"isPartOf\":{\"@id\":\"https:\/\/www.erresse-shop.it\/fr\/#website\"},\"datePublished\":\"2026-01-29T08:56:52+00:00\",\"dateModified\":\"2026-01-30T13:57:53+00:00\",\"description\":\"La machine \u00e0 caf\u00e9 r\u00e9volutionnaire Jura J10 est l'alliance parfaite entre innovation technologique, design sophistiqu\u00e9 et performances exceptionnelles.\",\"breadcrumb\":{\"@id\":\"https:\/\/www.erresse-shop.it\/fr\/shop\/petits-electromenagers\/machines-cafe\/automatique\/jura-machine-a-cafe-j10-twin-diamond-onyx\/#breadcrumb\"},\"inLanguage\":\"fr-FR\",\"potentialAction\":[{\"@type\":\"ReadAction\",\"target\":[\"https:\/\/www.erresse-shop.it\/fr\/shop\/petits-electromenagers\/machines-cafe\/automatique\/jura-machine-a-cafe-j10-twin-diamond-onyx\/\"]}]},{\"@type\":\"BreadcrumbList\",\"@id\":\"https:\/\/www.erresse-shop.it\/fr\/shop\/petits-electromenagers\/machines-cafe\/automatique\/jura-machine-a-cafe-j10-twin-diamond-onyx\/#breadcrumb\",\"itemListElement\":[{\"@type\":\"ListItem\",\"position\":1,\"name\":\"Home\",\"item\":\"https:\/\/www.erresse-shop.it\/fr\/\"},{\"@type\":\"ListItem\",\"position\":2,\"name\":\"Shop\",\"item\":\"https:\/\/www.erresse-shop.it\/fr\/shop\/\"},{\"@type\":\"ListItem\",\"position\":3,\"name\":\"JURA Machine \u00e0 Caf\u00e9 J10 Twin Diamond Onyx\"}]},{\"@type\":\"WebSite\",\"@id\":\"https:\/\/www.erresse-shop.it\/fr\/#website\",\"url\":\"https:\/\/www.erresse-shop.it\/fr\/\",\"name\":\"Erresse Shop\",\"description\":\"Articoli di qualit\u00e0 per la casa\",\"potentialAction\":[{\"@type\":\"SearchAction\",\"target\":{\"@type\":\"EntryPoint\",\"urlTemplate\":\"https:\/\/www.erresse-shop.it\/fr\/?s={search_term_string}\"},\"query-input\":\"required name=search_term_string\"}],\"inLanguage\":\"fr-FR\"}]}<\/script>\n<!-- \/ Yoast SEO Premium plugin. -->","yoast_head_json":{"title":"JURA Machine \u00e0 Caf\u00e9 J10 Twin Diamond Onyx - Erresse Shop","description":"La machine \u00e0 caf\u00e9 r\u00e9volutionnaire Jura J10 est l'alliance parfaite entre innovation technologique, design sophistiqu\u00e9 et performances exceptionnelles.","robots":{"index":"index","follow":"follow","max-snippet":"max-snippet:-1","max-image-preview":"max-image-preview:large","max-video-preview":"max-video-preview:-1"},"canonical":"https:\/\/www.erresse-shop.it\/fr\/shop\/petits-electromenagers\/machines-cafe\/automatique\/jura-machine-a-cafe-j10-twin-diamond-onyx\/","og_locale":"fr_FR","og_type":"article","og_title":"JURA Machine \u00e0 Caf\u00e9 J10 Twin Diamond Onyx","og_description":"La machine \u00e0 caf\u00e9 r\u00e9volutionnaire Jura J10 est l'alliance parfaite entre innovation technologique, design sophistiqu\u00e9 et performances exceptionnelles.","og_url":"https:\/\/www.erresse-shop.it\/fr\/shop\/petits-electromenagers\/machines-cafe\/automatique\/jura-machine-a-cafe-j10-twin-diamond-onyx\/","og_site_name":"Erresse Shop","article_modified_time":"2026-01-30T13:57:53+00:00","og_image":[{"width":1200,"height":1200,"url":"https:\/\/www.erresse-shop.it\/wp-content\/uploads\/2026\/01\/JURA-Macchina-Da-Caffe-J10-Twin-Diamond-Onyx.jpg","type":"image\/jpeg"}],"twitter_card":"summary_large_image","schema":{"@context":"https:\/\/schema.org","@graph":[{"@type":"WebPage","@id":"https:\/\/www.erresse-shop.it\/fr\/shop\/petits-electromenagers\/machines-cafe\/automatique\/jura-machine-a-cafe-j10-twin-diamond-onyx\/","url":"https:\/\/www.erresse-shop.it\/fr\/shop\/petits-electromenagers\/machines-cafe\/automatique\/jura-machine-a-cafe-j10-twin-diamond-onyx\/","name":"JURA Machine \u00e0 Caf\u00e9 J10 Twin Diamond Onyx - Erresse Shop","isPartOf":{"@id":"https:\/\/www.erresse-shop.it\/fr\/#website"},"datePublished":"2026-01-29T08:56:52+00:00","dateModified":"2026-01-30T13:57:53+00:00","description":"La machine \u00e0 caf\u00e9 r\u00e9volutionnaire Jura J10 est l'alliance parfaite entre innovation technologique, design sophistiqu\u00e9 et performances exceptionnelles.","breadcrumb":{"@id":"https:\/\/www.erresse-shop.it\/fr\/shop\/petits-electromenagers\/machines-cafe\/automatique\/jura-machine-a-cafe-j10-twin-diamond-onyx\/#breadcrumb"},"inLanguage":"fr-FR","potentialAction":[{"@type":"ReadAction","target":["https:\/\/www.erresse-shop.it\/fr\/shop\/petits-electromenagers\/machines-cafe\/automatique\/jura-machine-a-cafe-j10-twin-diamond-onyx\/"]}]},{"@type":"BreadcrumbList","@id":"https:\/\/www.erresse-shop.it\/fr\/shop\/petits-electromenagers\/machines-cafe\/automatique\/jura-machine-a-cafe-j10-twin-diamond-onyx\/#breadcrumb","itemListElement":[{"@type":"ListItem","position":1,"name":"Home","item":"https:\/\/www.erresse-shop.it\/fr\/"},{"@type":"ListItem","position":2,"name":"Shop","item":"https:\/\/www.erresse-shop.it\/fr\/shop\/"},{"@type":"ListItem","position":3,"name":"JURA Machine \u00e0 Caf\u00e9 J10 Twin Diamond Onyx"}]},{"@type":"WebSite","@id":"https:\/\/www.erresse-shop.it\/fr\/#website","url":"https:\/\/www.erresse-shop.it\/fr\/","name":"Erresse Shop","description":"Articoli di qualit\u00e0 per la casa","potentialAction":[{"@type":"SearchAction","target":{"@type":"EntryPoint","urlTemplate":"https:\/\/www.erresse-shop.it\/fr\/?s={search_term_string}"},"query-input":"required name=search_term_string"}],"inLanguage":"fr-FR"}]}},"df_price":1949.95,"df_sale_price":1949.95,"df_regular_price":2299,"df_image_link":"https:\/\/www.erresse-shop.it\/wp-content\/uploads\/2026\/01\/JURA-Macchina-Da-Caffe-J10-Twin-Diamond-Onyx-300x300.jpg","_links":{"self":[{"href":"https:\/\/www.erresse-shop.it\/fr\/wp-json\/wp\/v2\/product\/522094"}],"collection":[{"href":"https:\/\/www.erresse-shop.it\/fr\/wp-json\/wp\/v2\/product"}],"about":[{"href":"https:\/\/www.erresse-shop.it\/fr\/wp-json\/wp\/v2\/types\/product"}],"wp:featuredmedia":[{"embeddable":true,"href":"https:\/\/www.erresse-shop.it\/fr\/wp-json\/wp\/v2\/media\/522141"}],"wp:attachment":[{"href":"https:\/\/www.erresse-shop.it\/fr\/wp-json\/wp\/v2\/media?parent=522094"}],"wp:term":[{"taxonomy":"product_cat","embeddable":true,"href":"https:\/\/www.erresse-shop.it\/fr\/wp-json\/wp\/v2\/product_cat?post=522094"},{"taxonomy":"product_tag","embeddable":true,"href":"https:\/\/www.erresse-shop.it\/fr\/wp-json\/wp\/v2\/product_tag?post=522094"}],"curies":[{"name":"wp","href":"https:\/\/api.w.org\/{rel}","templated":true}]}}