{"id":521876,"date":"2026-01-28T10:32:29","date_gmt":"2026-01-28T10:32:32","guid":{"rendered":"https:\/\/www.erresse-shop.it\/?post_type=product&#038;p=521876"},"modified":"2026-02-02T07:21:56","modified_gmt":"2026-02-02T07:21:56","slug":"jura-machine-a-cafe-z10-aluminium-black","status":"publish","type":"product","link":"https:\/\/www.erresse-shop.it\/fr\/shop\/petits-electromenagers\/machines-cafe\/automatique\/jura-machine-a-cafe-z10-aluminium-black\/","title":{"rendered":"JURA Machine \u00e0 caf\u00e9 Z10 Aluminium Black"},"content":{"rendered":"<div class=\"page-subtitle\">\n<div class=\"page-subtitle\">\n<div class=\"page-subtitle\">\n<div class=\"page-subtitle\">\n<div class=\"page-subtitle\">\n<p class=\"\" data-start=\"4259\" data-end=\"4363\"><strong data-start=\"4259\" data-end=\"4363\">Premi\u00e8re mondiale : La r\u00e9volutionnaire Z10 avec P.R.G. pour sp\u00e9cialit\u00e9s de caf\u00e9 chaudes et Cold Brew<\/strong><\/p>\n<p class=\"\" data-start=\"4365\" data-end=\"4900\">La nouvelle Z10, un chef-d&#8217;\u0153uvre de l&#8217;ing\u00e9nierie suisse, double la vari\u00e9t\u00e9 des sp\u00e9cialit\u00e9s de caf\u00e9. D&#8217;une simple pression sur un bouton, elle pr\u00e9pare toute la gamme de boissons chaudes, de l&#8217;espresso intense au flat white tendance. Avec les sp\u00e9cialit\u00e9s Cold Brew, elle inaugure une nouvelle dimension du plaisir du caf\u00e9, permettant d&#8217;acc\u00e9der \u00e0 un univers parall\u00e8le complet. Cela est rendu possible gr\u00e2ce au Product Recognising Grinder (P.R.G.), qui reconna\u00eet la sp\u00e9cialit\u00e9 s\u00e9lectionn\u00e9e et ajuste imm\u00e9diatement la finesse de la mouture.<\/p>\n<p class=\"\" data-start=\"4902\" data-end=\"4953\"><strong data-start=\"4902\" data-end=\"4953\">Le nouveau Product Recognising Grinder (P.R.G.)<\/strong><\/p>\n<p class=\"\" data-start=\"4955\" data-end=\"5530\">Pour garantir la mouture optimale pour chaque sp\u00e9cialit\u00e9, les ing\u00e9nieurs de JURA ont d\u00e9velopp\u00e9 le Product Recognising Grinder (P.R.G.). Ce moulin de pr\u00e9cision ajuste \u00e9lectroniquement la mouture en fractions de seconde \u2013 beaucoup plus rapidement et fr\u00e9quemment qu&#8217;une m\u00e9thode manuelle. La gamme de mouture va du tr\u00e8s fin pour les caf\u00e9s courts au tr\u00e8s grossier pour les sp\u00e9cialit\u00e9s longues. Mais les connaisseurs de caf\u00e9 n&#8217;ont pas \u00e0 s&#8217;en soucier : le r\u00e9glage s&#8217;effectue automatiquement pendant la pr\u00e9paration, et il peut n\u00e9anmoins \u00eatre ajust\u00e9 individuellement avant l&#8217;infusion.<\/p>\n<p class=\"\" data-start=\"5532\" data-end=\"5565\"><strong data-start=\"5532\" data-end=\"5565\">Cold Brew \u2013 Fra\u00eecheur extr\u00eame<\/strong><\/p>\n<p class=\"\" data-start=\"5567\" data-end=\"6120\">Gr\u00e2ce au Cold Extraction Process, la Z10 pr\u00e9pare des sp\u00e9cialit\u00e9s Cold Brew authentiques. Tandis que de nombreuses boissons froides \u00e0 base de caf\u00e9 sont pr\u00e9par\u00e9es avec du caf\u00e9 chaud, puis refroidi, la Z10 extrait le caf\u00e9 avec de l&#8217;eau froide sous haute pression, \u00e0 l&#8217;aide d&#8217;un processus puls\u00e9 et de caf\u00e9 moulu plus grossi\u00e8rement. Le r\u00e9sultat est une boisson rafra\u00eechissante, naturelle et \u00e9nergisante, dans laquelle les ar\u00f4mes fruit\u00e9s du caf\u00e9 se d\u00e9veloppent pleinement sans l&#8217;influence n\u00e9gative des substances am\u00e8res. Ce n&#8217;est pas simplement un caf\u00e9 glac\u00e9.<\/p>\n<p class=\"\" data-start=\"6122\" data-end=\"6164\"><strong data-start=\"6122\" data-end=\"6164\">Groupe d&#8217;extraction de 8\u00e8me g\u00e9n\u00e9ration<\/strong><\/p>\n<p class=\"\" data-start=\"6166\" data-end=\"6546\">Le groupe d&#8217;extraction est le c\u0153ur de chaque machine \u00e0 caf\u00e9 automatique. Pour la Z10, JURA a cr\u00e9\u00e9 le groupe d&#8217;extraction de 8\u00e8me g\u00e9n\u00e9ration. Gr\u00e2ce \u00e0 sa technologie d&#8217;extraction 3D unique, il assure un \u00e9coulement uniforme de l&#8217;eau \u00e0 travers le caf\u00e9 en poudre sur plusieurs niveaux, pour une extraction maximale des ar\u00f4mes \u2013 tant pour les sp\u00e9cialit\u00e9s chaudes que pour les Cold Brew.<\/p>\n<p class=\"\" data-start=\"6548\" data-end=\"6582\"><strong data-start=\"6548\" data-end=\"6582\">\u00c9l\u00e9gance durable dans le temps<\/strong><\/p>\n<p class=\"\" data-start=\"6584\" data-end=\"7374\">Le design et la s\u00e9lection minutieuse des mat\u00e9riaux contribuent activement \u00e0 la durabilit\u00e9 du produit. JURA vise un design qui suscite la fiert\u00e9 de poss\u00e9der un objet extraordinaire, qui reste frais et moderne m\u00eame apr\u00e8s des ann\u00e9es. Qualit\u00e9 sans compromis, mat\u00e9riaux durables et une pr\u00e9cision maximale dans le travail assurent un plaisir culinaire et esth\u00e9tique incomparable tout au long de la dur\u00e9e de vie de la machine. Un proc\u00e9d\u00e9 high-tech \u00e0 deux composants donne aux surfaces un effet de profondeur exceptionnel pour un v\u00e9ritable plaisir esth\u00e9tique. Le r\u00e9servoir d&#8217;eau au design raffin\u00e9 et ondul\u00e9 et la couverture harmonieuse du filtre ne sont que deux exemples de l&#8217;attention port\u00e9e \u00e0 chaque d\u00e9tail. La sensation tactile de la Z10 exprime de mani\u00e8re tangible la notion de valeur de JURA.<\/p>\n<p class=\"\" data-start=\"7376\" data-end=\"7403\"><strong data-start=\"7376\" data-end=\"7403\">Pour un plaisir sp\u00e9cial<\/strong><\/p>\n<p class=\"\" data-start=\"7405\" data-end=\"7881\">L&#8217;accessoire pour sirop pour le distributeur combin\u00e9 compl\u00e8te la Z10 et ajoute l&#8217;enrichissement de mousse de lait d\u00e9licatement sucr\u00e9e \u00e0 la gamme de sp\u00e9cialit\u00e9s de cette machine automatique premium. Cet accessoire permet de savourer chaque sp\u00e9cialit\u00e9 avec des saveurs allant de l\u00e9g\u00e8rement sucr\u00e9es \u00e0 sucr\u00e9es et aromatiques, que ce soit pour les Hot Brew ou Cold Brew. La vari\u00e9t\u00e9 des saveurs est une invitation \u00e0 l&#8217;essayer, et avec 40 sp\u00e9cialit\u00e9s, la Z10 souligne son excellence.<\/p>\n<p class=\"\" data-start=\"7883\" data-end=\"8092\"><strong data-start=\"7883\" data-end=\"7912\">Sp\u00e9cialit\u00e9s (40 options):<\/strong><\/p>\n<ul>\n<li data-start=\"7883\" data-end=\"8092\">Divers types de caf\u00e9 (Espresso, Caff\u00e8, Americano, Lungo, Espresso double, Cortado, Cappuccino, Flat White, Latte Macchiato, et versions Cold Brew et Sweet pour de nombreux caf\u00e9s).<\/li>\n<li data-start=\"8094\" data-end=\"8155\">Fonctions de mousse de lait, lait chaud et eau pour th\u00e9 vert.<\/li>\n<\/ul>\n<p class=\"\" data-start=\"8157\" data-end=\"8190\"><strong data-start=\"8157\" data-end=\"8190\">Caract\u00e9ristiques principales:<\/strong><\/p>\n<ul data-start=\"8191\" data-end=\"8610\">\n<li class=\"\" data-start=\"8191\" data-end=\"8231\">\n<p class=\"\" data-start=\"8193\" data-end=\"8231\">Cold Extraction Process pour Cold Brew<\/p>\n<\/li>\n<li class=\"\" data-start=\"8232\" data-end=\"8286\">\n<p class=\"\" data-start=\"8234\" data-end=\"8286\">Sweet Foam Function pour ajouter de la mousse sucr\u00e9e<\/p>\n<\/li>\n<li class=\"\" data-start=\"8287\" data-end=\"8355\">\n<p class=\"\" data-start=\"8289\" data-end=\"8355\">Automatic Grinder Adjustment (A.G.A.) et contr\u00f4le actif des grains<\/p>\n<\/li>\n<li class=\"\" data-start=\"8356\" data-end=\"8403\">\n<p class=\"\" data-start=\"8358\" data-end=\"8403\">Wi-Fi Connect: Connexion au r\u00e9seau domestique<\/p>\n<\/li>\n<li class=\"\" data-start=\"8404\" data-end=\"8442\">\n<p class=\"\" data-start=\"8406\" data-end=\"8442\">P.R.G. (Product Recognising Grinder)<\/p>\n<\/li>\n<li class=\"\" data-start=\"8443\" data-end=\"8484\">\n<p class=\"\" data-start=\"8445\" data-end=\"8484\">Processus d&#8217;extraction puls\u00e9e (P.E.P.\u00ae)<\/p>\n<\/li>\n<li class=\"\" data-start=\"8485\" data-end=\"8541\">\n<p class=\"\" data-start=\"8487\" data-end=\"8541\">5\u201316 g pour le groupe d&#8217;extraction \u00e0 capacit\u00e9 variable<\/p>\n<\/li>\n<li class=\"\" data-start=\"8542\" data-end=\"8578\">\n<p class=\"\" data-start=\"8544\" data-end=\"8578\">Pompe haute performance de 15 bars<\/p>\n<\/li>\n<li class=\"\" data-start=\"8579\" data-end=\"8610\">\n<p class=\"\" data-start=\"8581\" data-end=\"8610\">\u00c9cran tactile couleur de 4,3&#8243;<\/p>\n<\/li>\n<\/ul>\n<p class=\"\" data-start=\"8612\" data-end=\"8642\"><strong data-start=\"8612\" data-end=\"8642\">Sp\u00e9cifications techniques:<\/strong><\/p>\n<ul data-start=\"8643\" data-end=\"8851\">\n<li class=\"\" data-start=\"8643\" data-end=\"8679\">\n<p class=\"\" data-start=\"8645\" data-end=\"8679\">Capacit\u00e9 du r\u00e9servoir d&#8217;eau: 2,4 l<\/p>\n<\/li>\n<li class=\"\" data-start=\"8680\" data-end=\"8717\">\n<p class=\"\" data-start=\"8682\" data-end=\"8717\">Capacit\u00e9 du contenant \u00e0 caf\u00e9: 280 g<\/p>\n<\/li>\n<li class=\"\" data-start=\"8718\" data-end=\"8732\">\n<p class=\"\" data-start=\"8720\" data-end=\"8732\">Poids: 12 kg<\/p>\n<\/li>\n<li class=\"\" data-start=\"8733\" data-end=\"8764\">\n<p class=\"\" data-start=\"8735\" data-end=\"8764\">Dimensions: 32 x 36,3 x 47 cm<\/p>\n<\/li>\n<li class=\"\" data-start=\"8765\" data-end=\"8792\">\n<p class=\"\" data-start=\"8767\" data-end=\"8792\">Tension: 230 V ~ \/ 1450 W<\/p>\n<\/li>\n<li class=\"\" data-start=\"8793\" data-end=\"8806\">\n<p class=\"\" data-start=\"8795\" data-end=\"8806\">Veille: 0 W<\/p>\n<\/li>\n<li class=\"\" data-start=\"8807\" data-end=\"8827\">\n<p class=\"\" data-start=\"8809\" data-end=\"8827\">Fabriqu\u00e9 en Suisse<\/p>\n<\/li>\n<li class=\"\" data-start=\"8828\" data-end=\"8851\">\n<p class=\"\" data-start=\"8830\" data-end=\"8851\">Ann\u00e9e du mod\u00e8le: 2021<\/p>\n<\/li>\n<\/ul>\n<\/div>\n<\/div>\n<\/div>\n<\/div>\n<\/div>\n","protected":false},"excerpt":{"rendered":"<p>Premi\u00e8re mondiale : La r\u00e9volutionnaire Z10 avec P.R.G. pour sp\u00e9cialit\u00e9s de caf\u00e9 chaudes et Cold Brew La nouvelle Z10, un<\/p>\n","protected":false},"featured_media":521936,"template":"","meta":{"_acf_changed":false,"inline_featured_image":false},"product_cat":[25360,12764,12449],"product_tag":[23563,20780,13254,23568],"acf":[],"yoast_head":"<!-- This site is optimized with the Yoast SEO Premium plugin v18.6 (Yoast SEO v19.13) - https:\/\/yoast.com\/wordpress\/plugins\/seo\/ -->\n<title>JURA Machine \u00e0 caf\u00e9 Z10 Aluminium Black - Erresse Shop<\/title>\n<meta name=\"description\" content=\"Premi\u00e8re mondiale : La r\u00e9volutionnaire Z10 avec P.R.G. pour sp\u00e9cialit\u00e9s de caf\u00e9 chaudes et Cold Brew La nouvelle Z10, un chef-d&#039;\u0153uvre de l&#039;ing\u00e9nierie\" \/>\n<meta name=\"robots\" content=\"index, follow, max-snippet:-1, max-image-preview:large, max-video-preview:-1\" \/>\n<link rel=\"canonical\" href=\"https:\/\/www.erresse-shop.it\/fr\/shop\/petits-electromenagers\/machines-cafe\/automatique\/jura-machine-a-cafe-z10-aluminium-black\/\" \/>\n<meta property=\"og:locale\" content=\"fr_FR\" \/>\n<meta property=\"og:type\" content=\"article\" \/>\n<meta property=\"og:title\" content=\"JURA Machine \u00e0 caf\u00e9 Z10 Aluminium Black\" \/>\n<meta property=\"og:description\" content=\"Premi\u00e8re mondiale : La r\u00e9volutionnaire Z10 avec P.R.G. pour sp\u00e9cialit\u00e9s de caf\u00e9 chaudes et Cold Brew La nouvelle Z10, un chef-d&#039;\u0153uvre de l&#039;ing\u00e9nierie\" \/>\n<meta property=\"og:url\" content=\"https:\/\/www.erresse-shop.it\/fr\/shop\/petits-electromenagers\/machines-cafe\/automatique\/jura-machine-a-cafe-z10-aluminium-black\/\" \/>\n<meta property=\"og:site_name\" content=\"Erresse Shop\" \/>\n<meta property=\"article:modified_time\" content=\"2026-02-02T07:21:56+00:00\" \/>\n<meta property=\"og:image\" content=\"https:\/\/www.erresse-shop.it\/wp-content\/uploads\/2026\/01\/JURA-Macchina-Da-Caffe-Z10-Aluminium-Black.jpg\" \/>\n\t<meta property=\"og:image:width\" content=\"1200\" \/>\n\t<meta property=\"og:image:height\" content=\"1200\" \/>\n\t<meta property=\"og:image:type\" content=\"image\/jpeg\" \/>\n<meta name=\"twitter:card\" content=\"summary_large_image\" \/>\n<script type=\"application\/ld+json\" class=\"yoast-schema-graph\">{\"@context\":\"https:\/\/schema.org\",\"@graph\":[{\"@type\":\"WebPage\",\"@id\":\"https:\/\/www.erresse-shop.it\/fr\/shop\/petits-electromenagers\/machines-cafe\/automatique\/jura-machine-a-cafe-z10-aluminium-black\/\",\"url\":\"https:\/\/www.erresse-shop.it\/fr\/shop\/petits-electromenagers\/machines-cafe\/automatique\/jura-machine-a-cafe-z10-aluminium-black\/\",\"name\":\"JURA Machine \u00e0 caf\u00e9 Z10 Aluminium Black - Erresse Shop\",\"isPartOf\":{\"@id\":\"https:\/\/www.erresse-shop.it\/fr\/#website\"},\"datePublished\":\"2026-01-28T10:32:32+00:00\",\"dateModified\":\"2026-02-02T07:21:56+00:00\",\"description\":\"Premi\u00e8re mondiale : La r\u00e9volutionnaire Z10 avec P.R.G. pour sp\u00e9cialit\u00e9s de caf\u00e9 chaudes et Cold Brew La nouvelle Z10, un chef-d'\u0153uvre de l'ing\u00e9nierie\",\"breadcrumb\":{\"@id\":\"https:\/\/www.erresse-shop.it\/fr\/shop\/petits-electromenagers\/machines-cafe\/automatique\/jura-machine-a-cafe-z10-aluminium-black\/#breadcrumb\"},\"inLanguage\":\"fr-FR\",\"potentialAction\":[{\"@type\":\"ReadAction\",\"target\":[\"https:\/\/www.erresse-shop.it\/fr\/shop\/petits-electromenagers\/machines-cafe\/automatique\/jura-machine-a-cafe-z10-aluminium-black\/\"]}]},{\"@type\":\"BreadcrumbList\",\"@id\":\"https:\/\/www.erresse-shop.it\/fr\/shop\/petits-electromenagers\/machines-cafe\/automatique\/jura-machine-a-cafe-z10-aluminium-black\/#breadcrumb\",\"itemListElement\":[{\"@type\":\"ListItem\",\"position\":1,\"name\":\"Home\",\"item\":\"https:\/\/www.erresse-shop.it\/fr\/\"},{\"@type\":\"ListItem\",\"position\":2,\"name\":\"Shop\",\"item\":\"https:\/\/www.erresse-shop.it\/fr\/shop\/\"},{\"@type\":\"ListItem\",\"position\":3,\"name\":\"JURA Machine \u00e0 caf\u00e9 Z10 Aluminium Black\"}]},{\"@type\":\"WebSite\",\"@id\":\"https:\/\/www.erresse-shop.it\/fr\/#website\",\"url\":\"https:\/\/www.erresse-shop.it\/fr\/\",\"name\":\"Erresse Shop\",\"description\":\"Articoli di qualit\u00e0 per la casa\",\"potentialAction\":[{\"@type\":\"SearchAction\",\"target\":{\"@type\":\"EntryPoint\",\"urlTemplate\":\"https:\/\/www.erresse-shop.it\/fr\/?s={search_term_string}\"},\"query-input\":\"required name=search_term_string\"}],\"inLanguage\":\"fr-FR\"}]}<\/script>\n<!-- \/ Yoast SEO Premium plugin. -->","yoast_head_json":{"title":"JURA Machine \u00e0 caf\u00e9 Z10 Aluminium Black - Erresse Shop","description":"Premi\u00e8re mondiale : La r\u00e9volutionnaire Z10 avec P.R.G. pour sp\u00e9cialit\u00e9s de caf\u00e9 chaudes et Cold Brew La nouvelle Z10, un chef-d'\u0153uvre de l'ing\u00e9nierie","robots":{"index":"index","follow":"follow","max-snippet":"max-snippet:-1","max-image-preview":"max-image-preview:large","max-video-preview":"max-video-preview:-1"},"canonical":"https:\/\/www.erresse-shop.it\/fr\/shop\/petits-electromenagers\/machines-cafe\/automatique\/jura-machine-a-cafe-z10-aluminium-black\/","og_locale":"fr_FR","og_type":"article","og_title":"JURA Machine \u00e0 caf\u00e9 Z10 Aluminium Black","og_description":"Premi\u00e8re mondiale : La r\u00e9volutionnaire Z10 avec P.R.G. pour sp\u00e9cialit\u00e9s de caf\u00e9 chaudes et Cold Brew La nouvelle Z10, un chef-d'\u0153uvre de l'ing\u00e9nierie","og_url":"https:\/\/www.erresse-shop.it\/fr\/shop\/petits-electromenagers\/machines-cafe\/automatique\/jura-machine-a-cafe-z10-aluminium-black\/","og_site_name":"Erresse Shop","article_modified_time":"2026-02-02T07:21:56+00:00","og_image":[{"width":1200,"height":1200,"url":"https:\/\/www.erresse-shop.it\/wp-content\/uploads\/2026\/01\/JURA-Macchina-Da-Caffe-Z10-Aluminium-Black.jpg","type":"image\/jpeg"}],"twitter_card":"summary_large_image","schema":{"@context":"https:\/\/schema.org","@graph":[{"@type":"WebPage","@id":"https:\/\/www.erresse-shop.it\/fr\/shop\/petits-electromenagers\/machines-cafe\/automatique\/jura-machine-a-cafe-z10-aluminium-black\/","url":"https:\/\/www.erresse-shop.it\/fr\/shop\/petits-electromenagers\/machines-cafe\/automatique\/jura-machine-a-cafe-z10-aluminium-black\/","name":"JURA Machine \u00e0 caf\u00e9 Z10 Aluminium Black - Erresse Shop","isPartOf":{"@id":"https:\/\/www.erresse-shop.it\/fr\/#website"},"datePublished":"2026-01-28T10:32:32+00:00","dateModified":"2026-02-02T07:21:56+00:00","description":"Premi\u00e8re mondiale : La r\u00e9volutionnaire Z10 avec P.R.G. pour sp\u00e9cialit\u00e9s de caf\u00e9 chaudes et Cold Brew La nouvelle Z10, un chef-d'\u0153uvre de l'ing\u00e9nierie","breadcrumb":{"@id":"https:\/\/www.erresse-shop.it\/fr\/shop\/petits-electromenagers\/machines-cafe\/automatique\/jura-machine-a-cafe-z10-aluminium-black\/#breadcrumb"},"inLanguage":"fr-FR","potentialAction":[{"@type":"ReadAction","target":["https:\/\/www.erresse-shop.it\/fr\/shop\/petits-electromenagers\/machines-cafe\/automatique\/jura-machine-a-cafe-z10-aluminium-black\/"]}]},{"@type":"BreadcrumbList","@id":"https:\/\/www.erresse-shop.it\/fr\/shop\/petits-electromenagers\/machines-cafe\/automatique\/jura-machine-a-cafe-z10-aluminium-black\/#breadcrumb","itemListElement":[{"@type":"ListItem","position":1,"name":"Home","item":"https:\/\/www.erresse-shop.it\/fr\/"},{"@type":"ListItem","position":2,"name":"Shop","item":"https:\/\/www.erresse-shop.it\/fr\/shop\/"},{"@type":"ListItem","position":3,"name":"JURA Machine \u00e0 caf\u00e9 Z10 Aluminium Black"}]},{"@type":"WebSite","@id":"https:\/\/www.erresse-shop.it\/fr\/#website","url":"https:\/\/www.erresse-shop.it\/fr\/","name":"Erresse Shop","description":"Articoli di qualit\u00e0 per la casa","potentialAction":[{"@type":"SearchAction","target":{"@type":"EntryPoint","urlTemplate":"https:\/\/www.erresse-shop.it\/fr\/?s={search_term_string}"},"query-input":"required name=search_term_string"}],"inLanguage":"fr-FR"}]}},"df_price":2321.1,"df_sale_price":2321.1,"df_regular_price":2579,"df_image_link":"https:\/\/www.erresse-shop.it\/wp-content\/uploads\/2026\/01\/JURA-Macchina-Da-Caffe-Z10-Aluminium-Black-300x300.jpg","_links":{"self":[{"href":"https:\/\/www.erresse-shop.it\/fr\/wp-json\/wp\/v2\/product\/521876"}],"collection":[{"href":"https:\/\/www.erresse-shop.it\/fr\/wp-json\/wp\/v2\/product"}],"about":[{"href":"https:\/\/www.erresse-shop.it\/fr\/wp-json\/wp\/v2\/types\/product"}],"wp:featuredmedia":[{"embeddable":true,"href":"https:\/\/www.erresse-shop.it\/fr\/wp-json\/wp\/v2\/media\/521936"}],"wp:attachment":[{"href":"https:\/\/www.erresse-shop.it\/fr\/wp-json\/wp\/v2\/media?parent=521876"}],"wp:term":[{"taxonomy":"product_cat","embeddable":true,"href":"https:\/\/www.erresse-shop.it\/fr\/wp-json\/wp\/v2\/product_cat?post=521876"},{"taxonomy":"product_tag","embeddable":true,"href":"https:\/\/www.erresse-shop.it\/fr\/wp-json\/wp\/v2\/product_tag?post=521876"}],"curies":[{"name":"wp","href":"https:\/\/api.w.org\/{rel}","templated":true}]}}