{"id":521809,"date":"2026-01-26T11:53:33","date_gmt":"2026-01-26T11:53:35","guid":{"rendered":"https:\/\/www.erresse-shop.it\/?post_type=product&#038;p=521809"},"modified":"2026-02-04T10:48:52","modified_gmt":"2026-02-04T10:48:52","slug":"fratelli-desideri-masterchef-mistery-box-alchimia-di-montagna","status":"publish","type":"product","link":"https:\/\/www.erresse-shop.it\/fr\/shop\/food-fr\/fratelli-desideri-masterchef-mistery-box-alchimia-di-montagna\/","title":{"rendered":"FRATELLI DESIDERI Masterchef Mistery Box Alchimia di Montagna"},"content":{"rendered":"<p>En avant-premi\u00e8re absolue, <strong>Anna Zhang<\/strong> (laur\u00e9ate de la 14e \u00e9dition de MasterChef Italia) pr\u00e9sente une recette unique, pleine de couleurs et au go\u00fbt sublime.<\/p>\n<p>Un plat qui sent bon la nature et l&#8217;\u00e9merveillement, dans un \u00e9quilibre de contrastes : le go\u00fbt pur et d\u00e9licat du riz rencontre la fra\u00eecheur de la framboise, l&#8217;ar\u00f4me de la cardamome et la force du fromage bleu, dans un jardin de fleurs et d&#8217;herbes de montagne.<\/p>\n<p><strong>D\u00e9tails du produit :<\/strong><\/p>\n<p>Portions : 4 personnes<br \/>\nTemps de pr\u00e9paration : 20 min.<br \/>\nDifficult\u00e9 : faible<\/p>\n<p><strong>Ingr\u00e9dients<\/strong><\/p>\n<p>Riz Carnaroli 250 g.<br \/>\nBouillon de l\u00e9gumes 40 g.<br \/>\nBeurre \u00e0 la cardamome 75 g.<br \/>\nFleurs comestibles s\u00e9ch\u00e9es 1 g.<br \/>\nCr\u00e8me aux herbes 130 g.<br \/>\nFromage bleu BLU61 40 g.<br \/>\nPoudre de framboise 6 g.<br \/>\nPoivre noir 0,2 g.<\/p>\n","protected":false},"excerpt":{"rendered":"<p>En avant-premi\u00e8re absolue, Anna Zhang (laur\u00e9ate de la 14e \u00e9dition de MasterChef Italia) pr\u00e9sente une recette unique, pleine de couleurs<\/p>\n","protected":false},"featured_media":521844,"template":"","meta":{"_acf_changed":false,"inline_featured_image":false},"product_cat":[25933],"product_tag":[21529],"acf":[],"yoast_head":"<!-- This site is optimized with the Yoast SEO Premium plugin v18.6 (Yoast SEO v19.13) - https:\/\/yoast.com\/wordpress\/plugins\/seo\/ -->\n<title>FRATELLI DESIDERI Masterchef Mistery Box Alchimia di Montagna - Erresse Shop<\/title>\n<meta name=\"description\" content=\"En avant-premi\u00e8re absolue, Anna Zhang (laur\u00e9ate de la 14e \u00e9dition de MasterChef Italia) pr\u00e9sente une recette unique, pleine de couleurs et au go\u00fbt\" \/>\n<meta name=\"robots\" content=\"index, follow, max-snippet:-1, max-image-preview:large, max-video-preview:-1\" \/>\n<link rel=\"canonical\" href=\"https:\/\/www.erresse-shop.it\/fr\/shop\/food-fr\/fratelli-desideri-masterchef-mistery-box-alchimia-di-montagna\/\" \/>\n<meta property=\"og:locale\" content=\"fr_FR\" \/>\n<meta property=\"og:type\" content=\"article\" \/>\n<meta property=\"og:title\" content=\"FRATELLI DESIDERI Masterchef Mistery Box Alchimia di Montagna\" \/>\n<meta property=\"og:description\" content=\"En avant-premi\u00e8re absolue, Anna Zhang (laur\u00e9ate de la 14e \u00e9dition de MasterChef Italia) pr\u00e9sente une recette unique, pleine de couleurs et au go\u00fbt\" \/>\n<meta property=\"og:url\" content=\"https:\/\/www.erresse-shop.it\/fr\/shop\/food-fr\/fratelli-desideri-masterchef-mistery-box-alchimia-di-montagna\/\" \/>\n<meta property=\"og:site_name\" content=\"Erresse Shop\" \/>\n<meta property=\"article:modified_time\" content=\"2026-02-04T10:48:52+00:00\" \/>\n<meta property=\"og:image\" content=\"https:\/\/www.erresse-shop.it\/wp-content\/uploads\/2026\/01\/FRATELLI-DESIDERI-Masterchef-Mistery-Box-Alchimia-di-Montagna.jpg\" \/>\n\t<meta property=\"og:image:width\" content=\"1200\" \/>\n\t<meta property=\"og:image:height\" content=\"1200\" \/>\n\t<meta property=\"og:image:type\" content=\"image\/jpeg\" \/>\n<meta name=\"twitter:card\" content=\"summary_large_image\" \/>\n<script type=\"application\/ld+json\" class=\"yoast-schema-graph\">{\"@context\":\"https:\/\/schema.org\",\"@graph\":[{\"@type\":\"WebPage\",\"@id\":\"https:\/\/www.erresse-shop.it\/fr\/shop\/food-fr\/fratelli-desideri-masterchef-mistery-box-alchimia-di-montagna\/\",\"url\":\"https:\/\/www.erresse-shop.it\/fr\/shop\/food-fr\/fratelli-desideri-masterchef-mistery-box-alchimia-di-montagna\/\",\"name\":\"FRATELLI DESIDERI Masterchef Mistery Box Alchimia di Montagna - Erresse Shop\",\"isPartOf\":{\"@id\":\"https:\/\/www.erresse-shop.it\/fr\/#website\"},\"datePublished\":\"2026-01-26T11:53:35+00:00\",\"dateModified\":\"2026-02-04T10:48:52+00:00\",\"description\":\"En avant-premi\u00e8re absolue, Anna Zhang (laur\u00e9ate de la 14e \u00e9dition de MasterChef Italia) pr\u00e9sente une recette unique, pleine de couleurs et au go\u00fbt\",\"breadcrumb\":{\"@id\":\"https:\/\/www.erresse-shop.it\/fr\/shop\/food-fr\/fratelli-desideri-masterchef-mistery-box-alchimia-di-montagna\/#breadcrumb\"},\"inLanguage\":\"fr-FR\",\"potentialAction\":[{\"@type\":\"ReadAction\",\"target\":[\"https:\/\/www.erresse-shop.it\/fr\/shop\/food-fr\/fratelli-desideri-masterchef-mistery-box-alchimia-di-montagna\/\"]}]},{\"@type\":\"BreadcrumbList\",\"@id\":\"https:\/\/www.erresse-shop.it\/fr\/shop\/food-fr\/fratelli-desideri-masterchef-mistery-box-alchimia-di-montagna\/#breadcrumb\",\"itemListElement\":[{\"@type\":\"ListItem\",\"position\":1,\"name\":\"Home\",\"item\":\"https:\/\/www.erresse-shop.it\/fr\/\"},{\"@type\":\"ListItem\",\"position\":2,\"name\":\"Shop\",\"item\":\"https:\/\/www.erresse-shop.it\/fr\/shop\/\"},{\"@type\":\"ListItem\",\"position\":3,\"name\":\"FRATELLI DESIDERI Masterchef Mistery Box Alchimia di Montagna\"}]},{\"@type\":\"WebSite\",\"@id\":\"https:\/\/www.erresse-shop.it\/fr\/#website\",\"url\":\"https:\/\/www.erresse-shop.it\/fr\/\",\"name\":\"Erresse Shop\",\"description\":\"Articoli di qualit\u00e0 per la casa\",\"potentialAction\":[{\"@type\":\"SearchAction\",\"target\":{\"@type\":\"EntryPoint\",\"urlTemplate\":\"https:\/\/www.erresse-shop.it\/fr\/?s={search_term_string}\"},\"query-input\":\"required name=search_term_string\"}],\"inLanguage\":\"fr-FR\"}]}<\/script>\n<!-- \/ Yoast SEO Premium plugin. -->","yoast_head_json":{"title":"FRATELLI DESIDERI Masterchef Mistery Box Alchimia di Montagna - Erresse Shop","description":"En avant-premi\u00e8re absolue, Anna Zhang (laur\u00e9ate de la 14e \u00e9dition de MasterChef Italia) pr\u00e9sente une recette unique, pleine de couleurs et au go\u00fbt","robots":{"index":"index","follow":"follow","max-snippet":"max-snippet:-1","max-image-preview":"max-image-preview:large","max-video-preview":"max-video-preview:-1"},"canonical":"https:\/\/www.erresse-shop.it\/fr\/shop\/food-fr\/fratelli-desideri-masterchef-mistery-box-alchimia-di-montagna\/","og_locale":"fr_FR","og_type":"article","og_title":"FRATELLI DESIDERI Masterchef Mistery Box Alchimia di Montagna","og_description":"En avant-premi\u00e8re absolue, Anna Zhang (laur\u00e9ate de la 14e \u00e9dition de MasterChef Italia) pr\u00e9sente une recette unique, pleine de couleurs et au go\u00fbt","og_url":"https:\/\/www.erresse-shop.it\/fr\/shop\/food-fr\/fratelli-desideri-masterchef-mistery-box-alchimia-di-montagna\/","og_site_name":"Erresse Shop","article_modified_time":"2026-02-04T10:48:52+00:00","og_image":[{"width":1200,"height":1200,"url":"https:\/\/www.erresse-shop.it\/wp-content\/uploads\/2026\/01\/FRATELLI-DESIDERI-Masterchef-Mistery-Box-Alchimia-di-Montagna.jpg","type":"image\/jpeg"}],"twitter_card":"summary_large_image","schema":{"@context":"https:\/\/schema.org","@graph":[{"@type":"WebPage","@id":"https:\/\/www.erresse-shop.it\/fr\/shop\/food-fr\/fratelli-desideri-masterchef-mistery-box-alchimia-di-montagna\/","url":"https:\/\/www.erresse-shop.it\/fr\/shop\/food-fr\/fratelli-desideri-masterchef-mistery-box-alchimia-di-montagna\/","name":"FRATELLI DESIDERI Masterchef Mistery Box Alchimia di Montagna - Erresse Shop","isPartOf":{"@id":"https:\/\/www.erresse-shop.it\/fr\/#website"},"datePublished":"2026-01-26T11:53:35+00:00","dateModified":"2026-02-04T10:48:52+00:00","description":"En avant-premi\u00e8re absolue, Anna Zhang (laur\u00e9ate de la 14e \u00e9dition de MasterChef Italia) pr\u00e9sente une recette unique, pleine de couleurs et au go\u00fbt","breadcrumb":{"@id":"https:\/\/www.erresse-shop.it\/fr\/shop\/food-fr\/fratelli-desideri-masterchef-mistery-box-alchimia-di-montagna\/#breadcrumb"},"inLanguage":"fr-FR","potentialAction":[{"@type":"ReadAction","target":["https:\/\/www.erresse-shop.it\/fr\/shop\/food-fr\/fratelli-desideri-masterchef-mistery-box-alchimia-di-montagna\/"]}]},{"@type":"BreadcrumbList","@id":"https:\/\/www.erresse-shop.it\/fr\/shop\/food-fr\/fratelli-desideri-masterchef-mistery-box-alchimia-di-montagna\/#breadcrumb","itemListElement":[{"@type":"ListItem","position":1,"name":"Home","item":"https:\/\/www.erresse-shop.it\/fr\/"},{"@type":"ListItem","position":2,"name":"Shop","item":"https:\/\/www.erresse-shop.it\/fr\/shop\/"},{"@type":"ListItem","position":3,"name":"FRATELLI DESIDERI Masterchef Mistery Box Alchimia di Montagna"}]},{"@type":"WebSite","@id":"https:\/\/www.erresse-shop.it\/fr\/#website","url":"https:\/\/www.erresse-shop.it\/fr\/","name":"Erresse Shop","description":"Articoli di qualit\u00e0 per la casa","potentialAction":[{"@type":"SearchAction","target":{"@type":"EntryPoint","urlTemplate":"https:\/\/www.erresse-shop.it\/fr\/?s={search_term_string}"},"query-input":"required name=search_term_string"}],"inLanguage":"fr-FR"}]}},"df_price":27,"df_sale_price":27,"df_regular_price":52,"df_image_link":"https:\/\/www.erresse-shop.it\/wp-content\/uploads\/2026\/01\/FRATELLI-DESIDERI-Masterchef-Mistery-Box-Alchimia-di-Montagna-300x300.jpg","_links":{"self":[{"href":"https:\/\/www.erresse-shop.it\/fr\/wp-json\/wp\/v2\/product\/521809"}],"collection":[{"href":"https:\/\/www.erresse-shop.it\/fr\/wp-json\/wp\/v2\/product"}],"about":[{"href":"https:\/\/www.erresse-shop.it\/fr\/wp-json\/wp\/v2\/types\/product"}],"wp:featuredmedia":[{"embeddable":true,"href":"https:\/\/www.erresse-shop.it\/fr\/wp-json\/wp\/v2\/media\/521844"}],"wp:attachment":[{"href":"https:\/\/www.erresse-shop.it\/fr\/wp-json\/wp\/v2\/media?parent=521809"}],"wp:term":[{"taxonomy":"product_cat","embeddable":true,"href":"https:\/\/www.erresse-shop.it\/fr\/wp-json\/wp\/v2\/product_cat?post=521809"},{"taxonomy":"product_tag","embeddable":true,"href":"https:\/\/www.erresse-shop.it\/fr\/wp-json\/wp\/v2\/product_tag?post=521809"}],"curies":[{"name":"wp","href":"https:\/\/api.w.org\/{rel}","templated":true}]}}