{"id":521307,"date":"2026-01-12T12:05:22","date_gmt":"2026-01-12T12:05:25","guid":{"rendered":"https:\/\/www.erresse-shop.it\/?post_type=product&#038;p=521307"},"modified":"2026-02-02T09:58:02","modified_gmt":"2026-02-02T09:58:02","slug":"mepra-service-24-pieces-stiria-or-de-glace","status":"publish","type":"product","link":"https:\/\/www.erresse-shop.it\/fr\/shop\/table-fr-2\/couverts\/mepra-service-24-pieces-stiria-or-de-glace\/","title":{"rendered":"MEPRA Service 24 pi\u00e8ces Stiria Or de glace"},"content":{"rendered":"<p><strong>Couverts en acier inoxydable finition dor\u00e9e<\/strong><\/p>\n<p>Les couverts \u00ab Ice Oro \u00bb sont fabriqu\u00e9s en acier inoxydable 18\/10, trait\u00e9 par d\u00e9p\u00f4t physique en phase vapeur (<strong>PVD<\/strong>) pour obtenir une finition or satin\u00e9 durable et r\u00e9sistante. Cette \u00e9volution moderne allie l&#8217;esth\u00e9tique du m\u00e9tal pr\u00e9cieux \u00e0 la praticit\u00e9 des mat\u00e9riaux contemporains, s&#8217;inspirant d&#8217;une longue histoire de la coutellerie, des simples ustensiles aux objets design.<\/p>\n<p><strong>R\u00e9sistance<\/strong> : Duret\u00e9 extr\u00eame (similaire au saphir), r\u00e9sistant \u00e0 l&#8217;abrasion, aux UV, aux solvants et aux acides.<\/p>\n<p><strong>Non toxique<\/strong> : Ne lib\u00e8re pas de substances irritantes, sans danger pour la sant\u00e9.<\/p>\n<p><strong>Cet ensemble comprend\u00a0:<\/strong><\/p>\n<ul>\n<li>6 cuill\u00e8res de table<\/li>\n<li>6 fourchettes de table<\/li>\n<li>6 couteaux de table<\/li>\n<li>6 cuill\u00e8res \u00e0 caf\u00e9<\/li>\n<\/ul>\n<p><strong>Acier inoxydable<\/strong><strong>Passe au lave-vaisselle<\/strong><\/p>\n","protected":false},"excerpt":{"rendered":"<p>Couverts en acier inoxydable finition dor\u00e9e Les couverts \u00ab Ice Oro \u00bb sont fabriqu\u00e9s en acier inoxydable 18\/10, trait\u00e9 par<\/p>\n","protected":false},"featured_media":521480,"template":"","meta":{"_acf_changed":false,"inline_featured_image":false},"product_cat":[12790,12782],"product_tag":[25000,24680,12856,22642],"acf":[],"yoast_head":"<!-- This site is optimized with the Yoast SEO Premium plugin v18.6 (Yoast SEO v19.13) - https:\/\/yoast.com\/wordpress\/plugins\/seo\/ -->\n<title>MEPRA Service 24 pi\u00e8ces Stiria Or de glace - Erresse Shop<\/title>\n<meta name=\"description\" content=\"Couverts en acier inoxydable finition dor\u00e9e Les couverts \u00ab Ice Oro \u00bb sont fabriqu\u00e9s en acier inoxydable 18\/10, trait\u00e9 par d\u00e9p\u00f4t physique en phase vapeur\" \/>\n<meta name=\"robots\" content=\"index, follow, max-snippet:-1, max-image-preview:large, max-video-preview:-1\" \/>\n<link rel=\"canonical\" href=\"https:\/\/www.erresse-shop.it\/fr\/shop\/table-fr-2\/couverts\/mepra-service-24-pieces-stiria-or-de-glace\/\" \/>\n<meta property=\"og:locale\" content=\"fr_FR\" \/>\n<meta property=\"og:type\" content=\"article\" \/>\n<meta property=\"og:title\" content=\"MEPRA Service 24 pi\u00e8ces Stiria Or de glace\" \/>\n<meta property=\"og:description\" content=\"Couverts en acier inoxydable finition dor\u00e9e Les couverts \u00ab Ice Oro \u00bb sont fabriqu\u00e9s en acier inoxydable 18\/10, trait\u00e9 par d\u00e9p\u00f4t physique en phase vapeur\" \/>\n<meta property=\"og:url\" content=\"https:\/\/www.erresse-shop.it\/fr\/shop\/table-fr-2\/couverts\/mepra-service-24-pieces-stiria-or-de-glace\/\" \/>\n<meta property=\"og:site_name\" content=\"Erresse Shop\" \/>\n<meta property=\"article:modified_time\" content=\"2026-02-02T09:58:02+00:00\" \/>\n<meta property=\"og:image\" content=\"https:\/\/www.erresse-shop.it\/wp-content\/uploads\/2026\/01\/MEPRA-Servizio-posate-24-Pezzi-Stiria-Ice-Oro-4.jpg\" \/>\n\t<meta property=\"og:image:width\" content=\"1200\" \/>\n\t<meta property=\"og:image:height\" content=\"1200\" \/>\n\t<meta property=\"og:image:type\" content=\"image\/jpeg\" \/>\n<meta name=\"twitter:card\" content=\"summary_large_image\" \/>\n<script type=\"application\/ld+json\" class=\"yoast-schema-graph\">{\"@context\":\"https:\/\/schema.org\",\"@graph\":[{\"@type\":\"WebPage\",\"@id\":\"https:\/\/www.erresse-shop.it\/fr\/shop\/table-fr-2\/couverts\/mepra-service-24-pieces-stiria-or-de-glace\/\",\"url\":\"https:\/\/www.erresse-shop.it\/fr\/shop\/table-fr-2\/couverts\/mepra-service-24-pieces-stiria-or-de-glace\/\",\"name\":\"MEPRA Service 24 pi\u00e8ces Stiria Or de glace - Erresse Shop\",\"isPartOf\":{\"@id\":\"https:\/\/www.erresse-shop.it\/fr\/#website\"},\"datePublished\":\"2026-01-12T12:05:25+00:00\",\"dateModified\":\"2026-02-02T09:58:02+00:00\",\"description\":\"Couverts en acier inoxydable finition dor\u00e9e Les couverts \u00ab Ice Oro \u00bb sont fabriqu\u00e9s en acier inoxydable 18\/10, trait\u00e9 par d\u00e9p\u00f4t physique en phase vapeur\",\"breadcrumb\":{\"@id\":\"https:\/\/www.erresse-shop.it\/fr\/shop\/table-fr-2\/couverts\/mepra-service-24-pieces-stiria-or-de-glace\/#breadcrumb\"},\"inLanguage\":\"fr-FR\",\"potentialAction\":[{\"@type\":\"ReadAction\",\"target\":[\"https:\/\/www.erresse-shop.it\/fr\/shop\/table-fr-2\/couverts\/mepra-service-24-pieces-stiria-or-de-glace\/\"]}]},{\"@type\":\"BreadcrumbList\",\"@id\":\"https:\/\/www.erresse-shop.it\/fr\/shop\/table-fr-2\/couverts\/mepra-service-24-pieces-stiria-or-de-glace\/#breadcrumb\",\"itemListElement\":[{\"@type\":\"ListItem\",\"position\":1,\"name\":\"Home\",\"item\":\"https:\/\/www.erresse-shop.it\/fr\/\"},{\"@type\":\"ListItem\",\"position\":2,\"name\":\"Shop\",\"item\":\"https:\/\/www.erresse-shop.it\/fr\/shop\/\"},{\"@type\":\"ListItem\",\"position\":3,\"name\":\"MEPRA Service 24 pi\u00e8ces Stiria Or de glace\"}]},{\"@type\":\"WebSite\",\"@id\":\"https:\/\/www.erresse-shop.it\/fr\/#website\",\"url\":\"https:\/\/www.erresse-shop.it\/fr\/\",\"name\":\"Erresse Shop\",\"description\":\"Articoli di qualit\u00e0 per la casa\",\"potentialAction\":[{\"@type\":\"SearchAction\",\"target\":{\"@type\":\"EntryPoint\",\"urlTemplate\":\"https:\/\/www.erresse-shop.it\/fr\/?s={search_term_string}\"},\"query-input\":\"required name=search_term_string\"}],\"inLanguage\":\"fr-FR\"}]}<\/script>\n<!-- \/ Yoast SEO Premium plugin. -->","yoast_head_json":{"title":"MEPRA Service 24 pi\u00e8ces Stiria Or de glace - Erresse Shop","description":"Couverts en acier inoxydable finition dor\u00e9e Les couverts \u00ab Ice Oro \u00bb sont fabriqu\u00e9s en acier inoxydable 18\/10, trait\u00e9 par d\u00e9p\u00f4t physique en phase vapeur","robots":{"index":"index","follow":"follow","max-snippet":"max-snippet:-1","max-image-preview":"max-image-preview:large","max-video-preview":"max-video-preview:-1"},"canonical":"https:\/\/www.erresse-shop.it\/fr\/shop\/table-fr-2\/couverts\/mepra-service-24-pieces-stiria-or-de-glace\/","og_locale":"fr_FR","og_type":"article","og_title":"MEPRA Service 24 pi\u00e8ces Stiria Or de glace","og_description":"Couverts en acier inoxydable finition dor\u00e9e Les couverts \u00ab Ice Oro \u00bb sont fabriqu\u00e9s en acier inoxydable 18\/10, trait\u00e9 par d\u00e9p\u00f4t physique en phase vapeur","og_url":"https:\/\/www.erresse-shop.it\/fr\/shop\/table-fr-2\/couverts\/mepra-service-24-pieces-stiria-or-de-glace\/","og_site_name":"Erresse Shop","article_modified_time":"2026-02-02T09:58:02+00:00","og_image":[{"width":1200,"height":1200,"url":"https:\/\/www.erresse-shop.it\/wp-content\/uploads\/2026\/01\/MEPRA-Servizio-posate-24-Pezzi-Stiria-Ice-Oro-4.jpg","type":"image\/jpeg"}],"twitter_card":"summary_large_image","schema":{"@context":"https:\/\/schema.org","@graph":[{"@type":"WebPage","@id":"https:\/\/www.erresse-shop.it\/fr\/shop\/table-fr-2\/couverts\/mepra-service-24-pieces-stiria-or-de-glace\/","url":"https:\/\/www.erresse-shop.it\/fr\/shop\/table-fr-2\/couverts\/mepra-service-24-pieces-stiria-or-de-glace\/","name":"MEPRA Service 24 pi\u00e8ces Stiria Or de glace - Erresse Shop","isPartOf":{"@id":"https:\/\/www.erresse-shop.it\/fr\/#website"},"datePublished":"2026-01-12T12:05:25+00:00","dateModified":"2026-02-02T09:58:02+00:00","description":"Couverts en acier inoxydable finition dor\u00e9e Les couverts \u00ab Ice Oro \u00bb sont fabriqu\u00e9s en acier inoxydable 18\/10, trait\u00e9 par d\u00e9p\u00f4t physique en phase vapeur","breadcrumb":{"@id":"https:\/\/www.erresse-shop.it\/fr\/shop\/table-fr-2\/couverts\/mepra-service-24-pieces-stiria-or-de-glace\/#breadcrumb"},"inLanguage":"fr-FR","potentialAction":[{"@type":"ReadAction","target":["https:\/\/www.erresse-shop.it\/fr\/shop\/table-fr-2\/couverts\/mepra-service-24-pieces-stiria-or-de-glace\/"]}]},{"@type":"BreadcrumbList","@id":"https:\/\/www.erresse-shop.it\/fr\/shop\/table-fr-2\/couverts\/mepra-service-24-pieces-stiria-or-de-glace\/#breadcrumb","itemListElement":[{"@type":"ListItem","position":1,"name":"Home","item":"https:\/\/www.erresse-shop.it\/fr\/"},{"@type":"ListItem","position":2,"name":"Shop","item":"https:\/\/www.erresse-shop.it\/fr\/shop\/"},{"@type":"ListItem","position":3,"name":"MEPRA Service 24 pi\u00e8ces Stiria Or de glace"}]},{"@type":"WebSite","@id":"https:\/\/www.erresse-shop.it\/fr\/#website","url":"https:\/\/www.erresse-shop.it\/fr\/","name":"Erresse Shop","description":"Articoli di qualit\u00e0 per la casa","potentialAction":[{"@type":"SearchAction","target":{"@type":"EntryPoint","urlTemplate":"https:\/\/www.erresse-shop.it\/fr\/?s={search_term_string}"},"query-input":"required name=search_term_string"}],"inLanguage":"fr-FR"}]}},"df_price":159,"df_sale_price":159,"df_regular_price":299,"df_image_link":"https:\/\/www.erresse-shop.it\/wp-content\/uploads\/2026\/01\/MEPRA-Servizio-posate-24-Pezzi-Stiria-Ice-Oro-4-300x300.jpg","_links":{"self":[{"href":"https:\/\/www.erresse-shop.it\/fr\/wp-json\/wp\/v2\/product\/521307"}],"collection":[{"href":"https:\/\/www.erresse-shop.it\/fr\/wp-json\/wp\/v2\/product"}],"about":[{"href":"https:\/\/www.erresse-shop.it\/fr\/wp-json\/wp\/v2\/types\/product"}],"wp:featuredmedia":[{"embeddable":true,"href":"https:\/\/www.erresse-shop.it\/fr\/wp-json\/wp\/v2\/media\/521480"}],"wp:attachment":[{"href":"https:\/\/www.erresse-shop.it\/fr\/wp-json\/wp\/v2\/media?parent=521307"}],"wp:term":[{"taxonomy":"product_cat","embeddable":true,"href":"https:\/\/www.erresse-shop.it\/fr\/wp-json\/wp\/v2\/product_cat?post=521307"},{"taxonomy":"product_tag","embeddable":true,"href":"https:\/\/www.erresse-shop.it\/fr\/wp-json\/wp\/v2\/product_tag?post=521307"}],"curies":[{"name":"wp","href":"https:\/\/api.w.org\/{rel}","templated":true}]}}