{"id":521058,"date":"2026-01-08T13:55:03","date_gmt":"2026-01-08T13:55:06","guid":{"rendered":"https:\/\/www.erresse-shop.it\/?post_type=product&#038;p=521058"},"modified":"2026-02-02T08:51:04","modified_gmt":"2026-02-02T08:51:04","slug":"mario-luca-giusti-bouteille-acquarama-rubis","status":"publish","type":"product","link":"https:\/\/www.erresse-shop.it\/fr\/shop\/table-fr-2\/carafes-bouteilles\/mario-luca-giusti-bouteille-acquarama-rubis\/","title":{"rendered":"MARIO LUCA GIUSTI Bouteille Acquarama Rubis"},"content":{"rendered":"<p class=\"p2\"><strong>Hauteur\u00a0:<\/strong> 32,5 cm<br \/>\n<strong>Diam\u00e8tre\u00a0:<\/strong> 11,8 cm<br \/>\n<strong>Capacit\u00e9\u00a0:<\/strong> 1000 ml<br \/>\n<strong>Poids\u00a0:<\/strong> 660 g<\/p>\n<p><strong>Mat\u00e9riau\u00a0:<\/strong>Acrylique<\/p>\n<p><strong>Conseils d&#8217;utilisation du produit acrylique<\/strong><\/p>\n<p>Conforme aux normes alimentaires et approuv\u00e9 par T\u00dcV, SGS et Intertek<\/p>\n<ul>\n<li>Totalement sans go\u00fbt ni odeur<\/li>\n<li>Sans BPA<\/li>\n<li>Non incassable<\/li>\n<li>R\u00e9siste \u00e0 des temp\u00e9ratures de -10\u00a0\u00b0C \u00e0 50\u00a0\u00b0C<\/li>\n<li>Peut \u00eatre congel\u00e9<\/li>\n<li>Lavage \u00e0 la main recommand\u00e9 pour prolonger la dur\u00e9e de vie du produit<\/li>\n<li>Ne convient pas au lave-linge<\/li>\n<li>Ne convient pas au micro-ondes<\/li>\n<li>Utiliser uniquement un d\u00e9tergent neutre et un abrasif Produits de nettoyage.<\/li>\n<\/ul>\n<p>Les facteurs suivants peuvent entra\u00eener une d\u00e9coloration ou un trouble du produit au fil du temps\u00a0:<\/p>\n<ul>\n<li>Stockage prolong\u00e9 des produits \u00e0 des temp\u00e9ratures et une humidit\u00e9 \u00e9lev\u00e9es.<\/li>\n<li>Dosage incorrect de d\u00e9tergent.<\/li>\n<li>Utilisation de d\u00e9tergents contenant de l\u2019aluminium ou des rev\u00eatements protecteurs m\u00e9talliques.<\/li>\n<li>Les produits laitiers, le caf\u00e9, le cacao, le th\u00e9 et les boissons alcoolis\u00e9es peuvent laisser des traces sur le verre s\u2019ils restent en contact avec le produit toute la nuit. Lavez le verre \u00e0 l\u2019eau chaude savonneuse imm\u00e9diatement apr\u00e8s utilisation, \u00e0 la main ou avec notre nettoyant en poudre Renovate habituel.<\/li>\n<\/ul>\n","protected":false},"excerpt":{"rendered":"<p>Hauteur\u00a0: 32,5 cm Diam\u00e8tre\u00a0: 11,8 cm Capacit\u00e9\u00a0: 1000 ml Poids\u00a0: 660 g Mat\u00e9riau\u00a0:Acrylique Conseils d&#8217;utilisation du produit acrylique Conforme aux<\/p>\n","protected":false},"featured_media":521070,"template":"","meta":{"_acf_changed":false,"inline_featured_image":false},"product_cat":[12785,12782],"product_tag":[25026,13846,13730,25021,24397,24603],"acf":[],"yoast_head":"<!-- This site is optimized with the Yoast SEO Premium plugin v18.6 (Yoast SEO v19.13) - https:\/\/yoast.com\/wordpress\/plugins\/seo\/ -->\n<title>MARIO LUCA GIUSTI Bouteille Acquarama Rubis - Erresse Shop<\/title>\n<meta name=\"description\" content=\"Hauteur\u00a0: 32,5 cm Diam\u00e8tre\u00a0: 11,8 cm Capacit\u00e9\u00a0: 1000 ml Poids\u00a0: 660 g Mat\u00e9riau\u00a0:Acrylique Conseils d&#039;utilisation du produit acrylique Conforme aux normes\" \/>\n<meta name=\"robots\" content=\"index, follow, max-snippet:-1, max-image-preview:large, max-video-preview:-1\" \/>\n<link rel=\"canonical\" href=\"https:\/\/www.erresse-shop.it\/fr\/shop\/table-fr-2\/carafes-bouteilles\/mario-luca-giusti-bouteille-acquarama-rubis\/\" \/>\n<meta property=\"og:locale\" content=\"fr_FR\" \/>\n<meta property=\"og:type\" content=\"article\" \/>\n<meta property=\"og:title\" content=\"MARIO LUCA GIUSTI Bouteille Acquarama Rubis\" \/>\n<meta property=\"og:description\" content=\"Hauteur\u00a0: 32,5 cm Diam\u00e8tre\u00a0: 11,8 cm Capacit\u00e9\u00a0: 1000 ml Poids\u00a0: 660 g Mat\u00e9riau\u00a0:Acrylique Conseils d&#039;utilisation du produit acrylique Conforme aux normes\" \/>\n<meta property=\"og:url\" content=\"https:\/\/www.erresse-shop.it\/fr\/shop\/table-fr-2\/carafes-bouteilles\/mario-luca-giusti-bouteille-acquarama-rubis\/\" \/>\n<meta property=\"og:site_name\" content=\"Erresse Shop\" \/>\n<meta property=\"article:modified_time\" content=\"2026-02-02T08:51:04+00:00\" \/>\n<meta property=\"og:image\" content=\"https:\/\/www.erresse-shop.it\/wp-content\/uploads\/2026\/01\/MARIO-LUCA-GIUSTI-Bottiglia-Acquarama-Rubino.jpg\" \/>\n\t<meta property=\"og:image:width\" content=\"1200\" \/>\n\t<meta property=\"og:image:height\" content=\"1200\" \/>\n\t<meta property=\"og:image:type\" content=\"image\/jpeg\" \/>\n<meta name=\"twitter:card\" content=\"summary_large_image\" \/>\n<script type=\"application\/ld+json\" class=\"yoast-schema-graph\">{\"@context\":\"https:\/\/schema.org\",\"@graph\":[{\"@type\":\"WebPage\",\"@id\":\"https:\/\/www.erresse-shop.it\/fr\/shop\/table-fr-2\/carafes-bouteilles\/mario-luca-giusti-bouteille-acquarama-rubis\/\",\"url\":\"https:\/\/www.erresse-shop.it\/fr\/shop\/table-fr-2\/carafes-bouteilles\/mario-luca-giusti-bouteille-acquarama-rubis\/\",\"name\":\"MARIO LUCA GIUSTI Bouteille Acquarama Rubis - Erresse Shop\",\"isPartOf\":{\"@id\":\"https:\/\/www.erresse-shop.it\/fr\/#website\"},\"datePublished\":\"2026-01-08T13:55:06+00:00\",\"dateModified\":\"2026-02-02T08:51:04+00:00\",\"description\":\"Hauteur\u00a0: 32,5 cm Diam\u00e8tre\u00a0: 11,8 cm Capacit\u00e9\u00a0: 1000 ml Poids\u00a0: 660 g Mat\u00e9riau\u00a0:Acrylique Conseils d'utilisation du produit acrylique Conforme aux normes\",\"breadcrumb\":{\"@id\":\"https:\/\/www.erresse-shop.it\/fr\/shop\/table-fr-2\/carafes-bouteilles\/mario-luca-giusti-bouteille-acquarama-rubis\/#breadcrumb\"},\"inLanguage\":\"fr-FR\",\"potentialAction\":[{\"@type\":\"ReadAction\",\"target\":[\"https:\/\/www.erresse-shop.it\/fr\/shop\/table-fr-2\/carafes-bouteilles\/mario-luca-giusti-bouteille-acquarama-rubis\/\"]}]},{\"@type\":\"BreadcrumbList\",\"@id\":\"https:\/\/www.erresse-shop.it\/fr\/shop\/table-fr-2\/carafes-bouteilles\/mario-luca-giusti-bouteille-acquarama-rubis\/#breadcrumb\",\"itemListElement\":[{\"@type\":\"ListItem\",\"position\":1,\"name\":\"Home\",\"item\":\"https:\/\/www.erresse-shop.it\/fr\/\"},{\"@type\":\"ListItem\",\"position\":2,\"name\":\"Shop\",\"item\":\"https:\/\/www.erresse-shop.it\/fr\/shop\/\"},{\"@type\":\"ListItem\",\"position\":3,\"name\":\"MARIO LUCA GIUSTI Bouteille Acquarama Rubis\"}]},{\"@type\":\"WebSite\",\"@id\":\"https:\/\/www.erresse-shop.it\/fr\/#website\",\"url\":\"https:\/\/www.erresse-shop.it\/fr\/\",\"name\":\"Erresse Shop\",\"description\":\"Articoli di qualit\u00e0 per la casa\",\"potentialAction\":[{\"@type\":\"SearchAction\",\"target\":{\"@type\":\"EntryPoint\",\"urlTemplate\":\"https:\/\/www.erresse-shop.it\/fr\/?s={search_term_string}\"},\"query-input\":\"required name=search_term_string\"}],\"inLanguage\":\"fr-FR\"}]}<\/script>\n<!-- \/ Yoast SEO Premium plugin. -->","yoast_head_json":{"title":"MARIO LUCA GIUSTI Bouteille Acquarama Rubis - Erresse Shop","description":"Hauteur\u00a0: 32,5 cm Diam\u00e8tre\u00a0: 11,8 cm Capacit\u00e9\u00a0: 1000 ml Poids\u00a0: 660 g Mat\u00e9riau\u00a0:Acrylique Conseils d'utilisation du produit acrylique Conforme aux normes","robots":{"index":"index","follow":"follow","max-snippet":"max-snippet:-1","max-image-preview":"max-image-preview:large","max-video-preview":"max-video-preview:-1"},"canonical":"https:\/\/www.erresse-shop.it\/fr\/shop\/table-fr-2\/carafes-bouteilles\/mario-luca-giusti-bouteille-acquarama-rubis\/","og_locale":"fr_FR","og_type":"article","og_title":"MARIO LUCA GIUSTI Bouteille Acquarama Rubis","og_description":"Hauteur\u00a0: 32,5 cm Diam\u00e8tre\u00a0: 11,8 cm Capacit\u00e9\u00a0: 1000 ml Poids\u00a0: 660 g Mat\u00e9riau\u00a0:Acrylique Conseils d'utilisation du produit acrylique Conforme aux normes","og_url":"https:\/\/www.erresse-shop.it\/fr\/shop\/table-fr-2\/carafes-bouteilles\/mario-luca-giusti-bouteille-acquarama-rubis\/","og_site_name":"Erresse Shop","article_modified_time":"2026-02-02T08:51:04+00:00","og_image":[{"width":1200,"height":1200,"url":"https:\/\/www.erresse-shop.it\/wp-content\/uploads\/2026\/01\/MARIO-LUCA-GIUSTI-Bottiglia-Acquarama-Rubino.jpg","type":"image\/jpeg"}],"twitter_card":"summary_large_image","schema":{"@context":"https:\/\/schema.org","@graph":[{"@type":"WebPage","@id":"https:\/\/www.erresse-shop.it\/fr\/shop\/table-fr-2\/carafes-bouteilles\/mario-luca-giusti-bouteille-acquarama-rubis\/","url":"https:\/\/www.erresse-shop.it\/fr\/shop\/table-fr-2\/carafes-bouteilles\/mario-luca-giusti-bouteille-acquarama-rubis\/","name":"MARIO LUCA GIUSTI Bouteille Acquarama Rubis - Erresse Shop","isPartOf":{"@id":"https:\/\/www.erresse-shop.it\/fr\/#website"},"datePublished":"2026-01-08T13:55:06+00:00","dateModified":"2026-02-02T08:51:04+00:00","description":"Hauteur\u00a0: 32,5 cm Diam\u00e8tre\u00a0: 11,8 cm Capacit\u00e9\u00a0: 1000 ml Poids\u00a0: 660 g Mat\u00e9riau\u00a0:Acrylique Conseils d'utilisation du produit acrylique Conforme aux normes","breadcrumb":{"@id":"https:\/\/www.erresse-shop.it\/fr\/shop\/table-fr-2\/carafes-bouteilles\/mario-luca-giusti-bouteille-acquarama-rubis\/#breadcrumb"},"inLanguage":"fr-FR","potentialAction":[{"@type":"ReadAction","target":["https:\/\/www.erresse-shop.it\/fr\/shop\/table-fr-2\/carafes-bouteilles\/mario-luca-giusti-bouteille-acquarama-rubis\/"]}]},{"@type":"BreadcrumbList","@id":"https:\/\/www.erresse-shop.it\/fr\/shop\/table-fr-2\/carafes-bouteilles\/mario-luca-giusti-bouteille-acquarama-rubis\/#breadcrumb","itemListElement":[{"@type":"ListItem","position":1,"name":"Home","item":"https:\/\/www.erresse-shop.it\/fr\/"},{"@type":"ListItem","position":2,"name":"Shop","item":"https:\/\/www.erresse-shop.it\/fr\/shop\/"},{"@type":"ListItem","position":3,"name":"MARIO LUCA GIUSTI Bouteille Acquarama Rubis"}]},{"@type":"WebSite","@id":"https:\/\/www.erresse-shop.it\/fr\/#website","url":"https:\/\/www.erresse-shop.it\/fr\/","name":"Erresse Shop","description":"Articoli di qualit\u00e0 per la casa","potentialAction":[{"@type":"SearchAction","target":{"@type":"EntryPoint","urlTemplate":"https:\/\/www.erresse-shop.it\/fr\/?s={search_term_string}"},"query-input":"required name=search_term_string"}],"inLanguage":"fr-FR"}]}},"df_price":65.34,"df_sale_price":65.34,"df_regular_price":88,"df_image_link":"https:\/\/www.erresse-shop.it\/wp-content\/uploads\/2026\/01\/MARIO-LUCA-GIUSTI-Bottiglia-Acquarama-Rubino-300x300.jpg","_links":{"self":[{"href":"https:\/\/www.erresse-shop.it\/fr\/wp-json\/wp\/v2\/product\/521058"}],"collection":[{"href":"https:\/\/www.erresse-shop.it\/fr\/wp-json\/wp\/v2\/product"}],"about":[{"href":"https:\/\/www.erresse-shop.it\/fr\/wp-json\/wp\/v2\/types\/product"}],"wp:featuredmedia":[{"embeddable":true,"href":"https:\/\/www.erresse-shop.it\/fr\/wp-json\/wp\/v2\/media\/521070"}],"wp:attachment":[{"href":"https:\/\/www.erresse-shop.it\/fr\/wp-json\/wp\/v2\/media?parent=521058"}],"wp:term":[{"taxonomy":"product_cat","embeddable":true,"href":"https:\/\/www.erresse-shop.it\/fr\/wp-json\/wp\/v2\/product_cat?post=521058"},{"taxonomy":"product_tag","embeddable":true,"href":"https:\/\/www.erresse-shop.it\/fr\/wp-json\/wp\/v2\/product_tag?post=521058"}],"curies":[{"name":"wp","href":"https:\/\/api.w.org\/{rel}","templated":true}]}}