{"id":520916,"date":"2026-01-08T09:04:29","date_gmt":"2026-01-08T09:04:32","guid":{"rendered":"https:\/\/www.erresse-shop.it\/?post_type=product&#038;p=520916"},"modified":"2026-02-02T07:57:08","modified_gmt":"2026-02-02T07:57:08","slug":"le-creuset-tire-bouchon-classic-tm-100-noir","status":"publish","type":"product","link":"https:\/\/www.erresse-shop.it\/fr\/shop\/table-fr-2\/vin\/le-creuset-tire-bouchon-classic-tm-100-noir\/","title":{"rendered":"LE CREUSET Tire-bouchon Classic TM-100 Noir"},"content":{"rendered":"<p>Performances in\u00e9gal\u00e9es. Soumis \u00e0 des tests rigoureux, ce chef-d&#8217;\u0153uvre technologique tr\u00e8s pris\u00e9 r\u00e9volutionne l&#8217;ouverture des bouteilles de vin.<\/p>\n<p>R\u00e9interpr\u00e9tation moderne du tire-bouchon \u00e0 levier original d&#8217;Herbert Allen, cet accessoire est dot\u00e9 d&#8217;une technologie de vis brevet\u00e9e qui permet d&#8217;extraire facilement n&#8217;importe quel bouchon.<\/p>\n<p>Pratique et simple d&#8217;utilisation, il suffit de l&#8217;ins\u00e9rer dans le bouchon et de continuer \u00e0 tourner dans le m\u00eame sens pour l&#8217;extraire. Pour le retirer, il suffit ensuite de tourner le tire-bouchon dans le sens inverse des aiguilles d&#8217;une montre.<\/p>\n<ul>\n<li><strong>D\u00e9tails\u00a0:<\/strong> L\u2019innovation en action\u00a0: La technologie de rotation int\u00e9gr\u00e9e offre d\u2019excellentes performances avec un minimum d\u2019effort.<\/li>\n<li><strong>Le meilleur de sa cat\u00e9gorie\u00a0:<\/strong> Nos produits sont fabriqu\u00e9s \u00e0 partir des meilleurs mat\u00e9riaux dans des usines du monde entier afin de garantir la qualit\u00e9 que vous attendez de Le Creuset.<\/li>\n<li><strong>Mat\u00e9riau\u00a0:<\/strong> Polycarbonate<\/li>\n<li><strong>Fabriqu\u00e9 en\u00a0:<\/strong> Chine<\/li>\n<li><strong>Garantie\u00a0:<\/strong> 5\u00a0ans<\/li>\n<\/ul>\n<p><strong>Nettoyage<\/strong><\/p>\n<ul>\n<li>Attention lors du nettoyage du tire-bouchon\u00a0: la pointe est ac\u00e9r\u00e9e\u00a0!<\/li>\n<li>Nettoyez le tire-bouchon de temps en temps avec un chiffon humide ou de l\u2019eau chaude savonneuse.<\/li>\n<li>Apr\u00e8s lavage, s\u00e9chez soigneusement le produit et rangez-le dans un endroit sec.<\/li>\n<\/ul>\n","protected":false},"excerpt":{"rendered":"<p>Performances in\u00e9gal\u00e9es. Soumis \u00e0 des tests rigoureux, ce chef-d&#8217;\u0153uvre technologique tr\u00e8s pris\u00e9 r\u00e9volutionne l&#8217;ouverture des bouteilles de vin. R\u00e9interpr\u00e9tation moderne<\/p>\n","protected":false},"featured_media":520922,"template":"","meta":{"_acf_changed":false,"inline_featured_image":false},"product_cat":[12782,14463,12754],"product_tag":[25086,16883,25021,21327,21198,21199,13066,13067,13065,21200,16884,23682],"acf":[],"yoast_head":"<!-- This site is optimized with the Yoast SEO Premium plugin v18.6 (Yoast SEO v19.13) - https:\/\/yoast.com\/wordpress\/plugins\/seo\/ -->\n<title>LE CREUSET Tire-bouchon Classic TM-100 Noir - Erresse Shop<\/title>\n<meta name=\"description\" content=\"Performances in\u00e9gal\u00e9es. Soumis \u00e0 des tests rigoureux, ce chef-d&#039;\u0153uvre technologique tr\u00e8s pris\u00e9 r\u00e9volutionne l&#039;ouverture des bouteilles de vin.\" \/>\n<meta name=\"robots\" content=\"index, follow, max-snippet:-1, max-image-preview:large, max-video-preview:-1\" \/>\n<link rel=\"canonical\" href=\"https:\/\/www.erresse-shop.it\/fr\/shop\/table-fr-2\/vin\/le-creuset-tire-bouchon-classic-tm-100-noir\/\" \/>\n<meta property=\"og:locale\" content=\"fr_FR\" \/>\n<meta property=\"og:type\" content=\"article\" \/>\n<meta property=\"og:title\" content=\"LE CREUSET Tire-bouchon Classic TM-100 Noir\" \/>\n<meta property=\"og:description\" content=\"Performances in\u00e9gal\u00e9es. Soumis \u00e0 des tests rigoureux, ce chef-d&#039;\u0153uvre technologique tr\u00e8s pris\u00e9 r\u00e9volutionne l&#039;ouverture des bouteilles de vin.\" \/>\n<meta property=\"og:url\" content=\"https:\/\/www.erresse-shop.it\/fr\/shop\/table-fr-2\/vin\/le-creuset-tire-bouchon-classic-tm-100-noir\/\" \/>\n<meta property=\"og:site_name\" content=\"Erresse Shop\" \/>\n<meta property=\"article:modified_time\" content=\"2026-02-02T07:57:08+00:00\" \/>\n<meta property=\"og:image\" content=\"https:\/\/www.erresse-shop.it\/wp-content\/uploads\/2026\/01\/LE-CREUSET-Cavatappi-da-Tavola-Classic-TM-100-Nero.jpg\" \/>\n\t<meta property=\"og:image:width\" content=\"1200\" \/>\n\t<meta property=\"og:image:height\" content=\"1200\" \/>\n\t<meta property=\"og:image:type\" content=\"image\/jpeg\" \/>\n<meta name=\"twitter:card\" content=\"summary_large_image\" \/>\n<script type=\"application\/ld+json\" class=\"yoast-schema-graph\">{\"@context\":\"https:\/\/schema.org\",\"@graph\":[{\"@type\":\"WebPage\",\"@id\":\"https:\/\/www.erresse-shop.it\/fr\/shop\/table-fr-2\/vin\/le-creuset-tire-bouchon-classic-tm-100-noir\/\",\"url\":\"https:\/\/www.erresse-shop.it\/fr\/shop\/table-fr-2\/vin\/le-creuset-tire-bouchon-classic-tm-100-noir\/\",\"name\":\"LE CREUSET Tire-bouchon Classic TM-100 Noir - Erresse Shop\",\"isPartOf\":{\"@id\":\"https:\/\/www.erresse-shop.it\/fr\/#website\"},\"datePublished\":\"2026-01-08T09:04:32+00:00\",\"dateModified\":\"2026-02-02T07:57:08+00:00\",\"description\":\"Performances in\u00e9gal\u00e9es. Soumis \u00e0 des tests rigoureux, ce chef-d'\u0153uvre technologique tr\u00e8s pris\u00e9 r\u00e9volutionne l'ouverture des bouteilles de vin.\",\"breadcrumb\":{\"@id\":\"https:\/\/www.erresse-shop.it\/fr\/shop\/table-fr-2\/vin\/le-creuset-tire-bouchon-classic-tm-100-noir\/#breadcrumb\"},\"inLanguage\":\"fr-FR\",\"potentialAction\":[{\"@type\":\"ReadAction\",\"target\":[\"https:\/\/www.erresse-shop.it\/fr\/shop\/table-fr-2\/vin\/le-creuset-tire-bouchon-classic-tm-100-noir\/\"]}]},{\"@type\":\"BreadcrumbList\",\"@id\":\"https:\/\/www.erresse-shop.it\/fr\/shop\/table-fr-2\/vin\/le-creuset-tire-bouchon-classic-tm-100-noir\/#breadcrumb\",\"itemListElement\":[{\"@type\":\"ListItem\",\"position\":1,\"name\":\"Home\",\"item\":\"https:\/\/www.erresse-shop.it\/fr\/\"},{\"@type\":\"ListItem\",\"position\":2,\"name\":\"Shop\",\"item\":\"https:\/\/www.erresse-shop.it\/fr\/shop\/\"},{\"@type\":\"ListItem\",\"position\":3,\"name\":\"LE CREUSET Tire-bouchon Classic TM-100 Noir\"}]},{\"@type\":\"WebSite\",\"@id\":\"https:\/\/www.erresse-shop.it\/fr\/#website\",\"url\":\"https:\/\/www.erresse-shop.it\/fr\/\",\"name\":\"Erresse Shop\",\"description\":\"Articoli di qualit\u00e0 per la casa\",\"potentialAction\":[{\"@type\":\"SearchAction\",\"target\":{\"@type\":\"EntryPoint\",\"urlTemplate\":\"https:\/\/www.erresse-shop.it\/fr\/?s={search_term_string}\"},\"query-input\":\"required name=search_term_string\"}],\"inLanguage\":\"fr-FR\"}]}<\/script>\n<!-- \/ Yoast SEO Premium plugin. -->","yoast_head_json":{"title":"LE CREUSET Tire-bouchon Classic TM-100 Noir - Erresse Shop","description":"Performances in\u00e9gal\u00e9es. Soumis \u00e0 des tests rigoureux, ce chef-d'\u0153uvre technologique tr\u00e8s pris\u00e9 r\u00e9volutionne l'ouverture des bouteilles de vin.","robots":{"index":"index","follow":"follow","max-snippet":"max-snippet:-1","max-image-preview":"max-image-preview:large","max-video-preview":"max-video-preview:-1"},"canonical":"https:\/\/www.erresse-shop.it\/fr\/shop\/table-fr-2\/vin\/le-creuset-tire-bouchon-classic-tm-100-noir\/","og_locale":"fr_FR","og_type":"article","og_title":"LE CREUSET Tire-bouchon Classic TM-100 Noir","og_description":"Performances in\u00e9gal\u00e9es. Soumis \u00e0 des tests rigoureux, ce chef-d'\u0153uvre technologique tr\u00e8s pris\u00e9 r\u00e9volutionne l'ouverture des bouteilles de vin.","og_url":"https:\/\/www.erresse-shop.it\/fr\/shop\/table-fr-2\/vin\/le-creuset-tire-bouchon-classic-tm-100-noir\/","og_site_name":"Erresse Shop","article_modified_time":"2026-02-02T07:57:08+00:00","og_image":[{"width":1200,"height":1200,"url":"https:\/\/www.erresse-shop.it\/wp-content\/uploads\/2026\/01\/LE-CREUSET-Cavatappi-da-Tavola-Classic-TM-100-Nero.jpg","type":"image\/jpeg"}],"twitter_card":"summary_large_image","schema":{"@context":"https:\/\/schema.org","@graph":[{"@type":"WebPage","@id":"https:\/\/www.erresse-shop.it\/fr\/shop\/table-fr-2\/vin\/le-creuset-tire-bouchon-classic-tm-100-noir\/","url":"https:\/\/www.erresse-shop.it\/fr\/shop\/table-fr-2\/vin\/le-creuset-tire-bouchon-classic-tm-100-noir\/","name":"LE CREUSET Tire-bouchon Classic TM-100 Noir - Erresse Shop","isPartOf":{"@id":"https:\/\/www.erresse-shop.it\/fr\/#website"},"datePublished":"2026-01-08T09:04:32+00:00","dateModified":"2026-02-02T07:57:08+00:00","description":"Performances in\u00e9gal\u00e9es. Soumis \u00e0 des tests rigoureux, ce chef-d'\u0153uvre technologique tr\u00e8s pris\u00e9 r\u00e9volutionne l'ouverture des bouteilles de vin.","breadcrumb":{"@id":"https:\/\/www.erresse-shop.it\/fr\/shop\/table-fr-2\/vin\/le-creuset-tire-bouchon-classic-tm-100-noir\/#breadcrumb"},"inLanguage":"fr-FR","potentialAction":[{"@type":"ReadAction","target":["https:\/\/www.erresse-shop.it\/fr\/shop\/table-fr-2\/vin\/le-creuset-tire-bouchon-classic-tm-100-noir\/"]}]},{"@type":"BreadcrumbList","@id":"https:\/\/www.erresse-shop.it\/fr\/shop\/table-fr-2\/vin\/le-creuset-tire-bouchon-classic-tm-100-noir\/#breadcrumb","itemListElement":[{"@type":"ListItem","position":1,"name":"Home","item":"https:\/\/www.erresse-shop.it\/fr\/"},{"@type":"ListItem","position":2,"name":"Shop","item":"https:\/\/www.erresse-shop.it\/fr\/shop\/"},{"@type":"ListItem","position":3,"name":"LE CREUSET Tire-bouchon Classic TM-100 Noir"}]},{"@type":"WebSite","@id":"https:\/\/www.erresse-shop.it\/fr\/#website","url":"https:\/\/www.erresse-shop.it\/fr\/","name":"Erresse Shop","description":"Articoli di qualit\u00e0 per la casa","potentialAction":[{"@type":"SearchAction","target":{"@type":"EntryPoint","urlTemplate":"https:\/\/www.erresse-shop.it\/fr\/?s={search_term_string}"},"query-input":"required name=search_term_string"}],"inLanguage":"fr-FR"}]}},"df_price":14.4,"df_sale_price":14.4,"df_regular_price":32,"df_image_link":"https:\/\/www.erresse-shop.it\/wp-content\/uploads\/2026\/01\/LE-CREUSET-Cavatappi-da-Tavola-Classic-TM-100-Nero-300x300.jpg","_links":{"self":[{"href":"https:\/\/www.erresse-shop.it\/fr\/wp-json\/wp\/v2\/product\/520916"}],"collection":[{"href":"https:\/\/www.erresse-shop.it\/fr\/wp-json\/wp\/v2\/product"}],"about":[{"href":"https:\/\/www.erresse-shop.it\/fr\/wp-json\/wp\/v2\/types\/product"}],"wp:featuredmedia":[{"embeddable":true,"href":"https:\/\/www.erresse-shop.it\/fr\/wp-json\/wp\/v2\/media\/520922"}],"wp:attachment":[{"href":"https:\/\/www.erresse-shop.it\/fr\/wp-json\/wp\/v2\/media?parent=520916"}],"wp:term":[{"taxonomy":"product_cat","embeddable":true,"href":"https:\/\/www.erresse-shop.it\/fr\/wp-json\/wp\/v2\/product_cat?post=520916"},{"taxonomy":"product_tag","embeddable":true,"href":"https:\/\/www.erresse-shop.it\/fr\/wp-json\/wp\/v2\/product_tag?post=520916"}],"curies":[{"name":"wp","href":"https:\/\/api.w.org\/{rel}","templated":true}]}}