{"id":519719,"date":"2025-12-15T08:24:45","date_gmt":"2025-12-15T08:24:48","guid":{"rendered":"https:\/\/www.erresse-shop.it\/?post_type=product&#038;p=519719"},"modified":"2026-02-02T07:34:15","modified_gmt":"2026-02-02T07:34:15","slug":"zwilling-profile-ensemble-de-3-couteaux-de-cuisine","status":"publish","type":"product","link":"https:\/\/www.erresse-shop.it\/fr\/shop\/cuisine\/couteaux\/zwilling-profile-ensemble-de-3-couteaux-de-cuisine\/","title":{"rendered":"ZWILLING Profile Ensemble de 3 couteaux de cuisine"},"content":{"rendered":"<p>Le set de couteaux id\u00e9al pour les chefs exigeants, o\u00f9 design minimaliste et performance haut de gamme se conjuguent harmonieusement. Enti\u00e8rement en m\u00e9tal, ces couteaux se distinguent par leurs lignes expressives, leur esth\u00e9tique moderne et leurs lames FRIODUR tremp\u00e9es \u00e0 froid, garantissant un tranchant durable, une r\u00e9sistance \u00e0 la corrosion et une qualit\u00e9 sup\u00e9rieure.<\/p>\n<p><strong>Cet ensemble comprend\u00a0:<\/strong><\/p>\n<ul>\n<li>Un couteau de chef, un outil de cuisine v\u00e9ritablement universel, id\u00e9al pour hacher les herbes, trancher les l\u00e9gumes et d\u00e9couper la viande, convenant aussi bien aux d\u00e9butants qu&#8217;aux professionnels.<\/li>\n<li>Un couteau \u00e0 pain, parfait pour trancher le pain et les petits pains avec pr\u00e9cision, mais \u00e9galement adapt\u00e9 \u00e0 la d\u00e9coupe des melons et des aliments \u00e0 cro\u00fbte dure.<\/li>\n<li>Un couteau \u00e0 l\u00e9gumes, con\u00e7u pour garantir une polyvalence et une pr\u00e9cision maximales dans les pr\u00e9parations quotidiennes, id\u00e9al pour peler, nettoyer et couper les fruits et l\u00e9gumes avec une extr\u00eame facilit\u00e9.<\/li>\n<\/ul>\n<p>Con\u00e7u pour ceux qui exigent le meilleur de leurs outils de cuisine, cet ensemble de couteaux haut de gamme transforme chaque t\u00e2che de d\u00e9coupe en un v\u00e9ritable plaisir, offrant d&#8217;excellentes performances, un design ergonomique et un style moderne et intemporel.<\/p>\n<div class=\"dimensions-content\">\n<div class=\"product-main-attributes\">\n<div id=\"js-pdp-accordion\" class=\"pdp-accordion mt-4 ui-accordion ui-widget ui-helper-reset\" role=\"tablist\">\n<div id=\"ui-id-4\" class=\"ui-accordion-content ui-corner-bottom ui-helper-reset ui-widget-content ui-accordion-content-active\" role=\"tabpanel\" aria-labelledby=\"ui-id-3\" aria-hidden=\"false\">\n<div class=\"dimensions-content\">\n<p><strong>Caract\u00e9ristiques\u00a0:<\/strong><\/p>\n<ul>\n<li>Mat\u00e9riau\u00a0: Acier inoxydable allemand<\/li>\n<li>M\u00e9thode de fabrication\u00a0: Soud\u00e9<\/li>\n<li>Duret\u00e9 de la lame\u00a0: 50-54 HRC<\/li>\n<\/ul>\n<\/div>\n<p><strong>Dimensions\u00a0:<\/strong><\/p>\n<div class=\"product-main-attributes\">\n<ul>\n<li><strong>Couteau de chef<\/strong>\n<ul>\n<li class=\"attribute\"><span class=\"label\"><strong>Poids<\/strong>\u00a0: <\/span><span class=\"value\">0,18\u00a0kg<\/span><\/li>\n<li class=\"attribute\"><span class=\"label\"><strong>Longueur de la lame<\/strong>\u00a0: 20<\/span><span class=\"value\">\u00a0cm<\/span><\/li>\n<\/ul>\n<\/li>\n<li><strong>Couteau \u00e0 pain\u00a0:<\/strong>\n<ul>\n<li class=\"attribute\"><span class=\"label\"><strong>Poids<\/strong>\u00a0: <\/span><span class=\"value\">0,16\u00a0kg<\/span><\/li>\n<li class=\"attribute\"><span class=\"label\"><strong>Longueur de la lame<\/strong>\u00a0: 20 cm<\/span><\/li>\n<\/ul>\n<\/li>\n<li><strong>Couteau \u00e0 l\u00e9gumes\u00a0:<\/strong>\n<ul>\n<li class=\"attribute\"><span class=\"label\"><strong>Poids<\/strong>\u00a0: <\/span><span class=\"value\">0,08\u00a0kg<\/span><\/li>\n<li class=\"attribute\"><span class=\"label\"><strong>Longueur de la lame<\/strong>\u00a0: 8\u00a0cm<\/span><\/li>\n<\/ul>\n<\/li>\n<\/ul>\n<\/div>\n<\/div>\n<\/div>\n<\/div>\n<\/div>\n","protected":false},"excerpt":{"rendered":"<p>Pionnier dans le domaine de la coutellerie haut de gamme, ZWILLING J.A. Henckels fabrique des couteaux d&#8217;une qualit\u00e9 de fabrication exceptionnelle depuis 1731. Consid\u00e9r\u00e9e comme l&#8217;un des innovateurs de l&#8217;industrie, l&#8217;entreprise reste fid\u00e8le \u00e0 ses racines : un engagement fort pour la qualit\u00e9 et l&#8217;excellence<\/p>\n","protected":false},"featured_media":519726,"template":"","meta":{"_acf_changed":false,"inline_featured_image":false},"product_cat":[12742,14452,12748],"product_tag":[12838,12839,15828,15812,21261,13621,15400,15772,15401],"acf":[],"yoast_head":"<!-- This site is optimized with the Yoast SEO Premium plugin v18.6 (Yoast SEO v19.13) - https:\/\/yoast.com\/wordpress\/plugins\/seo\/ -->\n<title>ZWILLING Profile Ensemble de 3 couteaux de cuisine - Erresse Shop<\/title>\n<meta name=\"description\" content=\"Pionnier dans le domaine de la coutellerie haut de gamme, ZWILLING J.A. Henckels fabrique des couteaux d&#039;une qualit\u00e9 de fabrication exceptionnelle depuis 1731. Consid\u00e9r\u00e9e comme l&#039;un des innovateurs de l&#039;industrie, l&#039;entreprise reste fid\u00e8le \u00e0 ses racines : un engagement fort pour la qualit\u00e9 et l&#039;excellence\" \/>\n<meta name=\"robots\" content=\"index, follow, max-snippet:-1, max-image-preview:large, max-video-preview:-1\" \/>\n<link rel=\"canonical\" href=\"https:\/\/www.erresse-shop.it\/fr\/shop\/cuisine\/couteaux\/zwilling-profile-ensemble-de-3-couteaux-de-cuisine\/\" \/>\n<meta property=\"og:locale\" content=\"fr_FR\" \/>\n<meta property=\"og:type\" content=\"article\" \/>\n<meta property=\"og:title\" content=\"ZWILLING Profile Ensemble de 3 couteaux de cuisine\" \/>\n<meta property=\"og:description\" content=\"Pionnier dans le domaine de la coutellerie haut de gamme, ZWILLING J.A. Henckels fabrique des couteaux d&#039;une qualit\u00e9 de fabrication exceptionnelle depuis 1731. Consid\u00e9r\u00e9e comme l&#039;un des innovateurs de l&#039;industrie, l&#039;entreprise reste fid\u00e8le \u00e0 ses racines : un engagement fort pour la qualit\u00e9 et l&#039;excellence\" \/>\n<meta property=\"og:url\" content=\"https:\/\/www.erresse-shop.it\/fr\/shop\/cuisine\/couteaux\/zwilling-profile-ensemble-de-3-couteaux-de-cuisine\/\" \/>\n<meta property=\"og:site_name\" content=\"Erresse Shop\" \/>\n<meta property=\"article:modified_time\" content=\"2026-02-02T07:34:15+00:00\" \/>\n<meta property=\"og:image\" content=\"https:\/\/www.erresse-shop.it\/wp-content\/uploads\/2025\/12\/ZWILLING-Profile-Set-3-Coltelli-da-Cucina.jpg\" \/>\n\t<meta property=\"og:image:width\" content=\"1200\" \/>\n\t<meta property=\"og:image:height\" content=\"1200\" \/>\n\t<meta property=\"og:image:type\" content=\"image\/jpeg\" \/>\n<meta name=\"twitter:card\" content=\"summary_large_image\" \/>\n<script type=\"application\/ld+json\" class=\"yoast-schema-graph\">{\"@context\":\"https:\/\/schema.org\",\"@graph\":[{\"@type\":\"WebPage\",\"@id\":\"https:\/\/www.erresse-shop.it\/fr\/shop\/cuisine\/couteaux\/zwilling-profile-ensemble-de-3-couteaux-de-cuisine\/\",\"url\":\"https:\/\/www.erresse-shop.it\/fr\/shop\/cuisine\/couteaux\/zwilling-profile-ensemble-de-3-couteaux-de-cuisine\/\",\"name\":\"ZWILLING Profile Ensemble de 3 couteaux de cuisine - Erresse Shop\",\"isPartOf\":{\"@id\":\"https:\/\/www.erresse-shop.it\/fr\/#website\"},\"datePublished\":\"2025-12-15T08:24:48+00:00\",\"dateModified\":\"2026-02-02T07:34:15+00:00\",\"description\":\"Pionnier dans le domaine de la coutellerie haut de gamme, ZWILLING J.A. Henckels fabrique des couteaux d'une qualit\u00e9 de fabrication exceptionnelle depuis 1731. Consid\u00e9r\u00e9e comme l'un des innovateurs de l'industrie, l'entreprise reste fid\u00e8le \u00e0 ses racines : un engagement fort pour la qualit\u00e9 et l'excellence\",\"breadcrumb\":{\"@id\":\"https:\/\/www.erresse-shop.it\/fr\/shop\/cuisine\/couteaux\/zwilling-profile-ensemble-de-3-couteaux-de-cuisine\/#breadcrumb\"},\"inLanguage\":\"fr-FR\",\"potentialAction\":[{\"@type\":\"ReadAction\",\"target\":[\"https:\/\/www.erresse-shop.it\/fr\/shop\/cuisine\/couteaux\/zwilling-profile-ensemble-de-3-couteaux-de-cuisine\/\"]}]},{\"@type\":\"BreadcrumbList\",\"@id\":\"https:\/\/www.erresse-shop.it\/fr\/shop\/cuisine\/couteaux\/zwilling-profile-ensemble-de-3-couteaux-de-cuisine\/#breadcrumb\",\"itemListElement\":[{\"@type\":\"ListItem\",\"position\":1,\"name\":\"Home\",\"item\":\"https:\/\/www.erresse-shop.it\/fr\/\"},{\"@type\":\"ListItem\",\"position\":2,\"name\":\"Shop\",\"item\":\"https:\/\/www.erresse-shop.it\/fr\/shop\/\"},{\"@type\":\"ListItem\",\"position\":3,\"name\":\"ZWILLING Profile Ensemble de 3 couteaux de cuisine\"}]},{\"@type\":\"WebSite\",\"@id\":\"https:\/\/www.erresse-shop.it\/fr\/#website\",\"url\":\"https:\/\/www.erresse-shop.it\/fr\/\",\"name\":\"Erresse Shop\",\"description\":\"Articoli di qualit\u00e0 per la casa\",\"potentialAction\":[{\"@type\":\"SearchAction\",\"target\":{\"@type\":\"EntryPoint\",\"urlTemplate\":\"https:\/\/www.erresse-shop.it\/fr\/?s={search_term_string}\"},\"query-input\":\"required name=search_term_string\"}],\"inLanguage\":\"fr-FR\"}]}<\/script>\n<!-- \/ Yoast SEO Premium plugin. -->","yoast_head_json":{"title":"ZWILLING Profile Ensemble de 3 couteaux de cuisine - Erresse Shop","description":"Pionnier dans le domaine de la coutellerie haut de gamme, ZWILLING J.A. Henckels fabrique des couteaux d'une qualit\u00e9 de fabrication exceptionnelle depuis 1731. Consid\u00e9r\u00e9e comme l'un des innovateurs de l'industrie, l'entreprise reste fid\u00e8le \u00e0 ses racines : un engagement fort pour la qualit\u00e9 et l'excellence","robots":{"index":"index","follow":"follow","max-snippet":"max-snippet:-1","max-image-preview":"max-image-preview:large","max-video-preview":"max-video-preview:-1"},"canonical":"https:\/\/www.erresse-shop.it\/fr\/shop\/cuisine\/couteaux\/zwilling-profile-ensemble-de-3-couteaux-de-cuisine\/","og_locale":"fr_FR","og_type":"article","og_title":"ZWILLING Profile Ensemble de 3 couteaux de cuisine","og_description":"Pionnier dans le domaine de la coutellerie haut de gamme, ZWILLING J.A. Henckels fabrique des couteaux d'une qualit\u00e9 de fabrication exceptionnelle depuis 1731. Consid\u00e9r\u00e9e comme l'un des innovateurs de l'industrie, l'entreprise reste fid\u00e8le \u00e0 ses racines : un engagement fort pour la qualit\u00e9 et l'excellence","og_url":"https:\/\/www.erresse-shop.it\/fr\/shop\/cuisine\/couteaux\/zwilling-profile-ensemble-de-3-couteaux-de-cuisine\/","og_site_name":"Erresse Shop","article_modified_time":"2026-02-02T07:34:15+00:00","og_image":[{"width":1200,"height":1200,"url":"https:\/\/www.erresse-shop.it\/wp-content\/uploads\/2025\/12\/ZWILLING-Profile-Set-3-Coltelli-da-Cucina.jpg","type":"image\/jpeg"}],"twitter_card":"summary_large_image","schema":{"@context":"https:\/\/schema.org","@graph":[{"@type":"WebPage","@id":"https:\/\/www.erresse-shop.it\/fr\/shop\/cuisine\/couteaux\/zwilling-profile-ensemble-de-3-couteaux-de-cuisine\/","url":"https:\/\/www.erresse-shop.it\/fr\/shop\/cuisine\/couteaux\/zwilling-profile-ensemble-de-3-couteaux-de-cuisine\/","name":"ZWILLING Profile Ensemble de 3 couteaux de cuisine - Erresse Shop","isPartOf":{"@id":"https:\/\/www.erresse-shop.it\/fr\/#website"},"datePublished":"2025-12-15T08:24:48+00:00","dateModified":"2026-02-02T07:34:15+00:00","description":"Pionnier dans le domaine de la coutellerie haut de gamme, ZWILLING J.A. Henckels fabrique des couteaux d'une qualit\u00e9 de fabrication exceptionnelle depuis 1731. Consid\u00e9r\u00e9e comme l'un des innovateurs de l'industrie, l'entreprise reste fid\u00e8le \u00e0 ses racines : un engagement fort pour la qualit\u00e9 et l'excellence","breadcrumb":{"@id":"https:\/\/www.erresse-shop.it\/fr\/shop\/cuisine\/couteaux\/zwilling-profile-ensemble-de-3-couteaux-de-cuisine\/#breadcrumb"},"inLanguage":"fr-FR","potentialAction":[{"@type":"ReadAction","target":["https:\/\/www.erresse-shop.it\/fr\/shop\/cuisine\/couteaux\/zwilling-profile-ensemble-de-3-couteaux-de-cuisine\/"]}]},{"@type":"BreadcrumbList","@id":"https:\/\/www.erresse-shop.it\/fr\/shop\/cuisine\/couteaux\/zwilling-profile-ensemble-de-3-couteaux-de-cuisine\/#breadcrumb","itemListElement":[{"@type":"ListItem","position":1,"name":"Home","item":"https:\/\/www.erresse-shop.it\/fr\/"},{"@type":"ListItem","position":2,"name":"Shop","item":"https:\/\/www.erresse-shop.it\/fr\/shop\/"},{"@type":"ListItem","position":3,"name":"ZWILLING Profile Ensemble de 3 couteaux de cuisine"}]},{"@type":"WebSite","@id":"https:\/\/www.erresse-shop.it\/fr\/#website","url":"https:\/\/www.erresse-shop.it\/fr\/","name":"Erresse Shop","description":"Articoli di qualit\u00e0 per la casa","potentialAction":[{"@type":"SearchAction","target":{"@type":"EntryPoint","urlTemplate":"https:\/\/www.erresse-shop.it\/fr\/?s={search_term_string}"},"query-input":"required name=search_term_string"}],"inLanguage":"fr-FR"}]}},"df_price":109,"df_sale_price":109,"df_regular_price":204.4,"df_image_link":"https:\/\/www.erresse-shop.it\/wp-content\/uploads\/2025\/12\/ZWILLING-Profile-Set-3-Coltelli-da-Cucina-300x300.jpg","_links":{"self":[{"href":"https:\/\/www.erresse-shop.it\/fr\/wp-json\/wp\/v2\/product\/519719"}],"collection":[{"href":"https:\/\/www.erresse-shop.it\/fr\/wp-json\/wp\/v2\/product"}],"about":[{"href":"https:\/\/www.erresse-shop.it\/fr\/wp-json\/wp\/v2\/types\/product"}],"wp:featuredmedia":[{"embeddable":true,"href":"https:\/\/www.erresse-shop.it\/fr\/wp-json\/wp\/v2\/media\/519726"}],"wp:attachment":[{"href":"https:\/\/www.erresse-shop.it\/fr\/wp-json\/wp\/v2\/media?parent=519719"}],"wp:term":[{"taxonomy":"product_cat","embeddable":true,"href":"https:\/\/www.erresse-shop.it\/fr\/wp-json\/wp\/v2\/product_cat?post=519719"},{"taxonomy":"product_tag","embeddable":true,"href":"https:\/\/www.erresse-shop.it\/fr\/wp-json\/wp\/v2\/product_tag?post=519719"}],"curies":[{"name":"wp","href":"https:\/\/api.w.org\/{rel}","templated":true}]}}