{"id":518825,"date":"2025-12-04T09:34:05","date_gmt":"2025-12-04T09:34:09","guid":{"rendered":"https:\/\/www.erresse-shop.it\/?post_type=product&#038;p=518825"},"modified":"2025-12-04T09:43:55","modified_gmt":"2025-12-04T09:43:55","slug":"bordallo-pinheiro-ensemble-de-2-bols-raisins-18-cm-jaune","status":"publish","type":"product","link":"https:\/\/www.erresse-shop.it\/fr\/shop\/table-fr-2\/recipients-et-bols\/bordallo-pinheiro-ensemble-de-2-bols-raisins-18-cm-jaune\/","title":{"rendered":"BORDALLO PINHEIRO Ensemble de 2 bols Raisins 18 cm Jaune"},"content":{"rendered":"<p>La collection Raisins c\u00e9l\u00e8bre la richesse de la nature et le charme convivial des moments partag\u00e9s autour de la table, puisant son inspiration dans la g\u00e9n\u00e9rosit\u00e9 de la vigne et la tradition viticole portugaise. Chaque pi\u00e8ce est sculpt\u00e9e et peinte \u00e0 la main, reproduisant fid\u00e8lement la texture et l&#8217;\u00e9clat des raisins, ainsi que la d\u00e9licatesse de leurs feuilles vertes.<\/p>\n<p>Confectionn\u00e9es en c\u00e9ramique \u00e9maill\u00e9e de la plus haute qualit\u00e9, les pi\u00e8ces de la collection Raisins apportent \u00e0 la table une touche rustique-\u00e9l\u00e9gante, riche en couleurs et en vitalit\u00e9. Les nuances intenses de jaune et de vert cr\u00e9ent une parfaite harmonie visuelle, \u00e9voquant la chaleur de l&#8217;automne et l&#8217;abondance des vendanges.<\/p>\n<p>La collection Raisins est le choix id\u00e9al pour les amateurs de design artistique et authentique, transformant chaque plat en une c\u00e9l\u00e9bration de la nature et du plaisir de partager de beaux moments.<\/p>\n<p>Le bol de la collection Raisins est id\u00e9al pour servir une vari\u00e9t\u00e9 d&#8217;en-cas, sucr\u00e9s ou sal\u00e9s, avec un style plein de charme et de personnalit\u00e9. Peint \u00e0 la main et orn\u00e9 d&#8217;un d\u00e9licat relief, il devient la pi\u00e8ce ma\u00eetresse de la table, attirant tous les regards et sublimant un d\u00e9cor m\u00e9morable.<\/p>\n<p><strong>Dimensions<\/strong> : 18 x 14,5 cm, H. 6,5 cm<br \/>\n<strong>Poids<\/strong> : 513 g<br \/>\n<strong>Mat\u00e9riau<\/strong> : C\u00e9ramique<\/p>\n","protected":false},"excerpt":{"rendered":"<p>La collection Raisins c\u00e9l\u00e8bre la richesse de la nature et le charme convivial des moments partag\u00e9s autour de la table,<\/p>\n","protected":false},"featured_media":518836,"template":"","meta":{"_acf_changed":false,"inline_featured_image":false},"product_cat":[14244,12782],"product_tag":[25036,23910,15414,15901,21603,21821],"acf":[],"yoast_head":"<!-- This site is optimized with the Yoast SEO Premium plugin v18.6 (Yoast SEO v19.13) - https:\/\/yoast.com\/wordpress\/plugins\/seo\/ -->\n<title>BORDALLO PINHEIRO GUDRUN Pitcher Pic mineur<\/title>\n<meta name=\"description\" content=\"D\u00e9couvrez BORDALLO PINHEIRO GUDRUN Pitcher Pic mineur sur ErresseShop. Qualit\u00e9, prix r\u00e9duits et achat s\u00e9curis\u00e9 \u2013 commandez d\u00e8s maintenant en ligne !\" \/>\n<meta name=\"robots\" content=\"index, follow, max-snippet:-1, max-image-preview:large, max-video-preview:-1\" \/>\n<link rel=\"canonical\" href=\"https:\/\/www.erresse-shop.it\/fr\/shop\/table-fr-2\/recipients-et-bols\/bordallo-pinheiro-ensemble-de-2-bols-raisins-18-cm-jaune\/\" \/>\n<meta property=\"og:locale\" content=\"fr_FR\" \/>\n<meta property=\"og:type\" content=\"article\" \/>\n<meta property=\"og:title\" content=\"BORDALLO PINHEIRO Ensemble de 2 bols Raisins 18 cm Jaune\" \/>\n<meta property=\"og:description\" content=\"D\u00e9couvrez BORDALLO PINHEIRO GUDRUN Pitcher Pic mineur sur ErresseShop. Qualit\u00e9, prix r\u00e9duits et achat s\u00e9curis\u00e9 \u2013 commandez d\u00e8s maintenant en ligne !\" \/>\n<meta property=\"og:url\" content=\"https:\/\/www.erresse-shop.it\/fr\/shop\/table-fr-2\/recipients-et-bols\/bordallo-pinheiro-ensemble-de-2-bols-raisins-18-cm-jaune\/\" \/>\n<meta property=\"og:site_name\" content=\"Erresse Shop\" \/>\n<meta property=\"article:modified_time\" content=\"2025-12-04T09:43:55+00:00\" \/>\n<meta property=\"og:image\" content=\"https:\/\/www.erresse-shop.it\/wp-content\/uploads\/2025\/12\/BORDALLO-PINHEIRO-Set-2-Ciotole-Uva-18-cm-Giallo.jpg\" \/>\n\t<meta property=\"og:image:width\" content=\"1200\" \/>\n\t<meta property=\"og:image:height\" content=\"1200\" \/>\n\t<meta property=\"og:image:type\" content=\"image\/jpeg\" \/>\n<meta name=\"twitter:card\" content=\"summary_large_image\" \/>\n<script type=\"application\/ld+json\" class=\"yoast-schema-graph\">{\"@context\":\"https:\/\/schema.org\",\"@graph\":[{\"@type\":\"WebPage\",\"@id\":\"https:\/\/www.erresse-shop.it\/fr\/shop\/table-fr-2\/recipients-et-bols\/bordallo-pinheiro-ensemble-de-2-bols-raisins-18-cm-jaune\/\",\"url\":\"https:\/\/www.erresse-shop.it\/fr\/shop\/table-fr-2\/recipients-et-bols\/bordallo-pinheiro-ensemble-de-2-bols-raisins-18-cm-jaune\/\",\"name\":\"BORDALLO PINHEIRO GUDRUN Pitcher Pic mineur\",\"isPartOf\":{\"@id\":\"https:\/\/www.erresse-shop.it\/fr\/#website\"},\"datePublished\":\"2025-12-04T09:34:09+00:00\",\"dateModified\":\"2025-12-04T09:43:55+00:00\",\"description\":\"D\u00e9couvrez BORDALLO PINHEIRO GUDRUN Pitcher Pic mineur sur ErresseShop. Qualit\u00e9, prix r\u00e9duits et achat s\u00e9curis\u00e9 \u2013 commandez d\u00e8s maintenant en ligne !\",\"breadcrumb\":{\"@id\":\"https:\/\/www.erresse-shop.it\/fr\/shop\/table-fr-2\/recipients-et-bols\/bordallo-pinheiro-ensemble-de-2-bols-raisins-18-cm-jaune\/#breadcrumb\"},\"inLanguage\":\"fr-FR\",\"potentialAction\":[{\"@type\":\"ReadAction\",\"target\":[\"https:\/\/www.erresse-shop.it\/fr\/shop\/table-fr-2\/recipients-et-bols\/bordallo-pinheiro-ensemble-de-2-bols-raisins-18-cm-jaune\/\"]}]},{\"@type\":\"BreadcrumbList\",\"@id\":\"https:\/\/www.erresse-shop.it\/fr\/shop\/table-fr-2\/recipients-et-bols\/bordallo-pinheiro-ensemble-de-2-bols-raisins-18-cm-jaune\/#breadcrumb\",\"itemListElement\":[{\"@type\":\"ListItem\",\"position\":1,\"name\":\"Home\",\"item\":\"https:\/\/www.erresse-shop.it\/fr\/\"},{\"@type\":\"ListItem\",\"position\":2,\"name\":\"Shop\",\"item\":\"https:\/\/www.erresse-shop.it\/fr\/shop\/\"},{\"@type\":\"ListItem\",\"position\":3,\"name\":\"BORDALLO PINHEIRO Ensemble de 2 bols Raisins 18 cm Jaune\"}]},{\"@type\":\"WebSite\",\"@id\":\"https:\/\/www.erresse-shop.it\/fr\/#website\",\"url\":\"https:\/\/www.erresse-shop.it\/fr\/\",\"name\":\"Erresse Shop\",\"description\":\"Articoli di qualit\u00e0 per la casa\",\"potentialAction\":[{\"@type\":\"SearchAction\",\"target\":{\"@type\":\"EntryPoint\",\"urlTemplate\":\"https:\/\/www.erresse-shop.it\/fr\/?s={search_term_string}\"},\"query-input\":\"required name=search_term_string\"}],\"inLanguage\":\"fr-FR\"}]}<\/script>\n<!-- \/ Yoast SEO Premium plugin. -->","yoast_head_json":{"title":"BORDALLO PINHEIRO GUDRUN Pitcher Pic mineur","description":"D\u00e9couvrez BORDALLO PINHEIRO GUDRUN Pitcher Pic mineur sur ErresseShop. Qualit\u00e9, prix r\u00e9duits et achat s\u00e9curis\u00e9 \u2013 commandez d\u00e8s maintenant en ligne !","robots":{"index":"index","follow":"follow","max-snippet":"max-snippet:-1","max-image-preview":"max-image-preview:large","max-video-preview":"max-video-preview:-1"},"canonical":"https:\/\/www.erresse-shop.it\/fr\/shop\/table-fr-2\/recipients-et-bols\/bordallo-pinheiro-ensemble-de-2-bols-raisins-18-cm-jaune\/","og_locale":"fr_FR","og_type":"article","og_title":"BORDALLO PINHEIRO Ensemble de 2 bols Raisins 18 cm Jaune","og_description":"D\u00e9couvrez BORDALLO PINHEIRO GUDRUN Pitcher Pic mineur sur ErresseShop. Qualit\u00e9, prix r\u00e9duits et achat s\u00e9curis\u00e9 \u2013 commandez d\u00e8s maintenant en ligne !","og_url":"https:\/\/www.erresse-shop.it\/fr\/shop\/table-fr-2\/recipients-et-bols\/bordallo-pinheiro-ensemble-de-2-bols-raisins-18-cm-jaune\/","og_site_name":"Erresse Shop","article_modified_time":"2025-12-04T09:43:55+00:00","og_image":[{"width":1200,"height":1200,"url":"https:\/\/www.erresse-shop.it\/wp-content\/uploads\/2025\/12\/BORDALLO-PINHEIRO-Set-2-Ciotole-Uva-18-cm-Giallo.jpg","type":"image\/jpeg"}],"twitter_card":"summary_large_image","schema":{"@context":"https:\/\/schema.org","@graph":[{"@type":"WebPage","@id":"https:\/\/www.erresse-shop.it\/fr\/shop\/table-fr-2\/recipients-et-bols\/bordallo-pinheiro-ensemble-de-2-bols-raisins-18-cm-jaune\/","url":"https:\/\/www.erresse-shop.it\/fr\/shop\/table-fr-2\/recipients-et-bols\/bordallo-pinheiro-ensemble-de-2-bols-raisins-18-cm-jaune\/","name":"BORDALLO PINHEIRO GUDRUN Pitcher Pic mineur","isPartOf":{"@id":"https:\/\/www.erresse-shop.it\/fr\/#website"},"datePublished":"2025-12-04T09:34:09+00:00","dateModified":"2025-12-04T09:43:55+00:00","description":"D\u00e9couvrez BORDALLO PINHEIRO GUDRUN Pitcher Pic mineur sur ErresseShop. Qualit\u00e9, prix r\u00e9duits et achat s\u00e9curis\u00e9 \u2013 commandez d\u00e8s maintenant en ligne !","breadcrumb":{"@id":"https:\/\/www.erresse-shop.it\/fr\/shop\/table-fr-2\/recipients-et-bols\/bordallo-pinheiro-ensemble-de-2-bols-raisins-18-cm-jaune\/#breadcrumb"},"inLanguage":"fr-FR","potentialAction":[{"@type":"ReadAction","target":["https:\/\/www.erresse-shop.it\/fr\/shop\/table-fr-2\/recipients-et-bols\/bordallo-pinheiro-ensemble-de-2-bols-raisins-18-cm-jaune\/"]}]},{"@type":"BreadcrumbList","@id":"https:\/\/www.erresse-shop.it\/fr\/shop\/table-fr-2\/recipients-et-bols\/bordallo-pinheiro-ensemble-de-2-bols-raisins-18-cm-jaune\/#breadcrumb","itemListElement":[{"@type":"ListItem","position":1,"name":"Home","item":"https:\/\/www.erresse-shop.it\/fr\/"},{"@type":"ListItem","position":2,"name":"Shop","item":"https:\/\/www.erresse-shop.it\/fr\/shop\/"},{"@type":"ListItem","position":3,"name":"BORDALLO PINHEIRO Ensemble de 2 bols Raisins 18 cm Jaune"}]},{"@type":"WebSite","@id":"https:\/\/www.erresse-shop.it\/fr\/#website","url":"https:\/\/www.erresse-shop.it\/fr\/","name":"Erresse Shop","description":"Articoli di qualit\u00e0 per la casa","potentialAction":[{"@type":"SearchAction","target":{"@type":"EntryPoint","urlTemplate":"https:\/\/www.erresse-shop.it\/fr\/?s={search_term_string}"},"query-input":"required name=search_term_string"}],"inLanguage":"fr-FR"}]}},"df_price":59.95,"df_sale_price":59.95,"df_regular_price":66,"df_image_link":"https:\/\/www.erresse-shop.it\/wp-content\/uploads\/2025\/12\/BORDALLO-PINHEIRO-Set-2-Ciotole-Uva-18-cm-Giallo-300x300.jpg","_links":{"self":[{"href":"https:\/\/www.erresse-shop.it\/fr\/wp-json\/wp\/v2\/product\/518825"}],"collection":[{"href":"https:\/\/www.erresse-shop.it\/fr\/wp-json\/wp\/v2\/product"}],"about":[{"href":"https:\/\/www.erresse-shop.it\/fr\/wp-json\/wp\/v2\/types\/product"}],"wp:featuredmedia":[{"embeddable":true,"href":"https:\/\/www.erresse-shop.it\/fr\/wp-json\/wp\/v2\/media\/518836"}],"wp:attachment":[{"href":"https:\/\/www.erresse-shop.it\/fr\/wp-json\/wp\/v2\/media?parent=518825"}],"wp:term":[{"taxonomy":"product_cat","embeddable":true,"href":"https:\/\/www.erresse-shop.it\/fr\/wp-json\/wp\/v2\/product_cat?post=518825"},{"taxonomy":"product_tag","embeddable":true,"href":"https:\/\/www.erresse-shop.it\/fr\/wp-json\/wp\/v2\/product_tag?post=518825"}],"curies":[{"name":"wp","href":"https:\/\/api.w.org\/{rel}","templated":true}]}}