{"id":518678,"date":"2025-12-04T07:10:49","date_gmt":"2025-12-04T07:10:54","guid":{"rendered":"https:\/\/www.erresse-shop.it\/?post_type=product&#038;p=518678"},"modified":"2025-12-04T08:16:43","modified_gmt":"2025-12-04T08:16:43","slug":"bordallo-pinheiro-pitcher-raisins","status":"publish","type":"product","link":"https:\/\/www.erresse-shop.it\/fr\/shop\/table-fr-2\/carafes-bouteilles\/bordallo-pinheiro-pitcher-raisins\/","title":{"rendered":"BORDALLO PINHEIRO Pitcher Raisins"},"content":{"rendered":"<p>La collection Raisins c\u00e9l\u00e8bre la richesse de la nature et le charme convivial des moments partag\u00e9s \u00e0 table, puisant son inspiration dans la g\u00e9n\u00e9rosit\u00e9 de la vigne et la tradition viticole portugaise. Chaque pi\u00e8ce est sculpt\u00e9e et peinte \u00e0 la main, reproduisant fid\u00e8lement la texture et l&#8217;\u00e9clat des raisins, ainsi que la d\u00e9licatesse de leurs feuilles vertes.<\/p>\n<p>Confectionn\u00e9es en c\u00e9ramique \u00e9maill\u00e9e de la plus haute qualit\u00e9, les pi\u00e8ces de la collection Raisins conf\u00e8rent \u00e0 la table une touche rustique-\u00e9l\u00e9gante, riche en couleurs et en vitalit\u00e9. Les nuances intenses de violet et de vert cr\u00e9ent une parfaite harmonie visuelle, \u00e9voquant la chaleur de l&#8217;automne et la g\u00e9n\u00e9rosit\u00e9 des vendanges.<\/p>\n<p>La collection Raisins est le choix id\u00e9al pour les amateurs de design artistique et authentique, transformant chaque repas en une c\u00e9l\u00e9bration de la nature et du plaisir de partager de beaux moments.<\/p>\n<p>La carafe de la collection Raisins est id\u00e9ale pour servir une vari\u00e9t\u00e9 de boissons, des limonades rafra\u00eechissantes aux vins aromatiques. Peinte \u00e0 la main et orn\u00e9e d&#8217;un d\u00e9licat relief, elle devient la pi\u00e8ce ma\u00eetresse de la table, attirant tous les regards et sublimant un d\u00e9cor m\u00e9morable.<\/p>\n<p>Une carafe est bien plus qu&#8217;un simple r\u00e9cipient pour les boissons\u00a0; c&#8217;est l&#8217;expression m\u00eame du style et de la cr\u00e9ativit\u00e9. Son design inspir\u00e9 par la nature apporte une touche de charme \u00e0 tous les repas, qu&#8217;il s&#8217;agisse d&#8217;un brunch d\u00e9contract\u00e9 au jardin ou d&#8217;un d\u00eener festif en famille ou entre amis.<\/p>\n<p>Avec son design raffin\u00e9 et \u00e9l\u00e9gant, la collection Raisins est le cadeau id\u00e9al pour les amoureux de la nature et du travail artisanal. Mariage, anniversaire, pendaison de cr\u00e9maill\u00e8re\u00a0: cette collection sera assur\u00e9ment appr\u00e9ci\u00e9e et ch\u00e9rie pendant de nombreuses ann\u00e9es.<\/p>\n<p><strong>Dimensions<\/strong> : 24,5 x 16,6 cm, H. 28<br \/>\n<strong>Poids\u00a0<\/strong>: 1,2 kg<br \/>\n<strong>Mat\u00e9riau\u00a0<\/strong>: C\u00e9ramique<\/p>\n","protected":false},"excerpt":{"rendered":"<p>La collection Raisins c\u00e9l\u00e8bre la richesse de la nature et le charme convivial des moments partag\u00e9s \u00e0 table, puisant son<\/p>\n","protected":false},"featured_media":518695,"template":"","meta":{"_acf_changed":false,"inline_featured_image":false},"product_cat":[12785,12782],"product_tag":[25036,23910,25021,15739,24603,21821],"acf":[],"yoast_head":"<!-- This site is optimized with the Yoast SEO Premium plugin v18.6 (Yoast SEO v19.13) - https:\/\/yoast.com\/wordpress\/plugins\/seo\/ -->\n<title>BORDALLO PINHEIRO GUDRUN Pitcher Pic mineur<\/title>\n<meta name=\"description\" content=\"D\u00e9couvrez BORDALLO PINHEIRO GUDRUN Pitcher Pic mineur sur ErresseShop. Qualit\u00e9, prix r\u00e9duits et achat s\u00e9curis\u00e9 \u2013 commandez d\u00e8s maintenant en ligne !\" \/>\n<meta name=\"robots\" content=\"index, follow, max-snippet:-1, max-image-preview:large, max-video-preview:-1\" \/>\n<link rel=\"canonical\" href=\"https:\/\/www.erresse-shop.it\/fr\/shop\/table-fr-2\/carafes-bouteilles\/bordallo-pinheiro-pitcher-raisins\/\" \/>\n<meta property=\"og:locale\" content=\"fr_FR\" \/>\n<meta property=\"og:type\" content=\"article\" \/>\n<meta property=\"og:title\" content=\"BORDALLO PINHEIRO Pitcher Raisins\" \/>\n<meta property=\"og:description\" content=\"D\u00e9couvrez BORDALLO PINHEIRO GUDRUN Pitcher Pic mineur sur ErresseShop. Qualit\u00e9, prix r\u00e9duits et achat s\u00e9curis\u00e9 \u2013 commandez d\u00e8s maintenant en ligne !\" \/>\n<meta property=\"og:url\" content=\"https:\/\/www.erresse-shop.it\/fr\/shop\/table-fr-2\/carafes-bouteilles\/bordallo-pinheiro-pitcher-raisins\/\" \/>\n<meta property=\"og:site_name\" content=\"Erresse Shop\" \/>\n<meta property=\"article:modified_time\" content=\"2025-12-04T08:16:43+00:00\" \/>\n<meta property=\"og:image\" content=\"https:\/\/www.erresse-shop.it\/wp-content\/uploads\/2025\/12\/BORDALLO-PINHEIRO-Brocca-Uva.jpg\" \/>\n\t<meta property=\"og:image:width\" content=\"1200\" \/>\n\t<meta property=\"og:image:height\" content=\"1200\" \/>\n\t<meta property=\"og:image:type\" content=\"image\/jpeg\" \/>\n<meta name=\"twitter:card\" content=\"summary_large_image\" \/>\n<script type=\"application\/ld+json\" class=\"yoast-schema-graph\">{\"@context\":\"https:\/\/schema.org\",\"@graph\":[{\"@type\":\"WebPage\",\"@id\":\"https:\/\/www.erresse-shop.it\/fr\/shop\/table-fr-2\/carafes-bouteilles\/bordallo-pinheiro-pitcher-raisins\/\",\"url\":\"https:\/\/www.erresse-shop.it\/fr\/shop\/table-fr-2\/carafes-bouteilles\/bordallo-pinheiro-pitcher-raisins\/\",\"name\":\"BORDALLO PINHEIRO GUDRUN Pitcher Pic mineur\",\"isPartOf\":{\"@id\":\"https:\/\/www.erresse-shop.it\/fr\/#website\"},\"datePublished\":\"2025-12-04T07:10:54+00:00\",\"dateModified\":\"2025-12-04T08:16:43+00:00\",\"description\":\"D\u00e9couvrez BORDALLO PINHEIRO GUDRUN Pitcher Pic mineur sur ErresseShop. Qualit\u00e9, prix r\u00e9duits et achat s\u00e9curis\u00e9 \u2013 commandez d\u00e8s maintenant en ligne !\",\"breadcrumb\":{\"@id\":\"https:\/\/www.erresse-shop.it\/fr\/shop\/table-fr-2\/carafes-bouteilles\/bordallo-pinheiro-pitcher-raisins\/#breadcrumb\"},\"inLanguage\":\"fr-FR\",\"potentialAction\":[{\"@type\":\"ReadAction\",\"target\":[\"https:\/\/www.erresse-shop.it\/fr\/shop\/table-fr-2\/carafes-bouteilles\/bordallo-pinheiro-pitcher-raisins\/\"]}]},{\"@type\":\"BreadcrumbList\",\"@id\":\"https:\/\/www.erresse-shop.it\/fr\/shop\/table-fr-2\/carafes-bouteilles\/bordallo-pinheiro-pitcher-raisins\/#breadcrumb\",\"itemListElement\":[{\"@type\":\"ListItem\",\"position\":1,\"name\":\"Home\",\"item\":\"https:\/\/www.erresse-shop.it\/fr\/\"},{\"@type\":\"ListItem\",\"position\":2,\"name\":\"Shop\",\"item\":\"https:\/\/www.erresse-shop.it\/fr\/shop\/\"},{\"@type\":\"ListItem\",\"position\":3,\"name\":\"BORDALLO PINHEIRO Pitcher Raisins\"}]},{\"@type\":\"WebSite\",\"@id\":\"https:\/\/www.erresse-shop.it\/fr\/#website\",\"url\":\"https:\/\/www.erresse-shop.it\/fr\/\",\"name\":\"Erresse Shop\",\"description\":\"Articoli di qualit\u00e0 per la casa\",\"potentialAction\":[{\"@type\":\"SearchAction\",\"target\":{\"@type\":\"EntryPoint\",\"urlTemplate\":\"https:\/\/www.erresse-shop.it\/fr\/?s={search_term_string}\"},\"query-input\":\"required name=search_term_string\"}],\"inLanguage\":\"fr-FR\"}]}<\/script>\n<!-- \/ Yoast SEO Premium plugin. -->","yoast_head_json":{"title":"BORDALLO PINHEIRO GUDRUN Pitcher Pic mineur","description":"D\u00e9couvrez BORDALLO PINHEIRO GUDRUN Pitcher Pic mineur sur ErresseShop. Qualit\u00e9, prix r\u00e9duits et achat s\u00e9curis\u00e9 \u2013 commandez d\u00e8s maintenant en ligne !","robots":{"index":"index","follow":"follow","max-snippet":"max-snippet:-1","max-image-preview":"max-image-preview:large","max-video-preview":"max-video-preview:-1"},"canonical":"https:\/\/www.erresse-shop.it\/fr\/shop\/table-fr-2\/carafes-bouteilles\/bordallo-pinheiro-pitcher-raisins\/","og_locale":"fr_FR","og_type":"article","og_title":"BORDALLO PINHEIRO Pitcher Raisins","og_description":"D\u00e9couvrez BORDALLO PINHEIRO GUDRUN Pitcher Pic mineur sur ErresseShop. Qualit\u00e9, prix r\u00e9duits et achat s\u00e9curis\u00e9 \u2013 commandez d\u00e8s maintenant en ligne !","og_url":"https:\/\/www.erresse-shop.it\/fr\/shop\/table-fr-2\/carafes-bouteilles\/bordallo-pinheiro-pitcher-raisins\/","og_site_name":"Erresse Shop","article_modified_time":"2025-12-04T08:16:43+00:00","og_image":[{"width":1200,"height":1200,"url":"https:\/\/www.erresse-shop.it\/wp-content\/uploads\/2025\/12\/BORDALLO-PINHEIRO-Brocca-Uva.jpg","type":"image\/jpeg"}],"twitter_card":"summary_large_image","schema":{"@context":"https:\/\/schema.org","@graph":[{"@type":"WebPage","@id":"https:\/\/www.erresse-shop.it\/fr\/shop\/table-fr-2\/carafes-bouteilles\/bordallo-pinheiro-pitcher-raisins\/","url":"https:\/\/www.erresse-shop.it\/fr\/shop\/table-fr-2\/carafes-bouteilles\/bordallo-pinheiro-pitcher-raisins\/","name":"BORDALLO PINHEIRO GUDRUN Pitcher Pic mineur","isPartOf":{"@id":"https:\/\/www.erresse-shop.it\/fr\/#website"},"datePublished":"2025-12-04T07:10:54+00:00","dateModified":"2025-12-04T08:16:43+00:00","description":"D\u00e9couvrez BORDALLO PINHEIRO GUDRUN Pitcher Pic mineur sur ErresseShop. Qualit\u00e9, prix r\u00e9duits et achat s\u00e9curis\u00e9 \u2013 commandez d\u00e8s maintenant en ligne !","breadcrumb":{"@id":"https:\/\/www.erresse-shop.it\/fr\/shop\/table-fr-2\/carafes-bouteilles\/bordallo-pinheiro-pitcher-raisins\/#breadcrumb"},"inLanguage":"fr-FR","potentialAction":[{"@type":"ReadAction","target":["https:\/\/www.erresse-shop.it\/fr\/shop\/table-fr-2\/carafes-bouteilles\/bordallo-pinheiro-pitcher-raisins\/"]}]},{"@type":"BreadcrumbList","@id":"https:\/\/www.erresse-shop.it\/fr\/shop\/table-fr-2\/carafes-bouteilles\/bordallo-pinheiro-pitcher-raisins\/#breadcrumb","itemListElement":[{"@type":"ListItem","position":1,"name":"Home","item":"https:\/\/www.erresse-shop.it\/fr\/"},{"@type":"ListItem","position":2,"name":"Shop","item":"https:\/\/www.erresse-shop.it\/fr\/shop\/"},{"@type":"ListItem","position":3,"name":"BORDALLO PINHEIRO Pitcher Raisins"}]},{"@type":"WebSite","@id":"https:\/\/www.erresse-shop.it\/fr\/#website","url":"https:\/\/www.erresse-shop.it\/fr\/","name":"Erresse Shop","description":"Articoli di qualit\u00e0 per la casa","potentialAction":[{"@type":"SearchAction","target":{"@type":"EntryPoint","urlTemplate":"https:\/\/www.erresse-shop.it\/fr\/?s={search_term_string}"},"query-input":"required name=search_term_string"}],"inLanguage":"fr-FR"}]}},"df_price":129.95,"df_sale_price":129.95,"df_regular_price":180,"df_image_link":"https:\/\/www.erresse-shop.it\/wp-content\/uploads\/2025\/12\/BORDALLO-PINHEIRO-Brocca-Uva-300x300.jpg","_links":{"self":[{"href":"https:\/\/www.erresse-shop.it\/fr\/wp-json\/wp\/v2\/product\/518678"}],"collection":[{"href":"https:\/\/www.erresse-shop.it\/fr\/wp-json\/wp\/v2\/product"}],"about":[{"href":"https:\/\/www.erresse-shop.it\/fr\/wp-json\/wp\/v2\/types\/product"}],"wp:featuredmedia":[{"embeddable":true,"href":"https:\/\/www.erresse-shop.it\/fr\/wp-json\/wp\/v2\/media\/518695"}],"wp:attachment":[{"href":"https:\/\/www.erresse-shop.it\/fr\/wp-json\/wp\/v2\/media?parent=518678"}],"wp:term":[{"taxonomy":"product_cat","embeddable":true,"href":"https:\/\/www.erresse-shop.it\/fr\/wp-json\/wp\/v2\/product_cat?post=518678"},{"taxonomy":"product_tag","embeddable":true,"href":"https:\/\/www.erresse-shop.it\/fr\/wp-json\/wp\/v2\/product_tag?post=518678"}],"curies":[{"name":"wp","href":"https:\/\/api.w.org\/{rel}","templated":true}]}}