{"id":518611,"date":"2025-12-03T13:05:09","date_gmt":"2025-12-03T13:05:13","guid":{"rendered":"https:\/\/www.erresse-shop.it\/?post_type=product&#038;p=518611"},"modified":"2025-12-03T13:16:17","modified_gmt":"2025-12-03T13:16:17","slug":"zwilling-profile-couteau-a-pain-20-cm-lame-dentelee","status":"publish","type":"product","link":"https:\/\/www.erresse-shop.it\/fr\/shop\/cuisine\/couteaux\/zwilling-profile-couteau-a-pain-20-cm-lame-dentelee\/","title":{"rendered":"ZWILLING Profile Couteau \u00e0 pain 20 cm Lame dentel\u00e9e"},"content":{"rendered":"<p>L&#8217;excellence revisit\u00e9e : ces couteaux forg\u00e9s haut de gamme, au design rivet\u00e9, sont dot\u00e9s d&#8217;une \u00e9l\u00e9gante mitre (entre le manche et la lame) con\u00e7ue par les designers de renomm\u00e9e internationale Matteo Thun et Antonio Rodriguez, alliant esth\u00e9tique et performance.<\/p>\n<p>Les passionn\u00e9s de cuisine ont besoin de couteaux qui facilitent la d\u00e9coupe des aliments et font de la cuisine un v\u00e9ritable plaisir, \u00e0 l&#8217;image de ce couteau d&#8217;office haut de gamme.<\/p>\n<p>Le couteau \u00e0 pain est particuli\u00e8rement adapt\u00e9 pour trancher le pain et les petits pains, mais peut \u00e9galement servir \u00e0 couper les melons.<\/p>\n<div class=\"dimensions-content\">\n<div class=\"product-main-attributes\">\n<div id=\"js-pdp-accordion\" class=\"pdp-accordion mt-4 ui-accordion ui-widget ui-helper-reset\" role=\"tablist\">\n<div id=\"ui-id-4\" class=\"ui-accordion-content ui-corner-bottom ui-helper-reset ui-widget-content ui-accordion-content-active\" role=\"tabpanel\" aria-labelledby=\"ui-id-3\" aria-hidden=\"false\">\n<div class=\"dimensions-content\">\n<p><strong>Caract\u00e9ristiques\u00a0:<\/strong><\/p>\n<ul>\n<li>Mat\u00e9riau\u00a0: Acier inoxydable allemand<\/li>\n<li>M\u00e9thode de fabrication\u00a0: Soud\u00e9<\/li>\n<li>Duret\u00e9 de la lame\u00a0: 50-54 HRC<\/li>\n<\/ul>\n<\/div>\n<p><strong>Dimensions\u00a0:<\/strong><\/p>\n<div class=\"product-main-attributes\">\n<ul>\n<li class=\"attribute\"><span class=\"label\"><strong>Poids net\u00a0:<\/strong><\/span><span class=\"value\">0,16\u00a0kg<\/span><\/li>\n<li class=\"attribute\"><span class=\"label\"><strong>Longueur de la lame\u00a0:<\/strong><\/span><\/li>\n<\/ul>\n<\/div>\n<\/div>\n<\/div>\n<\/div>\n<\/div>\n","protected":false},"excerpt":{"rendered":"<p>Pionnier dans le domaine de la coutellerie haut de gamme, ZWILLING J.A. Henckels fabrique des couteaux d&#8217;une qualit\u00e9 de fabrication exceptionnelle depuis 1731. Consid\u00e9r\u00e9e comme l&#8217;un des innovateurs de l&#8217;industrie, l&#8217;entreprise reste fid\u00e8le \u00e0 ses racines : un engagement fort pour la qualit\u00e9 et l&#8217;excellence<\/p>\n","protected":false},"featured_media":518617,"template":"","meta":{"_acf_changed":false,"inline_featured_image":false},"product_cat":[12742,14452,12748],"product_tag":[12838,12839,15828,13621,15400,15772,15401],"acf":[],"yoast_head":"<!-- This site is optimized with the Yoast SEO Premium plugin v18.6 (Yoast SEO v19.13) - https:\/\/yoast.com\/wordpress\/plugins\/seo\/ -->\n<title>ZWILLING Profile Couteau \u00e0 pain 20 cm Lame dentel\u00e9e - Erresse Shop<\/title>\n<meta name=\"description\" content=\"Pionnier dans le domaine de la coutellerie haut de gamme, ZWILLING J.A. Henckels fabrique des couteaux d&#039;une qualit\u00e9 de fabrication exceptionnelle depuis 1731. Consid\u00e9r\u00e9e comme l&#039;un des innovateurs de l&#039;industrie, l&#039;entreprise reste fid\u00e8le \u00e0 ses racines : un engagement fort pour la qualit\u00e9 et l&#039;excellence\" \/>\n<meta name=\"robots\" content=\"index, follow, max-snippet:-1, max-image-preview:large, max-video-preview:-1\" \/>\n<link rel=\"canonical\" href=\"https:\/\/www.erresse-shop.it\/fr\/shop\/cuisine\/couteaux\/zwilling-profile-couteau-a-pain-20-cm-lame-dentelee\/\" \/>\n<meta property=\"og:locale\" content=\"fr_FR\" \/>\n<meta property=\"og:type\" content=\"article\" \/>\n<meta property=\"og:title\" content=\"ZWILLING Profile Couteau \u00e0 pain 20 cm Lame dentel\u00e9e\" \/>\n<meta property=\"og:description\" content=\"Pionnier dans le domaine de la coutellerie haut de gamme, ZWILLING J.A. Henckels fabrique des couteaux d&#039;une qualit\u00e9 de fabrication exceptionnelle depuis 1731. Consid\u00e9r\u00e9e comme l&#039;un des innovateurs de l&#039;industrie, l&#039;entreprise reste fid\u00e8le \u00e0 ses racines : un engagement fort pour la qualit\u00e9 et l&#039;excellence\" \/>\n<meta property=\"og:url\" content=\"https:\/\/www.erresse-shop.it\/fr\/shop\/cuisine\/couteaux\/zwilling-profile-couteau-a-pain-20-cm-lame-dentelee\/\" \/>\n<meta property=\"og:site_name\" content=\"Erresse Shop\" \/>\n<meta property=\"article:modified_time\" content=\"2025-12-03T13:16:17+00:00\" \/>\n<meta property=\"og:image\" content=\"https:\/\/www.erresse-shop.it\/wp-content\/uploads\/2025\/12\/ZWILLING-Profile-Coltello-da-Pane-20-cm-Lama-Seghettata.jpg\" \/>\n\t<meta property=\"og:image:width\" content=\"1200\" \/>\n\t<meta property=\"og:image:height\" content=\"1200\" \/>\n\t<meta property=\"og:image:type\" content=\"image\/jpeg\" \/>\n<meta name=\"twitter:card\" content=\"summary_large_image\" \/>\n<script type=\"application\/ld+json\" class=\"yoast-schema-graph\">{\"@context\":\"https:\/\/schema.org\",\"@graph\":[{\"@type\":\"WebPage\",\"@id\":\"https:\/\/www.erresse-shop.it\/fr\/shop\/cuisine\/couteaux\/zwilling-profile-couteau-a-pain-20-cm-lame-dentelee\/\",\"url\":\"https:\/\/www.erresse-shop.it\/fr\/shop\/cuisine\/couteaux\/zwilling-profile-couteau-a-pain-20-cm-lame-dentelee\/\",\"name\":\"ZWILLING Profile Couteau \u00e0 pain 20 cm Lame dentel\u00e9e - Erresse Shop\",\"isPartOf\":{\"@id\":\"https:\/\/www.erresse-shop.it\/fr\/#website\"},\"datePublished\":\"2025-12-03T13:05:13+00:00\",\"dateModified\":\"2025-12-03T13:16:17+00:00\",\"description\":\"Pionnier dans le domaine de la coutellerie haut de gamme, ZWILLING J.A. Henckels fabrique des couteaux d'une qualit\u00e9 de fabrication exceptionnelle depuis 1731. Consid\u00e9r\u00e9e comme l'un des innovateurs de l'industrie, l'entreprise reste fid\u00e8le \u00e0 ses racines : un engagement fort pour la qualit\u00e9 et l'excellence\",\"breadcrumb\":{\"@id\":\"https:\/\/www.erresse-shop.it\/fr\/shop\/cuisine\/couteaux\/zwilling-profile-couteau-a-pain-20-cm-lame-dentelee\/#breadcrumb\"},\"inLanguage\":\"fr-FR\",\"potentialAction\":[{\"@type\":\"ReadAction\",\"target\":[\"https:\/\/www.erresse-shop.it\/fr\/shop\/cuisine\/couteaux\/zwilling-profile-couteau-a-pain-20-cm-lame-dentelee\/\"]}]},{\"@type\":\"BreadcrumbList\",\"@id\":\"https:\/\/www.erresse-shop.it\/fr\/shop\/cuisine\/couteaux\/zwilling-profile-couteau-a-pain-20-cm-lame-dentelee\/#breadcrumb\",\"itemListElement\":[{\"@type\":\"ListItem\",\"position\":1,\"name\":\"Home\",\"item\":\"https:\/\/www.erresse-shop.it\/fr\/\"},{\"@type\":\"ListItem\",\"position\":2,\"name\":\"Shop\",\"item\":\"https:\/\/www.erresse-shop.it\/fr\/shop\/\"},{\"@type\":\"ListItem\",\"position\":3,\"name\":\"ZWILLING Profile Couteau \u00e0 pain 20 cm Lame dentel\u00e9e\"}]},{\"@type\":\"WebSite\",\"@id\":\"https:\/\/www.erresse-shop.it\/fr\/#website\",\"url\":\"https:\/\/www.erresse-shop.it\/fr\/\",\"name\":\"Erresse Shop\",\"description\":\"Articoli di qualit\u00e0 per la casa\",\"potentialAction\":[{\"@type\":\"SearchAction\",\"target\":{\"@type\":\"EntryPoint\",\"urlTemplate\":\"https:\/\/www.erresse-shop.it\/fr\/?s={search_term_string}\"},\"query-input\":\"required name=search_term_string\"}],\"inLanguage\":\"fr-FR\"}]}<\/script>\n<!-- \/ Yoast SEO Premium plugin. -->","yoast_head_json":{"title":"ZWILLING Profile Couteau \u00e0 pain 20 cm Lame dentel\u00e9e - Erresse Shop","description":"Pionnier dans le domaine de la coutellerie haut de gamme, ZWILLING J.A. Henckels fabrique des couteaux d'une qualit\u00e9 de fabrication exceptionnelle depuis 1731. Consid\u00e9r\u00e9e comme l'un des innovateurs de l'industrie, l'entreprise reste fid\u00e8le \u00e0 ses racines : un engagement fort pour la qualit\u00e9 et l'excellence","robots":{"index":"index","follow":"follow","max-snippet":"max-snippet:-1","max-image-preview":"max-image-preview:large","max-video-preview":"max-video-preview:-1"},"canonical":"https:\/\/www.erresse-shop.it\/fr\/shop\/cuisine\/couteaux\/zwilling-profile-couteau-a-pain-20-cm-lame-dentelee\/","og_locale":"fr_FR","og_type":"article","og_title":"ZWILLING Profile Couteau \u00e0 pain 20 cm Lame dentel\u00e9e","og_description":"Pionnier dans le domaine de la coutellerie haut de gamme, ZWILLING J.A. Henckels fabrique des couteaux d'une qualit\u00e9 de fabrication exceptionnelle depuis 1731. Consid\u00e9r\u00e9e comme l'un des innovateurs de l'industrie, l'entreprise reste fid\u00e8le \u00e0 ses racines : un engagement fort pour la qualit\u00e9 et l'excellence","og_url":"https:\/\/www.erresse-shop.it\/fr\/shop\/cuisine\/couteaux\/zwilling-profile-couteau-a-pain-20-cm-lame-dentelee\/","og_site_name":"Erresse Shop","article_modified_time":"2025-12-03T13:16:17+00:00","og_image":[{"width":1200,"height":1200,"url":"https:\/\/www.erresse-shop.it\/wp-content\/uploads\/2025\/12\/ZWILLING-Profile-Coltello-da-Pane-20-cm-Lama-Seghettata.jpg","type":"image\/jpeg"}],"twitter_card":"summary_large_image","schema":{"@context":"https:\/\/schema.org","@graph":[{"@type":"WebPage","@id":"https:\/\/www.erresse-shop.it\/fr\/shop\/cuisine\/couteaux\/zwilling-profile-couteau-a-pain-20-cm-lame-dentelee\/","url":"https:\/\/www.erresse-shop.it\/fr\/shop\/cuisine\/couteaux\/zwilling-profile-couteau-a-pain-20-cm-lame-dentelee\/","name":"ZWILLING Profile Couteau \u00e0 pain 20 cm Lame dentel\u00e9e - Erresse Shop","isPartOf":{"@id":"https:\/\/www.erresse-shop.it\/fr\/#website"},"datePublished":"2025-12-03T13:05:13+00:00","dateModified":"2025-12-03T13:16:17+00:00","description":"Pionnier dans le domaine de la coutellerie haut de gamme, ZWILLING J.A. Henckels fabrique des couteaux d'une qualit\u00e9 de fabrication exceptionnelle depuis 1731. Consid\u00e9r\u00e9e comme l'un des innovateurs de l'industrie, l'entreprise reste fid\u00e8le \u00e0 ses racines : un engagement fort pour la qualit\u00e9 et l'excellence","breadcrumb":{"@id":"https:\/\/www.erresse-shop.it\/fr\/shop\/cuisine\/couteaux\/zwilling-profile-couteau-a-pain-20-cm-lame-dentelee\/#breadcrumb"},"inLanguage":"fr-FR","potentialAction":[{"@type":"ReadAction","target":["https:\/\/www.erresse-shop.it\/fr\/shop\/cuisine\/couteaux\/zwilling-profile-couteau-a-pain-20-cm-lame-dentelee\/"]}]},{"@type":"BreadcrumbList","@id":"https:\/\/www.erresse-shop.it\/fr\/shop\/cuisine\/couteaux\/zwilling-profile-couteau-a-pain-20-cm-lame-dentelee\/#breadcrumb","itemListElement":[{"@type":"ListItem","position":1,"name":"Home","item":"https:\/\/www.erresse-shop.it\/fr\/"},{"@type":"ListItem","position":2,"name":"Shop","item":"https:\/\/www.erresse-shop.it\/fr\/shop\/"},{"@type":"ListItem","position":3,"name":"ZWILLING Profile Couteau \u00e0 pain 20 cm Lame dentel\u00e9e"}]},{"@type":"WebSite","@id":"https:\/\/www.erresse-shop.it\/fr\/#website","url":"https:\/\/www.erresse-shop.it\/fr\/","name":"Erresse Shop","description":"Articoli di qualit\u00e0 per la casa","potentialAction":[{"@type":"SearchAction","target":{"@type":"EntryPoint","urlTemplate":"https:\/\/www.erresse-shop.it\/fr\/?s={search_term_string}"},"query-input":"required name=search_term_string"}],"inLanguage":"fr-FR"}]}},"df_price":42.95,"df_sale_price":42.95,"df_regular_price":74.95,"df_image_link":"https:\/\/www.erresse-shop.it\/wp-content\/uploads\/2025\/12\/ZWILLING-Profile-Coltello-da-Pane-20-cm-Lama-Seghettata-300x300.jpg","_links":{"self":[{"href":"https:\/\/www.erresse-shop.it\/fr\/wp-json\/wp\/v2\/product\/518611"}],"collection":[{"href":"https:\/\/www.erresse-shop.it\/fr\/wp-json\/wp\/v2\/product"}],"about":[{"href":"https:\/\/www.erresse-shop.it\/fr\/wp-json\/wp\/v2\/types\/product"}],"wp:featuredmedia":[{"embeddable":true,"href":"https:\/\/www.erresse-shop.it\/fr\/wp-json\/wp\/v2\/media\/518617"}],"wp:attachment":[{"href":"https:\/\/www.erresse-shop.it\/fr\/wp-json\/wp\/v2\/media?parent=518611"}],"wp:term":[{"taxonomy":"product_cat","embeddable":true,"href":"https:\/\/www.erresse-shop.it\/fr\/wp-json\/wp\/v2\/product_cat?post=518611"},{"taxonomy":"product_tag","embeddable":true,"href":"https:\/\/www.erresse-shop.it\/fr\/wp-json\/wp\/v2\/product_tag?post=518611"}],"curies":[{"name":"wp","href":"https:\/\/api.w.org\/{rel}","templated":true}]}}