{"id":518593,"date":"2025-12-03T11:31:02","date_gmt":"2025-12-03T11:31:05","guid":{"rendered":"https:\/\/www.erresse-shop.it\/?post_type=product&#038;p=518593"},"modified":"2025-12-03T11:46:38","modified_gmt":"2025-12-03T11:46:38","slug":"zwilling-profile-couteau-de-chef-20-cm","status":"publish","type":"product","link":"https:\/\/www.erresse-shop.it\/fr\/shop\/cuisine\/couteaux\/zwilling-profile-couteau-de-chef-20-cm\/","title":{"rendered":"ZWILLING Profile Couteau de chef 20 cm"},"content":{"rendered":"<p>Le couteau id\u00e9al pour les chefs qui veulent se d\u00e9marquer\u00a0: un design minimaliste tout en m\u00e9tal, des lignes expressives et une lame FRIODUR tremp\u00e9e \u00e0 froid.<\/p>\n<p>Si vous privil\u00e9giez la polyvalence et la qualit\u00e9, vous avez trouv\u00e9 votre nouvel outil de coupe pr\u00e9f\u00e9r\u00e9\u00a0: le couteau de chef de la s\u00e9rie Profile r\u00e9pond parfaitement \u00e0 vos besoins. Polyvalent, il convient aussi bien aux d\u00e9butants qu\u2019aux professionnels.<\/p>\n<p>Ce couteau de chef est un alli\u00e9 indispensable en cuisine, pour hacher des herbes, trancher des l\u00e9gumes ou de la viande.<\/p>\n<div class=\"dimensions-content\">\n<div class=\"product-main-attributes\">\n<div id=\"js-pdp-accordion\" class=\"pdp-accordion mt-4 ui-accordion ui-widget ui-helper-reset\" role=\"tablist\">\n<div id=\"ui-id-4\" class=\"ui-accordion-content ui-corner-bottom ui-helper-reset ui-widget-content ui-accordion-content-active\" role=\"tabpanel\" aria-labelledby=\"ui-id-3\" aria-hidden=\"false\">\n<div class=\"dimensions-content\">\n<p><strong>Caract\u00e9ristiques\u00a0:<\/strong><\/p>\n<ul>\n<li>Mat\u00e9riau\u00a0: Acier inoxydable allemand<\/li>\n<li>M\u00e9thode de fabrication\u00a0: Soud\u00e9<\/li>\n<li>Duret\u00e9 de la lame\u00a0: 50-54 HRC<\/li>\n<\/ul>\n<\/div>\n<p><strong>Dimensions\u00a0:<\/strong><\/p>\n<div class=\"product-main-attributes\">\n<ul>\n<li class=\"attribute\"><span class=\"label\"><strong>Poids net\u00a0:<\/strong><\/span><span class=\"value\">0,18\u00a0kg<\/span><\/li>\n<li class=\"attribute\"><span class=\"label\"><strong>Longueur du produit\u00a0:<\/strong> 33,50\u00a0cm<\/span><span class=\"value\">\u00a0<\/span><\/li>\n<li class=\"attribute\"><span class=\"label\"><strong>Largeur du produit\u00a0:<\/strong> 2,20\u00a0cm<\/span><span class=\"value\">\u00a0<\/span><\/li>\n<li class=\"attribute\"><span class=\"label\"><strong>Hauteur du produit\u00a0:<\/strong> 4,70\u00a0cm<\/span><\/li>\n<\/ul>\n<\/div>\n<\/div>\n<\/div>\n<\/div>\n<\/div>\n","protected":false},"excerpt":{"rendered":"<p>Pionnier dans le domaine de la coutellerie haut de gamme, ZWILLING J.A. Henckels fabrique des couteaux d&#8217;une qualit\u00e9 de fabrication exceptionnelle depuis 1731. Consid\u00e9r\u00e9e comme l&#8217;un des innovateurs de l&#8217;industrie, l&#8217;entreprise reste fid\u00e8le \u00e0 ses racines : un engagement fort pour la qualit\u00e9 et l&#8217;excellence<\/p>\n","protected":false},"featured_media":518601,"template":"","meta":{"_acf_changed":false,"inline_featured_image":false},"product_cat":[12742,14452,12748],"product_tag":[12838,12839,13621,15400,15772,15401],"acf":[],"yoast_head":"<!-- This site is optimized with the Yoast SEO Premium plugin v18.6 (Yoast SEO v19.13) - https:\/\/yoast.com\/wordpress\/plugins\/seo\/ -->\n<title>ZWILLING Profile Couteau de chef 20 cm - Erresse Shop<\/title>\n<meta name=\"description\" content=\"Pionnier dans le domaine de la coutellerie haut de gamme, ZWILLING J.A. Henckels fabrique des couteaux d&#039;une qualit\u00e9 de fabrication exceptionnelle depuis 1731. Consid\u00e9r\u00e9e comme l&#039;un des innovateurs de l&#039;industrie, l&#039;entreprise reste fid\u00e8le \u00e0 ses racines : un engagement fort pour la qualit\u00e9 et l&#039;excellence\" \/>\n<meta name=\"robots\" content=\"index, follow, max-snippet:-1, max-image-preview:large, max-video-preview:-1\" \/>\n<link rel=\"canonical\" href=\"https:\/\/www.erresse-shop.it\/fr\/shop\/cuisine\/couteaux\/zwilling-profile-couteau-de-chef-20-cm\/\" \/>\n<meta property=\"og:locale\" content=\"fr_FR\" \/>\n<meta property=\"og:type\" content=\"article\" \/>\n<meta property=\"og:title\" content=\"ZWILLING Profile Couteau de chef 20 cm\" \/>\n<meta property=\"og:description\" content=\"Pionnier dans le domaine de la coutellerie haut de gamme, ZWILLING J.A. Henckels fabrique des couteaux d&#039;une qualit\u00e9 de fabrication exceptionnelle depuis 1731. Consid\u00e9r\u00e9e comme l&#039;un des innovateurs de l&#039;industrie, l&#039;entreprise reste fid\u00e8le \u00e0 ses racines : un engagement fort pour la qualit\u00e9 et l&#039;excellence\" \/>\n<meta property=\"og:url\" content=\"https:\/\/www.erresse-shop.it\/fr\/shop\/cuisine\/couteaux\/zwilling-profile-couteau-de-chef-20-cm\/\" \/>\n<meta property=\"og:site_name\" content=\"Erresse Shop\" \/>\n<meta property=\"article:modified_time\" content=\"2025-12-03T11:46:38+00:00\" \/>\n<meta property=\"og:image\" content=\"https:\/\/www.erresse-shop.it\/wp-content\/uploads\/2025\/12\/ZWILLING-Profile-Coltello-da-Chef-20-cm.jpg\" \/>\n\t<meta property=\"og:image:width\" content=\"1200\" \/>\n\t<meta property=\"og:image:height\" content=\"1200\" \/>\n\t<meta property=\"og:image:type\" content=\"image\/jpeg\" \/>\n<meta name=\"twitter:card\" content=\"summary_large_image\" \/>\n<script type=\"application\/ld+json\" class=\"yoast-schema-graph\">{\"@context\":\"https:\/\/schema.org\",\"@graph\":[{\"@type\":\"WebPage\",\"@id\":\"https:\/\/www.erresse-shop.it\/fr\/shop\/cuisine\/couteaux\/zwilling-profile-couteau-de-chef-20-cm\/\",\"url\":\"https:\/\/www.erresse-shop.it\/fr\/shop\/cuisine\/couteaux\/zwilling-profile-couteau-de-chef-20-cm\/\",\"name\":\"ZWILLING Profile Couteau de chef 20 cm - Erresse Shop\",\"isPartOf\":{\"@id\":\"https:\/\/www.erresse-shop.it\/fr\/#website\"},\"datePublished\":\"2025-12-03T11:31:05+00:00\",\"dateModified\":\"2025-12-03T11:46:38+00:00\",\"description\":\"Pionnier dans le domaine de la coutellerie haut de gamme, ZWILLING J.A. Henckels fabrique des couteaux d'une qualit\u00e9 de fabrication exceptionnelle depuis 1731. Consid\u00e9r\u00e9e comme l'un des innovateurs de l'industrie, l'entreprise reste fid\u00e8le \u00e0 ses racines : un engagement fort pour la qualit\u00e9 et l'excellence\",\"breadcrumb\":{\"@id\":\"https:\/\/www.erresse-shop.it\/fr\/shop\/cuisine\/couteaux\/zwilling-profile-couteau-de-chef-20-cm\/#breadcrumb\"},\"inLanguage\":\"fr-FR\",\"potentialAction\":[{\"@type\":\"ReadAction\",\"target\":[\"https:\/\/www.erresse-shop.it\/fr\/shop\/cuisine\/couteaux\/zwilling-profile-couteau-de-chef-20-cm\/\"]}]},{\"@type\":\"BreadcrumbList\",\"@id\":\"https:\/\/www.erresse-shop.it\/fr\/shop\/cuisine\/couteaux\/zwilling-profile-couteau-de-chef-20-cm\/#breadcrumb\",\"itemListElement\":[{\"@type\":\"ListItem\",\"position\":1,\"name\":\"Home\",\"item\":\"https:\/\/www.erresse-shop.it\/fr\/\"},{\"@type\":\"ListItem\",\"position\":2,\"name\":\"Shop\",\"item\":\"https:\/\/www.erresse-shop.it\/fr\/shop\/\"},{\"@type\":\"ListItem\",\"position\":3,\"name\":\"ZWILLING Profile Couteau de chef 20 cm\"}]},{\"@type\":\"WebSite\",\"@id\":\"https:\/\/www.erresse-shop.it\/fr\/#website\",\"url\":\"https:\/\/www.erresse-shop.it\/fr\/\",\"name\":\"Erresse Shop\",\"description\":\"Articoli di qualit\u00e0 per la casa\",\"potentialAction\":[{\"@type\":\"SearchAction\",\"target\":{\"@type\":\"EntryPoint\",\"urlTemplate\":\"https:\/\/www.erresse-shop.it\/fr\/?s={search_term_string}\"},\"query-input\":\"required name=search_term_string\"}],\"inLanguage\":\"fr-FR\"}]}<\/script>\n<!-- \/ Yoast SEO Premium plugin. -->","yoast_head_json":{"title":"ZWILLING Profile Couteau de chef 20 cm - Erresse Shop","description":"Pionnier dans le domaine de la coutellerie haut de gamme, ZWILLING J.A. Henckels fabrique des couteaux d'une qualit\u00e9 de fabrication exceptionnelle depuis 1731. Consid\u00e9r\u00e9e comme l'un des innovateurs de l'industrie, l'entreprise reste fid\u00e8le \u00e0 ses racines : un engagement fort pour la qualit\u00e9 et l'excellence","robots":{"index":"index","follow":"follow","max-snippet":"max-snippet:-1","max-image-preview":"max-image-preview:large","max-video-preview":"max-video-preview:-1"},"canonical":"https:\/\/www.erresse-shop.it\/fr\/shop\/cuisine\/couteaux\/zwilling-profile-couteau-de-chef-20-cm\/","og_locale":"fr_FR","og_type":"article","og_title":"ZWILLING Profile Couteau de chef 20 cm","og_description":"Pionnier dans le domaine de la coutellerie haut de gamme, ZWILLING J.A. Henckels fabrique des couteaux d'une qualit\u00e9 de fabrication exceptionnelle depuis 1731. Consid\u00e9r\u00e9e comme l'un des innovateurs de l'industrie, l'entreprise reste fid\u00e8le \u00e0 ses racines : un engagement fort pour la qualit\u00e9 et l'excellence","og_url":"https:\/\/www.erresse-shop.it\/fr\/shop\/cuisine\/couteaux\/zwilling-profile-couteau-de-chef-20-cm\/","og_site_name":"Erresse Shop","article_modified_time":"2025-12-03T11:46:38+00:00","og_image":[{"width":1200,"height":1200,"url":"https:\/\/www.erresse-shop.it\/wp-content\/uploads\/2025\/12\/ZWILLING-Profile-Coltello-da-Chef-20-cm.jpg","type":"image\/jpeg"}],"twitter_card":"summary_large_image","schema":{"@context":"https:\/\/schema.org","@graph":[{"@type":"WebPage","@id":"https:\/\/www.erresse-shop.it\/fr\/shop\/cuisine\/couteaux\/zwilling-profile-couteau-de-chef-20-cm\/","url":"https:\/\/www.erresse-shop.it\/fr\/shop\/cuisine\/couteaux\/zwilling-profile-couteau-de-chef-20-cm\/","name":"ZWILLING Profile Couteau de chef 20 cm - Erresse Shop","isPartOf":{"@id":"https:\/\/www.erresse-shop.it\/fr\/#website"},"datePublished":"2025-12-03T11:31:05+00:00","dateModified":"2025-12-03T11:46:38+00:00","description":"Pionnier dans le domaine de la coutellerie haut de gamme, ZWILLING J.A. Henckels fabrique des couteaux d'une qualit\u00e9 de fabrication exceptionnelle depuis 1731. Consid\u00e9r\u00e9e comme l'un des innovateurs de l'industrie, l'entreprise reste fid\u00e8le \u00e0 ses racines : un engagement fort pour la qualit\u00e9 et l'excellence","breadcrumb":{"@id":"https:\/\/www.erresse-shop.it\/fr\/shop\/cuisine\/couteaux\/zwilling-profile-couteau-de-chef-20-cm\/#breadcrumb"},"inLanguage":"fr-FR","potentialAction":[{"@type":"ReadAction","target":["https:\/\/www.erresse-shop.it\/fr\/shop\/cuisine\/couteaux\/zwilling-profile-couteau-de-chef-20-cm\/"]}]},{"@type":"BreadcrumbList","@id":"https:\/\/www.erresse-shop.it\/fr\/shop\/cuisine\/couteaux\/zwilling-profile-couteau-de-chef-20-cm\/#breadcrumb","itemListElement":[{"@type":"ListItem","position":1,"name":"Home","item":"https:\/\/www.erresse-shop.it\/fr\/"},{"@type":"ListItem","position":2,"name":"Shop","item":"https:\/\/www.erresse-shop.it\/fr\/shop\/"},{"@type":"ListItem","position":3,"name":"ZWILLING Profile Couteau de chef 20 cm"}]},{"@type":"WebSite","@id":"https:\/\/www.erresse-shop.it\/fr\/#website","url":"https:\/\/www.erresse-shop.it\/fr\/","name":"Erresse Shop","description":"Articoli di qualit\u00e0 per la casa","potentialAction":[{"@type":"SearchAction","target":{"@type":"EntryPoint","urlTemplate":"https:\/\/www.erresse-shop.it\/fr\/?s={search_term_string}"},"query-input":"required name=search_term_string"}],"inLanguage":"fr-FR"}]}},"df_price":54.95,"df_sale_price":54.95,"df_regular_price":84.95,"df_image_link":"https:\/\/www.erresse-shop.it\/wp-content\/uploads\/2025\/12\/ZWILLING-Profile-Coltello-da-Chef-20-cm-300x300.jpg","_links":{"self":[{"href":"https:\/\/www.erresse-shop.it\/fr\/wp-json\/wp\/v2\/product\/518593"}],"collection":[{"href":"https:\/\/www.erresse-shop.it\/fr\/wp-json\/wp\/v2\/product"}],"about":[{"href":"https:\/\/www.erresse-shop.it\/fr\/wp-json\/wp\/v2\/types\/product"}],"wp:featuredmedia":[{"embeddable":true,"href":"https:\/\/www.erresse-shop.it\/fr\/wp-json\/wp\/v2\/media\/518601"}],"wp:attachment":[{"href":"https:\/\/www.erresse-shop.it\/fr\/wp-json\/wp\/v2\/media?parent=518593"}],"wp:term":[{"taxonomy":"product_cat","embeddable":true,"href":"https:\/\/www.erresse-shop.it\/fr\/wp-json\/wp\/v2\/product_cat?post=518593"},{"taxonomy":"product_tag","embeddable":true,"href":"https:\/\/www.erresse-shop.it\/fr\/wp-json\/wp\/v2\/product_tag?post=518593"}],"curies":[{"name":"wp","href":"https:\/\/api.w.org\/{rel}","templated":true}]}}